{"id":18855,"date":"2025-08-30T13:36:28","date_gmt":"2025-08-30T11:36:28","guid":{"rendered":"https:\/\/hexagodis.com\/?post_type=product&#038;p=18855"},"modified":"2025-08-30T13:36:54","modified_gmt":"2025-08-30T11:36:54","slug":"apple-macbook-air-m2-2022-lumiere-stellaire-mly13fn-a","status":"publish","type":"product","link":"https:\/\/hexagodis.com\/index.php\/produit\/apple-macbook-air-m2-2022-lumiere-stellaire-mly13fn-a\/","title":{"rendered":"Apple MacBook Air M2 (2022) Lumi\u00e8re stellaire (MLY13FN\/A)"},"content":{"rendered":"<p class=\"mb-4 d-none d-md-block text-justify\">Le plus l\u00e9ger des MacBook revient dans sa nouvelle version avec le Apple MacBook Air (MLY13FN\/A) en coloris Lumi\u00e8re stellaire ! R\u00e9alis\u00e9 dans un aluminium 100% recycl\u00e9, il int\u00e8gre la toute nouvelle puce Apple M2, 8 Go de RAM ainsi qu&rsquo;un SSD de 256 Go en plus d&rsquo;un magnifique \u00e9cran 13,6 pouces Liquid Retina. Le tout pour un poids plume de 1,24 kg qui finira de vous convaincre de faire de lui votre partenaire num\u00e9rique !<\/p>\n<div class=\"product-variants\">\n<div class=\"row\">\n<div class=\"col-12\">\n<p class=\"variant-group-name\" data-toggle=\"modal\" data-target=\"#modalProductVariants\">Couleur (4) :\u00a0<span class=\"font-weight-bold\">Or<\/span><\/p>\n<\/div>\n<\/div>\n<\/div>\n","protected":false},"excerpt":{"rendered":"<div class=\"col-12 col-md-9\">\n<h2 class=\"c-product__specs\">Bureautique, 13.6&Prime;, Apple M2 GPU 8 coeurs, RAM 8 Go, SSD 256 Go, Mac OS Monterey, 1,24 kg<\/h2>\n<\/div>\n<div class=\"d-none d-md-block col-md-3\"><\/div>\n","protected":false},"featured_media":18925,"comment_status":"closed","ping_status":"closed","template":"","meta":[],"product_brand":[],"product_cat":[279,280],"product_tag":[],"class_list":{"0":"post-18855","1":"product","2":"type-product","3":"status-publish","4":"has-post-thumbnail","6":"product_cat-informatique","7":"product_cat-ordinateur-portable","9":"first","10":"instock","11":"taxable","12":"shipping-taxable","13":"purchasable","14":"product-type-simple"},"yoast_head":"<!-- This site is optimized with the Yoast SEO plugin v24.8.1 - https:\/\/yoast.com\/wordpress\/plugins\/seo\/ -->\n<title>Apple MacBook Air M2 (2022) Lumi\u00e8re stellaire (MLY13FN\/A) - Hexagodis<\/title>\n<meta name=\"robots\" content=\"index, follow, max-snippet:-1, max-image-preview:large, max-video-preview:-1\" \/>\n<link rel=\"canonical\" href=\"https:\/\/hexagodis.com\/index.php\/produit\/apple-macbook-air-m2-2022-lumiere-stellaire-mly13fn-a\/\" \/>\n<meta property=\"og:locale\" content=\"fr_FR\" \/>\n<meta property=\"og:type\" content=\"article\" \/>\n<meta property=\"og:title\" content=\"Apple MacBook Air M2 (2022) Lumi\u00e8re stellaire (MLY13FN\/A) - Hexagodis\" \/>\n<meta property=\"og:description\" content=\"Bureautique, 13.6&quot;, Apple M2 GPU 8 coeurs, RAM 8 Go, SSD 256 Go, Mac OS Monterey, 1,24 kg\" \/>\n<meta property=\"og:url\" content=\"https:\/\/hexagodis.com\/index.php\/produit\/apple-macbook-air-m2-2022-lumiere-stellaire-mly13fn-a\/\" \/>\n<meta property=\"og:site_name\" content=\"Hexagodis\" \/>\n<meta property=\"article:modified_time\" content=\"2025-08-30T11:36:54+00:00\" \/>\n<meta name=\"twitter:card\" content=\"summary_large_image\" \/>\n<script type=\"application\/ld+json\" class=\"yoast-schema-graph\">{\"@context\":\"https:\/\/schema.org\",\"@graph\":[{\"@type\":\"WebPage\",\"@id\":\"https:\/\/hexagodis.com\/index.php\/produit\/apple-macbook-air-m2-2022-lumiere-stellaire-mly13fn-a\/\",\"url\":\"https:\/\/hexagodis.com\/index.php\/produit\/apple-macbook-air-m2-2022-lumiere-stellaire-mly13fn-a\/\",\"name\":\"Apple MacBook Air M2 (2022) Lumi\u00e8re stellaire (MLY13FN\/A) - Hexagodis\",\"isPartOf\":{\"@id\":\"https:\/\/hexagodis.com\/#website\"},\"primaryImageOfPage\":{\"@id\":\"https:\/\/hexagodis.com\/index.php\/produit\/apple-macbook-air-m2-2022-lumiere-stellaire-mly13fn-a\/#primaryimage\"},\"image\":{\"@id\":\"https:\/\/hexagodis.com\/index.php\/produit\/apple-macbook-air-m2-2022-lumiere-stellaire-mly13fn-a\/#primaryimage\"},\"thumbnailUrl\":\"https:\/\/hexagodis.com\/wp-content\/uploads\/2025\/08\/MN0005962401.jpg\",\"datePublished\":\"2025-08-30T11:36:28+00:00\",\"dateModified\":\"2025-08-30T11:36:54+00:00\",\"breadcrumb\":{\"@id\":\"https:\/\/hexagodis.com\/index.php\/produit\/apple-macbook-air-m2-2022-lumiere-stellaire-mly13fn-a\/#breadcrumb\"},\"inLanguage\":\"fr-FR\",\"potentialAction\":[{\"@type\":\"ReadAction\",\"target\":[\"https:\/\/hexagodis.com\/index.php\/produit\/apple-macbook-air-m2-2022-lumiere-stellaire-mly13fn-a\/\"]}]},{\"@type\":\"ImageObject\",\"inLanguage\":\"fr-FR\",\"@id\":\"https:\/\/hexagodis.com\/index.php\/produit\/apple-macbook-air-m2-2022-lumiere-stellaire-mly13fn-a\/#primaryimage\",\"url\":\"https:\/\/hexagodis.com\/wp-content\/uploads\/2025\/08\/MN0005962401.jpg\",\"contentUrl\":\"https:\/\/hexagodis.com\/wp-content\/uploads\/2025\/08\/MN0005962401.jpg\",\"width\":550,\"height\":550},{\"@type\":\"BreadcrumbList\",\"@id\":\"https:\/\/hexagodis.com\/index.php\/produit\/apple-macbook-air-m2-2022-lumiere-stellaire-mly13fn-a\/#breadcrumb\",\"itemListElement\":[{\"@type\":\"ListItem\",\"position\":1,\"name\":\"Accueil\",\"item\":\"https:\/\/hexagodis.com\/\"},{\"@type\":\"ListItem\",\"position\":2,\"name\":\"Boutique\",\"item\":\"https:\/\/hexagodis.com\/index.php\/boutique\/\"},{\"@type\":\"ListItem\",\"position\":3,\"name\":\"Apple MacBook Air M2 (2022) Lumi\u00e8re stellaire (MLY13FN\/A)\"}]},{\"@type\":\"WebSite\",\"@id\":\"https:\/\/hexagodis.com\/#website\",\"url\":\"https:\/\/hexagodis.com\/\",\"name\":\"Hexagodis\",\"description\":\"Mat\u00e9riel de sport &amp; \u00e9quipement sportif\",\"potentialAction\":[{\"@type\":\"SearchAction\",\"target\":{\"@type\":\"EntryPoint\",\"urlTemplate\":\"https:\/\/hexagodis.com\/?s={search_term_string}\"},\"query-input\":{\"@type\":\"PropertyValueSpecification\",\"valueRequired\":true,\"valueName\":\"search_term_string\"}}],\"inLanguage\":\"fr-FR\"}]}<\/script>\n<!-- \/ Yoast SEO plugin. -->","yoast_head_json":{"title":"Apple MacBook Air M2 (2022) Lumi\u00e8re stellaire (MLY13FN\/A) - Hexagodis","robots":{"index":"index","follow":"follow","max-snippet":"max-snippet:-1","max-image-preview":"max-image-preview:large","max-video-preview":"max-video-preview:-1"},"canonical":"https:\/\/hexagodis.com\/index.php\/produit\/apple-macbook-air-m2-2022-lumiere-stellaire-mly13fn-a\/","og_locale":"fr_FR","og_type":"article","og_title":"Apple MacBook Air M2 (2022) Lumi\u00e8re stellaire (MLY13FN\/A) - Hexagodis","og_description":"Bureautique, 13.6\", Apple M2 GPU 8 coeurs, RAM 8 Go, SSD 256 Go, Mac OS Monterey, 1,24 kg","og_url":"https:\/\/hexagodis.com\/index.php\/produit\/apple-macbook-air-m2-2022-lumiere-stellaire-mly13fn-a\/","og_site_name":"Hexagodis","article_modified_time":"2025-08-30T11:36:54+00:00","twitter_card":"summary_large_image","schema":{"@context":"https:\/\/schema.org","@graph":[{"@type":"WebPage","@id":"https:\/\/hexagodis.com\/index.php\/produit\/apple-macbook-air-m2-2022-lumiere-stellaire-mly13fn-a\/","url":"https:\/\/hexagodis.com\/index.php\/produit\/apple-macbook-air-m2-2022-lumiere-stellaire-mly13fn-a\/","name":"Apple MacBook Air M2 (2022) Lumi\u00e8re stellaire (MLY13FN\/A) - Hexagodis","isPartOf":{"@id":"https:\/\/hexagodis.com\/#website"},"primaryImageOfPage":{"@id":"https:\/\/hexagodis.com\/index.php\/produit\/apple-macbook-air-m2-2022-lumiere-stellaire-mly13fn-a\/#primaryimage"},"image":{"@id":"https:\/\/hexagodis.com\/index.php\/produit\/apple-macbook-air-m2-2022-lumiere-stellaire-mly13fn-a\/#primaryimage"},"thumbnailUrl":"https:\/\/hexagodis.com\/wp-content\/uploads\/2025\/08\/MN0005962401.jpg","datePublished":"2025-08-30T11:36:28+00:00","dateModified":"2025-08-30T11:36:54+00:00","breadcrumb":{"@id":"https:\/\/hexagodis.com\/index.php\/produit\/apple-macbook-air-m2-2022-lumiere-stellaire-mly13fn-a\/#breadcrumb"},"inLanguage":"fr-FR","potentialAction":[{"@type":"ReadAction","target":["https:\/\/hexagodis.com\/index.php\/produit\/apple-macbook-air-m2-2022-lumiere-stellaire-mly13fn-a\/"]}]},{"@type":"ImageObject","inLanguage":"fr-FR","@id":"https:\/\/hexagodis.com\/index.php\/produit\/apple-macbook-air-m2-2022-lumiere-stellaire-mly13fn-a\/#primaryimage","url":"https:\/\/hexagodis.com\/wp-content\/uploads\/2025\/08\/MN0005962401.jpg","contentUrl":"https:\/\/hexagodis.com\/wp-content\/uploads\/2025\/08\/MN0005962401.jpg","width":550,"height":550},{"@type":"BreadcrumbList","@id":"https:\/\/hexagodis.com\/index.php\/produit\/apple-macbook-air-m2-2022-lumiere-stellaire-mly13fn-a\/#breadcrumb","itemListElement":[{"@type":"ListItem","position":1,"name":"Accueil","item":"https:\/\/hexagodis.com\/"},{"@type":"ListItem","position":2,"name":"Boutique","item":"https:\/\/hexagodis.com\/index.php\/boutique\/"},{"@type":"ListItem","position":3,"name":"Apple MacBook Air M2 (2022) Lumi\u00e8re stellaire (MLY13FN\/A)"}]},{"@type":"WebSite","@id":"https:\/\/hexagodis.com\/#website","url":"https:\/\/hexagodis.com\/","name":"Hexagodis","description":"Mat\u00e9riel de sport &amp; \u00e9quipement sportif","potentialAction":[{"@type":"SearchAction","target":{"@type":"EntryPoint","urlTemplate":"https:\/\/hexagodis.com\/?s={search_term_string}"},"query-input":{"@type":"PropertyValueSpecification","valueRequired":true,"valueName":"search_term_string"}}],"inLanguage":"fr-FR"}]}},"_links":{"self":[{"href":"https:\/\/hexagodis.com\/index.php\/wp-json\/wp\/v2\/product\/18855","targetHints":{"allow":["GET"]}}],"collection":[{"href":"https:\/\/hexagodis.com\/index.php\/wp-json\/wp\/v2\/product"}],"about":[{"href":"https:\/\/hexagodis.com\/index.php\/wp-json\/wp\/v2\/types\/product"}],"replies":[{"embeddable":true,"href":"https:\/\/hexagodis.com\/index.php\/wp-json\/wp\/v2\/comments?post=18855"}],"version-history":[{"count":1,"href":"https:\/\/hexagodis.com\/index.php\/wp-json\/wp\/v2\/product\/18855\/revisions"}],"predecessor-version":[{"id":18926,"href":"https:\/\/hexagodis.com\/index.php\/wp-json\/wp\/v2\/product\/18855\/revisions\/18926"}],"wp:featuredmedia":[{"embeddable":true,"href":"https:\/\/hexagodis.com\/index.php\/wp-json\/wp\/v2\/media\/18925"}],"wp:attachment":[{"href":"https:\/\/hexagodis.com\/index.php\/wp-json\/wp\/v2\/media?parent=18855"}],"wp:term":[{"taxonomy":"product_brand","embeddable":true,"href":"https:\/\/hexagodis.com\/index.php\/wp-json\/wp\/v2\/product_brand?post=18855"},{"taxonomy":"product_cat","embeddable":true,"href":"https:\/\/hexagodis.com\/index.php\/wp-json\/wp\/v2\/product_cat?post=18855"},{"taxonomy":"product_tag","embeddable":true,"href":"https:\/\/hexagodis.com\/index.php\/wp-json\/wp\/v2\/product_tag?post=18855"}],"curies":[{"name":"wp","href":"https:\/\/api.w.org\/{rel}","templated":true}]}}