{"id":18846,"date":"2025-08-30T13:36:27","date_gmt":"2025-08-30T11:36:27","guid":{"rendered":"https:\/\/hexagodis.com\/?post_type=product&#038;p=18846"},"modified":"2025-08-30T13:36:43","modified_gmt":"2025-08-30T11:36:43","slug":"hp-250-g9-6s7p8ea","status":"publish","type":"product","link":"https:\/\/hexagodis.com\/index.php\/produit\/hp-250-g9-6s7p8ea\/","title":{"rendered":"HP 250 G9 (6S7P8EA)"},"content":{"rendered":"<p>Le HP 250 G9 (6S7P8EA) est un ordinateur portable qui se d\u00e9die aux professionnels en qu\u00eate de mobilit\u00e9 et de performance. Son ch\u00e2ssis int\u00e8gre un confortable \u00e9cran de 15,6 pouces Full HD. Dot\u00e9 d&rsquo;un processeur Intel Core i3 et de 8 Go de RAM, il vous apportera toute la r\u00e9activit\u00e9 dont vous avez besoin au quotidien. Son SSD de 256 Go vous permettra quant \u00e0 lui de stocker vos diff\u00e9rents fichiers et de doper sa r\u00e9activit\u00e9 globale. Le tout sous syst\u00e8me d&rsquo;exploitation Microsoft Windows 11 Professionnel.<\/p>\n","protected":false},"excerpt":{"rendered":"<div class=\"col-12 col-md-9\">\n<h2 class=\"c-product__specs\">Bureautique, 15.6&Prime;, Full HD, Core i3-1215U, RAM 8 Go, SSD 256 Go, Windows 11 Pro, 1,74 kg<\/h2>\n<\/div>\n<div class=\"d-none d-md-block col-md-3\"><\/div>\n","protected":false},"featured_media":18897,"comment_status":"closed","ping_status":"closed","template":"","meta":[],"product_brand":[],"product_cat":[279,280],"product_tag":[],"class_list":{"0":"post-18846","1":"product","2":"type-product","3":"status-publish","4":"has-post-thumbnail","6":"product_cat-informatique","7":"product_cat-ordinateur-portable","9":"first","10":"instock","11":"taxable","12":"shipping-taxable","13":"purchasable","14":"product-type-simple"},"yoast_head":"<!-- This site is optimized with the Yoast SEO plugin v24.8.1 - https:\/\/yoast.com\/wordpress\/plugins\/seo\/ -->\n<title>HP 250 G9 (6S7P8EA) - Hexagodis<\/title>\n<meta name=\"robots\" content=\"index, follow, max-snippet:-1, max-image-preview:large, max-video-preview:-1\" \/>\n<link rel=\"canonical\" href=\"https:\/\/hexagodis.com\/index.php\/produit\/hp-250-g9-6s7p8ea\/\" \/>\n<meta property=\"og:locale\" content=\"fr_FR\" \/>\n<meta property=\"og:type\" content=\"article\" \/>\n<meta property=\"og:title\" content=\"HP 250 G9 (6S7P8EA) - Hexagodis\" \/>\n<meta property=\"og:description\" content=\"Bureautique, 15.6&quot;, Full HD, Core i3-1215U, RAM 8 Go, SSD 256 Go, Windows 11 Pro, 1,74 kg\" \/>\n<meta property=\"og:url\" content=\"https:\/\/hexagodis.com\/index.php\/produit\/hp-250-g9-6s7p8ea\/\" \/>\n<meta property=\"og:site_name\" content=\"Hexagodis\" \/>\n<meta property=\"article:modified_time\" content=\"2025-08-30T11:36:43+00:00\" \/>\n<meta name=\"twitter:card\" content=\"summary_large_image\" \/>\n<script type=\"application\/ld+json\" class=\"yoast-schema-graph\">{\"@context\":\"https:\/\/schema.org\",\"@graph\":[{\"@type\":\"WebPage\",\"@id\":\"https:\/\/hexagodis.com\/index.php\/produit\/hp-250-g9-6s7p8ea\/\",\"url\":\"https:\/\/hexagodis.com\/index.php\/produit\/hp-250-g9-6s7p8ea\/\",\"name\":\"HP 250 G9 (6S7P8EA) - Hexagodis\",\"isPartOf\":{\"@id\":\"https:\/\/hexagodis.com\/#website\"},\"primaryImageOfPage\":{\"@id\":\"https:\/\/hexagodis.com\/index.php\/produit\/hp-250-g9-6s7p8ea\/#primaryimage\"},\"image\":{\"@id\":\"https:\/\/hexagodis.com\/index.php\/produit\/hp-250-g9-6s7p8ea\/#primaryimage\"},\"thumbnailUrl\":\"https:\/\/hexagodis.com\/wp-content\/uploads\/2025\/08\/MN0006052042_0006073828_0006077727.jpg\",\"datePublished\":\"2025-08-30T11:36:27+00:00\",\"dateModified\":\"2025-08-30T11:36:43+00:00\",\"breadcrumb\":{\"@id\":\"https:\/\/hexagodis.com\/index.php\/produit\/hp-250-g9-6s7p8ea\/#breadcrumb\"},\"inLanguage\":\"fr-FR\",\"potentialAction\":[{\"@type\":\"ReadAction\",\"target\":[\"https:\/\/hexagodis.com\/index.php\/produit\/hp-250-g9-6s7p8ea\/\"]}]},{\"@type\":\"ImageObject\",\"inLanguage\":\"fr-FR\",\"@id\":\"https:\/\/hexagodis.com\/index.php\/produit\/hp-250-g9-6s7p8ea\/#primaryimage\",\"url\":\"https:\/\/hexagodis.com\/wp-content\/uploads\/2025\/08\/MN0006052042_0006073828_0006077727.jpg\",\"contentUrl\":\"https:\/\/hexagodis.com\/wp-content\/uploads\/2025\/08\/MN0006052042_0006073828_0006077727.jpg\",\"width\":550,\"height\":550},{\"@type\":\"BreadcrumbList\",\"@id\":\"https:\/\/hexagodis.com\/index.php\/produit\/hp-250-g9-6s7p8ea\/#breadcrumb\",\"itemListElement\":[{\"@type\":\"ListItem\",\"position\":1,\"name\":\"Accueil\",\"item\":\"https:\/\/hexagodis.com\/\"},{\"@type\":\"ListItem\",\"position\":2,\"name\":\"Boutique\",\"item\":\"https:\/\/hexagodis.com\/index.php\/boutique\/\"},{\"@type\":\"ListItem\",\"position\":3,\"name\":\"HP 250 G9 (6S7P8EA)\"}]},{\"@type\":\"WebSite\",\"@id\":\"https:\/\/hexagodis.com\/#website\",\"url\":\"https:\/\/hexagodis.com\/\",\"name\":\"Hexagodis\",\"description\":\"Mat\u00e9riel de sport &amp; \u00e9quipement sportif\",\"potentialAction\":[{\"@type\":\"SearchAction\",\"target\":{\"@type\":\"EntryPoint\",\"urlTemplate\":\"https:\/\/hexagodis.com\/?s={search_term_string}\"},\"query-input\":{\"@type\":\"PropertyValueSpecification\",\"valueRequired\":true,\"valueName\":\"search_term_string\"}}],\"inLanguage\":\"fr-FR\"}]}<\/script>\n<!-- \/ Yoast SEO plugin. -->","yoast_head_json":{"title":"HP 250 G9 (6S7P8EA) - Hexagodis","robots":{"index":"index","follow":"follow","max-snippet":"max-snippet:-1","max-image-preview":"max-image-preview:large","max-video-preview":"max-video-preview:-1"},"canonical":"https:\/\/hexagodis.com\/index.php\/produit\/hp-250-g9-6s7p8ea\/","og_locale":"fr_FR","og_type":"article","og_title":"HP 250 G9 (6S7P8EA) - Hexagodis","og_description":"Bureautique, 15.6\", Full HD, Core i3-1215U, RAM 8 Go, SSD 256 Go, Windows 11 Pro, 1,74 kg","og_url":"https:\/\/hexagodis.com\/index.php\/produit\/hp-250-g9-6s7p8ea\/","og_site_name":"Hexagodis","article_modified_time":"2025-08-30T11:36:43+00:00","twitter_card":"summary_large_image","schema":{"@context":"https:\/\/schema.org","@graph":[{"@type":"WebPage","@id":"https:\/\/hexagodis.com\/index.php\/produit\/hp-250-g9-6s7p8ea\/","url":"https:\/\/hexagodis.com\/index.php\/produit\/hp-250-g9-6s7p8ea\/","name":"HP 250 G9 (6S7P8EA) - Hexagodis","isPartOf":{"@id":"https:\/\/hexagodis.com\/#website"},"primaryImageOfPage":{"@id":"https:\/\/hexagodis.com\/index.php\/produit\/hp-250-g9-6s7p8ea\/#primaryimage"},"image":{"@id":"https:\/\/hexagodis.com\/index.php\/produit\/hp-250-g9-6s7p8ea\/#primaryimage"},"thumbnailUrl":"https:\/\/hexagodis.com\/wp-content\/uploads\/2025\/08\/MN0006052042_0006073828_0006077727.jpg","datePublished":"2025-08-30T11:36:27+00:00","dateModified":"2025-08-30T11:36:43+00:00","breadcrumb":{"@id":"https:\/\/hexagodis.com\/index.php\/produit\/hp-250-g9-6s7p8ea\/#breadcrumb"},"inLanguage":"fr-FR","potentialAction":[{"@type":"ReadAction","target":["https:\/\/hexagodis.com\/index.php\/produit\/hp-250-g9-6s7p8ea\/"]}]},{"@type":"ImageObject","inLanguage":"fr-FR","@id":"https:\/\/hexagodis.com\/index.php\/produit\/hp-250-g9-6s7p8ea\/#primaryimage","url":"https:\/\/hexagodis.com\/wp-content\/uploads\/2025\/08\/MN0006052042_0006073828_0006077727.jpg","contentUrl":"https:\/\/hexagodis.com\/wp-content\/uploads\/2025\/08\/MN0006052042_0006073828_0006077727.jpg","width":550,"height":550},{"@type":"BreadcrumbList","@id":"https:\/\/hexagodis.com\/index.php\/produit\/hp-250-g9-6s7p8ea\/#breadcrumb","itemListElement":[{"@type":"ListItem","position":1,"name":"Accueil","item":"https:\/\/hexagodis.com\/"},{"@type":"ListItem","position":2,"name":"Boutique","item":"https:\/\/hexagodis.com\/index.php\/boutique\/"},{"@type":"ListItem","position":3,"name":"HP 250 G9 (6S7P8EA)"}]},{"@type":"WebSite","@id":"https:\/\/hexagodis.com\/#website","url":"https:\/\/hexagodis.com\/","name":"Hexagodis","description":"Mat\u00e9riel de sport &amp; \u00e9quipement sportif","potentialAction":[{"@type":"SearchAction","target":{"@type":"EntryPoint","urlTemplate":"https:\/\/hexagodis.com\/?s={search_term_string}"},"query-input":{"@type":"PropertyValueSpecification","valueRequired":true,"valueName":"search_term_string"}}],"inLanguage":"fr-FR"}]}},"_links":{"self":[{"href":"https:\/\/hexagodis.com\/index.php\/wp-json\/wp\/v2\/product\/18846","targetHints":{"allow":["GET"]}}],"collection":[{"href":"https:\/\/hexagodis.com\/index.php\/wp-json\/wp\/v2\/product"}],"about":[{"href":"https:\/\/hexagodis.com\/index.php\/wp-json\/wp\/v2\/types\/product"}],"replies":[{"embeddable":true,"href":"https:\/\/hexagodis.com\/index.php\/wp-json\/wp\/v2\/comments?post=18846"}],"version-history":[{"count":1,"href":"https:\/\/hexagodis.com\/index.php\/wp-json\/wp\/v2\/product\/18846\/revisions"}],"predecessor-version":[{"id":18898,"href":"https:\/\/hexagodis.com\/index.php\/wp-json\/wp\/v2\/product\/18846\/revisions\/18898"}],"wp:featuredmedia":[{"embeddable":true,"href":"https:\/\/hexagodis.com\/index.php\/wp-json\/wp\/v2\/media\/18897"}],"wp:attachment":[{"href":"https:\/\/hexagodis.com\/index.php\/wp-json\/wp\/v2\/media?parent=18846"}],"wp:term":[{"taxonomy":"product_brand","embeddable":true,"href":"https:\/\/hexagodis.com\/index.php\/wp-json\/wp\/v2\/product_brand?post=18846"},{"taxonomy":"product_cat","embeddable":true,"href":"https:\/\/hexagodis.com\/index.php\/wp-json\/wp\/v2\/product_cat?post=18846"},{"taxonomy":"product_tag","embeddable":true,"href":"https:\/\/hexagodis.com\/index.php\/wp-json\/wp\/v2\/product_tag?post=18846"}],"curies":[{"name":"wp","href":"https:\/\/api.w.org\/{rel}","templated":true}]}}