{"id":18843,"date":"2025-08-30T13:36:27","date_gmt":"2025-08-30T11:36:27","guid":{"rendered":"https:\/\/hexagodis.com\/?post_type=product&#038;p=18843"},"modified":"2025-08-30T13:36:39","modified_gmt":"2025-08-30T11:36:39","slug":"asus-vivobook-15-n1502za-lp1741w","status":"publish","type":"product","link":"https:\/\/hexagodis.com\/index.php\/produit\/asus-vivobook-15-n1502za-lp1741w\/","title":{"rendered":"ASUS VivoBook 15 N1502ZA-LP1741W"},"content":{"rendered":"<p>Le PC Portable Asus VivoBook 15 N1502IA-LP1741W vous propose une configuration id\u00e9ale pour de la bureautique journali\u00e8re \u00e0 co\u00fbt maitris\u00e9 ! Con\u00e7u autour d&rsquo;un processeur Intel Core i7 de g\u00e9n\u00e9ration Alder Lake, il embarque les composants indispensables \u00e0 un usage confortable de votre portable. Dalle IPS Full HD 144 Hz, RAM 16 Go et SSD 512 Go sont donc de la partie pour r\u00e9pondre ais\u00e9ment \u00e0 vos besoins quotidiens. Le tout sous syst\u00e8me d&rsquo;exploitation Microsoft Windows 11.<\/p>\n","protected":false},"excerpt":{"rendered":"<div class=\"col-12 col-md-9\">\n<p class=\"c-product__specs\">Bureautique, 15.6&Prime;, IPS, Full HD, 144 Hz, Core i7-12650H, RAM 16 Go, SSD 512 Go, Windows 11, 1,70 kg<\/p>\n<\/div>\n<p class=\"d-none d-md-block col-md-3\">\n","protected":false},"featured_media":18883,"comment_status":"closed","ping_status":"closed","template":"","meta":[],"product_brand":[],"product_cat":[279,280],"product_tag":[],"class_list":{"0":"post-18843","1":"product","2":"type-product","3":"status-publish","4":"has-post-thumbnail","6":"product_cat-informatique","7":"product_cat-ordinateur-portable","9":"first","10":"instock","11":"taxable","12":"shipping-taxable","13":"purchasable","14":"product-type-simple"},"yoast_head":"<!-- This site is optimized with the Yoast SEO plugin v24.8.1 - https:\/\/yoast.com\/wordpress\/plugins\/seo\/ -->\n<title>ASUS VivoBook 15 N1502ZA-LP1741W - Hexagodis<\/title>\n<meta name=\"robots\" content=\"index, follow, max-snippet:-1, max-image-preview:large, max-video-preview:-1\" \/>\n<link rel=\"canonical\" href=\"https:\/\/hexagodis.com\/index.php\/produit\/asus-vivobook-15-n1502za-lp1741w\/\" \/>\n<meta property=\"og:locale\" content=\"fr_FR\" \/>\n<meta property=\"og:type\" content=\"article\" \/>\n<meta property=\"og:title\" content=\"ASUS VivoBook 15 N1502ZA-LP1741W - Hexagodis\" \/>\n<meta property=\"og:description\" content=\"Bureautique, 15.6&quot;, IPS, Full HD, 144 Hz, Core i7-12650H, RAM 16 Go, SSD 512 Go, Windows 11, 1,70 kg\" \/>\n<meta property=\"og:url\" content=\"https:\/\/hexagodis.com\/index.php\/produit\/asus-vivobook-15-n1502za-lp1741w\/\" \/>\n<meta property=\"og:site_name\" content=\"Hexagodis\" \/>\n<meta property=\"article:modified_time\" content=\"2025-08-30T11:36:39+00:00\" \/>\n<meta name=\"twitter:card\" content=\"summary_large_image\" \/>\n<script type=\"application\/ld+json\" class=\"yoast-schema-graph\">{\"@context\":\"https:\/\/schema.org\",\"@graph\":[{\"@type\":\"WebPage\",\"@id\":\"https:\/\/hexagodis.com\/index.php\/produit\/asus-vivobook-15-n1502za-lp1741w\/\",\"url\":\"https:\/\/hexagodis.com\/index.php\/produit\/asus-vivobook-15-n1502za-lp1741w\/\",\"name\":\"ASUS VivoBook 15 N1502ZA-LP1741W - Hexagodis\",\"isPartOf\":{\"@id\":\"https:\/\/hexagodis.com\/#website\"},\"primaryImageOfPage\":{\"@id\":\"https:\/\/hexagodis.com\/index.php\/produit\/asus-vivobook-15-n1502za-lp1741w\/#primaryimage\"},\"image\":{\"@id\":\"https:\/\/hexagodis.com\/index.php\/produit\/asus-vivobook-15-n1502za-lp1741w\/#primaryimage\"},\"thumbnailUrl\":\"https:\/\/hexagodis.com\/wp-content\/uploads\/2025\/08\/MN0005981546_0006071190.jpg\",\"datePublished\":\"2025-08-30T11:36:27+00:00\",\"dateModified\":\"2025-08-30T11:36:39+00:00\",\"breadcrumb\":{\"@id\":\"https:\/\/hexagodis.com\/index.php\/produit\/asus-vivobook-15-n1502za-lp1741w\/#breadcrumb\"},\"inLanguage\":\"fr-FR\",\"potentialAction\":[{\"@type\":\"ReadAction\",\"target\":[\"https:\/\/hexagodis.com\/index.php\/produit\/asus-vivobook-15-n1502za-lp1741w\/\"]}]},{\"@type\":\"ImageObject\",\"inLanguage\":\"fr-FR\",\"@id\":\"https:\/\/hexagodis.com\/index.php\/produit\/asus-vivobook-15-n1502za-lp1741w\/#primaryimage\",\"url\":\"https:\/\/hexagodis.com\/wp-content\/uploads\/2025\/08\/MN0005981546_0006071190.jpg\",\"contentUrl\":\"https:\/\/hexagodis.com\/wp-content\/uploads\/2025\/08\/MN0005981546_0006071190.jpg\",\"width\":550,\"height\":550},{\"@type\":\"BreadcrumbList\",\"@id\":\"https:\/\/hexagodis.com\/index.php\/produit\/asus-vivobook-15-n1502za-lp1741w\/#breadcrumb\",\"itemListElement\":[{\"@type\":\"ListItem\",\"position\":1,\"name\":\"Accueil\",\"item\":\"https:\/\/hexagodis.com\/\"},{\"@type\":\"ListItem\",\"position\":2,\"name\":\"Boutique\",\"item\":\"https:\/\/hexagodis.com\/index.php\/boutique\/\"},{\"@type\":\"ListItem\",\"position\":3,\"name\":\"ASUS VivoBook 15 N1502ZA-LP1741W\"}]},{\"@type\":\"WebSite\",\"@id\":\"https:\/\/hexagodis.com\/#website\",\"url\":\"https:\/\/hexagodis.com\/\",\"name\":\"Hexagodis\",\"description\":\"Mat\u00e9riel de sport &amp; \u00e9quipement sportif\",\"potentialAction\":[{\"@type\":\"SearchAction\",\"target\":{\"@type\":\"EntryPoint\",\"urlTemplate\":\"https:\/\/hexagodis.com\/?s={search_term_string}\"},\"query-input\":{\"@type\":\"PropertyValueSpecification\",\"valueRequired\":true,\"valueName\":\"search_term_string\"}}],\"inLanguage\":\"fr-FR\"}]}<\/script>\n<!-- \/ Yoast SEO plugin. -->","yoast_head_json":{"title":"ASUS VivoBook 15 N1502ZA-LP1741W - Hexagodis","robots":{"index":"index","follow":"follow","max-snippet":"max-snippet:-1","max-image-preview":"max-image-preview:large","max-video-preview":"max-video-preview:-1"},"canonical":"https:\/\/hexagodis.com\/index.php\/produit\/asus-vivobook-15-n1502za-lp1741w\/","og_locale":"fr_FR","og_type":"article","og_title":"ASUS VivoBook 15 N1502ZA-LP1741W - Hexagodis","og_description":"Bureautique, 15.6\", IPS, Full HD, 144 Hz, Core i7-12650H, RAM 16 Go, SSD 512 Go, Windows 11, 1,70 kg","og_url":"https:\/\/hexagodis.com\/index.php\/produit\/asus-vivobook-15-n1502za-lp1741w\/","og_site_name":"Hexagodis","article_modified_time":"2025-08-30T11:36:39+00:00","twitter_card":"summary_large_image","schema":{"@context":"https:\/\/schema.org","@graph":[{"@type":"WebPage","@id":"https:\/\/hexagodis.com\/index.php\/produit\/asus-vivobook-15-n1502za-lp1741w\/","url":"https:\/\/hexagodis.com\/index.php\/produit\/asus-vivobook-15-n1502za-lp1741w\/","name":"ASUS VivoBook 15 N1502ZA-LP1741W - Hexagodis","isPartOf":{"@id":"https:\/\/hexagodis.com\/#website"},"primaryImageOfPage":{"@id":"https:\/\/hexagodis.com\/index.php\/produit\/asus-vivobook-15-n1502za-lp1741w\/#primaryimage"},"image":{"@id":"https:\/\/hexagodis.com\/index.php\/produit\/asus-vivobook-15-n1502za-lp1741w\/#primaryimage"},"thumbnailUrl":"https:\/\/hexagodis.com\/wp-content\/uploads\/2025\/08\/MN0005981546_0006071190.jpg","datePublished":"2025-08-30T11:36:27+00:00","dateModified":"2025-08-30T11:36:39+00:00","breadcrumb":{"@id":"https:\/\/hexagodis.com\/index.php\/produit\/asus-vivobook-15-n1502za-lp1741w\/#breadcrumb"},"inLanguage":"fr-FR","potentialAction":[{"@type":"ReadAction","target":["https:\/\/hexagodis.com\/index.php\/produit\/asus-vivobook-15-n1502za-lp1741w\/"]}]},{"@type":"ImageObject","inLanguage":"fr-FR","@id":"https:\/\/hexagodis.com\/index.php\/produit\/asus-vivobook-15-n1502za-lp1741w\/#primaryimage","url":"https:\/\/hexagodis.com\/wp-content\/uploads\/2025\/08\/MN0005981546_0006071190.jpg","contentUrl":"https:\/\/hexagodis.com\/wp-content\/uploads\/2025\/08\/MN0005981546_0006071190.jpg","width":550,"height":550},{"@type":"BreadcrumbList","@id":"https:\/\/hexagodis.com\/index.php\/produit\/asus-vivobook-15-n1502za-lp1741w\/#breadcrumb","itemListElement":[{"@type":"ListItem","position":1,"name":"Accueil","item":"https:\/\/hexagodis.com\/"},{"@type":"ListItem","position":2,"name":"Boutique","item":"https:\/\/hexagodis.com\/index.php\/boutique\/"},{"@type":"ListItem","position":3,"name":"ASUS VivoBook 15 N1502ZA-LP1741W"}]},{"@type":"WebSite","@id":"https:\/\/hexagodis.com\/#website","url":"https:\/\/hexagodis.com\/","name":"Hexagodis","description":"Mat\u00e9riel de sport &amp; \u00e9quipement sportif","potentialAction":[{"@type":"SearchAction","target":{"@type":"EntryPoint","urlTemplate":"https:\/\/hexagodis.com\/?s={search_term_string}"},"query-input":{"@type":"PropertyValueSpecification","valueRequired":true,"valueName":"search_term_string"}}],"inLanguage":"fr-FR"}]}},"_links":{"self":[{"href":"https:\/\/hexagodis.com\/index.php\/wp-json\/wp\/v2\/product\/18843","targetHints":{"allow":["GET"]}}],"collection":[{"href":"https:\/\/hexagodis.com\/index.php\/wp-json\/wp\/v2\/product"}],"about":[{"href":"https:\/\/hexagodis.com\/index.php\/wp-json\/wp\/v2\/types\/product"}],"replies":[{"embeddable":true,"href":"https:\/\/hexagodis.com\/index.php\/wp-json\/wp\/v2\/comments?post=18843"}],"version-history":[{"count":1,"href":"https:\/\/hexagodis.com\/index.php\/wp-json\/wp\/v2\/product\/18843\/revisions"}],"predecessor-version":[{"id":18884,"href":"https:\/\/hexagodis.com\/index.php\/wp-json\/wp\/v2\/product\/18843\/revisions\/18884"}],"wp:featuredmedia":[{"embeddable":true,"href":"https:\/\/hexagodis.com\/index.php\/wp-json\/wp\/v2\/media\/18883"}],"wp:attachment":[{"href":"https:\/\/hexagodis.com\/index.php\/wp-json\/wp\/v2\/media?parent=18843"}],"wp:term":[{"taxonomy":"product_brand","embeddable":true,"href":"https:\/\/hexagodis.com\/index.php\/wp-json\/wp\/v2\/product_brand?post=18843"},{"taxonomy":"product_cat","embeddable":true,"href":"https:\/\/hexagodis.com\/index.php\/wp-json\/wp\/v2\/product_cat?post=18843"},{"taxonomy":"product_tag","embeddable":true,"href":"https:\/\/hexagodis.com\/index.php\/wp-json\/wp\/v2\/product_tag?post=18843"}],"curies":[{"name":"wp","href":"https:\/\/api.w.org\/{rel}","templated":true}]}}