{"id":18783,"date":"2025-08-30T13:35:30","date_gmt":"2025-08-30T11:35:30","guid":{"rendered":"https:\/\/hexagodis.com\/?post_type=product&#038;p=18783"},"modified":"2025-08-30T13:35:43","modified_gmt":"2025-08-30T11:35:43","slug":"epson-ecotank-et-2810-imprimante-multifonction-3-en-1","status":"publish","type":"product","link":"https:\/\/hexagodis.com\/index.php\/produit\/epson-ecotank-et-2810-imprimante-multifonction-3-en-1\/","title":{"rendered":"Epson EcoTank ET-2810 Imprimante multifonction 3-en-1"},"content":{"rendered":"<p class=\"mb-4 d-none d-md-block text-justify\">L&rsquo;imprimante multifonction 3-en-1 Epson EcoTank ET-2810 simplifie votre quotidien en supprimant les cartouches ! Avec son syst\u00e8me de r\u00e9servoir d&rsquo;encre int\u00e9gr\u00e9 en fa\u00e7ade, profitez d&rsquo;une imprimante haute capacit\u00e9 capable de diminuer vos co\u00fbts d&rsquo;encre de 90% en moyenne. Performante, vous pourrez b\u00e9n\u00e9ficier d&rsquo;une r\u00e9solution de 5760 x 1440 dpi.<\/p>\n<div class=\"row align-items-center justify-content-center justify-content-lg-start my-3\">\n<div class=\"col-auto\">\n<div class=\"d-flex align-items-end\"><\/div>\n<\/div>\n<\/div>\n","protected":false},"excerpt":{"rendered":"<div class=\"col-12 col-md-9\">\n<h2 class=\"c-product__specs\">Imprimante multifonction jet d&rsquo;encre couleur, A4, 33ppm, USB, Wi-Fi Direct<\/h2>\n<\/div>\n<div class=\"d-none d-md-block col-md-3\"><\/div>\n","protected":false},"featured_media":18822,"comment_status":"closed","ping_status":"closed","template":"","meta":[],"product_brand":[],"product_cat":[278,279],"product_tag":[],"class_list":{"0":"post-18783","1":"product","2":"type-product","3":"status-publish","4":"has-post-thumbnail","6":"product_cat-imprimante-scanner","7":"product_cat-informatique","9":"first","10":"instock","11":"taxable","12":"shipping-taxable","13":"purchasable","14":"product-type-simple"},"yoast_head":"<!-- This site is optimized with the Yoast SEO plugin v24.8.1 - https:\/\/yoast.com\/wordpress\/plugins\/seo\/ -->\n<title>Epson EcoTank ET-2810 Imprimante multifonction 3-en-1 - Hexagodis<\/title>\n<meta name=\"robots\" content=\"index, follow, max-snippet:-1, max-image-preview:large, max-video-preview:-1\" \/>\n<link rel=\"canonical\" href=\"https:\/\/hexagodis.com\/index.php\/produit\/epson-ecotank-et-2810-imprimante-multifonction-3-en-1\/\" \/>\n<meta property=\"og:locale\" content=\"fr_FR\" \/>\n<meta property=\"og:type\" content=\"article\" \/>\n<meta property=\"og:title\" content=\"Epson EcoTank ET-2810 Imprimante multifonction 3-en-1 - Hexagodis\" \/>\n<meta property=\"og:description\" content=\"Imprimante multifonction jet d&#039;encre couleur, A4, 33ppm, USB, Wi-Fi Direct\" \/>\n<meta property=\"og:url\" content=\"https:\/\/hexagodis.com\/index.php\/produit\/epson-ecotank-et-2810-imprimante-multifonction-3-en-1\/\" \/>\n<meta property=\"og:site_name\" content=\"Hexagodis\" \/>\n<meta property=\"article:modified_time\" content=\"2025-08-30T11:35:43+00:00\" \/>\n<meta name=\"twitter:card\" content=\"summary_large_image\" \/>\n<script type=\"application\/ld+json\" class=\"yoast-schema-graph\">{\"@context\":\"https:\/\/schema.org\",\"@graph\":[{\"@type\":\"WebPage\",\"@id\":\"https:\/\/hexagodis.com\/index.php\/produit\/epson-ecotank-et-2810-imprimante-multifonction-3-en-1\/\",\"url\":\"https:\/\/hexagodis.com\/index.php\/produit\/epson-ecotank-et-2810-imprimante-multifonction-3-en-1\/\",\"name\":\"Epson EcoTank ET-2810 Imprimante multifonction 3-en-1 - Hexagodis\",\"isPartOf\":{\"@id\":\"https:\/\/hexagodis.com\/#website\"},\"primaryImageOfPage\":{\"@id\":\"https:\/\/hexagodis.com\/index.php\/produit\/epson-ecotank-et-2810-imprimante-multifonction-3-en-1\/#primaryimage\"},\"image\":{\"@id\":\"https:\/\/hexagodis.com\/index.php\/produit\/epson-ecotank-et-2810-imprimante-multifonction-3-en-1\/#primaryimage\"},\"thumbnailUrl\":\"https:\/\/hexagodis.com\/wp-content\/uploads\/2025\/08\/MN0005902520_1.jpg\",\"datePublished\":\"2025-08-30T11:35:30+00:00\",\"dateModified\":\"2025-08-30T11:35:43+00:00\",\"breadcrumb\":{\"@id\":\"https:\/\/hexagodis.com\/index.php\/produit\/epson-ecotank-et-2810-imprimante-multifonction-3-en-1\/#breadcrumb\"},\"inLanguage\":\"fr-FR\",\"potentialAction\":[{\"@type\":\"ReadAction\",\"target\":[\"https:\/\/hexagodis.com\/index.php\/produit\/epson-ecotank-et-2810-imprimante-multifonction-3-en-1\/\"]}]},{\"@type\":\"ImageObject\",\"inLanguage\":\"fr-FR\",\"@id\":\"https:\/\/hexagodis.com\/index.php\/produit\/epson-ecotank-et-2810-imprimante-multifonction-3-en-1\/#primaryimage\",\"url\":\"https:\/\/hexagodis.com\/wp-content\/uploads\/2025\/08\/MN0005902520_1.jpg\",\"contentUrl\":\"https:\/\/hexagodis.com\/wp-content\/uploads\/2025\/08\/MN0005902520_1.jpg\",\"width\":550,\"height\":550},{\"@type\":\"BreadcrumbList\",\"@id\":\"https:\/\/hexagodis.com\/index.php\/produit\/epson-ecotank-et-2810-imprimante-multifonction-3-en-1\/#breadcrumb\",\"itemListElement\":[{\"@type\":\"ListItem\",\"position\":1,\"name\":\"Accueil\",\"item\":\"https:\/\/hexagodis.com\/\"},{\"@type\":\"ListItem\",\"position\":2,\"name\":\"Boutique\",\"item\":\"https:\/\/hexagodis.com\/index.php\/boutique\/\"},{\"@type\":\"ListItem\",\"position\":3,\"name\":\"Epson EcoTank ET-2810 Imprimante multifonction 3-en-1\"}]},{\"@type\":\"WebSite\",\"@id\":\"https:\/\/hexagodis.com\/#website\",\"url\":\"https:\/\/hexagodis.com\/\",\"name\":\"Hexagodis\",\"description\":\"Mat\u00e9riel de sport &amp; \u00e9quipement sportif\",\"potentialAction\":[{\"@type\":\"SearchAction\",\"target\":{\"@type\":\"EntryPoint\",\"urlTemplate\":\"https:\/\/hexagodis.com\/?s={search_term_string}\"},\"query-input\":{\"@type\":\"PropertyValueSpecification\",\"valueRequired\":true,\"valueName\":\"search_term_string\"}}],\"inLanguage\":\"fr-FR\"}]}<\/script>\n<!-- \/ Yoast SEO plugin. -->","yoast_head_json":{"title":"Epson EcoTank ET-2810 Imprimante multifonction 3-en-1 - Hexagodis","robots":{"index":"index","follow":"follow","max-snippet":"max-snippet:-1","max-image-preview":"max-image-preview:large","max-video-preview":"max-video-preview:-1"},"canonical":"https:\/\/hexagodis.com\/index.php\/produit\/epson-ecotank-et-2810-imprimante-multifonction-3-en-1\/","og_locale":"fr_FR","og_type":"article","og_title":"Epson EcoTank ET-2810 Imprimante multifonction 3-en-1 - Hexagodis","og_description":"Imprimante multifonction jet d'encre couleur, A4, 33ppm, USB, Wi-Fi Direct","og_url":"https:\/\/hexagodis.com\/index.php\/produit\/epson-ecotank-et-2810-imprimante-multifonction-3-en-1\/","og_site_name":"Hexagodis","article_modified_time":"2025-08-30T11:35:43+00:00","twitter_card":"summary_large_image","schema":{"@context":"https:\/\/schema.org","@graph":[{"@type":"WebPage","@id":"https:\/\/hexagodis.com\/index.php\/produit\/epson-ecotank-et-2810-imprimante-multifonction-3-en-1\/","url":"https:\/\/hexagodis.com\/index.php\/produit\/epson-ecotank-et-2810-imprimante-multifonction-3-en-1\/","name":"Epson EcoTank ET-2810 Imprimante multifonction 3-en-1 - Hexagodis","isPartOf":{"@id":"https:\/\/hexagodis.com\/#website"},"primaryImageOfPage":{"@id":"https:\/\/hexagodis.com\/index.php\/produit\/epson-ecotank-et-2810-imprimante-multifonction-3-en-1\/#primaryimage"},"image":{"@id":"https:\/\/hexagodis.com\/index.php\/produit\/epson-ecotank-et-2810-imprimante-multifonction-3-en-1\/#primaryimage"},"thumbnailUrl":"https:\/\/hexagodis.com\/wp-content\/uploads\/2025\/08\/MN0005902520_1.jpg","datePublished":"2025-08-30T11:35:30+00:00","dateModified":"2025-08-30T11:35:43+00:00","breadcrumb":{"@id":"https:\/\/hexagodis.com\/index.php\/produit\/epson-ecotank-et-2810-imprimante-multifonction-3-en-1\/#breadcrumb"},"inLanguage":"fr-FR","potentialAction":[{"@type":"ReadAction","target":["https:\/\/hexagodis.com\/index.php\/produit\/epson-ecotank-et-2810-imprimante-multifonction-3-en-1\/"]}]},{"@type":"ImageObject","inLanguage":"fr-FR","@id":"https:\/\/hexagodis.com\/index.php\/produit\/epson-ecotank-et-2810-imprimante-multifonction-3-en-1\/#primaryimage","url":"https:\/\/hexagodis.com\/wp-content\/uploads\/2025\/08\/MN0005902520_1.jpg","contentUrl":"https:\/\/hexagodis.com\/wp-content\/uploads\/2025\/08\/MN0005902520_1.jpg","width":550,"height":550},{"@type":"BreadcrumbList","@id":"https:\/\/hexagodis.com\/index.php\/produit\/epson-ecotank-et-2810-imprimante-multifonction-3-en-1\/#breadcrumb","itemListElement":[{"@type":"ListItem","position":1,"name":"Accueil","item":"https:\/\/hexagodis.com\/"},{"@type":"ListItem","position":2,"name":"Boutique","item":"https:\/\/hexagodis.com\/index.php\/boutique\/"},{"@type":"ListItem","position":3,"name":"Epson EcoTank ET-2810 Imprimante multifonction 3-en-1"}]},{"@type":"WebSite","@id":"https:\/\/hexagodis.com\/#website","url":"https:\/\/hexagodis.com\/","name":"Hexagodis","description":"Mat\u00e9riel de sport &amp; \u00e9quipement sportif","potentialAction":[{"@type":"SearchAction","target":{"@type":"EntryPoint","urlTemplate":"https:\/\/hexagodis.com\/?s={search_term_string}"},"query-input":{"@type":"PropertyValueSpecification","valueRequired":true,"valueName":"search_term_string"}}],"inLanguage":"fr-FR"}]}},"_links":{"self":[{"href":"https:\/\/hexagodis.com\/index.php\/wp-json\/wp\/v2\/product\/18783","targetHints":{"allow":["GET"]}}],"collection":[{"href":"https:\/\/hexagodis.com\/index.php\/wp-json\/wp\/v2\/product"}],"about":[{"href":"https:\/\/hexagodis.com\/index.php\/wp-json\/wp\/v2\/types\/product"}],"replies":[{"embeddable":true,"href":"https:\/\/hexagodis.com\/index.php\/wp-json\/wp\/v2\/comments?post=18783"}],"version-history":[{"count":1,"href":"https:\/\/hexagodis.com\/index.php\/wp-json\/wp\/v2\/product\/18783\/revisions"}],"predecessor-version":[{"id":18823,"href":"https:\/\/hexagodis.com\/index.php\/wp-json\/wp\/v2\/product\/18783\/revisions\/18823"}],"wp:featuredmedia":[{"embeddable":true,"href":"https:\/\/hexagodis.com\/index.php\/wp-json\/wp\/v2\/media\/18822"}],"wp:attachment":[{"href":"https:\/\/hexagodis.com\/index.php\/wp-json\/wp\/v2\/media?parent=18783"}],"wp:term":[{"taxonomy":"product_brand","embeddable":true,"href":"https:\/\/hexagodis.com\/index.php\/wp-json\/wp\/v2\/product_brand?post=18783"},{"taxonomy":"product_cat","embeddable":true,"href":"https:\/\/hexagodis.com\/index.php\/wp-json\/wp\/v2\/product_cat?post=18783"},{"taxonomy":"product_tag","embeddable":true,"href":"https:\/\/hexagodis.com\/index.php\/wp-json\/wp\/v2\/product_tag?post=18783"}],"curies":[{"name":"wp","href":"https:\/\/api.w.org\/{rel}","templated":true}]}}