{"id":18711,"date":"2025-08-30T13:27:59","date_gmt":"2025-08-30T11:27:59","guid":{"rendered":"https:\/\/hexagodis.com\/?post_type=product&#038;p=18711"},"modified":"2025-08-30T13:28:43","modified_gmt":"2025-08-30T11:28:43","slug":"robot-de-tonte-hrm-40-honda","status":"publish","type":"product","link":"https:\/\/hexagodis.com\/index.php\/produit\/robot-de-tonte-hrm-40-honda\/","title":{"rendered":"Robot de tonte HRM 40 HONDA"},"content":{"rendered":"<p>PLUS PETITE, SIMPLE ET INTELLIGENTE<\/p>\n<p>Jardins Loisirs vous propose le dernier mod\u00e8le de la famille Miimo : Miimo HRM 40 est une tondeuse robot intelligente id\u00e9ale pour tondre de plus petites pelouses. Facile \u00e0 param\u00e9trer, il vous garantit une pelouse parfaite. Il a de nombreuses fonctionnalit\u00e9s in\u00e9dites.<\/p>\n<p>CARTOGRAPHIEZ ET TONDRE<\/p>\n<p>Rien de plus simple pour obtenir un superbe gazon.<\/p>\n<p>Le processus de configuration facile en 4 \u00e9tapes cartographie la disposition de votre jardin et calcule ses dimensions pour cr\u00e9er un programme de tonte adapt\u00e9. Le HRM 40 retourne d&rsquo;elle-m\u00eame \u00e0 sa station pour se recharger et reprend sa tonte l\u00e0 o\u00f9 elle s&rsquo;est arr\u00eat\u00e9e.<\/p>\n<p>POSITIONNEZ ET TONDEZ<\/p>\n<p>Elle tond les endroits les plus difficiles d&rsquo;acc\u00e8s.<\/p>\n<p>Gr\u00e2ce \u00e0 la fonctionnalit\u00e9 Positionnez et tondez, Miimo HMR 40 peut tondre des zones pr\u00e9cises comme le dessous des meubles de jardin. Il vous suffit d&rsquo;activer Miimo HRM 40 manuellement, de la mettre sur la pelouse et elle s&rsquo;occupe du reste en tondant des zones de 2 x 2 m ou 3 x 3 m.<\/p>\n<p>Avantages du produit<br \/>\nFacile \u00e0 installer avec la fonctionnalit\u00e9 \u00ab\u00a0Cartographiez et tondez\u00a0\u00bb. S&rsquo;adapte aux diff\u00e9rentes formes de pelouses jusqu&rsquo;\u00e0 400 m\u00b2. \u00c9tanche et dot\u00e9e d&rsquo;un temporisateur intelligent.<\/p>\n<p>Poids<br \/>\n7.5 kg<\/p>\n<p>Accessoire(s) inclu(s)<br \/>\n1 Station de charge, 1 transformateur avec c\u00e2ble d&rsquo;alimentation, 125 ml de c\u00e2ble, 180 cavaliers, 2 connecteurs.<\/p>\n<p>Garantie<br \/>\n2 ans<\/p>\n<p>Indice de r\u00e9parabilit\u00e9<br \/>\n8.6<\/p>\n<p>Norme<br \/>\n63 db(A)<\/p>\n<p>Capacit\u00e9s<br \/>\n29 m\u00b2\/heure<\/p>\n<p>Surface conseill\u00e9e<br \/>\n0 \u00e0 400m\u00b2 (conseill\u00e9 350m\u00b2)<\/p>\n<p>Coupe<br \/>\n3 couteaux r\u00e9tractables<\/p>\n<p>Batterie<br \/>\nLi-ion 18,0V \/ 2,5Ah<\/p>\n<p>Capteurs embraqu\u00e9s<br \/>\nCollision \/ soul\u00e8vement \/ code PIN<\/p>\n<p>Etanch\u00e9it\u00e9<br \/>\nIPX4<\/p>\n<p>Mode de chargement<br \/>\n45 min<\/p>\n<p>Pente maximum %<br \/>\n27%<\/p>\n<p>Hauteur de coupe<br \/>\n30 \u00e0 50 mm<\/p>\n<p>Largeur de coupe<br \/>\n19 cm<\/p>\n<p>Capacit\u00e9 tonte horaire (tonte + charge)<br \/>\n30 min<\/p>\n","protected":false},"excerpt":{"rendered":"<p>PLUS PETITE, SIMPLE ET INTELLIGENTE Jardins Loisirs vous propose le dernier mod\u00e8le de la famille Miimo : Miimo HRM 40<\/p>\n","protected":false},"featured_media":18752,"comment_status":"closed","ping_status":"closed","template":"","meta":[],"product_brand":[],"product_cat":[273,274],"product_tag":[],"class_list":{"0":"post-18711","1":"product","2":"type-product","3":"status-publish","4":"has-post-thumbnail","6":"product_cat-maison-jardin","7":"product_cat-robot-tondeuse","9":"first","10":"instock","11":"taxable","12":"shipping-taxable","13":"purchasable","14":"product-type-simple"},"yoast_head":"<!-- This site is optimized with the Yoast SEO plugin v24.8.1 - https:\/\/yoast.com\/wordpress\/plugins\/seo\/ -->\n<title>Robot de tonte HRM 40 HONDA - Hexagodis<\/title>\n<meta name=\"robots\" content=\"index, follow, max-snippet:-1, max-image-preview:large, max-video-preview:-1\" \/>\n<link rel=\"canonical\" href=\"https:\/\/hexagodis.com\/index.php\/produit\/robot-de-tonte-hrm-40-honda\/\" \/>\n<meta property=\"og:locale\" content=\"fr_FR\" \/>\n<meta property=\"og:type\" content=\"article\" \/>\n<meta property=\"og:title\" content=\"Robot de tonte HRM 40 HONDA - Hexagodis\" \/>\n<meta property=\"og:description\" content=\"PLUS PETITE, SIMPLE ET INTELLIGENTE Jardins Loisirs vous propose le dernier mod\u00e8le de la famille Miimo : Miimo HRM 40\" \/>\n<meta property=\"og:url\" content=\"https:\/\/hexagodis.com\/index.php\/produit\/robot-de-tonte-hrm-40-honda\/\" \/>\n<meta property=\"og:site_name\" content=\"Hexagodis\" \/>\n<meta property=\"article:modified_time\" content=\"2025-08-30T11:28:43+00:00\" \/>\n<meta name=\"twitter:card\" content=\"summary_large_image\" \/>\n<meta name=\"twitter:label1\" content=\"Dur\u00e9e de lecture estim\u00e9e\" \/>\n\t<meta name=\"twitter:data1\" content=\"1 minute\" \/>\n<script type=\"application\/ld+json\" class=\"yoast-schema-graph\">{\"@context\":\"https:\/\/schema.org\",\"@graph\":[{\"@type\":\"WebPage\",\"@id\":\"https:\/\/hexagodis.com\/index.php\/produit\/robot-de-tonte-hrm-40-honda\/\",\"url\":\"https:\/\/hexagodis.com\/index.php\/produit\/robot-de-tonte-hrm-40-honda\/\",\"name\":\"Robot de tonte HRM 40 HONDA - Hexagodis\",\"isPartOf\":{\"@id\":\"https:\/\/hexagodis.com\/#website\"},\"primaryImageOfPage\":{\"@id\":\"https:\/\/hexagodis.com\/index.php\/produit\/robot-de-tonte-hrm-40-honda\/#primaryimage\"},\"image\":{\"@id\":\"https:\/\/hexagodis.com\/index.php\/produit\/robot-de-tonte-hrm-40-honda\/#primaryimage\"},\"thumbnailUrl\":\"https:\/\/hexagodis.com\/wp-content\/uploads\/2025\/08\/robot-de-tonte-hrm-40-honda.jpg\",\"datePublished\":\"2025-08-30T11:27:59+00:00\",\"dateModified\":\"2025-08-30T11:28:43+00:00\",\"breadcrumb\":{\"@id\":\"https:\/\/hexagodis.com\/index.php\/produit\/robot-de-tonte-hrm-40-honda\/#breadcrumb\"},\"inLanguage\":\"fr-FR\",\"potentialAction\":[{\"@type\":\"ReadAction\",\"target\":[\"https:\/\/hexagodis.com\/index.php\/produit\/robot-de-tonte-hrm-40-honda\/\"]}]},{\"@type\":\"ImageObject\",\"inLanguage\":\"fr-FR\",\"@id\":\"https:\/\/hexagodis.com\/index.php\/produit\/robot-de-tonte-hrm-40-honda\/#primaryimage\",\"url\":\"https:\/\/hexagodis.com\/wp-content\/uploads\/2025\/08\/robot-de-tonte-hrm-40-honda.jpg\",\"contentUrl\":\"https:\/\/hexagodis.com\/wp-content\/uploads\/2025\/08\/robot-de-tonte-hrm-40-honda.jpg\",\"width\":600,\"height\":600},{\"@type\":\"BreadcrumbList\",\"@id\":\"https:\/\/hexagodis.com\/index.php\/produit\/robot-de-tonte-hrm-40-honda\/#breadcrumb\",\"itemListElement\":[{\"@type\":\"ListItem\",\"position\":1,\"name\":\"Accueil\",\"item\":\"https:\/\/hexagodis.com\/\"},{\"@type\":\"ListItem\",\"position\":2,\"name\":\"Boutique\",\"item\":\"https:\/\/hexagodis.com\/index.php\/boutique\/\"},{\"@type\":\"ListItem\",\"position\":3,\"name\":\"Robot de tonte HRM 40 HONDA\"}]},{\"@type\":\"WebSite\",\"@id\":\"https:\/\/hexagodis.com\/#website\",\"url\":\"https:\/\/hexagodis.com\/\",\"name\":\"Hexagodis\",\"description\":\"Mat\u00e9riel de sport &amp; \u00e9quipement sportif\",\"potentialAction\":[{\"@type\":\"SearchAction\",\"target\":{\"@type\":\"EntryPoint\",\"urlTemplate\":\"https:\/\/hexagodis.com\/?s={search_term_string}\"},\"query-input\":{\"@type\":\"PropertyValueSpecification\",\"valueRequired\":true,\"valueName\":\"search_term_string\"}}],\"inLanguage\":\"fr-FR\"}]}<\/script>\n<!-- \/ Yoast SEO plugin. -->","yoast_head_json":{"title":"Robot de tonte HRM 40 HONDA - Hexagodis","robots":{"index":"index","follow":"follow","max-snippet":"max-snippet:-1","max-image-preview":"max-image-preview:large","max-video-preview":"max-video-preview:-1"},"canonical":"https:\/\/hexagodis.com\/index.php\/produit\/robot-de-tonte-hrm-40-honda\/","og_locale":"fr_FR","og_type":"article","og_title":"Robot de tonte HRM 40 HONDA - Hexagodis","og_description":"PLUS PETITE, SIMPLE ET INTELLIGENTE Jardins Loisirs vous propose le dernier mod\u00e8le de la famille Miimo : Miimo HRM 40","og_url":"https:\/\/hexagodis.com\/index.php\/produit\/robot-de-tonte-hrm-40-honda\/","og_site_name":"Hexagodis","article_modified_time":"2025-08-30T11:28:43+00:00","twitter_card":"summary_large_image","twitter_misc":{"Dur\u00e9e de lecture estim\u00e9e":"1 minute"},"schema":{"@context":"https:\/\/schema.org","@graph":[{"@type":"WebPage","@id":"https:\/\/hexagodis.com\/index.php\/produit\/robot-de-tonte-hrm-40-honda\/","url":"https:\/\/hexagodis.com\/index.php\/produit\/robot-de-tonte-hrm-40-honda\/","name":"Robot de tonte HRM 40 HONDA - Hexagodis","isPartOf":{"@id":"https:\/\/hexagodis.com\/#website"},"primaryImageOfPage":{"@id":"https:\/\/hexagodis.com\/index.php\/produit\/robot-de-tonte-hrm-40-honda\/#primaryimage"},"image":{"@id":"https:\/\/hexagodis.com\/index.php\/produit\/robot-de-tonte-hrm-40-honda\/#primaryimage"},"thumbnailUrl":"https:\/\/hexagodis.com\/wp-content\/uploads\/2025\/08\/robot-de-tonte-hrm-40-honda.jpg","datePublished":"2025-08-30T11:27:59+00:00","dateModified":"2025-08-30T11:28:43+00:00","breadcrumb":{"@id":"https:\/\/hexagodis.com\/index.php\/produit\/robot-de-tonte-hrm-40-honda\/#breadcrumb"},"inLanguage":"fr-FR","potentialAction":[{"@type":"ReadAction","target":["https:\/\/hexagodis.com\/index.php\/produit\/robot-de-tonte-hrm-40-honda\/"]}]},{"@type":"ImageObject","inLanguage":"fr-FR","@id":"https:\/\/hexagodis.com\/index.php\/produit\/robot-de-tonte-hrm-40-honda\/#primaryimage","url":"https:\/\/hexagodis.com\/wp-content\/uploads\/2025\/08\/robot-de-tonte-hrm-40-honda.jpg","contentUrl":"https:\/\/hexagodis.com\/wp-content\/uploads\/2025\/08\/robot-de-tonte-hrm-40-honda.jpg","width":600,"height":600},{"@type":"BreadcrumbList","@id":"https:\/\/hexagodis.com\/index.php\/produit\/robot-de-tonte-hrm-40-honda\/#breadcrumb","itemListElement":[{"@type":"ListItem","position":1,"name":"Accueil","item":"https:\/\/hexagodis.com\/"},{"@type":"ListItem","position":2,"name":"Boutique","item":"https:\/\/hexagodis.com\/index.php\/boutique\/"},{"@type":"ListItem","position":3,"name":"Robot de tonte HRM 40 HONDA"}]},{"@type":"WebSite","@id":"https:\/\/hexagodis.com\/#website","url":"https:\/\/hexagodis.com\/","name":"Hexagodis","description":"Mat\u00e9riel de sport &amp; \u00e9quipement sportif","potentialAction":[{"@type":"SearchAction","target":{"@type":"EntryPoint","urlTemplate":"https:\/\/hexagodis.com\/?s={search_term_string}"},"query-input":{"@type":"PropertyValueSpecification","valueRequired":true,"valueName":"search_term_string"}}],"inLanguage":"fr-FR"}]}},"_links":{"self":[{"href":"https:\/\/hexagodis.com\/index.php\/wp-json\/wp\/v2\/product\/18711","targetHints":{"allow":["GET"]}}],"collection":[{"href":"https:\/\/hexagodis.com\/index.php\/wp-json\/wp\/v2\/product"}],"about":[{"href":"https:\/\/hexagodis.com\/index.php\/wp-json\/wp\/v2\/types\/product"}],"replies":[{"embeddable":true,"href":"https:\/\/hexagodis.com\/index.php\/wp-json\/wp\/v2\/comments?post=18711"}],"version-history":[{"count":1,"href":"https:\/\/hexagodis.com\/index.php\/wp-json\/wp\/v2\/product\/18711\/revisions"}],"predecessor-version":[{"id":18753,"href":"https:\/\/hexagodis.com\/index.php\/wp-json\/wp\/v2\/product\/18711\/revisions\/18753"}],"wp:featuredmedia":[{"embeddable":true,"href":"https:\/\/hexagodis.com\/index.php\/wp-json\/wp\/v2\/media\/18752"}],"wp:attachment":[{"href":"https:\/\/hexagodis.com\/index.php\/wp-json\/wp\/v2\/media?parent=18711"}],"wp:term":[{"taxonomy":"product_brand","embeddable":true,"href":"https:\/\/hexagodis.com\/index.php\/wp-json\/wp\/v2\/product_brand?post=18711"},{"taxonomy":"product_cat","embeddable":true,"href":"https:\/\/hexagodis.com\/index.php\/wp-json\/wp\/v2\/product_cat?post=18711"},{"taxonomy":"product_tag","embeddable":true,"href":"https:\/\/hexagodis.com\/index.php\/wp-json\/wp\/v2\/product_tag?post=18711"}],"curies":[{"name":"wp","href":"https:\/\/api.w.org\/{rel}","templated":true}]}}