{"id":18626,"date":"2025-08-30T13:26:00","date_gmt":"2025-08-30T11:26:00","guid":{"rendered":"https:\/\/hexagodis.com\/?post_type=product&#038;p=18626"},"modified":"2025-08-30T13:26:55","modified_gmt":"2025-08-30T11:26:55","slug":"tondeuse-debroussailleuse-autoportee-colombia-faucheuse-ralf-92-k","status":"publish","type":"product","link":"https:\/\/hexagodis.com\/index.php\/produit\/tondeuse-debroussailleuse-autoportee-colombia-faucheuse-ralf-92-k\/","title":{"rendered":"Tondeuse d\u00e9broussailleuse autoport\u00e9e Colombia faucheuse RALF 92 K"},"content":{"rendered":"<p>Cette Tondeuse d\u00e9broussailleuse autoport\u00e9e Colombia RALF92K de Colombia est adapt\u00e9e pour les tr\u00e8s grands terrains. Son rendement : 6500 \u00e0 8000 m\u00b2 par heure. Trois fonctions : tondre, faucher et d\u00e9broussailler.<br \/>\nTrois fonctions : tondre, faucher et d\u00e9broussailler.<br \/>\nEquipements :<br \/>\nPlateau mulching<br \/>\nDiff\u00e9rentiel avec blocage<br \/>\nCompteur horaire<br \/>\nPhares avant<br \/>\nSyst\u00e8me de s\u00e9curit\u00e9 : Arceau de s\u00e9curit\u00e9, pare-chocs AV \/ AR et protections lat\u00e9rales<br \/>\nConseill\u00e9e pour tr\u00e8s grand terrain avec un rendement de 6500 \u00e0 8000 m\u00b2\/h<br \/>\nNEUF GARANTIE CONSTRUCTEUR 2 ANS.<\/p>\n","protected":false},"excerpt":{"rendered":"<p>Cette Tondeuse d\u00e9broussailleuse autoport\u00e9e Colombia RALF92K de Colombia est adapt\u00e9e pour les tr\u00e8s grands terrains. Son rendement : 6500 \u00e0 8000 m\u00b2 par heure. Trois fonctions : tondre, faucher et d\u00e9broussailler.<br \/>\nTrois fonctions : tondre, faucher et d\u00e9broussailler.<br \/>\nEquipements :<br \/>\nPlateau mulching<br \/>\nDiff\u00e9rentiel avec blocage<br \/>\nCompteur horaire<br \/>\nPhares avant<br \/>\nSyst\u00e8me de s\u00e9curit\u00e9 : Arceau de s\u00e9curit\u00e9, pare-chocs AV \/ AR et protections lat\u00e9rales<br \/>\nConseill\u00e9e pour tr\u00e8s grand terrain avec un rendement de 6500 \u00e0 8000 m\u00b2\/h<br \/>\nNEUF GARANTIE CONSTRUCTEUR 2 ANS.<\/p>\n","protected":false},"featured_media":18701,"comment_status":"closed","ping_status":"closed","template":"","meta":[],"product_brand":[],"product_cat":[273,276],"product_tag":[],"class_list":{"0":"post-18626","1":"product","2":"type-product","3":"status-publish","4":"has-post-thumbnail","6":"product_cat-maison-jardin","7":"product_cat-tondeuse-debroussailleuse","9":"first","10":"instock","11":"taxable","12":"shipping-taxable","13":"purchasable","14":"product-type-simple"},"yoast_head":"<!-- This site is optimized with the Yoast SEO plugin v24.8.1 - https:\/\/yoast.com\/wordpress\/plugins\/seo\/ -->\n<title>Tondeuse d\u00e9broussailleuse autoport\u00e9e Colombia faucheuse RALF 92 K - Hexagodis<\/title>\n<meta name=\"robots\" content=\"index, follow, max-snippet:-1, max-image-preview:large, max-video-preview:-1\" \/>\n<link rel=\"canonical\" href=\"https:\/\/hexagodis.com\/index.php\/produit\/tondeuse-debroussailleuse-autoportee-colombia-faucheuse-ralf-92-k\/\" \/>\n<meta property=\"og:locale\" content=\"fr_FR\" \/>\n<meta property=\"og:type\" content=\"article\" \/>\n<meta property=\"og:title\" content=\"Tondeuse d\u00e9broussailleuse autoport\u00e9e Colombia faucheuse RALF 92 K - Hexagodis\" \/>\n<meta property=\"og:description\" content=\"Cette Tondeuse d\u00e9broussailleuse autoport\u00e9e Colombia RALF92K de Colombia est adapt\u00e9e pour les tr\u00e8s grands terrains. Son rendement : 6500 \u00e0 8000 m\u00b2 par heure. Trois fonctions : tondre, faucher et d\u00e9broussailler. Trois fonctions : tondre, faucher et d\u00e9broussailler. Equipements : Plateau mulching Diff\u00e9rentiel avec blocage Compteur horaire Phares avant Syst\u00e8me de s\u00e9curit\u00e9 : Arceau de s\u00e9curit\u00e9, pare-chocs AV \/ AR et protections lat\u00e9rales Conseill\u00e9e pour tr\u00e8s grand terrain avec un rendement de 6500 \u00e0 8000 m\u00b2\/h NEUF GARANTIE CONSTRUCTEUR 2 ANS.\" \/>\n<meta property=\"og:url\" content=\"https:\/\/hexagodis.com\/index.php\/produit\/tondeuse-debroussailleuse-autoportee-colombia-faucheuse-ralf-92-k\/\" \/>\n<meta property=\"og:site_name\" content=\"Hexagodis\" \/>\n<meta property=\"article:modified_time\" content=\"2025-08-30T11:26:55+00:00\" \/>\n<meta name=\"twitter:card\" content=\"summary_large_image\" \/>\n<script type=\"application\/ld+json\" class=\"yoast-schema-graph\">{\"@context\":\"https:\/\/schema.org\",\"@graph\":[{\"@type\":\"WebPage\",\"@id\":\"https:\/\/hexagodis.com\/index.php\/produit\/tondeuse-debroussailleuse-autoportee-colombia-faucheuse-ralf-92-k\/\",\"url\":\"https:\/\/hexagodis.com\/index.php\/produit\/tondeuse-debroussailleuse-autoportee-colombia-faucheuse-ralf-92-k\/\",\"name\":\"Tondeuse d\u00e9broussailleuse autoport\u00e9e Colombia faucheuse RALF 92 K - Hexagodis\",\"isPartOf\":{\"@id\":\"https:\/\/hexagodis.com\/#website\"},\"primaryImageOfPage\":{\"@id\":\"https:\/\/hexagodis.com\/index.php\/produit\/tondeuse-debroussailleuse-autoportee-colombia-faucheuse-ralf-92-k\/#primaryimage\"},\"image\":{\"@id\":\"https:\/\/hexagodis.com\/index.php\/produit\/tondeuse-debroussailleuse-autoportee-colombia-faucheuse-ralf-92-k\/#primaryimage\"},\"thumbnailUrl\":\"https:\/\/hexagodis.com\/wp-content\/uploads\/2025\/08\/Tracteur-tondeuse-debroussailleuse-Colombia-RALF-92.jpg\",\"datePublished\":\"2025-08-30T11:26:00+00:00\",\"dateModified\":\"2025-08-30T11:26:55+00:00\",\"breadcrumb\":{\"@id\":\"https:\/\/hexagodis.com\/index.php\/produit\/tondeuse-debroussailleuse-autoportee-colombia-faucheuse-ralf-92-k\/#breadcrumb\"},\"inLanguage\":\"fr-FR\",\"potentialAction\":[{\"@type\":\"ReadAction\",\"target\":[\"https:\/\/hexagodis.com\/index.php\/produit\/tondeuse-debroussailleuse-autoportee-colombia-faucheuse-ralf-92-k\/\"]}]},{\"@type\":\"ImageObject\",\"inLanguage\":\"fr-FR\",\"@id\":\"https:\/\/hexagodis.com\/index.php\/produit\/tondeuse-debroussailleuse-autoportee-colombia-faucheuse-ralf-92-k\/#primaryimage\",\"url\":\"https:\/\/hexagodis.com\/wp-content\/uploads\/2025\/08\/Tracteur-tondeuse-debroussailleuse-Colombia-RALF-92.jpg\",\"contentUrl\":\"https:\/\/hexagodis.com\/wp-content\/uploads\/2025\/08\/Tracteur-tondeuse-debroussailleuse-Colombia-RALF-92.jpg\",\"width\":800,\"height\":800},{\"@type\":\"BreadcrumbList\",\"@id\":\"https:\/\/hexagodis.com\/index.php\/produit\/tondeuse-debroussailleuse-autoportee-colombia-faucheuse-ralf-92-k\/#breadcrumb\",\"itemListElement\":[{\"@type\":\"ListItem\",\"position\":1,\"name\":\"Accueil\",\"item\":\"https:\/\/hexagodis.com\/\"},{\"@type\":\"ListItem\",\"position\":2,\"name\":\"Boutique\",\"item\":\"https:\/\/hexagodis.com\/index.php\/boutique\/\"},{\"@type\":\"ListItem\",\"position\":3,\"name\":\"Tondeuse d\u00e9broussailleuse autoport\u00e9e Colombia faucheuse RALF 92 K\"}]},{\"@type\":\"WebSite\",\"@id\":\"https:\/\/hexagodis.com\/#website\",\"url\":\"https:\/\/hexagodis.com\/\",\"name\":\"Hexagodis\",\"description\":\"Mat\u00e9riel de sport &amp; \u00e9quipement sportif\",\"potentialAction\":[{\"@type\":\"SearchAction\",\"target\":{\"@type\":\"EntryPoint\",\"urlTemplate\":\"https:\/\/hexagodis.com\/?s={search_term_string}\"},\"query-input\":{\"@type\":\"PropertyValueSpecification\",\"valueRequired\":true,\"valueName\":\"search_term_string\"}}],\"inLanguage\":\"fr-FR\"}]}<\/script>\n<!-- \/ Yoast SEO plugin. -->","yoast_head_json":{"title":"Tondeuse d\u00e9broussailleuse autoport\u00e9e Colombia faucheuse RALF 92 K - Hexagodis","robots":{"index":"index","follow":"follow","max-snippet":"max-snippet:-1","max-image-preview":"max-image-preview:large","max-video-preview":"max-video-preview:-1"},"canonical":"https:\/\/hexagodis.com\/index.php\/produit\/tondeuse-debroussailleuse-autoportee-colombia-faucheuse-ralf-92-k\/","og_locale":"fr_FR","og_type":"article","og_title":"Tondeuse d\u00e9broussailleuse autoport\u00e9e Colombia faucheuse RALF 92 K - Hexagodis","og_description":"Cette Tondeuse d\u00e9broussailleuse autoport\u00e9e Colombia RALF92K de Colombia est adapt\u00e9e pour les tr\u00e8s grands terrains. Son rendement : 6500 \u00e0 8000 m\u00b2 par heure. Trois fonctions : tondre, faucher et d\u00e9broussailler. Trois fonctions : tondre, faucher et d\u00e9broussailler. Equipements : Plateau mulching Diff\u00e9rentiel avec blocage Compteur horaire Phares avant Syst\u00e8me de s\u00e9curit\u00e9 : Arceau de s\u00e9curit\u00e9, pare-chocs AV \/ AR et protections lat\u00e9rales Conseill\u00e9e pour tr\u00e8s grand terrain avec un rendement de 6500 \u00e0 8000 m\u00b2\/h NEUF GARANTIE CONSTRUCTEUR 2 ANS.","og_url":"https:\/\/hexagodis.com\/index.php\/produit\/tondeuse-debroussailleuse-autoportee-colombia-faucheuse-ralf-92-k\/","og_site_name":"Hexagodis","article_modified_time":"2025-08-30T11:26:55+00:00","twitter_card":"summary_large_image","schema":{"@context":"https:\/\/schema.org","@graph":[{"@type":"WebPage","@id":"https:\/\/hexagodis.com\/index.php\/produit\/tondeuse-debroussailleuse-autoportee-colombia-faucheuse-ralf-92-k\/","url":"https:\/\/hexagodis.com\/index.php\/produit\/tondeuse-debroussailleuse-autoportee-colombia-faucheuse-ralf-92-k\/","name":"Tondeuse d\u00e9broussailleuse autoport\u00e9e Colombia faucheuse RALF 92 K - Hexagodis","isPartOf":{"@id":"https:\/\/hexagodis.com\/#website"},"primaryImageOfPage":{"@id":"https:\/\/hexagodis.com\/index.php\/produit\/tondeuse-debroussailleuse-autoportee-colombia-faucheuse-ralf-92-k\/#primaryimage"},"image":{"@id":"https:\/\/hexagodis.com\/index.php\/produit\/tondeuse-debroussailleuse-autoportee-colombia-faucheuse-ralf-92-k\/#primaryimage"},"thumbnailUrl":"https:\/\/hexagodis.com\/wp-content\/uploads\/2025\/08\/Tracteur-tondeuse-debroussailleuse-Colombia-RALF-92.jpg","datePublished":"2025-08-30T11:26:00+00:00","dateModified":"2025-08-30T11:26:55+00:00","breadcrumb":{"@id":"https:\/\/hexagodis.com\/index.php\/produit\/tondeuse-debroussailleuse-autoportee-colombia-faucheuse-ralf-92-k\/#breadcrumb"},"inLanguage":"fr-FR","potentialAction":[{"@type":"ReadAction","target":["https:\/\/hexagodis.com\/index.php\/produit\/tondeuse-debroussailleuse-autoportee-colombia-faucheuse-ralf-92-k\/"]}]},{"@type":"ImageObject","inLanguage":"fr-FR","@id":"https:\/\/hexagodis.com\/index.php\/produit\/tondeuse-debroussailleuse-autoportee-colombia-faucheuse-ralf-92-k\/#primaryimage","url":"https:\/\/hexagodis.com\/wp-content\/uploads\/2025\/08\/Tracteur-tondeuse-debroussailleuse-Colombia-RALF-92.jpg","contentUrl":"https:\/\/hexagodis.com\/wp-content\/uploads\/2025\/08\/Tracteur-tondeuse-debroussailleuse-Colombia-RALF-92.jpg","width":800,"height":800},{"@type":"BreadcrumbList","@id":"https:\/\/hexagodis.com\/index.php\/produit\/tondeuse-debroussailleuse-autoportee-colombia-faucheuse-ralf-92-k\/#breadcrumb","itemListElement":[{"@type":"ListItem","position":1,"name":"Accueil","item":"https:\/\/hexagodis.com\/"},{"@type":"ListItem","position":2,"name":"Boutique","item":"https:\/\/hexagodis.com\/index.php\/boutique\/"},{"@type":"ListItem","position":3,"name":"Tondeuse d\u00e9broussailleuse autoport\u00e9e Colombia faucheuse RALF 92 K"}]},{"@type":"WebSite","@id":"https:\/\/hexagodis.com\/#website","url":"https:\/\/hexagodis.com\/","name":"Hexagodis","description":"Mat\u00e9riel de sport &amp; \u00e9quipement sportif","potentialAction":[{"@type":"SearchAction","target":{"@type":"EntryPoint","urlTemplate":"https:\/\/hexagodis.com\/?s={search_term_string}"},"query-input":{"@type":"PropertyValueSpecification","valueRequired":true,"valueName":"search_term_string"}}],"inLanguage":"fr-FR"}]}},"_links":{"self":[{"href":"https:\/\/hexagodis.com\/index.php\/wp-json\/wp\/v2\/product\/18626","targetHints":{"allow":["GET"]}}],"collection":[{"href":"https:\/\/hexagodis.com\/index.php\/wp-json\/wp\/v2\/product"}],"about":[{"href":"https:\/\/hexagodis.com\/index.php\/wp-json\/wp\/v2\/types\/product"}],"replies":[{"embeddable":true,"href":"https:\/\/hexagodis.com\/index.php\/wp-json\/wp\/v2\/comments?post=18626"}],"version-history":[{"count":1,"href":"https:\/\/hexagodis.com\/index.php\/wp-json\/wp\/v2\/product\/18626\/revisions"}],"predecessor-version":[{"id":18702,"href":"https:\/\/hexagodis.com\/index.php\/wp-json\/wp\/v2\/product\/18626\/revisions\/18702"}],"wp:featuredmedia":[{"embeddable":true,"href":"https:\/\/hexagodis.com\/index.php\/wp-json\/wp\/v2\/media\/18701"}],"wp:attachment":[{"href":"https:\/\/hexagodis.com\/index.php\/wp-json\/wp\/v2\/media?parent=18626"}],"wp:term":[{"taxonomy":"product_brand","embeddable":true,"href":"https:\/\/hexagodis.com\/index.php\/wp-json\/wp\/v2\/product_brand?post=18626"},{"taxonomy":"product_cat","embeddable":true,"href":"https:\/\/hexagodis.com\/index.php\/wp-json\/wp\/v2\/product_cat?post=18626"},{"taxonomy":"product_tag","embeddable":true,"href":"https:\/\/hexagodis.com\/index.php\/wp-json\/wp\/v2\/product_tag?post=18626"}],"curies":[{"name":"wp","href":"https:\/\/api.w.org\/{rel}","templated":true}]}}