{"id":18624,"date":"2025-08-30T13:25:59","date_gmt":"2025-08-30T11:25:59","guid":{"rendered":"https:\/\/hexagodis.com\/?post_type=product&#038;p=18624"},"modified":"2025-08-30T13:26:53","modified_gmt":"2025-08-30T11:26:53","slug":"husqvarna-tc-238-tx-tondeuses-autoportee","status":"publish","type":"product","link":"https:\/\/hexagodis.com\/index.php\/produit\/husqvarna-tc-238-tx-tondeuses-autoportee\/","title":{"rendered":"Husqvarna TC 238 TX \u2013 tondeuses autoport\u00e9e"},"content":{"rendered":"<p>La tondeuse autoport\u00e9e HUSQVARNA TC 238 TX fait partie de la gamme de tracteurs tondeuses \u00e0 bac arri\u00e8re HUSQVARNA TC s\u00e9rie 200.<\/p>\n<p>Cette tondeuse \u00e0 un carter de coupe de 97 cm et un moteur bi-cylindre Briggs &amp; Stratton Intek.<\/p>\n<p>Le tracteur de pelouse TC238 est \u00e9quip\u00e9 de 2 lames bifonctionnelles.<\/p>\n<p>Tracteur tondeuse HUSQVARNA TC 238 TX (ramassage) id\u00e9al pour une surface allant jusqu\u2019\u00e0 5000 m\u00b2.<\/p>\n","protected":false},"excerpt":{"rendered":"<p>La tondeuse autoport\u00e9e HUSQVARNA TC 238 TX fait partie de la gamme de tracteurs tondeuses \u00e0 bac arri\u00e8re HUSQVARNA TC s\u00e9rie 200. Cette tondeuse \u00e0 un carter de coupe de 97 cm et un moteur bi-cylindre Briggs &amp; Stratton Intek. Le tracteur de pelouse TC238 est \u00e9quip\u00e9 de 2 lames bifonctionnelles.<br \/>\nTracteur tondeuse HUSQVARNA TC 238 TX (ramassage) id\u00e9al pour une surface allant jusqu\u2019\u00e0 5000 m\u00b2.<\/p>\n","protected":false},"featured_media":18697,"comment_status":"closed","ping_status":"closed","template":"","meta":[],"product_brand":[],"product_cat":[273,276],"product_tag":[],"class_list":{"0":"post-18624","1":"product","2":"type-product","3":"status-publish","4":"has-post-thumbnail","6":"product_cat-maison-jardin","7":"product_cat-tondeuse-debroussailleuse","9":"first","10":"instock","11":"taxable","12":"shipping-taxable","13":"purchasable","14":"product-type-simple"},"yoast_head":"<!-- This site is optimized with the Yoast SEO plugin v24.8.1 - https:\/\/yoast.com\/wordpress\/plugins\/seo\/ -->\n<title>Husqvarna TC 238 TX \u2013 tondeuses autoport\u00e9e - Hexagodis<\/title>\n<meta name=\"robots\" content=\"index, follow, max-snippet:-1, max-image-preview:large, max-video-preview:-1\" \/>\n<link rel=\"canonical\" href=\"https:\/\/hexagodis.com\/index.php\/produit\/husqvarna-tc-238-tx-tondeuses-autoportee\/\" \/>\n<meta property=\"og:locale\" content=\"fr_FR\" \/>\n<meta property=\"og:type\" content=\"article\" \/>\n<meta property=\"og:title\" content=\"Husqvarna TC 238 TX \u2013 tondeuses autoport\u00e9e - Hexagodis\" \/>\n<meta property=\"og:description\" content=\"La tondeuse autoport\u00e9e HUSQVARNA TC 238 TX fait partie de la gamme de tracteurs tondeuses \u00e0 bac arri\u00e8re HUSQVARNA TC s\u00e9rie 200. Cette tondeuse \u00e0 un carter de coupe de 97 cm et un moteur bi-cylindre Briggs &amp; Stratton Intek. Le tracteur de pelouse TC238 est \u00e9quip\u00e9 de 2 lames bifonctionnelles. Tracteur tondeuse HUSQVARNA TC 238 TX (ramassage) id\u00e9al pour une surface allant jusqu\u2019\u00e0 5000 m\u00b2.\" \/>\n<meta property=\"og:url\" content=\"https:\/\/hexagodis.com\/index.php\/produit\/husqvarna-tc-238-tx-tondeuses-autoportee\/\" \/>\n<meta property=\"og:site_name\" content=\"Hexagodis\" \/>\n<meta property=\"article:modified_time\" content=\"2025-08-30T11:26:53+00:00\" \/>\n<meta name=\"twitter:card\" content=\"summary_large_image\" \/>\n<script type=\"application\/ld+json\" class=\"yoast-schema-graph\">{\"@context\":\"https:\/\/schema.org\",\"@graph\":[{\"@type\":\"WebPage\",\"@id\":\"https:\/\/hexagodis.com\/index.php\/produit\/husqvarna-tc-238-tx-tondeuses-autoportee\/\",\"url\":\"https:\/\/hexagodis.com\/index.php\/produit\/husqvarna-tc-238-tx-tondeuses-autoportee\/\",\"name\":\"Husqvarna TC 238 TX \u2013 tondeuses autoport\u00e9e - Hexagodis\",\"isPartOf\":{\"@id\":\"https:\/\/hexagodis.com\/#website\"},\"primaryImageOfPage\":{\"@id\":\"https:\/\/hexagodis.com\/index.php\/produit\/husqvarna-tc-238-tx-tondeuses-autoportee\/#primaryimage\"},\"image\":{\"@id\":\"https:\/\/hexagodis.com\/index.php\/produit\/husqvarna-tc-238-tx-tondeuses-autoportee\/#primaryimage\"},\"thumbnailUrl\":\"https:\/\/hexagodis.com\/wp-content\/uploads\/2025\/08\/image-2.png\",\"datePublished\":\"2025-08-30T11:25:59+00:00\",\"dateModified\":\"2025-08-30T11:26:53+00:00\",\"breadcrumb\":{\"@id\":\"https:\/\/hexagodis.com\/index.php\/produit\/husqvarna-tc-238-tx-tondeuses-autoportee\/#breadcrumb\"},\"inLanguage\":\"fr-FR\",\"potentialAction\":[{\"@type\":\"ReadAction\",\"target\":[\"https:\/\/hexagodis.com\/index.php\/produit\/husqvarna-tc-238-tx-tondeuses-autoportee\/\"]}]},{\"@type\":\"ImageObject\",\"inLanguage\":\"fr-FR\",\"@id\":\"https:\/\/hexagodis.com\/index.php\/produit\/husqvarna-tc-238-tx-tondeuses-autoportee\/#primaryimage\",\"url\":\"https:\/\/hexagodis.com\/wp-content\/uploads\/2025\/08\/image-2.png\",\"contentUrl\":\"https:\/\/hexagodis.com\/wp-content\/uploads\/2025\/08\/image-2.png\",\"width\":600,\"height\":600},{\"@type\":\"BreadcrumbList\",\"@id\":\"https:\/\/hexagodis.com\/index.php\/produit\/husqvarna-tc-238-tx-tondeuses-autoportee\/#breadcrumb\",\"itemListElement\":[{\"@type\":\"ListItem\",\"position\":1,\"name\":\"Accueil\",\"item\":\"https:\/\/hexagodis.com\/\"},{\"@type\":\"ListItem\",\"position\":2,\"name\":\"Boutique\",\"item\":\"https:\/\/hexagodis.com\/index.php\/boutique\/\"},{\"@type\":\"ListItem\",\"position\":3,\"name\":\"Husqvarna TC 238 TX \u2013 tondeuses autoport\u00e9e\"}]},{\"@type\":\"WebSite\",\"@id\":\"https:\/\/hexagodis.com\/#website\",\"url\":\"https:\/\/hexagodis.com\/\",\"name\":\"Hexagodis\",\"description\":\"Mat\u00e9riel de sport &amp; \u00e9quipement sportif\",\"potentialAction\":[{\"@type\":\"SearchAction\",\"target\":{\"@type\":\"EntryPoint\",\"urlTemplate\":\"https:\/\/hexagodis.com\/?s={search_term_string}\"},\"query-input\":{\"@type\":\"PropertyValueSpecification\",\"valueRequired\":true,\"valueName\":\"search_term_string\"}}],\"inLanguage\":\"fr-FR\"}]}<\/script>\n<!-- \/ Yoast SEO plugin. -->","yoast_head_json":{"title":"Husqvarna TC 238 TX \u2013 tondeuses autoport\u00e9e - Hexagodis","robots":{"index":"index","follow":"follow","max-snippet":"max-snippet:-1","max-image-preview":"max-image-preview:large","max-video-preview":"max-video-preview:-1"},"canonical":"https:\/\/hexagodis.com\/index.php\/produit\/husqvarna-tc-238-tx-tondeuses-autoportee\/","og_locale":"fr_FR","og_type":"article","og_title":"Husqvarna TC 238 TX \u2013 tondeuses autoport\u00e9e - Hexagodis","og_description":"La tondeuse autoport\u00e9e HUSQVARNA TC 238 TX fait partie de la gamme de tracteurs tondeuses \u00e0 bac arri\u00e8re HUSQVARNA TC s\u00e9rie 200. Cette tondeuse \u00e0 un carter de coupe de 97 cm et un moteur bi-cylindre Briggs &amp; Stratton Intek. Le tracteur de pelouse TC238 est \u00e9quip\u00e9 de 2 lames bifonctionnelles. Tracteur tondeuse HUSQVARNA TC 238 TX (ramassage) id\u00e9al pour une surface allant jusqu\u2019\u00e0 5000 m\u00b2.","og_url":"https:\/\/hexagodis.com\/index.php\/produit\/husqvarna-tc-238-tx-tondeuses-autoportee\/","og_site_name":"Hexagodis","article_modified_time":"2025-08-30T11:26:53+00:00","twitter_card":"summary_large_image","schema":{"@context":"https:\/\/schema.org","@graph":[{"@type":"WebPage","@id":"https:\/\/hexagodis.com\/index.php\/produit\/husqvarna-tc-238-tx-tondeuses-autoportee\/","url":"https:\/\/hexagodis.com\/index.php\/produit\/husqvarna-tc-238-tx-tondeuses-autoportee\/","name":"Husqvarna TC 238 TX \u2013 tondeuses autoport\u00e9e - Hexagodis","isPartOf":{"@id":"https:\/\/hexagodis.com\/#website"},"primaryImageOfPage":{"@id":"https:\/\/hexagodis.com\/index.php\/produit\/husqvarna-tc-238-tx-tondeuses-autoportee\/#primaryimage"},"image":{"@id":"https:\/\/hexagodis.com\/index.php\/produit\/husqvarna-tc-238-tx-tondeuses-autoportee\/#primaryimage"},"thumbnailUrl":"https:\/\/hexagodis.com\/wp-content\/uploads\/2025\/08\/image-2.png","datePublished":"2025-08-30T11:25:59+00:00","dateModified":"2025-08-30T11:26:53+00:00","breadcrumb":{"@id":"https:\/\/hexagodis.com\/index.php\/produit\/husqvarna-tc-238-tx-tondeuses-autoportee\/#breadcrumb"},"inLanguage":"fr-FR","potentialAction":[{"@type":"ReadAction","target":["https:\/\/hexagodis.com\/index.php\/produit\/husqvarna-tc-238-tx-tondeuses-autoportee\/"]}]},{"@type":"ImageObject","inLanguage":"fr-FR","@id":"https:\/\/hexagodis.com\/index.php\/produit\/husqvarna-tc-238-tx-tondeuses-autoportee\/#primaryimage","url":"https:\/\/hexagodis.com\/wp-content\/uploads\/2025\/08\/image-2.png","contentUrl":"https:\/\/hexagodis.com\/wp-content\/uploads\/2025\/08\/image-2.png","width":600,"height":600},{"@type":"BreadcrumbList","@id":"https:\/\/hexagodis.com\/index.php\/produit\/husqvarna-tc-238-tx-tondeuses-autoportee\/#breadcrumb","itemListElement":[{"@type":"ListItem","position":1,"name":"Accueil","item":"https:\/\/hexagodis.com\/"},{"@type":"ListItem","position":2,"name":"Boutique","item":"https:\/\/hexagodis.com\/index.php\/boutique\/"},{"@type":"ListItem","position":3,"name":"Husqvarna TC 238 TX \u2013 tondeuses autoport\u00e9e"}]},{"@type":"WebSite","@id":"https:\/\/hexagodis.com\/#website","url":"https:\/\/hexagodis.com\/","name":"Hexagodis","description":"Mat\u00e9riel de sport &amp; \u00e9quipement sportif","potentialAction":[{"@type":"SearchAction","target":{"@type":"EntryPoint","urlTemplate":"https:\/\/hexagodis.com\/?s={search_term_string}"},"query-input":{"@type":"PropertyValueSpecification","valueRequired":true,"valueName":"search_term_string"}}],"inLanguage":"fr-FR"}]}},"_links":{"self":[{"href":"https:\/\/hexagodis.com\/index.php\/wp-json\/wp\/v2\/product\/18624","targetHints":{"allow":["GET"]}}],"collection":[{"href":"https:\/\/hexagodis.com\/index.php\/wp-json\/wp\/v2\/product"}],"about":[{"href":"https:\/\/hexagodis.com\/index.php\/wp-json\/wp\/v2\/types\/product"}],"replies":[{"embeddable":true,"href":"https:\/\/hexagodis.com\/index.php\/wp-json\/wp\/v2\/comments?post=18624"}],"version-history":[{"count":1,"href":"https:\/\/hexagodis.com\/index.php\/wp-json\/wp\/v2\/product\/18624\/revisions"}],"predecessor-version":[{"id":18698,"href":"https:\/\/hexagodis.com\/index.php\/wp-json\/wp\/v2\/product\/18624\/revisions\/18698"}],"wp:featuredmedia":[{"embeddable":true,"href":"https:\/\/hexagodis.com\/index.php\/wp-json\/wp\/v2\/media\/18697"}],"wp:attachment":[{"href":"https:\/\/hexagodis.com\/index.php\/wp-json\/wp\/v2\/media?parent=18624"}],"wp:term":[{"taxonomy":"product_brand","embeddable":true,"href":"https:\/\/hexagodis.com\/index.php\/wp-json\/wp\/v2\/product_brand?post=18624"},{"taxonomy":"product_cat","embeddable":true,"href":"https:\/\/hexagodis.com\/index.php\/wp-json\/wp\/v2\/product_cat?post=18624"},{"taxonomy":"product_tag","embeddable":true,"href":"https:\/\/hexagodis.com\/index.php\/wp-json\/wp\/v2\/product_tag?post=18624"}],"curies":[{"name":"wp","href":"https:\/\/api.w.org\/{rel}","templated":true}]}}