{"id":18623,"date":"2025-08-30T13:25:59","date_gmt":"2025-08-30T11:25:59","guid":{"rendered":"https:\/\/hexagodis.com\/?post_type=product&#038;p=18623"},"modified":"2025-08-30T13:26:52","modified_gmt":"2025-08-30T11:26:52","slug":"tondeuse-autoportee-sur-batterie-a-braquage-zero-largeur-de-coupe-107cm","status":"publish","type":"product","link":"https:\/\/hexagodis.com\/index.php\/produit\/tondeuse-autoportee-sur-batterie-a-braquage-zero-largeur-de-coupe-107cm\/","title":{"rendered":"Tondeuse autoport\u00e9e sur batterie \u2013 \u00e0 braquage z\u00e9ro \u2013 Largeur de coupe 107cm"},"content":{"rendered":"<p>Informations g\u00e9n\u00e9rales sur le produit Marque EGO Nom du produit Tondeuse autoport\u00e9e sur batterie \u2013 \u00e0 braquage z\u00e9ro Cat\u00e9gorie TONDEUSE Caract\u00e9ristiques de la tondeuse Type de propulsion Autotract\u00e9e Largeur de coupe 100 cm Hauteur de coupe maximum 25 mm Sp\u00e9cificit\u00e9s moteur Type de motorisation Sur batterie Marque du moteur Sans marque Batterie Fournie Non<\/p>\n","protected":false},"excerpt":{"rendered":"<p>La Z6 est une tondeuse autoport\u00e9e \u00e9lectrique unique en son genre.\u00a0 Dot\u00e9e de la technologie Peak Power\u2122+, elle peut accueillir jusqu\u2019\u00e0 6 batteries EGO 56V ARC Lithium\u2122, offrant ainsi une puissance \u00e9quivalente \u00e0 celle d\u2019un moteur thermique de 22 CV et permettant de tondre jusqu\u2019\u00e0 12.000 m\u00b2 en une seule charge.\u00a0Ultra rapide, le chargeur 1600 W charge compl\u00e8tement 4 batteries de 10 Ah en 2 heures seulement.<\/p>\n","protected":false},"featured_media":18692,"comment_status":"closed","ping_status":"closed","template":"","meta":[],"product_brand":[],"product_cat":[273,275],"product_tag":[],"class_list":{"0":"post-18623","1":"product","2":"type-product","3":"status-publish","4":"has-post-thumbnail","6":"product_cat-maison-jardin","7":"product_cat-tondeuse-a-gazon","9":"first","10":"instock","11":"taxable","12":"shipping-taxable","13":"purchasable","14":"product-type-simple"},"yoast_head":"<!-- This site is optimized with the Yoast SEO plugin v24.8.1 - https:\/\/yoast.com\/wordpress\/plugins\/seo\/ -->\n<title>Tondeuse autoport\u00e9e sur batterie \u2013 \u00e0 braquage z\u00e9ro \u2013 Largeur de coupe 107cm - Hexagodis<\/title>\n<meta name=\"robots\" content=\"index, follow, max-snippet:-1, max-image-preview:large, max-video-preview:-1\" \/>\n<link rel=\"canonical\" href=\"https:\/\/hexagodis.com\/index.php\/produit\/tondeuse-autoportee-sur-batterie-a-braquage-zero-largeur-de-coupe-107cm\/\" \/>\n<meta property=\"og:locale\" content=\"fr_FR\" \/>\n<meta property=\"og:type\" content=\"article\" \/>\n<meta property=\"og:title\" content=\"Tondeuse autoport\u00e9e sur batterie \u2013 \u00e0 braquage z\u00e9ro \u2013 Largeur de coupe 107cm - Hexagodis\" \/>\n<meta property=\"og:description\" content=\"La Z6 est une tondeuse autoport\u00e9e \u00e9lectrique unique en son genre.\u00a0 Dot\u00e9e de la technologie Peak Power\u2122+, elle peut accueillir jusqu\u2019\u00e0 6 batteries EGO 56V ARC Lithium\u2122, offrant ainsi une puissance \u00e9quivalente \u00e0 celle d\u2019un moteur thermique de 22 CV et permettant de tondre jusqu\u2019\u00e0 12.000 m\u00b2 en une seule charge.\u00a0Ultra rapide, le chargeur 1600 W charge compl\u00e8tement 4 batteries de 10 Ah en 2 heures seulement.\" \/>\n<meta property=\"og:url\" content=\"https:\/\/hexagodis.com\/index.php\/produit\/tondeuse-autoportee-sur-batterie-a-braquage-zero-largeur-de-coupe-107cm\/\" \/>\n<meta property=\"og:site_name\" content=\"Hexagodis\" \/>\n<meta property=\"article:modified_time\" content=\"2025-08-30T11:26:52+00:00\" \/>\n<meta name=\"twitter:card\" content=\"summary_large_image\" \/>\n<script type=\"application\/ld+json\" class=\"yoast-schema-graph\">{\"@context\":\"https:\/\/schema.org\",\"@graph\":[{\"@type\":\"WebPage\",\"@id\":\"https:\/\/hexagodis.com\/index.php\/produit\/tondeuse-autoportee-sur-batterie-a-braquage-zero-largeur-de-coupe-107cm\/\",\"url\":\"https:\/\/hexagodis.com\/index.php\/produit\/tondeuse-autoportee-sur-batterie-a-braquage-zero-largeur-de-coupe-107cm\/\",\"name\":\"Tondeuse autoport\u00e9e sur batterie \u2013 \u00e0 braquage z\u00e9ro \u2013 Largeur de coupe 107cm - Hexagodis\",\"isPartOf\":{\"@id\":\"https:\/\/hexagodis.com\/#website\"},\"primaryImageOfPage\":{\"@id\":\"https:\/\/hexagodis.com\/index.php\/produit\/tondeuse-autoportee-sur-batterie-a-braquage-zero-largeur-de-coupe-107cm\/#primaryimage\"},\"image\":{\"@id\":\"https:\/\/hexagodis.com\/index.php\/produit\/tondeuse-autoportee-sur-batterie-a-braquage-zero-largeur-de-coupe-107cm\/#primaryimage\"},\"thumbnailUrl\":\"https:\/\/hexagodis.com\/wp-content\/uploads\/2025\/08\/tondeuse-autoportee-sur-batterie-a-braquage-zero-4.jpg\",\"datePublished\":\"2025-08-30T11:25:59+00:00\",\"dateModified\":\"2025-08-30T11:26:52+00:00\",\"breadcrumb\":{\"@id\":\"https:\/\/hexagodis.com\/index.php\/produit\/tondeuse-autoportee-sur-batterie-a-braquage-zero-largeur-de-coupe-107cm\/#breadcrumb\"},\"inLanguage\":\"fr-FR\",\"potentialAction\":[{\"@type\":\"ReadAction\",\"target\":[\"https:\/\/hexagodis.com\/index.php\/produit\/tondeuse-autoportee-sur-batterie-a-braquage-zero-largeur-de-coupe-107cm\/\"]}]},{\"@type\":\"ImageObject\",\"inLanguage\":\"fr-FR\",\"@id\":\"https:\/\/hexagodis.com\/index.php\/produit\/tondeuse-autoportee-sur-batterie-a-braquage-zero-largeur-de-coupe-107cm\/#primaryimage\",\"url\":\"https:\/\/hexagodis.com\/wp-content\/uploads\/2025\/08\/tondeuse-autoportee-sur-batterie-a-braquage-zero-4.jpg\",\"contentUrl\":\"https:\/\/hexagodis.com\/wp-content\/uploads\/2025\/08\/tondeuse-autoportee-sur-batterie-a-braquage-zero-4.jpg\",\"width\":1200,\"height\":1200},{\"@type\":\"BreadcrumbList\",\"@id\":\"https:\/\/hexagodis.com\/index.php\/produit\/tondeuse-autoportee-sur-batterie-a-braquage-zero-largeur-de-coupe-107cm\/#breadcrumb\",\"itemListElement\":[{\"@type\":\"ListItem\",\"position\":1,\"name\":\"Accueil\",\"item\":\"https:\/\/hexagodis.com\/\"},{\"@type\":\"ListItem\",\"position\":2,\"name\":\"Boutique\",\"item\":\"https:\/\/hexagodis.com\/index.php\/boutique\/\"},{\"@type\":\"ListItem\",\"position\":3,\"name\":\"Tondeuse autoport\u00e9e sur batterie \u2013 \u00e0 braquage z\u00e9ro \u2013 Largeur de coupe 107cm\"}]},{\"@type\":\"WebSite\",\"@id\":\"https:\/\/hexagodis.com\/#website\",\"url\":\"https:\/\/hexagodis.com\/\",\"name\":\"Hexagodis\",\"description\":\"Mat\u00e9riel de sport &amp; \u00e9quipement sportif\",\"potentialAction\":[{\"@type\":\"SearchAction\",\"target\":{\"@type\":\"EntryPoint\",\"urlTemplate\":\"https:\/\/hexagodis.com\/?s={search_term_string}\"},\"query-input\":{\"@type\":\"PropertyValueSpecification\",\"valueRequired\":true,\"valueName\":\"search_term_string\"}}],\"inLanguage\":\"fr-FR\"}]}<\/script>\n<!-- \/ Yoast SEO plugin. -->","yoast_head_json":{"title":"Tondeuse autoport\u00e9e sur batterie \u2013 \u00e0 braquage z\u00e9ro \u2013 Largeur de coupe 107cm - Hexagodis","robots":{"index":"index","follow":"follow","max-snippet":"max-snippet:-1","max-image-preview":"max-image-preview:large","max-video-preview":"max-video-preview:-1"},"canonical":"https:\/\/hexagodis.com\/index.php\/produit\/tondeuse-autoportee-sur-batterie-a-braquage-zero-largeur-de-coupe-107cm\/","og_locale":"fr_FR","og_type":"article","og_title":"Tondeuse autoport\u00e9e sur batterie \u2013 \u00e0 braquage z\u00e9ro \u2013 Largeur de coupe 107cm - Hexagodis","og_description":"La Z6 est une tondeuse autoport\u00e9e \u00e9lectrique unique en son genre.\u00a0 Dot\u00e9e de la technologie Peak Power\u2122+, elle peut accueillir jusqu\u2019\u00e0 6 batteries EGO 56V ARC Lithium\u2122, offrant ainsi une puissance \u00e9quivalente \u00e0 celle d\u2019un moteur thermique de 22 CV et permettant de tondre jusqu\u2019\u00e0 12.000 m\u00b2 en une seule charge.\u00a0Ultra rapide, le chargeur 1600 W charge compl\u00e8tement 4 batteries de 10 Ah en 2 heures seulement.","og_url":"https:\/\/hexagodis.com\/index.php\/produit\/tondeuse-autoportee-sur-batterie-a-braquage-zero-largeur-de-coupe-107cm\/","og_site_name":"Hexagodis","article_modified_time":"2025-08-30T11:26:52+00:00","twitter_card":"summary_large_image","schema":{"@context":"https:\/\/schema.org","@graph":[{"@type":"WebPage","@id":"https:\/\/hexagodis.com\/index.php\/produit\/tondeuse-autoportee-sur-batterie-a-braquage-zero-largeur-de-coupe-107cm\/","url":"https:\/\/hexagodis.com\/index.php\/produit\/tondeuse-autoportee-sur-batterie-a-braquage-zero-largeur-de-coupe-107cm\/","name":"Tondeuse autoport\u00e9e sur batterie \u2013 \u00e0 braquage z\u00e9ro \u2013 Largeur de coupe 107cm - Hexagodis","isPartOf":{"@id":"https:\/\/hexagodis.com\/#website"},"primaryImageOfPage":{"@id":"https:\/\/hexagodis.com\/index.php\/produit\/tondeuse-autoportee-sur-batterie-a-braquage-zero-largeur-de-coupe-107cm\/#primaryimage"},"image":{"@id":"https:\/\/hexagodis.com\/index.php\/produit\/tondeuse-autoportee-sur-batterie-a-braquage-zero-largeur-de-coupe-107cm\/#primaryimage"},"thumbnailUrl":"https:\/\/hexagodis.com\/wp-content\/uploads\/2025\/08\/tondeuse-autoportee-sur-batterie-a-braquage-zero-4.jpg","datePublished":"2025-08-30T11:25:59+00:00","dateModified":"2025-08-30T11:26:52+00:00","breadcrumb":{"@id":"https:\/\/hexagodis.com\/index.php\/produit\/tondeuse-autoportee-sur-batterie-a-braquage-zero-largeur-de-coupe-107cm\/#breadcrumb"},"inLanguage":"fr-FR","potentialAction":[{"@type":"ReadAction","target":["https:\/\/hexagodis.com\/index.php\/produit\/tondeuse-autoportee-sur-batterie-a-braquage-zero-largeur-de-coupe-107cm\/"]}]},{"@type":"ImageObject","inLanguage":"fr-FR","@id":"https:\/\/hexagodis.com\/index.php\/produit\/tondeuse-autoportee-sur-batterie-a-braquage-zero-largeur-de-coupe-107cm\/#primaryimage","url":"https:\/\/hexagodis.com\/wp-content\/uploads\/2025\/08\/tondeuse-autoportee-sur-batterie-a-braquage-zero-4.jpg","contentUrl":"https:\/\/hexagodis.com\/wp-content\/uploads\/2025\/08\/tondeuse-autoportee-sur-batterie-a-braquage-zero-4.jpg","width":1200,"height":1200},{"@type":"BreadcrumbList","@id":"https:\/\/hexagodis.com\/index.php\/produit\/tondeuse-autoportee-sur-batterie-a-braquage-zero-largeur-de-coupe-107cm\/#breadcrumb","itemListElement":[{"@type":"ListItem","position":1,"name":"Accueil","item":"https:\/\/hexagodis.com\/"},{"@type":"ListItem","position":2,"name":"Boutique","item":"https:\/\/hexagodis.com\/index.php\/boutique\/"},{"@type":"ListItem","position":3,"name":"Tondeuse autoport\u00e9e sur batterie \u2013 \u00e0 braquage z\u00e9ro \u2013 Largeur de coupe 107cm"}]},{"@type":"WebSite","@id":"https:\/\/hexagodis.com\/#website","url":"https:\/\/hexagodis.com\/","name":"Hexagodis","description":"Mat\u00e9riel de sport &amp; \u00e9quipement sportif","potentialAction":[{"@type":"SearchAction","target":{"@type":"EntryPoint","urlTemplate":"https:\/\/hexagodis.com\/?s={search_term_string}"},"query-input":{"@type":"PropertyValueSpecification","valueRequired":true,"valueName":"search_term_string"}}],"inLanguage":"fr-FR"}]}},"_links":{"self":[{"href":"https:\/\/hexagodis.com\/index.php\/wp-json\/wp\/v2\/product\/18623","targetHints":{"allow":["GET"]}}],"collection":[{"href":"https:\/\/hexagodis.com\/index.php\/wp-json\/wp\/v2\/product"}],"about":[{"href":"https:\/\/hexagodis.com\/index.php\/wp-json\/wp\/v2\/types\/product"}],"replies":[{"embeddable":true,"href":"https:\/\/hexagodis.com\/index.php\/wp-json\/wp\/v2\/comments?post=18623"}],"version-history":[{"count":1,"href":"https:\/\/hexagodis.com\/index.php\/wp-json\/wp\/v2\/product\/18623\/revisions"}],"predecessor-version":[{"id":18693,"href":"https:\/\/hexagodis.com\/index.php\/wp-json\/wp\/v2\/product\/18623\/revisions\/18693"}],"wp:featuredmedia":[{"embeddable":true,"href":"https:\/\/hexagodis.com\/index.php\/wp-json\/wp\/v2\/media\/18692"}],"wp:attachment":[{"href":"https:\/\/hexagodis.com\/index.php\/wp-json\/wp\/v2\/media?parent=18623"}],"wp:term":[{"taxonomy":"product_brand","embeddable":true,"href":"https:\/\/hexagodis.com\/index.php\/wp-json\/wp\/v2\/product_brand?post=18623"},{"taxonomy":"product_cat","embeddable":true,"href":"https:\/\/hexagodis.com\/index.php\/wp-json\/wp\/v2\/product_cat?post=18623"},{"taxonomy":"product_tag","embeddable":true,"href":"https:\/\/hexagodis.com\/index.php\/wp-json\/wp\/v2\/product_tag?post=18623"}],"curies":[{"name":"wp","href":"https:\/\/api.w.org\/{rel}","templated":true}]}}