{"id":18619,"date":"2025-08-30T13:25:59","date_gmt":"2025-08-30T11:25:59","guid":{"rendered":"https:\/\/hexagodis.com\/?post_type=product&#038;p=18619"},"modified":"2025-08-30T13:26:35","modified_gmt":"2025-08-30T11:26:35","slug":"fuxtec-tondeuse-thermique-fx-rm5396pes-pro-largeur-de-coupe-53cm-vitesse-reglable-demarrage-electrique-systeme-autotracte","status":"publish","type":"product","link":"https:\/\/hexagodis.com\/index.php\/produit\/fuxtec-tondeuse-thermique-fx-rm5396pes-pro-largeur-de-coupe-53cm-vitesse-reglable-demarrage-electrique-systeme-autotracte\/","title":{"rendered":"FUXTEC Tondeuse Thermique FX-RM5396PeS-PRO, Largeur De Coupe 53cm, Vitesse R\u00e9glable, D\u00e9marrage \u00c9lectrique, Syst\u00e8me Autotract\u00e9"},"content":{"rendered":"<p>Informations g\u00e9n\u00e9rales sur le produit Nom du produit FUXTEC Tondeuse Thermique FX-RM5396PeS-PRO, Largeu Cat\u00e9gorie TONDEUSE G\u00e9n\u00e9ral Marque AUCUNE Dimensions et poids Dimensions 53cm 196cm3 6cv vitesse r\u00e9glable E-Start<\/p>\n","protected":false},"excerpt":{"rendered":"<p>Tondeuse \u00e0 gazon PRO \u00e0 essence avec moteur puissant de 196cm3 avec syst\u00e8me E-Start. Moteur 4 temps de 6 CV et 4,4KW de puissance. Avec autopropulsion r\u00e9glable et 53cm de largeur de coupe.DEMARRAGE \u00c9LECTRIQUE \u2013 D\u00e9marre facilement le moteur en appuyant sur un bouton. Recharge automatique de la batterie Li-Ion pendant la tonte.4en1 \u2013 tonte, ramassage, mulching et \u00e9jection lat\u00e9rale. Bac de ramassage de 60l inclus. Optima<\/p>\n","protected":false},"featured_media":18677,"comment_status":"closed","ping_status":"closed","template":"","meta":[],"product_brand":[],"product_cat":[273,275],"product_tag":[],"class_list":{"0":"post-18619","1":"product","2":"type-product","3":"status-publish","4":"has-post-thumbnail","6":"product_cat-maison-jardin","7":"product_cat-tondeuse-a-gazon","9":"first","10":"instock","11":"taxable","12":"shipping-taxable","13":"purchasable","14":"product-type-simple"},"yoast_head":"<!-- This site is optimized with the Yoast SEO plugin v24.8.1 - https:\/\/yoast.com\/wordpress\/plugins\/seo\/ -->\n<title>FUXTEC Tondeuse Thermique FX-RM5396PeS-PRO, Largeur De Coupe 53cm, Vitesse R\u00e9glable, D\u00e9marrage \u00c9lectrique, Syst\u00e8me Autotract\u00e9 - Hexagodis<\/title>\n<meta name=\"robots\" content=\"index, follow, max-snippet:-1, max-image-preview:large, max-video-preview:-1\" \/>\n<link rel=\"canonical\" href=\"https:\/\/hexagodis.com\/index.php\/produit\/fuxtec-tondeuse-thermique-fx-rm5396pes-pro-largeur-de-coupe-53cm-vitesse-reglable-demarrage-electrique-systeme-autotracte\/\" \/>\n<meta property=\"og:locale\" content=\"fr_FR\" \/>\n<meta property=\"og:type\" content=\"article\" \/>\n<meta property=\"og:title\" content=\"FUXTEC Tondeuse Thermique FX-RM5396PeS-PRO, Largeur De Coupe 53cm, Vitesse R\u00e9glable, D\u00e9marrage \u00c9lectrique, Syst\u00e8me Autotract\u00e9 - Hexagodis\" \/>\n<meta property=\"og:description\" content=\"Tondeuse \u00e0 gazon PRO \u00e0 essence avec moteur puissant de 196cm3 avec syst\u00e8me E-Start. Moteur 4 temps de 6 CV et 4,4KW de puissance. Avec autopropulsion r\u00e9glable et 53cm de largeur de coupe.DEMARRAGE \u00c9LECTRIQUE \u2013 D\u00e9marre facilement le moteur en appuyant sur un bouton. Recharge automatique de la batterie Li-Ion pendant la tonte.4en1 \u2013 tonte, ramassage, mulching et \u00e9jection lat\u00e9rale. Bac de ramassage de 60l inclus. Optima\" \/>\n<meta property=\"og:url\" content=\"https:\/\/hexagodis.com\/index.php\/produit\/fuxtec-tondeuse-thermique-fx-rm5396pes-pro-largeur-de-coupe-53cm-vitesse-reglable-demarrage-electrique-systeme-autotracte\/\" \/>\n<meta property=\"og:site_name\" content=\"Hexagodis\" \/>\n<meta property=\"article:modified_time\" content=\"2025-08-30T11:26:35+00:00\" \/>\n<meta name=\"twitter:card\" content=\"summary_large_image\" \/>\n<script type=\"application\/ld+json\" class=\"yoast-schema-graph\">{\"@context\":\"https:\/\/schema.org\",\"@graph\":[{\"@type\":\"WebPage\",\"@id\":\"https:\/\/hexagodis.com\/index.php\/produit\/fuxtec-tondeuse-thermique-fx-rm5396pes-pro-largeur-de-coupe-53cm-vitesse-reglable-demarrage-electrique-systeme-autotracte\/\",\"url\":\"https:\/\/hexagodis.com\/index.php\/produit\/fuxtec-tondeuse-thermique-fx-rm5396pes-pro-largeur-de-coupe-53cm-vitesse-reglable-demarrage-electrique-systeme-autotracte\/\",\"name\":\"FUXTEC Tondeuse Thermique FX-RM5396PeS-PRO, Largeur De Coupe 53cm, Vitesse R\u00e9glable, D\u00e9marrage \u00c9lectrique, Syst\u00e8me Autotract\u00e9 - Hexagodis\",\"isPartOf\":{\"@id\":\"https:\/\/hexagodis.com\/#website\"},\"primaryImageOfPage\":{\"@id\":\"https:\/\/hexagodis.com\/index.php\/produit\/fuxtec-tondeuse-thermique-fx-rm5396pes-pro-largeur-de-coupe-53cm-vitesse-reglable-demarrage-electrique-systeme-autotracte\/#primaryimage\"},\"image\":{\"@id\":\"https:\/\/hexagodis.com\/index.php\/produit\/fuxtec-tondeuse-thermique-fx-rm5396pes-pro-largeur-de-coupe-53cm-vitesse-reglable-demarrage-electrique-systeme-autotracte\/#primaryimage\"},\"thumbnailUrl\":\"https:\/\/hexagodis.com\/wp-content\/uploads\/2025\/08\/fuxtec-tondeuse-thermique-fx-rm5396pes-pro-largeu-4.jpg\",\"datePublished\":\"2025-08-30T11:25:59+00:00\",\"dateModified\":\"2025-08-30T11:26:35+00:00\",\"breadcrumb\":{\"@id\":\"https:\/\/hexagodis.com\/index.php\/produit\/fuxtec-tondeuse-thermique-fx-rm5396pes-pro-largeur-de-coupe-53cm-vitesse-reglable-demarrage-electrique-systeme-autotracte\/#breadcrumb\"},\"inLanguage\":\"fr-FR\",\"potentialAction\":[{\"@type\":\"ReadAction\",\"target\":[\"https:\/\/hexagodis.com\/index.php\/produit\/fuxtec-tondeuse-thermique-fx-rm5396pes-pro-largeur-de-coupe-53cm-vitesse-reglable-demarrage-electrique-systeme-autotracte\/\"]}]},{\"@type\":\"ImageObject\",\"inLanguage\":\"fr-FR\",\"@id\":\"https:\/\/hexagodis.com\/index.php\/produit\/fuxtec-tondeuse-thermique-fx-rm5396pes-pro-largeur-de-coupe-53cm-vitesse-reglable-demarrage-electrique-systeme-autotracte\/#primaryimage\",\"url\":\"https:\/\/hexagodis.com\/wp-content\/uploads\/2025\/08\/fuxtec-tondeuse-thermique-fx-rm5396pes-pro-largeu-4.jpg\",\"contentUrl\":\"https:\/\/hexagodis.com\/wp-content\/uploads\/2025\/08\/fuxtec-tondeuse-thermique-fx-rm5396pes-pro-largeu-4.jpg\",\"width\":1200,\"height\":1200},{\"@type\":\"BreadcrumbList\",\"@id\":\"https:\/\/hexagodis.com\/index.php\/produit\/fuxtec-tondeuse-thermique-fx-rm5396pes-pro-largeur-de-coupe-53cm-vitesse-reglable-demarrage-electrique-systeme-autotracte\/#breadcrumb\",\"itemListElement\":[{\"@type\":\"ListItem\",\"position\":1,\"name\":\"Accueil\",\"item\":\"https:\/\/hexagodis.com\/\"},{\"@type\":\"ListItem\",\"position\":2,\"name\":\"Boutique\",\"item\":\"https:\/\/hexagodis.com\/index.php\/boutique\/\"},{\"@type\":\"ListItem\",\"position\":3,\"name\":\"FUXTEC Tondeuse Thermique FX-RM5396PeS-PRO, Largeur De Coupe 53cm, Vitesse R\u00e9glable, D\u00e9marrage \u00c9lectrique, Syst\u00e8me Autotract\u00e9\"}]},{\"@type\":\"WebSite\",\"@id\":\"https:\/\/hexagodis.com\/#website\",\"url\":\"https:\/\/hexagodis.com\/\",\"name\":\"Hexagodis\",\"description\":\"Mat\u00e9riel de sport &amp; \u00e9quipement sportif\",\"potentialAction\":[{\"@type\":\"SearchAction\",\"target\":{\"@type\":\"EntryPoint\",\"urlTemplate\":\"https:\/\/hexagodis.com\/?s={search_term_string}\"},\"query-input\":{\"@type\":\"PropertyValueSpecification\",\"valueRequired\":true,\"valueName\":\"search_term_string\"}}],\"inLanguage\":\"fr-FR\"}]}<\/script>\n<!-- \/ Yoast SEO plugin. -->","yoast_head_json":{"title":"FUXTEC Tondeuse Thermique FX-RM5396PeS-PRO, Largeur De Coupe 53cm, Vitesse R\u00e9glable, D\u00e9marrage \u00c9lectrique, Syst\u00e8me Autotract\u00e9 - Hexagodis","robots":{"index":"index","follow":"follow","max-snippet":"max-snippet:-1","max-image-preview":"max-image-preview:large","max-video-preview":"max-video-preview:-1"},"canonical":"https:\/\/hexagodis.com\/index.php\/produit\/fuxtec-tondeuse-thermique-fx-rm5396pes-pro-largeur-de-coupe-53cm-vitesse-reglable-demarrage-electrique-systeme-autotracte\/","og_locale":"fr_FR","og_type":"article","og_title":"FUXTEC Tondeuse Thermique FX-RM5396PeS-PRO, Largeur De Coupe 53cm, Vitesse R\u00e9glable, D\u00e9marrage \u00c9lectrique, Syst\u00e8me Autotract\u00e9 - Hexagodis","og_description":"Tondeuse \u00e0 gazon PRO \u00e0 essence avec moteur puissant de 196cm3 avec syst\u00e8me E-Start. Moteur 4 temps de 6 CV et 4,4KW de puissance. Avec autopropulsion r\u00e9glable et 53cm de largeur de coupe.DEMARRAGE \u00c9LECTRIQUE \u2013 D\u00e9marre facilement le moteur en appuyant sur un bouton. Recharge automatique de la batterie Li-Ion pendant la tonte.4en1 \u2013 tonte, ramassage, mulching et \u00e9jection lat\u00e9rale. Bac de ramassage de 60l inclus. Optima","og_url":"https:\/\/hexagodis.com\/index.php\/produit\/fuxtec-tondeuse-thermique-fx-rm5396pes-pro-largeur-de-coupe-53cm-vitesse-reglable-demarrage-electrique-systeme-autotracte\/","og_site_name":"Hexagodis","article_modified_time":"2025-08-30T11:26:35+00:00","twitter_card":"summary_large_image","schema":{"@context":"https:\/\/schema.org","@graph":[{"@type":"WebPage","@id":"https:\/\/hexagodis.com\/index.php\/produit\/fuxtec-tondeuse-thermique-fx-rm5396pes-pro-largeur-de-coupe-53cm-vitesse-reglable-demarrage-electrique-systeme-autotracte\/","url":"https:\/\/hexagodis.com\/index.php\/produit\/fuxtec-tondeuse-thermique-fx-rm5396pes-pro-largeur-de-coupe-53cm-vitesse-reglable-demarrage-electrique-systeme-autotracte\/","name":"FUXTEC Tondeuse Thermique FX-RM5396PeS-PRO, Largeur De Coupe 53cm, Vitesse R\u00e9glable, D\u00e9marrage \u00c9lectrique, Syst\u00e8me Autotract\u00e9 - Hexagodis","isPartOf":{"@id":"https:\/\/hexagodis.com\/#website"},"primaryImageOfPage":{"@id":"https:\/\/hexagodis.com\/index.php\/produit\/fuxtec-tondeuse-thermique-fx-rm5396pes-pro-largeur-de-coupe-53cm-vitesse-reglable-demarrage-electrique-systeme-autotracte\/#primaryimage"},"image":{"@id":"https:\/\/hexagodis.com\/index.php\/produit\/fuxtec-tondeuse-thermique-fx-rm5396pes-pro-largeur-de-coupe-53cm-vitesse-reglable-demarrage-electrique-systeme-autotracte\/#primaryimage"},"thumbnailUrl":"https:\/\/hexagodis.com\/wp-content\/uploads\/2025\/08\/fuxtec-tondeuse-thermique-fx-rm5396pes-pro-largeu-4.jpg","datePublished":"2025-08-30T11:25:59+00:00","dateModified":"2025-08-30T11:26:35+00:00","breadcrumb":{"@id":"https:\/\/hexagodis.com\/index.php\/produit\/fuxtec-tondeuse-thermique-fx-rm5396pes-pro-largeur-de-coupe-53cm-vitesse-reglable-demarrage-electrique-systeme-autotracte\/#breadcrumb"},"inLanguage":"fr-FR","potentialAction":[{"@type":"ReadAction","target":["https:\/\/hexagodis.com\/index.php\/produit\/fuxtec-tondeuse-thermique-fx-rm5396pes-pro-largeur-de-coupe-53cm-vitesse-reglable-demarrage-electrique-systeme-autotracte\/"]}]},{"@type":"ImageObject","inLanguage":"fr-FR","@id":"https:\/\/hexagodis.com\/index.php\/produit\/fuxtec-tondeuse-thermique-fx-rm5396pes-pro-largeur-de-coupe-53cm-vitesse-reglable-demarrage-electrique-systeme-autotracte\/#primaryimage","url":"https:\/\/hexagodis.com\/wp-content\/uploads\/2025\/08\/fuxtec-tondeuse-thermique-fx-rm5396pes-pro-largeu-4.jpg","contentUrl":"https:\/\/hexagodis.com\/wp-content\/uploads\/2025\/08\/fuxtec-tondeuse-thermique-fx-rm5396pes-pro-largeu-4.jpg","width":1200,"height":1200},{"@type":"BreadcrumbList","@id":"https:\/\/hexagodis.com\/index.php\/produit\/fuxtec-tondeuse-thermique-fx-rm5396pes-pro-largeur-de-coupe-53cm-vitesse-reglable-demarrage-electrique-systeme-autotracte\/#breadcrumb","itemListElement":[{"@type":"ListItem","position":1,"name":"Accueil","item":"https:\/\/hexagodis.com\/"},{"@type":"ListItem","position":2,"name":"Boutique","item":"https:\/\/hexagodis.com\/index.php\/boutique\/"},{"@type":"ListItem","position":3,"name":"FUXTEC Tondeuse Thermique FX-RM5396PeS-PRO, Largeur De Coupe 53cm, Vitesse R\u00e9glable, D\u00e9marrage \u00c9lectrique, Syst\u00e8me Autotract\u00e9"}]},{"@type":"WebSite","@id":"https:\/\/hexagodis.com\/#website","url":"https:\/\/hexagodis.com\/","name":"Hexagodis","description":"Mat\u00e9riel de sport &amp; \u00e9quipement sportif","potentialAction":[{"@type":"SearchAction","target":{"@type":"EntryPoint","urlTemplate":"https:\/\/hexagodis.com\/?s={search_term_string}"},"query-input":{"@type":"PropertyValueSpecification","valueRequired":true,"valueName":"search_term_string"}}],"inLanguage":"fr-FR"}]}},"_links":{"self":[{"href":"https:\/\/hexagodis.com\/index.php\/wp-json\/wp\/v2\/product\/18619","targetHints":{"allow":["GET"]}}],"collection":[{"href":"https:\/\/hexagodis.com\/index.php\/wp-json\/wp\/v2\/product"}],"about":[{"href":"https:\/\/hexagodis.com\/index.php\/wp-json\/wp\/v2\/types\/product"}],"replies":[{"embeddable":true,"href":"https:\/\/hexagodis.com\/index.php\/wp-json\/wp\/v2\/comments?post=18619"}],"version-history":[{"count":1,"href":"https:\/\/hexagodis.com\/index.php\/wp-json\/wp\/v2\/product\/18619\/revisions"}],"predecessor-version":[{"id":18678,"href":"https:\/\/hexagodis.com\/index.php\/wp-json\/wp\/v2\/product\/18619\/revisions\/18678"}],"wp:featuredmedia":[{"embeddable":true,"href":"https:\/\/hexagodis.com\/index.php\/wp-json\/wp\/v2\/media\/18677"}],"wp:attachment":[{"href":"https:\/\/hexagodis.com\/index.php\/wp-json\/wp\/v2\/media?parent=18619"}],"wp:term":[{"taxonomy":"product_brand","embeddable":true,"href":"https:\/\/hexagodis.com\/index.php\/wp-json\/wp\/v2\/product_brand?post=18619"},{"taxonomy":"product_cat","embeddable":true,"href":"https:\/\/hexagodis.com\/index.php\/wp-json\/wp\/v2\/product_cat?post=18619"},{"taxonomy":"product_tag","embeddable":true,"href":"https:\/\/hexagodis.com\/index.php\/wp-json\/wp\/v2\/product_tag?post=18619"}],"curies":[{"name":"wp","href":"https:\/\/api.w.org\/{rel}","templated":true}]}}