{"id":18417,"date":"2025-08-30T13:05:22","date_gmt":"2025-08-30T11:05:22","guid":{"rendered":"https:\/\/hexagodis.com\/?post_type=product&#038;p=18417"},"modified":"2025-08-30T13:05:50","modified_gmt":"2025-08-30T11:05:50","slug":"saeco-xelsis-suprema-machine-expresso-cafe-a-grain-connexion-wi-fi-22-specialites-de-cafe-ecran-tactile-intuitif-de-78-8-profils-utilisateur-broyeur-en-ceramique-sm8889-00","status":"publish","type":"product","link":"https:\/\/hexagodis.com\/index.php\/produit\/saeco-xelsis-suprema-machine-expresso-cafe-a-grain-connexion-wi-fi-22-specialites-de-cafe-ecran-tactile-intuitif-de-78-8-profils-utilisateur-broyeur-en-ceramique-sm8889-00\/","title":{"rendered":"Saeco Xelsis Suprema Machine Expresso &#8211; Caf\u00e9 \u00e0 Grain &#8211; Connexion Wi-Fi, 22 Sp\u00e9cialit\u00e9s de Caf\u00e9, \u00c9cran Tactile Intuitif De 7,8&Prime;, 8 Profils Utilisateur, Broyeur en C\u00e9ramique (SM8889\/00)"},"content":{"rendered":"<div id=\"productOverview_feature_div\" class=\"celwidget\" data-feature-name=\"productOverview\" data-csa-c-type=\"widget\" data-csa-c-content-id=\"productOverview\" data-csa-c-slot-id=\"productOverview_feature_div\" data-csa-c-asin=\"B09BVPF7R6\" data-csa-c-is-in-initial-active-row=\"false\" data-csa-c-id=\"2aivrg-1golk4-mpxtiz-hqp06j\" data-cel-widget=\"productOverview_feature_div\">\n<div id=\"poExpander\" class=\"a-expander-collapsed-height a-row a-expander-container a-spacing-none a-expander-partial-collapse-container\" data-a-expander-name=\"product_overview\" data-a-expander-collapsed-height=\"210\">\n<div class=\"a-expander-content a-expander-partial-collapse-content a-expander-content-expanded\" aria-expanded=\"true\">\n<div class=\"a-section a-spacing-small a-spacing-top-small\">\n<table class=\"a-normal a-spacing-micro\">\n<tbody>\n<tr class=\"a-spacing-small po-brand\">\n<td class=\"a-span3\"><span class=\"a-size-base a-text-bold\">Marque<\/span><\/td>\n<td class=\"a-span9\"><span class=\"a-size-base po-break-word\">Philips Domestic Appliances<\/span><\/td>\n<\/tr>\n<tr class=\"a-spacing-small po-color\">\n<td class=\"a-span3\"><span class=\"a-size-base a-text-bold\">Couleur<\/span><\/td>\n<td class=\"a-span9\"><span class=\"a-size-base po-break-word\">Acier Inoxydable<\/span><\/td>\n<\/tr>\n<tr class=\"a-spacing-small po-item_depth_width_height\">\n<td class=\"a-span3\"><span class=\"a-size-base a-text-bold\">Dimensions du produit<\/span><\/td>\n<td class=\"a-span9\"><span class=\"a-size-base po-break-word\">28,7P x 48,7l x 39,6H centim\u00e8tres<\/span><\/td>\n<\/tr>\n<tr class=\"a-spacing-small po-special_feature\">\n<td class=\"a-span3\"><span class=\"a-size-base a-text-bold\">Caract\u00e9ristique sp\u00e9ciale<\/span><\/td>\n<td class=\"a-span9\"><span class=\"a-size-base po-break-word\">Filtre \u00e0 eau<\/span><\/td>\n<\/tr>\n<tr class=\"a-spacing-small po-coffee_maker_type\">\n<td class=\"a-span3\"><span class=\"a-size-base a-text-bold\">Type de cafeti\u00e8re<\/span><\/td>\n<td class=\"a-span9\"><span class=\"a-size-base po-break-word\">Machine \u00e0 espresso<\/span><\/td>\n<\/tr>\n<tr class=\"a-spacing-small po-filter_type\">\n<td class=\"a-span3\"><span class=\"a-size-base a-text-bold\">Type de filtre<\/span><\/td>\n<td class=\"a-span9\"><span class=\"a-size-base po-break-word\">R\u00e9utilisable<\/span><\/td>\n<\/tr>\n<tr class=\"a-spacing-small po-style\">\n<td class=\"a-span3\"><span class=\"a-size-base a-text-bold\">Style<\/span><\/td>\n<td class=\"a-span9\"><span class=\"a-size-base po-break-word\">Avec Connectivit\u00e9 Wi-Fi<\/span><\/td>\n<\/tr>\n<tr class=\"a-spacing-small po-specific_uses_for_product\">\n<td class=\"a-span3\"><span class=\"a-size-base a-text-bold\">Usages sp\u00e9cifiques pour le produit<\/span><\/td>\n<td class=\"a-span9\"><span class=\"a-size-base po-break-word\">Coupe chaude, Cr\u00e8me glac\u00e9e<\/span><\/td>\n<\/tr>\n<tr class=\"a-spacing-small po-recommended_uses_for_product\">\n<td class=\"a-span3\"><span class=\"a-size-base a-text-bold\">Usages recommand\u00e9s pour le produit<\/span><\/td>\n<td class=\"a-span9\"><span class=\"a-size-base po-break-word\">Reisen<\/span><\/td>\n<\/tr>\n<tr class=\"a-spacing-small po-operation_mode\">\n<td class=\"a-span3\"><span class=\"a-size-base a-text-bold\">Mode de fonctionnement<\/span><\/td>\n<td class=\"a-span9\"><span class=\"a-size-base po-break-word\">Fully Automatic<\/span><\/td>\n<\/tr>\n<\/tbody>\n<\/table>\n<\/div>\n<\/div>\n<div id=\"poToggleButton\" class=\"a-expander-header a-expander-partial-collapse-header\"><\/div>\n<\/div>\n<div id=\"glance_icons_div\" class=\"a-section a-spacing-top-base\">\n<hr class=\"a-divider-normal\" aria-hidden=\"true\" \/>\n<table class=\"a-normal\" style=\"height: 123px;\" width=\"520\">\n<tbody>\n<tr class=\"a-spacing-base\">\n<td class=\"a-span6\">\n<table class=\"a-normal\">\n<tbody>\n<tr>\n<td><img decoding=\"async\" src=\"https:\/\/m.media-amazon.com\/images\/I\/01dD7oHxg7L.svg\" alt=\"\" width=\"36px\" height=\"36px\" \/><\/td>\n<td><span class=\"a-size-base handle-overflow a-text-bold\">Capacit\u00e9<\/span><br \/>\n<span class=\"a-size-base handle-overflow\">7,8 Onces<\/span><\/td>\n<\/tr>\n<\/tbody>\n<\/table>\n<\/td>\n<td class=\"a-span6\">\n<table class=\"a-normal\">\n<tbody>\n<tr>\n<td><img decoding=\"async\" src=\"https:\/\/m.media-amazon.com\/images\/I\/01a9-dByS4L.svg\" alt=\"\" width=\"36px\" height=\"36px\" \/><\/td>\n<td><span class=\"a-size-base handle-overflow a-text-bold\">Mat\u00e9riau<\/span><br \/>\n<span class=\"a-size-base handle-overflow\">Acier inoxydable<\/span><\/td>\n<\/tr>\n<\/tbody>\n<\/table>\n<\/td>\n<\/tr>\n<tr class=\"a-spacing-base\">\n<td class=\"a-span6\">\n<table class=\"a-normal\">\n<tbody>\n<tr>\n<td><img decoding=\"async\" src=\"https:\/\/m.media-amazon.com\/images\/I\/015-tk7Ca2L.svg\" alt=\"\" width=\"36px\" height=\"36px\" \/><\/td>\n<td><span class=\"a-size-base handle-overflow a-text-bold\">Poids de l&rsquo;article<\/span><br \/>\n<span class=\"a-size-base handle-overflow\">12 Kilogrammes<\/span><\/td>\n<\/tr>\n<\/tbody>\n<\/table>\n<\/td>\n<td class=\"a-span6\">\n<table class=\"a-normal\">\n<tbody>\n<tr>\n<td><img decoding=\"async\" src=\"https:\/\/m.media-amazon.com\/images\/I\/01IY5kEWkBL.svg\" alt=\"\" width=\"36px\" height=\"36px\" \/><\/td>\n<td><span class=\"a-size-base handle-overflow a-text-bold\">Tension<\/span><br \/>\n<span class=\"a-size-base handle-overflow\">230<\/span><\/td>\n<\/tr>\n<\/tbody>\n<\/table>\n<\/td>\n<\/tr>\n<\/tbody>\n<\/table>\n<\/div>\n<\/div>\n<div id=\"featurebullets_feature_div\" class=\"celwidget\" data-feature-name=\"featurebullets\" data-csa-c-type=\"widget\" data-csa-c-content-id=\"featurebullets\" data-csa-c-slot-id=\"featurebullets_feature_div\" data-csa-c-asin=\"B09BVPF7R6\" data-csa-c-is-in-initial-active-row=\"false\" data-csa-c-id=\"69ltdc-uih27s-9abo7h-i2fdwk\" data-cel-widget=\"featurebullets_feature_div\">\n<div id=\"feature-bullets\" class=\"a-section a-spacing-medium a-spacing-top-small\">\n<hr \/>\n<h1 class=\"a-size-base-plus a-text-bold\">\u00c0 propos de cet article<\/h1>\n<ul class=\"a-unordered-list a-vertical a-spacing-mini\">\n<li class=\"a-spacing-mini\"><span class=\"a-list-item\">Contr\u00f4le simple : Wi-Fi int\u00e9gr\u00e9 pour am\u00e9liorer en permanence la pr\u00e9paration de vos caf\u00e9s pr\u00e9f\u00e9r\u00e9s et int\u00e9grer de nouvelles recettes, fonctionnalit\u00e9s et profiter des mises \u00e0 jour logicielles, directement sur l&rsquo;\u00e9cran et sans avoir besoin d&rsquo;une application mobile<\/span><\/li>\n<li class=\"a-spacing-mini\"><span class=\"a-list-item\">22 Sp\u00e9cialit\u00e9s de Caf\u00e9 en toute simplicit\u00e9 : D\u00e9couvrez tout un univers de caf\u00e9 &#8211; Expresso, cappuccino, macchiato et toute une gamme d&rsquo;options<\/span><\/li>\n<li class=\"a-spacing-mini\"><span class=\"a-list-item\">Profitez pleinement de vos grains de caf\u00e9 : Le syst\u00e8me BeanMaestro ajuste automatiquement les param\u00e8tres de pr\u00e9paration pour obtenir les meilleurs ar\u00f4mes et saveurs en fonction du type et de la torr\u00e9faction de vos grains de caf\u00e9<\/span><\/li>\n<li class=\"a-spacing-mini\"><span class=\"a-list-item\">Choisissez vos pr\u00e9f\u00e9rences : Les caf\u00e9s pr\u00e9f\u00e9r\u00e9s de chacun peuvent \u00eatre enregistr\u00e9s pour 8 Profils utilisateur pour une s\u00e9lection instantan\u00e9e. Personnalisez facilement chaque profil jusque dans les moindres d\u00e9tails<\/span><\/li>\n<li class=\"a-spacing-mini\"><span class=\"a-list-item\">La connectivit\u00e9 de l&rsquo;appareil est disponible dans les pays suivants : Allemagne, Autriche, Suisse, France, Belgique, Pays-Bas, Luxembourg, Italie, Hongrie, R\u00e9publique tch\u00e8que, Croatie, Serbie, Bulgarie, Pologne, Slov\u00e9nie, Slovaquie, Roumanie, Lettonie, Lituanie, Estonie, Espagne, Portugal. La fonctionnalit\u00e9 d&rsquo;achat sur Amazon est disponible dans les pays suivants : France, Allemagne, Italie, Espagne<\/span><\/li>\n<\/ul>\n<\/div>\n<\/div>\n","protected":false},"excerpt":{"rendered":"<p>Marque Philips Domestic Appliances Couleur Acier Inoxydable Dimensions du produit 28,7P x 48,7l x 39,6H centim\u00e8tres Caract\u00e9ristique sp\u00e9ciale Filtre \u00e0<\/p>\n","protected":false},"featured_media":18439,"comment_status":"closed","ping_status":"closed","template":"","meta":[],"product_brand":[],"product_cat":[263],"product_tag":[],"class_list":{"0":"post-18417","1":"product","2":"type-product","3":"status-publish","4":"has-post-thumbnail","6":"product_cat-machine-a-cafe","8":"first","9":"instock","10":"taxable","11":"shipping-taxable","12":"purchasable","13":"product-type-simple"},"yoast_head":"<!-- This site is optimized with the Yoast SEO plugin v24.8.1 - https:\/\/yoast.com\/wordpress\/plugins\/seo\/ -->\n<title>Saeco Xelsis Suprema Machine Expresso - Caf\u00e9 \u00e0 Grain - Connexion Wi-Fi, 22 Sp\u00e9cialit\u00e9s de Caf\u00e9, \u00c9cran Tactile Intuitif De 7,8&quot;, 8 Profils Utilisateur, Broyeur en C\u00e9ramique (SM8889\/00) - Hexagodis<\/title>\n<meta name=\"robots\" content=\"index, follow, max-snippet:-1, max-image-preview:large, max-video-preview:-1\" \/>\n<link rel=\"canonical\" href=\"https:\/\/hexagodis.com\/index.php\/produit\/saeco-xelsis-suprema-machine-expresso-cafe-a-grain-connexion-wi-fi-22-specialites-de-cafe-ecran-tactile-intuitif-de-78-8-profils-utilisateur-broyeur-en-ceramique-sm8889-00\/\" \/>\n<meta property=\"og:locale\" content=\"fr_FR\" \/>\n<meta property=\"og:type\" content=\"article\" \/>\n<meta property=\"og:title\" content=\"Saeco Xelsis Suprema Machine Expresso - Caf\u00e9 \u00e0 Grain - Connexion Wi-Fi, 22 Sp\u00e9cialit\u00e9s de Caf\u00e9, \u00c9cran Tactile Intuitif De 7,8&quot;, 8 Profils Utilisateur, Broyeur en C\u00e9ramique (SM8889\/00) - Hexagodis\" \/>\n<meta property=\"og:description\" content=\"Marque Philips Domestic Appliances Couleur Acier Inoxydable Dimensions du produit 28,7P x 48,7l x 39,6H centim\u00e8tres Caract\u00e9ristique sp\u00e9ciale Filtre \u00e0\" \/>\n<meta property=\"og:url\" content=\"https:\/\/hexagodis.com\/index.php\/produit\/saeco-xelsis-suprema-machine-expresso-cafe-a-grain-connexion-wi-fi-22-specialites-de-cafe-ecran-tactile-intuitif-de-78-8-profils-utilisateur-broyeur-en-ceramique-sm8889-00\/\" \/>\n<meta property=\"og:site_name\" content=\"Hexagodis\" \/>\n<meta property=\"article:modified_time\" content=\"2025-08-30T11:05:50+00:00\" \/>\n<meta property=\"og:image\" content=\"https:\/\/m.media-amazon.com\/images\/I\/01dD7oHxg7L.svg\" \/>\n<meta name=\"twitter:card\" content=\"summary_large_image\" \/>\n<meta name=\"twitter:label1\" content=\"Dur\u00e9e de lecture estim\u00e9e\" \/>\n\t<meta name=\"twitter:data1\" content=\"1 minute\" \/>\n<script type=\"application\/ld+json\" class=\"yoast-schema-graph\">{\"@context\":\"https:\/\/schema.org\",\"@graph\":[{\"@type\":\"WebPage\",\"@id\":\"https:\/\/hexagodis.com\/index.php\/produit\/saeco-xelsis-suprema-machine-expresso-cafe-a-grain-connexion-wi-fi-22-specialites-de-cafe-ecran-tactile-intuitif-de-78-8-profils-utilisateur-broyeur-en-ceramique-sm8889-00\/\",\"url\":\"https:\/\/hexagodis.com\/index.php\/produit\/saeco-xelsis-suprema-machine-expresso-cafe-a-grain-connexion-wi-fi-22-specialites-de-cafe-ecran-tactile-intuitif-de-78-8-profils-utilisateur-broyeur-en-ceramique-sm8889-00\/\",\"name\":\"Saeco Xelsis Suprema Machine Expresso - Caf\u00e9 \u00e0 Grain - Connexion Wi-Fi, 22 Sp\u00e9cialit\u00e9s de Caf\u00e9, \u00c9cran Tactile Intuitif De 7,8\\\", 8 Profils Utilisateur, Broyeur en C\u00e9ramique (SM8889\/00) - Hexagodis\",\"isPartOf\":{\"@id\":\"https:\/\/hexagodis.com\/#website\"},\"primaryImageOfPage\":{\"@id\":\"https:\/\/hexagodis.com\/index.php\/produit\/saeco-xelsis-suprema-machine-expresso-cafe-a-grain-connexion-wi-fi-22-specialites-de-cafe-ecran-tactile-intuitif-de-78-8-profils-utilisateur-broyeur-en-ceramique-sm8889-00\/#primaryimage\"},\"image\":{\"@id\":\"https:\/\/hexagodis.com\/index.php\/produit\/saeco-xelsis-suprema-machine-expresso-cafe-a-grain-connexion-wi-fi-22-specialites-de-cafe-ecran-tactile-intuitif-de-78-8-profils-utilisateur-broyeur-en-ceramique-sm8889-00\/#primaryimage\"},\"thumbnailUrl\":\"https:\/\/hexagodis.com\/wp-content\/uploads\/2025\/08\/61MorLT7bEL._AC_SL1500_.jpg\",\"datePublished\":\"2025-08-30T11:05:22+00:00\",\"dateModified\":\"2025-08-30T11:05:50+00:00\",\"breadcrumb\":{\"@id\":\"https:\/\/hexagodis.com\/index.php\/produit\/saeco-xelsis-suprema-machine-expresso-cafe-a-grain-connexion-wi-fi-22-specialites-de-cafe-ecran-tactile-intuitif-de-78-8-profils-utilisateur-broyeur-en-ceramique-sm8889-00\/#breadcrumb\"},\"inLanguage\":\"fr-FR\",\"potentialAction\":[{\"@type\":\"ReadAction\",\"target\":[\"https:\/\/hexagodis.com\/index.php\/produit\/saeco-xelsis-suprema-machine-expresso-cafe-a-grain-connexion-wi-fi-22-specialites-de-cafe-ecran-tactile-intuitif-de-78-8-profils-utilisateur-broyeur-en-ceramique-sm8889-00\/\"]}]},{\"@type\":\"ImageObject\",\"inLanguage\":\"fr-FR\",\"@id\":\"https:\/\/hexagodis.com\/index.php\/produit\/saeco-xelsis-suprema-machine-expresso-cafe-a-grain-connexion-wi-fi-22-specialites-de-cafe-ecran-tactile-intuitif-de-78-8-profils-utilisateur-broyeur-en-ceramique-sm8889-00\/#primaryimage\",\"url\":\"https:\/\/hexagodis.com\/wp-content\/uploads\/2025\/08\/61MorLT7bEL._AC_SL1500_.jpg\",\"contentUrl\":\"https:\/\/hexagodis.com\/wp-content\/uploads\/2025\/08\/61MorLT7bEL._AC_SL1500_.jpg\",\"width\":1225,\"height\":1328},{\"@type\":\"BreadcrumbList\",\"@id\":\"https:\/\/hexagodis.com\/index.php\/produit\/saeco-xelsis-suprema-machine-expresso-cafe-a-grain-connexion-wi-fi-22-specialites-de-cafe-ecran-tactile-intuitif-de-78-8-profils-utilisateur-broyeur-en-ceramique-sm8889-00\/#breadcrumb\",\"itemListElement\":[{\"@type\":\"ListItem\",\"position\":1,\"name\":\"Accueil\",\"item\":\"https:\/\/hexagodis.com\/\"},{\"@type\":\"ListItem\",\"position\":2,\"name\":\"Boutique\",\"item\":\"https:\/\/hexagodis.com\/index.php\/boutique\/\"},{\"@type\":\"ListItem\",\"position\":3,\"name\":\"Saeco Xelsis Suprema Machine Expresso &#8211; Caf\u00e9 \u00e0 Grain &#8211; Connexion Wi-Fi, 22 Sp\u00e9cialit\u00e9s de Caf\u00e9, \u00c9cran Tactile Intuitif De 7,8&Prime;, 8 Profils Utilisateur, Broyeur en C\u00e9ramique (SM8889\/00)\"}]},{\"@type\":\"WebSite\",\"@id\":\"https:\/\/hexagodis.com\/#website\",\"url\":\"https:\/\/hexagodis.com\/\",\"name\":\"Hexagodis\",\"description\":\"Mat\u00e9riel de sport &amp; \u00e9quipement sportif\",\"potentialAction\":[{\"@type\":\"SearchAction\",\"target\":{\"@type\":\"EntryPoint\",\"urlTemplate\":\"https:\/\/hexagodis.com\/?s={search_term_string}\"},\"query-input\":{\"@type\":\"PropertyValueSpecification\",\"valueRequired\":true,\"valueName\":\"search_term_string\"}}],\"inLanguage\":\"fr-FR\"}]}<\/script>\n<!-- \/ Yoast SEO plugin. -->","yoast_head_json":{"title":"Saeco Xelsis Suprema Machine Expresso - Caf\u00e9 \u00e0 Grain - Connexion Wi-Fi, 22 Sp\u00e9cialit\u00e9s de Caf\u00e9, \u00c9cran Tactile Intuitif De 7,8\", 8 Profils Utilisateur, Broyeur en C\u00e9ramique (SM8889\/00) - Hexagodis","robots":{"index":"index","follow":"follow","max-snippet":"max-snippet:-1","max-image-preview":"max-image-preview:large","max-video-preview":"max-video-preview:-1"},"canonical":"https:\/\/hexagodis.com\/index.php\/produit\/saeco-xelsis-suprema-machine-expresso-cafe-a-grain-connexion-wi-fi-22-specialites-de-cafe-ecran-tactile-intuitif-de-78-8-profils-utilisateur-broyeur-en-ceramique-sm8889-00\/","og_locale":"fr_FR","og_type":"article","og_title":"Saeco Xelsis Suprema Machine Expresso - Caf\u00e9 \u00e0 Grain - Connexion Wi-Fi, 22 Sp\u00e9cialit\u00e9s de Caf\u00e9, \u00c9cran Tactile Intuitif De 7,8\", 8 Profils Utilisateur, Broyeur en C\u00e9ramique (SM8889\/00) - Hexagodis","og_description":"Marque Philips Domestic Appliances Couleur Acier Inoxydable Dimensions du produit 28,7P x 48,7l x 39,6H centim\u00e8tres Caract\u00e9ristique sp\u00e9ciale Filtre \u00e0","og_url":"https:\/\/hexagodis.com\/index.php\/produit\/saeco-xelsis-suprema-machine-expresso-cafe-a-grain-connexion-wi-fi-22-specialites-de-cafe-ecran-tactile-intuitif-de-78-8-profils-utilisateur-broyeur-en-ceramique-sm8889-00\/","og_site_name":"Hexagodis","article_modified_time":"2025-08-30T11:05:50+00:00","og_image":[{"url":"https:\/\/m.media-amazon.com\/images\/I\/01dD7oHxg7L.svg","type":"","width":"","height":""}],"twitter_card":"summary_large_image","twitter_misc":{"Dur\u00e9e de lecture estim\u00e9e":"1 minute"},"schema":{"@context":"https:\/\/schema.org","@graph":[{"@type":"WebPage","@id":"https:\/\/hexagodis.com\/index.php\/produit\/saeco-xelsis-suprema-machine-expresso-cafe-a-grain-connexion-wi-fi-22-specialites-de-cafe-ecran-tactile-intuitif-de-78-8-profils-utilisateur-broyeur-en-ceramique-sm8889-00\/","url":"https:\/\/hexagodis.com\/index.php\/produit\/saeco-xelsis-suprema-machine-expresso-cafe-a-grain-connexion-wi-fi-22-specialites-de-cafe-ecran-tactile-intuitif-de-78-8-profils-utilisateur-broyeur-en-ceramique-sm8889-00\/","name":"Saeco Xelsis Suprema Machine Expresso - Caf\u00e9 \u00e0 Grain - Connexion Wi-Fi, 22 Sp\u00e9cialit\u00e9s de Caf\u00e9, \u00c9cran Tactile Intuitif De 7,8\", 8 Profils Utilisateur, Broyeur en C\u00e9ramique (SM8889\/00) - Hexagodis","isPartOf":{"@id":"https:\/\/hexagodis.com\/#website"},"primaryImageOfPage":{"@id":"https:\/\/hexagodis.com\/index.php\/produit\/saeco-xelsis-suprema-machine-expresso-cafe-a-grain-connexion-wi-fi-22-specialites-de-cafe-ecran-tactile-intuitif-de-78-8-profils-utilisateur-broyeur-en-ceramique-sm8889-00\/#primaryimage"},"image":{"@id":"https:\/\/hexagodis.com\/index.php\/produit\/saeco-xelsis-suprema-machine-expresso-cafe-a-grain-connexion-wi-fi-22-specialites-de-cafe-ecran-tactile-intuitif-de-78-8-profils-utilisateur-broyeur-en-ceramique-sm8889-00\/#primaryimage"},"thumbnailUrl":"https:\/\/hexagodis.com\/wp-content\/uploads\/2025\/08\/61MorLT7bEL._AC_SL1500_.jpg","datePublished":"2025-08-30T11:05:22+00:00","dateModified":"2025-08-30T11:05:50+00:00","breadcrumb":{"@id":"https:\/\/hexagodis.com\/index.php\/produit\/saeco-xelsis-suprema-machine-expresso-cafe-a-grain-connexion-wi-fi-22-specialites-de-cafe-ecran-tactile-intuitif-de-78-8-profils-utilisateur-broyeur-en-ceramique-sm8889-00\/#breadcrumb"},"inLanguage":"fr-FR","potentialAction":[{"@type":"ReadAction","target":["https:\/\/hexagodis.com\/index.php\/produit\/saeco-xelsis-suprema-machine-expresso-cafe-a-grain-connexion-wi-fi-22-specialites-de-cafe-ecran-tactile-intuitif-de-78-8-profils-utilisateur-broyeur-en-ceramique-sm8889-00\/"]}]},{"@type":"ImageObject","inLanguage":"fr-FR","@id":"https:\/\/hexagodis.com\/index.php\/produit\/saeco-xelsis-suprema-machine-expresso-cafe-a-grain-connexion-wi-fi-22-specialites-de-cafe-ecran-tactile-intuitif-de-78-8-profils-utilisateur-broyeur-en-ceramique-sm8889-00\/#primaryimage","url":"https:\/\/hexagodis.com\/wp-content\/uploads\/2025\/08\/61MorLT7bEL._AC_SL1500_.jpg","contentUrl":"https:\/\/hexagodis.com\/wp-content\/uploads\/2025\/08\/61MorLT7bEL._AC_SL1500_.jpg","width":1225,"height":1328},{"@type":"BreadcrumbList","@id":"https:\/\/hexagodis.com\/index.php\/produit\/saeco-xelsis-suprema-machine-expresso-cafe-a-grain-connexion-wi-fi-22-specialites-de-cafe-ecran-tactile-intuitif-de-78-8-profils-utilisateur-broyeur-en-ceramique-sm8889-00\/#breadcrumb","itemListElement":[{"@type":"ListItem","position":1,"name":"Accueil","item":"https:\/\/hexagodis.com\/"},{"@type":"ListItem","position":2,"name":"Boutique","item":"https:\/\/hexagodis.com\/index.php\/boutique\/"},{"@type":"ListItem","position":3,"name":"Saeco Xelsis Suprema Machine Expresso &#8211; Caf\u00e9 \u00e0 Grain &#8211; Connexion Wi-Fi, 22 Sp\u00e9cialit\u00e9s de Caf\u00e9, \u00c9cran Tactile Intuitif De 7,8&Prime;, 8 Profils Utilisateur, Broyeur en C\u00e9ramique (SM8889\/00)"}]},{"@type":"WebSite","@id":"https:\/\/hexagodis.com\/#website","url":"https:\/\/hexagodis.com\/","name":"Hexagodis","description":"Mat\u00e9riel de sport &amp; \u00e9quipement sportif","potentialAction":[{"@type":"SearchAction","target":{"@type":"EntryPoint","urlTemplate":"https:\/\/hexagodis.com\/?s={search_term_string}"},"query-input":{"@type":"PropertyValueSpecification","valueRequired":true,"valueName":"search_term_string"}}],"inLanguage":"fr-FR"}]}},"_links":{"self":[{"href":"https:\/\/hexagodis.com\/index.php\/wp-json\/wp\/v2\/product\/18417","targetHints":{"allow":["GET"]}}],"collection":[{"href":"https:\/\/hexagodis.com\/index.php\/wp-json\/wp\/v2\/product"}],"about":[{"href":"https:\/\/hexagodis.com\/index.php\/wp-json\/wp\/v2\/types\/product"}],"replies":[{"embeddable":true,"href":"https:\/\/hexagodis.com\/index.php\/wp-json\/wp\/v2\/comments?post=18417"}],"version-history":[{"count":1,"href":"https:\/\/hexagodis.com\/index.php\/wp-json\/wp\/v2\/product\/18417\/revisions"}],"predecessor-version":[{"id":18440,"href":"https:\/\/hexagodis.com\/index.php\/wp-json\/wp\/v2\/product\/18417\/revisions\/18440"}],"wp:featuredmedia":[{"embeddable":true,"href":"https:\/\/hexagodis.com\/index.php\/wp-json\/wp\/v2\/media\/18439"}],"wp:attachment":[{"href":"https:\/\/hexagodis.com\/index.php\/wp-json\/wp\/v2\/media?parent=18417"}],"wp:term":[{"taxonomy":"product_brand","embeddable":true,"href":"https:\/\/hexagodis.com\/index.php\/wp-json\/wp\/v2\/product_brand?post=18417"},{"taxonomy":"product_cat","embeddable":true,"href":"https:\/\/hexagodis.com\/index.php\/wp-json\/wp\/v2\/product_cat?post=18417"},{"taxonomy":"product_tag","embeddable":true,"href":"https:\/\/hexagodis.com\/index.php\/wp-json\/wp\/v2\/product_tag?post=18417"}],"curies":[{"name":"wp","href":"https:\/\/api.w.org\/{rel}","templated":true}]}}