{"id":18366,"date":"2025-08-30T13:00:28","date_gmt":"2025-08-30T11:00:28","guid":{"rendered":"https:\/\/hexagodis.com\/?post_type=product&#038;p=18366"},"modified":"2025-08-30T13:00:47","modified_gmt":"2025-08-30T11:00:47","slug":"vive-htc-lunettes-de-realite-virutal-pro-2-hmd-full-kit-99hasz003-00","status":"publish","type":"product","link":"https:\/\/hexagodis.com\/index.php\/produit\/vive-htc-lunettes-de-realite-virutal-pro-2-hmd-full-kit-99hasz003-00\/","title":{"rendered":"VIVE HTC Lunettes de r\u00e9alit\u00e9 VIRUTAL Pro 2 HMD Full Kit 99HASZ003-00"},"content":{"rendered":"<p>Marque VIVE<br \/>\nCouleur Noir<br \/>\nCaract\u00e9ristique sp\u00e9ciale Casque r\u00e9glable<br \/>\nTechnologie de connectivit\u00e9 Bluetooth<br \/>\nDimensions de l&rsquo;article L x l x H 6 x 21 x 2 centim\u00e8tres<br \/>\nSyst\u00e8me d&rsquo;exploitation PC<br \/>\nPoids de l&rsquo;article 900 Grammes<br \/>\nPlateforme Windows 10<br \/>\nTaille de l&rsquo;\u00e9cran 6 Pouces<\/p>\n<p>Type de batterie \u200eLithium-ion<br \/>\nBatterie rechargeable \u200eOui<br \/>\nGarantie constructeur \u200e2 Ans<\/p>\n","protected":false},"excerpt":{"rendered":"<p>Marque VIVE Couleur Noir Caract\u00e9ristique sp\u00e9ciale Casque r\u00e9glable Technologie de connectivit\u00e9 Bluetooth Dimensions de l&rsquo;article L x l x H<\/p>\n","protected":false},"featured_media":18402,"comment_status":"open","ping_status":"closed","template":"","meta":[],"product_brand":[],"product_cat":[259,262],"product_tag":[],"class_list":{"0":"post-18366","1":"product","2":"type-product","3":"status-publish","4":"has-post-thumbnail","6":"product_cat-consoles-jeux-videos","7":"product_cat-gaming","9":"first","10":"instock","11":"taxable","12":"shipping-taxable","13":"purchasable","14":"product-type-simple"},"yoast_head":"<!-- This site is optimized with the Yoast SEO plugin v24.8.1 - https:\/\/yoast.com\/wordpress\/plugins\/seo\/ -->\n<title>VIVE HTC Lunettes de r\u00e9alit\u00e9 VIRUTAL Pro 2 HMD Full Kit 99HASZ003-00 - Hexagodis<\/title>\n<meta name=\"robots\" content=\"index, follow, max-snippet:-1, max-image-preview:large, max-video-preview:-1\" \/>\n<link rel=\"canonical\" href=\"https:\/\/hexagodis.com\/index.php\/produit\/vive-htc-lunettes-de-realite-virutal-pro-2-hmd-full-kit-99hasz003-00\/\" \/>\n<meta property=\"og:locale\" content=\"fr_FR\" \/>\n<meta property=\"og:type\" content=\"article\" \/>\n<meta property=\"og:title\" content=\"VIVE HTC Lunettes de r\u00e9alit\u00e9 VIRUTAL Pro 2 HMD Full Kit 99HASZ003-00 - Hexagodis\" \/>\n<meta property=\"og:description\" content=\"Marque VIVE Couleur Noir Caract\u00e9ristique sp\u00e9ciale Casque r\u00e9glable Technologie de connectivit\u00e9 Bluetooth Dimensions de l&rsquo;article L x l x H\" \/>\n<meta property=\"og:url\" content=\"https:\/\/hexagodis.com\/index.php\/produit\/vive-htc-lunettes-de-realite-virutal-pro-2-hmd-full-kit-99hasz003-00\/\" \/>\n<meta property=\"og:site_name\" content=\"Hexagodis\" \/>\n<meta property=\"article:modified_time\" content=\"2025-08-30T11:00:47+00:00\" \/>\n<meta name=\"twitter:card\" content=\"summary_large_image\" \/>\n<script type=\"application\/ld+json\" class=\"yoast-schema-graph\">{\"@context\":\"https:\/\/schema.org\",\"@graph\":[{\"@type\":\"WebPage\",\"@id\":\"https:\/\/hexagodis.com\/index.php\/produit\/vive-htc-lunettes-de-realite-virutal-pro-2-hmd-full-kit-99hasz003-00\/\",\"url\":\"https:\/\/hexagodis.com\/index.php\/produit\/vive-htc-lunettes-de-realite-virutal-pro-2-hmd-full-kit-99hasz003-00\/\",\"name\":\"VIVE HTC Lunettes de r\u00e9alit\u00e9 VIRUTAL Pro 2 HMD Full Kit 99HASZ003-00 - Hexagodis\",\"isPartOf\":{\"@id\":\"https:\/\/hexagodis.com\/#website\"},\"primaryImageOfPage\":{\"@id\":\"https:\/\/hexagodis.com\/index.php\/produit\/vive-htc-lunettes-de-realite-virutal-pro-2-hmd-full-kit-99hasz003-00\/#primaryimage\"},\"image\":{\"@id\":\"https:\/\/hexagodis.com\/index.php\/produit\/vive-htc-lunettes-de-realite-virutal-pro-2-hmd-full-kit-99hasz003-00\/#primaryimage\"},\"thumbnailUrl\":\"https:\/\/hexagodis.com\/wp-content\/uploads\/2025\/08\/2-1.jpg\",\"datePublished\":\"2025-08-30T11:00:28+00:00\",\"dateModified\":\"2025-08-30T11:00:47+00:00\",\"breadcrumb\":{\"@id\":\"https:\/\/hexagodis.com\/index.php\/produit\/vive-htc-lunettes-de-realite-virutal-pro-2-hmd-full-kit-99hasz003-00\/#breadcrumb\"},\"inLanguage\":\"fr-FR\",\"potentialAction\":[{\"@type\":\"ReadAction\",\"target\":[\"https:\/\/hexagodis.com\/index.php\/produit\/vive-htc-lunettes-de-realite-virutal-pro-2-hmd-full-kit-99hasz003-00\/\"]}]},{\"@type\":\"ImageObject\",\"inLanguage\":\"fr-FR\",\"@id\":\"https:\/\/hexagodis.com\/index.php\/produit\/vive-htc-lunettes-de-realite-virutal-pro-2-hmd-full-kit-99hasz003-00\/#primaryimage\",\"url\":\"https:\/\/hexagodis.com\/wp-content\/uploads\/2025\/08\/2-1.jpg\",\"contentUrl\":\"https:\/\/hexagodis.com\/wp-content\/uploads\/2025\/08\/2-1.jpg\",\"width\":800,\"height\":800},{\"@type\":\"BreadcrumbList\",\"@id\":\"https:\/\/hexagodis.com\/index.php\/produit\/vive-htc-lunettes-de-realite-virutal-pro-2-hmd-full-kit-99hasz003-00\/#breadcrumb\",\"itemListElement\":[{\"@type\":\"ListItem\",\"position\":1,\"name\":\"Accueil\",\"item\":\"https:\/\/hexagodis.com\/\"},{\"@type\":\"ListItem\",\"position\":2,\"name\":\"Boutique\",\"item\":\"https:\/\/hexagodis.com\/index.php\/boutique\/\"},{\"@type\":\"ListItem\",\"position\":3,\"name\":\"VIVE HTC Lunettes de r\u00e9alit\u00e9 VIRUTAL Pro 2 HMD Full Kit 99HASZ003-00\"}]},{\"@type\":\"WebSite\",\"@id\":\"https:\/\/hexagodis.com\/#website\",\"url\":\"https:\/\/hexagodis.com\/\",\"name\":\"Hexagodis\",\"description\":\"Mat\u00e9riel de sport &amp; \u00e9quipement sportif\",\"potentialAction\":[{\"@type\":\"SearchAction\",\"target\":{\"@type\":\"EntryPoint\",\"urlTemplate\":\"https:\/\/hexagodis.com\/?s={search_term_string}\"},\"query-input\":{\"@type\":\"PropertyValueSpecification\",\"valueRequired\":true,\"valueName\":\"search_term_string\"}}],\"inLanguage\":\"fr-FR\"}]}<\/script>\n<!-- \/ Yoast SEO plugin. -->","yoast_head_json":{"title":"VIVE HTC Lunettes de r\u00e9alit\u00e9 VIRUTAL Pro 2 HMD Full Kit 99HASZ003-00 - Hexagodis","robots":{"index":"index","follow":"follow","max-snippet":"max-snippet:-1","max-image-preview":"max-image-preview:large","max-video-preview":"max-video-preview:-1"},"canonical":"https:\/\/hexagodis.com\/index.php\/produit\/vive-htc-lunettes-de-realite-virutal-pro-2-hmd-full-kit-99hasz003-00\/","og_locale":"fr_FR","og_type":"article","og_title":"VIVE HTC Lunettes de r\u00e9alit\u00e9 VIRUTAL Pro 2 HMD Full Kit 99HASZ003-00 - Hexagodis","og_description":"Marque VIVE Couleur Noir Caract\u00e9ristique sp\u00e9ciale Casque r\u00e9glable Technologie de connectivit\u00e9 Bluetooth Dimensions de l&rsquo;article L x l x H","og_url":"https:\/\/hexagodis.com\/index.php\/produit\/vive-htc-lunettes-de-realite-virutal-pro-2-hmd-full-kit-99hasz003-00\/","og_site_name":"Hexagodis","article_modified_time":"2025-08-30T11:00:47+00:00","twitter_card":"summary_large_image","schema":{"@context":"https:\/\/schema.org","@graph":[{"@type":"WebPage","@id":"https:\/\/hexagodis.com\/index.php\/produit\/vive-htc-lunettes-de-realite-virutal-pro-2-hmd-full-kit-99hasz003-00\/","url":"https:\/\/hexagodis.com\/index.php\/produit\/vive-htc-lunettes-de-realite-virutal-pro-2-hmd-full-kit-99hasz003-00\/","name":"VIVE HTC Lunettes de r\u00e9alit\u00e9 VIRUTAL Pro 2 HMD Full Kit 99HASZ003-00 - Hexagodis","isPartOf":{"@id":"https:\/\/hexagodis.com\/#website"},"primaryImageOfPage":{"@id":"https:\/\/hexagodis.com\/index.php\/produit\/vive-htc-lunettes-de-realite-virutal-pro-2-hmd-full-kit-99hasz003-00\/#primaryimage"},"image":{"@id":"https:\/\/hexagodis.com\/index.php\/produit\/vive-htc-lunettes-de-realite-virutal-pro-2-hmd-full-kit-99hasz003-00\/#primaryimage"},"thumbnailUrl":"https:\/\/hexagodis.com\/wp-content\/uploads\/2025\/08\/2-1.jpg","datePublished":"2025-08-30T11:00:28+00:00","dateModified":"2025-08-30T11:00:47+00:00","breadcrumb":{"@id":"https:\/\/hexagodis.com\/index.php\/produit\/vive-htc-lunettes-de-realite-virutal-pro-2-hmd-full-kit-99hasz003-00\/#breadcrumb"},"inLanguage":"fr-FR","potentialAction":[{"@type":"ReadAction","target":["https:\/\/hexagodis.com\/index.php\/produit\/vive-htc-lunettes-de-realite-virutal-pro-2-hmd-full-kit-99hasz003-00\/"]}]},{"@type":"ImageObject","inLanguage":"fr-FR","@id":"https:\/\/hexagodis.com\/index.php\/produit\/vive-htc-lunettes-de-realite-virutal-pro-2-hmd-full-kit-99hasz003-00\/#primaryimage","url":"https:\/\/hexagodis.com\/wp-content\/uploads\/2025\/08\/2-1.jpg","contentUrl":"https:\/\/hexagodis.com\/wp-content\/uploads\/2025\/08\/2-1.jpg","width":800,"height":800},{"@type":"BreadcrumbList","@id":"https:\/\/hexagodis.com\/index.php\/produit\/vive-htc-lunettes-de-realite-virutal-pro-2-hmd-full-kit-99hasz003-00\/#breadcrumb","itemListElement":[{"@type":"ListItem","position":1,"name":"Accueil","item":"https:\/\/hexagodis.com\/"},{"@type":"ListItem","position":2,"name":"Boutique","item":"https:\/\/hexagodis.com\/index.php\/boutique\/"},{"@type":"ListItem","position":3,"name":"VIVE HTC Lunettes de r\u00e9alit\u00e9 VIRUTAL Pro 2 HMD Full Kit 99HASZ003-00"}]},{"@type":"WebSite","@id":"https:\/\/hexagodis.com\/#website","url":"https:\/\/hexagodis.com\/","name":"Hexagodis","description":"Mat\u00e9riel de sport &amp; \u00e9quipement sportif","potentialAction":[{"@type":"SearchAction","target":{"@type":"EntryPoint","urlTemplate":"https:\/\/hexagodis.com\/?s={search_term_string}"},"query-input":{"@type":"PropertyValueSpecification","valueRequired":true,"valueName":"search_term_string"}}],"inLanguage":"fr-FR"}]}},"_links":{"self":[{"href":"https:\/\/hexagodis.com\/index.php\/wp-json\/wp\/v2\/product\/18366","targetHints":{"allow":["GET"]}}],"collection":[{"href":"https:\/\/hexagodis.com\/index.php\/wp-json\/wp\/v2\/product"}],"about":[{"href":"https:\/\/hexagodis.com\/index.php\/wp-json\/wp\/v2\/types\/product"}],"replies":[{"embeddable":true,"href":"https:\/\/hexagodis.com\/index.php\/wp-json\/wp\/v2\/comments?post=18366"}],"version-history":[{"count":1,"href":"https:\/\/hexagodis.com\/index.php\/wp-json\/wp\/v2\/product\/18366\/revisions"}],"predecessor-version":[{"id":18403,"href":"https:\/\/hexagodis.com\/index.php\/wp-json\/wp\/v2\/product\/18366\/revisions\/18403"}],"wp:featuredmedia":[{"embeddable":true,"href":"https:\/\/hexagodis.com\/index.php\/wp-json\/wp\/v2\/media\/18402"}],"wp:attachment":[{"href":"https:\/\/hexagodis.com\/index.php\/wp-json\/wp\/v2\/media?parent=18366"}],"wp:term":[{"taxonomy":"product_brand","embeddable":true,"href":"https:\/\/hexagodis.com\/index.php\/wp-json\/wp\/v2\/product_brand?post=18366"},{"taxonomy":"product_cat","embeddable":true,"href":"https:\/\/hexagodis.com\/index.php\/wp-json\/wp\/v2\/product_cat?post=18366"},{"taxonomy":"product_tag","embeddable":true,"href":"https:\/\/hexagodis.com\/index.php\/wp-json\/wp\/v2\/product_tag?post=18366"}],"curies":[{"name":"wp","href":"https:\/\/api.w.org\/{rel}","templated":true}]}}