{"id":18364,"date":"2025-08-30T13:00:28","date_gmt":"2025-08-30T11:00:28","guid":{"rendered":"https:\/\/hexagodis.com\/?post_type=product&#038;p=18364"},"modified":"2025-08-30T13:00:42","modified_gmt":"2025-08-30T11:00:42","slug":"htc-vive-pro-complete-edition-casque-de-realite-virtuelle-premium-noir","status":"publish","type":"product","link":"https:\/\/hexagodis.com\/index.php\/produit\/htc-vive-pro-complete-edition-casque-de-realite-virtuelle-premium-noir\/","title":{"rendered":"HTC VIVE Pro Complete Edition Casque de r\u00e9alite virtuelle Premium Noir"},"content":{"rendered":"<p>Suivi pr\u00e9cis \u00e0 l\u2019\u00e9chelle de la pi\u00e8ce.<\/p>\n<p>\u00c9cran aux couleurs \u00e9clatantes.<\/p>\n<p>Contraste \u00e9lev\u00e9 et sons r\u00e9alistes. Le vive pro a \u00e9t\u00e9 con\u00e7u pour la rv professionnelle.<\/p>\n<p>Efficace et fiable<\/p>\n<ul>\n<li><strong>D\u00e9tails sur le produit<\/strong><\/li>\n<\/ul>\n<p>Pile(s) \/ Batterie(s) : \u200f : \u200e 2 Lithium-ion &#8211; incluse(s)<\/p>\n<p>Dimensions du produit (L x l x h) \u200f : \u200e 3.2 x 2.7 x 1.1 cm; 6.4 grammes<\/p>\n<p>ASIN \u200f : \u200e B07D9T6H1F<\/p>\n<p>Num\u00e9ro du mod\u00e8le de l&rsquo;article \u200f : \u200e 99HANW003-00<\/p>\n<p>Pays d&rsquo;origine \u200f : \u200e Chine<\/p>\n<p>Garantie 2 ans<\/p>\n","protected":false},"excerpt":{"rendered":"<p>Suivi pr\u00e9cis \u00e0 l\u2019\u00e9chelle de la pi\u00e8ce. \u00c9cran aux couleurs \u00e9clatantes. Contraste \u00e9lev\u00e9 et sons r\u00e9alistes. Le vive pro a<\/p>\n","protected":false},"featured_media":18392,"comment_status":"closed","ping_status":"closed","template":"","meta":[],"product_brand":[],"product_cat":[259,262],"product_tag":[],"class_list":{"0":"post-18364","1":"product","2":"type-product","3":"status-publish","4":"has-post-thumbnail","6":"product_cat-consoles-jeux-videos","7":"product_cat-gaming","9":"first","10":"instock","11":"taxable","12":"shipping-taxable","13":"purchasable","14":"product-type-simple"},"yoast_head":"<!-- This site is optimized with the Yoast SEO plugin v24.8.1 - https:\/\/yoast.com\/wordpress\/plugins\/seo\/ -->\n<title>HTC VIVE Pro Complete Edition Casque de r\u00e9alite virtuelle Premium Noir - Hexagodis<\/title>\n<meta name=\"robots\" content=\"index, follow, max-snippet:-1, max-image-preview:large, max-video-preview:-1\" \/>\n<link rel=\"canonical\" href=\"https:\/\/hexagodis.com\/index.php\/produit\/htc-vive-pro-complete-edition-casque-de-realite-virtuelle-premium-noir\/\" \/>\n<meta property=\"og:locale\" content=\"fr_FR\" \/>\n<meta property=\"og:type\" content=\"article\" \/>\n<meta property=\"og:title\" content=\"HTC VIVE Pro Complete Edition Casque de r\u00e9alite virtuelle Premium Noir - Hexagodis\" \/>\n<meta property=\"og:description\" content=\"Suivi pr\u00e9cis \u00e0 l\u2019\u00e9chelle de la pi\u00e8ce. \u00c9cran aux couleurs \u00e9clatantes. Contraste \u00e9lev\u00e9 et sons r\u00e9alistes. Le vive pro a\" \/>\n<meta property=\"og:url\" content=\"https:\/\/hexagodis.com\/index.php\/produit\/htc-vive-pro-complete-edition-casque-de-realite-virtuelle-premium-noir\/\" \/>\n<meta property=\"og:site_name\" content=\"Hexagodis\" \/>\n<meta property=\"article:modified_time\" content=\"2025-08-30T11:00:42+00:00\" \/>\n<meta name=\"twitter:card\" content=\"summary_large_image\" \/>\n<script type=\"application\/ld+json\" class=\"yoast-schema-graph\">{\"@context\":\"https:\/\/schema.org\",\"@graph\":[{\"@type\":\"WebPage\",\"@id\":\"https:\/\/hexagodis.com\/index.php\/produit\/htc-vive-pro-complete-edition-casque-de-realite-virtuelle-premium-noir\/\",\"url\":\"https:\/\/hexagodis.com\/index.php\/produit\/htc-vive-pro-complete-edition-casque-de-realite-virtuelle-premium-noir\/\",\"name\":\"HTC VIVE Pro Complete Edition Casque de r\u00e9alite virtuelle Premium Noir - Hexagodis\",\"isPartOf\":{\"@id\":\"https:\/\/hexagodis.com\/#website\"},\"primaryImageOfPage\":{\"@id\":\"https:\/\/hexagodis.com\/index.php\/produit\/htc-vive-pro-complete-edition-casque-de-realite-virtuelle-premium-noir\/#primaryimage\"},\"image\":{\"@id\":\"https:\/\/hexagodis.com\/index.php\/produit\/htc-vive-pro-complete-edition-casque-de-realite-virtuelle-premium-noir\/#primaryimage\"},\"thumbnailUrl\":\"https:\/\/hexagodis.com\/wp-content\/uploads\/2025\/08\/388-large_default.jpg\",\"datePublished\":\"2025-08-30T11:00:28+00:00\",\"dateModified\":\"2025-08-30T11:00:42+00:00\",\"breadcrumb\":{\"@id\":\"https:\/\/hexagodis.com\/index.php\/produit\/htc-vive-pro-complete-edition-casque-de-realite-virtuelle-premium-noir\/#breadcrumb\"},\"inLanguage\":\"fr-FR\",\"potentialAction\":[{\"@type\":\"ReadAction\",\"target\":[\"https:\/\/hexagodis.com\/index.php\/produit\/htc-vive-pro-complete-edition-casque-de-realite-virtuelle-premium-noir\/\"]}]},{\"@type\":\"ImageObject\",\"inLanguage\":\"fr-FR\",\"@id\":\"https:\/\/hexagodis.com\/index.php\/produit\/htc-vive-pro-complete-edition-casque-de-realite-virtuelle-premium-noir\/#primaryimage\",\"url\":\"https:\/\/hexagodis.com\/wp-content\/uploads\/2025\/08\/388-large_default.jpg\",\"contentUrl\":\"https:\/\/hexagodis.com\/wp-content\/uploads\/2025\/08\/388-large_default.jpg\",\"width\":800,\"height\":800},{\"@type\":\"BreadcrumbList\",\"@id\":\"https:\/\/hexagodis.com\/index.php\/produit\/htc-vive-pro-complete-edition-casque-de-realite-virtuelle-premium-noir\/#breadcrumb\",\"itemListElement\":[{\"@type\":\"ListItem\",\"position\":1,\"name\":\"Accueil\",\"item\":\"https:\/\/hexagodis.com\/\"},{\"@type\":\"ListItem\",\"position\":2,\"name\":\"Boutique\",\"item\":\"https:\/\/hexagodis.com\/index.php\/boutique\/\"},{\"@type\":\"ListItem\",\"position\":3,\"name\":\"HTC VIVE Pro Complete Edition Casque de r\u00e9alite virtuelle Premium Noir\"}]},{\"@type\":\"WebSite\",\"@id\":\"https:\/\/hexagodis.com\/#website\",\"url\":\"https:\/\/hexagodis.com\/\",\"name\":\"Hexagodis\",\"description\":\"Mat\u00e9riel de sport &amp; \u00e9quipement sportif\",\"potentialAction\":[{\"@type\":\"SearchAction\",\"target\":{\"@type\":\"EntryPoint\",\"urlTemplate\":\"https:\/\/hexagodis.com\/?s={search_term_string}\"},\"query-input\":{\"@type\":\"PropertyValueSpecification\",\"valueRequired\":true,\"valueName\":\"search_term_string\"}}],\"inLanguage\":\"fr-FR\"}]}<\/script>\n<!-- \/ Yoast SEO plugin. -->","yoast_head_json":{"title":"HTC VIVE Pro Complete Edition Casque de r\u00e9alite virtuelle Premium Noir - Hexagodis","robots":{"index":"index","follow":"follow","max-snippet":"max-snippet:-1","max-image-preview":"max-image-preview:large","max-video-preview":"max-video-preview:-1"},"canonical":"https:\/\/hexagodis.com\/index.php\/produit\/htc-vive-pro-complete-edition-casque-de-realite-virtuelle-premium-noir\/","og_locale":"fr_FR","og_type":"article","og_title":"HTC VIVE Pro Complete Edition Casque de r\u00e9alite virtuelle Premium Noir - Hexagodis","og_description":"Suivi pr\u00e9cis \u00e0 l\u2019\u00e9chelle de la pi\u00e8ce. \u00c9cran aux couleurs \u00e9clatantes. Contraste \u00e9lev\u00e9 et sons r\u00e9alistes. Le vive pro a","og_url":"https:\/\/hexagodis.com\/index.php\/produit\/htc-vive-pro-complete-edition-casque-de-realite-virtuelle-premium-noir\/","og_site_name":"Hexagodis","article_modified_time":"2025-08-30T11:00:42+00:00","twitter_card":"summary_large_image","schema":{"@context":"https:\/\/schema.org","@graph":[{"@type":"WebPage","@id":"https:\/\/hexagodis.com\/index.php\/produit\/htc-vive-pro-complete-edition-casque-de-realite-virtuelle-premium-noir\/","url":"https:\/\/hexagodis.com\/index.php\/produit\/htc-vive-pro-complete-edition-casque-de-realite-virtuelle-premium-noir\/","name":"HTC VIVE Pro Complete Edition Casque de r\u00e9alite virtuelle Premium Noir - Hexagodis","isPartOf":{"@id":"https:\/\/hexagodis.com\/#website"},"primaryImageOfPage":{"@id":"https:\/\/hexagodis.com\/index.php\/produit\/htc-vive-pro-complete-edition-casque-de-realite-virtuelle-premium-noir\/#primaryimage"},"image":{"@id":"https:\/\/hexagodis.com\/index.php\/produit\/htc-vive-pro-complete-edition-casque-de-realite-virtuelle-premium-noir\/#primaryimage"},"thumbnailUrl":"https:\/\/hexagodis.com\/wp-content\/uploads\/2025\/08\/388-large_default.jpg","datePublished":"2025-08-30T11:00:28+00:00","dateModified":"2025-08-30T11:00:42+00:00","breadcrumb":{"@id":"https:\/\/hexagodis.com\/index.php\/produit\/htc-vive-pro-complete-edition-casque-de-realite-virtuelle-premium-noir\/#breadcrumb"},"inLanguage":"fr-FR","potentialAction":[{"@type":"ReadAction","target":["https:\/\/hexagodis.com\/index.php\/produit\/htc-vive-pro-complete-edition-casque-de-realite-virtuelle-premium-noir\/"]}]},{"@type":"ImageObject","inLanguage":"fr-FR","@id":"https:\/\/hexagodis.com\/index.php\/produit\/htc-vive-pro-complete-edition-casque-de-realite-virtuelle-premium-noir\/#primaryimage","url":"https:\/\/hexagodis.com\/wp-content\/uploads\/2025\/08\/388-large_default.jpg","contentUrl":"https:\/\/hexagodis.com\/wp-content\/uploads\/2025\/08\/388-large_default.jpg","width":800,"height":800},{"@type":"BreadcrumbList","@id":"https:\/\/hexagodis.com\/index.php\/produit\/htc-vive-pro-complete-edition-casque-de-realite-virtuelle-premium-noir\/#breadcrumb","itemListElement":[{"@type":"ListItem","position":1,"name":"Accueil","item":"https:\/\/hexagodis.com\/"},{"@type":"ListItem","position":2,"name":"Boutique","item":"https:\/\/hexagodis.com\/index.php\/boutique\/"},{"@type":"ListItem","position":3,"name":"HTC VIVE Pro Complete Edition Casque de r\u00e9alite virtuelle Premium Noir"}]},{"@type":"WebSite","@id":"https:\/\/hexagodis.com\/#website","url":"https:\/\/hexagodis.com\/","name":"Hexagodis","description":"Mat\u00e9riel de sport &amp; \u00e9quipement sportif","potentialAction":[{"@type":"SearchAction","target":{"@type":"EntryPoint","urlTemplate":"https:\/\/hexagodis.com\/?s={search_term_string}"},"query-input":{"@type":"PropertyValueSpecification","valueRequired":true,"valueName":"search_term_string"}}],"inLanguage":"fr-FR"}]}},"_links":{"self":[{"href":"https:\/\/hexagodis.com\/index.php\/wp-json\/wp\/v2\/product\/18364","targetHints":{"allow":["GET"]}}],"collection":[{"href":"https:\/\/hexagodis.com\/index.php\/wp-json\/wp\/v2\/product"}],"about":[{"href":"https:\/\/hexagodis.com\/index.php\/wp-json\/wp\/v2\/types\/product"}],"replies":[{"embeddable":true,"href":"https:\/\/hexagodis.com\/index.php\/wp-json\/wp\/v2\/comments?post=18364"}],"version-history":[{"count":1,"href":"https:\/\/hexagodis.com\/index.php\/wp-json\/wp\/v2\/product\/18364\/revisions"}],"predecessor-version":[{"id":18393,"href":"https:\/\/hexagodis.com\/index.php\/wp-json\/wp\/v2\/product\/18364\/revisions\/18393"}],"wp:featuredmedia":[{"embeddable":true,"href":"https:\/\/hexagodis.com\/index.php\/wp-json\/wp\/v2\/media\/18392"}],"wp:attachment":[{"href":"https:\/\/hexagodis.com\/index.php\/wp-json\/wp\/v2\/media?parent=18364"}],"wp:term":[{"taxonomy":"product_brand","embeddable":true,"href":"https:\/\/hexagodis.com\/index.php\/wp-json\/wp\/v2\/product_brand?post=18364"},{"taxonomy":"product_cat","embeddable":true,"href":"https:\/\/hexagodis.com\/index.php\/wp-json\/wp\/v2\/product_cat?post=18364"},{"taxonomy":"product_tag","embeddable":true,"href":"https:\/\/hexagodis.com\/index.php\/wp-json\/wp\/v2\/product_tag?post=18364"}],"curies":[{"name":"wp","href":"https:\/\/api.w.org\/{rel}","templated":true}]}}