{"id":18363,"date":"2025-08-30T13:00:28","date_gmt":"2025-08-30T11:00:28","guid":{"rendered":"https:\/\/hexagodis.com\/?post_type=product&#038;p=18363"},"modified":"2025-08-30T13:00:40","modified_gmt":"2025-08-30T11:00:40","slug":"manette-playstation-5-dualsense-sans-fil-batterie-rechargeable-bluetooth-compatible-avec-ps5","status":"publish","type":"product","link":"https:\/\/hexagodis.com\/index.php\/produit\/manette-playstation-5-dualsense-sans-fil-batterie-rechargeable-bluetooth-compatible-avec-ps5\/","title":{"rendered":"Manette PlayStation 5 DualSense, Sans fil, Batterie rechargeable, Bluetooth, Compatible avec PS5"},"content":{"rendered":"<p>Sony, Manette PlayStation 5 officielle DualSense, Sans fil, Batterie rechargeable, Bluetooth, Compatible avec PS5<\/p>\n<p>Couleur : Bicolore<\/p>\n<p>Pile(s) \/ Batterie(s) : \u200f : \u200e 2 Lithium-ion &#8211; incluse(s)<\/p>\n<p>Dimensions du produit (L x l x h) \u200f : \u200e 19.9 x 7 x 19 cm; 280 grammes<\/p>\n<p>Date de sortie \u200f : \u200e 18 juin 2021<\/p>\n<p>&nbsp;<\/p>\n<p>Manette sans fil DualSense pour PS5, Pour une exp\u00e9rience de gaming plus intense et innovante, Compatible avec PC via une connexion filaire en USB<\/p>\n<p>Caract\u00e9ristiques : Haut-parleur et microphone int\u00e9gr\u00e9s, Prise casque, D\u00e9tection de mouvement 6 axes, Port USB-C, Retour haptique<\/p>\n<p>Technologie Create : production et partage du contenu vid\u00e9oludique avec les autres joueurs, Gachettes adaptatives pour une exp\u00e9rience immersive<\/p>\n<p>Batterie rechargeable int\u00e9gr\u00e9e, possibilit\u00e9 de jouer et de recharger la batterie simultan\u00e9ment<\/p>\n<p>Contenu : 1 x Sony Manette sans fil DualSense pour PS5, Batterie rechargeable, C\u00e2ble de recharge USB-C non inclus, Guide d&rsquo;utilisation, Couleur Cosmic Red<\/p>\n","protected":false},"excerpt":{"rendered":"<p>Sony, Manette PlayStation 5 officielle DualSense, Sans fil, Batterie rechargeable, Bluetooth, Compatible avec PS5 Couleur : Bicolore Pile(s) \/ Batterie(s)<\/p>\n","protected":false},"featured_media":18390,"comment_status":"open","ping_status":"closed","template":"","meta":[],"product_brand":[],"product_cat":[259,261],"product_tag":[],"class_list":{"0":"post-18363","1":"product","2":"type-product","3":"status-publish","4":"has-post-thumbnail","6":"product_cat-consoles-jeux-videos","7":"product_cat-playstation","9":"first","10":"instock","11":"taxable","12":"shipping-taxable","13":"purchasable","14":"product-type-simple"},"yoast_head":"<!-- This site is optimized with the Yoast SEO plugin v24.8.1 - https:\/\/yoast.com\/wordpress\/plugins\/seo\/ -->\n<title>Manette PlayStation 5 DualSense, Sans fil, Batterie rechargeable, Bluetooth, Compatible avec PS5 - Hexagodis<\/title>\n<meta name=\"robots\" content=\"index, follow, max-snippet:-1, max-image-preview:large, max-video-preview:-1\" \/>\n<link rel=\"canonical\" href=\"https:\/\/hexagodis.com\/index.php\/produit\/manette-playstation-5-dualsense-sans-fil-batterie-rechargeable-bluetooth-compatible-avec-ps5\/\" \/>\n<meta property=\"og:locale\" content=\"fr_FR\" \/>\n<meta property=\"og:type\" content=\"article\" \/>\n<meta property=\"og:title\" content=\"Manette PlayStation 5 DualSense, Sans fil, Batterie rechargeable, Bluetooth, Compatible avec PS5 - Hexagodis\" \/>\n<meta property=\"og:description\" content=\"Sony, Manette PlayStation 5 officielle DualSense, Sans fil, Batterie rechargeable, Bluetooth, Compatible avec PS5 Couleur : Bicolore Pile(s) \/ Batterie(s)\" \/>\n<meta property=\"og:url\" content=\"https:\/\/hexagodis.com\/index.php\/produit\/manette-playstation-5-dualsense-sans-fil-batterie-rechargeable-bluetooth-compatible-avec-ps5\/\" \/>\n<meta property=\"og:site_name\" content=\"Hexagodis\" \/>\n<meta property=\"article:modified_time\" content=\"2025-08-30T11:00:40+00:00\" \/>\n<meta name=\"twitter:card\" content=\"summary_large_image\" \/>\n<meta name=\"twitter:label1\" content=\"Dur\u00e9e de lecture estim\u00e9e\" \/>\n\t<meta name=\"twitter:data1\" content=\"1 minute\" \/>\n<script type=\"application\/ld+json\" class=\"yoast-schema-graph\">{\"@context\":\"https:\/\/schema.org\",\"@graph\":[{\"@type\":\"WebPage\",\"@id\":\"https:\/\/hexagodis.com\/index.php\/produit\/manette-playstation-5-dualsense-sans-fil-batterie-rechargeable-bluetooth-compatible-avec-ps5\/\",\"url\":\"https:\/\/hexagodis.com\/index.php\/produit\/manette-playstation-5-dualsense-sans-fil-batterie-rechargeable-bluetooth-compatible-avec-ps5\/\",\"name\":\"Manette PlayStation 5 DualSense, Sans fil, Batterie rechargeable, Bluetooth, Compatible avec PS5 - Hexagodis\",\"isPartOf\":{\"@id\":\"https:\/\/hexagodis.com\/#website\"},\"primaryImageOfPage\":{\"@id\":\"https:\/\/hexagodis.com\/index.php\/produit\/manette-playstation-5-dualsense-sans-fil-batterie-rechargeable-bluetooth-compatible-avec-ps5\/#primaryimage\"},\"image\":{\"@id\":\"https:\/\/hexagodis.com\/index.php\/produit\/manette-playstation-5-dualsense-sans-fil-batterie-rechargeable-bluetooth-compatible-avec-ps5\/#primaryimage\"},\"thumbnailUrl\":\"https:\/\/hexagodis.com\/wp-content\/uploads\/2025\/08\/110-large_default.jpg\",\"datePublished\":\"2025-08-30T11:00:28+00:00\",\"dateModified\":\"2025-08-30T11:00:40+00:00\",\"breadcrumb\":{\"@id\":\"https:\/\/hexagodis.com\/index.php\/produit\/manette-playstation-5-dualsense-sans-fil-batterie-rechargeable-bluetooth-compatible-avec-ps5\/#breadcrumb\"},\"inLanguage\":\"fr-FR\",\"potentialAction\":[{\"@type\":\"ReadAction\",\"target\":[\"https:\/\/hexagodis.com\/index.php\/produit\/manette-playstation-5-dualsense-sans-fil-batterie-rechargeable-bluetooth-compatible-avec-ps5\/\"]}]},{\"@type\":\"ImageObject\",\"inLanguage\":\"fr-FR\",\"@id\":\"https:\/\/hexagodis.com\/index.php\/produit\/manette-playstation-5-dualsense-sans-fil-batterie-rechargeable-bluetooth-compatible-avec-ps5\/#primaryimage\",\"url\":\"https:\/\/hexagodis.com\/wp-content\/uploads\/2025\/08\/110-large_default.jpg\",\"contentUrl\":\"https:\/\/hexagodis.com\/wp-content\/uploads\/2025\/08\/110-large_default.jpg\",\"width\":800,\"height\":800},{\"@type\":\"BreadcrumbList\",\"@id\":\"https:\/\/hexagodis.com\/index.php\/produit\/manette-playstation-5-dualsense-sans-fil-batterie-rechargeable-bluetooth-compatible-avec-ps5\/#breadcrumb\",\"itemListElement\":[{\"@type\":\"ListItem\",\"position\":1,\"name\":\"Accueil\",\"item\":\"https:\/\/hexagodis.com\/\"},{\"@type\":\"ListItem\",\"position\":2,\"name\":\"Boutique\",\"item\":\"https:\/\/hexagodis.com\/index.php\/boutique\/\"},{\"@type\":\"ListItem\",\"position\":3,\"name\":\"Manette PlayStation 5 DualSense, Sans fil, Batterie rechargeable, Bluetooth, Compatible avec PS5\"}]},{\"@type\":\"WebSite\",\"@id\":\"https:\/\/hexagodis.com\/#website\",\"url\":\"https:\/\/hexagodis.com\/\",\"name\":\"Hexagodis\",\"description\":\"Mat\u00e9riel de sport &amp; \u00e9quipement sportif\",\"potentialAction\":[{\"@type\":\"SearchAction\",\"target\":{\"@type\":\"EntryPoint\",\"urlTemplate\":\"https:\/\/hexagodis.com\/?s={search_term_string}\"},\"query-input\":{\"@type\":\"PropertyValueSpecification\",\"valueRequired\":true,\"valueName\":\"search_term_string\"}}],\"inLanguage\":\"fr-FR\"}]}<\/script>\n<!-- \/ Yoast SEO plugin. -->","yoast_head_json":{"title":"Manette PlayStation 5 DualSense, Sans fil, Batterie rechargeable, Bluetooth, Compatible avec PS5 - Hexagodis","robots":{"index":"index","follow":"follow","max-snippet":"max-snippet:-1","max-image-preview":"max-image-preview:large","max-video-preview":"max-video-preview:-1"},"canonical":"https:\/\/hexagodis.com\/index.php\/produit\/manette-playstation-5-dualsense-sans-fil-batterie-rechargeable-bluetooth-compatible-avec-ps5\/","og_locale":"fr_FR","og_type":"article","og_title":"Manette PlayStation 5 DualSense, Sans fil, Batterie rechargeable, Bluetooth, Compatible avec PS5 - Hexagodis","og_description":"Sony, Manette PlayStation 5 officielle DualSense, Sans fil, Batterie rechargeable, Bluetooth, Compatible avec PS5 Couleur : Bicolore Pile(s) \/ Batterie(s)","og_url":"https:\/\/hexagodis.com\/index.php\/produit\/manette-playstation-5-dualsense-sans-fil-batterie-rechargeable-bluetooth-compatible-avec-ps5\/","og_site_name":"Hexagodis","article_modified_time":"2025-08-30T11:00:40+00:00","twitter_card":"summary_large_image","twitter_misc":{"Dur\u00e9e de lecture estim\u00e9e":"1 minute"},"schema":{"@context":"https:\/\/schema.org","@graph":[{"@type":"WebPage","@id":"https:\/\/hexagodis.com\/index.php\/produit\/manette-playstation-5-dualsense-sans-fil-batterie-rechargeable-bluetooth-compatible-avec-ps5\/","url":"https:\/\/hexagodis.com\/index.php\/produit\/manette-playstation-5-dualsense-sans-fil-batterie-rechargeable-bluetooth-compatible-avec-ps5\/","name":"Manette PlayStation 5 DualSense, Sans fil, Batterie rechargeable, Bluetooth, Compatible avec PS5 - Hexagodis","isPartOf":{"@id":"https:\/\/hexagodis.com\/#website"},"primaryImageOfPage":{"@id":"https:\/\/hexagodis.com\/index.php\/produit\/manette-playstation-5-dualsense-sans-fil-batterie-rechargeable-bluetooth-compatible-avec-ps5\/#primaryimage"},"image":{"@id":"https:\/\/hexagodis.com\/index.php\/produit\/manette-playstation-5-dualsense-sans-fil-batterie-rechargeable-bluetooth-compatible-avec-ps5\/#primaryimage"},"thumbnailUrl":"https:\/\/hexagodis.com\/wp-content\/uploads\/2025\/08\/110-large_default.jpg","datePublished":"2025-08-30T11:00:28+00:00","dateModified":"2025-08-30T11:00:40+00:00","breadcrumb":{"@id":"https:\/\/hexagodis.com\/index.php\/produit\/manette-playstation-5-dualsense-sans-fil-batterie-rechargeable-bluetooth-compatible-avec-ps5\/#breadcrumb"},"inLanguage":"fr-FR","potentialAction":[{"@type":"ReadAction","target":["https:\/\/hexagodis.com\/index.php\/produit\/manette-playstation-5-dualsense-sans-fil-batterie-rechargeable-bluetooth-compatible-avec-ps5\/"]}]},{"@type":"ImageObject","inLanguage":"fr-FR","@id":"https:\/\/hexagodis.com\/index.php\/produit\/manette-playstation-5-dualsense-sans-fil-batterie-rechargeable-bluetooth-compatible-avec-ps5\/#primaryimage","url":"https:\/\/hexagodis.com\/wp-content\/uploads\/2025\/08\/110-large_default.jpg","contentUrl":"https:\/\/hexagodis.com\/wp-content\/uploads\/2025\/08\/110-large_default.jpg","width":800,"height":800},{"@type":"BreadcrumbList","@id":"https:\/\/hexagodis.com\/index.php\/produit\/manette-playstation-5-dualsense-sans-fil-batterie-rechargeable-bluetooth-compatible-avec-ps5\/#breadcrumb","itemListElement":[{"@type":"ListItem","position":1,"name":"Accueil","item":"https:\/\/hexagodis.com\/"},{"@type":"ListItem","position":2,"name":"Boutique","item":"https:\/\/hexagodis.com\/index.php\/boutique\/"},{"@type":"ListItem","position":3,"name":"Manette PlayStation 5 DualSense, Sans fil, Batterie rechargeable, Bluetooth, Compatible avec PS5"}]},{"@type":"WebSite","@id":"https:\/\/hexagodis.com\/#website","url":"https:\/\/hexagodis.com\/","name":"Hexagodis","description":"Mat\u00e9riel de sport &amp; \u00e9quipement sportif","potentialAction":[{"@type":"SearchAction","target":{"@type":"EntryPoint","urlTemplate":"https:\/\/hexagodis.com\/?s={search_term_string}"},"query-input":{"@type":"PropertyValueSpecification","valueRequired":true,"valueName":"search_term_string"}}],"inLanguage":"fr-FR"}]}},"_links":{"self":[{"href":"https:\/\/hexagodis.com\/index.php\/wp-json\/wp\/v2\/product\/18363","targetHints":{"allow":["GET"]}}],"collection":[{"href":"https:\/\/hexagodis.com\/index.php\/wp-json\/wp\/v2\/product"}],"about":[{"href":"https:\/\/hexagodis.com\/index.php\/wp-json\/wp\/v2\/types\/product"}],"replies":[{"embeddable":true,"href":"https:\/\/hexagodis.com\/index.php\/wp-json\/wp\/v2\/comments?post=18363"}],"version-history":[{"count":1,"href":"https:\/\/hexagodis.com\/index.php\/wp-json\/wp\/v2\/product\/18363\/revisions"}],"predecessor-version":[{"id":18391,"href":"https:\/\/hexagodis.com\/index.php\/wp-json\/wp\/v2\/product\/18363\/revisions\/18391"}],"wp:featuredmedia":[{"embeddable":true,"href":"https:\/\/hexagodis.com\/index.php\/wp-json\/wp\/v2\/media\/18390"}],"wp:attachment":[{"href":"https:\/\/hexagodis.com\/index.php\/wp-json\/wp\/v2\/media?parent=18363"}],"wp:term":[{"taxonomy":"product_brand","embeddable":true,"href":"https:\/\/hexagodis.com\/index.php\/wp-json\/wp\/v2\/product_brand?post=18363"},{"taxonomy":"product_cat","embeddable":true,"href":"https:\/\/hexagodis.com\/index.php\/wp-json\/wp\/v2\/product_cat?post=18363"},{"taxonomy":"product_tag","embeddable":true,"href":"https:\/\/hexagodis.com\/index.php\/wp-json\/wp\/v2\/product_tag?post=18363"}],"curies":[{"name":"wp","href":"https:\/\/api.w.org\/{rel}","templated":true}]}}