{"id":18358,"date":"2025-08-30T13:00:28","date_gmt":"2025-08-30T11:00:28","guid":{"rendered":"https:\/\/hexagodis.com\/?post_type=product&#038;p=18358"},"modified":"2025-08-30T13:00:33","modified_gmt":"2025-08-30T11:00:33","slug":"pack-nintendo-switch-rouge-neon-bleu-neon-32go-mario-kart-8-deluxe","status":"publish","type":"product","link":"https:\/\/hexagodis.com\/index.php\/produit\/pack-nintendo-switch-rouge-neon-bleu-neon-32go-mario-kart-8-deluxe\/","title":{"rendered":"Pack Nintendo Switch Rouge N\u00e9on\/Bleu N\u00e9on 32Go &#8211; Mario Kart 8 Deluxe"},"content":{"rendered":"<p>Console Nintendo Switch 32Gb + Manette Joy-Con droite\/guche, support Joy-Con station d&rsquo;accueil Nintendo Switch un c\u00e2ble HDMI, un adaptateur secteur Nintendo Switch &#8211; Une paire de dragonnes Joy-Con<\/p>\n<p>[Nouveau mod\u00e8le V2] Am\u00e9lioration de la dur\u00e9e de vie de la batterie de 5 heures suppl\u00e9mentaires, meilleure illumination de l&rsquo;\u00e9cran, r\u00e9duction de la temp\u00e9rature de chauffage<\/p>\n<p>inclus: Mario Kart 8 Deluxe<\/p>\n<p>Langues de voix et de textes 100% Fran\u00e7ais (bo\u00eete et manuel en langue anglais\/espagnol d\u00e9pend de la disponibilit\u00e9)<\/p>\n","protected":false},"excerpt":{"rendered":"<p>Console Nintendo Switch 32Gb + Manette Joy-Con droite\/guche, support Joy-Con station d&rsquo;accueil Nintendo Switch un c\u00e2ble HDMI, un adaptateur secteur<\/p>\n","protected":false},"featured_media":18369,"comment_status":"open","ping_status":"closed","template":"","meta":[],"product_brand":[],"product_cat":[259,260],"product_tag":[],"class_list":{"0":"post-18358","1":"product","2":"type-product","3":"status-publish","4":"has-post-thumbnail","6":"product_cat-consoles-jeux-videos","7":"product_cat-nintendo-switch","9":"first","10":"instock","11":"sale","12":"taxable","13":"shipping-taxable","14":"purchasable","15":"product-type-simple"},"yoast_head":"<!-- This site is optimized with the Yoast SEO plugin v24.8.1 - https:\/\/yoast.com\/wordpress\/plugins\/seo\/ -->\n<title>Pack Nintendo Switch Rouge N\u00e9on\/Bleu N\u00e9on 32Go - Mario Kart 8 Deluxe - Hexagodis<\/title>\n<meta name=\"robots\" content=\"index, follow, max-snippet:-1, max-image-preview:large, max-video-preview:-1\" \/>\n<link rel=\"canonical\" href=\"https:\/\/hexagodis.com\/index.php\/produit\/pack-nintendo-switch-rouge-neon-bleu-neon-32go-mario-kart-8-deluxe\/\" \/>\n<meta property=\"og:locale\" content=\"fr_FR\" \/>\n<meta property=\"og:type\" content=\"article\" \/>\n<meta property=\"og:title\" content=\"Pack Nintendo Switch Rouge N\u00e9on\/Bleu N\u00e9on 32Go - Mario Kart 8 Deluxe - Hexagodis\" \/>\n<meta property=\"og:description\" content=\"Console Nintendo Switch 32Gb + Manette Joy-Con droite\/guche, support Joy-Con station d&rsquo;accueil Nintendo Switch un c\u00e2ble HDMI, un adaptateur secteur\" \/>\n<meta property=\"og:url\" content=\"https:\/\/hexagodis.com\/index.php\/produit\/pack-nintendo-switch-rouge-neon-bleu-neon-32go-mario-kart-8-deluxe\/\" \/>\n<meta property=\"og:site_name\" content=\"Hexagodis\" \/>\n<meta property=\"article:modified_time\" content=\"2025-08-30T11:00:33+00:00\" \/>\n<meta name=\"twitter:card\" content=\"summary_large_image\" \/>\n<script type=\"application\/ld+json\" class=\"yoast-schema-graph\">{\"@context\":\"https:\/\/schema.org\",\"@graph\":[{\"@type\":\"WebPage\",\"@id\":\"https:\/\/hexagodis.com\/index.php\/produit\/pack-nintendo-switch-rouge-neon-bleu-neon-32go-mario-kart-8-deluxe\/\",\"url\":\"https:\/\/hexagodis.com\/index.php\/produit\/pack-nintendo-switch-rouge-neon-bleu-neon-32go-mario-kart-8-deluxe\/\",\"name\":\"Pack Nintendo Switch Rouge N\u00e9on\/Bleu N\u00e9on 32Go - Mario Kart 8 Deluxe - Hexagodis\",\"isPartOf\":{\"@id\":\"https:\/\/hexagodis.com\/#website\"},\"primaryImageOfPage\":{\"@id\":\"https:\/\/hexagodis.com\/index.php\/produit\/pack-nintendo-switch-rouge-neon-bleu-neon-32go-mario-kart-8-deluxe\/#primaryimage\"},\"image\":{\"@id\":\"https:\/\/hexagodis.com\/index.php\/produit\/pack-nintendo-switch-rouge-neon-bleu-neon-32go-mario-kart-8-deluxe\/#primaryimage\"},\"thumbnailUrl\":\"https:\/\/hexagodis.com\/wp-content\/uploads\/2025\/08\/121-large_default-1.jpg\",\"datePublished\":\"2025-08-30T11:00:28+00:00\",\"dateModified\":\"2025-08-30T11:00:33+00:00\",\"breadcrumb\":{\"@id\":\"https:\/\/hexagodis.com\/index.php\/produit\/pack-nintendo-switch-rouge-neon-bleu-neon-32go-mario-kart-8-deluxe\/#breadcrumb\"},\"inLanguage\":\"fr-FR\",\"potentialAction\":[{\"@type\":\"ReadAction\",\"target\":[\"https:\/\/hexagodis.com\/index.php\/produit\/pack-nintendo-switch-rouge-neon-bleu-neon-32go-mario-kart-8-deluxe\/\"]}]},{\"@type\":\"ImageObject\",\"inLanguage\":\"fr-FR\",\"@id\":\"https:\/\/hexagodis.com\/index.php\/produit\/pack-nintendo-switch-rouge-neon-bleu-neon-32go-mario-kart-8-deluxe\/#primaryimage\",\"url\":\"https:\/\/hexagodis.com\/wp-content\/uploads\/2025\/08\/121-large_default-1.jpg\",\"contentUrl\":\"https:\/\/hexagodis.com\/wp-content\/uploads\/2025\/08\/121-large_default-1.jpg\",\"width\":800,\"height\":800},{\"@type\":\"BreadcrumbList\",\"@id\":\"https:\/\/hexagodis.com\/index.php\/produit\/pack-nintendo-switch-rouge-neon-bleu-neon-32go-mario-kart-8-deluxe\/#breadcrumb\",\"itemListElement\":[{\"@type\":\"ListItem\",\"position\":1,\"name\":\"Accueil\",\"item\":\"https:\/\/hexagodis.com\/\"},{\"@type\":\"ListItem\",\"position\":2,\"name\":\"Boutique\",\"item\":\"https:\/\/hexagodis.com\/index.php\/boutique\/\"},{\"@type\":\"ListItem\",\"position\":3,\"name\":\"Pack Nintendo Switch Rouge N\u00e9on\/Bleu N\u00e9on 32Go &#8211; Mario Kart 8 Deluxe\"}]},{\"@type\":\"WebSite\",\"@id\":\"https:\/\/hexagodis.com\/#website\",\"url\":\"https:\/\/hexagodis.com\/\",\"name\":\"Hexagodis\",\"description\":\"Mat\u00e9riel de sport &amp; \u00e9quipement sportif\",\"potentialAction\":[{\"@type\":\"SearchAction\",\"target\":{\"@type\":\"EntryPoint\",\"urlTemplate\":\"https:\/\/hexagodis.com\/?s={search_term_string}\"},\"query-input\":{\"@type\":\"PropertyValueSpecification\",\"valueRequired\":true,\"valueName\":\"search_term_string\"}}],\"inLanguage\":\"fr-FR\"}]}<\/script>\n<!-- \/ Yoast SEO plugin. -->","yoast_head_json":{"title":"Pack Nintendo Switch Rouge N\u00e9on\/Bleu N\u00e9on 32Go - Mario Kart 8 Deluxe - Hexagodis","robots":{"index":"index","follow":"follow","max-snippet":"max-snippet:-1","max-image-preview":"max-image-preview:large","max-video-preview":"max-video-preview:-1"},"canonical":"https:\/\/hexagodis.com\/index.php\/produit\/pack-nintendo-switch-rouge-neon-bleu-neon-32go-mario-kart-8-deluxe\/","og_locale":"fr_FR","og_type":"article","og_title":"Pack Nintendo Switch Rouge N\u00e9on\/Bleu N\u00e9on 32Go - Mario Kart 8 Deluxe - Hexagodis","og_description":"Console Nintendo Switch 32Gb + Manette Joy-Con droite\/guche, support Joy-Con station d&rsquo;accueil Nintendo Switch un c\u00e2ble HDMI, un adaptateur secteur","og_url":"https:\/\/hexagodis.com\/index.php\/produit\/pack-nintendo-switch-rouge-neon-bleu-neon-32go-mario-kart-8-deluxe\/","og_site_name":"Hexagodis","article_modified_time":"2025-08-30T11:00:33+00:00","twitter_card":"summary_large_image","schema":{"@context":"https:\/\/schema.org","@graph":[{"@type":"WebPage","@id":"https:\/\/hexagodis.com\/index.php\/produit\/pack-nintendo-switch-rouge-neon-bleu-neon-32go-mario-kart-8-deluxe\/","url":"https:\/\/hexagodis.com\/index.php\/produit\/pack-nintendo-switch-rouge-neon-bleu-neon-32go-mario-kart-8-deluxe\/","name":"Pack Nintendo Switch Rouge N\u00e9on\/Bleu N\u00e9on 32Go - Mario Kart 8 Deluxe - Hexagodis","isPartOf":{"@id":"https:\/\/hexagodis.com\/#website"},"primaryImageOfPage":{"@id":"https:\/\/hexagodis.com\/index.php\/produit\/pack-nintendo-switch-rouge-neon-bleu-neon-32go-mario-kart-8-deluxe\/#primaryimage"},"image":{"@id":"https:\/\/hexagodis.com\/index.php\/produit\/pack-nintendo-switch-rouge-neon-bleu-neon-32go-mario-kart-8-deluxe\/#primaryimage"},"thumbnailUrl":"https:\/\/hexagodis.com\/wp-content\/uploads\/2025\/08\/121-large_default-1.jpg","datePublished":"2025-08-30T11:00:28+00:00","dateModified":"2025-08-30T11:00:33+00:00","breadcrumb":{"@id":"https:\/\/hexagodis.com\/index.php\/produit\/pack-nintendo-switch-rouge-neon-bleu-neon-32go-mario-kart-8-deluxe\/#breadcrumb"},"inLanguage":"fr-FR","potentialAction":[{"@type":"ReadAction","target":["https:\/\/hexagodis.com\/index.php\/produit\/pack-nintendo-switch-rouge-neon-bleu-neon-32go-mario-kart-8-deluxe\/"]}]},{"@type":"ImageObject","inLanguage":"fr-FR","@id":"https:\/\/hexagodis.com\/index.php\/produit\/pack-nintendo-switch-rouge-neon-bleu-neon-32go-mario-kart-8-deluxe\/#primaryimage","url":"https:\/\/hexagodis.com\/wp-content\/uploads\/2025\/08\/121-large_default-1.jpg","contentUrl":"https:\/\/hexagodis.com\/wp-content\/uploads\/2025\/08\/121-large_default-1.jpg","width":800,"height":800},{"@type":"BreadcrumbList","@id":"https:\/\/hexagodis.com\/index.php\/produit\/pack-nintendo-switch-rouge-neon-bleu-neon-32go-mario-kart-8-deluxe\/#breadcrumb","itemListElement":[{"@type":"ListItem","position":1,"name":"Accueil","item":"https:\/\/hexagodis.com\/"},{"@type":"ListItem","position":2,"name":"Boutique","item":"https:\/\/hexagodis.com\/index.php\/boutique\/"},{"@type":"ListItem","position":3,"name":"Pack Nintendo Switch Rouge N\u00e9on\/Bleu N\u00e9on 32Go &#8211; Mario Kart 8 Deluxe"}]},{"@type":"WebSite","@id":"https:\/\/hexagodis.com\/#website","url":"https:\/\/hexagodis.com\/","name":"Hexagodis","description":"Mat\u00e9riel de sport &amp; \u00e9quipement sportif","potentialAction":[{"@type":"SearchAction","target":{"@type":"EntryPoint","urlTemplate":"https:\/\/hexagodis.com\/?s={search_term_string}"},"query-input":{"@type":"PropertyValueSpecification","valueRequired":true,"valueName":"search_term_string"}}],"inLanguage":"fr-FR"}]}},"_links":{"self":[{"href":"https:\/\/hexagodis.com\/index.php\/wp-json\/wp\/v2\/product\/18358","targetHints":{"allow":["GET"]}}],"collection":[{"href":"https:\/\/hexagodis.com\/index.php\/wp-json\/wp\/v2\/product"}],"about":[{"href":"https:\/\/hexagodis.com\/index.php\/wp-json\/wp\/v2\/types\/product"}],"replies":[{"embeddable":true,"href":"https:\/\/hexagodis.com\/index.php\/wp-json\/wp\/v2\/comments?post=18358"}],"version-history":[{"count":1,"href":"https:\/\/hexagodis.com\/index.php\/wp-json\/wp\/v2\/product\/18358\/revisions"}],"predecessor-version":[{"id":18370,"href":"https:\/\/hexagodis.com\/index.php\/wp-json\/wp\/v2\/product\/18358\/revisions\/18370"}],"wp:featuredmedia":[{"embeddable":true,"href":"https:\/\/hexagodis.com\/index.php\/wp-json\/wp\/v2\/media\/18369"}],"wp:attachment":[{"href":"https:\/\/hexagodis.com\/index.php\/wp-json\/wp\/v2\/media?parent=18358"}],"wp:term":[{"taxonomy":"product_brand","embeddable":true,"href":"https:\/\/hexagodis.com\/index.php\/wp-json\/wp\/v2\/product_brand?post=18358"},{"taxonomy":"product_cat","embeddable":true,"href":"https:\/\/hexagodis.com\/index.php\/wp-json\/wp\/v2\/product_cat?post=18358"},{"taxonomy":"product_tag","embeddable":true,"href":"https:\/\/hexagodis.com\/index.php\/wp-json\/wp\/v2\/product_tag?post=18358"}],"curies":[{"name":"wp","href":"https:\/\/api.w.org\/{rel}","templated":true}]}}