{"id":18351,"date":"2025-08-26T14:51:03","date_gmt":"2025-08-26T12:51:03","guid":{"rendered":"https:\/\/hexagodis.com\/?post_type=product&#038;p=18351"},"modified":"2025-08-26T14:51:03","modified_gmt":"2025-08-26T12:51:03","slug":"trottinette-electrique-pliable-kukirin-g2-la-derniere-version-2025-moteur-800w-pneus-10-batterie-48v-15-6ah-vitesse-maximale-45km-h-autonomie-55km-ecran-tactile","status":"publish","type":"product","link":"https:\/\/hexagodis.com\/index.php\/produit\/trottinette-electrique-pliable-kukirin-g2-la-derniere-version-2025-moteur-800w-pneus-10-batterie-48v-15-6ah-vitesse-maximale-45km-h-autonomie-55km-ecran-tactile\/","title":{"rendered":"Trottinette \u00e9lectrique pliable Kukirin G2 (La derni\u00e8re version 2025) Moteur 800W Pneus 10 Batterie 48V 15.6Ah Vitesse maximale 45km\/h Autonomie 55km \u00c9cran tactile"},"content":{"rendered":"<header class=\"f-productLayer__header\">\n<div class=\"f-productLayer__container\">\n<p data-automation-id=\"title-characteristics-layer-label\">Pneus tout-terrain<br \/>\nMoteur 800W<br \/>\nAutonomie 55 km<br \/>\nFreins \u00e0 disque<br \/>\nPliage rapide<br \/>\nL\u00e9g\u00e8re (26 kg)<br \/>\nContr\u00f4le intelligent<\/p>\n<p data-automation-id=\"title-characteristics-layer-label\">\n<h2 class=\"f-productLayer__title\" data-automation-id=\"title-characteristics-layer-label\">Caract\u00e9ristiques<\/h2>\n<\/div>\n<\/header>\n<div class=\"f-productLayer__body f-productProperties\">\n<div class=\"f-productLayer__container f-productProperties__container\" data-automation-id=\"simple-characteristics-content-block\">\n<div class=\"js-Expander expander expander--hasIcon collapsed\" data-automation-button=\"expand-characteristics-content-button\" data-automation-content=\"expand-characteristics-content\">\n<div class=\"expander__content\" data-automation-id=\"expand-characteristics-content\" aria-expanded=\"true\">\n<div class=\"f-productProperties__columns\">\n<div class=\"f-productProperties__col\">\n<dl class=\"f-productProperties__item\">\n<dt class=\"f-productProperties__term\">Pliable<\/dt>\n<dd class=\"f-productProperties__definition\" aria-label=\"Liste des Pliable\">Oui<\/dd>\n<\/dl>\n<dl class=\"f-productProperties__item\">\n<dt class=\"f-productProperties__term\">Position du moteur<\/dt>\n<dd class=\"f-productProperties__definition\" aria-label=\"Liste des Position du moteur\">Arri\u00e8re<\/dd>\n<\/dl>\n<dl class=\"f-productProperties__item\">\n<dt class=\"f-productProperties__term\">Coloris<\/dt>\n<dd class=\"f-productProperties__definition\" aria-label=\"Liste des Coloris\">Noir<\/dd>\n<\/dl>\n<dl class=\"f-productProperties__item\">\n<dt class=\"f-productProperties__term\">Etanch\u00e9it\u00e9<\/dt>\n<dd class=\"f-productProperties__definition\" aria-label=\"Liste des Etanch\u00e9it\u00e9\">IPx4 (protection contre les projections d&rsquo;eau)<\/dd>\n<\/dl>\n<dl class=\"f-productProperties__item\">\n<dt class=\"f-productProperties__term\">Puissance moteur maximale<\/dt>\n<dd class=\"f-productProperties__definition\" aria-label=\"Liste des Puissance moteur maximale\">800,00 Watts<\/dd>\n<\/dl>\n<dl class=\"f-productProperties__item\">\n<dt class=\"f-productProperties__term\">Type de pneu<\/dt>\n<dd class=\"f-productProperties__definition\" aria-label=\"Liste des Type de pneu\">Tubeless<\/dd>\n<\/dl>\n<dl class=\"f-productProperties__item\">\n<dt class=\"f-productProperties__term\">Pente maximale<\/dt>\n<dd class=\"f-productProperties__definition\" aria-label=\"Liste des Pente maximale\">20,00 \u00b0<\/dd>\n<\/dl>\n<dl class=\"f-productProperties__item\">\n<dt class=\"f-productProperties__term\">Temps de charge de la batterie<\/dt>\n<dd class=\"f-productProperties__definition\" aria-label=\"Liste des Temps de charge de la batterie\">9,00 Heures<\/dd>\n<\/dl>\n<dl class=\"f-productProperties__item\">\n<dt class=\"f-productProperties__term\">Syst\u00e8me de Freinage<\/dt>\n<dd class=\"f-productProperties__definition\" aria-label=\"Liste des Syst\u00e8me de Freinage\">A disque<\/dd>\n<\/dl>\n<dl class=\"f-productProperties__item\">\n<dt class=\"f-productProperties__term\">Type de public<\/dt>\n<dd class=\"f-productProperties__definition\" aria-label=\"Liste des Type de public\">Adulte<\/dd>\n<\/dl>\n<dl class=\"f-productProperties__item  f-productProperties__item--long \">\n<dt class=\"f-productProperties__term\">Accessoires fournis<\/dt>\n<dd class=\"f-productProperties__definition\" aria-label=\"Liste des Accessoires fournis\">1 x Chargeur 1 x Trousse \u00e0 outils 1 x Garde-boue arri\u00e8re 2 x Boulons de fixation pour garde-boue arri\u00e8re 1 x Manuel d&rsquo;utilisation<\/dd>\n<\/dl>\n<dl class=\"f-productProperties__item\">\n<dt class=\"f-productProperties__term\">Equipement inclus<\/dt>\n<dd class=\"f-productProperties__definition\" aria-label=\"Liste des Equipement inclus\">Ecran<\/dd>\n<\/dl>\n<\/div>\n<div class=\"f-productProperties__col\">\n<dl class=\"f-productProperties__item\">\n<dt class=\"f-productProperties__term\">Origine de fabrication<\/dt>\n<dd class=\"f-productProperties__definition\" aria-label=\"Liste des Origine de fabrication\">Fabriqu\u00e9 hors Europe<\/dd>\n<\/dl>\n<dl class=\"f-productProperties__item  f-productProperties__item--long \">\n<dt class=\"f-productProperties__term\">Entretien<\/dt>\n<dd class=\"f-productProperties__definition\" aria-label=\"Liste des Entretien\">1. ne chargez pas plus de 24 heures 2. \u00e9vitez de recharger le trottinette \u00e9lectrique apr\u00e8s avoir compl\u00e8tement \u00e9puis\u00e9 la batterie. 3. Chargez la trottinette \u00e9lectrique r\u00e9guli\u00e8rement (une fois par semaine)<\/dd>\n<\/dl>\n<dl class=\"f-productProperties__item  f-productProperties__item--long \">\n<dt class=\"f-productProperties__term\">Conseils d&rsquo;utilisation<\/dt>\n<dd class=\"f-productProperties__definition\" aria-label=\"Liste des Conseils d'utilisation\">L&rsquo;autonomie maximale est atteinte dans les conditions suivantes : charge de 65 kg, temp\u00e9rature de 26 degr\u00e9s Celsius, vitesse constante (niveau 2), sur des routes plates sans vent fort. Merci de prendre une photo du num\u00e9ro de s\u00e9rie de la trottinette \u00e0 la r\u00e9ception pour \u00e9viter tout vol.<\/dd>\n<\/dl>\n<dl class=\"f-productProperties__item\">\n<dt class=\"f-productProperties__term\">Longueur du produit<\/dt>\n<dd class=\"f-productProperties__definition\" aria-label=\"Liste des Longueur du produit\">128,50 cm<\/dd>\n<\/dl>\n<dl class=\"f-productProperties__item\">\n<dt class=\"f-productProperties__term\">Largeur du produit<\/dt>\n<dd class=\"f-productProperties__definition\" aria-label=\"Liste des Largeur du produit\">66,00 cm<\/dd>\n<\/dl>\n<dl class=\"f-productProperties__item\">\n<dt class=\"f-productProperties__term\">Hauteur du produit<\/dt>\n<dd class=\"f-productProperties__definition\" aria-label=\"Liste des Hauteur du produit\">126,00 cm<\/dd>\n<\/dl>\n<dl class=\"f-productProperties__item\">\n<dt class=\"f-productProperties__term\">Poids du produit<\/dt>\n<dd class=\"f-productProperties__definition\" aria-label=\"Liste des Poids du produit\">26,00 Kg<\/dd>\n<\/dl>\n<dl class=\"f-productProperties__item  f-productProperties__item--long \">\n<dt class=\"f-productProperties__term\">Point fort 1<\/dt>\n<dd class=\"f-productProperties__definition\" aria-label=\"Liste des Point fort 1\">La trottinette \u00e9lectrique KuKirin G2 2025 est \u00e9quip\u00e9e de pneus tout-terrain de 10 pouces et d&rsquo;amortisseurs, offrant une conduite fluide et r\u00e9duisant le risque de crevaisons.<\/dd>\n<\/dl>\n<dl class=\"f-productProperties__item  f-productProperties__item--long \">\n<dt class=\"f-productProperties__term\">Point fort 2<\/dt>\n<dd class=\"f-productProperties__definition\" aria-label=\"Liste des Point fort 2\">Avec un moteur de 800W et un syst\u00e8me de vitesses \u00e0 trois niveaux, la trottinette atteint 45 km\/h, id\u00e9ale pour les trajets quotidiens et rapides.<\/dd>\n<\/dl>\n<dl class=\"f-productProperties__item  f-productProperties__item--long \">\n<dt class=\"f-productProperties__term\">Point fort 3<\/dt>\n<dd class=\"f-productProperties__definition\" aria-label=\"Liste des Point fort 3\">La batterie lithium 48V 15,6Ah offre une autonomie de 55 km, parfaite pour les trajets quotidiens ou les aventures de week-end.<\/dd>\n<\/dl>\n<dl class=\"f-productProperties__item  f-productProperties__item--long \">\n<dt class=\"f-productProperties__term\">Point fort 4<\/dt>\n<dd class=\"f-productProperties__definition\" aria-label=\"Liste des Point fort 4\">Avec un pliage rapide, un design l\u00e9ger et un contr\u00f4le intelligent, la KuKirin G2 est facile \u00e0 transporter, avec un \u00e9cran tactile affichant les donn\u00e9es en temps r\u00e9el.<\/dd>\n<\/dl>\n<\/div>\n<\/div>\n<\/div>\n<\/div>\n<\/div>\n<\/div>\n","protected":false},"excerpt":{"rendered":"<p>Pneus tout-terrain Moteur 800W Autonomie 55 km Freins \u00e0 disque Pliage rapide L\u00e9g\u00e8re (26 kg) Contr\u00f4le intelligent Caract\u00e9ristiques Pliable Oui<\/p>\n","protected":false},"featured_media":18355,"comment_status":"open","ping_status":"closed","template":"","meta":[],"product_brand":[],"product_cat":[79],"product_tag":[],"class_list":{"0":"post-18351","1":"product","2":"type-product","3":"status-publish","4":"has-post-thumbnail","6":"product_cat-rameur","8":"first","9":"instock","10":"sale","11":"taxable","12":"shipping-taxable","13":"purchasable","14":"product-type-simple"},"yoast_head":"<!-- This site is optimized with the Yoast SEO plugin v24.8.1 - https:\/\/yoast.com\/wordpress\/plugins\/seo\/ -->\n<title>Trottinette \u00e9lectrique pliable Kukirin G2 (La derni\u00e8re version 2025) Moteur 800W Pneus 10 Batterie 48V 15.6Ah Vitesse maximale 45km\/h Autonomie 55km \u00c9cran tactile - Hexagodis<\/title>\n<meta name=\"robots\" content=\"index, follow, max-snippet:-1, max-image-preview:large, max-video-preview:-1\" \/>\n<link rel=\"canonical\" href=\"https:\/\/hexagodis.com\/index.php\/produit\/trottinette-electrique-pliable-kukirin-g2-la-derniere-version-2025-moteur-800w-pneus-10-batterie-48v-15-6ah-vitesse-maximale-45km-h-autonomie-55km-ecran-tactile\/\" \/>\n<meta property=\"og:locale\" content=\"fr_FR\" \/>\n<meta property=\"og:type\" content=\"article\" \/>\n<meta property=\"og:title\" content=\"Trottinette \u00e9lectrique pliable Kukirin G2 (La derni\u00e8re version 2025) Moteur 800W Pneus 10 Batterie 48V 15.6Ah Vitesse maximale 45km\/h Autonomie 55km \u00c9cran tactile - Hexagodis\" \/>\n<meta property=\"og:description\" content=\"Pneus tout-terrain Moteur 800W Autonomie 55 km Freins \u00e0 disque Pliage rapide L\u00e9g\u00e8re (26 kg) Contr\u00f4le intelligent Caract\u00e9ristiques Pliable Oui\" \/>\n<meta property=\"og:url\" content=\"https:\/\/hexagodis.com\/index.php\/produit\/trottinette-electrique-pliable-kukirin-g2-la-derniere-version-2025-moteur-800w-pneus-10-batterie-48v-15-6ah-vitesse-maximale-45km-h-autonomie-55km-ecran-tactile\/\" \/>\n<meta property=\"og:site_name\" content=\"Hexagodis\" \/>\n<meta property=\"og:image\" content=\"https:\/\/hexagodis.com\/wp-content\/uploads\/2025\/08\/23950127-1505-3756-1.jpg\" \/>\n\t<meta property=\"og:image:width\" content=\"1000\" \/>\n\t<meta property=\"og:image:height\" content=\"1000\" \/>\n\t<meta property=\"og:image:type\" content=\"image\/jpeg\" \/>\n<meta name=\"twitter:card\" content=\"summary_large_image\" \/>\n<meta name=\"twitter:label1\" content=\"Dur\u00e9e de lecture estim\u00e9e\" \/>\n\t<meta name=\"twitter:data1\" content=\"2 minutes\" \/>\n<script type=\"application\/ld+json\" class=\"yoast-schema-graph\">{\"@context\":\"https:\/\/schema.org\",\"@graph\":[{\"@type\":\"WebPage\",\"@id\":\"https:\/\/hexagodis.com\/index.php\/produit\/trottinette-electrique-pliable-kukirin-g2-la-derniere-version-2025-moteur-800w-pneus-10-batterie-48v-15-6ah-vitesse-maximale-45km-h-autonomie-55km-ecran-tactile\/\",\"url\":\"https:\/\/hexagodis.com\/index.php\/produit\/trottinette-electrique-pliable-kukirin-g2-la-derniere-version-2025-moteur-800w-pneus-10-batterie-48v-15-6ah-vitesse-maximale-45km-h-autonomie-55km-ecran-tactile\/\",\"name\":\"Trottinette \u00e9lectrique pliable Kukirin G2 (La derni\u00e8re version 2025) Moteur 800W Pneus 10 Batterie 48V 15.6Ah Vitesse maximale 45km\/h Autonomie 55km \u00c9cran tactile - Hexagodis\",\"isPartOf\":{\"@id\":\"https:\/\/hexagodis.com\/#website\"},\"primaryImageOfPage\":{\"@id\":\"https:\/\/hexagodis.com\/index.php\/produit\/trottinette-electrique-pliable-kukirin-g2-la-derniere-version-2025-moteur-800w-pneus-10-batterie-48v-15-6ah-vitesse-maximale-45km-h-autonomie-55km-ecran-tactile\/#primaryimage\"},\"image\":{\"@id\":\"https:\/\/hexagodis.com\/index.php\/produit\/trottinette-electrique-pliable-kukirin-g2-la-derniere-version-2025-moteur-800w-pneus-10-batterie-48v-15-6ah-vitesse-maximale-45km-h-autonomie-55km-ecran-tactile\/#primaryimage\"},\"thumbnailUrl\":\"https:\/\/hexagodis.com\/wp-content\/uploads\/2025\/08\/23950127-1505-3756-1.jpg\",\"datePublished\":\"2025-08-26T12:51:03+00:00\",\"breadcrumb\":{\"@id\":\"https:\/\/hexagodis.com\/index.php\/produit\/trottinette-electrique-pliable-kukirin-g2-la-derniere-version-2025-moteur-800w-pneus-10-batterie-48v-15-6ah-vitesse-maximale-45km-h-autonomie-55km-ecran-tactile\/#breadcrumb\"},\"inLanguage\":\"fr-FR\",\"potentialAction\":[{\"@type\":\"ReadAction\",\"target\":[\"https:\/\/hexagodis.com\/index.php\/produit\/trottinette-electrique-pliable-kukirin-g2-la-derniere-version-2025-moteur-800w-pneus-10-batterie-48v-15-6ah-vitesse-maximale-45km-h-autonomie-55km-ecran-tactile\/\"]}]},{\"@type\":\"ImageObject\",\"inLanguage\":\"fr-FR\",\"@id\":\"https:\/\/hexagodis.com\/index.php\/produit\/trottinette-electrique-pliable-kukirin-g2-la-derniere-version-2025-moteur-800w-pneus-10-batterie-48v-15-6ah-vitesse-maximale-45km-h-autonomie-55km-ecran-tactile\/#primaryimage\",\"url\":\"https:\/\/hexagodis.com\/wp-content\/uploads\/2025\/08\/23950127-1505-3756-1.jpg\",\"contentUrl\":\"https:\/\/hexagodis.com\/wp-content\/uploads\/2025\/08\/23950127-1505-3756-1.jpg\",\"width\":1000,\"height\":1000},{\"@type\":\"BreadcrumbList\",\"@id\":\"https:\/\/hexagodis.com\/index.php\/produit\/trottinette-electrique-pliable-kukirin-g2-la-derniere-version-2025-moteur-800w-pneus-10-batterie-48v-15-6ah-vitesse-maximale-45km-h-autonomie-55km-ecran-tactile\/#breadcrumb\",\"itemListElement\":[{\"@type\":\"ListItem\",\"position\":1,\"name\":\"Accueil\",\"item\":\"https:\/\/hexagodis.com\/\"},{\"@type\":\"ListItem\",\"position\":2,\"name\":\"Boutique\",\"item\":\"https:\/\/hexagodis.com\/index.php\/boutique\/\"},{\"@type\":\"ListItem\",\"position\":3,\"name\":\"Trottinette \u00e9lectrique pliable Kukirin G2 (La derni\u00e8re version 2025) Moteur 800W Pneus 10 Batterie 48V 15.6Ah Vitesse maximale 45km\/h Autonomie 55km \u00c9cran tactile\"}]},{\"@type\":\"WebSite\",\"@id\":\"https:\/\/hexagodis.com\/#website\",\"url\":\"https:\/\/hexagodis.com\/\",\"name\":\"Hexagodis\",\"description\":\"Mat\u00e9riel de sport &amp; \u00e9quipement sportif\",\"potentialAction\":[{\"@type\":\"SearchAction\",\"target\":{\"@type\":\"EntryPoint\",\"urlTemplate\":\"https:\/\/hexagodis.com\/?s={search_term_string}\"},\"query-input\":{\"@type\":\"PropertyValueSpecification\",\"valueRequired\":true,\"valueName\":\"search_term_string\"}}],\"inLanguage\":\"fr-FR\"}]}<\/script>\n<!-- \/ Yoast SEO plugin. -->","yoast_head_json":{"title":"Trottinette \u00e9lectrique pliable Kukirin G2 (La derni\u00e8re version 2025) Moteur 800W Pneus 10 Batterie 48V 15.6Ah Vitesse maximale 45km\/h Autonomie 55km \u00c9cran tactile - Hexagodis","robots":{"index":"index","follow":"follow","max-snippet":"max-snippet:-1","max-image-preview":"max-image-preview:large","max-video-preview":"max-video-preview:-1"},"canonical":"https:\/\/hexagodis.com\/index.php\/produit\/trottinette-electrique-pliable-kukirin-g2-la-derniere-version-2025-moteur-800w-pneus-10-batterie-48v-15-6ah-vitesse-maximale-45km-h-autonomie-55km-ecran-tactile\/","og_locale":"fr_FR","og_type":"article","og_title":"Trottinette \u00e9lectrique pliable Kukirin G2 (La derni\u00e8re version 2025) Moteur 800W Pneus 10 Batterie 48V 15.6Ah Vitesse maximale 45km\/h Autonomie 55km \u00c9cran tactile - Hexagodis","og_description":"Pneus tout-terrain Moteur 800W Autonomie 55 km Freins \u00e0 disque Pliage rapide L\u00e9g\u00e8re (26 kg) Contr\u00f4le intelligent Caract\u00e9ristiques Pliable Oui","og_url":"https:\/\/hexagodis.com\/index.php\/produit\/trottinette-electrique-pliable-kukirin-g2-la-derniere-version-2025-moteur-800w-pneus-10-batterie-48v-15-6ah-vitesse-maximale-45km-h-autonomie-55km-ecran-tactile\/","og_site_name":"Hexagodis","og_image":[{"width":1000,"height":1000,"url":"https:\/\/hexagodis.com\/wp-content\/uploads\/2025\/08\/23950127-1505-3756-1.jpg","type":"image\/jpeg"}],"twitter_card":"summary_large_image","twitter_misc":{"Dur\u00e9e de lecture estim\u00e9e":"2 minutes"},"schema":{"@context":"https:\/\/schema.org","@graph":[{"@type":"WebPage","@id":"https:\/\/hexagodis.com\/index.php\/produit\/trottinette-electrique-pliable-kukirin-g2-la-derniere-version-2025-moteur-800w-pneus-10-batterie-48v-15-6ah-vitesse-maximale-45km-h-autonomie-55km-ecran-tactile\/","url":"https:\/\/hexagodis.com\/index.php\/produit\/trottinette-electrique-pliable-kukirin-g2-la-derniere-version-2025-moteur-800w-pneus-10-batterie-48v-15-6ah-vitesse-maximale-45km-h-autonomie-55km-ecran-tactile\/","name":"Trottinette \u00e9lectrique pliable Kukirin G2 (La derni\u00e8re version 2025) Moteur 800W Pneus 10 Batterie 48V 15.6Ah Vitesse maximale 45km\/h Autonomie 55km \u00c9cran tactile - Hexagodis","isPartOf":{"@id":"https:\/\/hexagodis.com\/#website"},"primaryImageOfPage":{"@id":"https:\/\/hexagodis.com\/index.php\/produit\/trottinette-electrique-pliable-kukirin-g2-la-derniere-version-2025-moteur-800w-pneus-10-batterie-48v-15-6ah-vitesse-maximale-45km-h-autonomie-55km-ecran-tactile\/#primaryimage"},"image":{"@id":"https:\/\/hexagodis.com\/index.php\/produit\/trottinette-electrique-pliable-kukirin-g2-la-derniere-version-2025-moteur-800w-pneus-10-batterie-48v-15-6ah-vitesse-maximale-45km-h-autonomie-55km-ecran-tactile\/#primaryimage"},"thumbnailUrl":"https:\/\/hexagodis.com\/wp-content\/uploads\/2025\/08\/23950127-1505-3756-1.jpg","datePublished":"2025-08-26T12:51:03+00:00","breadcrumb":{"@id":"https:\/\/hexagodis.com\/index.php\/produit\/trottinette-electrique-pliable-kukirin-g2-la-derniere-version-2025-moteur-800w-pneus-10-batterie-48v-15-6ah-vitesse-maximale-45km-h-autonomie-55km-ecran-tactile\/#breadcrumb"},"inLanguage":"fr-FR","potentialAction":[{"@type":"ReadAction","target":["https:\/\/hexagodis.com\/index.php\/produit\/trottinette-electrique-pliable-kukirin-g2-la-derniere-version-2025-moteur-800w-pneus-10-batterie-48v-15-6ah-vitesse-maximale-45km-h-autonomie-55km-ecran-tactile\/"]}]},{"@type":"ImageObject","inLanguage":"fr-FR","@id":"https:\/\/hexagodis.com\/index.php\/produit\/trottinette-electrique-pliable-kukirin-g2-la-derniere-version-2025-moteur-800w-pneus-10-batterie-48v-15-6ah-vitesse-maximale-45km-h-autonomie-55km-ecran-tactile\/#primaryimage","url":"https:\/\/hexagodis.com\/wp-content\/uploads\/2025\/08\/23950127-1505-3756-1.jpg","contentUrl":"https:\/\/hexagodis.com\/wp-content\/uploads\/2025\/08\/23950127-1505-3756-1.jpg","width":1000,"height":1000},{"@type":"BreadcrumbList","@id":"https:\/\/hexagodis.com\/index.php\/produit\/trottinette-electrique-pliable-kukirin-g2-la-derniere-version-2025-moteur-800w-pneus-10-batterie-48v-15-6ah-vitesse-maximale-45km-h-autonomie-55km-ecran-tactile\/#breadcrumb","itemListElement":[{"@type":"ListItem","position":1,"name":"Accueil","item":"https:\/\/hexagodis.com\/"},{"@type":"ListItem","position":2,"name":"Boutique","item":"https:\/\/hexagodis.com\/index.php\/boutique\/"},{"@type":"ListItem","position":3,"name":"Trottinette \u00e9lectrique pliable Kukirin G2 (La derni\u00e8re version 2025) Moteur 800W Pneus 10 Batterie 48V 15.6Ah Vitesse maximale 45km\/h Autonomie 55km \u00c9cran tactile"}]},{"@type":"WebSite","@id":"https:\/\/hexagodis.com\/#website","url":"https:\/\/hexagodis.com\/","name":"Hexagodis","description":"Mat\u00e9riel de sport &amp; \u00e9quipement sportif","potentialAction":[{"@type":"SearchAction","target":{"@type":"EntryPoint","urlTemplate":"https:\/\/hexagodis.com\/?s={search_term_string}"},"query-input":{"@type":"PropertyValueSpecification","valueRequired":true,"valueName":"search_term_string"}}],"inLanguage":"fr-FR"}]}},"_links":{"self":[{"href":"https:\/\/hexagodis.com\/index.php\/wp-json\/wp\/v2\/product\/18351","targetHints":{"allow":["GET"]}}],"collection":[{"href":"https:\/\/hexagodis.com\/index.php\/wp-json\/wp\/v2\/product"}],"about":[{"href":"https:\/\/hexagodis.com\/index.php\/wp-json\/wp\/v2\/types\/product"}],"replies":[{"embeddable":true,"href":"https:\/\/hexagodis.com\/index.php\/wp-json\/wp\/v2\/comments?post=18351"}],"version-history":[{"count":1,"href":"https:\/\/hexagodis.com\/index.php\/wp-json\/wp\/v2\/product\/18351\/revisions"}],"predecessor-version":[{"id":18356,"href":"https:\/\/hexagodis.com\/index.php\/wp-json\/wp\/v2\/product\/18351\/revisions\/18356"}],"wp:featuredmedia":[{"embeddable":true,"href":"https:\/\/hexagodis.com\/index.php\/wp-json\/wp\/v2\/media\/18355"}],"wp:attachment":[{"href":"https:\/\/hexagodis.com\/index.php\/wp-json\/wp\/v2\/media?parent=18351"}],"wp:term":[{"taxonomy":"product_brand","embeddable":true,"href":"https:\/\/hexagodis.com\/index.php\/wp-json\/wp\/v2\/product_brand?post=18351"},{"taxonomy":"product_cat","embeddable":true,"href":"https:\/\/hexagodis.com\/index.php\/wp-json\/wp\/v2\/product_cat?post=18351"},{"taxonomy":"product_tag","embeddable":true,"href":"https:\/\/hexagodis.com\/index.php\/wp-json\/wp\/v2\/product_tag?post=18351"}],"curies":[{"name":"wp","href":"https:\/\/api.w.org\/{rel}","templated":true}]}}