{"id":18333,"date":"2025-08-26T14:21:23","date_gmt":"2025-08-26T12:21:23","guid":{"rendered":"https:\/\/hexagodis.com\/?post_type=product&#038;p=18333"},"modified":"2025-08-26T14:21:23","modified_gmt":"2025-08-26T12:21:23","slug":"rameur-a-eau-clover-fitness-aquarower-cf223-ecran-lcd-16-niveaux-de-resistance","status":"publish","type":"product","link":"https:\/\/hexagodis.com\/index.php\/produit\/rameur-a-eau-clover-fitness-aquarower-cf223-ecran-lcd-16-niveaux-de-resistance\/","title":{"rendered":"Rameur \u00e0 eau Clover Fitness AquaRower CF223 &#8211; Ecran LCD &#8211; 16 niveaux de r\u00e9sistance"},"content":{"rendered":"<p>Am\u00e9liorez votre puissance et votre technique de pagaie. Vivez la sensation de ramer dans l&rsquo;eau, maintenant depuis chez vous. Avec une construction en acier solide et \u00e9l\u00e9gante, il int\u00e8gre un si\u00e8ge visco-confort+, une poign\u00e9e ergonomique et un repose-pieds r\u00e9glable.<\/p>\n<p>&nbsp;<\/p>\n<p><strong>Caract\u00e9ristiques exceptionnelles:<\/strong><\/p>\n<p>&nbsp;<\/p>\n<p>R\u00e9sistance naturelle \u00e0 l&rsquo;eau : rameur \u00e0 eau avec r\u00e9gulation par niveau de remplissage et effort. 16 niveaux de r\u00e9sistance. Finition de haute qualit\u00e9 : rail en alliage de 120 cm stable et silencieux.<\/p>\n<p>&nbsp;<\/p>\n<p>\u00c9cran LCD : \u00e9cran LCD am\u00e9lior\u00e9, plus contrast\u00e9 et plus clair, visible sous tous les angles. Fonctions d&rsquo;affichage : temps, distance, calories, pouls et battements par minute.<\/p>\n<p>&nbsp;<\/p>\n<p>Peu encombrant : peut \u00eatre rang\u00e9 verticalement et est \u00e9quip\u00e9 de roues pour un transport facile.<\/p>\n<p>&nbsp;<\/p>\n<p>Robustesse : fabriqu\u00e9 avec les meilleurs mat\u00e9riaux pour vos entra\u00eenements les plus exigeants, avec son si\u00e8ge visco comfort+ r\u00e9sistant \u00e0 la transpiration, son design ergonomique et son repose-pieds r\u00e9glable, vous pouvez vous entra\u00eener en tout confort.<\/p>\n<p>&nbsp;<\/p>\n<p>Repose-pieds r\u00e9glable.<\/p>\n<p>&nbsp;<\/p>\n<p>Guidon confortable et antid\u00e9rapant.<\/p>\n<p>&nbsp;<\/p>\n<p>R\u00e9servoir d&rsquo;eau transparent de 17 litres.<\/p>\n<p>&nbsp;<\/p>\n<p>Roues de transport.<\/p>\n<p>&nbsp;<\/p>\n<p>Parfait pour exercer la poitrine, les biceps, les abdominaux, les articulations des genoux et des coudes.<\/p>\n<p>&nbsp;<\/p>\n<p><strong>Pourquoi acheter le rameur CF223 ?<\/strong><\/p>\n<p>&nbsp;<\/p>\n<p>Ses caract\u00e9ristiques sont l&rsquo;efficacit\u00e9, la stabilit\u00e9, un design \u00e9l\u00e9gant et une qualit\u00e9 ind\u00e9niable, ce qui offre une exp\u00e9rience utilisateur unique.<\/p>\n<p>&nbsp;<\/p>\n<p>Son design a \u00e9t\u00e9 construit \u00e0 partir d&rsquo;un cadre en acier robuste avec une finition de peinture de haute qualit\u00e9, qui fournit une structure unique et jamais vue auparavant et fait de ce rameur \u00e0 eau la combinaison parfaite de la forme et de la fonction, agissant comme un ajout id\u00e9al \u00e0 tout lieu, maison ou salle de gym professionnelle.<\/p>\n<p>&nbsp;<\/p>\n<p>Il a \u00e9t\u00e9 con\u00e7u de A \u00e0 Z par Clover Fitness afin de toujours proposer des produits de qualit\u00e9 \u00e0 un prix imbattable. Cette machine est durable et offre des performances parfaites lors des entra\u00eenements les plus exigeants.<\/p>\n<p>&nbsp;<\/p>\n<p>Il est dot\u00e9 d&rsquo;un syst\u00e8me d&rsquo;entra\u00eenement \u00e0 trois lames qui fusionne avec l&rsquo;entra\u00eenement par courroie durable pour assurer un fonctionnement agr\u00e9able et silencieux. Il b\u00e9n\u00e9ficie \u00e9galement de repose-pieds r\u00e9glables avec une surface inclin\u00e9e sous les orteils pour aider \u00e0 entra\u00eener les jambes.<\/p>\n<p>&nbsp;<\/p>\n<p><strong>4 fonctionnalit\u00e9s cl\u00e9s:<\/strong><\/p>\n<p>&nbsp;<\/p>\n<p>R\u00e9sistance totale : le rameur Hernan Line utilise une pagaie qui d\u00e9place l&rsquo;eau tout en r\u00e9duisant le glissement, cr\u00e9ant une v\u00e9ritable simulation des avantages de l&rsquo;aviron.<\/p>\n<p>&nbsp;<\/p>\n<p>Plus besoin de tirer : notre rameur Hernan Line adoucit la charge, prend soin de votre corps et d\u00e9tend votre esprit pendant l&rsquo;entra\u00eenement.<\/p>\n<p>&nbsp;<\/p>\n<p>Connexion utilisateur-aviron : La pagaie sous-marine \u00e9limine toute sensation m\u00e9canique n\u00e9faste. De cette fa\u00e7on, le risque de blessure est r\u00e9duit.<\/p>\n<p>&nbsp;<\/p>\n<p>Even stroke : Gr\u00e2ce \u00e0 l&rsquo;entrainement even stroke du rameur, vous travaillez les groupes musculaires proportionnellement \u00e0 leur force, optimisant ainsi le b\u00e9n\u00e9fice de l&rsquo;exercice.<\/p>\n","protected":false},"excerpt":{"rendered":"<p>Caract\u00e9ristiques<\/p>\n<p>Type de sport<br \/>\nFitness et cardio training<\/p>\n<p>Coloris<br \/>\nNoir<\/p>\n<p>Mati\u00e8re<br \/>\nAcier<\/p>\n<p>Niveau de pratique<br \/>\nEntrainement<\/p>\n<p>Couleur<br \/>\nNoir<\/p>\n<p>Longueur du produit<br \/>\n185,00 cm<\/p>\n<p>Largeur du produit<br \/>\n31,00 cm<\/p>\n<p>Hauteur du produit<br \/>\n62,00 cm<\/p>\n","protected":false},"featured_media":18337,"comment_status":"open","ping_status":"closed","template":"","meta":[],"product_brand":[],"product_cat":[79],"product_tag":[],"class_list":{"0":"post-18333","1":"product","2":"type-product","3":"status-publish","4":"has-post-thumbnail","6":"product_cat-rameur","8":"first","9":"instock","10":"sale","11":"taxable","12":"shipping-taxable","13":"purchasable","14":"product-type-simple"},"yoast_head":"<!-- This site is optimized with the Yoast SEO plugin v24.8.1 - https:\/\/yoast.com\/wordpress\/plugins\/seo\/ -->\n<title>Rameur \u00e0 eau Clover Fitness AquaRower CF223 - Ecran LCD - 16 niveaux de r\u00e9sistance - Hexagodis<\/title>\n<meta name=\"robots\" content=\"index, follow, max-snippet:-1, max-image-preview:large, max-video-preview:-1\" \/>\n<link rel=\"canonical\" href=\"https:\/\/hexagodis.com\/index.php\/produit\/rameur-a-eau-clover-fitness-aquarower-cf223-ecran-lcd-16-niveaux-de-resistance\/\" \/>\n<meta property=\"og:locale\" content=\"fr_FR\" \/>\n<meta property=\"og:type\" content=\"article\" \/>\n<meta property=\"og:title\" content=\"Rameur \u00e0 eau Clover Fitness AquaRower CF223 - Ecran LCD - 16 niveaux de r\u00e9sistance - Hexagodis\" \/>\n<meta property=\"og:description\" content=\"Caract\u00e9ristiques  Type de sport Fitness et cardio training  Coloris Noir  Mati\u00e8re Acier  Niveau de pratique Entrainement  Couleur Noir  Longueur du produit 185,00 cm  Largeur du produit 31,00 cm  Hauteur du produit 62,00 cm\" \/>\n<meta property=\"og:url\" content=\"https:\/\/hexagodis.com\/index.php\/produit\/rameur-a-eau-clover-fitness-aquarower-cf223-ecran-lcd-16-niveaux-de-resistance\/\" \/>\n<meta property=\"og:site_name\" content=\"Hexagodis\" \/>\n<meta property=\"og:image\" content=\"https:\/\/hexagodis.com\/wp-content\/uploads\/2025\/08\/21755040-1505-3756-1.jpg\" \/>\n\t<meta property=\"og:image:width\" content=\"950\" \/>\n\t<meta property=\"og:image:height\" content=\"950\" \/>\n\t<meta property=\"og:image:type\" content=\"image\/jpeg\" \/>\n<meta name=\"twitter:card\" content=\"summary_large_image\" \/>\n<meta name=\"twitter:label1\" content=\"Dur\u00e9e de lecture estim\u00e9e\" \/>\n\t<meta name=\"twitter:data1\" content=\"3 minutes\" \/>\n<script type=\"application\/ld+json\" class=\"yoast-schema-graph\">{\"@context\":\"https:\/\/schema.org\",\"@graph\":[{\"@type\":\"WebPage\",\"@id\":\"https:\/\/hexagodis.com\/index.php\/produit\/rameur-a-eau-clover-fitness-aquarower-cf223-ecran-lcd-16-niveaux-de-resistance\/\",\"url\":\"https:\/\/hexagodis.com\/index.php\/produit\/rameur-a-eau-clover-fitness-aquarower-cf223-ecran-lcd-16-niveaux-de-resistance\/\",\"name\":\"Rameur \u00e0 eau Clover Fitness AquaRower CF223 - Ecran LCD - 16 niveaux de r\u00e9sistance - Hexagodis\",\"isPartOf\":{\"@id\":\"https:\/\/hexagodis.com\/#website\"},\"primaryImageOfPage\":{\"@id\":\"https:\/\/hexagodis.com\/index.php\/produit\/rameur-a-eau-clover-fitness-aquarower-cf223-ecran-lcd-16-niveaux-de-resistance\/#primaryimage\"},\"image\":{\"@id\":\"https:\/\/hexagodis.com\/index.php\/produit\/rameur-a-eau-clover-fitness-aquarower-cf223-ecran-lcd-16-niveaux-de-resistance\/#primaryimage\"},\"thumbnailUrl\":\"https:\/\/hexagodis.com\/wp-content\/uploads\/2025\/08\/21755040-1505-3756-1.jpg\",\"datePublished\":\"2025-08-26T12:21:23+00:00\",\"breadcrumb\":{\"@id\":\"https:\/\/hexagodis.com\/index.php\/produit\/rameur-a-eau-clover-fitness-aquarower-cf223-ecran-lcd-16-niveaux-de-resistance\/#breadcrumb\"},\"inLanguage\":\"fr-FR\",\"potentialAction\":[{\"@type\":\"ReadAction\",\"target\":[\"https:\/\/hexagodis.com\/index.php\/produit\/rameur-a-eau-clover-fitness-aquarower-cf223-ecran-lcd-16-niveaux-de-resistance\/\"]}]},{\"@type\":\"ImageObject\",\"inLanguage\":\"fr-FR\",\"@id\":\"https:\/\/hexagodis.com\/index.php\/produit\/rameur-a-eau-clover-fitness-aquarower-cf223-ecran-lcd-16-niveaux-de-resistance\/#primaryimage\",\"url\":\"https:\/\/hexagodis.com\/wp-content\/uploads\/2025\/08\/21755040-1505-3756-1.jpg\",\"contentUrl\":\"https:\/\/hexagodis.com\/wp-content\/uploads\/2025\/08\/21755040-1505-3756-1.jpg\",\"width\":950,\"height\":950},{\"@type\":\"BreadcrumbList\",\"@id\":\"https:\/\/hexagodis.com\/index.php\/produit\/rameur-a-eau-clover-fitness-aquarower-cf223-ecran-lcd-16-niveaux-de-resistance\/#breadcrumb\",\"itemListElement\":[{\"@type\":\"ListItem\",\"position\":1,\"name\":\"Accueil\",\"item\":\"https:\/\/hexagodis.com\/\"},{\"@type\":\"ListItem\",\"position\":2,\"name\":\"Boutique\",\"item\":\"https:\/\/hexagodis.com\/index.php\/boutique\/\"},{\"@type\":\"ListItem\",\"position\":3,\"name\":\"Rameur \u00e0 eau Clover Fitness AquaRower CF223 &#8211; Ecran LCD &#8211; 16 niveaux de r\u00e9sistance\"}]},{\"@type\":\"WebSite\",\"@id\":\"https:\/\/hexagodis.com\/#website\",\"url\":\"https:\/\/hexagodis.com\/\",\"name\":\"Hexagodis\",\"description\":\"Mat\u00e9riel de sport &amp; \u00e9quipement sportif\",\"potentialAction\":[{\"@type\":\"SearchAction\",\"target\":{\"@type\":\"EntryPoint\",\"urlTemplate\":\"https:\/\/hexagodis.com\/?s={search_term_string}\"},\"query-input\":{\"@type\":\"PropertyValueSpecification\",\"valueRequired\":true,\"valueName\":\"search_term_string\"}}],\"inLanguage\":\"fr-FR\"}]}<\/script>\n<!-- \/ Yoast SEO plugin. -->","yoast_head_json":{"title":"Rameur \u00e0 eau Clover Fitness AquaRower CF223 - Ecran LCD - 16 niveaux de r\u00e9sistance - Hexagodis","robots":{"index":"index","follow":"follow","max-snippet":"max-snippet:-1","max-image-preview":"max-image-preview:large","max-video-preview":"max-video-preview:-1"},"canonical":"https:\/\/hexagodis.com\/index.php\/produit\/rameur-a-eau-clover-fitness-aquarower-cf223-ecran-lcd-16-niveaux-de-resistance\/","og_locale":"fr_FR","og_type":"article","og_title":"Rameur \u00e0 eau Clover Fitness AquaRower CF223 - Ecran LCD - 16 niveaux de r\u00e9sistance - Hexagodis","og_description":"Caract\u00e9ristiques  Type de sport Fitness et cardio training  Coloris Noir  Mati\u00e8re Acier  Niveau de pratique Entrainement  Couleur Noir  Longueur du produit 185,00 cm  Largeur du produit 31,00 cm  Hauteur du produit 62,00 cm","og_url":"https:\/\/hexagodis.com\/index.php\/produit\/rameur-a-eau-clover-fitness-aquarower-cf223-ecran-lcd-16-niveaux-de-resistance\/","og_site_name":"Hexagodis","og_image":[{"width":950,"height":950,"url":"https:\/\/hexagodis.com\/wp-content\/uploads\/2025\/08\/21755040-1505-3756-1.jpg","type":"image\/jpeg"}],"twitter_card":"summary_large_image","twitter_misc":{"Dur\u00e9e de lecture estim\u00e9e":"3 minutes"},"schema":{"@context":"https:\/\/schema.org","@graph":[{"@type":"WebPage","@id":"https:\/\/hexagodis.com\/index.php\/produit\/rameur-a-eau-clover-fitness-aquarower-cf223-ecran-lcd-16-niveaux-de-resistance\/","url":"https:\/\/hexagodis.com\/index.php\/produit\/rameur-a-eau-clover-fitness-aquarower-cf223-ecran-lcd-16-niveaux-de-resistance\/","name":"Rameur \u00e0 eau Clover Fitness AquaRower CF223 - Ecran LCD - 16 niveaux de r\u00e9sistance - Hexagodis","isPartOf":{"@id":"https:\/\/hexagodis.com\/#website"},"primaryImageOfPage":{"@id":"https:\/\/hexagodis.com\/index.php\/produit\/rameur-a-eau-clover-fitness-aquarower-cf223-ecran-lcd-16-niveaux-de-resistance\/#primaryimage"},"image":{"@id":"https:\/\/hexagodis.com\/index.php\/produit\/rameur-a-eau-clover-fitness-aquarower-cf223-ecran-lcd-16-niveaux-de-resistance\/#primaryimage"},"thumbnailUrl":"https:\/\/hexagodis.com\/wp-content\/uploads\/2025\/08\/21755040-1505-3756-1.jpg","datePublished":"2025-08-26T12:21:23+00:00","breadcrumb":{"@id":"https:\/\/hexagodis.com\/index.php\/produit\/rameur-a-eau-clover-fitness-aquarower-cf223-ecran-lcd-16-niveaux-de-resistance\/#breadcrumb"},"inLanguage":"fr-FR","potentialAction":[{"@type":"ReadAction","target":["https:\/\/hexagodis.com\/index.php\/produit\/rameur-a-eau-clover-fitness-aquarower-cf223-ecran-lcd-16-niveaux-de-resistance\/"]}]},{"@type":"ImageObject","inLanguage":"fr-FR","@id":"https:\/\/hexagodis.com\/index.php\/produit\/rameur-a-eau-clover-fitness-aquarower-cf223-ecran-lcd-16-niveaux-de-resistance\/#primaryimage","url":"https:\/\/hexagodis.com\/wp-content\/uploads\/2025\/08\/21755040-1505-3756-1.jpg","contentUrl":"https:\/\/hexagodis.com\/wp-content\/uploads\/2025\/08\/21755040-1505-3756-1.jpg","width":950,"height":950},{"@type":"BreadcrumbList","@id":"https:\/\/hexagodis.com\/index.php\/produit\/rameur-a-eau-clover-fitness-aquarower-cf223-ecran-lcd-16-niveaux-de-resistance\/#breadcrumb","itemListElement":[{"@type":"ListItem","position":1,"name":"Accueil","item":"https:\/\/hexagodis.com\/"},{"@type":"ListItem","position":2,"name":"Boutique","item":"https:\/\/hexagodis.com\/index.php\/boutique\/"},{"@type":"ListItem","position":3,"name":"Rameur \u00e0 eau Clover Fitness AquaRower CF223 &#8211; Ecran LCD &#8211; 16 niveaux de r\u00e9sistance"}]},{"@type":"WebSite","@id":"https:\/\/hexagodis.com\/#website","url":"https:\/\/hexagodis.com\/","name":"Hexagodis","description":"Mat\u00e9riel de sport &amp; \u00e9quipement sportif","potentialAction":[{"@type":"SearchAction","target":{"@type":"EntryPoint","urlTemplate":"https:\/\/hexagodis.com\/?s={search_term_string}"},"query-input":{"@type":"PropertyValueSpecification","valueRequired":true,"valueName":"search_term_string"}}],"inLanguage":"fr-FR"}]}},"_links":{"self":[{"href":"https:\/\/hexagodis.com\/index.php\/wp-json\/wp\/v2\/product\/18333","targetHints":{"allow":["GET"]}}],"collection":[{"href":"https:\/\/hexagodis.com\/index.php\/wp-json\/wp\/v2\/product"}],"about":[{"href":"https:\/\/hexagodis.com\/index.php\/wp-json\/wp\/v2\/types\/product"}],"replies":[{"embeddable":true,"href":"https:\/\/hexagodis.com\/index.php\/wp-json\/wp\/v2\/comments?post=18333"}],"version-history":[{"count":1,"href":"https:\/\/hexagodis.com\/index.php\/wp-json\/wp\/v2\/product\/18333\/revisions"}],"predecessor-version":[{"id":18338,"href":"https:\/\/hexagodis.com\/index.php\/wp-json\/wp\/v2\/product\/18333\/revisions\/18338"}],"wp:featuredmedia":[{"embeddable":true,"href":"https:\/\/hexagodis.com\/index.php\/wp-json\/wp\/v2\/media\/18337"}],"wp:attachment":[{"href":"https:\/\/hexagodis.com\/index.php\/wp-json\/wp\/v2\/media?parent=18333"}],"wp:term":[{"taxonomy":"product_brand","embeddable":true,"href":"https:\/\/hexagodis.com\/index.php\/wp-json\/wp\/v2\/product_brand?post=18333"},{"taxonomy":"product_cat","embeddable":true,"href":"https:\/\/hexagodis.com\/index.php\/wp-json\/wp\/v2\/product_cat?post=18333"},{"taxonomy":"product_tag","embeddable":true,"href":"https:\/\/hexagodis.com\/index.php\/wp-json\/wp\/v2\/product_tag?post=18333"}],"curies":[{"name":"wp","href":"https:\/\/api.w.org\/{rel}","templated":true}]}}