{"id":18326,"date":"2025-08-26T14:16:19","date_gmt":"2025-08-26T12:16:19","guid":{"rendered":"https:\/\/hexagodis.com\/?post_type=product&#038;p=18326"},"modified":"2025-08-26T14:16:20","modified_gmt":"2025-08-26T12:16:20","slug":"hop-sport-rameur-dappartement-pliable-hs-095r-spike-16-niveaux-de-resistance-magnetique-ecran-lcd-et-support-tablette-roue-dinertie-16-kg-max-150-kg","status":"publish","type":"product","link":"https:\/\/hexagodis.com\/index.php\/produit\/hop-sport-rameur-dappartement-pliable-hs-095r-spike-16-niveaux-de-resistance-magnetique-ecran-lcd-et-support-tablette-roue-dinertie-16-kg-max-150-kg\/","title":{"rendered":"Hop-Sport Rameur d&rsquo;Appartement Pliable HS-095R Spike, 16 Niveaux de R\u00e9sistance Magn\u00e9tique, \u00c9cran LCD et Support Tablette, Roue d&rsquo;Inertie 16 kg, max. 150 kg"},"content":{"rendered":"<p>Ordinateur d\u2019entra\u00eenement multifonctionnel<br \/>\nL\u2019ordinateur propose un large choix de programmes d\u2019entra\u00eenement (y compris le mode comp\u00e9tition) et la fonction Recovery, gr\u00e2ce \u00e0 laquelle vous pouvez v\u00e9rifier l\u2019efficacit\u00e9 de votre corps. L\u2019\u00e9cran int\u00e9gr\u00e9 vous permet d\u2019utiliser confortablement votre appareil mobile pendant l\u2019exercice. En ajustant l\u2019angle d\u2019inclinaison de l\u2019ordinateur, vous pouvez ajuster sa position en fonction de vos besoins.<\/p>\n<p>Intuitif \u00e0 utiliser, l&rsquo;ordinateur affiche les param\u00e8tres suivants:<br \/>\ntime \u2013 temps<br \/>\ncalories \u2013 calories br\u00fbl\u00e9es<br \/>\nstrokes \u2013 affiche les coups (scanne et calcule le total des tractions toutes les 6 s)<br \/>\nspm \u2013 coups par minute<br \/>\npulse \u2013 mesure du pouls (battements par minute)<br \/>\nwatt \u2013 consommation d\u2019\u00e9nergie de l\u2019utilisateur<br \/>\ndistance \u2013 distance parcourue<\/p>\n<p>Application Kinomap<br \/>\nKinomap est une plateforme compl\u00e8te qui am\u00e8nera votre entra\u00eenement \u00e0 un tout autre niveau. Gr\u00e2ce \u00e0 Kinomap, vous affronterez des itin\u00e9raires cyclables virtuels et le mode comp\u00e9tition en temps r\u00e9el.<\/p>\n<p>Facile \u00e0 plier et \u00e0 d\u00e9placer<br \/>\nLe syst\u00e8me de pliage rapide du rameur Spike HS-095R vous permet de plier facilement l\u2019appareil, \u00e9conomisant ainsi de l\u2019espace dans la chambre. Des roulettes de transport fonctionnelles, int\u00e9gr\u00e9es au stabilisateur avant, vous permettent de d\u00e9placer facilement l\u2019\u00e9quipement.<\/p>\n<p>Syst\u00e8me de r\u00e9sistance magn\u00e9tique<br \/>\nGr\u00e2ce au syst\u00e8me de r\u00e9sistance magn\u00e9tique d\u2019un poids de 16 kg, le rameur Spike HS-095R fonctionne en douceur et en silence. Le r\u00e9glage \u00e9lectronique pratique de la r\u00e9sistance via l\u2019ordinateur d\u2019entra\u00eenement vous permet d\u2019adapter le degr\u00e9 de difficult\u00e9 de l\u2019entra\u00eenement \u00e0 vos objectifs d\u2019entra\u00eenement.<\/p>\n<p>Selle confortable<br \/>\nLa selle douce de forme anatomique assure un confort m\u00eame pendant les exercices les plus intenses, et ses dimensions optimales vous permettent d\u2019adopter une position stable tout en ramant. Les roulements \u00e0 rouleaux assurent un mouvement fluide du si\u00e8ge au long du guidage.<\/p>\n<p>Fonctions affich\u00e9es sur l\u2019ordinateur<br \/>\nProgramme manuel orient\u00e9 sur : temps, calories, distance, fr\u00e9quence cardiaque, niveau de charge (1-16)<br \/>\nProgramme H.R.C, programme contr\u00f4l\u00e9 par le pouls, 3 niveaux<br \/>\n12 programmes de formation P1-P12<br \/>\nProgramme RACE, course contre l\u2019ordinateur \u2013 SPM (10-95 tous les 5), distance 100 \u00e0 9900 m<br \/>\nProgramme USER, r\u00e9sistance 1-16 en 16 segments<br \/>\nProgramme de RECOVERY<\/p>\n<p>Poids: 40 kg<br \/>\nDimensions: 106 cm x 62 cm x 218 cm<br \/>\nDimensions pli\u00e9: 143 cm x 62 cm x 118 cm<br \/>\nDimensions du carton: 97 cm x 27 cm x 126 cm<br \/>\nClasse de mat\u00e9riel: HC<br \/>\nPoids du syst\u00e8me de r\u00e9sistance magn\u00e9tique: 16 kg<br \/>\nR\u00e9glage \u00e9lectronique de la r\u00e9sistance<br \/>\nPlage de r\u00e9sistance: 1-16<br \/>\nBranchements secteur: 230V<br \/>\nDimensions des plateformes: 34 cm x 14,5 cm<br \/>\nDimensions de la selle: 26 cm x 31 cm<br \/>\nR\u00e9glage de l\u2019angle de l\u2019affichage<br \/>\nDiam\u00e8tre de la poign\u00e9e: 4 cm<br \/>\nLongueur de la sangle: 40 cm<br \/>\nLongueur de mouvement de la selle: 82 cm<br \/>\nHauteur de selle: arri\u00e8re 33 cm, avant 22 cm<br \/>\nMax. poids de l\u2019utilisateur: 150 kg<br \/>\nSupport d\u2019appareil mobile<br \/>\nSi\u00e8ge en mousse souple<\/p>\n<p>&nbsp;<\/p>\n<p>&nbsp;<\/p>\n<header class=\"f-productLayer__header\">\n<div class=\"f-productLayer__container\">\n<h2 class=\"f-productLayer__title\" data-automation-id=\"title-characteristics-layer-label\">Caract\u00e9ristiques<\/h2>\n<\/div>\n<\/header>\n<div class=\"f-productLayer__body f-productProperties\">\n<div class=\"f-productLayer__container f-productProperties__container\" data-automation-id=\"simple-characteristics-content-block\">\n<div class=\"js-Expander expander expander--hasIcon collapsed\" data-automation-button=\"expand-characteristics-content-button\" data-automation-content=\"expand-characteristics-content\">\n<div class=\"expander__content\" data-automation-id=\"expand-characteristics-content\" aria-expanded=\"true\">\n<div class=\"f-productProperties__columns\">\n<div class=\"f-productProperties__col\">\n<dl class=\"f-productProperties__item\">\n<dt class=\"f-productProperties__term\">Type de sport<\/dt>\n<dd class=\"f-productProperties__definition\" aria-label=\"Liste des Type de sport\">Fitness et cardio training<\/dd>\n<\/dl>\n<dl class=\"f-productProperties__item\">\n<dt class=\"f-productProperties__term\">Coloris<\/dt>\n<dd class=\"f-productProperties__definition\" aria-label=\"Liste des Coloris\">Noir<\/dd>\n<\/dl>\n<dl class=\"f-productProperties__item\">\n<dt class=\"f-productProperties__term\">Pliable<\/dt>\n<dd class=\"f-productProperties__definition\" aria-label=\"Liste des Pliable\">Oui<\/dd>\n<\/dl>\n<dl class=\"f-productProperties__item\">\n<dt class=\"f-productProperties__term\">Niveau de pratique<\/dt>\n<dd class=\"f-productProperties__definition\" aria-label=\"Liste des Niveau de pratique\">Tous niveaux<\/dd>\n<\/dl>\n<dl class=\"f-productProperties__item\">\n<dt class=\"f-productProperties__term\">Couleur<\/dt>\n<dd class=\"f-productProperties__definition\" aria-label=\"Liste des Couleur\">Noir<\/dd>\n<\/dl>\n<dl class=\"f-productProperties__item\">\n<dt class=\"f-productProperties__term\">Pays de fabrication<\/dt>\n<dd class=\"f-productProperties__definition\" aria-label=\"Liste des Pays de fabrication\">Chine<\/dd>\n<\/dl>\n<dl class=\"f-productProperties__item\">\n<dt class=\"f-productProperties__term\">Accessoires fournis<\/dt>\n<dd class=\"f-productProperties__definition\" aria-label=\"Liste des Accessoires fournis\">Contenu de la livraison : 1 x rameur HS-095R Spike<\/dd>\n<\/dl>\n<dl class=\"f-productProperties__item  f-productProperties__item--long \">\n<dt class=\"f-productProperties__term\">Avertissement de s\u00e9curit\u00e9<\/dt>\n<dd class=\"f-productProperties__definition\" aria-label=\"Liste des Avertissement de s\u00e9curit\u00e9\">Utilisez selon les instructions. Est destin\u00e9 \u00e0 un usage domestique par des adultes, sous surveillance pour les mineurs. Stockez-le dans un endroit sec, \u00e0 l&rsquo;abri du soleil. Ne le mettez pas en contact avec l&rsquo;eau. Non adapt\u00e9 \u00e0 la r\u00e9habilitation. Une personne \u00e0 la fois. Utilisez une surface stable. Prot\u00e9gez le sol avec un tapis. V\u00e9rifiez l&rsquo;appareil avant utilisation. Consultez un m\u00e9decin si vous avez des probl\u00e8mes de sant\u00e9. Espace minimum de 2m. Conforme \u00e0 la norme PN-EN ISO 20957-7:2021-11.<\/dd>\n<\/dl>\n<dl class=\"f-productProperties__item\">\n<dt class=\"f-productProperties__term\">Longueur du produit<\/dt>\n<dd class=\"f-productProperties__definition\" aria-label=\"Liste des Longueur du produit\">218,00 cm<\/dd>\n<\/dl>\n<\/div>\n<div class=\"f-productProperties__col\">\n<dl class=\"f-productProperties__item\">\n<dt class=\"f-productProperties__term\">Largeur du produit<\/dt>\n<dd class=\"f-productProperties__definition\" aria-label=\"Liste des Largeur du produit\">62,00 cm<\/dd>\n<\/dl>\n<dl class=\"f-productProperties__item\">\n<dt class=\"f-productProperties__term\">Hauteur du produit<\/dt>\n<dd class=\"f-productProperties__definition\" aria-label=\"Liste des Hauteur du produit\">106,00 cm<\/dd>\n<\/dl>\n<dl class=\"f-productProperties__item\">\n<dt class=\"f-productProperties__term\">Poids du produit<\/dt>\n<dd class=\"f-productProperties__definition\" aria-label=\"Liste des Poids du produit\">40,00 Kg<\/dd>\n<\/dl>\n<dl class=\"f-productProperties__item\">\n<dt class=\"f-productProperties__term\">Disponibilit\u00e9 des pi\u00e8ces d\u00e9tach\u00e9es<\/dt>\n<dd class=\"f-productProperties__definition\" aria-label=\"Liste des Disponibilit\u00e9 des pi\u00e8ces d\u00e9tach\u00e9es\">2 ANS<\/dd>\n<\/dl>\n<dl class=\"f-productProperties__item\">\n<dt class=\"f-productProperties__term\">Point fort 1<\/dt>\n<dd class=\"f-productProperties__definition\" aria-label=\"Liste des Point fort 1\">\u00c9quip\u00e9 d&rsquo;un syst\u00e8me de freinage magn\u00e9tique silencieux et fluide de 16 kg.<\/dd>\n<\/dl>\n<dl class=\"f-productProperties__item  f-productProperties__item--long \">\n<dt class=\"f-productProperties__term\">Point fort 2<\/dt>\n<dd class=\"f-productProperties__definition\" aria-label=\"Liste des Point fort 2\">16 Niveaux de R\u00e9sistance Magn\u00e9tique: ajustez facilement l&rsquo;intensit\u00e9 gr\u00e2ce \u00e0 un r\u00e9glage \u00e9lectronique pr\u00e9cis.<\/dd>\n<\/dl>\n<dl class=\"f-productProperties__item\">\n<dt class=\"f-productProperties__term\">Point fort 3<\/dt>\n<dd class=\"f-productProperties__definition\" aria-label=\"Liste des Point fort 3\">\u00c9cran LCD affiche le temps, la distance, les calories br\u00fbl\u00e9es, et le nombre de tractions par minute.<\/dd>\n<\/dl>\n<dl class=\"f-productProperties__item\">\n<dt class=\"f-productProperties__term\">Point fort 4<\/dt>\n<dd class=\"f-productProperties__definition\" aria-label=\"Liste des Point fort 4\">Construit pour durer, ce rameur de sport supporte un poids maximal de 150 kg.<\/p>\n<p>&nbsp;<\/dd>\n<\/dl>\n<\/div>\n<\/div>\n<\/div>\n<\/div>\n<\/div>\n<\/div>\n","protected":false},"excerpt":{"rendered":"<p>Ordinateur d\u2019entra\u00eenement multifonctionnel L\u2019ordinateur propose un large choix de programmes d\u2019entra\u00eenement (y compris le mode comp\u00e9tition) et la fonction Recovery,<\/p>\n","protected":false},"featured_media":18330,"comment_status":"open","ping_status":"closed","template":"","meta":[],"product_brand":[],"product_cat":[79],"product_tag":[],"class_list":{"0":"post-18326","1":"product","2":"type-product","3":"status-publish","4":"has-post-thumbnail","6":"product_cat-rameur","8":"first","9":"instock","10":"sale","11":"taxable","12":"shipping-taxable","13":"purchasable","14":"product-type-simple"},"yoast_head":"<!-- This site is optimized with the Yoast SEO plugin v24.8.1 - https:\/\/yoast.com\/wordpress\/plugins\/seo\/ -->\n<title>Hop-Sport Rameur d&#039;Appartement Pliable HS-095R Spike, 16 Niveaux de R\u00e9sistance Magn\u00e9tique, \u00c9cran LCD et Support Tablette, Roue d&#039;Inertie 16 kg, max. 150 kg - Hexagodis<\/title>\n<meta name=\"robots\" content=\"index, follow, max-snippet:-1, max-image-preview:large, max-video-preview:-1\" \/>\n<link rel=\"canonical\" href=\"https:\/\/hexagodis.com\/index.php\/produit\/hop-sport-rameur-dappartement-pliable-hs-095r-spike-16-niveaux-de-resistance-magnetique-ecran-lcd-et-support-tablette-roue-dinertie-16-kg-max-150-kg\/\" \/>\n<meta property=\"og:locale\" content=\"fr_FR\" \/>\n<meta property=\"og:type\" content=\"article\" \/>\n<meta property=\"og:title\" content=\"Hop-Sport Rameur d&#039;Appartement Pliable HS-095R Spike, 16 Niveaux de R\u00e9sistance Magn\u00e9tique, \u00c9cran LCD et Support Tablette, Roue d&#039;Inertie 16 kg, max. 150 kg - Hexagodis\" \/>\n<meta property=\"og:description\" content=\"Ordinateur d\u2019entra\u00eenement multifonctionnel L\u2019ordinateur propose un large choix de programmes d\u2019entra\u00eenement (y compris le mode comp\u00e9tition) et la fonction Recovery,\" \/>\n<meta property=\"og:url\" content=\"https:\/\/hexagodis.com\/index.php\/produit\/hop-sport-rameur-dappartement-pliable-hs-095r-spike-16-niveaux-de-resistance-magnetique-ecran-lcd-et-support-tablette-roue-dinertie-16-kg-max-150-kg\/\" \/>\n<meta property=\"og:site_name\" content=\"Hexagodis\" \/>\n<meta property=\"article:modified_time\" content=\"2025-08-26T12:16:20+00:00\" \/>\n<meta property=\"og:image\" content=\"https:\/\/hexagodis.com\/wp-content\/uploads\/2025\/08\/27740379-1505-3756-1.jpg\" \/>\n\t<meta property=\"og:image:width\" content=\"1800\" \/>\n\t<meta property=\"og:image:height\" content=\"1415\" \/>\n\t<meta property=\"og:image:type\" content=\"image\/jpeg\" \/>\n<meta name=\"twitter:card\" content=\"summary_large_image\" \/>\n<meta name=\"twitter:label1\" content=\"Dur\u00e9e de lecture estim\u00e9e\" \/>\n\t<meta name=\"twitter:data1\" content=\"4 minutes\" \/>\n<script type=\"application\/ld+json\" class=\"yoast-schema-graph\">{\"@context\":\"https:\/\/schema.org\",\"@graph\":[{\"@type\":\"WebPage\",\"@id\":\"https:\/\/hexagodis.com\/index.php\/produit\/hop-sport-rameur-dappartement-pliable-hs-095r-spike-16-niveaux-de-resistance-magnetique-ecran-lcd-et-support-tablette-roue-dinertie-16-kg-max-150-kg\/\",\"url\":\"https:\/\/hexagodis.com\/index.php\/produit\/hop-sport-rameur-dappartement-pliable-hs-095r-spike-16-niveaux-de-resistance-magnetique-ecran-lcd-et-support-tablette-roue-dinertie-16-kg-max-150-kg\/\",\"name\":\"Hop-Sport Rameur d'Appartement Pliable HS-095R Spike, 16 Niveaux de R\u00e9sistance Magn\u00e9tique, \u00c9cran LCD et Support Tablette, Roue d'Inertie 16 kg, max. 150 kg - Hexagodis\",\"isPartOf\":{\"@id\":\"https:\/\/hexagodis.com\/#website\"},\"primaryImageOfPage\":{\"@id\":\"https:\/\/hexagodis.com\/index.php\/produit\/hop-sport-rameur-dappartement-pliable-hs-095r-spike-16-niveaux-de-resistance-magnetique-ecran-lcd-et-support-tablette-roue-dinertie-16-kg-max-150-kg\/#primaryimage\"},\"image\":{\"@id\":\"https:\/\/hexagodis.com\/index.php\/produit\/hop-sport-rameur-dappartement-pliable-hs-095r-spike-16-niveaux-de-resistance-magnetique-ecran-lcd-et-support-tablette-roue-dinertie-16-kg-max-150-kg\/#primaryimage\"},\"thumbnailUrl\":\"https:\/\/hexagodis.com\/wp-content\/uploads\/2025\/08\/27740379-1505-3756-1.jpg\",\"datePublished\":\"2025-08-26T12:16:19+00:00\",\"dateModified\":\"2025-08-26T12:16:20+00:00\",\"breadcrumb\":{\"@id\":\"https:\/\/hexagodis.com\/index.php\/produit\/hop-sport-rameur-dappartement-pliable-hs-095r-spike-16-niveaux-de-resistance-magnetique-ecran-lcd-et-support-tablette-roue-dinertie-16-kg-max-150-kg\/#breadcrumb\"},\"inLanguage\":\"fr-FR\",\"potentialAction\":[{\"@type\":\"ReadAction\",\"target\":[\"https:\/\/hexagodis.com\/index.php\/produit\/hop-sport-rameur-dappartement-pliable-hs-095r-spike-16-niveaux-de-resistance-magnetique-ecran-lcd-et-support-tablette-roue-dinertie-16-kg-max-150-kg\/\"]}]},{\"@type\":\"ImageObject\",\"inLanguage\":\"fr-FR\",\"@id\":\"https:\/\/hexagodis.com\/index.php\/produit\/hop-sport-rameur-dappartement-pliable-hs-095r-spike-16-niveaux-de-resistance-magnetique-ecran-lcd-et-support-tablette-roue-dinertie-16-kg-max-150-kg\/#primaryimage\",\"url\":\"https:\/\/hexagodis.com\/wp-content\/uploads\/2025\/08\/27740379-1505-3756-1.jpg\",\"contentUrl\":\"https:\/\/hexagodis.com\/wp-content\/uploads\/2025\/08\/27740379-1505-3756-1.jpg\",\"width\":1800,\"height\":1415},{\"@type\":\"BreadcrumbList\",\"@id\":\"https:\/\/hexagodis.com\/index.php\/produit\/hop-sport-rameur-dappartement-pliable-hs-095r-spike-16-niveaux-de-resistance-magnetique-ecran-lcd-et-support-tablette-roue-dinertie-16-kg-max-150-kg\/#breadcrumb\",\"itemListElement\":[{\"@type\":\"ListItem\",\"position\":1,\"name\":\"Accueil\",\"item\":\"https:\/\/hexagodis.com\/\"},{\"@type\":\"ListItem\",\"position\":2,\"name\":\"Boutique\",\"item\":\"https:\/\/hexagodis.com\/index.php\/boutique\/\"},{\"@type\":\"ListItem\",\"position\":3,\"name\":\"Hop-Sport Rameur d&rsquo;Appartement Pliable HS-095R Spike, 16 Niveaux de R\u00e9sistance Magn\u00e9tique, \u00c9cran LCD et Support Tablette, Roue d&rsquo;Inertie 16 kg, max. 150 kg\"}]},{\"@type\":\"WebSite\",\"@id\":\"https:\/\/hexagodis.com\/#website\",\"url\":\"https:\/\/hexagodis.com\/\",\"name\":\"Hexagodis\",\"description\":\"Mat\u00e9riel de sport &amp; \u00e9quipement sportif\",\"potentialAction\":[{\"@type\":\"SearchAction\",\"target\":{\"@type\":\"EntryPoint\",\"urlTemplate\":\"https:\/\/hexagodis.com\/?s={search_term_string}\"},\"query-input\":{\"@type\":\"PropertyValueSpecification\",\"valueRequired\":true,\"valueName\":\"search_term_string\"}}],\"inLanguage\":\"fr-FR\"}]}<\/script>\n<!-- \/ Yoast SEO plugin. -->","yoast_head_json":{"title":"Hop-Sport Rameur d'Appartement Pliable HS-095R Spike, 16 Niveaux de R\u00e9sistance Magn\u00e9tique, \u00c9cran LCD et Support Tablette, Roue d'Inertie 16 kg, max. 150 kg - Hexagodis","robots":{"index":"index","follow":"follow","max-snippet":"max-snippet:-1","max-image-preview":"max-image-preview:large","max-video-preview":"max-video-preview:-1"},"canonical":"https:\/\/hexagodis.com\/index.php\/produit\/hop-sport-rameur-dappartement-pliable-hs-095r-spike-16-niveaux-de-resistance-magnetique-ecran-lcd-et-support-tablette-roue-dinertie-16-kg-max-150-kg\/","og_locale":"fr_FR","og_type":"article","og_title":"Hop-Sport Rameur d'Appartement Pliable HS-095R Spike, 16 Niveaux de R\u00e9sistance Magn\u00e9tique, \u00c9cran LCD et Support Tablette, Roue d'Inertie 16 kg, max. 150 kg - Hexagodis","og_description":"Ordinateur d\u2019entra\u00eenement multifonctionnel L\u2019ordinateur propose un large choix de programmes d\u2019entra\u00eenement (y compris le mode comp\u00e9tition) et la fonction Recovery,","og_url":"https:\/\/hexagodis.com\/index.php\/produit\/hop-sport-rameur-dappartement-pliable-hs-095r-spike-16-niveaux-de-resistance-magnetique-ecran-lcd-et-support-tablette-roue-dinertie-16-kg-max-150-kg\/","og_site_name":"Hexagodis","article_modified_time":"2025-08-26T12:16:20+00:00","og_image":[{"width":1800,"height":1415,"url":"https:\/\/hexagodis.com\/wp-content\/uploads\/2025\/08\/27740379-1505-3756-1.jpg","type":"image\/jpeg"}],"twitter_card":"summary_large_image","twitter_misc":{"Dur\u00e9e de lecture estim\u00e9e":"4 minutes"},"schema":{"@context":"https:\/\/schema.org","@graph":[{"@type":"WebPage","@id":"https:\/\/hexagodis.com\/index.php\/produit\/hop-sport-rameur-dappartement-pliable-hs-095r-spike-16-niveaux-de-resistance-magnetique-ecran-lcd-et-support-tablette-roue-dinertie-16-kg-max-150-kg\/","url":"https:\/\/hexagodis.com\/index.php\/produit\/hop-sport-rameur-dappartement-pliable-hs-095r-spike-16-niveaux-de-resistance-magnetique-ecran-lcd-et-support-tablette-roue-dinertie-16-kg-max-150-kg\/","name":"Hop-Sport Rameur d'Appartement Pliable HS-095R Spike, 16 Niveaux de R\u00e9sistance Magn\u00e9tique, \u00c9cran LCD et Support Tablette, Roue d'Inertie 16 kg, max. 150 kg - Hexagodis","isPartOf":{"@id":"https:\/\/hexagodis.com\/#website"},"primaryImageOfPage":{"@id":"https:\/\/hexagodis.com\/index.php\/produit\/hop-sport-rameur-dappartement-pliable-hs-095r-spike-16-niveaux-de-resistance-magnetique-ecran-lcd-et-support-tablette-roue-dinertie-16-kg-max-150-kg\/#primaryimage"},"image":{"@id":"https:\/\/hexagodis.com\/index.php\/produit\/hop-sport-rameur-dappartement-pliable-hs-095r-spike-16-niveaux-de-resistance-magnetique-ecran-lcd-et-support-tablette-roue-dinertie-16-kg-max-150-kg\/#primaryimage"},"thumbnailUrl":"https:\/\/hexagodis.com\/wp-content\/uploads\/2025\/08\/27740379-1505-3756-1.jpg","datePublished":"2025-08-26T12:16:19+00:00","dateModified":"2025-08-26T12:16:20+00:00","breadcrumb":{"@id":"https:\/\/hexagodis.com\/index.php\/produit\/hop-sport-rameur-dappartement-pliable-hs-095r-spike-16-niveaux-de-resistance-magnetique-ecran-lcd-et-support-tablette-roue-dinertie-16-kg-max-150-kg\/#breadcrumb"},"inLanguage":"fr-FR","potentialAction":[{"@type":"ReadAction","target":["https:\/\/hexagodis.com\/index.php\/produit\/hop-sport-rameur-dappartement-pliable-hs-095r-spike-16-niveaux-de-resistance-magnetique-ecran-lcd-et-support-tablette-roue-dinertie-16-kg-max-150-kg\/"]}]},{"@type":"ImageObject","inLanguage":"fr-FR","@id":"https:\/\/hexagodis.com\/index.php\/produit\/hop-sport-rameur-dappartement-pliable-hs-095r-spike-16-niveaux-de-resistance-magnetique-ecran-lcd-et-support-tablette-roue-dinertie-16-kg-max-150-kg\/#primaryimage","url":"https:\/\/hexagodis.com\/wp-content\/uploads\/2025\/08\/27740379-1505-3756-1.jpg","contentUrl":"https:\/\/hexagodis.com\/wp-content\/uploads\/2025\/08\/27740379-1505-3756-1.jpg","width":1800,"height":1415},{"@type":"BreadcrumbList","@id":"https:\/\/hexagodis.com\/index.php\/produit\/hop-sport-rameur-dappartement-pliable-hs-095r-spike-16-niveaux-de-resistance-magnetique-ecran-lcd-et-support-tablette-roue-dinertie-16-kg-max-150-kg\/#breadcrumb","itemListElement":[{"@type":"ListItem","position":1,"name":"Accueil","item":"https:\/\/hexagodis.com\/"},{"@type":"ListItem","position":2,"name":"Boutique","item":"https:\/\/hexagodis.com\/index.php\/boutique\/"},{"@type":"ListItem","position":3,"name":"Hop-Sport Rameur d&rsquo;Appartement Pliable HS-095R Spike, 16 Niveaux de R\u00e9sistance Magn\u00e9tique, \u00c9cran LCD et Support Tablette, Roue d&rsquo;Inertie 16 kg, max. 150 kg"}]},{"@type":"WebSite","@id":"https:\/\/hexagodis.com\/#website","url":"https:\/\/hexagodis.com\/","name":"Hexagodis","description":"Mat\u00e9riel de sport &amp; \u00e9quipement sportif","potentialAction":[{"@type":"SearchAction","target":{"@type":"EntryPoint","urlTemplate":"https:\/\/hexagodis.com\/?s={search_term_string}"},"query-input":{"@type":"PropertyValueSpecification","valueRequired":true,"valueName":"search_term_string"}}],"inLanguage":"fr-FR"}]}},"_links":{"self":[{"href":"https:\/\/hexagodis.com\/index.php\/wp-json\/wp\/v2\/product\/18326","targetHints":{"allow":["GET"]}}],"collection":[{"href":"https:\/\/hexagodis.com\/index.php\/wp-json\/wp\/v2\/product"}],"about":[{"href":"https:\/\/hexagodis.com\/index.php\/wp-json\/wp\/v2\/types\/product"}],"replies":[{"embeddable":true,"href":"https:\/\/hexagodis.com\/index.php\/wp-json\/wp\/v2\/comments?post=18326"}],"version-history":[{"count":2,"href":"https:\/\/hexagodis.com\/index.php\/wp-json\/wp\/v2\/product\/18326\/revisions"}],"predecessor-version":[{"id":18332,"href":"https:\/\/hexagodis.com\/index.php\/wp-json\/wp\/v2\/product\/18326\/revisions\/18332"}],"wp:featuredmedia":[{"embeddable":true,"href":"https:\/\/hexagodis.com\/index.php\/wp-json\/wp\/v2\/media\/18330"}],"wp:attachment":[{"href":"https:\/\/hexagodis.com\/index.php\/wp-json\/wp\/v2\/media?parent=18326"}],"wp:term":[{"taxonomy":"product_brand","embeddable":true,"href":"https:\/\/hexagodis.com\/index.php\/wp-json\/wp\/v2\/product_brand?post=18326"},{"taxonomy":"product_cat","embeddable":true,"href":"https:\/\/hexagodis.com\/index.php\/wp-json\/wp\/v2\/product_cat?post=18326"},{"taxonomy":"product_tag","embeddable":true,"href":"https:\/\/hexagodis.com\/index.php\/wp-json\/wp\/v2\/product_tag?post=18326"}],"curies":[{"name":"wp","href":"https:\/\/api.w.org\/{rel}","templated":true}]}}