{"id":18320,"date":"2025-08-26T14:12:50","date_gmt":"2025-08-26T12:12:50","guid":{"rendered":"https:\/\/hexagodis.com\/?post_type=product&#038;p=18320"},"modified":"2025-08-26T14:12:50","modified_gmt":"2025-08-26T12:12:50","slug":"rameur-a-eau-pliable-clover-fitness-aquarower-cf356-ecran-lcd-multiples-niveaux-de-resistance","status":"publish","type":"product","link":"https:\/\/hexagodis.com\/index.php\/produit\/rameur-a-eau-pliable-clover-fitness-aquarower-cf356-ecran-lcd-multiples-niveaux-de-resistance\/","title":{"rendered":"Rameur \u00e0 eau pliable Clover Fitness AquaRower CF356 &#8211; Ecran LCD &#8211; Multiples niveaux de r\u00e9sistance"},"content":{"rendered":"<p>La combinaison d&rsquo;un design tr\u00e8s \u00e9l\u00e9gant et d&rsquo;une fonctionnalit\u00e9 et d&rsquo;une durabilit\u00e9 \u00e9lev\u00e9es. \u00c9quip\u00e9 d&rsquo;un rameur \u00e0 r\u00e9sistance \u00e0 l&rsquo;eau, qui vous permettra d&rsquo;effectuer un mouvement tr\u00e8s uniforme et respectueux des articulations. L&rsquo;ordinateur Bluetooth est rapide et facile \u00e0 utiliser. Gr\u00e2ce \u00e0 sa structure, vous serez assur\u00e9 d&rsquo;une grande stabilit\u00e9. Le rameur id\u00e9al pour entra\u00eener toutes les parties du corps.<\/p>\n<p><b>Caract\u00e9ristiques principales :<\/b><\/p>\n<ul>\n<li>Syst\u00e8me de r\u00e9sistance \u00e0 l&rsquo;eau pour une exp\u00e9rience de pagayage r\u00e9aliste.<\/li>\n<li>Ordinateur de formation, pour vous tenir inform\u00e9 \u00e0 tout moment.<\/li>\n<li>Cadre en bois\/acier pour la stabilit\u00e9 et la durabilit\u00e9.<\/li>\n<li>M\u00e9canisme de pliage facile pour gagner de l&rsquo;espace.<\/li>\n<li>Parfait pour entra\u00eener la poitrine, le dos, les abdominaux, les quadriceps et le bas du dos.<\/li>\n<\/ul>\n<p><b>Pourquoi acheter le rameur en bois Hernan Line ?<\/b><br \/>\nGr\u00e2ce \u00e0 sa r\u00e9sistance naturellement autor\u00e9gulatrice, il ne produit pas de secousses d\u00e9sagr\u00e9ables, de soubresauts et la fatigue m\u00e9canique typique des autres simulateurs d&rsquo;aviron conventionnels.<\/p>\n<p>La structure en bois offre une couleur chaude et des caract\u00e9ristiques d&rsquo;exercice de premier ordre en absorbant les chocs, en att\u00e9nuant les sons et les vibrations. Il est construit pour une longue dur\u00e9e de vie sans perdre son aspect original.<\/p>\n<p>Le rameur Hernan Line a \u00e9t\u00e9 con\u00e7u pour se distinguer des autres appareils de fitness.<\/p>\n<p>Pour tous : il r\u00e9pond aux besoins de tout utilisateur. M\u00eame si vous faites de l&rsquo;exercice pendant une courte p\u00e9riode, vous br\u00fblerez des calories, vous tonifierez votre corps et vous repartirez satisfait.<\/p>\n<p><b>4 caract\u00e9ristiques principales<\/b><\/p>\n<ul>\n<li>R\u00e9sistance totale : Le rameur Hernan Line utilise une pagaie qui d\u00e9place l&rsquo;eau tout en r\u00e9duisant le glissement, cr\u00e9ant ainsi une simulation r\u00e9aliste des bienfaits de l&rsquo;aviron.<\/li>\n<li>Ne tirez plus : notre rameur Hernan Line adoucit la charge, prend soin de votre corps et d\u00e9tend votre esprit pendant votre entra\u00eenement.<\/li>\n<li>Connexion utilisateur-racleur : La pagaie sous-marine \u00e9limine toute sensation m\u00e9canique nuisible. Cela r\u00e9duit le risque de blessure.<\/li>\n<li>Course uniforme : Gr\u00e2ce \u00e0 l&rsquo;entra\u00eenement par course uniforme de la pagaie, vous faites travailler les groupes musculaires proportionnellement \u00e0 leur force, optimisant ainsi le b\u00e9n\u00e9fice de l&rsquo;exercice.<\/li>\n<\/ul>\n<p><b>Plus d&rsquo;informations int\u00e9ressantes :<\/b><\/p>\n<ul>\n<li>Entretien du produit : nous recommandons l&rsquo;utilisation d&rsquo;eau min\u00e9rale ou d&rsquo;eau filtr\u00e9e.<\/li>\n<li>Dimensions : 2130x520x560mm<\/li>\n<\/ul>\n","protected":false},"excerpt":{"rendered":"<p>Caract\u00e9ristiques<\/p>\n<p>Coloris<br \/>\nBois<\/p>\n<p>Pliable<br \/>\nOui<\/p>\n<p>Mati\u00e8re<br \/>\nBois<\/p>\n<p>Couleur<br \/>\nBois<\/p>\n","protected":false},"featured_media":18323,"comment_status":"open","ping_status":"closed","template":"","meta":[],"product_brand":[],"product_cat":[79],"product_tag":[],"class_list":{"0":"post-18320","1":"product","2":"type-product","3":"status-publish","4":"has-post-thumbnail","6":"product_cat-rameur","8":"first","9":"instock","10":"sale","11":"taxable","12":"shipping-taxable","13":"purchasable","14":"product-type-simple"},"yoast_head":"<!-- This site is optimized with the Yoast SEO plugin v24.8.1 - https:\/\/yoast.com\/wordpress\/plugins\/seo\/ -->\n<title>Rameur \u00e0 eau pliable Clover Fitness AquaRower CF356 - Ecran LCD - Multiples niveaux de r\u00e9sistance - Hexagodis<\/title>\n<meta name=\"robots\" content=\"index, follow, max-snippet:-1, max-image-preview:large, max-video-preview:-1\" \/>\n<link rel=\"canonical\" href=\"https:\/\/hexagodis.com\/index.php\/produit\/rameur-a-eau-pliable-clover-fitness-aquarower-cf356-ecran-lcd-multiples-niveaux-de-resistance\/\" \/>\n<meta property=\"og:locale\" content=\"fr_FR\" \/>\n<meta property=\"og:type\" content=\"article\" \/>\n<meta property=\"og:title\" content=\"Rameur \u00e0 eau pliable Clover Fitness AquaRower CF356 - Ecran LCD - Multiples niveaux de r\u00e9sistance - Hexagodis\" \/>\n<meta property=\"og:description\" content=\"Caract\u00e9ristiques  Coloris Bois  Pliable Oui  Mati\u00e8re Bois  Couleur Bois\" \/>\n<meta property=\"og:url\" content=\"https:\/\/hexagodis.com\/index.php\/produit\/rameur-a-eau-pliable-clover-fitness-aquarower-cf356-ecran-lcd-multiples-niveaux-de-resistance\/\" \/>\n<meta property=\"og:site_name\" content=\"Hexagodis\" \/>\n<meta property=\"og:image\" content=\"https:\/\/hexagodis.com\/wp-content\/uploads\/2025\/08\/21807125-1505-3756-1-e1756210356612.jpg\" \/>\n\t<meta property=\"og:image:width\" content=\"1100\" \/>\n\t<meta property=\"og:image:height\" content=\"953\" \/>\n\t<meta property=\"og:image:type\" content=\"image\/jpeg\" \/>\n<meta name=\"twitter:card\" content=\"summary_large_image\" \/>\n<meta name=\"twitter:label1\" content=\"Dur\u00e9e de lecture estim\u00e9e\" \/>\n\t<meta name=\"twitter:data1\" content=\"2 minutes\" \/>\n<script type=\"application\/ld+json\" class=\"yoast-schema-graph\">{\"@context\":\"https:\/\/schema.org\",\"@graph\":[{\"@type\":\"WebPage\",\"@id\":\"https:\/\/hexagodis.com\/index.php\/produit\/rameur-a-eau-pliable-clover-fitness-aquarower-cf356-ecran-lcd-multiples-niveaux-de-resistance\/\",\"url\":\"https:\/\/hexagodis.com\/index.php\/produit\/rameur-a-eau-pliable-clover-fitness-aquarower-cf356-ecran-lcd-multiples-niveaux-de-resistance\/\",\"name\":\"Rameur \u00e0 eau pliable Clover Fitness AquaRower CF356 - Ecran LCD - Multiples niveaux de r\u00e9sistance - Hexagodis\",\"isPartOf\":{\"@id\":\"https:\/\/hexagodis.com\/#website\"},\"primaryImageOfPage\":{\"@id\":\"https:\/\/hexagodis.com\/index.php\/produit\/rameur-a-eau-pliable-clover-fitness-aquarower-cf356-ecran-lcd-multiples-niveaux-de-resistance\/#primaryimage\"},\"image\":{\"@id\":\"https:\/\/hexagodis.com\/index.php\/produit\/rameur-a-eau-pliable-clover-fitness-aquarower-cf356-ecran-lcd-multiples-niveaux-de-resistance\/#primaryimage\"},\"thumbnailUrl\":\"https:\/\/hexagodis.com\/wp-content\/uploads\/2025\/08\/21807125-1505-3756-1-e1756210356612.jpg\",\"datePublished\":\"2025-08-26T12:12:50+00:00\",\"breadcrumb\":{\"@id\":\"https:\/\/hexagodis.com\/index.php\/produit\/rameur-a-eau-pliable-clover-fitness-aquarower-cf356-ecran-lcd-multiples-niveaux-de-resistance\/#breadcrumb\"},\"inLanguage\":\"fr-FR\",\"potentialAction\":[{\"@type\":\"ReadAction\",\"target\":[\"https:\/\/hexagodis.com\/index.php\/produit\/rameur-a-eau-pliable-clover-fitness-aquarower-cf356-ecran-lcd-multiples-niveaux-de-resistance\/\"]}]},{\"@type\":\"ImageObject\",\"inLanguage\":\"fr-FR\",\"@id\":\"https:\/\/hexagodis.com\/index.php\/produit\/rameur-a-eau-pliable-clover-fitness-aquarower-cf356-ecran-lcd-multiples-niveaux-de-resistance\/#primaryimage\",\"url\":\"https:\/\/hexagodis.com\/wp-content\/uploads\/2025\/08\/21807125-1505-3756-1-e1756210356612.jpg\",\"contentUrl\":\"https:\/\/hexagodis.com\/wp-content\/uploads\/2025\/08\/21807125-1505-3756-1-e1756210356612.jpg\",\"width\":1100,\"height\":953},{\"@type\":\"BreadcrumbList\",\"@id\":\"https:\/\/hexagodis.com\/index.php\/produit\/rameur-a-eau-pliable-clover-fitness-aquarower-cf356-ecran-lcd-multiples-niveaux-de-resistance\/#breadcrumb\",\"itemListElement\":[{\"@type\":\"ListItem\",\"position\":1,\"name\":\"Accueil\",\"item\":\"https:\/\/hexagodis.com\/\"},{\"@type\":\"ListItem\",\"position\":2,\"name\":\"Boutique\",\"item\":\"https:\/\/hexagodis.com\/index.php\/boutique\/\"},{\"@type\":\"ListItem\",\"position\":3,\"name\":\"Rameur \u00e0 eau pliable Clover Fitness AquaRower CF356 &#8211; Ecran LCD &#8211; Multiples niveaux de r\u00e9sistance\"}]},{\"@type\":\"WebSite\",\"@id\":\"https:\/\/hexagodis.com\/#website\",\"url\":\"https:\/\/hexagodis.com\/\",\"name\":\"Hexagodis\",\"description\":\"Mat\u00e9riel de sport &amp; \u00e9quipement sportif\",\"potentialAction\":[{\"@type\":\"SearchAction\",\"target\":{\"@type\":\"EntryPoint\",\"urlTemplate\":\"https:\/\/hexagodis.com\/?s={search_term_string}\"},\"query-input\":{\"@type\":\"PropertyValueSpecification\",\"valueRequired\":true,\"valueName\":\"search_term_string\"}}],\"inLanguage\":\"fr-FR\"}]}<\/script>\n<!-- \/ Yoast SEO plugin. -->","yoast_head_json":{"title":"Rameur \u00e0 eau pliable Clover Fitness AquaRower CF356 - Ecran LCD - Multiples niveaux de r\u00e9sistance - Hexagodis","robots":{"index":"index","follow":"follow","max-snippet":"max-snippet:-1","max-image-preview":"max-image-preview:large","max-video-preview":"max-video-preview:-1"},"canonical":"https:\/\/hexagodis.com\/index.php\/produit\/rameur-a-eau-pliable-clover-fitness-aquarower-cf356-ecran-lcd-multiples-niveaux-de-resistance\/","og_locale":"fr_FR","og_type":"article","og_title":"Rameur \u00e0 eau pliable Clover Fitness AquaRower CF356 - Ecran LCD - Multiples niveaux de r\u00e9sistance - Hexagodis","og_description":"Caract\u00e9ristiques  Coloris Bois  Pliable Oui  Mati\u00e8re Bois  Couleur Bois","og_url":"https:\/\/hexagodis.com\/index.php\/produit\/rameur-a-eau-pliable-clover-fitness-aquarower-cf356-ecran-lcd-multiples-niveaux-de-resistance\/","og_site_name":"Hexagodis","og_image":[{"width":1100,"height":953,"url":"https:\/\/hexagodis.com\/wp-content\/uploads\/2025\/08\/21807125-1505-3756-1-e1756210356612.jpg","type":"image\/jpeg"}],"twitter_card":"summary_large_image","twitter_misc":{"Dur\u00e9e de lecture estim\u00e9e":"2 minutes"},"schema":{"@context":"https:\/\/schema.org","@graph":[{"@type":"WebPage","@id":"https:\/\/hexagodis.com\/index.php\/produit\/rameur-a-eau-pliable-clover-fitness-aquarower-cf356-ecran-lcd-multiples-niveaux-de-resistance\/","url":"https:\/\/hexagodis.com\/index.php\/produit\/rameur-a-eau-pliable-clover-fitness-aquarower-cf356-ecran-lcd-multiples-niveaux-de-resistance\/","name":"Rameur \u00e0 eau pliable Clover Fitness AquaRower CF356 - Ecran LCD - Multiples niveaux de r\u00e9sistance - Hexagodis","isPartOf":{"@id":"https:\/\/hexagodis.com\/#website"},"primaryImageOfPage":{"@id":"https:\/\/hexagodis.com\/index.php\/produit\/rameur-a-eau-pliable-clover-fitness-aquarower-cf356-ecran-lcd-multiples-niveaux-de-resistance\/#primaryimage"},"image":{"@id":"https:\/\/hexagodis.com\/index.php\/produit\/rameur-a-eau-pliable-clover-fitness-aquarower-cf356-ecran-lcd-multiples-niveaux-de-resistance\/#primaryimage"},"thumbnailUrl":"https:\/\/hexagodis.com\/wp-content\/uploads\/2025\/08\/21807125-1505-3756-1-e1756210356612.jpg","datePublished":"2025-08-26T12:12:50+00:00","breadcrumb":{"@id":"https:\/\/hexagodis.com\/index.php\/produit\/rameur-a-eau-pliable-clover-fitness-aquarower-cf356-ecran-lcd-multiples-niveaux-de-resistance\/#breadcrumb"},"inLanguage":"fr-FR","potentialAction":[{"@type":"ReadAction","target":["https:\/\/hexagodis.com\/index.php\/produit\/rameur-a-eau-pliable-clover-fitness-aquarower-cf356-ecran-lcd-multiples-niveaux-de-resistance\/"]}]},{"@type":"ImageObject","inLanguage":"fr-FR","@id":"https:\/\/hexagodis.com\/index.php\/produit\/rameur-a-eau-pliable-clover-fitness-aquarower-cf356-ecran-lcd-multiples-niveaux-de-resistance\/#primaryimage","url":"https:\/\/hexagodis.com\/wp-content\/uploads\/2025\/08\/21807125-1505-3756-1-e1756210356612.jpg","contentUrl":"https:\/\/hexagodis.com\/wp-content\/uploads\/2025\/08\/21807125-1505-3756-1-e1756210356612.jpg","width":1100,"height":953},{"@type":"BreadcrumbList","@id":"https:\/\/hexagodis.com\/index.php\/produit\/rameur-a-eau-pliable-clover-fitness-aquarower-cf356-ecran-lcd-multiples-niveaux-de-resistance\/#breadcrumb","itemListElement":[{"@type":"ListItem","position":1,"name":"Accueil","item":"https:\/\/hexagodis.com\/"},{"@type":"ListItem","position":2,"name":"Boutique","item":"https:\/\/hexagodis.com\/index.php\/boutique\/"},{"@type":"ListItem","position":3,"name":"Rameur \u00e0 eau pliable Clover Fitness AquaRower CF356 &#8211; Ecran LCD &#8211; Multiples niveaux de r\u00e9sistance"}]},{"@type":"WebSite","@id":"https:\/\/hexagodis.com\/#website","url":"https:\/\/hexagodis.com\/","name":"Hexagodis","description":"Mat\u00e9riel de sport &amp; \u00e9quipement sportif","potentialAction":[{"@type":"SearchAction","target":{"@type":"EntryPoint","urlTemplate":"https:\/\/hexagodis.com\/?s={search_term_string}"},"query-input":{"@type":"PropertyValueSpecification","valueRequired":true,"valueName":"search_term_string"}}],"inLanguage":"fr-FR"}]}},"_links":{"self":[{"href":"https:\/\/hexagodis.com\/index.php\/wp-json\/wp\/v2\/product\/18320","targetHints":{"allow":["GET"]}}],"collection":[{"href":"https:\/\/hexagodis.com\/index.php\/wp-json\/wp\/v2\/product"}],"about":[{"href":"https:\/\/hexagodis.com\/index.php\/wp-json\/wp\/v2\/types\/product"}],"replies":[{"embeddable":true,"href":"https:\/\/hexagodis.com\/index.php\/wp-json\/wp\/v2\/comments?post=18320"}],"version-history":[{"count":1,"href":"https:\/\/hexagodis.com\/index.php\/wp-json\/wp\/v2\/product\/18320\/revisions"}],"predecessor-version":[{"id":18325,"href":"https:\/\/hexagodis.com\/index.php\/wp-json\/wp\/v2\/product\/18320\/revisions\/18325"}],"wp:featuredmedia":[{"embeddable":true,"href":"https:\/\/hexagodis.com\/index.php\/wp-json\/wp\/v2\/media\/18323"}],"wp:attachment":[{"href":"https:\/\/hexagodis.com\/index.php\/wp-json\/wp\/v2\/media?parent=18320"}],"wp:term":[{"taxonomy":"product_brand","embeddable":true,"href":"https:\/\/hexagodis.com\/index.php\/wp-json\/wp\/v2\/product_brand?post=18320"},{"taxonomy":"product_cat","embeddable":true,"href":"https:\/\/hexagodis.com\/index.php\/wp-json\/wp\/v2\/product_cat?post=18320"},{"taxonomy":"product_tag","embeddable":true,"href":"https:\/\/hexagodis.com\/index.php\/wp-json\/wp\/v2\/product_tag?post=18320"}],"curies":[{"name":"wp","href":"https:\/\/api.w.org\/{rel}","templated":true}]}}