{"id":18314,"date":"2025-08-26T14:08:56","date_gmt":"2025-08-26T12:08:56","guid":{"rendered":"https:\/\/hexagodis.com\/?post_type=product&#038;p=18314"},"modified":"2025-08-26T14:08:56","modified_gmt":"2025-08-26T12:08:56","slug":"fluid-rower-rameur-apollo-pro-xl","status":"publish","type":"product","link":"https:\/\/hexagodis.com\/index.php\/produit\/fluid-rower-rameur-apollo-pro-xl\/","title":{"rendered":"Fluid Rower &#8211; Rameur Apollo Pro XL"},"content":{"rendered":"<p>Avec l\u2019Apollo Pro XL de Fluid Rower, vous disposez d\u2019un rameur professionnel avec un r\u00e9servoir d\u2019eau extra-large et 65% de r\u00e9sistance en plus.<\/p>\n<p>L\u2019expertise de Fluid Rower se refl\u00e8te sans conteste dans un syst\u00e8me de r\u00e9sistance unique. Les Fluid Rowers ont une \u00ab prise instantan\u00e9e \u00bb gr\u00e2ce \u00e0 une modification de la lame du r\u00e9servoir d\u2019eau. La r\u00e9sistance est ainsi ressentie en permanence \u00e0 chaque coup de rame, du d\u00e9but \u00e0 la fin.<\/p>\n<p>L\u2019Apollo Pro XL vous donne la sensation de ramer sur l\u2019eau en vous permettant de r\u00e9gler la r\u00e9sistance, ce qui lui conf\u00e8re une grande polyvalence : de l\u2019entrainement cardio l\u00e9ger du d\u00e9butant \u00e0 celui \u00e0 haute intensit\u00e9 du sportif confirm\u00e9.<\/p>\n<p>Les avantages du Fluid Rower Apollo Pro XL sont nombreux :<\/p>\n<p>R\u00e9servoir d\u2019eau brevet\u00e9 XL avec 10 niveaux de r\u00e9sistance<\/p>\n<p>Moniteur Bluetooth avec affichage du coup de rame en temps r\u00e9el. Connexion \u00e0 des applications d\u2019entrainement telles que Fluid Connect, Regatta, Asensei, EXR et Kinomap<\/p>\n<p>Poign\u00e9e ergonomique premium l\u00e9g\u00e8rement incurv\u00e9e et extra-large pour une prise en main et une posture optimales<\/p>\n","protected":false},"excerpt":{"rendered":"<p>Avec l\u2019Apollo Pro XL de Fluid Rower, vous disposez d\u2019un rameur professionnel avec un r\u00e9servoir d\u2019eau extra-large et 65% de<\/p>\n","protected":false},"featured_media":18318,"comment_status":"open","ping_status":"closed","template":"","meta":[],"product_brand":[],"product_cat":[79],"product_tag":[],"class_list":{"0":"post-18314","1":"product","2":"type-product","3":"status-publish","4":"has-post-thumbnail","6":"product_cat-rameur","8":"first","9":"instock","10":"sale","11":"taxable","12":"shipping-taxable","13":"purchasable","14":"product-type-simple"},"yoast_head":"<!-- This site is optimized with the Yoast SEO plugin v24.8.1 - https:\/\/yoast.com\/wordpress\/plugins\/seo\/ -->\n<title>Fluid Rower - Rameur Apollo Pro XL - Hexagodis<\/title>\n<meta name=\"robots\" content=\"index, follow, max-snippet:-1, max-image-preview:large, max-video-preview:-1\" \/>\n<link rel=\"canonical\" href=\"https:\/\/hexagodis.com\/index.php\/produit\/fluid-rower-rameur-apollo-pro-xl\/\" \/>\n<meta property=\"og:locale\" content=\"fr_FR\" \/>\n<meta property=\"og:type\" content=\"article\" \/>\n<meta property=\"og:title\" content=\"Fluid Rower - Rameur Apollo Pro XL - Hexagodis\" \/>\n<meta property=\"og:description\" content=\"Avec l\u2019Apollo Pro XL de Fluid Rower, vous disposez d\u2019un rameur professionnel avec un r\u00e9servoir d\u2019eau extra-large et 65% de\" \/>\n<meta property=\"og:url\" content=\"https:\/\/hexagodis.com\/index.php\/produit\/fluid-rower-rameur-apollo-pro-xl\/\" \/>\n<meta property=\"og:site_name\" content=\"Hexagodis\" \/>\n<meta property=\"og:image\" content=\"https:\/\/hexagodis.com\/wp-content\/uploads\/2025\/08\/22268899-1505-3756-1.jpg\" \/>\n\t<meta property=\"og:image:width\" content=\"2000\" \/>\n\t<meta property=\"og:image:height\" content=\"2000\" \/>\n\t<meta property=\"og:image:type\" content=\"image\/jpeg\" \/>\n<meta name=\"twitter:card\" content=\"summary_large_image\" \/>\n<meta name=\"twitter:label1\" content=\"Dur\u00e9e de lecture estim\u00e9e\" \/>\n\t<meta name=\"twitter:data1\" content=\"2 minutes\" \/>\n<script type=\"application\/ld+json\" class=\"yoast-schema-graph\">{\"@context\":\"https:\/\/schema.org\",\"@graph\":[{\"@type\":\"WebPage\",\"@id\":\"https:\/\/hexagodis.com\/index.php\/produit\/fluid-rower-rameur-apollo-pro-xl\/\",\"url\":\"https:\/\/hexagodis.com\/index.php\/produit\/fluid-rower-rameur-apollo-pro-xl\/\",\"name\":\"Fluid Rower - Rameur Apollo Pro XL - Hexagodis\",\"isPartOf\":{\"@id\":\"https:\/\/hexagodis.com\/#website\"},\"primaryImageOfPage\":{\"@id\":\"https:\/\/hexagodis.com\/index.php\/produit\/fluid-rower-rameur-apollo-pro-xl\/#primaryimage\"},\"image\":{\"@id\":\"https:\/\/hexagodis.com\/index.php\/produit\/fluid-rower-rameur-apollo-pro-xl\/#primaryimage\"},\"thumbnailUrl\":\"https:\/\/hexagodis.com\/wp-content\/uploads\/2025\/08\/22268899-1505-3756-1.jpg\",\"datePublished\":\"2025-08-26T12:08:56+00:00\",\"breadcrumb\":{\"@id\":\"https:\/\/hexagodis.com\/index.php\/produit\/fluid-rower-rameur-apollo-pro-xl\/#breadcrumb\"},\"inLanguage\":\"fr-FR\",\"potentialAction\":[{\"@type\":\"ReadAction\",\"target\":[\"https:\/\/hexagodis.com\/index.php\/produit\/fluid-rower-rameur-apollo-pro-xl\/\"]}]},{\"@type\":\"ImageObject\",\"inLanguage\":\"fr-FR\",\"@id\":\"https:\/\/hexagodis.com\/index.php\/produit\/fluid-rower-rameur-apollo-pro-xl\/#primaryimage\",\"url\":\"https:\/\/hexagodis.com\/wp-content\/uploads\/2025\/08\/22268899-1505-3756-1.jpg\",\"contentUrl\":\"https:\/\/hexagodis.com\/wp-content\/uploads\/2025\/08\/22268899-1505-3756-1.jpg\",\"width\":2000,\"height\":2000},{\"@type\":\"BreadcrumbList\",\"@id\":\"https:\/\/hexagodis.com\/index.php\/produit\/fluid-rower-rameur-apollo-pro-xl\/#breadcrumb\",\"itemListElement\":[{\"@type\":\"ListItem\",\"position\":1,\"name\":\"Accueil\",\"item\":\"https:\/\/hexagodis.com\/\"},{\"@type\":\"ListItem\",\"position\":2,\"name\":\"Boutique\",\"item\":\"https:\/\/hexagodis.com\/index.php\/boutique\/\"},{\"@type\":\"ListItem\",\"position\":3,\"name\":\"Fluid Rower &#8211; Rameur Apollo Pro XL\"}]},{\"@type\":\"WebSite\",\"@id\":\"https:\/\/hexagodis.com\/#website\",\"url\":\"https:\/\/hexagodis.com\/\",\"name\":\"Hexagodis\",\"description\":\"Mat\u00e9riel de sport &amp; \u00e9quipement sportif\",\"potentialAction\":[{\"@type\":\"SearchAction\",\"target\":{\"@type\":\"EntryPoint\",\"urlTemplate\":\"https:\/\/hexagodis.com\/?s={search_term_string}\"},\"query-input\":{\"@type\":\"PropertyValueSpecification\",\"valueRequired\":true,\"valueName\":\"search_term_string\"}}],\"inLanguage\":\"fr-FR\"}]}<\/script>\n<!-- \/ Yoast SEO plugin. -->","yoast_head_json":{"title":"Fluid Rower - Rameur Apollo Pro XL - Hexagodis","robots":{"index":"index","follow":"follow","max-snippet":"max-snippet:-1","max-image-preview":"max-image-preview:large","max-video-preview":"max-video-preview:-1"},"canonical":"https:\/\/hexagodis.com\/index.php\/produit\/fluid-rower-rameur-apollo-pro-xl\/","og_locale":"fr_FR","og_type":"article","og_title":"Fluid Rower - Rameur Apollo Pro XL - Hexagodis","og_description":"Avec l\u2019Apollo Pro XL de Fluid Rower, vous disposez d\u2019un rameur professionnel avec un r\u00e9servoir d\u2019eau extra-large et 65% de","og_url":"https:\/\/hexagodis.com\/index.php\/produit\/fluid-rower-rameur-apollo-pro-xl\/","og_site_name":"Hexagodis","og_image":[{"width":2000,"height":2000,"url":"https:\/\/hexagodis.com\/wp-content\/uploads\/2025\/08\/22268899-1505-3756-1.jpg","type":"image\/jpeg"}],"twitter_card":"summary_large_image","twitter_misc":{"Dur\u00e9e de lecture estim\u00e9e":"2 minutes"},"schema":{"@context":"https:\/\/schema.org","@graph":[{"@type":"WebPage","@id":"https:\/\/hexagodis.com\/index.php\/produit\/fluid-rower-rameur-apollo-pro-xl\/","url":"https:\/\/hexagodis.com\/index.php\/produit\/fluid-rower-rameur-apollo-pro-xl\/","name":"Fluid Rower - Rameur Apollo Pro XL - Hexagodis","isPartOf":{"@id":"https:\/\/hexagodis.com\/#website"},"primaryImageOfPage":{"@id":"https:\/\/hexagodis.com\/index.php\/produit\/fluid-rower-rameur-apollo-pro-xl\/#primaryimage"},"image":{"@id":"https:\/\/hexagodis.com\/index.php\/produit\/fluid-rower-rameur-apollo-pro-xl\/#primaryimage"},"thumbnailUrl":"https:\/\/hexagodis.com\/wp-content\/uploads\/2025\/08\/22268899-1505-3756-1.jpg","datePublished":"2025-08-26T12:08:56+00:00","breadcrumb":{"@id":"https:\/\/hexagodis.com\/index.php\/produit\/fluid-rower-rameur-apollo-pro-xl\/#breadcrumb"},"inLanguage":"fr-FR","potentialAction":[{"@type":"ReadAction","target":["https:\/\/hexagodis.com\/index.php\/produit\/fluid-rower-rameur-apollo-pro-xl\/"]}]},{"@type":"ImageObject","inLanguage":"fr-FR","@id":"https:\/\/hexagodis.com\/index.php\/produit\/fluid-rower-rameur-apollo-pro-xl\/#primaryimage","url":"https:\/\/hexagodis.com\/wp-content\/uploads\/2025\/08\/22268899-1505-3756-1.jpg","contentUrl":"https:\/\/hexagodis.com\/wp-content\/uploads\/2025\/08\/22268899-1505-3756-1.jpg","width":2000,"height":2000},{"@type":"BreadcrumbList","@id":"https:\/\/hexagodis.com\/index.php\/produit\/fluid-rower-rameur-apollo-pro-xl\/#breadcrumb","itemListElement":[{"@type":"ListItem","position":1,"name":"Accueil","item":"https:\/\/hexagodis.com\/"},{"@type":"ListItem","position":2,"name":"Boutique","item":"https:\/\/hexagodis.com\/index.php\/boutique\/"},{"@type":"ListItem","position":3,"name":"Fluid Rower &#8211; Rameur Apollo Pro XL"}]},{"@type":"WebSite","@id":"https:\/\/hexagodis.com\/#website","url":"https:\/\/hexagodis.com\/","name":"Hexagodis","description":"Mat\u00e9riel de sport &amp; \u00e9quipement sportif","potentialAction":[{"@type":"SearchAction","target":{"@type":"EntryPoint","urlTemplate":"https:\/\/hexagodis.com\/?s={search_term_string}"},"query-input":{"@type":"PropertyValueSpecification","valueRequired":true,"valueName":"search_term_string"}}],"inLanguage":"fr-FR"}]}},"_links":{"self":[{"href":"https:\/\/hexagodis.com\/index.php\/wp-json\/wp\/v2\/product\/18314","targetHints":{"allow":["GET"]}}],"collection":[{"href":"https:\/\/hexagodis.com\/index.php\/wp-json\/wp\/v2\/product"}],"about":[{"href":"https:\/\/hexagodis.com\/index.php\/wp-json\/wp\/v2\/types\/product"}],"replies":[{"embeddable":true,"href":"https:\/\/hexagodis.com\/index.php\/wp-json\/wp\/v2\/comments?post=18314"}],"version-history":[{"count":1,"href":"https:\/\/hexagodis.com\/index.php\/wp-json\/wp\/v2\/product\/18314\/revisions"}],"predecessor-version":[{"id":18319,"href":"https:\/\/hexagodis.com\/index.php\/wp-json\/wp\/v2\/product\/18314\/revisions\/18319"}],"wp:featuredmedia":[{"embeddable":true,"href":"https:\/\/hexagodis.com\/index.php\/wp-json\/wp\/v2\/media\/18318"}],"wp:attachment":[{"href":"https:\/\/hexagodis.com\/index.php\/wp-json\/wp\/v2\/media?parent=18314"}],"wp:term":[{"taxonomy":"product_brand","embeddable":true,"href":"https:\/\/hexagodis.com\/index.php\/wp-json\/wp\/v2\/product_brand?post=18314"},{"taxonomy":"product_cat","embeddable":true,"href":"https:\/\/hexagodis.com\/index.php\/wp-json\/wp\/v2\/product_cat?post=18314"},{"taxonomy":"product_tag","embeddable":true,"href":"https:\/\/hexagodis.com\/index.php\/wp-json\/wp\/v2\/product_tag?post=18314"}],"curies":[{"name":"wp","href":"https:\/\/api.w.org\/{rel}","templated":true}]}}