{"id":18306,"date":"2025-08-26T14:00:29","date_gmt":"2025-08-26T12:00:29","guid":{"rendered":"https:\/\/hexagodis.com\/?post_type=product&#038;p=18306"},"modified":"2025-08-26T14:05:08","modified_gmt":"2025-08-26T12:05:08","slug":"18306","status":"publish","type":"product","link":"https:\/\/hexagodis.com\/index.php\/produit\/18306\/","title":{"rendered":"Rameur &#8211; CARE &#8211; AIR ROWER connect\u00e9"},"content":{"rendered":"<p>Id\u00e9al pour des s\u00e9ances d&rsquo;endurance ax\u00e9 sur le renforcement des cuisses et fessiers. Confortable et adapt\u00e9 aux diff\u00e9rents objectifs et profils. Roue d&rsquo;inertie: Roue d&rsquo;inertie de 10Kg et r\u00e9sistance magn\u00e9tique \u00e0 32 niveaux permettant un p\u00e9dalage fluide et silencieux<br \/>\nOrdinateur: Le CARDIO MASTER DELUXE dispose de 7 fonctionnalit\u00e9s pour suivre vos performances et am\u00e9liorer la qualit\u00e9 de vos entrainements<br \/>\nTemps: dur\u00e9e de la s\u00e9ance \u00e9coul\u00e9e en minutes et secondes<br \/>\nDistance: Distance parcourue \u00e0 chaque s\u00e9ance<br \/>\nVitesse: vitesse en km\/h<br \/>\nCalories: Estimation des calories br\u00fbl\u00e9es<br \/>\nFr\u00e9quence cardiaque: fr\u00e9quence de votre pouls en Battements Par Minute (BPM)<br \/>\nRPM: nombre de tours de p\u00e9dale par minutes.<br \/>\nWatts: puissance en Watts Via l&rsquo;application KINOMAP<br \/>\nDes vid\u00e9os interactives et des programmes de coaching \u00e0 disposition<br \/>\nDes milliers de parcours 17 programmes profils Mode multijoueurs<br \/>\nSi vous n&rsquo;arrivez pas \u00e0 connecter votre compteur \u00e0 KINOMAP, retrouvez notre tutoriel pour vous aider.<br \/>\nProgrammes: Ce v\u00e9lo de fitness vous propose 24 programmes adapt\u00e9s \u00e0 vos objectifs<\/p>\n<p>12 programmes pr\u00e9r\u00e9gl\u00e9s: g\u00e9n\u00e8rent une r\u00e9sistance selon un parcours donn\u00e9<br \/>\n1 programme manuel<br \/>\n4 programmes utilisateur<br \/>\n4 programmes personnels : g\u00e9n\u00e8rent une r\u00e9sistance selon votre fr\u00e9quence cardiaque<br \/>\n1 programme Watts pour d\u00e9velopper la puissance a\u00e9robie<br \/>\n1 programme Cible<br \/>\n1 programme Body Fat Confort<br \/>\nLe CARDIO MASTER DELUXE est tr\u00e8s confortable avec ses multiples r\u00e9glages et permet d&rsquo;adapter la pratique \u00e0 tout type utilisateur.<br \/>\nFr\u00e9quence d&rsquo;utilisation: 5h\/semaine Porte gourde R\u00e9glage du si\u00e8ge en profondeur gr\u00e2ce \u00e0 une poign\u00e9e coud\u00e9e P\u00e9dales lest\u00e9es avec sangles ajustables Roulettes de d\u00e9placement et stabilisateur de niveau Poign\u00e9e de transport<br \/>\nDimensions mont\u00e9: 140 x 63 x 123 cm<br \/>\nCompteur r\u00e9tro-\u00e9clair\u00e9 5 pouces (14 cm de diagonale)<br \/>\nTaille de l&rsquo;\u00e9cran 12.5 x 6 cm S&rsquo;\u00e9teint automatiquement apr\u00e8s 4 mn d&rsquo;inutilisation<\/p>\n","protected":false},"excerpt":{"rendered":"<p>Caract\u00e9ristiques<\/p>\n<p>Coloris<br \/>\nNoir<\/p>\n<p>Niveau de pratique<br \/>\nComp\u00e9tition<\/p>\n<p>Couleur<br \/>\nNoir<\/p>\n<p>Longueur du produit<br \/>\n242,00 cm<\/p>\n<p>Largeur du produit<br \/>\n61,00 cm<\/p>\n<p>Hauteur du produit<br \/>\n102,00 cm<\/p>\n<p>Poids du produit<br \/>\n20,00 Kg<\/p>\n","protected":false},"featured_media":18310,"comment_status":"open","ping_status":"closed","template":"","meta":[],"product_brand":[],"product_cat":[79],"product_tag":[],"class_list":{"0":"post-18306","1":"product","2":"type-product","3":"status-publish","4":"has-post-thumbnail","6":"product_cat-rameur","8":"first","9":"instock","10":"sale","11":"taxable","12":"shipping-taxable","13":"purchasable","14":"product-type-simple"},"yoast_head":"<!-- This site is optimized with the Yoast SEO plugin v24.8.1 - https:\/\/yoast.com\/wordpress\/plugins\/seo\/ -->\n<title>Rameur - CARE - AIR ROWER connect\u00e9 - Hexagodis<\/title>\n<meta name=\"robots\" content=\"index, follow, max-snippet:-1, max-image-preview:large, max-video-preview:-1\" \/>\n<link rel=\"canonical\" href=\"https:\/\/hexagodis.com\/index.php\/produit\/18306\/\" \/>\n<meta property=\"og:locale\" content=\"fr_FR\" \/>\n<meta property=\"og:type\" content=\"article\" \/>\n<meta property=\"og:title\" content=\"Rameur - CARE - AIR ROWER connect\u00e9 - Hexagodis\" \/>\n<meta property=\"og:description\" content=\"Caract\u00e9ristiques  Coloris Noir  Niveau de pratique Comp\u00e9tition  Couleur Noir  Longueur du produit 242,00 cm  Largeur du produit 61,00 cm  Hauteur du produit 102,00 cm  Poids du produit 20,00 Kg\" \/>\n<meta property=\"og:url\" content=\"https:\/\/hexagodis.com\/index.php\/produit\/18306\/\" \/>\n<meta property=\"og:site_name\" content=\"Hexagodis\" \/>\n<meta property=\"article:modified_time\" content=\"2025-08-26T12:05:08+00:00\" \/>\n<meta property=\"og:image\" content=\"https:\/\/hexagodis.com\/wp-content\/uploads\/2025\/08\/27752368-1505-3756-1.jpg\" \/>\n\t<meta property=\"og:image:width\" content=\"1200\" \/>\n\t<meta property=\"og:image:height\" content=\"1372\" \/>\n\t<meta property=\"og:image:type\" content=\"image\/jpeg\" \/>\n<meta name=\"twitter:card\" content=\"summary_large_image\" \/>\n<meta name=\"twitter:label1\" content=\"Dur\u00e9e de lecture estim\u00e9e\" \/>\n\t<meta name=\"twitter:data1\" content=\"2 minutes\" \/>\n<script type=\"application\/ld+json\" class=\"yoast-schema-graph\">{\"@context\":\"https:\/\/schema.org\",\"@graph\":[{\"@type\":\"WebPage\",\"@id\":\"https:\/\/hexagodis.com\/index.php\/produit\/18306\/\",\"url\":\"https:\/\/hexagodis.com\/index.php\/produit\/18306\/\",\"name\":\"Rameur - CARE - AIR ROWER connect\u00e9 - Hexagodis\",\"isPartOf\":{\"@id\":\"https:\/\/hexagodis.com\/#website\"},\"primaryImageOfPage\":{\"@id\":\"https:\/\/hexagodis.com\/index.php\/produit\/18306\/#primaryimage\"},\"image\":{\"@id\":\"https:\/\/hexagodis.com\/index.php\/produit\/18306\/#primaryimage\"},\"thumbnailUrl\":\"https:\/\/hexagodis.com\/wp-content\/uploads\/2025\/08\/27752368-1505-3756-1.jpg\",\"datePublished\":\"2025-08-26T12:00:29+00:00\",\"dateModified\":\"2025-08-26T12:05:08+00:00\",\"breadcrumb\":{\"@id\":\"https:\/\/hexagodis.com\/index.php\/produit\/18306\/#breadcrumb\"},\"inLanguage\":\"fr-FR\",\"potentialAction\":[{\"@type\":\"ReadAction\",\"target\":[\"https:\/\/hexagodis.com\/index.php\/produit\/18306\/\"]}]},{\"@type\":\"ImageObject\",\"inLanguage\":\"fr-FR\",\"@id\":\"https:\/\/hexagodis.com\/index.php\/produit\/18306\/#primaryimage\",\"url\":\"https:\/\/hexagodis.com\/wp-content\/uploads\/2025\/08\/27752368-1505-3756-1.jpg\",\"contentUrl\":\"https:\/\/hexagodis.com\/wp-content\/uploads\/2025\/08\/27752368-1505-3756-1.jpg\",\"width\":1200,\"height\":1372},{\"@type\":\"BreadcrumbList\",\"@id\":\"https:\/\/hexagodis.com\/index.php\/produit\/18306\/#breadcrumb\",\"itemListElement\":[{\"@type\":\"ListItem\",\"position\":1,\"name\":\"Accueil\",\"item\":\"https:\/\/hexagodis.com\/\"},{\"@type\":\"ListItem\",\"position\":2,\"name\":\"Boutique\",\"item\":\"https:\/\/hexagodis.com\/index.php\/boutique\/\"},{\"@type\":\"ListItem\",\"position\":3,\"name\":\"Rameur &#8211; CARE &#8211; AIR ROWER connect\u00e9\"}]},{\"@type\":\"WebSite\",\"@id\":\"https:\/\/hexagodis.com\/#website\",\"url\":\"https:\/\/hexagodis.com\/\",\"name\":\"Hexagodis\",\"description\":\"Mat\u00e9riel de sport &amp; \u00e9quipement sportif\",\"potentialAction\":[{\"@type\":\"SearchAction\",\"target\":{\"@type\":\"EntryPoint\",\"urlTemplate\":\"https:\/\/hexagodis.com\/?s={search_term_string}\"},\"query-input\":{\"@type\":\"PropertyValueSpecification\",\"valueRequired\":true,\"valueName\":\"search_term_string\"}}],\"inLanguage\":\"fr-FR\"}]}<\/script>\n<!-- \/ Yoast SEO plugin. -->","yoast_head_json":{"title":"Rameur - CARE - AIR ROWER connect\u00e9 - Hexagodis","robots":{"index":"index","follow":"follow","max-snippet":"max-snippet:-1","max-image-preview":"max-image-preview:large","max-video-preview":"max-video-preview:-1"},"canonical":"https:\/\/hexagodis.com\/index.php\/produit\/18306\/","og_locale":"fr_FR","og_type":"article","og_title":"Rameur - CARE - AIR ROWER connect\u00e9 - Hexagodis","og_description":"Caract\u00e9ristiques  Coloris Noir  Niveau de pratique Comp\u00e9tition  Couleur Noir  Longueur du produit 242,00 cm  Largeur du produit 61,00 cm  Hauteur du produit 102,00 cm  Poids du produit 20,00 Kg","og_url":"https:\/\/hexagodis.com\/index.php\/produit\/18306\/","og_site_name":"Hexagodis","article_modified_time":"2025-08-26T12:05:08+00:00","og_image":[{"width":1200,"height":1372,"url":"https:\/\/hexagodis.com\/wp-content\/uploads\/2025\/08\/27752368-1505-3756-1.jpg","type":"image\/jpeg"}],"twitter_card":"summary_large_image","twitter_misc":{"Dur\u00e9e de lecture estim\u00e9e":"2 minutes"},"schema":{"@context":"https:\/\/schema.org","@graph":[{"@type":"WebPage","@id":"https:\/\/hexagodis.com\/index.php\/produit\/18306\/","url":"https:\/\/hexagodis.com\/index.php\/produit\/18306\/","name":"Rameur - CARE - AIR ROWER connect\u00e9 - Hexagodis","isPartOf":{"@id":"https:\/\/hexagodis.com\/#website"},"primaryImageOfPage":{"@id":"https:\/\/hexagodis.com\/index.php\/produit\/18306\/#primaryimage"},"image":{"@id":"https:\/\/hexagodis.com\/index.php\/produit\/18306\/#primaryimage"},"thumbnailUrl":"https:\/\/hexagodis.com\/wp-content\/uploads\/2025\/08\/27752368-1505-3756-1.jpg","datePublished":"2025-08-26T12:00:29+00:00","dateModified":"2025-08-26T12:05:08+00:00","breadcrumb":{"@id":"https:\/\/hexagodis.com\/index.php\/produit\/18306\/#breadcrumb"},"inLanguage":"fr-FR","potentialAction":[{"@type":"ReadAction","target":["https:\/\/hexagodis.com\/index.php\/produit\/18306\/"]}]},{"@type":"ImageObject","inLanguage":"fr-FR","@id":"https:\/\/hexagodis.com\/index.php\/produit\/18306\/#primaryimage","url":"https:\/\/hexagodis.com\/wp-content\/uploads\/2025\/08\/27752368-1505-3756-1.jpg","contentUrl":"https:\/\/hexagodis.com\/wp-content\/uploads\/2025\/08\/27752368-1505-3756-1.jpg","width":1200,"height":1372},{"@type":"BreadcrumbList","@id":"https:\/\/hexagodis.com\/index.php\/produit\/18306\/#breadcrumb","itemListElement":[{"@type":"ListItem","position":1,"name":"Accueil","item":"https:\/\/hexagodis.com\/"},{"@type":"ListItem","position":2,"name":"Boutique","item":"https:\/\/hexagodis.com\/index.php\/boutique\/"},{"@type":"ListItem","position":3,"name":"Rameur &#8211; CARE &#8211; AIR ROWER connect\u00e9"}]},{"@type":"WebSite","@id":"https:\/\/hexagodis.com\/#website","url":"https:\/\/hexagodis.com\/","name":"Hexagodis","description":"Mat\u00e9riel de sport &amp; \u00e9quipement sportif","potentialAction":[{"@type":"SearchAction","target":{"@type":"EntryPoint","urlTemplate":"https:\/\/hexagodis.com\/?s={search_term_string}"},"query-input":{"@type":"PropertyValueSpecification","valueRequired":true,"valueName":"search_term_string"}}],"inLanguage":"fr-FR"}]}},"_links":{"self":[{"href":"https:\/\/hexagodis.com\/index.php\/wp-json\/wp\/v2\/product\/18306","targetHints":{"allow":["GET"]}}],"collection":[{"href":"https:\/\/hexagodis.com\/index.php\/wp-json\/wp\/v2\/product"}],"about":[{"href":"https:\/\/hexagodis.com\/index.php\/wp-json\/wp\/v2\/types\/product"}],"replies":[{"embeddable":true,"href":"https:\/\/hexagodis.com\/index.php\/wp-json\/wp\/v2\/comments?post=18306"}],"version-history":[{"count":3,"href":"https:\/\/hexagodis.com\/index.php\/wp-json\/wp\/v2\/product\/18306\/revisions"}],"predecessor-version":[{"id":18313,"href":"https:\/\/hexagodis.com\/index.php\/wp-json\/wp\/v2\/product\/18306\/revisions\/18313"}],"wp:featuredmedia":[{"embeddable":true,"href":"https:\/\/hexagodis.com\/index.php\/wp-json\/wp\/v2\/media\/18310"}],"wp:attachment":[{"href":"https:\/\/hexagodis.com\/index.php\/wp-json\/wp\/v2\/media?parent=18306"}],"wp:term":[{"taxonomy":"product_brand","embeddable":true,"href":"https:\/\/hexagodis.com\/index.php\/wp-json\/wp\/v2\/product_brand?post=18306"},{"taxonomy":"product_cat","embeddable":true,"href":"https:\/\/hexagodis.com\/index.php\/wp-json\/wp\/v2\/product_cat?post=18306"},{"taxonomy":"product_tag","embeddable":true,"href":"https:\/\/hexagodis.com\/index.php\/wp-json\/wp\/v2\/product_tag?post=18306"}],"curies":[{"name":"wp","href":"https:\/\/api.w.org\/{rel}","templated":true}]}}