{"id":18299,"date":"2025-08-26T13:51:19","date_gmt":"2025-08-26T11:51:19","guid":{"rendered":"https:\/\/hexagodis.com\/?post_type=product&#038;p=18299"},"modified":"2025-08-26T13:51:19","modified_gmt":"2025-08-26T11:51:19","slug":"bulova-montre-laniere-de-cuir-lune-pour-homme","status":"publish","type":"product","link":"https:\/\/hexagodis.com\/index.php\/produit\/bulova-montre-laniere-de-cuir-lune-pour-homme\/","title":{"rendered":"Bulova montre Lani\u00e8re de cuir Lune pour homme"},"content":{"rendered":"<div id=\"Desktop-Detailed-Evaluation-Zone\" class=\"celwidget\" data-feature-name=\"Desktop-Detailed-Evaluation-Zone\" data-csa-c-type=\"widget\" data-csa-c-content-id=\"Desktop-Detailed-Evaluation-Zone\" data-csa-c-slot-id=\"Desktop-Detailed-Evaluation-Zone\" data-csa-c-asin=\"\" data-csa-c-is-in-initial-active-row=\"false\" data-cel-widget=\"Desktop-Detailed-Evaluation-Zone\" data-csa-c-id=\"hx9zc9-jiuuy8-mevt5f-tv8sg5\">\n<div id=\"productDescription_feature_div\" class=\"celwidget pd_rd_w-L7EX4 pd_rd_r-ZT6NWVS2HN30Z9HBVTEP pd_rd_wg-EPJP3\" data-feature-name=\"productDescription\" data-csa-c-type=\"widget\" data-csa-c-content-id=\"productDescription\" data-csa-c-slot-id=\"productDescription_feature_div\" data-csa-c-asin=\"\" data-csa-c-is-in-initial-active-row=\"false\" data-cel-widget=\"productDescription_feature_div\" data-csa-c-id=\"dx4fe9-fixt3b-bg313t-fb2564\">\n<div>\n<div id=\"productDescription_feature_div\" class=\"a-row feature\" data-feature-name=\"productDescription\" data-template-name=\"productDescription\" data-cel-widget=\"productDescription_feature_div\">\n<div id=\"productDescription\" class=\"a-section a-spacing-small\">\n<p>\u00c9dition sp\u00e9ciale montre de lune de bulova, mise \u00e0 jour avec exclusif mouvement \u00e0 quartz haute performance avec une fr\u00e9quence de 262 kHz pour une pr\u00e9cision in\u00e9gal\u00e9e, continuant d&rsquo;une histoire de la synchronisation de pr\u00e9cision.<\/p>\n<\/div>\n<\/div>\n<\/div>\n<\/div>\n<\/div>\n<div id=\"promotions_feature_div\" class=\"celwidget\" data-feature-name=\"promotions\" data-csa-c-type=\"widget\" data-csa-c-content-id=\"promotions\" data-csa-c-slot-id=\"promotions_feature_div\" data-csa-c-asin=\"\" data-csa-c-is-in-initial-active-row=\"false\" data-cel-widget=\"promotions_feature_div\" data-csa-c-id=\"6m3cid-ieet6k-4jygst-64subs\"><\/div>\n<div id=\"dp-out-of-stock-top_feature_div\" class=\"celwidget\" data-feature-name=\"dp-out-of-stock-top\" data-csa-c-type=\"widget\" data-csa-c-content-id=\"dp-out-of-stock-top\" data-csa-c-slot-id=\"dp-out-of-stock-top_feature_div\" data-csa-c-asin=\"\" data-csa-c-is-in-initial-active-row=\"false\" data-cel-widget=\"dp-out-of-stock-top_feature_div\" data-csa-c-id=\"l6q3ql-2nsspm-ejln1h-viy6c8\">\n<div id=\"dp-out-of-stock-top_feature_div\">\n<div id=\"dp-out-of-stock-top_feature_div\">\n<div id=\"twister_feature_div\" class=\"celwidget\" data-feature-name=\"twister\" data-csa-c-type=\"widget\" data-csa-c-content-id=\"twister\" data-csa-c-slot-id=\"twister_feature_div\" data-csa-c-asin=\"\" data-csa-c-is-in-initial-active-row=\"false\" data-cel-widget=\"twister_feature_div\" data-csa-c-id=\"3f15pm-wsk3gy-461lgs-iehmdk\">\n<div id=\"twister-plus-desktop-twister-container\" class=\"a-cardui-deck inline-twister-container-margins\" data-csa-c-content-id=\"twister-plus-inline-twister-container\" data-csa-c-slot-id=\"twister-plus-inline-twister-container\" data-csa-c-type=\"slot\" data-csa-c-id=\"rq7odb-e2u02-adjofm-k2slay\">\n<div id=\"twister-plus-inline-twister-card\" class=\"a-cardui inline-twister-card-padding\" data-a-card-type=\"basic\">\n<div class=\"a-cardui-body\">\n<div id=\"twister-plus-inline-twister\" class=\"a-section\">\n<div id=\"inline-twister-singleton-header-size_name\" class=\"a-section a-spacing-none inline-twister-singleton-header\"><span class=\"a-size-base a-color-secondary inline-twister-dim-title\">Taille:\u00a0<\/span><span id=\"inline-twister-expanded-dimension-text-size_name\" class=\"a-size-base inline-twister-dim-title-value-truncate a-text-bold\">Standard<\/span><\/div>\n<div id=\"inline-twister-singleton-header-color_name\" class=\"a-section a-spacing-none inline-twister-singleton-header\"><span class=\"a-size-base a-color-secondary inline-twister-dim-title\">Couleur:\u00a0<\/span><span id=\"inline-twister-expanded-dimension-text-color_name\" class=\"a-size-base inline-twister-dim-title-value-truncate a-text-bold\">Argent<\/span><\/div>\n<\/div>\n<\/div>\n<\/div>\n<\/div>\n<\/div>\n<div>\n<div id=\"detailBullets_feature_div\">\n<ul class=\"a-unordered-list a-nostyle a-vertical a-spacing-none detail-bullet-list\">\n<li><span class=\"a-list-item\"><span class=\"a-text-bold\">Pile(s) \/ Batterie(s) : \u200f : \u200e\u00a0<\/span>1 LR44 &#8211; incluse(s)<\/span><\/li>\n<li><span class=\"a-list-item\"><span class=\"a-text-bold\">Production interrompue par le fabricant \u200f : \u200e\u00a0<\/span>Non<\/span><\/li>\n<li><span class=\"a-list-item\"><span class=\"a-text-bold\">Langue \u200f : \u200e\u00a0<\/span>Anglais<\/span><\/li>\n<li><span class=\"a-list-item\"><span class=\"a-text-bold\">Dimensions du produit (L x l x h) \u200f : \u200e\u00a0<\/span>11 x 10,01 x 8,99 cm; 141 grammes<\/span><\/li>\n<li><span class=\"a-list-item\"><span class=\"a-text-bold\">Fabricant \u200f : \u200e\u00a0<\/span>Bulova<\/span><\/li>\n<li><span class=\"a-list-item\"><span class=\"a-text-bold\">Num\u00e9ro du mod\u00e8le de l&rsquo;article \u200f : \u200e\u00a0<\/span>96B251<\/span><\/li>\n<li><span class=\"a-list-item\"><span class=\"a-text-bold\">Pays d&rsquo;origine \u200f : \u200e\u00a0<\/span>Chine<\/span><\/li>\n<li><span class=\"a-list-item\"><span class=\"a-text-bold\">Service \u200f : \u200e\u00a0<\/span>Mixte<\/span><\/li>\n<\/ul>\n<\/div>\n<\/div>\n<div id=\"twister_feature_div\" class=\"celwidget\" data-feature-name=\"twister\" data-csa-c-type=\"widget\" data-csa-c-content-id=\"twister\" data-csa-c-slot-id=\"twister_feature_div\" data-csa-c-asin=\"\" data-csa-c-is-in-initial-active-row=\"false\" data-cel-widget=\"twister_feature_div\" data-csa-c-id=\"3f15pm-wsk3gy-461lgs-iehmdk\">\n<div id=\"twister-plus-desktop-twister-container\" class=\"a-cardui-deck inline-twister-container-margins\" data-csa-c-content-id=\"twister-plus-inline-twister-container\" data-csa-c-slot-id=\"twister-plus-inline-twister-container\" data-csa-c-type=\"slot\" data-csa-c-id=\"rq7odb-e2u02-adjofm-k2slay\">\n<div id=\"twister-plus-inline-twister-card\" class=\"a-cardui inline-twister-card-padding\" data-a-card-type=\"basic\">\n<div class=\"a-cardui-body\">\n<div id=\"twister-plus-inline-twister\" class=\"a-section\">\n<div class=\"a-section a-spacing-none inline-twister-singleton-header\">Bulova Hommes Chronographe Quartz Montre avec Bracelet en Cuir<\/div>\n<\/div>\n<\/div>\n<\/div>\n<\/div>\n<\/div>\n<\/div>\n<\/div>\n<\/div>\n<div id=\"legal_feature_div\" class=\"celwidget\" data-feature-name=\"legal\" data-csa-c-type=\"widget\" data-csa-c-content-id=\"legal\" data-csa-c-slot-id=\"legal_feature_div\" data-csa-c-asin=\"\" data-csa-c-is-in-initial-active-row=\"false\" data-cel-widget=\"legal_feature_div\" data-csa-c-id=\"s85jum-d6s515-vfbkw8-vzoo84\"><\/div>\n<div id=\"importantInformation_feature_div\" class=\"celwidget\" data-feature-name=\"importantInformationRemoveDE\" data-csa-c-type=\"widget\" data-csa-c-content-id=\"importantInformationRemoveDE\" data-csa-c-slot-id=\"importantInformation_feature_div\" data-csa-c-asin=\"\" data-csa-c-is-in-initial-active-row=\"false\" data-cel-widget=\"importantInformation_feature_div\" data-csa-c-id=\"vvf2sj-dnqe8w-ybluuq-bwdqrm\"><\/div>\n<div id=\"sims-simsContainer_feature_div_01\" class=\"celwidget\" data-feature-name=\"sims-simsContainer\" data-csa-c-type=\"widget\" data-csa-c-content-id=\"sims-simsContainer\" data-csa-c-slot-id=\"sims-simsContainer_feature_div_01\" data-csa-c-asin=\"\" data-csa-c-is-in-initial-active-row=\"false\" data-cel-widget=\"sims-simsContainer_feature_div_01\" data-csa-c-id=\"2g9gab-pr8zk3-mjpsz9-ulfyux\">\n<div class=\"celwidget pd_rd_w-6Sw0P content-id-amzn1.sym.5e46eddb-98a6-4b17-8de1-017360461edf pf_rd_p-5e46eddb-98a6-4b17-8de1-017360461edf pf_rd_r-ZT6NWVS2HN30Z9HBVTEP pd_rd_wg-nKXTm pd_rd_r-fe4ef4ee-0ac3-4b0c-a0b2-7b0e3e8f0889\" data-csa-op-log-render=\"\" data-csa-c-content-id=\"amzn1.sym.5e46eddb-98a6-4b17-8de1-017360461edf\" data-csa-c-slot-id=\"sims-container-1\" data-csa-c-type=\"widget\" data-csa-c-painter=\"FirebirdPainter\" data-cel-widget=\"desktop-dp-sims_SPThematicPrimeThemeForNonPrimeMembers\" data-csa-c-id=\"cpue3e-jfzugm-t4vdh8-x1gxip\">\n<div data-csa-c-type=\"widget\" data-csa-c-slot-id=\"sp_detail_thematic\" data-csa-c-id=\"ytq6hr-l4gkls-lk62nr-sufwzy\"><\/div>\n<\/div>\n<\/div>\n","protected":false},"excerpt":{"rendered":"<p>\u00c9dition sp\u00e9ciale montre de lune de bulova, mise \u00e0 jour avec exclusif mouvement \u00e0 quartz haute performance avec une fr\u00e9quence<\/p>\n","protected":false},"featured_media":18304,"comment_status":"open","ping_status":"closed","template":"","meta":[],"product_brand":[],"product_cat":[76],"product_tag":[],"class_list":{"0":"post-18299","1":"product","2":"type-product","3":"status-publish","4":"has-post-thumbnail","6":"product_cat-montre-connectee","8":"first","9":"instock","10":"sale","11":"taxable","12":"shipping-taxable","13":"purchasable","14":"product-type-simple"},"yoast_head":"<!-- This site is optimized with the Yoast SEO plugin v24.8.1 - https:\/\/yoast.com\/wordpress\/plugins\/seo\/ -->\n<title>Bulova montre Lani\u00e8re de cuir Lune pour homme - Hexagodis<\/title>\n<meta name=\"robots\" content=\"index, follow, max-snippet:-1, max-image-preview:large, max-video-preview:-1\" \/>\n<link rel=\"canonical\" href=\"https:\/\/hexagodis.com\/index.php\/produit\/bulova-montre-laniere-de-cuir-lune-pour-homme\/\" \/>\n<meta property=\"og:locale\" content=\"fr_FR\" \/>\n<meta property=\"og:type\" content=\"article\" \/>\n<meta property=\"og:title\" content=\"Bulova montre Lani\u00e8re de cuir Lune pour homme - Hexagodis\" \/>\n<meta property=\"og:description\" content=\"\u00c9dition sp\u00e9ciale montre de lune de bulova, mise \u00e0 jour avec exclusif mouvement \u00e0 quartz haute performance avec une fr\u00e9quence\" \/>\n<meta property=\"og:url\" content=\"https:\/\/hexagodis.com\/index.php\/produit\/bulova-montre-laniere-de-cuir-lune-pour-homme\/\" \/>\n<meta property=\"og:site_name\" content=\"Hexagodis\" \/>\n<meta property=\"og:image\" content=\"https:\/\/hexagodis.com\/wp-content\/uploads\/2025\/08\/61MGD1ZcvdL._AC_SX522_.jpg\" \/>\n\t<meta property=\"og:image:width\" content=\"522\" \/>\n\t<meta property=\"og:image:height\" content=\"630\" \/>\n\t<meta property=\"og:image:type\" content=\"image\/jpeg\" \/>\n<meta name=\"twitter:card\" content=\"summary_large_image\" \/>\n<meta name=\"twitter:label1\" content=\"Dur\u00e9e de lecture estim\u00e9e\" \/>\n\t<meta name=\"twitter:data1\" content=\"1 minute\" \/>\n<script type=\"application\/ld+json\" class=\"yoast-schema-graph\">{\"@context\":\"https:\/\/schema.org\",\"@graph\":[{\"@type\":\"WebPage\",\"@id\":\"https:\/\/hexagodis.com\/index.php\/produit\/bulova-montre-laniere-de-cuir-lune-pour-homme\/\",\"url\":\"https:\/\/hexagodis.com\/index.php\/produit\/bulova-montre-laniere-de-cuir-lune-pour-homme\/\",\"name\":\"Bulova montre Lani\u00e8re de cuir Lune pour homme - Hexagodis\",\"isPartOf\":{\"@id\":\"https:\/\/hexagodis.com\/#website\"},\"primaryImageOfPage\":{\"@id\":\"https:\/\/hexagodis.com\/index.php\/produit\/bulova-montre-laniere-de-cuir-lune-pour-homme\/#primaryimage\"},\"image\":{\"@id\":\"https:\/\/hexagodis.com\/index.php\/produit\/bulova-montre-laniere-de-cuir-lune-pour-homme\/#primaryimage\"},\"thumbnailUrl\":\"https:\/\/hexagodis.com\/wp-content\/uploads\/2025\/08\/61MGD1ZcvdL._AC_SX522_.jpg\",\"datePublished\":\"2025-08-26T11:51:19+00:00\",\"breadcrumb\":{\"@id\":\"https:\/\/hexagodis.com\/index.php\/produit\/bulova-montre-laniere-de-cuir-lune-pour-homme\/#breadcrumb\"},\"inLanguage\":\"fr-FR\",\"potentialAction\":[{\"@type\":\"ReadAction\",\"target\":[\"https:\/\/hexagodis.com\/index.php\/produit\/bulova-montre-laniere-de-cuir-lune-pour-homme\/\"]}]},{\"@type\":\"ImageObject\",\"inLanguage\":\"fr-FR\",\"@id\":\"https:\/\/hexagodis.com\/index.php\/produit\/bulova-montre-laniere-de-cuir-lune-pour-homme\/#primaryimage\",\"url\":\"https:\/\/hexagodis.com\/wp-content\/uploads\/2025\/08\/61MGD1ZcvdL._AC_SX522_.jpg\",\"contentUrl\":\"https:\/\/hexagodis.com\/wp-content\/uploads\/2025\/08\/61MGD1ZcvdL._AC_SX522_.jpg\",\"width\":522,\"height\":630},{\"@type\":\"BreadcrumbList\",\"@id\":\"https:\/\/hexagodis.com\/index.php\/produit\/bulova-montre-laniere-de-cuir-lune-pour-homme\/#breadcrumb\",\"itemListElement\":[{\"@type\":\"ListItem\",\"position\":1,\"name\":\"Accueil\",\"item\":\"https:\/\/hexagodis.com\/\"},{\"@type\":\"ListItem\",\"position\":2,\"name\":\"Boutique\",\"item\":\"https:\/\/hexagodis.com\/index.php\/boutique\/\"},{\"@type\":\"ListItem\",\"position\":3,\"name\":\"Bulova montre Lani\u00e8re de cuir Lune pour homme\"}]},{\"@type\":\"WebSite\",\"@id\":\"https:\/\/hexagodis.com\/#website\",\"url\":\"https:\/\/hexagodis.com\/\",\"name\":\"Hexagodis\",\"description\":\"Mat\u00e9riel de sport &amp; \u00e9quipement sportif\",\"potentialAction\":[{\"@type\":\"SearchAction\",\"target\":{\"@type\":\"EntryPoint\",\"urlTemplate\":\"https:\/\/hexagodis.com\/?s={search_term_string}\"},\"query-input\":{\"@type\":\"PropertyValueSpecification\",\"valueRequired\":true,\"valueName\":\"search_term_string\"}}],\"inLanguage\":\"fr-FR\"}]}<\/script>\n<!-- \/ Yoast SEO plugin. -->","yoast_head_json":{"title":"Bulova montre Lani\u00e8re de cuir Lune pour homme - Hexagodis","robots":{"index":"index","follow":"follow","max-snippet":"max-snippet:-1","max-image-preview":"max-image-preview:large","max-video-preview":"max-video-preview:-1"},"canonical":"https:\/\/hexagodis.com\/index.php\/produit\/bulova-montre-laniere-de-cuir-lune-pour-homme\/","og_locale":"fr_FR","og_type":"article","og_title":"Bulova montre Lani\u00e8re de cuir Lune pour homme - Hexagodis","og_description":"\u00c9dition sp\u00e9ciale montre de lune de bulova, mise \u00e0 jour avec exclusif mouvement \u00e0 quartz haute performance avec une fr\u00e9quence","og_url":"https:\/\/hexagodis.com\/index.php\/produit\/bulova-montre-laniere-de-cuir-lune-pour-homme\/","og_site_name":"Hexagodis","og_image":[{"width":522,"height":630,"url":"https:\/\/hexagodis.com\/wp-content\/uploads\/2025\/08\/61MGD1ZcvdL._AC_SX522_.jpg","type":"image\/jpeg"}],"twitter_card":"summary_large_image","twitter_misc":{"Dur\u00e9e de lecture estim\u00e9e":"1 minute"},"schema":{"@context":"https:\/\/schema.org","@graph":[{"@type":"WebPage","@id":"https:\/\/hexagodis.com\/index.php\/produit\/bulova-montre-laniere-de-cuir-lune-pour-homme\/","url":"https:\/\/hexagodis.com\/index.php\/produit\/bulova-montre-laniere-de-cuir-lune-pour-homme\/","name":"Bulova montre Lani\u00e8re de cuir Lune pour homme - Hexagodis","isPartOf":{"@id":"https:\/\/hexagodis.com\/#website"},"primaryImageOfPage":{"@id":"https:\/\/hexagodis.com\/index.php\/produit\/bulova-montre-laniere-de-cuir-lune-pour-homme\/#primaryimage"},"image":{"@id":"https:\/\/hexagodis.com\/index.php\/produit\/bulova-montre-laniere-de-cuir-lune-pour-homme\/#primaryimage"},"thumbnailUrl":"https:\/\/hexagodis.com\/wp-content\/uploads\/2025\/08\/61MGD1ZcvdL._AC_SX522_.jpg","datePublished":"2025-08-26T11:51:19+00:00","breadcrumb":{"@id":"https:\/\/hexagodis.com\/index.php\/produit\/bulova-montre-laniere-de-cuir-lune-pour-homme\/#breadcrumb"},"inLanguage":"fr-FR","potentialAction":[{"@type":"ReadAction","target":["https:\/\/hexagodis.com\/index.php\/produit\/bulova-montre-laniere-de-cuir-lune-pour-homme\/"]}]},{"@type":"ImageObject","inLanguage":"fr-FR","@id":"https:\/\/hexagodis.com\/index.php\/produit\/bulova-montre-laniere-de-cuir-lune-pour-homme\/#primaryimage","url":"https:\/\/hexagodis.com\/wp-content\/uploads\/2025\/08\/61MGD1ZcvdL._AC_SX522_.jpg","contentUrl":"https:\/\/hexagodis.com\/wp-content\/uploads\/2025\/08\/61MGD1ZcvdL._AC_SX522_.jpg","width":522,"height":630},{"@type":"BreadcrumbList","@id":"https:\/\/hexagodis.com\/index.php\/produit\/bulova-montre-laniere-de-cuir-lune-pour-homme\/#breadcrumb","itemListElement":[{"@type":"ListItem","position":1,"name":"Accueil","item":"https:\/\/hexagodis.com\/"},{"@type":"ListItem","position":2,"name":"Boutique","item":"https:\/\/hexagodis.com\/index.php\/boutique\/"},{"@type":"ListItem","position":3,"name":"Bulova montre Lani\u00e8re de cuir Lune pour homme"}]},{"@type":"WebSite","@id":"https:\/\/hexagodis.com\/#website","url":"https:\/\/hexagodis.com\/","name":"Hexagodis","description":"Mat\u00e9riel de sport &amp; \u00e9quipement sportif","potentialAction":[{"@type":"SearchAction","target":{"@type":"EntryPoint","urlTemplate":"https:\/\/hexagodis.com\/?s={search_term_string}"},"query-input":{"@type":"PropertyValueSpecification","valueRequired":true,"valueName":"search_term_string"}}],"inLanguage":"fr-FR"}]}},"_links":{"self":[{"href":"https:\/\/hexagodis.com\/index.php\/wp-json\/wp\/v2\/product\/18299","targetHints":{"allow":["GET"]}}],"collection":[{"href":"https:\/\/hexagodis.com\/index.php\/wp-json\/wp\/v2\/product"}],"about":[{"href":"https:\/\/hexagodis.com\/index.php\/wp-json\/wp\/v2\/types\/product"}],"replies":[{"embeddable":true,"href":"https:\/\/hexagodis.com\/index.php\/wp-json\/wp\/v2\/comments?post=18299"}],"version-history":[{"count":1,"href":"https:\/\/hexagodis.com\/index.php\/wp-json\/wp\/v2\/product\/18299\/revisions"}],"predecessor-version":[{"id":18305,"href":"https:\/\/hexagodis.com\/index.php\/wp-json\/wp\/v2\/product\/18299\/revisions\/18305"}],"wp:featuredmedia":[{"embeddable":true,"href":"https:\/\/hexagodis.com\/index.php\/wp-json\/wp\/v2\/media\/18304"}],"wp:attachment":[{"href":"https:\/\/hexagodis.com\/index.php\/wp-json\/wp\/v2\/media?parent=18299"}],"wp:term":[{"taxonomy":"product_brand","embeddable":true,"href":"https:\/\/hexagodis.com\/index.php\/wp-json\/wp\/v2\/product_brand?post=18299"},{"taxonomy":"product_cat","embeddable":true,"href":"https:\/\/hexagodis.com\/index.php\/wp-json\/wp\/v2\/product_cat?post=18299"},{"taxonomy":"product_tag","embeddable":true,"href":"https:\/\/hexagodis.com\/index.php\/wp-json\/wp\/v2\/product_tag?post=18299"}],"curies":[{"name":"wp","href":"https:\/\/api.w.org\/{rel}","templated":true}]}}