{"id":18262,"date":"2025-08-26T03:47:22","date_gmt":"2025-08-26T01:47:22","guid":{"rendered":"https:\/\/hexagodis.com\/?post_type=product&#038;p=18262"},"modified":"2025-08-26T03:47:22","modified_gmt":"2025-08-26T01:47:22","slug":"montre-connectee-garmin-fenix-e-47-mm-gris-avec-bracelet-noir","status":"publish","type":"product","link":"https:\/\/hexagodis.com\/index.php\/produit\/montre-connectee-garmin-fenix-e-47-mm-gris-avec-bracelet-noir\/","title":{"rendered":"Montre connect\u00e9e Garmin fenix E 47 mm Gris avec bracelet Noir"},"content":{"rendered":"<p>La montre GPS multisports fenix\u00ae E est destin\u00e9e aux athl\u00e8tes et aventuriers qui souhaitent d\u00e9passer leurs limites avec des fonctionnalit\u00e9s essentielles \u00e0 port\u00e9e de main. Le mod\u00e8le E est dot\u00e9 d&rsquo;un \u00e9cran AMOLED 1,3? lumineux et d&rsquo;une lunette en acier inoxydable. Boostez vos performances avec les derniers plans d&rsquo;entra\u00eenement cibl\u00e9s et les applications sportives int\u00e9gr\u00e9es. Renforcez votre endurance tout en optimisant votre r\u00e9cup\u00e9ration gr\u00e2ce \u00e0 une surveillance de la sant\u00e9 et du bien-\u00eatre 24h\/24 et 7j\/7 de votre fr\u00e9quence cardiaque, respiration, stress, sommeil et plus encore. Partez \u00e0 la d\u00e9couverte de sentiers avec des capteurs ABC int\u00e9gr\u00e9s et des cartes TopoActive facilement t\u00e9l\u00e9chargeables via la connectivit\u00e9 Wi-Fi\u00ae. La fonction de routage dynamique aller-retour vous permet de d\u00e9finir votre distance cible et de recevoir des indications virage par virage qui s&rsquo;ajustent pour vous ramener \u00e0 votre point de d\u00e9part \u00e0 l&rsquo;heure pr\u00e9vue. Profitez de longues aventures avec 16 jours d&rsquo;autonomie en mode montre connect\u00e9e. Restez connect\u00e9 gr\u00e2ce aux Smart Notifications, au paiement sans contact Garmin Pay, au stockage de la musique et bien plus encore.<\/p>\n<p>La fonction d\u2019itin\u00e9raire aller-retour dynamique vous permet d\u2019entrer la distance que vous voulez parcourir et vous propose des itin\u00e9raires qui vous guideront \u00e0 l\u2019heure m\u00eame si vous vous \u00e9cartez de votre parcours.<\/p>\n<p>Explorez de nouveaux panoramas avec les cartes TopoActive3 avec relief ombr\u00e9, ainsi que les cartes int\u00e9gr\u00e9es de milliers de parcours de golf et de stations de ski dans le monde entier.<\/p>\n<p>Restez connect\u00e9 gr\u00e2ce aux smart notifications depuis votre smartphone compatible, le stockage de musique, les paiements sans contact Garmin Pay et plus encore.<\/p>\n<p>Am\u00e9liorez les performances de votre corps et pr\u00e9venez les blessures gr\u00e2ce \u00e0 des plans de musculation cibl\u00e9s, ainsi qu\u2019\u00e0 des entra\u00eenements sp\u00e9cifiques au sport pour de nombreux types d\u2019activit\u00e9s.<\/p>\n<p>B\u00e9n\u00e9ficiez d\u2019un suivi de la sant\u00e9 et du bien-\u00eatre 24h\/24 et 7j\/7 avec fr\u00e9quence cardiaque au poignet, suivi avanc\u00e9 du sommeil, suivi de la respiration, Pulse Ox3 et bien plus encore.<\/p>\n<p>Utilisez cette fonctionnalit\u00e9 pour partager facilement des emplacements, des parcours et des entra\u00eenements enregistr\u00e9s avec les appareils Garmin compatibles de vos amis.<\/p>\n<h2>Caract\u00e9ristiques<\/h2>\n<p>Taille du cadran<br \/>\n47 mm<\/p>\n<p>Couleur du bo\u00eetier<br \/>\nGris<\/p>\n<p>Mati\u00e8re du bo\u00eetier<br \/>\nAcier Polym\u00e8re renforc\u00e9 de fibres avec fond de boitier en m\u00e9tal (Titane ou Acier)<\/p>\n<p>Taille du bracelet<br \/>\n21 cm 21,9 cm<\/p>\n<p>Couleur du bracelet<br \/>\nNoir<\/p>\n<p>Mati\u00e8re du bracelet<br \/>\nsilicone<\/p>\n<p>Design de la montre<br \/>\nRond<\/p>\n<p>OS compatible<br \/>\nAndroid<\/p>\n<p>Usage montres et bracelet connect\u00e9<br \/>\nBien-\u00catre \/ Sant\u00e9<\/p>\n<p>Sport<\/p>\n<p>Type de sport<br \/>\nMulti-sports<\/p>\n<p>Autonomie maximale<br \/>\nSmartwatch: jusqu\u2019\u00e0 16 jours (6 jours \u00e9cran allum\u00e9 en permanence) GPS : jusqu\u2019\u00e0 42 hours (30 heures \u00e9cran allum\u00e9 en permanence)<\/p>\n<p>Type d&rsquo;alimentation<br \/>\nBatterie<\/p>\n<p>Etanch\u00e9it\u00e9 de la montre<br \/>\n10 ATM \/ 100 m\u00e8tres<\/p>\n<p>Caract\u00e9ristiques \u00e9tanch\u00e9it\u00e9<br \/>\nR\u00e9siste \u00e0 des pressions \u00e9quivalentes \u00e0 une profondeur de 100 m\u00e8tres<\/p>\n<p>Taille d&rsquo;\u00e9cran (pouces)<br \/>\n1,3 \u00a0\u00bb<\/p>\n<p>Caract\u00e9ristiques de l&rsquo;\u00e9cran<br \/>\nAMOLED 416 x 416 pixels<\/p>\n<p>Capacit\u00e9 de Stockage<br \/>\n16 Go<\/p>\n<p>Communications sans fil<br \/>\nBluetooth<\/p>\n<p>Wi-Fi<\/p>\n<p>Fonctionnalit\u00e9s montre et bracelet connect\u00e9<br \/>\nAffichage des notifications<\/p>\n<p>Paiement<\/p>\n<p>Suivi du sommeil<\/p>\n<p>Vo2max<\/p>\n<p>Notifications<br \/>\nNotifications intelligentes<\/p>\n<p>Connect\u00e9<br \/>\nOui<\/p>\n<p>Mod\u00e8le du produit<br \/>\nFenix E<\/p>\n<p>Poids du produit<br \/>\n76 g<\/p>\n<p>Indice DAS Tronc<br \/>\n0.1<\/p>\n<p>Indice DAS membre en W\/Kg<br \/>\n0.29<\/p>\n<p>Disponibilit\u00e9 des pi\u00e8ces d\u00e9tach\u00e9es<br \/>\n2 ANS<\/p>\n<p>Longueur du produit<br \/>\n5,1 cm<\/p>\n<p>Largeur du produit<br \/>\n5,1 cm<\/p>\n<p>Hauteur du produit<br \/>\n1,4 cm<\/p>\n<p>Poids du produit<br \/>\n196 g<\/p>\n<p>Origine de fabrication<br \/>\nFabriqu\u00e9 hors Europe<\/p>\n","protected":false},"excerpt":{"rendered":"<p>Taille du cadran<br \/>\n47mm<\/p>\n<p>Couleur du bo\u00eetier<br \/>\nGris<\/p>\n<p>Mati\u00e8re du bo\u00eetier<br \/>\nAcier<\/p>\n<p>OS compatible<br \/>\nAndroid<\/p>\n","protected":false},"featured_media":18268,"comment_status":"open","ping_status":"closed","template":"","meta":[],"product_brand":[],"product_cat":[76],"product_tag":[],"class_list":{"0":"post-18262","1":"product","2":"type-product","3":"status-publish","4":"has-post-thumbnail","6":"product_cat-montre-connectee","8":"first","9":"instock","10":"sale","11":"taxable","12":"shipping-taxable","13":"purchasable","14":"product-type-simple"},"yoast_head":"<!-- This site is optimized with the Yoast SEO plugin v24.8.1 - https:\/\/yoast.com\/wordpress\/plugins\/seo\/ -->\n<title>Montre connect\u00e9e Garmin fenix E 47 mm Gris avec bracelet Noir - Hexagodis<\/title>\n<meta name=\"robots\" content=\"index, follow, max-snippet:-1, max-image-preview:large, max-video-preview:-1\" \/>\n<link rel=\"canonical\" href=\"https:\/\/hexagodis.com\/index.php\/produit\/montre-connectee-garmin-fenix-e-47-mm-gris-avec-bracelet-noir\/\" \/>\n<meta property=\"og:locale\" content=\"fr_FR\" \/>\n<meta property=\"og:type\" content=\"article\" \/>\n<meta property=\"og:title\" content=\"Montre connect\u00e9e Garmin fenix E 47 mm Gris avec bracelet Noir - Hexagodis\" \/>\n<meta property=\"og:description\" content=\"Taille du cadran 47mm  Couleur du bo\u00eetier Gris  Mati\u00e8re du bo\u00eetier Acier  OS compatible Android\" \/>\n<meta property=\"og:url\" content=\"https:\/\/hexagodis.com\/index.php\/produit\/montre-connectee-garmin-fenix-e-47-mm-gris-avec-bracelet-noir\/\" \/>\n<meta property=\"og:site_name\" content=\"Hexagodis\" \/>\n<meta property=\"og:image\" content=\"https:\/\/hexagodis.com\/wp-content\/uploads\/2025\/08\/Montre-connectee-Garmin-fenix-E-47-mm-Gris-avec-bracelet-Noir-2.jpg\" \/>\n\t<meta property=\"og:image:width\" content=\"500\" \/>\n\t<meta property=\"og:image:height\" content=\"500\" \/>\n\t<meta property=\"og:image:type\" content=\"image\/jpeg\" \/>\n<meta name=\"twitter:card\" content=\"summary_large_image\" \/>\n<meta name=\"twitter:label1\" content=\"Dur\u00e9e de lecture estim\u00e9e\" \/>\n\t<meta name=\"twitter:data1\" content=\"3 minutes\" \/>\n<script type=\"application\/ld+json\" class=\"yoast-schema-graph\">{\"@context\":\"https:\/\/schema.org\",\"@graph\":[{\"@type\":\"WebPage\",\"@id\":\"https:\/\/hexagodis.com\/index.php\/produit\/montre-connectee-garmin-fenix-e-47-mm-gris-avec-bracelet-noir\/\",\"url\":\"https:\/\/hexagodis.com\/index.php\/produit\/montre-connectee-garmin-fenix-e-47-mm-gris-avec-bracelet-noir\/\",\"name\":\"Montre connect\u00e9e Garmin fenix E 47 mm Gris avec bracelet Noir - Hexagodis\",\"isPartOf\":{\"@id\":\"https:\/\/hexagodis.com\/#website\"},\"primaryImageOfPage\":{\"@id\":\"https:\/\/hexagodis.com\/index.php\/produit\/montre-connectee-garmin-fenix-e-47-mm-gris-avec-bracelet-noir\/#primaryimage\"},\"image\":{\"@id\":\"https:\/\/hexagodis.com\/index.php\/produit\/montre-connectee-garmin-fenix-e-47-mm-gris-avec-bracelet-noir\/#primaryimage\"},\"thumbnailUrl\":\"https:\/\/hexagodis.com\/wp-content\/uploads\/2025\/08\/Montre-connectee-Garmin-fenix-E-47-mm-Gris-avec-bracelet-Noir-2.jpg\",\"datePublished\":\"2025-08-26T01:47:22+00:00\",\"breadcrumb\":{\"@id\":\"https:\/\/hexagodis.com\/index.php\/produit\/montre-connectee-garmin-fenix-e-47-mm-gris-avec-bracelet-noir\/#breadcrumb\"},\"inLanguage\":\"fr-FR\",\"potentialAction\":[{\"@type\":\"ReadAction\",\"target\":[\"https:\/\/hexagodis.com\/index.php\/produit\/montre-connectee-garmin-fenix-e-47-mm-gris-avec-bracelet-noir\/\"]}]},{\"@type\":\"ImageObject\",\"inLanguage\":\"fr-FR\",\"@id\":\"https:\/\/hexagodis.com\/index.php\/produit\/montre-connectee-garmin-fenix-e-47-mm-gris-avec-bracelet-noir\/#primaryimage\",\"url\":\"https:\/\/hexagodis.com\/wp-content\/uploads\/2025\/08\/Montre-connectee-Garmin-fenix-E-47-mm-Gris-avec-bracelet-Noir-2.jpg\",\"contentUrl\":\"https:\/\/hexagodis.com\/wp-content\/uploads\/2025\/08\/Montre-connectee-Garmin-fenix-E-47-mm-Gris-avec-bracelet-Noir-2.jpg\",\"width\":500,\"height\":500},{\"@type\":\"BreadcrumbList\",\"@id\":\"https:\/\/hexagodis.com\/index.php\/produit\/montre-connectee-garmin-fenix-e-47-mm-gris-avec-bracelet-noir\/#breadcrumb\",\"itemListElement\":[{\"@type\":\"ListItem\",\"position\":1,\"name\":\"Accueil\",\"item\":\"https:\/\/hexagodis.com\/\"},{\"@type\":\"ListItem\",\"position\":2,\"name\":\"Boutique\",\"item\":\"https:\/\/hexagodis.com\/index.php\/boutique\/\"},{\"@type\":\"ListItem\",\"position\":3,\"name\":\"Montre connect\u00e9e Garmin fenix E 47 mm Gris avec bracelet Noir\"}]},{\"@type\":\"WebSite\",\"@id\":\"https:\/\/hexagodis.com\/#website\",\"url\":\"https:\/\/hexagodis.com\/\",\"name\":\"Hexagodis\",\"description\":\"Mat\u00e9riel de sport &amp; \u00e9quipement sportif\",\"potentialAction\":[{\"@type\":\"SearchAction\",\"target\":{\"@type\":\"EntryPoint\",\"urlTemplate\":\"https:\/\/hexagodis.com\/?s={search_term_string}\"},\"query-input\":{\"@type\":\"PropertyValueSpecification\",\"valueRequired\":true,\"valueName\":\"search_term_string\"}}],\"inLanguage\":\"fr-FR\"}]}<\/script>\n<!-- \/ Yoast SEO plugin. -->","yoast_head_json":{"title":"Montre connect\u00e9e Garmin fenix E 47 mm Gris avec bracelet Noir - Hexagodis","robots":{"index":"index","follow":"follow","max-snippet":"max-snippet:-1","max-image-preview":"max-image-preview:large","max-video-preview":"max-video-preview:-1"},"canonical":"https:\/\/hexagodis.com\/index.php\/produit\/montre-connectee-garmin-fenix-e-47-mm-gris-avec-bracelet-noir\/","og_locale":"fr_FR","og_type":"article","og_title":"Montre connect\u00e9e Garmin fenix E 47 mm Gris avec bracelet Noir - Hexagodis","og_description":"Taille du cadran 47mm  Couleur du bo\u00eetier Gris  Mati\u00e8re du bo\u00eetier Acier  OS compatible Android","og_url":"https:\/\/hexagodis.com\/index.php\/produit\/montre-connectee-garmin-fenix-e-47-mm-gris-avec-bracelet-noir\/","og_site_name":"Hexagodis","og_image":[{"width":500,"height":500,"url":"https:\/\/hexagodis.com\/wp-content\/uploads\/2025\/08\/Montre-connectee-Garmin-fenix-E-47-mm-Gris-avec-bracelet-Noir-2.jpg","type":"image\/jpeg"}],"twitter_card":"summary_large_image","twitter_misc":{"Dur\u00e9e de lecture estim\u00e9e":"3 minutes"},"schema":{"@context":"https:\/\/schema.org","@graph":[{"@type":"WebPage","@id":"https:\/\/hexagodis.com\/index.php\/produit\/montre-connectee-garmin-fenix-e-47-mm-gris-avec-bracelet-noir\/","url":"https:\/\/hexagodis.com\/index.php\/produit\/montre-connectee-garmin-fenix-e-47-mm-gris-avec-bracelet-noir\/","name":"Montre connect\u00e9e Garmin fenix E 47 mm Gris avec bracelet Noir - Hexagodis","isPartOf":{"@id":"https:\/\/hexagodis.com\/#website"},"primaryImageOfPage":{"@id":"https:\/\/hexagodis.com\/index.php\/produit\/montre-connectee-garmin-fenix-e-47-mm-gris-avec-bracelet-noir\/#primaryimage"},"image":{"@id":"https:\/\/hexagodis.com\/index.php\/produit\/montre-connectee-garmin-fenix-e-47-mm-gris-avec-bracelet-noir\/#primaryimage"},"thumbnailUrl":"https:\/\/hexagodis.com\/wp-content\/uploads\/2025\/08\/Montre-connectee-Garmin-fenix-E-47-mm-Gris-avec-bracelet-Noir-2.jpg","datePublished":"2025-08-26T01:47:22+00:00","breadcrumb":{"@id":"https:\/\/hexagodis.com\/index.php\/produit\/montre-connectee-garmin-fenix-e-47-mm-gris-avec-bracelet-noir\/#breadcrumb"},"inLanguage":"fr-FR","potentialAction":[{"@type":"ReadAction","target":["https:\/\/hexagodis.com\/index.php\/produit\/montre-connectee-garmin-fenix-e-47-mm-gris-avec-bracelet-noir\/"]}]},{"@type":"ImageObject","inLanguage":"fr-FR","@id":"https:\/\/hexagodis.com\/index.php\/produit\/montre-connectee-garmin-fenix-e-47-mm-gris-avec-bracelet-noir\/#primaryimage","url":"https:\/\/hexagodis.com\/wp-content\/uploads\/2025\/08\/Montre-connectee-Garmin-fenix-E-47-mm-Gris-avec-bracelet-Noir-2.jpg","contentUrl":"https:\/\/hexagodis.com\/wp-content\/uploads\/2025\/08\/Montre-connectee-Garmin-fenix-E-47-mm-Gris-avec-bracelet-Noir-2.jpg","width":500,"height":500},{"@type":"BreadcrumbList","@id":"https:\/\/hexagodis.com\/index.php\/produit\/montre-connectee-garmin-fenix-e-47-mm-gris-avec-bracelet-noir\/#breadcrumb","itemListElement":[{"@type":"ListItem","position":1,"name":"Accueil","item":"https:\/\/hexagodis.com\/"},{"@type":"ListItem","position":2,"name":"Boutique","item":"https:\/\/hexagodis.com\/index.php\/boutique\/"},{"@type":"ListItem","position":3,"name":"Montre connect\u00e9e Garmin fenix E 47 mm Gris avec bracelet Noir"}]},{"@type":"WebSite","@id":"https:\/\/hexagodis.com\/#website","url":"https:\/\/hexagodis.com\/","name":"Hexagodis","description":"Mat\u00e9riel de sport &amp; \u00e9quipement sportif","potentialAction":[{"@type":"SearchAction","target":{"@type":"EntryPoint","urlTemplate":"https:\/\/hexagodis.com\/?s={search_term_string}"},"query-input":{"@type":"PropertyValueSpecification","valueRequired":true,"valueName":"search_term_string"}}],"inLanguage":"fr-FR"}]}},"_links":{"self":[{"href":"https:\/\/hexagodis.com\/index.php\/wp-json\/wp\/v2\/product\/18262","targetHints":{"allow":["GET"]}}],"collection":[{"href":"https:\/\/hexagodis.com\/index.php\/wp-json\/wp\/v2\/product"}],"about":[{"href":"https:\/\/hexagodis.com\/index.php\/wp-json\/wp\/v2\/types\/product"}],"replies":[{"embeddable":true,"href":"https:\/\/hexagodis.com\/index.php\/wp-json\/wp\/v2\/comments?post=18262"}],"version-history":[{"count":1,"href":"https:\/\/hexagodis.com\/index.php\/wp-json\/wp\/v2\/product\/18262\/revisions"}],"predecessor-version":[{"id":18271,"href":"https:\/\/hexagodis.com\/index.php\/wp-json\/wp\/v2\/product\/18262\/revisions\/18271"}],"wp:featuredmedia":[{"embeddable":true,"href":"https:\/\/hexagodis.com\/index.php\/wp-json\/wp\/v2\/media\/18268"}],"wp:attachment":[{"href":"https:\/\/hexagodis.com\/index.php\/wp-json\/wp\/v2\/media?parent=18262"}],"wp:term":[{"taxonomy":"product_brand","embeddable":true,"href":"https:\/\/hexagodis.com\/index.php\/wp-json\/wp\/v2\/product_brand?post=18262"},{"taxonomy":"product_cat","embeddable":true,"href":"https:\/\/hexagodis.com\/index.php\/wp-json\/wp\/v2\/product_cat?post=18262"},{"taxonomy":"product_tag","embeddable":true,"href":"https:\/\/hexagodis.com\/index.php\/wp-json\/wp\/v2\/product_tag?post=18262"}],"curies":[{"name":"wp","href":"https:\/\/api.w.org\/{rel}","templated":true}]}}