{"id":18253,"date":"2025-08-26T02:13:42","date_gmt":"2025-08-26T00:13:42","guid":{"rendered":"https:\/\/hexagodis.com\/?post_type=product&#038;p=18253"},"modified":"2025-08-26T02:13:42","modified_gmt":"2025-08-26T00:13:42","slug":"montre-connectee-samsung-galaxy-watch7-40-mm-bluetooth-creme","status":"publish","type":"product","link":"https:\/\/hexagodis.com\/index.php\/produit\/montre-connectee-samsung-galaxy-watch7-40-mm-bluetooth-creme\/","title":{"rendered":"Montre connect\u00e9e Samsung Galaxy Watch7 40 mm Bluetooth Cr\u00e8me"},"content":{"rendered":"<p>Design moderne et harmonieux. Conseils bien\u00eatre avec Galaxy AI.GPS double fr\u00e9quence pr\u00e9cis. Fonctions sport et sant\u00e9 avanc\u00e9es. OS Google avec acc\u00e8s \u00e0 de nombreuses applis.<\/p>\n<h2>Caract\u00e9ristiques<\/h2>\n<p>Taille du cadran<br \/>\n40 mm<\/p>\n<p>Couleur du bo\u00eetier<br \/>\nBeige<\/p>\n<p>Mati\u00e8re du bo\u00eetier<br \/>\nAluminium<\/p>\n<p>Taille du bracelet<br \/>\n20 mm interchangeables<\/p>\n<p>Couleur du bracelet<br \/>\nBeige<\/p>\n<p>Mati\u00e8re du bracelet<br \/>\nCaoutchouc<\/p>\n<p>Design de la montre<br \/>\nRond<\/p>\n<p>OS compatible<br \/>\nAndroid<\/p>\n<p>Compatibilit\u00e9s<br \/>\nAndroid 11.0 ou ult\u00e9rieur, RAM 1.5 Go sup\u00e9rieur, Galaxy Buds (Buds+ et ult\u00e9rieur)<\/p>\n<p>Usage montres et bracelet connect\u00e9<br \/>\nBien-\u00catre \/ Sant\u00e9<\/p>\n<p>Lifestyle<\/p>\n<p>Sport<\/p>\n<p>Type de sport<br \/>\nMulti-sports<\/p>\n<p>Etanch\u00e9it\u00e9 de la montre<br \/>\n5ATM \/ 50 m\u00e8tres<\/p>\n<p>Caract\u00e9ristiques \u00e9tanch\u00e9it\u00e9<br \/>\nR\u00e9sistant \u00e0 l\u2019immersion sous l\u2019eau jusqu\u2019\u00e0 50 m\u00e8tres<\/p>\n<p>Taille d&rsquo;\u00e9cran (pouces)<br \/>\n1,3 \u00a0\u00bb<\/p>\n<p>Caract\u00e9ristiques de l&rsquo;\u00e9cran<br \/>\n\u00c9cran Super AMOLED 1,3&Prime; R\u00e9solution : 432 x 432 pixels, 330 ppp, Face avant : verre de saphir, Face arri\u00e8re : Cadran 3D Glass<\/p>\n<p>Processeur<br \/>\nExynos W1000 (5 core, 3nm)<\/p>\n<p>Capacit\u00e9 de Stockage<br \/>\n32 Go<\/p>\n<p>Fonctionnalit\u00e9s montre et bracelet connect\u00e9<br \/>\nCapteur de foul\u00e9e<\/p>\n<p>Acc\u00e9l\u00e9rom\u00e8tre<\/p>\n<p>Affichage des notifications<\/p>\n<p>Barom\u00e8tre<\/p>\n<p>Calorie d\u00e9pens\u00e9e<\/p>\n<p>Cardio fr\u00e9quencem\u00e8tre<\/p>\n<p>Chronom\u00e8tre<\/p>\n<p>Distance parcourue<\/p>\n<p>GPS int\u00e9gr\u00e9<\/p>\n<p>Haut-parleur<\/p>\n<p>Paiement<\/p>\n<p>R\u00e9veil \/ alarme<\/p>\n<p>Spo2<\/p>\n<p>Suivi du sommeil<\/p>\n<p>Notifications<br \/>\nSMS, appel, notifications r\u00e9seaux sociaux, E-mail, reminder, calendrier, smartThings<\/p>\n<p>Assistant vocal compatible<br \/>\nAssistant Google<\/p>\n<p>Samsung Bixby<\/p>\n<p>Caract\u00e9ristiques compl\u00e9mentaires<br \/>\nConnectivit\u00e9 : GPS double fr\u00e9quence (L1+L5) ; Capteurs\/Transducteurs : GPS, Glonass, Beidou, Galileo, Capteur de luminosit\u00e9 et g\u00e9omagn\u00e9tique, Capteurs BioActive, temp\u00e9rature, Microphone ; R\u00e9sistance aux \u00e9l\u00e9ments : Protection contre la poussi\u00e8re IP6X, Certification militaire US Standard: MID-STD 810 H ; Fonctionnalit\u00e9s au quotidien : Historique des messages, Always On Display, Contr\u00f4le de l\u2019appareil photo et vid\u00e9o de votre smartphone, Widgets personnalisables, Localisation du smartphone en cas de perte<\/p>\n<p>Connectique<br \/>\n1 Syst\u00e8me de charge magn\u00e9tique<\/p>\n<p>Connect\u00e9<br \/>\nOui<\/p>\n<p>Contenu du pack<br \/>\nGalaxy Watch7 \u2013 44 mm, Bracelet Sport (M\/L), Chargeur sans fil USB-C, Notice d\u2019utilisation<\/p>\n<p>Mod\u00e8le du produit<br \/>\nWATCH 7<\/p>\n<p>Poids du produit<br \/>\n28,9 g<\/p>\n<p>Dimensions<br \/>\n44,4 x 44,4 x 9,7 mm<\/p>\n<p>Indice DAS membre en W\/Kg<br \/>\n0.097<\/p>\n<p>Disponibilit\u00e9 des pi\u00e8ces d\u00e9tach\u00e9es<br \/>\nVALEUR EN ATTENTE<\/p>\n<p>Longueur du produit<br \/>\n4,4 cm<\/p>\n<p>Largeur du produit<br \/>\n4 cm<\/p>\n<p>Profondeur<br \/>\n9,7 mm<\/p>\n<p>Hauteur du produit<br \/>\n0,9 cm<\/p>\n<p>Poids du produit<br \/>\n28,9 g<\/p>\n<p>Origine de fabrication<br \/>\nFabriqu\u00e9 hors Europe<\/p>\n","protected":false},"excerpt":{"rendered":"<p>Taille du cadran<br \/>\n40mm<\/p>\n<p>Couleur du bo\u00eetier<br \/>\nBeige<\/p>\n<p>Mati\u00e8re du bo\u00eetier<br \/>\nAluminium<\/p>\n<p>OS compatible<br \/>\nAndroid<\/p>\n","protected":false},"featured_media":18260,"comment_status":"open","ping_status":"closed","template":"","meta":[],"product_brand":[],"product_cat":[76],"product_tag":[],"class_list":{"0":"post-18253","1":"product","2":"type-product","3":"status-publish","4":"has-post-thumbnail","6":"product_cat-montre-connectee","8":"first","9":"instock","10":"sale","11":"taxable","12":"shipping-taxable","13":"purchasable","14":"product-type-simple"},"yoast_head":"<!-- This site is optimized with the Yoast SEO plugin v24.8.1 - https:\/\/yoast.com\/wordpress\/plugins\/seo\/ -->\n<title>Montre connect\u00e9e Samsung Galaxy Watch7 40 mm Bluetooth Cr\u00e8me - Hexagodis<\/title>\n<meta name=\"robots\" content=\"index, follow, max-snippet:-1, max-image-preview:large, max-video-preview:-1\" \/>\n<link rel=\"canonical\" href=\"https:\/\/hexagodis.com\/index.php\/produit\/montre-connectee-samsung-galaxy-watch7-40-mm-bluetooth-creme\/\" \/>\n<meta property=\"og:locale\" content=\"fr_FR\" \/>\n<meta property=\"og:type\" content=\"article\" \/>\n<meta property=\"og:title\" content=\"Montre connect\u00e9e Samsung Galaxy Watch7 40 mm Bluetooth Cr\u00e8me - Hexagodis\" \/>\n<meta property=\"og:description\" content=\"Taille du cadran 40mm  Couleur du bo\u00eetier Beige  Mati\u00e8re du bo\u00eetier Aluminium  OS compatible Android\" \/>\n<meta property=\"og:url\" content=\"https:\/\/hexagodis.com\/index.php\/produit\/montre-connectee-samsung-galaxy-watch7-40-mm-bluetooth-creme\/\" \/>\n<meta property=\"og:site_name\" content=\"Hexagodis\" \/>\n<meta property=\"og:image\" content=\"https:\/\/hexagodis.com\/wp-content\/uploads\/2025\/08\/Montre-connectee-Samsung-Galaxy-Watch7-40-mm-Bluetooth-Creme.jpg\" \/>\n\t<meta property=\"og:image:width\" content=\"340\" \/>\n\t<meta property=\"og:image:height\" content=\"340\" \/>\n\t<meta property=\"og:image:type\" content=\"image\/jpeg\" \/>\n<meta name=\"twitter:card\" content=\"summary_large_image\" \/>\n<meta name=\"twitter:label1\" content=\"Dur\u00e9e de lecture estim\u00e9e\" \/>\n\t<meta name=\"twitter:data1\" content=\"2 minutes\" \/>\n<script type=\"application\/ld+json\" class=\"yoast-schema-graph\">{\"@context\":\"https:\/\/schema.org\",\"@graph\":[{\"@type\":\"WebPage\",\"@id\":\"https:\/\/hexagodis.com\/index.php\/produit\/montre-connectee-samsung-galaxy-watch7-40-mm-bluetooth-creme\/\",\"url\":\"https:\/\/hexagodis.com\/index.php\/produit\/montre-connectee-samsung-galaxy-watch7-40-mm-bluetooth-creme\/\",\"name\":\"Montre connect\u00e9e Samsung Galaxy Watch7 40 mm Bluetooth Cr\u00e8me - Hexagodis\",\"isPartOf\":{\"@id\":\"https:\/\/hexagodis.com\/#website\"},\"primaryImageOfPage\":{\"@id\":\"https:\/\/hexagodis.com\/index.php\/produit\/montre-connectee-samsung-galaxy-watch7-40-mm-bluetooth-creme\/#primaryimage\"},\"image\":{\"@id\":\"https:\/\/hexagodis.com\/index.php\/produit\/montre-connectee-samsung-galaxy-watch7-40-mm-bluetooth-creme\/#primaryimage\"},\"thumbnailUrl\":\"https:\/\/hexagodis.com\/wp-content\/uploads\/2025\/08\/Montre-connectee-Samsung-Galaxy-Watch7-40-mm-Bluetooth-Creme.jpg\",\"datePublished\":\"2025-08-26T00:13:42+00:00\",\"breadcrumb\":{\"@id\":\"https:\/\/hexagodis.com\/index.php\/produit\/montre-connectee-samsung-galaxy-watch7-40-mm-bluetooth-creme\/#breadcrumb\"},\"inLanguage\":\"fr-FR\",\"potentialAction\":[{\"@type\":\"ReadAction\",\"target\":[\"https:\/\/hexagodis.com\/index.php\/produit\/montre-connectee-samsung-galaxy-watch7-40-mm-bluetooth-creme\/\"]}]},{\"@type\":\"ImageObject\",\"inLanguage\":\"fr-FR\",\"@id\":\"https:\/\/hexagodis.com\/index.php\/produit\/montre-connectee-samsung-galaxy-watch7-40-mm-bluetooth-creme\/#primaryimage\",\"url\":\"https:\/\/hexagodis.com\/wp-content\/uploads\/2025\/08\/Montre-connectee-Samsung-Galaxy-Watch7-40-mm-Bluetooth-Creme.jpg\",\"contentUrl\":\"https:\/\/hexagodis.com\/wp-content\/uploads\/2025\/08\/Montre-connectee-Samsung-Galaxy-Watch7-40-mm-Bluetooth-Creme.jpg\",\"width\":340,\"height\":340},{\"@type\":\"BreadcrumbList\",\"@id\":\"https:\/\/hexagodis.com\/index.php\/produit\/montre-connectee-samsung-galaxy-watch7-40-mm-bluetooth-creme\/#breadcrumb\",\"itemListElement\":[{\"@type\":\"ListItem\",\"position\":1,\"name\":\"Accueil\",\"item\":\"https:\/\/hexagodis.com\/\"},{\"@type\":\"ListItem\",\"position\":2,\"name\":\"Boutique\",\"item\":\"https:\/\/hexagodis.com\/index.php\/boutique\/\"},{\"@type\":\"ListItem\",\"position\":3,\"name\":\"Montre connect\u00e9e Samsung Galaxy Watch7 40 mm Bluetooth Cr\u00e8me\"}]},{\"@type\":\"WebSite\",\"@id\":\"https:\/\/hexagodis.com\/#website\",\"url\":\"https:\/\/hexagodis.com\/\",\"name\":\"Hexagodis\",\"description\":\"Mat\u00e9riel de sport &amp; \u00e9quipement sportif\",\"potentialAction\":[{\"@type\":\"SearchAction\",\"target\":{\"@type\":\"EntryPoint\",\"urlTemplate\":\"https:\/\/hexagodis.com\/?s={search_term_string}\"},\"query-input\":{\"@type\":\"PropertyValueSpecification\",\"valueRequired\":true,\"valueName\":\"search_term_string\"}}],\"inLanguage\":\"fr-FR\"}]}<\/script>\n<!-- \/ Yoast SEO plugin. -->","yoast_head_json":{"title":"Montre connect\u00e9e Samsung Galaxy Watch7 40 mm Bluetooth Cr\u00e8me - Hexagodis","robots":{"index":"index","follow":"follow","max-snippet":"max-snippet:-1","max-image-preview":"max-image-preview:large","max-video-preview":"max-video-preview:-1"},"canonical":"https:\/\/hexagodis.com\/index.php\/produit\/montre-connectee-samsung-galaxy-watch7-40-mm-bluetooth-creme\/","og_locale":"fr_FR","og_type":"article","og_title":"Montre connect\u00e9e Samsung Galaxy Watch7 40 mm Bluetooth Cr\u00e8me - Hexagodis","og_description":"Taille du cadran 40mm  Couleur du bo\u00eetier Beige  Mati\u00e8re du bo\u00eetier Aluminium  OS compatible Android","og_url":"https:\/\/hexagodis.com\/index.php\/produit\/montre-connectee-samsung-galaxy-watch7-40-mm-bluetooth-creme\/","og_site_name":"Hexagodis","og_image":[{"width":340,"height":340,"url":"https:\/\/hexagodis.com\/wp-content\/uploads\/2025\/08\/Montre-connectee-Samsung-Galaxy-Watch7-40-mm-Bluetooth-Creme.jpg","type":"image\/jpeg"}],"twitter_card":"summary_large_image","twitter_misc":{"Dur\u00e9e de lecture estim\u00e9e":"2 minutes"},"schema":{"@context":"https:\/\/schema.org","@graph":[{"@type":"WebPage","@id":"https:\/\/hexagodis.com\/index.php\/produit\/montre-connectee-samsung-galaxy-watch7-40-mm-bluetooth-creme\/","url":"https:\/\/hexagodis.com\/index.php\/produit\/montre-connectee-samsung-galaxy-watch7-40-mm-bluetooth-creme\/","name":"Montre connect\u00e9e Samsung Galaxy Watch7 40 mm Bluetooth Cr\u00e8me - Hexagodis","isPartOf":{"@id":"https:\/\/hexagodis.com\/#website"},"primaryImageOfPage":{"@id":"https:\/\/hexagodis.com\/index.php\/produit\/montre-connectee-samsung-galaxy-watch7-40-mm-bluetooth-creme\/#primaryimage"},"image":{"@id":"https:\/\/hexagodis.com\/index.php\/produit\/montre-connectee-samsung-galaxy-watch7-40-mm-bluetooth-creme\/#primaryimage"},"thumbnailUrl":"https:\/\/hexagodis.com\/wp-content\/uploads\/2025\/08\/Montre-connectee-Samsung-Galaxy-Watch7-40-mm-Bluetooth-Creme.jpg","datePublished":"2025-08-26T00:13:42+00:00","breadcrumb":{"@id":"https:\/\/hexagodis.com\/index.php\/produit\/montre-connectee-samsung-galaxy-watch7-40-mm-bluetooth-creme\/#breadcrumb"},"inLanguage":"fr-FR","potentialAction":[{"@type":"ReadAction","target":["https:\/\/hexagodis.com\/index.php\/produit\/montre-connectee-samsung-galaxy-watch7-40-mm-bluetooth-creme\/"]}]},{"@type":"ImageObject","inLanguage":"fr-FR","@id":"https:\/\/hexagodis.com\/index.php\/produit\/montre-connectee-samsung-galaxy-watch7-40-mm-bluetooth-creme\/#primaryimage","url":"https:\/\/hexagodis.com\/wp-content\/uploads\/2025\/08\/Montre-connectee-Samsung-Galaxy-Watch7-40-mm-Bluetooth-Creme.jpg","contentUrl":"https:\/\/hexagodis.com\/wp-content\/uploads\/2025\/08\/Montre-connectee-Samsung-Galaxy-Watch7-40-mm-Bluetooth-Creme.jpg","width":340,"height":340},{"@type":"BreadcrumbList","@id":"https:\/\/hexagodis.com\/index.php\/produit\/montre-connectee-samsung-galaxy-watch7-40-mm-bluetooth-creme\/#breadcrumb","itemListElement":[{"@type":"ListItem","position":1,"name":"Accueil","item":"https:\/\/hexagodis.com\/"},{"@type":"ListItem","position":2,"name":"Boutique","item":"https:\/\/hexagodis.com\/index.php\/boutique\/"},{"@type":"ListItem","position":3,"name":"Montre connect\u00e9e Samsung Galaxy Watch7 40 mm Bluetooth Cr\u00e8me"}]},{"@type":"WebSite","@id":"https:\/\/hexagodis.com\/#website","url":"https:\/\/hexagodis.com\/","name":"Hexagodis","description":"Mat\u00e9riel de sport &amp; \u00e9quipement sportif","potentialAction":[{"@type":"SearchAction","target":{"@type":"EntryPoint","urlTemplate":"https:\/\/hexagodis.com\/?s={search_term_string}"},"query-input":{"@type":"PropertyValueSpecification","valueRequired":true,"valueName":"search_term_string"}}],"inLanguage":"fr-FR"}]}},"_links":{"self":[{"href":"https:\/\/hexagodis.com\/index.php\/wp-json\/wp\/v2\/product\/18253","targetHints":{"allow":["GET"]}}],"collection":[{"href":"https:\/\/hexagodis.com\/index.php\/wp-json\/wp\/v2\/product"}],"about":[{"href":"https:\/\/hexagodis.com\/index.php\/wp-json\/wp\/v2\/types\/product"}],"replies":[{"embeddable":true,"href":"https:\/\/hexagodis.com\/index.php\/wp-json\/wp\/v2\/comments?post=18253"}],"version-history":[{"count":1,"href":"https:\/\/hexagodis.com\/index.php\/wp-json\/wp\/v2\/product\/18253\/revisions"}],"predecessor-version":[{"id":18261,"href":"https:\/\/hexagodis.com\/index.php\/wp-json\/wp\/v2\/product\/18253\/revisions\/18261"}],"wp:featuredmedia":[{"embeddable":true,"href":"https:\/\/hexagodis.com\/index.php\/wp-json\/wp\/v2\/media\/18260"}],"wp:attachment":[{"href":"https:\/\/hexagodis.com\/index.php\/wp-json\/wp\/v2\/media?parent=18253"}],"wp:term":[{"taxonomy":"product_brand","embeddable":true,"href":"https:\/\/hexagodis.com\/index.php\/wp-json\/wp\/v2\/product_brand?post=18253"},{"taxonomy":"product_cat","embeddable":true,"href":"https:\/\/hexagodis.com\/index.php\/wp-json\/wp\/v2\/product_cat?post=18253"},{"taxonomy":"product_tag","embeddable":true,"href":"https:\/\/hexagodis.com\/index.php\/wp-json\/wp\/v2\/product_tag?post=18253"}],"curies":[{"name":"wp","href":"https:\/\/api.w.org\/{rel}","templated":true}]}}