{"id":18238,"date":"2025-08-26T01:20:13","date_gmt":"2025-08-25T23:20:13","guid":{"rendered":"https:\/\/hexagodis.com\/?post_type=product&#038;p=18238"},"modified":"2025-08-26T01:20:13","modified_gmt":"2025-08-25T23:20:13","slug":"montre-connectee-garmin-forerunner-165-blanc-avec-bracelet-blanc-et-gris-clair","status":"publish","type":"product","link":"https:\/\/hexagodis.com\/index.php\/produit\/montre-connectee-garmin-forerunner-165-blanc-avec-bracelet-blanc-et-gris-clair\/","title":{"rendered":"Montre connect\u00e9e Garmin Forerunner 165 Blanc avec bracelet Blanc et Gris clair"},"content":{"rendered":"<header class=\"f-productLayer__header\">\n<div class=\"f-productLayer__container\">\n<p data-automation-id=\"title-characteristics-layer-label\">Lancez-vous \u2013 prenez votre dossard et brillez \u00e0 l&rsquo;entra\u00eenement avec la montre GPS connect\u00e9e de running Forerunner\u00ae 165. Avec une allure, une distance et une fr\u00e9quence cardiaque pr\u00e9cises, soyez \u00e9blouis par vos progr\u00e8s affich\u00e9s sur un \u00e9cran AMOLED tactile pendant que Garmin Coach et les entra\u00eenements adaptatifs vous aident \u00e0 atteindre vos objectifs. R\u00e9veillez vous avec votre rapport matinal qui vous affichera un aper\u00e7u de vos donn\u00e9es de sant\u00e9, sommeil, r\u00e9cup\u00e9ration et perspectives d\u2019entra\u00eenement (les donn\u00e9es pr\u00e9sent\u00e9es sont une bonne estimation des m\u00e9triques suivies). Apr\u00e8s chaque session, utilisez la fonction Training Effect pour comprendre les b\u00e9n\u00e9fices de votre entra\u00eenement sur votre forme physique. Puis, v\u00e9rifiez que votre corps se repose correctement entre chaque s\u00e9ance gr\u00e2ce \u00e0 la fonction r\u00e9cup\u00e9ration. Appairez votre montre \u00e0 votre t\u00e9l\u00e9phone, et vos notifications appara\u00eetront directement \u00e0 votre poignet. Obtenez une vue plus compl\u00e8te de votre sant\u00e9, pas uniquement un aper\u00e7u, depuis votre Forerunner\u00ae 165 avec une autonomie allant jusqu&rsquo;\u00e0 11 jours en mode montre connect\u00e9e.<\/p>\n<p data-automation-id=\"title-characteristics-layer-label\">\n<h2 class=\"f-productLayer__title\" data-automation-id=\"title-characteristics-layer-label\">Caract\u00e9ristiques<\/h2>\n<\/div>\n<\/header>\n<div class=\"f-productLayer__body f-productProperties\">\n<div class=\"f-productLayer__container f-productProperties__container\" data-automation-id=\"simple-characteristics-content-block\">\n<div class=\"js-Expander expander expander--hasIcon collapsed\" data-automation-button=\"expand-characteristics-content-button\" data-automation-content=\"expand-characteristics-content\">\n<div class=\"expander__content\" data-automation-id=\"expand-characteristics-content\" aria-expanded=\"true\">\n<div class=\"f-productProperties__columns\">\n<div class=\"f-productProperties__col\">\n<dl class=\"f-productProperties__item\">\n<dt class=\"f-productProperties__term\">Taille du cadran<\/dt>\n<dd class=\"f-productProperties__definition\" aria-label=\"Liste des Taille du cadran\">43 mm<\/dd>\n<\/dl>\n<dl class=\"f-productProperties__item\">\n<dt class=\"f-productProperties__term\">Couleur du bo\u00eetier<\/dt>\n<dd class=\"f-productProperties__definition\" aria-label=\"Liste des Couleur du bo\u00eetier\">Blanc<\/dd>\n<\/dl>\n<dl class=\"f-productProperties__item\">\n<dt class=\"f-productProperties__term\">Mati\u00e8re du bo\u00eetier<\/dt>\n<dd class=\"f-productProperties__definition\" aria-label=\"Liste des Mati\u00e8re du bo\u00eetier\">Polym\u00e8re<\/dd>\n<\/dl>\n<dl class=\"f-productProperties__item\">\n<dt class=\"f-productProperties__term\">Mati\u00e8re du bracelet<\/dt>\n<dd class=\"f-productProperties__definition\" aria-label=\"Liste des Mati\u00e8re du bracelet\">silicone<\/dd>\n<\/dl>\n<dl class=\"f-productProperties__item\">\n<dt class=\"f-productProperties__term\">Design de la montre<\/dt>\n<dd class=\"f-productProperties__definition\" aria-label=\"Liste des Design de la montre\">Rond<\/dd>\n<\/dl>\n<dl class=\"f-productProperties__item\">\n<dt class=\"f-productProperties__term\">OS compatible<\/dt>\n<dd class=\"f-productProperties__definition\" aria-label=\"Liste des OS compatible\">Android<\/dd>\n<\/dl>\n<dl class=\"f-productProperties__item\">\n<dt class=\"f-productProperties__term\">Usage montres et bracelet connect\u00e9<\/dt>\n<dd class=\"f-productProperties__definition\" aria-label=\"Liste des Usage montres et bracelet connect\u00e9\">Sport<\/dd>\n<\/dl>\n<dl class=\"f-productProperties__item\">\n<dt class=\"f-productProperties__term\">Type de sport<\/dt>\n<dd class=\"f-productProperties__definition\" aria-label=\"Liste des Type de sport\">Multi-sports<\/p>\n<p>Running<\/dd>\n<\/dl>\n<dl class=\"f-productProperties__item\">\n<dt class=\"f-productProperties__term\">Autonomie maximale<\/dt>\n<dd class=\"f-productProperties__definition\" aria-label=\"Liste des Autonomie maximale\">Mode connect\u00e9: Jusqu&rsquo;\u00e0 11 jours ; Mode GPS: Jusqu&rsquo;\u00e0 19 heures<\/dd>\n<\/dl>\n<dl class=\"f-productProperties__item\">\n<dt class=\"f-productProperties__term\">Type d&rsquo;alimentation<\/dt>\n<dd class=\"f-productProperties__definition\" aria-label=\"Liste des Type d'alimentation\">Batterie<\/dd>\n<\/dl>\n<dl class=\"f-productProperties__item\">\n<dt class=\"f-productProperties__term\">Etanch\u00e9it\u00e9 de la montre<\/dt>\n<dd class=\"f-productProperties__definition\" aria-label=\"Liste des Etanch\u00e9it\u00e9 de la montre\">5ATM \/ 50 m\u00e8tres<\/dd>\n<\/dl>\n<dl class=\"f-productProperties__item\">\n<dt class=\"f-productProperties__term\">Taille d&rsquo;\u00e9cran (pouces)<\/dt>\n<dd class=\"f-productProperties__definition\" aria-label=\"Liste des Taille d'\u00e9cran (pouces)\">1,2 \u00ab\u00a0<\/dd>\n<\/dl>\n<dl class=\"f-productProperties__item\">\n<dt class=\"f-productProperties__term\">Caract\u00e9ristiques de l&rsquo;\u00e9cran<\/dt>\n<dd class=\"f-productProperties__definition\" aria-label=\"Liste des Caract\u00e9ristiques de l'\u00e9cran\">Verre chimiquement renforc\u00e9<\/dd>\n<\/dl>\n<dl class=\"f-productProperties__item\">\n<dt class=\"f-productProperties__term\">Capacit\u00e9 de Stockage<\/dt>\n<dd class=\"f-productProperties__definition\" aria-label=\"Liste des Capacit\u00e9 de  Stockage\">4 Go<\/dd>\n<\/dl>\n<dl class=\"f-productProperties__item\">\n<dt class=\"f-productProperties__term\">Fonctionnalit\u00e9s montre et bracelet connect\u00e9<\/dt>\n<dd class=\"f-productProperties__definition\" aria-label=\"Liste des Fonctionnalit\u00e9s montre et bracelet connect\u00e9\">Capteur de foul\u00e9e<\/p>\n<p>Acc\u00e9l\u00e9rom\u00e8tre<\/p>\n<p>Altim\u00e8tre<\/p>\n<p>Barom\u00e8tre<\/p>\n<p>Calorie d\u00e9pens\u00e9e<\/p>\n<p>Cardio fr\u00e9quencem\u00e8tre<\/p>\n<p>Chronom\u00e8tre<\/p>\n<p>Coach int\u00e9gr\u00e9<\/p>\n<p>Distance parcourue<\/p>\n<p>GPS int\u00e9gr\u00e9<\/p>\n<p>Indication IMC<\/p>\n<p>Suivi du sommeil<\/p>\n<p>Thermom\u00e8tre<\/p>\n<p>Vo2max<\/dd>\n<\/dl>\n<dl class=\"f-productProperties__item\">\n<dt class=\"f-productProperties__term\">Notifications<\/dt>\n<dd class=\"f-productProperties__definition\" aria-label=\"Liste des Notifications\">appels, SMS<\/dd>\n<\/dl>\n<\/div>\n<div class=\"f-productProperties__col\">\n<dl class=\"f-productProperties__item\">\n<dt class=\"f-productProperties__term\">Connectique<\/dt>\n<dd class=\"f-productProperties__definition\" aria-label=\"Liste des Connectique\">1 Syst\u00e8me de charge magn\u00e9tique<\/dd>\n<\/dl>\n<dl class=\"f-productProperties__item\">\n<dt class=\"f-productProperties__term\">Connect\u00e9<\/dt>\n<dd class=\"f-productProperties__definition\" aria-label=\"Liste des Connect\u00e9\">Oui<\/dd>\n<\/dl>\n<dl class=\"f-productProperties__item\">\n<dt class=\"f-productProperties__term\">Contenu du pack<\/dt>\n<dd class=\"f-productProperties__definition\" aria-label=\"Liste des Contenu du pack\">Forerunner 165, C\u00e2ble, Documentation<\/dd>\n<\/dl>\n<dl class=\"f-productProperties__item\">\n<dt class=\"f-productProperties__term\">Mod\u00e8le du produit<\/dt>\n<dd class=\"f-productProperties__definition\" aria-label=\"Liste des Mod\u00e8le du produit\">Forerunner 165<\/dd>\n<\/dl>\n<dl class=\"f-productProperties__item\">\n<dt class=\"f-productProperties__term\">Poids du produit<\/dt>\n<dd class=\"f-productProperties__definition\" aria-label=\"Liste des Poids du produit\">39 g<\/dd>\n<\/dl>\n<dl class=\"f-productProperties__item\">\n<dt class=\"f-productProperties__term\">Indice DAS Tronc<\/dt>\n<dd class=\"f-productProperties__definition\" aria-label=\"Liste des Indice DAS Tronc\">1.04<\/dd>\n<\/dl>\n<dl class=\"f-productProperties__item\">\n<dt class=\"f-productProperties__term\">Indice DAS membre en W\/Kg<\/dt>\n<dd class=\"f-productProperties__definition\" aria-label=\"Liste des Indice DAS membre en W\/Kg\">0.41<\/dd>\n<\/dl>\n<dl class=\"f-productProperties__item\">\n<dt class=\"f-productProperties__term\">Longueur du produit<\/dt>\n<dd class=\"f-productProperties__definition\" aria-label=\"Liste des Longueur du produit\">4,3 cm<\/dd>\n<\/dl>\n<dl class=\"f-productProperties__item\">\n<dt class=\"f-productProperties__term\">Largeur du produit<\/dt>\n<dd class=\"f-productProperties__definition\" aria-label=\"Liste des Largeur du produit\">4,3 cm<\/dd>\n<\/dl>\n<dl class=\"f-productProperties__item\">\n<dt class=\"f-productProperties__term\">Hauteur du produit<\/dt>\n<dd class=\"f-productProperties__definition\" aria-label=\"Liste des Hauteur du produit\">1,2 cm<\/dd>\n<\/dl>\n<dl class=\"f-productProperties__item\">\n<dt class=\"f-productProperties__term\">Poids du produit<\/dt>\n<dd class=\"f-productProperties__definition\" aria-label=\"Liste des Poids du produit\">39 g<\/dd>\n<\/dl>\n<dl class=\"f-productProperties__item\">\n<dt class=\"f-productProperties__term\">Origine de fabrication<\/dt>\n<dd class=\"f-productProperties__definition\" aria-label=\"Liste des Origine de fabrication\">Fabriqu\u00e9 hors Europe<\/dd>\n<\/dl>\n<\/div>\n<\/div>\n<\/div>\n<\/div>\n<\/div>\n<\/div>\n","protected":false},"excerpt":{"rendered":"<dl class=\"f-productProperties__item\">\n<dt class=\"f-productProperties__term\">Taille du cadran 43mm<\/dt>\n<\/dl>\n<dl class=\"f-productProperties__item\">\n<dt class=\"f-productProperties__term\">Couleur du bo\u00eetier Blanc<\/dt>\n<\/dl>\n<dl class=\"f-productProperties__item\">\n<dt class=\"f-productProperties__term\">Mati\u00e8re du bo\u00eetier Polym\u00e8re<\/dt>\n<\/dl>\n<dl class=\"f-productProperties__item\">\n<dt class=\"f-productProperties__term\">OS compatible Android<\/dt>\n<\/dl>\n","protected":false},"featured_media":18244,"comment_status":"open","ping_status":"closed","template":"","meta":[],"product_brand":[],"product_cat":[76],"product_tag":[],"class_list":{"0":"post-18238","1":"product","2":"type-product","3":"status-publish","4":"has-post-thumbnail","6":"product_cat-montre-connectee","8":"first","9":"instock","10":"sale","11":"taxable","12":"shipping-taxable","13":"purchasable","14":"product-type-simple"},"yoast_head":"<!-- This site is optimized with the Yoast SEO plugin v24.8.1 - https:\/\/yoast.com\/wordpress\/plugins\/seo\/ -->\n<title>Montre connect\u00e9e Garmin Forerunner 165 Blanc avec bracelet Blanc et Gris clair - Hexagodis<\/title>\n<meta name=\"robots\" content=\"index, follow, max-snippet:-1, max-image-preview:large, max-video-preview:-1\" \/>\n<link rel=\"canonical\" href=\"https:\/\/hexagodis.com\/index.php\/produit\/montre-connectee-garmin-forerunner-165-blanc-avec-bracelet-blanc-et-gris-clair\/\" \/>\n<meta property=\"og:locale\" content=\"fr_FR\" \/>\n<meta property=\"og:type\" content=\"article\" \/>\n<meta property=\"og:title\" content=\"Montre connect\u00e9e Garmin Forerunner 165 Blanc avec bracelet Blanc et Gris clair - Hexagodis\" \/>\n<meta property=\"og:description\" content=\"Taille du cadran 43mm    Couleur du bo\u00eetier Blanc    Mati\u00e8re du bo\u00eetier Polym\u00e8re    OS compatible Android\" \/>\n<meta property=\"og:url\" content=\"https:\/\/hexagodis.com\/index.php\/produit\/montre-connectee-garmin-forerunner-165-blanc-avec-bracelet-blanc-et-gris-clair\/\" \/>\n<meta property=\"og:site_name\" content=\"Hexagodis\" \/>\n<meta property=\"og:image\" content=\"https:\/\/hexagodis.com\/wp-content\/uploads\/2025\/08\/Montre-connectee-Garmin-Forerunner-165-Blanc-avec-bracelet-Blanc-et-Gris-clair.jpg\" \/>\n\t<meta property=\"og:image:width\" content=\"500\" \/>\n\t<meta property=\"og:image:height\" content=\"500\" \/>\n\t<meta property=\"og:image:type\" content=\"image\/jpeg\" \/>\n<meta name=\"twitter:card\" content=\"summary_large_image\" \/>\n<meta name=\"twitter:label1\" content=\"Dur\u00e9e de lecture estim\u00e9e\" \/>\n\t<meta name=\"twitter:data1\" content=\"2 minutes\" \/>\n<script type=\"application\/ld+json\" class=\"yoast-schema-graph\">{\"@context\":\"https:\/\/schema.org\",\"@graph\":[{\"@type\":\"WebPage\",\"@id\":\"https:\/\/hexagodis.com\/index.php\/produit\/montre-connectee-garmin-forerunner-165-blanc-avec-bracelet-blanc-et-gris-clair\/\",\"url\":\"https:\/\/hexagodis.com\/index.php\/produit\/montre-connectee-garmin-forerunner-165-blanc-avec-bracelet-blanc-et-gris-clair\/\",\"name\":\"Montre connect\u00e9e Garmin Forerunner 165 Blanc avec bracelet Blanc et Gris clair - Hexagodis\",\"isPartOf\":{\"@id\":\"https:\/\/hexagodis.com\/#website\"},\"primaryImageOfPage\":{\"@id\":\"https:\/\/hexagodis.com\/index.php\/produit\/montre-connectee-garmin-forerunner-165-blanc-avec-bracelet-blanc-et-gris-clair\/#primaryimage\"},\"image\":{\"@id\":\"https:\/\/hexagodis.com\/index.php\/produit\/montre-connectee-garmin-forerunner-165-blanc-avec-bracelet-blanc-et-gris-clair\/#primaryimage\"},\"thumbnailUrl\":\"https:\/\/hexagodis.com\/wp-content\/uploads\/2025\/08\/Montre-connectee-Garmin-Forerunner-165-Blanc-avec-bracelet-Blanc-et-Gris-clair.jpg\",\"datePublished\":\"2025-08-25T23:20:13+00:00\",\"breadcrumb\":{\"@id\":\"https:\/\/hexagodis.com\/index.php\/produit\/montre-connectee-garmin-forerunner-165-blanc-avec-bracelet-blanc-et-gris-clair\/#breadcrumb\"},\"inLanguage\":\"fr-FR\",\"potentialAction\":[{\"@type\":\"ReadAction\",\"target\":[\"https:\/\/hexagodis.com\/index.php\/produit\/montre-connectee-garmin-forerunner-165-blanc-avec-bracelet-blanc-et-gris-clair\/\"]}]},{\"@type\":\"ImageObject\",\"inLanguage\":\"fr-FR\",\"@id\":\"https:\/\/hexagodis.com\/index.php\/produit\/montre-connectee-garmin-forerunner-165-blanc-avec-bracelet-blanc-et-gris-clair\/#primaryimage\",\"url\":\"https:\/\/hexagodis.com\/wp-content\/uploads\/2025\/08\/Montre-connectee-Garmin-Forerunner-165-Blanc-avec-bracelet-Blanc-et-Gris-clair.jpg\",\"contentUrl\":\"https:\/\/hexagodis.com\/wp-content\/uploads\/2025\/08\/Montre-connectee-Garmin-Forerunner-165-Blanc-avec-bracelet-Blanc-et-Gris-clair.jpg\",\"width\":500,\"height\":500},{\"@type\":\"BreadcrumbList\",\"@id\":\"https:\/\/hexagodis.com\/index.php\/produit\/montre-connectee-garmin-forerunner-165-blanc-avec-bracelet-blanc-et-gris-clair\/#breadcrumb\",\"itemListElement\":[{\"@type\":\"ListItem\",\"position\":1,\"name\":\"Accueil\",\"item\":\"https:\/\/hexagodis.com\/\"},{\"@type\":\"ListItem\",\"position\":2,\"name\":\"Boutique\",\"item\":\"https:\/\/hexagodis.com\/index.php\/boutique\/\"},{\"@type\":\"ListItem\",\"position\":3,\"name\":\"Montre connect\u00e9e Garmin Forerunner 165 Blanc avec bracelet Blanc et Gris clair\"}]},{\"@type\":\"WebSite\",\"@id\":\"https:\/\/hexagodis.com\/#website\",\"url\":\"https:\/\/hexagodis.com\/\",\"name\":\"Hexagodis\",\"description\":\"Mat\u00e9riel de sport &amp; \u00e9quipement sportif\",\"potentialAction\":[{\"@type\":\"SearchAction\",\"target\":{\"@type\":\"EntryPoint\",\"urlTemplate\":\"https:\/\/hexagodis.com\/?s={search_term_string}\"},\"query-input\":{\"@type\":\"PropertyValueSpecification\",\"valueRequired\":true,\"valueName\":\"search_term_string\"}}],\"inLanguage\":\"fr-FR\"}]}<\/script>\n<!-- \/ Yoast SEO plugin. -->","yoast_head_json":{"title":"Montre connect\u00e9e Garmin Forerunner 165 Blanc avec bracelet Blanc et Gris clair - Hexagodis","robots":{"index":"index","follow":"follow","max-snippet":"max-snippet:-1","max-image-preview":"max-image-preview:large","max-video-preview":"max-video-preview:-1"},"canonical":"https:\/\/hexagodis.com\/index.php\/produit\/montre-connectee-garmin-forerunner-165-blanc-avec-bracelet-blanc-et-gris-clair\/","og_locale":"fr_FR","og_type":"article","og_title":"Montre connect\u00e9e Garmin Forerunner 165 Blanc avec bracelet Blanc et Gris clair - Hexagodis","og_description":"Taille du cadran 43mm    Couleur du bo\u00eetier Blanc    Mati\u00e8re du bo\u00eetier Polym\u00e8re    OS compatible Android","og_url":"https:\/\/hexagodis.com\/index.php\/produit\/montre-connectee-garmin-forerunner-165-blanc-avec-bracelet-blanc-et-gris-clair\/","og_site_name":"Hexagodis","og_image":[{"width":500,"height":500,"url":"https:\/\/hexagodis.com\/wp-content\/uploads\/2025\/08\/Montre-connectee-Garmin-Forerunner-165-Blanc-avec-bracelet-Blanc-et-Gris-clair.jpg","type":"image\/jpeg"}],"twitter_card":"summary_large_image","twitter_misc":{"Dur\u00e9e de lecture estim\u00e9e":"2 minutes"},"schema":{"@context":"https:\/\/schema.org","@graph":[{"@type":"WebPage","@id":"https:\/\/hexagodis.com\/index.php\/produit\/montre-connectee-garmin-forerunner-165-blanc-avec-bracelet-blanc-et-gris-clair\/","url":"https:\/\/hexagodis.com\/index.php\/produit\/montre-connectee-garmin-forerunner-165-blanc-avec-bracelet-blanc-et-gris-clair\/","name":"Montre connect\u00e9e Garmin Forerunner 165 Blanc avec bracelet Blanc et Gris clair - Hexagodis","isPartOf":{"@id":"https:\/\/hexagodis.com\/#website"},"primaryImageOfPage":{"@id":"https:\/\/hexagodis.com\/index.php\/produit\/montre-connectee-garmin-forerunner-165-blanc-avec-bracelet-blanc-et-gris-clair\/#primaryimage"},"image":{"@id":"https:\/\/hexagodis.com\/index.php\/produit\/montre-connectee-garmin-forerunner-165-blanc-avec-bracelet-blanc-et-gris-clair\/#primaryimage"},"thumbnailUrl":"https:\/\/hexagodis.com\/wp-content\/uploads\/2025\/08\/Montre-connectee-Garmin-Forerunner-165-Blanc-avec-bracelet-Blanc-et-Gris-clair.jpg","datePublished":"2025-08-25T23:20:13+00:00","breadcrumb":{"@id":"https:\/\/hexagodis.com\/index.php\/produit\/montre-connectee-garmin-forerunner-165-blanc-avec-bracelet-blanc-et-gris-clair\/#breadcrumb"},"inLanguage":"fr-FR","potentialAction":[{"@type":"ReadAction","target":["https:\/\/hexagodis.com\/index.php\/produit\/montre-connectee-garmin-forerunner-165-blanc-avec-bracelet-blanc-et-gris-clair\/"]}]},{"@type":"ImageObject","inLanguage":"fr-FR","@id":"https:\/\/hexagodis.com\/index.php\/produit\/montre-connectee-garmin-forerunner-165-blanc-avec-bracelet-blanc-et-gris-clair\/#primaryimage","url":"https:\/\/hexagodis.com\/wp-content\/uploads\/2025\/08\/Montre-connectee-Garmin-Forerunner-165-Blanc-avec-bracelet-Blanc-et-Gris-clair.jpg","contentUrl":"https:\/\/hexagodis.com\/wp-content\/uploads\/2025\/08\/Montre-connectee-Garmin-Forerunner-165-Blanc-avec-bracelet-Blanc-et-Gris-clair.jpg","width":500,"height":500},{"@type":"BreadcrumbList","@id":"https:\/\/hexagodis.com\/index.php\/produit\/montre-connectee-garmin-forerunner-165-blanc-avec-bracelet-blanc-et-gris-clair\/#breadcrumb","itemListElement":[{"@type":"ListItem","position":1,"name":"Accueil","item":"https:\/\/hexagodis.com\/"},{"@type":"ListItem","position":2,"name":"Boutique","item":"https:\/\/hexagodis.com\/index.php\/boutique\/"},{"@type":"ListItem","position":3,"name":"Montre connect\u00e9e Garmin Forerunner 165 Blanc avec bracelet Blanc et Gris clair"}]},{"@type":"WebSite","@id":"https:\/\/hexagodis.com\/#website","url":"https:\/\/hexagodis.com\/","name":"Hexagodis","description":"Mat\u00e9riel de sport &amp; \u00e9quipement sportif","potentialAction":[{"@type":"SearchAction","target":{"@type":"EntryPoint","urlTemplate":"https:\/\/hexagodis.com\/?s={search_term_string}"},"query-input":{"@type":"PropertyValueSpecification","valueRequired":true,"valueName":"search_term_string"}}],"inLanguage":"fr-FR"}]}},"_links":{"self":[{"href":"https:\/\/hexagodis.com\/index.php\/wp-json\/wp\/v2\/product\/18238","targetHints":{"allow":["GET"]}}],"collection":[{"href":"https:\/\/hexagodis.com\/index.php\/wp-json\/wp\/v2\/product"}],"about":[{"href":"https:\/\/hexagodis.com\/index.php\/wp-json\/wp\/v2\/types\/product"}],"replies":[{"embeddable":true,"href":"https:\/\/hexagodis.com\/index.php\/wp-json\/wp\/v2\/comments?post=18238"}],"version-history":[{"count":1,"href":"https:\/\/hexagodis.com\/index.php\/wp-json\/wp\/v2\/product\/18238\/revisions"}],"predecessor-version":[{"id":18245,"href":"https:\/\/hexagodis.com\/index.php\/wp-json\/wp\/v2\/product\/18238\/revisions\/18245"}],"wp:featuredmedia":[{"embeddable":true,"href":"https:\/\/hexagodis.com\/index.php\/wp-json\/wp\/v2\/media\/18244"}],"wp:attachment":[{"href":"https:\/\/hexagodis.com\/index.php\/wp-json\/wp\/v2\/media?parent=18238"}],"wp:term":[{"taxonomy":"product_brand","embeddable":true,"href":"https:\/\/hexagodis.com\/index.php\/wp-json\/wp\/v2\/product_brand?post=18238"},{"taxonomy":"product_cat","embeddable":true,"href":"https:\/\/hexagodis.com\/index.php\/wp-json\/wp\/v2\/product_cat?post=18238"},{"taxonomy":"product_tag","embeddable":true,"href":"https:\/\/hexagodis.com\/index.php\/wp-json\/wp\/v2\/product_tag?post=18238"}],"curies":[{"name":"wp","href":"https:\/\/api.w.org\/{rel}","templated":true}]}}