{"id":18216,"date":"2025-08-25T16:42:00","date_gmt":"2025-08-25T14:42:00","guid":{"rendered":"https:\/\/hexagodis.com\/?post_type=product&#038;p=18216"},"modified":"2025-08-25T16:42:00","modified_gmt":"2025-08-25T14:42:00","slug":"aovopro-trottinette-electrique-esbs-avec-siege-et-panier-14-pouces-500w-10-4ah-noir","status":"publish","type":"product","link":"https:\/\/hexagodis.com\/index.php\/produit\/aovopro-trottinette-electrique-esbs-avec-siege-et-panier-14-pouces-500w-10-4ah-noir\/","title":{"rendered":"AOVOPRO Trottinette \u00e9lectrique ESBS Avec Si\u00e8ge et Panier 14 pouces- 500W &#8211; 10.4Ah &#8211; Noir"},"content":{"rendered":"<header class=\"f-productLayer__header\">\n<div class=\"f-productLayer__container\">\n<h2 class=\"f-productLayer__title\" data-automation-id=\"title-characteristics-layer-label\">Caract\u00e9ristiques<\/h2>\n<\/div>\n<\/header>\n<div class=\"f-productLayer__body f-productProperties\">\n<div class=\"f-productLayer__container f-productProperties__container\" data-automation-id=\"simple-characteristics-content-block\">\n<div class=\"js-Expander expander expander--hasIcon collapsed\" data-automation-button=\"expand-characteristics-content-button\" data-automation-content=\"expand-characteristics-content\">\n<div class=\"expander__content\" data-automation-id=\"expand-characteristics-content\" aria-expanded=\"true\">\n<div class=\"f-productProperties__columns\">\n<div class=\"f-productProperties__col\">\n<dl class=\"f-productProperties__item\">\n<dt class=\"f-productProperties__term\">Puissance moteur nominale<\/dt>\n<dd class=\"f-productProperties__definition\" aria-label=\"Liste des Puissance moteur nominale\">350,00 Watts<\/dd>\n<\/dl>\n<dl class=\"f-productProperties__item\">\n<dt class=\"f-productProperties__term\">Pliable<\/dt>\n<dd class=\"f-productProperties__definition\" aria-label=\"Liste des Pliable\">Oui<\/dd>\n<\/dl>\n<dl class=\"f-productProperties__item\">\n<dt class=\"f-productProperties__term\">Vitesse maximale brid\u00e9e<\/dt>\n<dd class=\"f-productProperties__definition\" aria-label=\"Liste des Vitesse maximale brid\u00e9e\">25,00 Km\/h<\/dd>\n<\/dl>\n<dl class=\"f-productProperties__item\">\n<dt class=\"f-productProperties__term\">Position du moteur<\/dt>\n<dd class=\"f-productProperties__definition\" aria-label=\"Liste des Position du moteur\">Arri\u00e8re<\/dd>\n<\/dl>\n<dl class=\"f-productProperties__item\">\n<dt class=\"f-productProperties__term\">Coloris<\/dt>\n<dd class=\"f-productProperties__definition\" aria-label=\"Liste des Coloris\">Noir<\/dd>\n<\/dl>\n<dl class=\"f-productProperties__item\">\n<dt class=\"f-productProperties__term\">Puissance moteur maximale<\/dt>\n<dd class=\"f-productProperties__definition\" aria-label=\"Liste des Puissance moteur maximale\">500,00 Watts<\/dd>\n<\/dl>\n<dl class=\"f-productProperties__item\">\n<dt class=\"f-productProperties__term\">Batterie<\/dt>\n<dd class=\"f-productProperties__definition\" aria-label=\"Liste des Batterie\">48V 10.4Ah<\/dd>\n<\/dl>\n<dl class=\"f-productProperties__item\">\n<dt class=\"f-productProperties__term\">Type de pneu<\/dt>\n<dd class=\"f-productProperties__definition\" aria-label=\"Liste des Type de pneu\">A chambre \u00e0 air<\/dd>\n<\/dl>\n<dl class=\"f-productProperties__item\">\n<dt class=\"f-productProperties__term\">Pente maximale<\/dt>\n<dd class=\"f-productProperties__definition\" aria-label=\"Liste des Pente maximale\">25,00 \u00b0<\/dd>\n<\/dl>\n<dl class=\"f-productProperties__item\">\n<dt class=\"f-productProperties__term\">Syst\u00e8me de Freinage<\/dt>\n<dd class=\"f-productProperties__definition\" aria-label=\"Liste des Syst\u00e8me de Freinage\">A disque<\/dd>\n<\/dl>\n<\/div>\n<div class=\"f-productProperties__col\">\n<dl class=\"f-productProperties__item\">\n<dt class=\"f-productProperties__term\">Couleur<\/dt>\n<dd class=\"f-productProperties__definition\" aria-label=\"Liste des Couleur\">Noir<\/dd>\n<\/dl>\n<dl class=\"f-productProperties__item\">\n<dt class=\"f-productProperties__term\">Fonctionnalit\u00e9s du v\u00e9hicule<\/dt>\n<dd class=\"f-productProperties__definition\" aria-label=\"Liste des Fonctionnalit\u00e9s du v\u00e9hicule\">Suspension<\/dd>\n<\/dl>\n<dl class=\"f-productProperties__item\">\n<dt class=\"f-productProperties__term\">Origine de fabrication<\/dt>\n<dd class=\"f-productProperties__definition\" aria-label=\"Liste des Origine de fabrication\">Fabriqu\u00e9 hors Europe<\/dd>\n<\/dl>\n<dl class=\"f-productProperties__item\">\n<dt class=\"f-productProperties__term\">Disponibilit\u00e9 des pi\u00e8ces d\u00e9tach\u00e9es<\/dt>\n<dd class=\"f-productProperties__definition\" aria-label=\"Liste des Disponibilit\u00e9 des pi\u00e8ces d\u00e9tach\u00e9es\">1 AN<\/dd>\n<\/dl>\n<dl class=\"f-productProperties__item\">\n<dt class=\"f-productProperties__term\">Longueur du produit<\/dt>\n<dd class=\"f-productProperties__definition\" aria-label=\"Liste des Longueur du produit\">120,00 cm<\/dd>\n<\/dl>\n<dl class=\"f-productProperties__item\">\n<dt class=\"f-productProperties__term\">Largeur du produit<\/dt>\n<dd class=\"f-productProperties__definition\" aria-label=\"Liste des Largeur du produit\">50,00 cm<\/dd>\n<\/dl>\n<dl class=\"f-productProperties__item\">\n<dt class=\"f-productProperties__term\">Hauteur du produit<\/dt>\n<dd class=\"f-productProperties__definition\" aria-label=\"Liste des Hauteur du produit\">110,00 cm<\/dd>\n<\/dl>\n<dl class=\"f-productProperties__item\">\n<dt class=\"f-productProperties__term\">Poids du produit<\/dt>\n<dd class=\"f-productProperties__definition\" aria-label=\"Liste des Poids du produit\">23,00 Kg<\/dd>\n<\/dl>\n<\/div>\n<\/div>\n<\/div>\n<\/div>\n<\/div>\n<\/div>\n<p>&nbsp;<\/p>\n<p>&nbsp;<\/p>\n<p>&nbsp;<\/p>\n<p>Sp\u00e9cifications:<\/p>\n<p>Type: Trottinette \u00e9lectrique<\/p>\n<p>Couleur: noir<\/p>\n<p>Vitesse maximale par d\u00e9faut: 25km \/ h<\/p>\n<p>Gamme de kilom\u00e9trage: 30 &#8211; 45km<\/p>\n<p>Batterie: batterie lithium &#8211; ion 48V &#8211; 54.6v<\/p>\n<p>Charge maximale: 120kg<\/p>\n<p>Moteur: 500W<\/p>\n<p>Pneus: pneus pneumatiques de 14 pouces<\/p>\n<p>Temps de charge: 4 &#8211; 5 heures<\/p>\n<p>Freins: Frein \u00e0 disque arri\u00e8re et frein \u00e9lectronique<\/p>\n<p>Poids du produit: 22.5kg<\/p>\n<p>Absorption des chocs: Double absorption hydraulique + absorption par ressort<\/p>\n<p>Panier de rangement amovible: pour faciliter votre vie, nous avons con\u00e7u pour vous un panier de rangement robuste. Vous pouvez toujours le prendre pour l&rsquo;\u00e9picerie et ramasser votre colis sans avoir \u00e0 vous soucier de ne pas avoir de place de stockage.<\/p>\n<p>Support de t\u00e9l\u00e9phone portable: pour faciliter votre navigation, nous vous proposons un support de t\u00e9l\u00e9phone portable afin que vous puissiez suivre votre navigation \u00e0 tout moment.<\/p>\n<p>La s\u00e9curit\u00e9 d&rsquo;abord: les phares \u00e0 haute luminosit\u00e9 et les feux de freinage arri\u00e8re sont vos veilleurs de nuit. Le frein\u00e0 disque efficaces sur le scooter \u00e9lectrique offrent une excellente stabilit\u00e9 et un excellent contr\u00f4le, vous permettant de vous arr\u00eater progressivement et en toute s\u00e9curit\u00e9.<\/p>\n<p>Rapide et durable: le trottinette \u00e9lectrique Aovopro esbs est \u00e9quip\u00e9 d&rsquo;un moteur puissant de 500W et d&rsquo;une batterie longue dur\u00e9e de 48 \u00e0 54,6v, avec une vitesse maximale de 25km \/ h sur une seule charge et une autonomie allant jusqu&rsquo;\u00e0 35km.<\/p>\n<p>Confort de conduite: ce trottinette \u00e9lectrique est \u00e9quip\u00e9 d&rsquo;un si\u00e8ge souple r\u00e9glable, d&rsquo;un double amortisseur hydraulique \u00e0 l&rsquo;avant et d&rsquo;un amortisseur \u00e0 ressort \u00e0 l&rsquo;arri\u00e8re pour ne pas se fatiguer lors de longues promenades. Les pneus \u00e9pais et robustes de 14 pouces absorbent la plupart des chocs et offrent une conduite confortable. Le pont large de 9 pouces offre beaucoup d&rsquo;espace pour vos pieds et m\u00eame vos petits animaux de compagnie.<\/p>\n","protected":false},"excerpt":{"rendered":"<p>Caract\u00e9ristiques Puissance moteur nominale 350,00 Watts Pliable Oui Vitesse maximale brid\u00e9e 25,00 Km\/h Position du moteur Arri\u00e8re Coloris Noir Puissance<\/p>\n","protected":false},"featured_media":18220,"comment_status":"open","ping_status":"closed","template":"","meta":[],"product_brand":[],"product_cat":[223],"product_tag":[],"class_list":{"0":"post-18216","1":"product","2":"type-product","3":"status-publish","4":"has-post-thumbnail","6":"product_cat-trottinette","8":"first","9":"instock","10":"sale","11":"taxable","12":"shipping-taxable","13":"purchasable","14":"product-type-simple"},"yoast_head":"<!-- This site is optimized with the Yoast SEO plugin v24.8.1 - https:\/\/yoast.com\/wordpress\/plugins\/seo\/ -->\n<title>AOVOPRO Trottinette \u00e9lectrique ESBS Avec Si\u00e8ge et Panier 14 pouces- 500W - 10.4Ah - Noir - Hexagodis<\/title>\n<meta name=\"robots\" content=\"index, follow, max-snippet:-1, max-image-preview:large, max-video-preview:-1\" \/>\n<link rel=\"canonical\" href=\"https:\/\/hexagodis.com\/index.php\/produit\/aovopro-trottinette-electrique-esbs-avec-siege-et-panier-14-pouces-500w-10-4ah-noir\/\" \/>\n<meta property=\"og:locale\" content=\"fr_FR\" \/>\n<meta property=\"og:type\" content=\"article\" \/>\n<meta property=\"og:title\" content=\"AOVOPRO Trottinette \u00e9lectrique ESBS Avec Si\u00e8ge et Panier 14 pouces- 500W - 10.4Ah - Noir - Hexagodis\" \/>\n<meta property=\"og:description\" content=\"Caract\u00e9ristiques Puissance moteur nominale 350,00 Watts Pliable Oui Vitesse maximale brid\u00e9e 25,00 Km\/h Position du moteur Arri\u00e8re Coloris Noir Puissance\" \/>\n<meta property=\"og:url\" content=\"https:\/\/hexagodis.com\/index.php\/produit\/aovopro-trottinette-electrique-esbs-avec-siege-et-panier-14-pouces-500w-10-4ah-noir\/\" \/>\n<meta property=\"og:site_name\" content=\"Hexagodis\" \/>\n<meta property=\"og:image\" content=\"https:\/\/hexagodis.com\/wp-content\/uploads\/2025\/08\/17084582-1505-3756-1.jpg\" \/>\n\t<meta property=\"og:image:width\" content=\"800\" \/>\n\t<meta property=\"og:image:height\" content=\"800\" \/>\n\t<meta property=\"og:image:type\" content=\"image\/jpeg\" \/>\n<meta name=\"twitter:card\" content=\"summary_large_image\" \/>\n<meta name=\"twitter:label1\" content=\"Dur\u00e9e de lecture estim\u00e9e\" \/>\n\t<meta name=\"twitter:data1\" content=\"3 minutes\" \/>\n<script type=\"application\/ld+json\" class=\"yoast-schema-graph\">{\"@context\":\"https:\/\/schema.org\",\"@graph\":[{\"@type\":\"WebPage\",\"@id\":\"https:\/\/hexagodis.com\/index.php\/produit\/aovopro-trottinette-electrique-esbs-avec-siege-et-panier-14-pouces-500w-10-4ah-noir\/\",\"url\":\"https:\/\/hexagodis.com\/index.php\/produit\/aovopro-trottinette-electrique-esbs-avec-siege-et-panier-14-pouces-500w-10-4ah-noir\/\",\"name\":\"AOVOPRO Trottinette \u00e9lectrique ESBS Avec Si\u00e8ge et Panier 14 pouces- 500W - 10.4Ah - Noir - Hexagodis\",\"isPartOf\":{\"@id\":\"https:\/\/hexagodis.com\/#website\"},\"primaryImageOfPage\":{\"@id\":\"https:\/\/hexagodis.com\/index.php\/produit\/aovopro-trottinette-electrique-esbs-avec-siege-et-panier-14-pouces-500w-10-4ah-noir\/#primaryimage\"},\"image\":{\"@id\":\"https:\/\/hexagodis.com\/index.php\/produit\/aovopro-trottinette-electrique-esbs-avec-siege-et-panier-14-pouces-500w-10-4ah-noir\/#primaryimage\"},\"thumbnailUrl\":\"https:\/\/hexagodis.com\/wp-content\/uploads\/2025\/08\/17084582-1505-3756-1.jpg\",\"datePublished\":\"2025-08-25T14:42:00+00:00\",\"breadcrumb\":{\"@id\":\"https:\/\/hexagodis.com\/index.php\/produit\/aovopro-trottinette-electrique-esbs-avec-siege-et-panier-14-pouces-500w-10-4ah-noir\/#breadcrumb\"},\"inLanguage\":\"fr-FR\",\"potentialAction\":[{\"@type\":\"ReadAction\",\"target\":[\"https:\/\/hexagodis.com\/index.php\/produit\/aovopro-trottinette-electrique-esbs-avec-siege-et-panier-14-pouces-500w-10-4ah-noir\/\"]}]},{\"@type\":\"ImageObject\",\"inLanguage\":\"fr-FR\",\"@id\":\"https:\/\/hexagodis.com\/index.php\/produit\/aovopro-trottinette-electrique-esbs-avec-siege-et-panier-14-pouces-500w-10-4ah-noir\/#primaryimage\",\"url\":\"https:\/\/hexagodis.com\/wp-content\/uploads\/2025\/08\/17084582-1505-3756-1.jpg\",\"contentUrl\":\"https:\/\/hexagodis.com\/wp-content\/uploads\/2025\/08\/17084582-1505-3756-1.jpg\",\"width\":800,\"height\":800},{\"@type\":\"BreadcrumbList\",\"@id\":\"https:\/\/hexagodis.com\/index.php\/produit\/aovopro-trottinette-electrique-esbs-avec-siege-et-panier-14-pouces-500w-10-4ah-noir\/#breadcrumb\",\"itemListElement\":[{\"@type\":\"ListItem\",\"position\":1,\"name\":\"Accueil\",\"item\":\"https:\/\/hexagodis.com\/\"},{\"@type\":\"ListItem\",\"position\":2,\"name\":\"Boutique\",\"item\":\"https:\/\/hexagodis.com\/index.php\/boutique\/\"},{\"@type\":\"ListItem\",\"position\":3,\"name\":\"AOVOPRO Trottinette \u00e9lectrique ESBS Avec Si\u00e8ge et Panier 14 pouces- 500W &#8211; 10.4Ah &#8211; Noir\"}]},{\"@type\":\"WebSite\",\"@id\":\"https:\/\/hexagodis.com\/#website\",\"url\":\"https:\/\/hexagodis.com\/\",\"name\":\"Hexagodis\",\"description\":\"Mat\u00e9riel de sport &amp; \u00e9quipement sportif\",\"potentialAction\":[{\"@type\":\"SearchAction\",\"target\":{\"@type\":\"EntryPoint\",\"urlTemplate\":\"https:\/\/hexagodis.com\/?s={search_term_string}\"},\"query-input\":{\"@type\":\"PropertyValueSpecification\",\"valueRequired\":true,\"valueName\":\"search_term_string\"}}],\"inLanguage\":\"fr-FR\"}]}<\/script>\n<!-- \/ Yoast SEO plugin. -->","yoast_head_json":{"title":"AOVOPRO Trottinette \u00e9lectrique ESBS Avec Si\u00e8ge et Panier 14 pouces- 500W - 10.4Ah - Noir - Hexagodis","robots":{"index":"index","follow":"follow","max-snippet":"max-snippet:-1","max-image-preview":"max-image-preview:large","max-video-preview":"max-video-preview:-1"},"canonical":"https:\/\/hexagodis.com\/index.php\/produit\/aovopro-trottinette-electrique-esbs-avec-siege-et-panier-14-pouces-500w-10-4ah-noir\/","og_locale":"fr_FR","og_type":"article","og_title":"AOVOPRO Trottinette \u00e9lectrique ESBS Avec Si\u00e8ge et Panier 14 pouces- 500W - 10.4Ah - Noir - Hexagodis","og_description":"Caract\u00e9ristiques Puissance moteur nominale 350,00 Watts Pliable Oui Vitesse maximale brid\u00e9e 25,00 Km\/h Position du moteur Arri\u00e8re Coloris Noir Puissance","og_url":"https:\/\/hexagodis.com\/index.php\/produit\/aovopro-trottinette-electrique-esbs-avec-siege-et-panier-14-pouces-500w-10-4ah-noir\/","og_site_name":"Hexagodis","og_image":[{"width":800,"height":800,"url":"https:\/\/hexagodis.com\/wp-content\/uploads\/2025\/08\/17084582-1505-3756-1.jpg","type":"image\/jpeg"}],"twitter_card":"summary_large_image","twitter_misc":{"Dur\u00e9e de lecture estim\u00e9e":"3 minutes"},"schema":{"@context":"https:\/\/schema.org","@graph":[{"@type":"WebPage","@id":"https:\/\/hexagodis.com\/index.php\/produit\/aovopro-trottinette-electrique-esbs-avec-siege-et-panier-14-pouces-500w-10-4ah-noir\/","url":"https:\/\/hexagodis.com\/index.php\/produit\/aovopro-trottinette-electrique-esbs-avec-siege-et-panier-14-pouces-500w-10-4ah-noir\/","name":"AOVOPRO Trottinette \u00e9lectrique ESBS Avec Si\u00e8ge et Panier 14 pouces- 500W - 10.4Ah - Noir - Hexagodis","isPartOf":{"@id":"https:\/\/hexagodis.com\/#website"},"primaryImageOfPage":{"@id":"https:\/\/hexagodis.com\/index.php\/produit\/aovopro-trottinette-electrique-esbs-avec-siege-et-panier-14-pouces-500w-10-4ah-noir\/#primaryimage"},"image":{"@id":"https:\/\/hexagodis.com\/index.php\/produit\/aovopro-trottinette-electrique-esbs-avec-siege-et-panier-14-pouces-500w-10-4ah-noir\/#primaryimage"},"thumbnailUrl":"https:\/\/hexagodis.com\/wp-content\/uploads\/2025\/08\/17084582-1505-3756-1.jpg","datePublished":"2025-08-25T14:42:00+00:00","breadcrumb":{"@id":"https:\/\/hexagodis.com\/index.php\/produit\/aovopro-trottinette-electrique-esbs-avec-siege-et-panier-14-pouces-500w-10-4ah-noir\/#breadcrumb"},"inLanguage":"fr-FR","potentialAction":[{"@type":"ReadAction","target":["https:\/\/hexagodis.com\/index.php\/produit\/aovopro-trottinette-electrique-esbs-avec-siege-et-panier-14-pouces-500w-10-4ah-noir\/"]}]},{"@type":"ImageObject","inLanguage":"fr-FR","@id":"https:\/\/hexagodis.com\/index.php\/produit\/aovopro-trottinette-electrique-esbs-avec-siege-et-panier-14-pouces-500w-10-4ah-noir\/#primaryimage","url":"https:\/\/hexagodis.com\/wp-content\/uploads\/2025\/08\/17084582-1505-3756-1.jpg","contentUrl":"https:\/\/hexagodis.com\/wp-content\/uploads\/2025\/08\/17084582-1505-3756-1.jpg","width":800,"height":800},{"@type":"BreadcrumbList","@id":"https:\/\/hexagodis.com\/index.php\/produit\/aovopro-trottinette-electrique-esbs-avec-siege-et-panier-14-pouces-500w-10-4ah-noir\/#breadcrumb","itemListElement":[{"@type":"ListItem","position":1,"name":"Accueil","item":"https:\/\/hexagodis.com\/"},{"@type":"ListItem","position":2,"name":"Boutique","item":"https:\/\/hexagodis.com\/index.php\/boutique\/"},{"@type":"ListItem","position":3,"name":"AOVOPRO Trottinette \u00e9lectrique ESBS Avec Si\u00e8ge et Panier 14 pouces- 500W &#8211; 10.4Ah &#8211; Noir"}]},{"@type":"WebSite","@id":"https:\/\/hexagodis.com\/#website","url":"https:\/\/hexagodis.com\/","name":"Hexagodis","description":"Mat\u00e9riel de sport &amp; \u00e9quipement sportif","potentialAction":[{"@type":"SearchAction","target":{"@type":"EntryPoint","urlTemplate":"https:\/\/hexagodis.com\/?s={search_term_string}"},"query-input":{"@type":"PropertyValueSpecification","valueRequired":true,"valueName":"search_term_string"}}],"inLanguage":"fr-FR"}]}},"_links":{"self":[{"href":"https:\/\/hexagodis.com\/index.php\/wp-json\/wp\/v2\/product\/18216","targetHints":{"allow":["GET"]}}],"collection":[{"href":"https:\/\/hexagodis.com\/index.php\/wp-json\/wp\/v2\/product"}],"about":[{"href":"https:\/\/hexagodis.com\/index.php\/wp-json\/wp\/v2\/types\/product"}],"replies":[{"embeddable":true,"href":"https:\/\/hexagodis.com\/index.php\/wp-json\/wp\/v2\/comments?post=18216"}],"version-history":[{"count":1,"href":"https:\/\/hexagodis.com\/index.php\/wp-json\/wp\/v2\/product\/18216\/revisions"}],"predecessor-version":[{"id":18221,"href":"https:\/\/hexagodis.com\/index.php\/wp-json\/wp\/v2\/product\/18216\/revisions\/18221"}],"wp:featuredmedia":[{"embeddable":true,"href":"https:\/\/hexagodis.com\/index.php\/wp-json\/wp\/v2\/media\/18220"}],"wp:attachment":[{"href":"https:\/\/hexagodis.com\/index.php\/wp-json\/wp\/v2\/media?parent=18216"}],"wp:term":[{"taxonomy":"product_brand","embeddable":true,"href":"https:\/\/hexagodis.com\/index.php\/wp-json\/wp\/v2\/product_brand?post=18216"},{"taxonomy":"product_cat","embeddable":true,"href":"https:\/\/hexagodis.com\/index.php\/wp-json\/wp\/v2\/product_cat?post=18216"},{"taxonomy":"product_tag","embeddable":true,"href":"https:\/\/hexagodis.com\/index.php\/wp-json\/wp\/v2\/product_tag?post=18216"}],"curies":[{"name":"wp","href":"https:\/\/api.w.org\/{rel}","templated":true}]}}