{"id":18202,"date":"2025-08-25T15:49:36","date_gmt":"2025-08-25T13:49:36","guid":{"rendered":"https:\/\/hexagodis.com\/?post_type=product&#038;p=18202"},"modified":"2025-08-25T15:49:37","modified_gmt":"2025-08-25T13:49:37","slug":"evercross-tech-velo-electrique-ek5-batterie-amovible-moteur-250w-freins-double-adulte","status":"publish","type":"product","link":"https:\/\/hexagodis.com\/index.php\/produit\/evercross-tech-velo-electrique-ek5-batterie-amovible-moteur-250w-freins-double-adulte\/","title":{"rendered":"EVERCROSS TECH V\u00e9lo \u00e9lectrique EK5- Batterie amovible Moteur 250W Freins Double Adulte"},"content":{"rendered":"<header class=\"f-productLayer__header\">\n<div class=\"f-productLayer__container\">\n<p data-automation-id=\"title-characteristics-layer-label\">EVERCROSS\u00a0TECH\u00a0EK5\u00a0V\u00e9lo\u00a0Electrique\u00a016\u2033\u00a0Gros\u00a0Pneus-250W\u00a0\u00e9lectrique\u00a0Pliable\u00a0d\u2019assistance\u00a0\u00e0\u00a0la\u00a0p\u00e9dale\u00a0\u00a0Freins\u00a0\u00e0\u00a0Double\u00a0Disque,\u00a0V\u00e9lo\u00a0\u00e0\u00a0Assistance\u00a0pour\u00a0Adolescent\u00a0et\u00a0Adulte<\/p>\n<h2 class=\"f-productLayer__title\" data-automation-id=\"title-characteristics-layer-label\">Caract\u00e9ristiques<\/h2>\n<\/div>\n<\/header>\n<div class=\"f-productLayer__body f-productProperties\">\n<div class=\"f-productLayer__container f-productProperties__container\" data-automation-id=\"simple-characteristics-content-block\">\n<div class=\"js-Expander expander expander--hasIcon collapsed\" data-automation-button=\"expand-characteristics-content-button\" data-automation-content=\"expand-characteristics-content\">\n<div class=\"expander__content\" data-automation-id=\"expand-characteristics-content\" aria-expanded=\"true\">\n<div class=\"f-productProperties__columns\">\n<div class=\"f-productProperties__col\">\n<dl class=\"f-productProperties__item\">\n<dt class=\"f-productProperties__term\">Type de v\u00e9lo<\/dt>\n<dd class=\"f-productProperties__definition\" aria-label=\"Liste des Type de v\u00e9lo\">Ville<\/dd>\n<\/dl>\n<dl class=\"f-productProperties__item\">\n<dt class=\"f-productProperties__term\">Pliable<\/dt>\n<dd class=\"f-productProperties__definition\" aria-label=\"Liste des Pliable\">Oui<\/dd>\n<\/dl>\n<dl class=\"f-productProperties__item\">\n<dt class=\"f-productProperties__term\">Puissance moteur nominale<\/dt>\n<dd class=\"f-productProperties__definition\" aria-label=\"Liste des Puissance moteur nominale\">250,00 Watts<\/dd>\n<\/dl>\n<dl class=\"f-productProperties__item\">\n<dt class=\"f-productProperties__term\">Puissance moteur maximale<\/dt>\n<dd class=\"f-productProperties__definition\" aria-label=\"Liste des Puissance moteur maximale\">250,00 Watts<\/dd>\n<\/dl>\n<dl class=\"f-productProperties__item\">\n<dt class=\"f-productProperties__term\">Position du moteur<\/dt>\n<dd class=\"f-productProperties__definition\" aria-label=\"Liste des Position du moteur\">Arri\u00e8re<\/dd>\n<\/dl>\n<dl class=\"f-productProperties__item\">\n<dt class=\"f-productProperties__term\">Type de moteur<\/dt>\n<dd class=\"f-productProperties__definition\" aria-label=\"Liste des Type de moteur\">\u00e9lectrique<\/dd>\n<\/dl>\n<dl class=\"f-productProperties__item\">\n<dt class=\"f-productProperties__term\">Autonomie maximale<\/dt>\n<dd class=\"f-productProperties__definition\" aria-label=\"Liste des Autonomie maximale\">45,00 Km<\/dd>\n<\/dl>\n<dl class=\"f-productProperties__item\">\n<dt class=\"f-productProperties__term\">Temps de charge de la batterie<\/dt>\n<dd class=\"f-productProperties__definition\" aria-label=\"Liste des Temps de charge de la batterie\">4,00 Heures<\/dd>\n<\/dl>\n<dl class=\"f-productProperties__item\">\n<dt class=\"f-productProperties__term\">Fonctionnalit\u00e9s du v\u00e9hicule<\/dt>\n<dd class=\"f-productProperties__definition\" aria-label=\"Liste des Fonctionnalit\u00e9s du v\u00e9hicule\">Batterie amovible<\/dd>\n<\/dl>\n<dl class=\"f-productProperties__item\">\n<dt class=\"f-productProperties__term\">Mati\u00e8re du cadre<\/dt>\n<dd class=\"f-productProperties__definition\" aria-label=\"Liste des Mati\u00e8re du cadre\">Acier<\/dd>\n<\/dl>\n<dl class=\"f-productProperties__item\">\n<dt class=\"f-productProperties__term\">Suspension<\/dt>\n<dd class=\"f-productProperties__definition\" aria-label=\"Liste des Suspension\">Tout suspendu<\/dd>\n<\/dl>\n<dl class=\"f-productProperties__item\">\n<dt class=\"f-productProperties__term\">Syst\u00e8me de Freinage<\/dt>\n<dd class=\"f-productProperties__definition\" aria-label=\"Liste des Syst\u00e8me de Freinage\">A disque<\/dd>\n<\/dl>\n<dl class=\"f-productProperties__item\">\n<dt class=\"f-productProperties__term\">Taille des roues<\/dt>\n<dd class=\"f-productProperties__definition\" aria-label=\"Liste des Taille des roues\">16,00 \u00ab\u00a0<\/dd>\n<\/dl>\n<dl class=\"f-productProperties__item\">\n<dt class=\"f-productProperties__term\">Type de pneu<\/dt>\n<dd class=\"f-productProperties__definition\" aria-label=\"Liste des Type de pneu\">A chambre \u00e0 air<\/dd>\n<\/dl>\n<dl class=\"f-productProperties__item\">\n<dt class=\"f-productProperties__term\">Coloris<\/dt>\n<dd class=\"f-productProperties__definition\" aria-label=\"Liste des Coloris\">Blanc<\/dd>\n<\/dl>\n<dl class=\"f-productProperties__item\">\n<dt class=\"f-productProperties__term\">Couleur<\/dt>\n<dd class=\"f-productProperties__definition\" aria-label=\"Liste des Couleur\">Blanc<\/dd>\n<\/dl>\n<\/div>\n<div class=\"f-productProperties__col\">\n<dl class=\"f-productProperties__item\">\n<dt class=\"f-productProperties__term\">Type de public<\/dt>\n<dd class=\"f-productProperties__definition\" aria-label=\"Liste des Type de public\">Adulte<\/dd>\n<\/dl>\n<dl class=\"f-productProperties__item\">\n<dt class=\"f-productProperties__term\">Charge maximale support\u00e9e<\/dt>\n<dd class=\"f-productProperties__definition\" aria-label=\"Liste des Charge maximale support\u00e9e\">120,00 Kg<\/dd>\n<\/dl>\n<dl class=\"f-productProperties__item\">\n<dt class=\"f-productProperties__term\">Accessoires fournis<\/dt>\n<dd class=\"f-productProperties__definition\" aria-label=\"Liste des Accessoires fournis\">Oui<\/dd>\n<\/dl>\n<dl class=\"f-productProperties__item\">\n<dt class=\"f-productProperties__term\">Equipement inclus<\/dt>\n<dd class=\"f-productProperties__definition\" aria-label=\"Liste des Equipement inclus\">Antivol<\/dd>\n<\/dl>\n<dl class=\"f-productProperties__item\">\n<dt class=\"f-productProperties__term\">Disponibilit\u00e9 des pi\u00e8ces d\u00e9tach\u00e9es<\/dt>\n<dd class=\"f-productProperties__definition\" aria-label=\"Liste des Disponibilit\u00e9 des pi\u00e8ces d\u00e9tach\u00e9es\">disponible<\/dd>\n<\/dl>\n<dl class=\"f-productProperties__item\">\n<dt class=\"f-productProperties__term\">Disponibilit\u00e9 des pi\u00e8ces d\u00e9tach\u00e9es<\/dt>\n<dd class=\"f-productProperties__definition\" aria-label=\"Liste des Disponibilit\u00e9 des pi\u00e8ces d\u00e9tach\u00e9es\">2 ANS<\/dd>\n<\/dl>\n<dl class=\"f-productProperties__item\">\n<dt class=\"f-productProperties__term\">Longueur du produit<\/dt>\n<dd class=\"f-productProperties__definition\" aria-label=\"Liste des Longueur du produit\">139,00 cm<\/dd>\n<\/dl>\n<dl class=\"f-productProperties__item\">\n<dt class=\"f-productProperties__term\">Largeur du produit<\/dt>\n<dd class=\"f-productProperties__definition\" aria-label=\"Liste des Largeur du produit\">53,00 cm<\/dd>\n<\/dl>\n<dl class=\"f-productProperties__item\">\n<dt class=\"f-productProperties__term\">Hauteur du produit<\/dt>\n<dd class=\"f-productProperties__definition\" aria-label=\"Liste des Hauteur du produit\">104,00 cm<\/dd>\n<\/dl>\n<dl class=\"f-productProperties__item\">\n<dt class=\"f-productProperties__term\">Poids du produit<\/dt>\n<dd class=\"f-productProperties__definition\" aria-label=\"Liste des Poids du produit\">29,00 Kg<\/dd>\n<\/dl>\n<dl class=\"f-productProperties__item\">\n<dt class=\"f-productProperties__term\">Point fort 1<\/dt>\n<dd class=\"f-productProperties__definition\" aria-label=\"Liste des Point fort 1\">Freins \u00e0 double disque<\/dd>\n<\/dl>\n<dl class=\"f-productProperties__item\">\n<dt class=\"f-productProperties__term\">Point fort 2<\/dt>\n<dd class=\"f-productProperties__definition\" aria-label=\"Liste des Point fort 2\">Design pliable<\/dd>\n<\/dl>\n<dl class=\"f-productProperties__item\">\n<dt class=\"f-productProperties__term\">Point fort 3<\/dt>\n<dd class=\"f-productProperties__definition\" aria-label=\"Liste des Point fort 3\">Batterie amovible 7,8Ah<\/dd>\n<\/dl>\n<dl class=\"f-productProperties__item\">\n<dt class=\"f-productProperties__term\">Point fort 4<\/dt>\n<dd class=\"f-productProperties__definition\" aria-label=\"Liste des Point fort 4\">\u00c9cran LCD intelligent<\/dd>\n<\/dl>\n<\/div>\n<\/div>\n<\/div>\n<\/div>\n<\/div>\n<\/div>\n","protected":false},"excerpt":{"rendered":"<p>EVERCROSS\u00a0TECH\u00a0EK5\u00a0V\u00e9lo\u00a0Electrique\u00a016\u2033\u00a0Gros\u00a0Pneus-250W\u00a0\u00e9lectrique\u00a0Pliable\u00a0d\u2019assistance\u00a0\u00e0\u00a0la\u00a0p\u00e9dale\u00a0\u00a0Freins\u00a0\u00e0\u00a0Double\u00a0Disque,\u00a0V\u00e9lo\u00a0\u00e0\u00a0Assistance\u00a0pour\u00a0Adolescent\u00a0et\u00a0Adulte Caract\u00e9ristiques Type de v\u00e9lo Ville Pliable Oui Puissance moteur nominale 250,00 Watts Puissance moteur maximale 250,00 Watts Position du<\/p>\n","protected":false},"featured_media":18206,"comment_status":"open","ping_status":"closed","template":"","meta":[],"product_brand":[],"product_cat":[78],"product_tag":[],"class_list":{"0":"post-18202","1":"product","2":"type-product","3":"status-publish","4":"has-post-thumbnail","6":"product_cat-velos-electriques","8":"first","9":"instock","10":"sale","11":"taxable","12":"shipping-taxable","13":"purchasable","14":"product-type-simple"},"yoast_head":"<!-- This site is optimized with the Yoast SEO plugin v24.8.1 - https:\/\/yoast.com\/wordpress\/plugins\/seo\/ -->\n<title>EVERCROSS TECH V\u00e9lo \u00e9lectrique EK5- Batterie amovible Moteur 250W Freins Double Adulte - Hexagodis<\/title>\n<meta name=\"robots\" content=\"index, follow, max-snippet:-1, max-image-preview:large, max-video-preview:-1\" \/>\n<link rel=\"canonical\" href=\"https:\/\/hexagodis.com\/index.php\/produit\/evercross-tech-velo-electrique-ek5-batterie-amovible-moteur-250w-freins-double-adulte\/\" \/>\n<meta property=\"og:locale\" content=\"fr_FR\" \/>\n<meta property=\"og:type\" content=\"article\" \/>\n<meta property=\"og:title\" content=\"EVERCROSS TECH V\u00e9lo \u00e9lectrique EK5- Batterie amovible Moteur 250W Freins Double Adulte - Hexagodis\" \/>\n<meta property=\"og:description\" content=\"EVERCROSS\u00a0TECH\u00a0EK5\u00a0V\u00e9lo\u00a0Electrique\u00a016\u2033\u00a0Gros\u00a0Pneus-250W\u00a0\u00e9lectrique\u00a0Pliable\u00a0d\u2019assistance\u00a0\u00e0\u00a0la\u00a0p\u00e9dale\u00a0\u00a0Freins\u00a0\u00e0\u00a0Double\u00a0Disque,\u00a0V\u00e9lo\u00a0\u00e0\u00a0Assistance\u00a0pour\u00a0Adolescent\u00a0et\u00a0Adulte Caract\u00e9ristiques Type de v\u00e9lo Ville Pliable Oui Puissance moteur nominale 250,00 Watts Puissance moteur maximale 250,00 Watts Position du\" \/>\n<meta property=\"og:url\" content=\"https:\/\/hexagodis.com\/index.php\/produit\/evercross-tech-velo-electrique-ek5-batterie-amovible-moteur-250w-freins-double-adulte\/\" \/>\n<meta property=\"og:site_name\" content=\"Hexagodis\" \/>\n<meta property=\"article:modified_time\" content=\"2025-08-25T13:49:37+00:00\" \/>\n<meta property=\"og:image\" content=\"https:\/\/hexagodis.com\/wp-content\/uploads\/2025\/08\/23578386-1505-3756-1.jpg\" \/>\n\t<meta property=\"og:image:width\" content=\"1600\" \/>\n\t<meta property=\"og:image:height\" content=\"1600\" \/>\n\t<meta property=\"og:image:type\" content=\"image\/jpeg\" \/>\n<meta name=\"twitter:card\" content=\"summary_large_image\" \/>\n<meta name=\"twitter:label1\" content=\"Dur\u00e9e de lecture estim\u00e9e\" \/>\n\t<meta name=\"twitter:data1\" content=\"2 minutes\" \/>\n<script type=\"application\/ld+json\" class=\"yoast-schema-graph\">{\"@context\":\"https:\/\/schema.org\",\"@graph\":[{\"@type\":\"WebPage\",\"@id\":\"https:\/\/hexagodis.com\/index.php\/produit\/evercross-tech-velo-electrique-ek5-batterie-amovible-moteur-250w-freins-double-adulte\/\",\"url\":\"https:\/\/hexagodis.com\/index.php\/produit\/evercross-tech-velo-electrique-ek5-batterie-amovible-moteur-250w-freins-double-adulte\/\",\"name\":\"EVERCROSS TECH V\u00e9lo \u00e9lectrique EK5- Batterie amovible Moteur 250W Freins Double Adulte - Hexagodis\",\"isPartOf\":{\"@id\":\"https:\/\/hexagodis.com\/#website\"},\"primaryImageOfPage\":{\"@id\":\"https:\/\/hexagodis.com\/index.php\/produit\/evercross-tech-velo-electrique-ek5-batterie-amovible-moteur-250w-freins-double-adulte\/#primaryimage\"},\"image\":{\"@id\":\"https:\/\/hexagodis.com\/index.php\/produit\/evercross-tech-velo-electrique-ek5-batterie-amovible-moteur-250w-freins-double-adulte\/#primaryimage\"},\"thumbnailUrl\":\"https:\/\/hexagodis.com\/wp-content\/uploads\/2025\/08\/23578386-1505-3756-1.jpg\",\"datePublished\":\"2025-08-25T13:49:36+00:00\",\"dateModified\":\"2025-08-25T13:49:37+00:00\",\"breadcrumb\":{\"@id\":\"https:\/\/hexagodis.com\/index.php\/produit\/evercross-tech-velo-electrique-ek5-batterie-amovible-moteur-250w-freins-double-adulte\/#breadcrumb\"},\"inLanguage\":\"fr-FR\",\"potentialAction\":[{\"@type\":\"ReadAction\",\"target\":[\"https:\/\/hexagodis.com\/index.php\/produit\/evercross-tech-velo-electrique-ek5-batterie-amovible-moteur-250w-freins-double-adulte\/\"]}]},{\"@type\":\"ImageObject\",\"inLanguage\":\"fr-FR\",\"@id\":\"https:\/\/hexagodis.com\/index.php\/produit\/evercross-tech-velo-electrique-ek5-batterie-amovible-moteur-250w-freins-double-adulte\/#primaryimage\",\"url\":\"https:\/\/hexagodis.com\/wp-content\/uploads\/2025\/08\/23578386-1505-3756-1.jpg\",\"contentUrl\":\"https:\/\/hexagodis.com\/wp-content\/uploads\/2025\/08\/23578386-1505-3756-1.jpg\",\"width\":1600,\"height\":1600},{\"@type\":\"BreadcrumbList\",\"@id\":\"https:\/\/hexagodis.com\/index.php\/produit\/evercross-tech-velo-electrique-ek5-batterie-amovible-moteur-250w-freins-double-adulte\/#breadcrumb\",\"itemListElement\":[{\"@type\":\"ListItem\",\"position\":1,\"name\":\"Accueil\",\"item\":\"https:\/\/hexagodis.com\/\"},{\"@type\":\"ListItem\",\"position\":2,\"name\":\"Boutique\",\"item\":\"https:\/\/hexagodis.com\/index.php\/boutique\/\"},{\"@type\":\"ListItem\",\"position\":3,\"name\":\"EVERCROSS TECH V\u00e9lo \u00e9lectrique EK5- Batterie amovible Moteur 250W Freins Double Adulte\"}]},{\"@type\":\"WebSite\",\"@id\":\"https:\/\/hexagodis.com\/#website\",\"url\":\"https:\/\/hexagodis.com\/\",\"name\":\"Hexagodis\",\"description\":\"Mat\u00e9riel de sport &amp; \u00e9quipement sportif\",\"potentialAction\":[{\"@type\":\"SearchAction\",\"target\":{\"@type\":\"EntryPoint\",\"urlTemplate\":\"https:\/\/hexagodis.com\/?s={search_term_string}\"},\"query-input\":{\"@type\":\"PropertyValueSpecification\",\"valueRequired\":true,\"valueName\":\"search_term_string\"}}],\"inLanguage\":\"fr-FR\"}]}<\/script>\n<!-- \/ Yoast SEO plugin. -->","yoast_head_json":{"title":"EVERCROSS TECH V\u00e9lo \u00e9lectrique EK5- Batterie amovible Moteur 250W Freins Double Adulte - Hexagodis","robots":{"index":"index","follow":"follow","max-snippet":"max-snippet:-1","max-image-preview":"max-image-preview:large","max-video-preview":"max-video-preview:-1"},"canonical":"https:\/\/hexagodis.com\/index.php\/produit\/evercross-tech-velo-electrique-ek5-batterie-amovible-moteur-250w-freins-double-adulte\/","og_locale":"fr_FR","og_type":"article","og_title":"EVERCROSS TECH V\u00e9lo \u00e9lectrique EK5- Batterie amovible Moteur 250W Freins Double Adulte - Hexagodis","og_description":"EVERCROSS\u00a0TECH\u00a0EK5\u00a0V\u00e9lo\u00a0Electrique\u00a016\u2033\u00a0Gros\u00a0Pneus-250W\u00a0\u00e9lectrique\u00a0Pliable\u00a0d\u2019assistance\u00a0\u00e0\u00a0la\u00a0p\u00e9dale\u00a0\u00a0Freins\u00a0\u00e0\u00a0Double\u00a0Disque,\u00a0V\u00e9lo\u00a0\u00e0\u00a0Assistance\u00a0pour\u00a0Adolescent\u00a0et\u00a0Adulte Caract\u00e9ristiques Type de v\u00e9lo Ville Pliable Oui Puissance moteur nominale 250,00 Watts Puissance moteur maximale 250,00 Watts Position du","og_url":"https:\/\/hexagodis.com\/index.php\/produit\/evercross-tech-velo-electrique-ek5-batterie-amovible-moteur-250w-freins-double-adulte\/","og_site_name":"Hexagodis","article_modified_time":"2025-08-25T13:49:37+00:00","og_image":[{"width":1600,"height":1600,"url":"https:\/\/hexagodis.com\/wp-content\/uploads\/2025\/08\/23578386-1505-3756-1.jpg","type":"image\/jpeg"}],"twitter_card":"summary_large_image","twitter_misc":{"Dur\u00e9e de lecture estim\u00e9e":"2 minutes"},"schema":{"@context":"https:\/\/schema.org","@graph":[{"@type":"WebPage","@id":"https:\/\/hexagodis.com\/index.php\/produit\/evercross-tech-velo-electrique-ek5-batterie-amovible-moteur-250w-freins-double-adulte\/","url":"https:\/\/hexagodis.com\/index.php\/produit\/evercross-tech-velo-electrique-ek5-batterie-amovible-moteur-250w-freins-double-adulte\/","name":"EVERCROSS TECH V\u00e9lo \u00e9lectrique EK5- Batterie amovible Moteur 250W Freins Double Adulte - Hexagodis","isPartOf":{"@id":"https:\/\/hexagodis.com\/#website"},"primaryImageOfPage":{"@id":"https:\/\/hexagodis.com\/index.php\/produit\/evercross-tech-velo-electrique-ek5-batterie-amovible-moteur-250w-freins-double-adulte\/#primaryimage"},"image":{"@id":"https:\/\/hexagodis.com\/index.php\/produit\/evercross-tech-velo-electrique-ek5-batterie-amovible-moteur-250w-freins-double-adulte\/#primaryimage"},"thumbnailUrl":"https:\/\/hexagodis.com\/wp-content\/uploads\/2025\/08\/23578386-1505-3756-1.jpg","datePublished":"2025-08-25T13:49:36+00:00","dateModified":"2025-08-25T13:49:37+00:00","breadcrumb":{"@id":"https:\/\/hexagodis.com\/index.php\/produit\/evercross-tech-velo-electrique-ek5-batterie-amovible-moteur-250w-freins-double-adulte\/#breadcrumb"},"inLanguage":"fr-FR","potentialAction":[{"@type":"ReadAction","target":["https:\/\/hexagodis.com\/index.php\/produit\/evercross-tech-velo-electrique-ek5-batterie-amovible-moteur-250w-freins-double-adulte\/"]}]},{"@type":"ImageObject","inLanguage":"fr-FR","@id":"https:\/\/hexagodis.com\/index.php\/produit\/evercross-tech-velo-electrique-ek5-batterie-amovible-moteur-250w-freins-double-adulte\/#primaryimage","url":"https:\/\/hexagodis.com\/wp-content\/uploads\/2025\/08\/23578386-1505-3756-1.jpg","contentUrl":"https:\/\/hexagodis.com\/wp-content\/uploads\/2025\/08\/23578386-1505-3756-1.jpg","width":1600,"height":1600},{"@type":"BreadcrumbList","@id":"https:\/\/hexagodis.com\/index.php\/produit\/evercross-tech-velo-electrique-ek5-batterie-amovible-moteur-250w-freins-double-adulte\/#breadcrumb","itemListElement":[{"@type":"ListItem","position":1,"name":"Accueil","item":"https:\/\/hexagodis.com\/"},{"@type":"ListItem","position":2,"name":"Boutique","item":"https:\/\/hexagodis.com\/index.php\/boutique\/"},{"@type":"ListItem","position":3,"name":"EVERCROSS TECH V\u00e9lo \u00e9lectrique EK5- Batterie amovible Moteur 250W Freins Double Adulte"}]},{"@type":"WebSite","@id":"https:\/\/hexagodis.com\/#website","url":"https:\/\/hexagodis.com\/","name":"Hexagodis","description":"Mat\u00e9riel de sport &amp; \u00e9quipement sportif","potentialAction":[{"@type":"SearchAction","target":{"@type":"EntryPoint","urlTemplate":"https:\/\/hexagodis.com\/?s={search_term_string}"},"query-input":{"@type":"PropertyValueSpecification","valueRequired":true,"valueName":"search_term_string"}}],"inLanguage":"fr-FR"}]}},"_links":{"self":[{"href":"https:\/\/hexagodis.com\/index.php\/wp-json\/wp\/v2\/product\/18202","targetHints":{"allow":["GET"]}}],"collection":[{"href":"https:\/\/hexagodis.com\/index.php\/wp-json\/wp\/v2\/product"}],"about":[{"href":"https:\/\/hexagodis.com\/index.php\/wp-json\/wp\/v2\/types\/product"}],"replies":[{"embeddable":true,"href":"https:\/\/hexagodis.com\/index.php\/wp-json\/wp\/v2\/comments?post=18202"}],"version-history":[{"count":1,"href":"https:\/\/hexagodis.com\/index.php\/wp-json\/wp\/v2\/product\/18202\/revisions"}],"predecessor-version":[{"id":18207,"href":"https:\/\/hexagodis.com\/index.php\/wp-json\/wp\/v2\/product\/18202\/revisions\/18207"}],"wp:featuredmedia":[{"embeddable":true,"href":"https:\/\/hexagodis.com\/index.php\/wp-json\/wp\/v2\/media\/18206"}],"wp:attachment":[{"href":"https:\/\/hexagodis.com\/index.php\/wp-json\/wp\/v2\/media?parent=18202"}],"wp:term":[{"taxonomy":"product_brand","embeddable":true,"href":"https:\/\/hexagodis.com\/index.php\/wp-json\/wp\/v2\/product_brand?post=18202"},{"taxonomy":"product_cat","embeddable":true,"href":"https:\/\/hexagodis.com\/index.php\/wp-json\/wp\/v2\/product_cat?post=18202"},{"taxonomy":"product_tag","embeddable":true,"href":"https:\/\/hexagodis.com\/index.php\/wp-json\/wp\/v2\/product_tag?post=18202"}],"curies":[{"name":"wp","href":"https:\/\/api.w.org\/{rel}","templated":true}]}}