{"id":18195,"date":"2025-08-25T15:45:17","date_gmt":"2025-08-25T13:45:17","guid":{"rendered":"https:\/\/hexagodis.com\/?post_type=product&#038;p=18195"},"modified":"2025-08-25T15:45:17","modified_gmt":"2025-08-25T13:45:17","slug":"velo-pliant-a-assistance-electrique-20-pouces-mercier-6-vitesses-aluminium-noir-mixte","status":"publish","type":"product","link":"https:\/\/hexagodis.com\/index.php\/produit\/velo-pliant-a-assistance-electrique-20-pouces-mercier-6-vitesses-aluminium-noir-mixte\/","title":{"rendered":"V\u00e9lo pliant \u00e0 Assistance Electrique 20 pouces MERCIER 6 vitesses aluminium noir mixte"},"content":{"rendered":"<header class=\"f-productLayer__header\">\n<div class=\"f-productLayer__container\">\n<h2 class=\"f-productLayer__title\" data-automation-id=\"title-characteristics-layer-label\">Caract\u00e9ristiques<\/h2>\n<\/div>\n<\/header>\n<div class=\"f-productLayer__body f-productProperties\">\n<div class=\"f-productLayer__container f-productProperties__container\" data-automation-id=\"simple-characteristics-content-block\">\n<div class=\"js-Expander expander expander--hasIcon collapsed\" data-automation-button=\"expand-characteristics-content-button\" data-automation-content=\"expand-characteristics-content\">\n<div class=\"expander__content\" data-automation-id=\"expand-characteristics-content\" aria-expanded=\"true\">\n<div class=\"f-productProperties__columns\">\n<div class=\"f-productProperties__col\">\n<dl class=\"f-productProperties__item\">\n<dt class=\"f-productProperties__term\">Type de v\u00e9lo<\/dt>\n<dd class=\"f-productProperties__definition\" aria-label=\"Liste des Type de v\u00e9lo\">Ville<\/dd>\n<\/dl>\n<dl class=\"f-productProperties__item\">\n<dt class=\"f-productProperties__term\">Pliable<\/dt>\n<dd class=\"f-productProperties__definition\" aria-label=\"Liste des Pliable\">Oui<\/dd>\n<\/dl>\n<dl class=\"f-productProperties__item\">\n<dt class=\"f-productProperties__term\">Puissance moteur nominale<\/dt>\n<dd class=\"f-productProperties__definition\" aria-label=\"Liste des Puissance moteur nominale\">36,00 Volts<\/dd>\n<\/dl>\n<dl class=\"f-productProperties__item\">\n<dt class=\"f-productProperties__term\">Puissance moteur maximale<\/dt>\n<dd class=\"f-productProperties__definition\" aria-label=\"Liste des Puissance moteur maximale\">250,00 Watts<\/dd>\n<\/dl>\n<dl class=\"f-productProperties__item\">\n<dt class=\"f-productProperties__term\">Position du moteur<\/dt>\n<dd class=\"f-productProperties__definition\" aria-label=\"Liste des Position du moteur\">Arri\u00e8re<\/dd>\n<\/dl>\n<dl class=\"f-productProperties__item\">\n<dt class=\"f-productProperties__term\">Type de moteur<\/dt>\n<dd class=\"f-productProperties__definition\" aria-label=\"Liste des Type de moteur\">Electrique<\/dd>\n<\/dl>\n<dl class=\"f-productProperties__item\">\n<dt class=\"f-productProperties__term\">Nombre de modes d&rsquo;assistance<\/dt>\n<dd class=\"f-productProperties__definition\" aria-label=\"Liste des Nombre de modes d'assistance\">5<\/dd>\n<\/dl>\n<dl class=\"f-productProperties__item\">\n<dt class=\"f-productProperties__term\">Autonomie maximale<\/dt>\n<dd class=\"f-productProperties__definition\" aria-label=\"Liste des Autonomie maximale\">65,00 Km<\/dd>\n<\/dl>\n<dl class=\"f-productProperties__item\">\n<dt class=\"f-productProperties__term\">Batterie<\/dt>\n<dd class=\"f-productProperties__definition\" aria-label=\"Liste des Batterie\">Batterie lithium-Ion 36V \/ 10.4AH (374 W\/h)<\/dd>\n<\/dl>\n<dl class=\"f-productProperties__item\">\n<dt class=\"f-productProperties__term\">Fonctionnalit\u00e9s du v\u00e9hicule<\/dt>\n<dd class=\"f-productProperties__definition\" aria-label=\"Liste des Fonctionnalit\u00e9s du v\u00e9hicule\">Batterie amovible<\/dd>\n<\/dl>\n<dl class=\"f-productProperties__item\">\n<dt class=\"f-productProperties__term\">Mati\u00e8re du cadre<\/dt>\n<dd class=\"f-productProperties__definition\" aria-label=\"Liste des Mati\u00e8re du cadre\">Aluminium<\/dd>\n<\/dl>\n<dl class=\"f-productProperties__item\">\n<dt class=\"f-productProperties__term\">Transmission<\/dt>\n<dd class=\"f-productProperties__definition\" aria-label=\"Liste des Transmission\">D\u00e9railleur<\/dd>\n<\/dl>\n<dl class=\"f-productProperties__item\">\n<dt class=\"f-productProperties__term\">Suspension<\/dt>\n<dd class=\"f-productProperties__definition\" aria-label=\"Liste des Suspension\">Sans suspension<\/dd>\n<\/dl>\n<dl class=\"f-productProperties__item\">\n<dt class=\"f-productProperties__term\">Syst\u00e8me de Freinage<\/dt>\n<dd class=\"f-productProperties__definition\" aria-label=\"Liste des Syst\u00e8me de Freinage\">M\u00e9canique<\/dd>\n<\/dl>\n<dl class=\"f-productProperties__item\">\n<dt class=\"f-productProperties__term\">Nombre de vitesse(s)<\/dt>\n<dd class=\"f-productProperties__definition\" aria-label=\"Liste des Nombre de vitesse(s)\">6<\/dd>\n<\/dl>\n<dl class=\"f-productProperties__item\">\n<dt class=\"f-productProperties__term\">Type de p\u00e9dalier<\/dt>\n<dd class=\"f-productProperties__definition\" aria-label=\"Liste des Type de p\u00e9dalier\">Mono plateau<\/dd>\n<\/dl>\n<dl class=\"f-productProperties__item\">\n<dt class=\"f-productProperties__term\">Taille des roues<\/dt>\n<dd class=\"f-productProperties__definition\" aria-label=\"Liste des Taille des roues\">20,00 \u00ab\u00a0<\/dd>\n<\/dl>\n<\/div>\n<div class=\"f-productProperties__col\">\n<dl class=\"f-productProperties__item\">\n<dt class=\"f-productProperties__term\">Type de pneu<\/dt>\n<dd class=\"f-productProperties__definition\" aria-label=\"Liste des Type de pneu\">A chambre \u00e0 air<\/dd>\n<\/dl>\n<dl class=\"f-productProperties__item\">\n<dt class=\"f-productProperties__term\">Selle<\/dt>\n<dd class=\"f-productProperties__definition\" aria-label=\"Liste des Selle\">Confort<\/dd>\n<\/dl>\n<dl class=\"f-productProperties__item\">\n<dt class=\"f-productProperties__term\">Coloris<\/dt>\n<dd class=\"f-productProperties__definition\" aria-label=\"Liste des Coloris\">Noir<\/dd>\n<\/dl>\n<dl class=\"f-productProperties__item\">\n<dt class=\"f-productProperties__term\">Couleur<\/dt>\n<dd class=\"f-productProperties__definition\" aria-label=\"Liste des Couleur\">Noir<\/dd>\n<\/dl>\n<dl class=\"f-productProperties__item\">\n<dt class=\"f-productProperties__term\">Type de public<\/dt>\n<dd class=\"f-productProperties__definition\" aria-label=\"Liste des Type de public\">Adulte<\/dd>\n<\/dl>\n<dl class=\"f-productProperties__item\">\n<dt class=\"f-productProperties__term\">Accessoires fournis<\/dt>\n<dd class=\"f-productProperties__definition\" aria-label=\"Liste des Accessoires fournis\">Porte-bagages, b\u00e9quille, batterie et chargeur, notice et cl\u00e9 d&rsquo;ajustement r\u00e9glages<\/dd>\n<\/dl>\n<dl class=\"f-productProperties__item\">\n<dt class=\"f-productProperties__term\">Origine de fabrication<\/dt>\n<dd class=\"f-productProperties__definition\" aria-label=\"Liste des Origine de fabrication\">Fabriqu\u00e9 hors Europe<\/dd>\n<\/dl>\n<dl class=\"f-productProperties__item\">\n<dt class=\"f-productProperties__term\">Informations sur le montage<\/dt>\n<dd class=\"f-productProperties__definition\" aria-label=\"Liste des Informations sur le montage\">A monter soi m\u00eame selon la notice d&rsquo;utilisation fournie<\/dd>\n<\/dl>\n<dl class=\"f-productProperties__item\">\n<dt class=\"f-productProperties__term\">Entretien<\/dt>\n<dd class=\"f-productProperties__definition\" aria-label=\"Liste des Entretien\">Voir notice d&rsquo;utilisation fournie<\/dd>\n<\/dl>\n<dl class=\"f-productProperties__item\">\n<dt class=\"f-productProperties__term\">Conseils d&rsquo;utilisation<\/dt>\n<dd class=\"f-productProperties__definition\" aria-label=\"Liste des Conseils d'utilisation\">Voir notice d&rsquo;utilisation fournie<\/dd>\n<\/dl>\n<dl class=\"f-productProperties__item\">\n<dt class=\"f-productProperties__term\">Disponibilit\u00e9 des pi\u00e8ces d\u00e9tach\u00e9es<\/dt>\n<dd class=\"f-productProperties__definition\" aria-label=\"Liste des Disponibilit\u00e9 des pi\u00e8ces d\u00e9tach\u00e9es\">2 ans<\/dd>\n<\/dl>\n<dl class=\"f-productProperties__item\">\n<dt class=\"f-productProperties__term\">Disponibilit\u00e9 des pi\u00e8ces d\u00e9tach\u00e9es<\/dt>\n<dd class=\"f-productProperties__definition\" aria-label=\"Liste des Disponibilit\u00e9 des pi\u00e8ces d\u00e9tach\u00e9es\">2 ANS<\/dd>\n<\/dl>\n<dl class=\"f-productProperties__item\">\n<dt class=\"f-productProperties__term\">Longueur du produit<\/dt>\n<dd class=\"f-productProperties__definition\" aria-label=\"Liste des Longueur du produit\">160,00 cm<\/dd>\n<\/dl>\n<dl class=\"f-productProperties__item\">\n<dt class=\"f-productProperties__term\">Largeur du produit<\/dt>\n<dd class=\"f-productProperties__definition\" aria-label=\"Liste des Largeur du produit\">22,00 cm<\/dd>\n<\/dl>\n<dl class=\"f-productProperties__item\">\n<dt class=\"f-productProperties__term\">Hauteur du produit<\/dt>\n<dd class=\"f-productProperties__definition\" aria-label=\"Liste des Hauteur du produit\">75,00 cm<\/dd>\n<\/dl>\n<dl class=\"f-productProperties__item\">\n<dt class=\"f-productProperties__term\">Poids du produit<\/dt>\n<dd class=\"f-productProperties__definition\" aria-label=\"Liste des Poids du produit\">25,00 Kg<\/dd>\n<\/dl>\n<\/div>\n<\/div>\n<\/div>\n<\/div>\n<\/div>\n<\/div>\n<p>&nbsp;<\/p>\n<p>&nbsp;<\/p>\n<p>V\u00e9lo PLIANT 20\u2019\u2019 \u00e9lectrique Marque Fran\u00e7aise MERCIER<\/p>\n<p>&#8211; Cadre mono poutre Aluminium et potence pliants<\/p>\n<p>&#8211; 6 vitesses Shimano<\/p>\n<p>&#8211; D\u00e9railleur arri\u00e8re Shimano TZ50<\/p>\n<p>&#8211; Shifter Shimano SL-RS35<\/p>\n<p>&#8211; Freins V-brake aluminium<\/p>\n<p>&#8211; Jantes aluminium double parois<\/p>\n<p>&#8211; Garde-boues<\/p>\n<p>&#8211; P\u00e9dalier aluminium<\/p>\n<p>&#8211; Selle confort<\/p>\n<p>&#8211; Potence aluminium<\/p>\n<p>&#8211; Attache rapide cadre, tige de selle et potence<\/p>\n<p>&#8211; Tige de selle aluminium<\/p>\n<p>&#8211; P\u00e9dales r\u00e9tractables<\/p>\n<p>&#8211; B\u00e9quille<\/p>\n<p>&#8211; Batterie lithium-Ion \u00a0 36V \u2013 10.4AH (374 W\/h) sous porte-bagage aluminium renforc\u00e9 (verrouillage par cl\u00e9 fournie) avec niveau de charge int\u00e9gr\u00e9<\/p>\n<p>&#8211; \u00c9cran led 5 niveaux d\u2019assistance (5\/10\/15\/20\/25 km\/h) dont une fonction marche<\/p>\n<p>&#8211; \u00c9clairages avant et arri\u00e8re<\/p>\n<p>&#8211; Autonomie entre 50 \/ 65 km suivant conditions climatiques &#8211; poids cycliste &#8211; topographie \u2013 temp\u00e9rature \u2013 style de conduite \u2013 mode d\u2019utilisation<\/p>\n<p>&#8211; Moteur 36V \/ 250 Watts sur moyeux AR<\/p>\n<p>&#8211; Chargeur fourni<\/p>\n<p>Aide \u00e0 l&rsquo;achat : recommand\u00e9 pour un utilisateur mesurant entre 1m20 et 1m70, jusqu&rsquo;\u00e0 95 kgs<\/p>\n","protected":false},"excerpt":{"rendered":"<p>Caract\u00e9ristiques Type de v\u00e9lo Ville Pliable Oui Puissance moteur nominale 36,00 Volts Puissance moteur maximale 250,00 Watts Position du moteur<\/p>\n","protected":false},"featured_media":18199,"comment_status":"open","ping_status":"closed","template":"","meta":[],"product_brand":[],"product_cat":[78],"product_tag":[],"class_list":{"0":"post-18195","1":"product","2":"type-product","3":"status-publish","4":"has-post-thumbnail","6":"product_cat-velos-electriques","8":"first","9":"instock","10":"sale","11":"taxable","12":"shipping-taxable","13":"purchasable","14":"product-type-simple"},"yoast_head":"<!-- This site is optimized with the Yoast SEO plugin v24.8.1 - https:\/\/yoast.com\/wordpress\/plugins\/seo\/ -->\n<title>V\u00e9lo pliant \u00e0 Assistance Electrique 20 pouces MERCIER 6 vitesses aluminium noir mixte - Hexagodis<\/title>\n<meta name=\"robots\" content=\"index, follow, max-snippet:-1, max-image-preview:large, max-video-preview:-1\" \/>\n<link rel=\"canonical\" href=\"https:\/\/hexagodis.com\/index.php\/produit\/velo-pliant-a-assistance-electrique-20-pouces-mercier-6-vitesses-aluminium-noir-mixte\/\" \/>\n<meta property=\"og:locale\" content=\"fr_FR\" \/>\n<meta property=\"og:type\" content=\"article\" \/>\n<meta property=\"og:title\" content=\"V\u00e9lo pliant \u00e0 Assistance Electrique 20 pouces MERCIER 6 vitesses aluminium noir mixte - Hexagodis\" \/>\n<meta property=\"og:description\" content=\"Caract\u00e9ristiques Type de v\u00e9lo Ville Pliable Oui Puissance moteur nominale 36,00 Volts Puissance moteur maximale 250,00 Watts Position du moteur\" \/>\n<meta property=\"og:url\" content=\"https:\/\/hexagodis.com\/index.php\/produit\/velo-pliant-a-assistance-electrique-20-pouces-mercier-6-vitesses-aluminium-noir-mixte\/\" \/>\n<meta property=\"og:site_name\" content=\"Hexagodis\" \/>\n<meta property=\"og:image\" content=\"https:\/\/hexagodis.com\/wp-content\/uploads\/2025\/08\/21143550-1505-3756-1-scaled.jpg\" \/>\n\t<meta property=\"og:image:width\" content=\"2560\" \/>\n\t<meta property=\"og:image:height\" content=\"1898\" \/>\n\t<meta property=\"og:image:type\" content=\"image\/jpeg\" \/>\n<meta name=\"twitter:card\" content=\"summary_large_image\" \/>\n<meta name=\"twitter:label1\" content=\"Dur\u00e9e de lecture estim\u00e9e\" \/>\n\t<meta name=\"twitter:data1\" content=\"2 minutes\" \/>\n<script type=\"application\/ld+json\" class=\"yoast-schema-graph\">{\"@context\":\"https:\/\/schema.org\",\"@graph\":[{\"@type\":\"WebPage\",\"@id\":\"https:\/\/hexagodis.com\/index.php\/produit\/velo-pliant-a-assistance-electrique-20-pouces-mercier-6-vitesses-aluminium-noir-mixte\/\",\"url\":\"https:\/\/hexagodis.com\/index.php\/produit\/velo-pliant-a-assistance-electrique-20-pouces-mercier-6-vitesses-aluminium-noir-mixte\/\",\"name\":\"V\u00e9lo pliant \u00e0 Assistance Electrique 20 pouces MERCIER 6 vitesses aluminium noir mixte - Hexagodis\",\"isPartOf\":{\"@id\":\"https:\/\/hexagodis.com\/#website\"},\"primaryImageOfPage\":{\"@id\":\"https:\/\/hexagodis.com\/index.php\/produit\/velo-pliant-a-assistance-electrique-20-pouces-mercier-6-vitesses-aluminium-noir-mixte\/#primaryimage\"},\"image\":{\"@id\":\"https:\/\/hexagodis.com\/index.php\/produit\/velo-pliant-a-assistance-electrique-20-pouces-mercier-6-vitesses-aluminium-noir-mixte\/#primaryimage\"},\"thumbnailUrl\":\"https:\/\/hexagodis.com\/wp-content\/uploads\/2025\/08\/21143550-1505-3756-1-scaled.jpg\",\"datePublished\":\"2025-08-25T13:45:17+00:00\",\"breadcrumb\":{\"@id\":\"https:\/\/hexagodis.com\/index.php\/produit\/velo-pliant-a-assistance-electrique-20-pouces-mercier-6-vitesses-aluminium-noir-mixte\/#breadcrumb\"},\"inLanguage\":\"fr-FR\",\"potentialAction\":[{\"@type\":\"ReadAction\",\"target\":[\"https:\/\/hexagodis.com\/index.php\/produit\/velo-pliant-a-assistance-electrique-20-pouces-mercier-6-vitesses-aluminium-noir-mixte\/\"]}]},{\"@type\":\"ImageObject\",\"inLanguage\":\"fr-FR\",\"@id\":\"https:\/\/hexagodis.com\/index.php\/produit\/velo-pliant-a-assistance-electrique-20-pouces-mercier-6-vitesses-aluminium-noir-mixte\/#primaryimage\",\"url\":\"https:\/\/hexagodis.com\/wp-content\/uploads\/2025\/08\/21143550-1505-3756-1-scaled.jpg\",\"contentUrl\":\"https:\/\/hexagodis.com\/wp-content\/uploads\/2025\/08\/21143550-1505-3756-1-scaled.jpg\",\"width\":2560,\"height\":1898},{\"@type\":\"BreadcrumbList\",\"@id\":\"https:\/\/hexagodis.com\/index.php\/produit\/velo-pliant-a-assistance-electrique-20-pouces-mercier-6-vitesses-aluminium-noir-mixte\/#breadcrumb\",\"itemListElement\":[{\"@type\":\"ListItem\",\"position\":1,\"name\":\"Accueil\",\"item\":\"https:\/\/hexagodis.com\/\"},{\"@type\":\"ListItem\",\"position\":2,\"name\":\"Boutique\",\"item\":\"https:\/\/hexagodis.com\/index.php\/boutique\/\"},{\"@type\":\"ListItem\",\"position\":3,\"name\":\"V\u00e9lo pliant \u00e0 Assistance Electrique 20 pouces MERCIER 6 vitesses aluminium noir mixte\"}]},{\"@type\":\"WebSite\",\"@id\":\"https:\/\/hexagodis.com\/#website\",\"url\":\"https:\/\/hexagodis.com\/\",\"name\":\"Hexagodis\",\"description\":\"Mat\u00e9riel de sport &amp; \u00e9quipement sportif\",\"potentialAction\":[{\"@type\":\"SearchAction\",\"target\":{\"@type\":\"EntryPoint\",\"urlTemplate\":\"https:\/\/hexagodis.com\/?s={search_term_string}\"},\"query-input\":{\"@type\":\"PropertyValueSpecification\",\"valueRequired\":true,\"valueName\":\"search_term_string\"}}],\"inLanguage\":\"fr-FR\"}]}<\/script>\n<!-- \/ Yoast SEO plugin. -->","yoast_head_json":{"title":"V\u00e9lo pliant \u00e0 Assistance Electrique 20 pouces MERCIER 6 vitesses aluminium noir mixte - Hexagodis","robots":{"index":"index","follow":"follow","max-snippet":"max-snippet:-1","max-image-preview":"max-image-preview:large","max-video-preview":"max-video-preview:-1"},"canonical":"https:\/\/hexagodis.com\/index.php\/produit\/velo-pliant-a-assistance-electrique-20-pouces-mercier-6-vitesses-aluminium-noir-mixte\/","og_locale":"fr_FR","og_type":"article","og_title":"V\u00e9lo pliant \u00e0 Assistance Electrique 20 pouces MERCIER 6 vitesses aluminium noir mixte - Hexagodis","og_description":"Caract\u00e9ristiques Type de v\u00e9lo Ville Pliable Oui Puissance moteur nominale 36,00 Volts Puissance moteur maximale 250,00 Watts Position du moteur","og_url":"https:\/\/hexagodis.com\/index.php\/produit\/velo-pliant-a-assistance-electrique-20-pouces-mercier-6-vitesses-aluminium-noir-mixte\/","og_site_name":"Hexagodis","og_image":[{"width":2560,"height":1898,"url":"https:\/\/hexagodis.com\/wp-content\/uploads\/2025\/08\/21143550-1505-3756-1-scaled.jpg","type":"image\/jpeg"}],"twitter_card":"summary_large_image","twitter_misc":{"Dur\u00e9e de lecture estim\u00e9e":"2 minutes"},"schema":{"@context":"https:\/\/schema.org","@graph":[{"@type":"WebPage","@id":"https:\/\/hexagodis.com\/index.php\/produit\/velo-pliant-a-assistance-electrique-20-pouces-mercier-6-vitesses-aluminium-noir-mixte\/","url":"https:\/\/hexagodis.com\/index.php\/produit\/velo-pliant-a-assistance-electrique-20-pouces-mercier-6-vitesses-aluminium-noir-mixte\/","name":"V\u00e9lo pliant \u00e0 Assistance Electrique 20 pouces MERCIER 6 vitesses aluminium noir mixte - Hexagodis","isPartOf":{"@id":"https:\/\/hexagodis.com\/#website"},"primaryImageOfPage":{"@id":"https:\/\/hexagodis.com\/index.php\/produit\/velo-pliant-a-assistance-electrique-20-pouces-mercier-6-vitesses-aluminium-noir-mixte\/#primaryimage"},"image":{"@id":"https:\/\/hexagodis.com\/index.php\/produit\/velo-pliant-a-assistance-electrique-20-pouces-mercier-6-vitesses-aluminium-noir-mixte\/#primaryimage"},"thumbnailUrl":"https:\/\/hexagodis.com\/wp-content\/uploads\/2025\/08\/21143550-1505-3756-1-scaled.jpg","datePublished":"2025-08-25T13:45:17+00:00","breadcrumb":{"@id":"https:\/\/hexagodis.com\/index.php\/produit\/velo-pliant-a-assistance-electrique-20-pouces-mercier-6-vitesses-aluminium-noir-mixte\/#breadcrumb"},"inLanguage":"fr-FR","potentialAction":[{"@type":"ReadAction","target":["https:\/\/hexagodis.com\/index.php\/produit\/velo-pliant-a-assistance-electrique-20-pouces-mercier-6-vitesses-aluminium-noir-mixte\/"]}]},{"@type":"ImageObject","inLanguage":"fr-FR","@id":"https:\/\/hexagodis.com\/index.php\/produit\/velo-pliant-a-assistance-electrique-20-pouces-mercier-6-vitesses-aluminium-noir-mixte\/#primaryimage","url":"https:\/\/hexagodis.com\/wp-content\/uploads\/2025\/08\/21143550-1505-3756-1-scaled.jpg","contentUrl":"https:\/\/hexagodis.com\/wp-content\/uploads\/2025\/08\/21143550-1505-3756-1-scaled.jpg","width":2560,"height":1898},{"@type":"BreadcrumbList","@id":"https:\/\/hexagodis.com\/index.php\/produit\/velo-pliant-a-assistance-electrique-20-pouces-mercier-6-vitesses-aluminium-noir-mixte\/#breadcrumb","itemListElement":[{"@type":"ListItem","position":1,"name":"Accueil","item":"https:\/\/hexagodis.com\/"},{"@type":"ListItem","position":2,"name":"Boutique","item":"https:\/\/hexagodis.com\/index.php\/boutique\/"},{"@type":"ListItem","position":3,"name":"V\u00e9lo pliant \u00e0 Assistance Electrique 20 pouces MERCIER 6 vitesses aluminium noir mixte"}]},{"@type":"WebSite","@id":"https:\/\/hexagodis.com\/#website","url":"https:\/\/hexagodis.com\/","name":"Hexagodis","description":"Mat\u00e9riel de sport &amp; \u00e9quipement sportif","potentialAction":[{"@type":"SearchAction","target":{"@type":"EntryPoint","urlTemplate":"https:\/\/hexagodis.com\/?s={search_term_string}"},"query-input":{"@type":"PropertyValueSpecification","valueRequired":true,"valueName":"search_term_string"}}],"inLanguage":"fr-FR"}]}},"_links":{"self":[{"href":"https:\/\/hexagodis.com\/index.php\/wp-json\/wp\/v2\/product\/18195","targetHints":{"allow":["GET"]}}],"collection":[{"href":"https:\/\/hexagodis.com\/index.php\/wp-json\/wp\/v2\/product"}],"about":[{"href":"https:\/\/hexagodis.com\/index.php\/wp-json\/wp\/v2\/types\/product"}],"replies":[{"embeddable":true,"href":"https:\/\/hexagodis.com\/index.php\/wp-json\/wp\/v2\/comments?post=18195"}],"version-history":[{"count":2,"href":"https:\/\/hexagodis.com\/index.php\/wp-json\/wp\/v2\/product\/18195\/revisions"}],"predecessor-version":[{"id":18201,"href":"https:\/\/hexagodis.com\/index.php\/wp-json\/wp\/v2\/product\/18195\/revisions\/18201"}],"wp:featuredmedia":[{"embeddable":true,"href":"https:\/\/hexagodis.com\/index.php\/wp-json\/wp\/v2\/media\/18199"}],"wp:attachment":[{"href":"https:\/\/hexagodis.com\/index.php\/wp-json\/wp\/v2\/media?parent=18195"}],"wp:term":[{"taxonomy":"product_brand","embeddable":true,"href":"https:\/\/hexagodis.com\/index.php\/wp-json\/wp\/v2\/product_brand?post=18195"},{"taxonomy":"product_cat","embeddable":true,"href":"https:\/\/hexagodis.com\/index.php\/wp-json\/wp\/v2\/product_cat?post=18195"},{"taxonomy":"product_tag","embeddable":true,"href":"https:\/\/hexagodis.com\/index.php\/wp-json\/wp\/v2\/product_tag?post=18195"}],"curies":[{"name":"wp","href":"https:\/\/api.w.org\/{rel}","templated":true}]}}