{"id":18190,"date":"2025-08-25T15:39:17","date_gmt":"2025-08-25T13:39:17","guid":{"rendered":"https:\/\/hexagodis.com\/?post_type=product&#038;p=18190"},"modified":"2025-08-25T15:39:17","modified_gmt":"2025-08-25T13:39:17","slug":"velo-a-assistance-electrique-scooty-city-26-plus-noir-adulte-avec-batterie-amovible","status":"publish","type":"product","link":"https:\/\/hexagodis.com\/index.php\/produit\/velo-a-assistance-electrique-scooty-city-26-plus-noir-adulte-avec-batterie-amovible\/","title":{"rendered":"V\u00e9lo a assistance \u00e9lectrique SCOOTY CITY 26 PLUS noir adulte avec batterie amovible"},"content":{"rendered":"<header class=\"f-productLayer__header\">\n<div class=\"f-productLayer__container\">\n<h2 class=\"f-productLayer__title\" data-automation-id=\"title-characteristics-layer-label\">Caract\u00e9ristiques<\/h2>\n<\/div>\n<\/header>\n<div class=\"f-productLayer__body f-productProperties\">\n<div class=\"f-productLayer__container f-productProperties__container\" data-automation-id=\"simple-characteristics-content-block\">\n<div class=\"js-Expander expander expander--hasIcon collapsed\" data-automation-button=\"expand-characteristics-content-button\" data-automation-content=\"expand-characteristics-content\">\n<div class=\"expander__content\" data-automation-id=\"expand-characteristics-content\" aria-expanded=\"true\">\n<div class=\"f-productProperties__columns\">\n<div class=\"f-productProperties__col\">\n<dl class=\"f-productProperties__item\">\n<dt class=\"f-productProperties__term\">Type de v\u00e9lo<\/dt>\n<dd class=\"f-productProperties__definition\" aria-label=\"Liste des Type de v\u00e9lo\">Ville<\/dd>\n<\/dl>\n<dl class=\"f-productProperties__item\">\n<dt class=\"f-productProperties__term\">Pliable<\/dt>\n<dd class=\"f-productProperties__definition\" aria-label=\"Liste des Pliable\">Non<\/dd>\n<\/dl>\n<dl class=\"f-productProperties__item\">\n<dt class=\"f-productProperties__term\">Puissance moteur nominale<\/dt>\n<dd class=\"f-productProperties__definition\" aria-label=\"Liste des Puissance moteur nominale\">250,00 Watts<\/dd>\n<\/dl>\n<dl class=\"f-productProperties__item\">\n<dt class=\"f-productProperties__term\">Puissance moteur maximale<\/dt>\n<dd class=\"f-productProperties__definition\" aria-label=\"Liste des Puissance moteur maximale\">250,00 Watts<\/dd>\n<\/dl>\n<dl class=\"f-productProperties__item\">\n<dt class=\"f-productProperties__term\">Type de moteur<\/dt>\n<dd class=\"f-productProperties__definition\" aria-label=\"Liste des Type de moteur\">BRUSHLESS<\/dd>\n<\/dl>\n<dl class=\"f-productProperties__item\">\n<dt class=\"f-productProperties__term\">Nombre de modes d&rsquo;assistance<\/dt>\n<dd class=\"f-productProperties__definition\" aria-label=\"Liste des Nombre de modes d'assistance\">3<\/dd>\n<\/dl>\n<dl class=\"f-productProperties__item\">\n<dt class=\"f-productProperties__term\">Temps de charge de la batterie<\/dt>\n<dd class=\"f-productProperties__definition\" aria-label=\"Liste des Temps de charge de la batterie\">6,00 Heures<\/dd>\n<\/dl>\n<dl class=\"f-productProperties__item\">\n<dt class=\"f-productProperties__term\">Batterie<\/dt>\n<dd class=\"f-productProperties__definition\" aria-label=\"Liste des Batterie\">Batterie amovible 10Ah<\/dd>\n<\/dl>\n<dl class=\"f-productProperties__item\">\n<dt class=\"f-productProperties__term\">Fonctionnalit\u00e9s du v\u00e9hicule<\/dt>\n<dd class=\"f-productProperties__definition\" aria-label=\"Liste des Fonctionnalit\u00e9s du v\u00e9hicule\">Batterie amovible<\/dd>\n<\/dl>\n<dl class=\"f-productProperties__item\">\n<dt class=\"f-productProperties__term\">Mati\u00e8re du cadre<\/dt>\n<dd class=\"f-productProperties__definition\" aria-label=\"Liste des Mati\u00e8re du cadre\">Acier<\/dd>\n<\/dl>\n<dl class=\"f-productProperties__item\">\n<dt class=\"f-productProperties__term\">Transmission<\/dt>\n<dd class=\"f-productProperties__definition\" aria-label=\"Liste des Transmission\">D\u00e9railleur<\/dd>\n<\/dl>\n<dl class=\"f-productProperties__item\">\n<dt class=\"f-productProperties__term\">Syst\u00e8me de Freinage<\/dt>\n<dd class=\"f-productProperties__definition\" aria-label=\"Liste des Syst\u00e8me de Freinage\">A disque<\/dd>\n<\/dl>\n<dl class=\"f-productProperties__item\">\n<dt class=\"f-productProperties__term\">Nombre de vitesse(s)<\/dt>\n<dd class=\"f-productProperties__definition\" aria-label=\"Liste des Nombre de vitesse(s)\">6<\/dd>\n<\/dl>\n<dl class=\"f-productProperties__item\">\n<dt class=\"f-productProperties__term\">Type de p\u00e9dalier<\/dt>\n<dd class=\"f-productProperties__definition\" aria-label=\"Liste des Type de p\u00e9dalier\">Mono plateau<\/dd>\n<\/dl>\n<dl class=\"f-productProperties__item\">\n<dt class=\"f-productProperties__term\">Hauteur du cadre<\/dt>\n<dd class=\"f-productProperties__definition\" aria-label=\"Liste des Hauteur du cadre\">109,00 cm<\/dd>\n<\/dl>\n<dl class=\"f-productProperties__item\">\n<dt class=\"f-productProperties__term\">Taille des roues<\/dt>\n<dd class=\"f-productProperties__definition\" aria-label=\"Liste des Taille des roues\">26,00 \u00ab\u00a0<\/dd>\n<\/dl>\n<dl class=\"f-productProperties__item\">\n<dt class=\"f-productProperties__term\">Type de pneu<\/dt>\n<dd class=\"f-productProperties__definition\" aria-label=\"Liste des Type de pneu\">A chambre \u00e0 air<\/dd>\n<\/dl>\n<dl class=\"f-productProperties__item\">\n<dt class=\"f-productProperties__term\">Selle<\/dt>\n<dd class=\"f-productProperties__definition\" aria-label=\"Liste des Selle\">REGLABLE ET CONFORT<\/dd>\n<\/dl>\n<\/div>\n<div class=\"f-productProperties__col\">\n<dl class=\"f-productProperties__item\">\n<dt class=\"f-productProperties__term\">Coloris<\/dt>\n<dd class=\"f-productProperties__definition\" aria-label=\"Liste des Coloris\">Gris<\/dd>\n<\/dl>\n<dl class=\"f-productProperties__item\">\n<dt class=\"f-productProperties__term\">Couleur<\/dt>\n<dd class=\"f-productProperties__definition\" aria-label=\"Liste des Couleur\">GRIS<\/dd>\n<\/dl>\n<dl class=\"f-productProperties__item\">\n<dt class=\"f-productProperties__term\">Type de public<\/dt>\n<dd class=\"f-productProperties__definition\" aria-label=\"Liste des Type de public\">Adulte<\/dd>\n<\/dl>\n<dl class=\"f-productProperties__item\">\n<dt class=\"f-productProperties__term\">Accessoires fournis<\/dt>\n<dd class=\"f-productProperties__definition\" aria-label=\"Liste des Accessoires fournis\">CHARGEUR \/ OUTILS DE MONTAGE<\/dd>\n<\/dl>\n<dl class=\"f-productProperties__item\">\n<dt class=\"f-productProperties__term\">Equipement inclus<\/dt>\n<dd class=\"f-productProperties__definition\" aria-label=\"Liste des Equipement inclus\">Porte-bagages<\/dd>\n<\/dl>\n<dl class=\"f-productProperties__item\">\n<dt class=\"f-productProperties__term\">Etanch\u00e9it\u00e9<\/dt>\n<dd class=\"f-productProperties__definition\" aria-label=\"Liste des Etanch\u00e9it\u00e9\">IPx4 (protection contre les projections d&rsquo;eau)<\/dd>\n<\/dl>\n<dl class=\"f-productProperties__item\">\n<dt class=\"f-productProperties__term\">Origine de fabrication<\/dt>\n<dd class=\"f-productProperties__definition\" aria-label=\"Liste des Origine de fabrication\">Fabriqu\u00e9 en Europe<\/dd>\n<\/dl>\n<dl class=\"f-productProperties__item\">\n<dt class=\"f-productProperties__term\">Informations sur le montage<\/dt>\n<dd class=\"f-productProperties__definition\" aria-label=\"Liste des Informations sur le montage\">SE REFERER A LA NOTICE D&rsquo;UTILISATION<\/dd>\n<\/dl>\n<dl class=\"f-productProperties__item\">\n<dt class=\"f-productProperties__term\">Disponibilit\u00e9 des pi\u00e8ces d\u00e9tach\u00e9es<\/dt>\n<dd class=\"f-productProperties__definition\" aria-label=\"Liste des Disponibilit\u00e9 des pi\u00e8ces d\u00e9tach\u00e9es\">Non communiqu\u00e9e<\/dd>\n<\/dl>\n<dl class=\"f-productProperties__item\">\n<dt class=\"f-productProperties__term\">Longueur du produit<\/dt>\n<dd class=\"f-productProperties__definition\" aria-label=\"Liste des Longueur du produit\">69,00 cm<\/dd>\n<\/dl>\n<dl class=\"f-productProperties__item\">\n<dt class=\"f-productProperties__term\">Largeur du produit<\/dt>\n<dd class=\"f-productProperties__definition\" aria-label=\"Liste des Largeur du produit\">173,00 cm<\/dd>\n<\/dl>\n<dl class=\"f-productProperties__item\">\n<dt class=\"f-productProperties__term\">Hauteur du produit<\/dt>\n<dd class=\"f-productProperties__definition\" aria-label=\"Liste des Hauteur du produit\">109,00 cm<\/dd>\n<\/dl>\n<dl class=\"f-productProperties__item\">\n<dt class=\"f-productProperties__term\">Poids du produit<\/dt>\n<dd class=\"f-productProperties__definition\" aria-label=\"Liste des Poids du produit\">24,00 Kg<\/dd>\n<\/dl>\n<dl class=\"f-productProperties__item\">\n<dt class=\"f-productProperties__term\">Point fort 1<\/dt>\n<dd class=\"f-productProperties__definition\" aria-label=\"Liste des Point fort 1\">Cadre bas accessible avec roues de 26\u00a0\u00bb<\/dd>\n<\/dl>\n<dl class=\"f-productProperties__item\">\n<dt class=\"f-productProperties__term\">Point fort 2<\/dt>\n<dd class=\"f-productProperties__definition\" aria-label=\"Liste des Point fort 2\">Transmission avec D\u00e9railleur et manette Shimano<\/dd>\n<\/dl>\n<dl class=\"f-productProperties__item\">\n<dt class=\"f-productProperties__term\">Point fort 3<\/dt>\n<dd class=\"f-productProperties__definition\" aria-label=\"Liste des Point fort 3\">Commande \u00e9clairage centralis\u00e9e<\/dd>\n<\/dl>\n<\/div>\n<\/div>\n<\/div>\n<\/div>\n<\/div>\n<\/div>\n<p>&nbsp;<\/p>\n<section id=\"Opinions\" class=\"f-productLayerGrid__section js-productSection fa-strate-summary\" data-automation-id=\"opinions-layer-block\">\n<div class=\"f-productLayerGrid__col\">\n<div class=\"f-productLayer\">\n<div class=\"f-productLayer__body\">\n<div class=\"f-productLayer__container\" data-automation-id=\"EditorOpinionOrSummary-block\">\n<div class=\"js-Expander expander expander--hasIcon collapsed\" data-automation-button=\"expand-EditorOpinionOrSummary-button\" data-automation-content=\"expand-EditorOpinionOrSummary\">\n<div class=\"expander__content\" data-automation-id=\"expand-EditorOpinionOrSummary\" aria-expanded=\"true\">\n<div class=\"f-productDesc\">\n<div class=\"f-productDesc__raw\">CONFORTABLE &amp; facile d\u2019utilisation<br \/>\nCe v\u00e9lo \u00e9lectrique mixte gris est \u00e9quip\u00e9 d\u2019un d\u00e9railleur SHIMANO 6 vitesses. Il est id\u00e9al pour tous vos d\u00e9placements urbains et p\u00e9ri-urbains, son enjambement bas permet des arr\u00eats fr\u00e9quents en toute facilit\u00e9.<\/p>\n<p>D\u2019un grand confort d\u2019utilisation gr\u00e2ce \u00e0 sa position de conduite droite, ce v\u00e9lo vous permet de parcourir de grands d\u00e9placements sans fatigue gr\u00e2ce \u00e0 l\u2019assistance \u00e9lectrique qui se d\u00e9clenche aux premiers tours de p\u00e9dales. Le v\u00e9lo dispose de 3 modes de vitesses accessibles avec un bouton unique.<\/p>\n<p>PRATIQUE<br \/>\nLa batterie du v\u00e9lo est amovible ce qui rend son chargement tr\u00e8s pratique. Vous pouvez ainsi la recharger directement sur le v\u00e9lo ou enlever la batterie pour un chargement directement chez vous.<br \/>\nL\u2019autonomie de la batterie est de 40km et peut varier selon le poids du cycliste, le parcours emprunt\u00e9 et le niveau d\u2019assistance \u00e9lectrique utilis\u00e9.<\/p>\n<p>S\u00e9curit\u00e9<br \/>\nLe v\u00e9lo dispose de freins \u00e0 disquequi garantissent une distance de freinage plus courte assurant ainsi votre s\u00e9curit\u00e9.<\/p>\n<p>\u00c9clairage complet<br \/>\nLe v\u00e9lo est \u00e9quip\u00e9 de feux avant et arri\u00e8re. Son \u00e9cran LCD permet d\u2019allumer et d\u2019\u00e9teindre l\u2019appareil, choisir entre 3 niveaux d\u2019assistance, d\u2019allumer les feux et de contr\u00f4ler le niveau de la batterie.<\/p>\n<p>Batterie amovible 10Ah<br \/>\nD\u00e9railleur 6 vitesses SHIMANO<br \/>\nPhare avant et arri\u00e8re \u00e0 LED \/ Feu de stop<br \/>\nSyst\u00e8me de freinage par freins \u00e0 disque<br \/>\nAfficheur LED indicateur de batterie avec 3 niveaux d\u2019assistance<br \/>\nRoues 26\u2033 gonflables<br \/>\nPorte-bagages \/ B\u00e9quille \/ Sonnette \/ R\u00e9flecteurs sur les roues avant et arri\u00e8re<\/p><\/div>\n<\/div>\n<\/div>\n<div class=\"expander__mask\"><\/div>\n<\/div>\n<\/div>\n<\/div>\n<\/div>\n<\/div>\n<\/section>\n<section id=\"CustomerReviews\" class=\"f-productLayerGrid__section js-productSection\" data-automation-id=\"customer-reviews-layerblock\">\n<div class=\"f-productLayer\">\n<header class=\"f-productLayer__header\">\n<div class=\"f-productLayer__container\"><\/div>\n<\/header>\n<\/div>\n<\/section>\n","protected":false},"excerpt":{"rendered":"<p>Caract\u00e9ristiques Type de v\u00e9lo Ville Pliable Non Puissance moteur nominale 250,00 Watts Puissance moteur maximale 250,00 Watts Type de moteur<\/p>\n","protected":false},"featured_media":18193,"comment_status":"open","ping_status":"closed","template":"","meta":[],"product_brand":[],"product_cat":[78],"product_tag":[],"class_list":{"0":"post-18190","1":"product","2":"type-product","3":"status-publish","4":"has-post-thumbnail","6":"product_cat-velos-electriques","8":"first","9":"instock","10":"sale","11":"taxable","12":"shipping-taxable","13":"purchasable","14":"product-type-simple"},"yoast_head":"<!-- This site is optimized with the Yoast SEO plugin v24.8.1 - https:\/\/yoast.com\/wordpress\/plugins\/seo\/ -->\n<title>V\u00e9lo a assistance \u00e9lectrique SCOOTY CITY 26 PLUS noir adulte avec batterie amovible - Hexagodis<\/title>\n<meta name=\"robots\" content=\"index, follow, max-snippet:-1, max-image-preview:large, max-video-preview:-1\" \/>\n<link rel=\"canonical\" href=\"https:\/\/hexagodis.com\/index.php\/produit\/velo-a-assistance-electrique-scooty-city-26-plus-noir-adulte-avec-batterie-amovible\/\" \/>\n<meta property=\"og:locale\" content=\"fr_FR\" \/>\n<meta property=\"og:type\" content=\"article\" \/>\n<meta property=\"og:title\" content=\"V\u00e9lo a assistance \u00e9lectrique SCOOTY CITY 26 PLUS noir adulte avec batterie amovible - Hexagodis\" \/>\n<meta property=\"og:description\" content=\"Caract\u00e9ristiques Type de v\u00e9lo Ville Pliable Non Puissance moteur nominale 250,00 Watts Puissance moteur maximale 250,00 Watts Type de moteur\" \/>\n<meta property=\"og:url\" content=\"https:\/\/hexagodis.com\/index.php\/produit\/velo-a-assistance-electrique-scooty-city-26-plus-noir-adulte-avec-batterie-amovible\/\" \/>\n<meta property=\"og:site_name\" content=\"Hexagodis\" \/>\n<meta property=\"og:image\" content=\"https:\/\/hexagodis.com\/wp-content\/uploads\/2025\/08\/17514604-1505-3756-1.jpg\" \/>\n\t<meta property=\"og:image:width\" content=\"1920\" \/>\n\t<meta property=\"og:image:height\" content=\"1080\" \/>\n\t<meta property=\"og:image:type\" content=\"image\/jpeg\" \/>\n<meta name=\"twitter:card\" content=\"summary_large_image\" \/>\n<meta name=\"twitter:label1\" content=\"Dur\u00e9e de lecture estim\u00e9e\" \/>\n\t<meta name=\"twitter:data1\" content=\"3 minutes\" \/>\n<script type=\"application\/ld+json\" class=\"yoast-schema-graph\">{\"@context\":\"https:\/\/schema.org\",\"@graph\":[{\"@type\":\"WebPage\",\"@id\":\"https:\/\/hexagodis.com\/index.php\/produit\/velo-a-assistance-electrique-scooty-city-26-plus-noir-adulte-avec-batterie-amovible\/\",\"url\":\"https:\/\/hexagodis.com\/index.php\/produit\/velo-a-assistance-electrique-scooty-city-26-plus-noir-adulte-avec-batterie-amovible\/\",\"name\":\"V\u00e9lo a assistance \u00e9lectrique SCOOTY CITY 26 PLUS noir adulte avec batterie amovible - Hexagodis\",\"isPartOf\":{\"@id\":\"https:\/\/hexagodis.com\/#website\"},\"primaryImageOfPage\":{\"@id\":\"https:\/\/hexagodis.com\/index.php\/produit\/velo-a-assistance-electrique-scooty-city-26-plus-noir-adulte-avec-batterie-amovible\/#primaryimage\"},\"image\":{\"@id\":\"https:\/\/hexagodis.com\/index.php\/produit\/velo-a-assistance-electrique-scooty-city-26-plus-noir-adulte-avec-batterie-amovible\/#primaryimage\"},\"thumbnailUrl\":\"https:\/\/hexagodis.com\/wp-content\/uploads\/2025\/08\/17514604-1505-3756-1.jpg\",\"datePublished\":\"2025-08-25T13:39:17+00:00\",\"breadcrumb\":{\"@id\":\"https:\/\/hexagodis.com\/index.php\/produit\/velo-a-assistance-electrique-scooty-city-26-plus-noir-adulte-avec-batterie-amovible\/#breadcrumb\"},\"inLanguage\":\"fr-FR\",\"potentialAction\":[{\"@type\":\"ReadAction\",\"target\":[\"https:\/\/hexagodis.com\/index.php\/produit\/velo-a-assistance-electrique-scooty-city-26-plus-noir-adulte-avec-batterie-amovible\/\"]}]},{\"@type\":\"ImageObject\",\"inLanguage\":\"fr-FR\",\"@id\":\"https:\/\/hexagodis.com\/index.php\/produit\/velo-a-assistance-electrique-scooty-city-26-plus-noir-adulte-avec-batterie-amovible\/#primaryimage\",\"url\":\"https:\/\/hexagodis.com\/wp-content\/uploads\/2025\/08\/17514604-1505-3756-1.jpg\",\"contentUrl\":\"https:\/\/hexagodis.com\/wp-content\/uploads\/2025\/08\/17514604-1505-3756-1.jpg\",\"width\":1920,\"height\":1080},{\"@type\":\"BreadcrumbList\",\"@id\":\"https:\/\/hexagodis.com\/index.php\/produit\/velo-a-assistance-electrique-scooty-city-26-plus-noir-adulte-avec-batterie-amovible\/#breadcrumb\",\"itemListElement\":[{\"@type\":\"ListItem\",\"position\":1,\"name\":\"Accueil\",\"item\":\"https:\/\/hexagodis.com\/\"},{\"@type\":\"ListItem\",\"position\":2,\"name\":\"Boutique\",\"item\":\"https:\/\/hexagodis.com\/index.php\/boutique\/\"},{\"@type\":\"ListItem\",\"position\":3,\"name\":\"V\u00e9lo a assistance \u00e9lectrique SCOOTY CITY 26 PLUS noir adulte avec batterie amovible\"}]},{\"@type\":\"WebSite\",\"@id\":\"https:\/\/hexagodis.com\/#website\",\"url\":\"https:\/\/hexagodis.com\/\",\"name\":\"Hexagodis\",\"description\":\"Mat\u00e9riel de sport &amp; \u00e9quipement sportif\",\"potentialAction\":[{\"@type\":\"SearchAction\",\"target\":{\"@type\":\"EntryPoint\",\"urlTemplate\":\"https:\/\/hexagodis.com\/?s={search_term_string}\"},\"query-input\":{\"@type\":\"PropertyValueSpecification\",\"valueRequired\":true,\"valueName\":\"search_term_string\"}}],\"inLanguage\":\"fr-FR\"}]}<\/script>\n<!-- \/ Yoast SEO plugin. -->","yoast_head_json":{"title":"V\u00e9lo a assistance \u00e9lectrique SCOOTY CITY 26 PLUS noir adulte avec batterie amovible - Hexagodis","robots":{"index":"index","follow":"follow","max-snippet":"max-snippet:-1","max-image-preview":"max-image-preview:large","max-video-preview":"max-video-preview:-1"},"canonical":"https:\/\/hexagodis.com\/index.php\/produit\/velo-a-assistance-electrique-scooty-city-26-plus-noir-adulte-avec-batterie-amovible\/","og_locale":"fr_FR","og_type":"article","og_title":"V\u00e9lo a assistance \u00e9lectrique SCOOTY CITY 26 PLUS noir adulte avec batterie amovible - Hexagodis","og_description":"Caract\u00e9ristiques Type de v\u00e9lo Ville Pliable Non Puissance moteur nominale 250,00 Watts Puissance moteur maximale 250,00 Watts Type de moteur","og_url":"https:\/\/hexagodis.com\/index.php\/produit\/velo-a-assistance-electrique-scooty-city-26-plus-noir-adulte-avec-batterie-amovible\/","og_site_name":"Hexagodis","og_image":[{"width":1920,"height":1080,"url":"https:\/\/hexagodis.com\/wp-content\/uploads\/2025\/08\/17514604-1505-3756-1.jpg","type":"image\/jpeg"}],"twitter_card":"summary_large_image","twitter_misc":{"Dur\u00e9e de lecture estim\u00e9e":"3 minutes"},"schema":{"@context":"https:\/\/schema.org","@graph":[{"@type":"WebPage","@id":"https:\/\/hexagodis.com\/index.php\/produit\/velo-a-assistance-electrique-scooty-city-26-plus-noir-adulte-avec-batterie-amovible\/","url":"https:\/\/hexagodis.com\/index.php\/produit\/velo-a-assistance-electrique-scooty-city-26-plus-noir-adulte-avec-batterie-amovible\/","name":"V\u00e9lo a assistance \u00e9lectrique SCOOTY CITY 26 PLUS noir adulte avec batterie amovible - Hexagodis","isPartOf":{"@id":"https:\/\/hexagodis.com\/#website"},"primaryImageOfPage":{"@id":"https:\/\/hexagodis.com\/index.php\/produit\/velo-a-assistance-electrique-scooty-city-26-plus-noir-adulte-avec-batterie-amovible\/#primaryimage"},"image":{"@id":"https:\/\/hexagodis.com\/index.php\/produit\/velo-a-assistance-electrique-scooty-city-26-plus-noir-adulte-avec-batterie-amovible\/#primaryimage"},"thumbnailUrl":"https:\/\/hexagodis.com\/wp-content\/uploads\/2025\/08\/17514604-1505-3756-1.jpg","datePublished":"2025-08-25T13:39:17+00:00","breadcrumb":{"@id":"https:\/\/hexagodis.com\/index.php\/produit\/velo-a-assistance-electrique-scooty-city-26-plus-noir-adulte-avec-batterie-amovible\/#breadcrumb"},"inLanguage":"fr-FR","potentialAction":[{"@type":"ReadAction","target":["https:\/\/hexagodis.com\/index.php\/produit\/velo-a-assistance-electrique-scooty-city-26-plus-noir-adulte-avec-batterie-amovible\/"]}]},{"@type":"ImageObject","inLanguage":"fr-FR","@id":"https:\/\/hexagodis.com\/index.php\/produit\/velo-a-assistance-electrique-scooty-city-26-plus-noir-adulte-avec-batterie-amovible\/#primaryimage","url":"https:\/\/hexagodis.com\/wp-content\/uploads\/2025\/08\/17514604-1505-3756-1.jpg","contentUrl":"https:\/\/hexagodis.com\/wp-content\/uploads\/2025\/08\/17514604-1505-3756-1.jpg","width":1920,"height":1080},{"@type":"BreadcrumbList","@id":"https:\/\/hexagodis.com\/index.php\/produit\/velo-a-assistance-electrique-scooty-city-26-plus-noir-adulte-avec-batterie-amovible\/#breadcrumb","itemListElement":[{"@type":"ListItem","position":1,"name":"Accueil","item":"https:\/\/hexagodis.com\/"},{"@type":"ListItem","position":2,"name":"Boutique","item":"https:\/\/hexagodis.com\/index.php\/boutique\/"},{"@type":"ListItem","position":3,"name":"V\u00e9lo a assistance \u00e9lectrique SCOOTY CITY 26 PLUS noir adulte avec batterie amovible"}]},{"@type":"WebSite","@id":"https:\/\/hexagodis.com\/#website","url":"https:\/\/hexagodis.com\/","name":"Hexagodis","description":"Mat\u00e9riel de sport &amp; \u00e9quipement sportif","potentialAction":[{"@type":"SearchAction","target":{"@type":"EntryPoint","urlTemplate":"https:\/\/hexagodis.com\/?s={search_term_string}"},"query-input":{"@type":"PropertyValueSpecification","valueRequired":true,"valueName":"search_term_string"}}],"inLanguage":"fr-FR"}]}},"_links":{"self":[{"href":"https:\/\/hexagodis.com\/index.php\/wp-json\/wp\/v2\/product\/18190","targetHints":{"allow":["GET"]}}],"collection":[{"href":"https:\/\/hexagodis.com\/index.php\/wp-json\/wp\/v2\/product"}],"about":[{"href":"https:\/\/hexagodis.com\/index.php\/wp-json\/wp\/v2\/types\/product"}],"replies":[{"embeddable":true,"href":"https:\/\/hexagodis.com\/index.php\/wp-json\/wp\/v2\/comments?post=18190"}],"version-history":[{"count":1,"href":"https:\/\/hexagodis.com\/index.php\/wp-json\/wp\/v2\/product\/18190\/revisions"}],"predecessor-version":[{"id":18194,"href":"https:\/\/hexagodis.com\/index.php\/wp-json\/wp\/v2\/product\/18190\/revisions\/18194"}],"wp:featuredmedia":[{"embeddable":true,"href":"https:\/\/hexagodis.com\/index.php\/wp-json\/wp\/v2\/media\/18193"}],"wp:attachment":[{"href":"https:\/\/hexagodis.com\/index.php\/wp-json\/wp\/v2\/media?parent=18190"}],"wp:term":[{"taxonomy":"product_brand","embeddable":true,"href":"https:\/\/hexagodis.com\/index.php\/wp-json\/wp\/v2\/product_brand?post=18190"},{"taxonomy":"product_cat","embeddable":true,"href":"https:\/\/hexagodis.com\/index.php\/wp-json\/wp\/v2\/product_cat?post=18190"},{"taxonomy":"product_tag","embeddable":true,"href":"https:\/\/hexagodis.com\/index.php\/wp-json\/wp\/v2\/product_tag?post=18190"}],"curies":[{"name":"wp","href":"https:\/\/api.w.org\/{rel}","templated":true}]}}