{"id":18180,"date":"2025-08-25T15:19:50","date_gmt":"2025-08-25T13:19:50","guid":{"rendered":"https:\/\/hexagodis.com\/?post_type=product&#038;p=18180"},"modified":"2025-08-25T15:19:50","modified_gmt":"2025-08-25T13:19:50","slug":"bmx-se-bikes-dblocks-big-ripper-29-2021","status":"publish","type":"product","link":"https:\/\/hexagodis.com\/index.php\/produit\/bmx-se-bikes-dblocks-big-ripper-29-2021\/","title":{"rendered":"BMX SE BIKES Dblocks Big Ripper 29&Prime; 2021"},"content":{"rendered":"<h2>Informations sur le produit<\/h2>\n<div class=\"a-row\">\n<div class=\"a-column a-span12 a-span-last\">\n<div class=\"a-row a-spacing-top-base\">\n<div class=\"a-column a-span6\">\n<div class=\"a-row a-spacing-base\">\n<div class=\"a-row a-expander-container a-expander-extend-container\">\n<div class=\"a-expander-content a-expander-extend-content\" data-expanded=\"true\">\n<div class=\"a-row a-expander-container a-expander-inline-container\">\n<div class=\"a-expander-content a-expander-section-content a-section-expander-inner\" data-expanded=\"true\">\n<table id=\"productDetails_techSpec_section_1\" class=\"a-keyvalue prodDetTable\">\n<tbody>\n<tr>\n<th class=\"a-color-secondary a-size-base prodDetSectionEntry\">Tranche d&rsquo;\u00e2ge<\/th>\n<td class=\"a-size-base prodDetAttrValue\">\u200eAdulte<\/td>\n<\/tr>\n<tr>\n<th class=\"a-color-secondary a-size-base prodDetSectionEntry\">Type de v\u00e9lo<\/th>\n<td class=\"a-size-base prodDetAttrValue\">\u200eV\u00e9lo BMX<\/td>\n<\/tr>\n<tr>\n<th class=\"a-color-secondary a-size-base prodDetSectionEntry\">Type de frein<\/th>\n<td class=\"a-size-base prodDetAttrValue\">\u200eCaliper<\/td>\n<\/tr>\n<tr>\n<th class=\"a-color-secondary a-size-base prodDetSectionEntry\">Couleur<\/th>\n<td class=\"a-size-base prodDetAttrValue\">\u200eCamo Harlem<\/td>\n<\/tr>\n<tr>\n<th class=\"a-color-secondary a-size-base prodDetSectionEntry\">Taille<\/th>\n<td class=\"a-size-base prodDetAttrValue\">\u200e43cm<\/td>\n<\/tr>\n<tr>\n<th class=\"a-color-secondary a-size-base prodDetSectionEntry\">Style<\/th>\n<td class=\"a-size-base prodDetAttrValue\">\u200eUrbain<\/td>\n<\/tr>\n<tr>\n<th class=\"a-color-secondary a-size-base prodDetSectionEntry\">Mat\u00e9riau du cadre<\/th>\n<td class=\"a-size-base prodDetAttrValue\">\u200eAluminium<\/td>\n<\/tr>\n<tr>\n<th class=\"a-color-secondary a-size-base prodDetSectionEntry\">Nombre de vitesses<\/th>\n<td class=\"a-size-base prodDetAttrValue\">\u200e1<\/td>\n<\/tr>\n<tr>\n<th class=\"a-color-secondary a-size-base prodDetSectionEntry\">Niveau de comp\u00e9tence<\/th>\n<td class=\"a-size-base prodDetAttrValue\">\u200eInterm\u00e9diaire<\/td>\n<\/tr>\n<tr>\n<th class=\"a-color-secondary a-size-base prodDetSectionEntry\">Fonctionnalit\u00e9s<\/th>\n<td class=\"a-size-base prodDetAttrValue\">\u200eFreedom ThickSlick Tyres, Full Acring Gear Forks CR-MO Power Wing Guardbars, SE 3-piece Cranks with SE Sprocket, Oddi Mushroom II Grips with &lsquo;Keep That Wheel Up&rsquo; Donuts, Freedom Empphelick Comp 29&prime; x 2.10&prime; Tyres, Harlem Flyer Seat with super grippy top cover and bottle opener, Custom Dblocks Wheelie Stakes, Custom Dblocks Sticker Sheet<\/td>\n<\/tr>\n<tr>\n<th class=\"a-color-secondary a-size-base prodDetSectionEntry\">Usage<\/th>\n<td class=\"a-size-base prodDetAttrValue\">\u200ebalades en ville, figues acrobatiques, terrains accident\u00e9s<\/td>\n<\/tr>\n<tr>\n<th class=\"a-color-secondary a-size-base prodDetSectionEntry\">Suspension<\/th>\n<td class=\"a-size-base prodDetAttrValue\">\u200eArri\u00e8re<\/td>\n<\/tr>\n<tr>\n<th class=\"a-color-secondary a-size-base prodDetSectionEntry\">Taille de la roue<\/th>\n<td class=\"a-size-base prodDetAttrValue\">\u200e29 Pouces<\/td>\n<\/tr>\n<tr>\n<th class=\"a-color-secondary a-size-base prodDetSectionEntry\">Composants inclus<\/th>\n<td class=\"a-size-base prodDetAttrValue\">\u200eFreedom Empphelick Comp 29\u00a0\u00bb x 2.10\u00a0\u00bb Pneus, Si\u00e8ge Harlem Flyer avec couverture sup\u00e9rieure super adh\u00e9rente et ouvre-bouteille, Custom Dblocks Wheelie Stakes, Feuille autocollante personnalis\u00e9e Dblocks<\/td>\n<\/tr>\n<tr>\n<th class=\"a-color-secondary a-size-base prodDetSectionEntry\">Marque<\/th>\n<td class=\"a-size-base prodDetAttrValue\">\u200eSE<\/td>\n<\/tr>\n<tr>\n<th class=\"a-color-secondary a-size-base prodDetSectionEntry\">Fabricant<\/th>\n<td class=\"a-size-base prodDetAttrValue\">\u200eSE Bikes<\/td>\n<\/tr>\n<tr>\n<th class=\"a-color-secondary a-size-base prodDetSectionEntry\">R\u00e9f\u00e9rence constructeur<\/th>\n<td class=\"a-size-base prodDetAttrValue\">\u200e21211320129<\/td>\n<\/tr>\n<tr>\n<th class=\"a-color-secondary a-size-base prodDetSectionEntry\">Poids de l&rsquo;article<\/th>\n<td class=\"a-size-base prodDetAttrValue\">\u200e13,5 kilogrammes<\/td>\n<\/tr>\n<\/tbody>\n<\/table>\n<\/div>\n<\/div>\n<\/div>\n<\/div>\n<\/div>\n<\/div>\n<\/div>\n<\/div>\n<\/div>\n<p>&nbsp;<\/p>\n<hr class=\"a-divider-normal bucketDivider\" aria-hidden=\"true\" \/>\n<h2>Contenu du carton<\/h2>\n<ul>\n<li class=\"postpurchase-included-components-list-item\"><span class=\"a-list-item\">Freedom Empphelick Comp 29\u00a0\u00bb x 2.10\u00a0\u00bb Pneus, Si\u00e8ge Harlem Flyer avec couverture sup\u00e9rieure super adh\u00e9rente et ouvre-bouteille, Custom Dblocks Wheelie Stakes, Feuille autocollante personnalis\u00e9e Dblocks<\/span><\/li>\n<\/ul>\n<p>&nbsp;<\/p>\n<p>&nbsp;<\/p>\n<p>&nbsp;<\/p>\n","protected":false},"excerpt":{"rendered":"<table class=\"a-normal a-spacing-micro\" role=\"list\">\n<tbody>\n<tr class=\"a-spacing-small po-bike_type\" role=\"listitem\">\n<td class=\"a-span3\" role=\"presentation\"><span class=\"a-size-base a-text-bold\">Type de v\u00e9lo<\/span><\/td>\n<td class=\"a-span9\" role=\"presentation\"><span class=\"a-size-base po-break-word\">V\u00e9lo BMX<\/span><\/td>\n<\/tr>\n<tr class=\"a-spacing-small po-age_range_description\" role=\"listitem\">\n<td class=\"a-span3\" role=\"presentation\"><span class=\"a-size-base a-text-bold\">Tranche d&rsquo;\u00e2ge (description)<\/span><\/td>\n<td class=\"a-span9\" role=\"presentation\"><span class=\"a-size-base po-break-word\">Adulte<\/span><\/td>\n<\/tr>\n<tr class=\"a-spacing-small po-brand\" role=\"listitem\">\n<td class=\"a-span3\" role=\"presentation\"><span class=\"a-size-base a-text-bold\">Marque<\/span><\/td>\n<td class=\"a-span9\" role=\"presentation\"><span class=\"a-size-base po-break-word\">SE<\/span><\/td>\n<\/tr>\n<tr class=\"a-spacing-small po-number_of_speeds\" role=\"listitem\">\n<td class=\"a-span3\" role=\"presentation\"><span class=\"a-size-base a-text-bold\">Nombre de vitesses<\/span><\/td>\n<td class=\"a-span9\" role=\"presentation\"><span class=\"a-size-base po-break-word\">1<\/span><\/td>\n<\/tr>\n<tr class=\"a-spacing-small po-color\" role=\"listitem\">\n<td class=\"a-span3\" role=\"presentation\"><span class=\"a-size-base a-text-bold\">Couleur<\/span><\/td>\n<td class=\"a-span9\" role=\"presentation\"><span class=\"a-size-base po-break-word\">Camo Harlem<\/span><\/td>\n<\/tr>\n<tr class=\"a-spacing-small po-wheel.size\" role=\"listitem\">\n<td class=\"a-span3\" role=\"presentation\"><span class=\"a-size-base a-text-bold\">Taille de roue<\/span><\/td>\n<td class=\"a-span9\" role=\"presentation\"><span class=\"a-size-base po-break-word\">29 Pouces<\/span><\/td>\n<\/tr>\n<tr class=\"a-spacing-small po-frame.material\" role=\"listitem\">\n<td class=\"a-span3\" role=\"presentation\"><span class=\"a-size-base a-text-bold\">Mat\u00e9riau du cadre<\/span><\/td>\n<td class=\"a-span9\" role=\"presentation\"><span class=\"a-size-base po-break-word\">Aluminium<\/span><\/td>\n<\/tr>\n<tr class=\"a-spacing-small po-suspension_type\" role=\"listitem\">\n<td class=\"a-span3\" role=\"presentation\"><span class=\"a-size-base a-text-bold\">Type de suspension<\/span><\/td>\n<td class=\"a-span9\" role=\"presentation\"><span class=\"a-size-base po-break-word\">Arri\u00e8re<\/span><\/td>\n<\/tr>\n<\/tbody>\n<\/table>\n<p>&nbsp;<\/p>\n<header class=\"a-popover-header\">\n<h4 id=\"a-popover-header-6\" class=\"a-popover-header-content\">Caract\u00e9ristique sp\u00e9ciale<\/h4>\n<\/header>\n<div id=\"a-popover-content-6\" class=\"a-popover-inner\">Freedom ThickSlick Tyres, Full Acring Gear Forks CR-MO Power Wing Guardbars, SE 3-piece Cranks with SE Sprocket, Oddi Mushroom II Grips with &lsquo;Keep That Wheel Up&rsquo; Donuts, Freedom Empphelick Comp 29&prime; x 2.10&prime; Tyres, Harlem Flyer Seat with super grippy top cover and bottle opener, Custom Dblocks Wheelie Stakes, Custom Dblocks Sticker Sheet<\/div>\n<div><\/div>\n<div>\n<header class=\"a-popover-header\">\n<h4 id=\"a-popover-header-7\" class=\"a-popover-header-content\">Composants inclus<\/h4>\n<\/header>\n<div id=\"a-popover-content-7\" class=\"a-popover-inner\">Freedom Empphelick Comp 29\u00a0\u00bb x 2.10\u00a0\u00bb Pneus, Si\u00e8ge Harlem Flyer avec couverture sup\u00e9rieure super adh\u00e9rente et ouvre-bouteille, Custom Dblocks Wheelie Stakes, Feuille autocollante personnalis\u00e9e Dblocks<\/div>\n<\/div>\n","protected":false},"featured_media":18184,"comment_status":"open","ping_status":"closed","template":"","meta":[],"product_brand":[],"product_cat":[255],"product_tag":[],"class_list":{"0":"post-18180","1":"product","2":"type-product","3":"status-publish","4":"has-post-thumbnail","6":"product_cat-velos-de-route","8":"first","9":"instock","10":"sale","11":"taxable","12":"shipping-taxable","13":"purchasable","14":"product-type-simple"},"yoast_head":"<!-- This site is optimized with the Yoast SEO plugin v24.8.1 - https:\/\/yoast.com\/wordpress\/plugins\/seo\/ -->\n<title>BMX SE BIKES Dblocks Big Ripper 29&quot; 2021 - Hexagodis<\/title>\n<meta name=\"robots\" content=\"index, follow, max-snippet:-1, max-image-preview:large, max-video-preview:-1\" \/>\n<link rel=\"canonical\" href=\"https:\/\/hexagodis.com\/index.php\/produit\/bmx-se-bikes-dblocks-big-ripper-29-2021\/\" \/>\n<meta property=\"og:locale\" content=\"fr_FR\" \/>\n<meta property=\"og:type\" content=\"article\" \/>\n<meta property=\"og:title\" content=\"BMX SE BIKES Dblocks Big Ripper 29&quot; 2021 - Hexagodis\" \/>\n<meta property=\"og:description\" content=\"Type de v\u00e9lo V\u00e9lo BMX   Tranche d&#039;\u00e2ge (description) Adulte   Marque SE   Nombre de vitesses 1   Couleur Camo Harlem   Taille de roue 29 Pouces   Mat\u00e9riau du cadre Aluminium   Type de suspension Arri\u00e8re    &nbsp;   Caract\u00e9ristique sp\u00e9ciale  Freedom ThickSlick Tyres, Full Acring Gear Forks CR-MO Power Wing Guardbars, SE 3-piece Cranks with SE Sprocket, Oddi Mushroom II Grips with &#039;Keep That Wheel Up&#039; Donuts, Freedom Empphelick Comp 29&#039; x 2.10&#039; Tyres, Harlem Flyer Seat with super grippy top cover and bottle opener, Custom Dblocks Wheelie Stakes, Custom Dblocks Sticker Sheet   Composants inclus  Freedom Empphelick Comp 29&#039;&#039; x 2.10&#039;&#039; Pneus, Si\u00e8ge Harlem Flyer avec couverture sup\u00e9rieure super adh\u00e9rente et ouvre-bouteille, Custom Dblocks Wheelie Stakes, Feuille autocollante personnalis\u00e9e Dblocks\" \/>\n<meta property=\"og:url\" content=\"https:\/\/hexagodis.com\/index.php\/produit\/bmx-se-bikes-dblocks-big-ripper-29-2021\/\" \/>\n<meta property=\"og:site_name\" content=\"Hexagodis\" \/>\n<meta property=\"og:image\" content=\"https:\/\/hexagodis.com\/wp-content\/uploads\/2025\/08\/812gOBDx7jL._AC_SL1500_.jpg\" \/>\n\t<meta property=\"og:image:width\" content=\"1373\" \/>\n\t<meta property=\"og:image:height\" content=\"1500\" \/>\n\t<meta property=\"og:image:type\" content=\"image\/jpeg\" \/>\n<meta name=\"twitter:card\" content=\"summary_large_image\" \/>\n<meta name=\"twitter:label1\" content=\"Dur\u00e9e de lecture estim\u00e9e\" \/>\n\t<meta name=\"twitter:data1\" content=\"2 minutes\" \/>\n<script type=\"application\/ld+json\" class=\"yoast-schema-graph\">{\"@context\":\"https:\/\/schema.org\",\"@graph\":[{\"@type\":\"WebPage\",\"@id\":\"https:\/\/hexagodis.com\/index.php\/produit\/bmx-se-bikes-dblocks-big-ripper-29-2021\/\",\"url\":\"https:\/\/hexagodis.com\/index.php\/produit\/bmx-se-bikes-dblocks-big-ripper-29-2021\/\",\"name\":\"BMX SE BIKES Dblocks Big Ripper 29\\\" 2021 - Hexagodis\",\"isPartOf\":{\"@id\":\"https:\/\/hexagodis.com\/#website\"},\"primaryImageOfPage\":{\"@id\":\"https:\/\/hexagodis.com\/index.php\/produit\/bmx-se-bikes-dblocks-big-ripper-29-2021\/#primaryimage\"},\"image\":{\"@id\":\"https:\/\/hexagodis.com\/index.php\/produit\/bmx-se-bikes-dblocks-big-ripper-29-2021\/#primaryimage\"},\"thumbnailUrl\":\"https:\/\/hexagodis.com\/wp-content\/uploads\/2025\/08\/812gOBDx7jL._AC_SL1500_.jpg\",\"datePublished\":\"2025-08-25T13:19:50+00:00\",\"breadcrumb\":{\"@id\":\"https:\/\/hexagodis.com\/index.php\/produit\/bmx-se-bikes-dblocks-big-ripper-29-2021\/#breadcrumb\"},\"inLanguage\":\"fr-FR\",\"potentialAction\":[{\"@type\":\"ReadAction\",\"target\":[\"https:\/\/hexagodis.com\/index.php\/produit\/bmx-se-bikes-dblocks-big-ripper-29-2021\/\"]}]},{\"@type\":\"ImageObject\",\"inLanguage\":\"fr-FR\",\"@id\":\"https:\/\/hexagodis.com\/index.php\/produit\/bmx-se-bikes-dblocks-big-ripper-29-2021\/#primaryimage\",\"url\":\"https:\/\/hexagodis.com\/wp-content\/uploads\/2025\/08\/812gOBDx7jL._AC_SL1500_.jpg\",\"contentUrl\":\"https:\/\/hexagodis.com\/wp-content\/uploads\/2025\/08\/812gOBDx7jL._AC_SL1500_.jpg\",\"width\":1373,\"height\":1500},{\"@type\":\"BreadcrumbList\",\"@id\":\"https:\/\/hexagodis.com\/index.php\/produit\/bmx-se-bikes-dblocks-big-ripper-29-2021\/#breadcrumb\",\"itemListElement\":[{\"@type\":\"ListItem\",\"position\":1,\"name\":\"Accueil\",\"item\":\"https:\/\/hexagodis.com\/\"},{\"@type\":\"ListItem\",\"position\":2,\"name\":\"Boutique\",\"item\":\"https:\/\/hexagodis.com\/index.php\/boutique\/\"},{\"@type\":\"ListItem\",\"position\":3,\"name\":\"BMX SE BIKES Dblocks Big Ripper 29&Prime; 2021\"}]},{\"@type\":\"WebSite\",\"@id\":\"https:\/\/hexagodis.com\/#website\",\"url\":\"https:\/\/hexagodis.com\/\",\"name\":\"Hexagodis\",\"description\":\"Mat\u00e9riel de sport &amp; \u00e9quipement sportif\",\"potentialAction\":[{\"@type\":\"SearchAction\",\"target\":{\"@type\":\"EntryPoint\",\"urlTemplate\":\"https:\/\/hexagodis.com\/?s={search_term_string}\"},\"query-input\":{\"@type\":\"PropertyValueSpecification\",\"valueRequired\":true,\"valueName\":\"search_term_string\"}}],\"inLanguage\":\"fr-FR\"}]}<\/script>\n<!-- \/ Yoast SEO plugin. -->","yoast_head_json":{"title":"BMX SE BIKES Dblocks Big Ripper 29\" 2021 - Hexagodis","robots":{"index":"index","follow":"follow","max-snippet":"max-snippet:-1","max-image-preview":"max-image-preview:large","max-video-preview":"max-video-preview:-1"},"canonical":"https:\/\/hexagodis.com\/index.php\/produit\/bmx-se-bikes-dblocks-big-ripper-29-2021\/","og_locale":"fr_FR","og_type":"article","og_title":"BMX SE BIKES Dblocks Big Ripper 29\" 2021 - Hexagodis","og_description":"Type de v\u00e9lo V\u00e9lo BMX   Tranche d'\u00e2ge (description) Adulte   Marque SE   Nombre de vitesses 1   Couleur Camo Harlem   Taille de roue 29 Pouces   Mat\u00e9riau du cadre Aluminium   Type de suspension Arri\u00e8re    &nbsp;   Caract\u00e9ristique sp\u00e9ciale  Freedom ThickSlick Tyres, Full Acring Gear Forks CR-MO Power Wing Guardbars, SE 3-piece Cranks with SE Sprocket, Oddi Mushroom II Grips with 'Keep That Wheel Up' Donuts, Freedom Empphelick Comp 29' x 2.10' Tyres, Harlem Flyer Seat with super grippy top cover and bottle opener, Custom Dblocks Wheelie Stakes, Custom Dblocks Sticker Sheet   Composants inclus  Freedom Empphelick Comp 29'' x 2.10'' Pneus, Si\u00e8ge Harlem Flyer avec couverture sup\u00e9rieure super adh\u00e9rente et ouvre-bouteille, Custom Dblocks Wheelie Stakes, Feuille autocollante personnalis\u00e9e Dblocks","og_url":"https:\/\/hexagodis.com\/index.php\/produit\/bmx-se-bikes-dblocks-big-ripper-29-2021\/","og_site_name":"Hexagodis","og_image":[{"width":1373,"height":1500,"url":"https:\/\/hexagodis.com\/wp-content\/uploads\/2025\/08\/812gOBDx7jL._AC_SL1500_.jpg","type":"image\/jpeg"}],"twitter_card":"summary_large_image","twitter_misc":{"Dur\u00e9e de lecture estim\u00e9e":"2 minutes"},"schema":{"@context":"https:\/\/schema.org","@graph":[{"@type":"WebPage","@id":"https:\/\/hexagodis.com\/index.php\/produit\/bmx-se-bikes-dblocks-big-ripper-29-2021\/","url":"https:\/\/hexagodis.com\/index.php\/produit\/bmx-se-bikes-dblocks-big-ripper-29-2021\/","name":"BMX SE BIKES Dblocks Big Ripper 29\" 2021 - Hexagodis","isPartOf":{"@id":"https:\/\/hexagodis.com\/#website"},"primaryImageOfPage":{"@id":"https:\/\/hexagodis.com\/index.php\/produit\/bmx-se-bikes-dblocks-big-ripper-29-2021\/#primaryimage"},"image":{"@id":"https:\/\/hexagodis.com\/index.php\/produit\/bmx-se-bikes-dblocks-big-ripper-29-2021\/#primaryimage"},"thumbnailUrl":"https:\/\/hexagodis.com\/wp-content\/uploads\/2025\/08\/812gOBDx7jL._AC_SL1500_.jpg","datePublished":"2025-08-25T13:19:50+00:00","breadcrumb":{"@id":"https:\/\/hexagodis.com\/index.php\/produit\/bmx-se-bikes-dblocks-big-ripper-29-2021\/#breadcrumb"},"inLanguage":"fr-FR","potentialAction":[{"@type":"ReadAction","target":["https:\/\/hexagodis.com\/index.php\/produit\/bmx-se-bikes-dblocks-big-ripper-29-2021\/"]}]},{"@type":"ImageObject","inLanguage":"fr-FR","@id":"https:\/\/hexagodis.com\/index.php\/produit\/bmx-se-bikes-dblocks-big-ripper-29-2021\/#primaryimage","url":"https:\/\/hexagodis.com\/wp-content\/uploads\/2025\/08\/812gOBDx7jL._AC_SL1500_.jpg","contentUrl":"https:\/\/hexagodis.com\/wp-content\/uploads\/2025\/08\/812gOBDx7jL._AC_SL1500_.jpg","width":1373,"height":1500},{"@type":"BreadcrumbList","@id":"https:\/\/hexagodis.com\/index.php\/produit\/bmx-se-bikes-dblocks-big-ripper-29-2021\/#breadcrumb","itemListElement":[{"@type":"ListItem","position":1,"name":"Accueil","item":"https:\/\/hexagodis.com\/"},{"@type":"ListItem","position":2,"name":"Boutique","item":"https:\/\/hexagodis.com\/index.php\/boutique\/"},{"@type":"ListItem","position":3,"name":"BMX SE BIKES Dblocks Big Ripper 29&Prime; 2021"}]},{"@type":"WebSite","@id":"https:\/\/hexagodis.com\/#website","url":"https:\/\/hexagodis.com\/","name":"Hexagodis","description":"Mat\u00e9riel de sport &amp; \u00e9quipement sportif","potentialAction":[{"@type":"SearchAction","target":{"@type":"EntryPoint","urlTemplate":"https:\/\/hexagodis.com\/?s={search_term_string}"},"query-input":{"@type":"PropertyValueSpecification","valueRequired":true,"valueName":"search_term_string"}}],"inLanguage":"fr-FR"}]}},"_links":{"self":[{"href":"https:\/\/hexagodis.com\/index.php\/wp-json\/wp\/v2\/product\/18180","targetHints":{"allow":["GET"]}}],"collection":[{"href":"https:\/\/hexagodis.com\/index.php\/wp-json\/wp\/v2\/product"}],"about":[{"href":"https:\/\/hexagodis.com\/index.php\/wp-json\/wp\/v2\/types\/product"}],"replies":[{"embeddable":true,"href":"https:\/\/hexagodis.com\/index.php\/wp-json\/wp\/v2\/comments?post=18180"}],"version-history":[{"count":2,"href":"https:\/\/hexagodis.com\/index.php\/wp-json\/wp\/v2\/product\/18180\/revisions"}],"predecessor-version":[{"id":18186,"href":"https:\/\/hexagodis.com\/index.php\/wp-json\/wp\/v2\/product\/18180\/revisions\/18186"}],"wp:featuredmedia":[{"embeddable":true,"href":"https:\/\/hexagodis.com\/index.php\/wp-json\/wp\/v2\/media\/18184"}],"wp:attachment":[{"href":"https:\/\/hexagodis.com\/index.php\/wp-json\/wp\/v2\/media?parent=18180"}],"wp:term":[{"taxonomy":"product_brand","embeddable":true,"href":"https:\/\/hexagodis.com\/index.php\/wp-json\/wp\/v2\/product_brand?post=18180"},{"taxonomy":"product_cat","embeddable":true,"href":"https:\/\/hexagodis.com\/index.php\/wp-json\/wp\/v2\/product_cat?post=18180"},{"taxonomy":"product_tag","embeddable":true,"href":"https:\/\/hexagodis.com\/index.php\/wp-json\/wp\/v2\/product_tag?post=18180"}],"curies":[{"name":"wp","href":"https:\/\/api.w.org\/{rel}","templated":true}]}}