{"id":18154,"date":"2025-08-25T14:47:34","date_gmt":"2025-08-25T12:47:34","guid":{"rendered":"https:\/\/hexagodis.com\/?post_type=product&#038;p=18154"},"modified":"2025-08-25T14:47:34","modified_gmt":"2025-08-25T12:47:34","slug":"engwe-velo-electrique-avec-batterie-amovible-48v-10ah-velos-electriques-14-pouces-velo-electrique-pliable-25km-h-jusqua-50km-t14","status":"publish","type":"product","link":"https:\/\/hexagodis.com\/index.php\/produit\/engwe-velo-electrique-avec-batterie-amovible-48v-10ah-velos-electriques-14-pouces-velo-electrique-pliable-25km-h-jusqua-50km-t14\/","title":{"rendered":"ENGWE V\u00e9lo \u00c9lectrique avec Batterie Amovible 48V 10Ah, V\u00e9los \u00c9lectriques 14 Pouces, Velo Electrique Pliable 25km\/h, Jusqu&rsquo;\u00e0 50km T14"},"content":{"rendered":"<ul class=\"a-unordered-list a-vertical a-spacing-mini\">\n<li class=\"a-spacing-mini\"><span class=\"a-list-item\">\u2605Batterie Plus Longue: \u00c9quip\u00e9 d&rsquo;une batterie amovible de 48V 10Ah, dont le temps de charge n&rsquo;est que de 4 \u00e0 5 heures, ce velo electrique peut parcourir de plus longues distances. Ce v\u00e9lo \u00e9lectrique dispose de 3 modes de conduite : p\u00e9dalage seul, assistance au p\u00e9dalage et mode \u00e9lectrique pur. Ce velo electrique peut parcourir une distance maximale de 25 km en mode \u00e9lectrique pur et jusqu&rsquo;\u00e0 50 km avec le mod\u00e8le d&rsquo;assistance au p\u00e9dalage. Ce v\u00e9lo \u00e9lectrique a une vitesse maximale de 25 km\/h (mode assistance au p\u00e9dalage).<\/span><\/li>\n<li class=\"a-spacing-mini\"><span class=\"a-list-item\">\u2605Portable &amp; Pratique: Ce draisienne electrique est l\u00e9ger, pliable et ne p\u00e8se que 22 kg. Ce v\u00e9los \u00e9lectriques a le plus petit encombrement parmi les produits similaires lorsqu&rsquo;il est pli\u00e9. Id\u00e9al pour les citadins et les aventuriers en d\u00e9placement. Vous pouvez plier l&rsquo;velo electrique et le mettre dans le coffre de la voiture, au bureau et dans le m\u00e9tro. Ce v\u00e9lo \u00e9lectrique peut \u00e9galement transporter une charge de 120 kg. Le v\u00e9lo electrique ENGWE est le meilleur choix pour les d\u00e9placements en ville.<\/span><\/li>\n<li class=\"a-spacing-mini\"><span class=\"a-list-item\">\u2605Performance excellente: L&rsquo;avant, l&rsquo;arri\u00e8re et le fond de la selle de ce v\u00e9los \u00e9lectriques sont \u00e9quip\u00e9s de syst\u00e8mes d&rsquo;absorption des chocs m\u00e9caniques parfaits, qui peuvent facilement faire face \u00e0 toutes sortes de terrains accident\u00e9s, vous offrant une exp\u00e9rience de conduite plus douce et plus confortable. Ce draisienne electrique adulte est \u00e9quip\u00e9 de freins \u00e0 double disque \u00e0 l&rsquo;avant et \u00e0 l&rsquo;arri\u00e8re pour un freinage plus rapide et plus stable.<\/span><\/li>\n<li class=\"a-spacing-mini\"><span class=\"a-list-item\">\u2605S\u00e9curit\u00e9 accrue: Le phare LED lumineux et la bande r\u00e9fl\u00e9chissante rouge \u00e0 l&rsquo;arri\u00e8re garantissent la s\u00e9curit\u00e9 de l&rsquo;v\u00e9lo \u00e9lectrique dans tous les types de conditions routi\u00e8res. Ce velo electrique homme est \u00e9quip\u00e9 de pneus \u00e0 vide de 14 pouces, qui sont d\u00e9j\u00e0 gonfl\u00e9s en usine, de sorte que vous n&rsquo;avez pas besoin de les gonfler deux fois. Vous pouvez tourner le guidon de l&rsquo;v\u00e9los \u00e9lectriques pour acc\u00e9l\u00e9rer l&rsquo;v\u00e9lo \u00e9lectrique dans diff\u00e9rentes sections pour une conduite plus s\u00fbre.<\/span><\/li>\n<li class=\"a-spacing-mini\"><span class=\"a-list-item\">\u2605Service client\u00e8le fiable 24\/7: Vous pouvez toujours v\u00e9rifier le niveau de puissance sur l&rsquo;\u00e9cran LED \u00e0 c\u00f4t\u00e9 du guidon. Si\u00e8ge et guidon r\u00e9glables en hauteur. Le draisienne electrique adulte ENGWE est livr\u00e9 pr\u00e9-assembl\u00e9 \u00e0 90% pour faciliter le montage. Notre \u00e9quipe d&rsquo;assistance client\u00e8le est disponible 24 heures sur 24 pour r\u00e9pondre \u00e0 vos questions et pr\u00e9occupations. Nous garantissons un service fiable et offrons une garantie d&rsquo;un an sur les moteurs, les batteries et les contr\u00f4leurs.<\/span><\/li>\n<\/ul>\n<p>&nbsp;<\/p>\n<h2>Informations sur le produit<\/h2>\n<div class=\"a-row\">\n<div class=\"a-column a-span12 a-span-last\">\n<div class=\"a-row a-spacing-top-base\">\n<div class=\"a-column a-span6\">\n<div class=\"a-row a-spacing-base\">\n<div class=\"a-row a-expander-container a-expander-extend-container\">\n<div class=\"a-expander-content a-expander-extend-content\" data-expanded=\"true\">\n<div class=\"a-row a-expander-container a-expander-inline-container\">\n<div class=\"a-expander-content a-expander-section-content a-section-expander-inner\" data-expanded=\"true\">\n<table id=\"productDetails_techSpec_section_1\" class=\"a-keyvalue prodDetTable\">\n<tbody>\n<tr>\n<th class=\"a-color-secondary a-size-base prodDetSectionEntry\">Tranche d&rsquo;\u00e2ge<\/th>\n<td class=\"a-size-base prodDetAttrValue\">\u200eAdulte<\/td>\n<\/tr>\n<tr>\n<th class=\"a-color-secondary a-size-base prodDetSectionEntry\">Type de v\u00e9lo<\/th>\n<td class=\"a-size-base prodDetAttrValue\">\u200eV\u00e9lo \u00e9lectrique<\/td>\n<\/tr>\n<tr>\n<th class=\"a-color-secondary a-size-base prodDetSectionEntry\">Type de frein<\/th>\n<td class=\"a-size-base prodDetAttrValue\">\u200eDisque<\/td>\n<\/tr>\n<tr>\n<th class=\"a-color-secondary a-size-base prodDetSectionEntry\">Couleur<\/th>\n<td class=\"a-size-base prodDetAttrValue\">\u200eOrange<\/td>\n<\/tr>\n<tr>\n<th class=\"a-color-secondary a-size-base prodDetSectionEntry\">Taille<\/th>\n<td class=\"a-size-base prodDetAttrValue\">\u200e50 x 20,5 x 42 pouces \/ 125 x 52 x 106 cm<\/td>\n<\/tr>\n<tr>\n<th class=\"a-color-secondary a-size-base prodDetSectionEntry\">Style<\/th>\n<td class=\"a-size-base prodDetAttrValue\">\u200eV\u00e9lo \u00e9lectrique<\/td>\n<\/tr>\n<tr>\n<th class=\"a-color-secondary a-size-base prodDetSectionEntry\">Mat\u00e9riau du cadre<\/th>\n<td class=\"a-size-base prodDetAttrValue\">\u200eAcier au carbone<\/td>\n<\/tr>\n<tr>\n<th class=\"a-color-secondary a-size-base prodDetSectionEntry\">Poids<\/th>\n<td class=\"a-size-base prodDetAttrValue\">\u200e28,46 Kilogrammes<\/td>\n<\/tr>\n<tr>\n<th class=\"a-color-secondary a-size-base prodDetSectionEntry\">Type de mat\u00e9riau<\/th>\n<td class=\"a-size-base prodDetAttrValue\">\u200eAcier au carbone<\/td>\n<\/tr>\n<tr>\n<th class=\"a-color-secondary a-size-base prodDetSectionEntry\">Nombre de vitesses<\/th>\n<td class=\"a-size-base prodDetAttrValue\">\u200e14<\/td>\n<\/tr>\n<tr>\n<th class=\"a-color-secondary a-size-base prodDetSectionEntry\">Source d&rsquo;\u00e9nergie<\/th>\n<td class=\"a-size-base prodDetAttrValue\">\u200erechargeable battery<\/td>\n<\/tr>\n<tr>\n<th class=\"a-color-secondary a-size-base prodDetSectionEntry\">Niveau de comp\u00e9tence<\/th>\n<td class=\"a-size-base prodDetAttrValue\">\u200eInterm\u00e9diaire<\/td>\n<\/tr>\n<tr>\n<th class=\"a-color-secondary a-size-base prodDetSectionEntry\">Fonctionnalit\u00e9s<\/th>\n<td class=\"a-size-base prodDetAttrValue\">\u200eL\u00e9g\u00e8re<\/td>\n<\/tr>\n<tr>\n<th class=\"a-color-secondary a-size-base prodDetSectionEntry\">Usage<\/th>\n<td class=\"a-size-base prodDetAttrValue\">\u200eGravier, Route<\/td>\n<\/tr>\n<tr>\n<th class=\"a-color-secondary a-size-base prodDetSectionEntry\">Suspension<\/th>\n<td class=\"a-size-base prodDetAttrValue\">\u200eSuspension fourche<\/td>\n<\/tr>\n<tr>\n<th class=\"a-color-secondary a-size-base prodDetSectionEntry\">Taille de la roue<\/th>\n<td class=\"a-size-base prodDetAttrValue\">\u200e14 Pouces<\/td>\n<\/tr>\n<tr>\n<th class=\"a-color-secondary a-size-base prodDetSectionEntry\">Watt<\/th>\n<td class=\"a-size-base prodDetAttrValue\">\u200e250 Watts<\/td>\n<\/tr>\n<tr>\n<th class=\"a-color-secondary a-size-base prodDetSectionEntry\">Composants inclus<\/th>\n<td class=\"a-size-base prodDetAttrValue\">\u200e1 chargeur, 1 mode d&#8217;emploi (fran\u00e7ais non garanti), 1 outil d&rsquo;installation, Batterie 48 V 10 AH*1, V\u00e9lo \u00e9lectrique T14 x 1<\/td>\n<\/tr>\n<tr>\n<th class=\"a-color-secondary a-size-base prodDetSectionEntry\">Marque<\/th>\n<td class=\"a-size-base prodDetAttrValue\">\u200eENGWE<\/td>\n<\/tr>\n<tr>\n<th class=\"a-color-secondary a-size-base prodDetSectionEntry\">Service<\/th>\n<td class=\"a-size-base prodDetAttrValue\">\u200eMixte<\/td>\n<\/tr>\n<tr>\n<th class=\"a-color-secondary a-size-base prodDetSectionEntry\">Fabricant<\/th>\n<td class=\"a-size-base prodDetAttrValue\">\u200eENGWE<\/td>\n<\/tr>\n<tr>\n<th class=\"a-color-secondary a-size-base prodDetSectionEntry\">Num\u00e9ro du mod\u00e8le de l&rsquo;article<\/th>\n<td class=\"a-size-base prodDetAttrValue\">\u200eT14<\/td>\n<\/tr>\n<tr>\n<th class=\"a-color-secondary a-size-base prodDetSectionEntry\">Dimensions du produit (L x l x h)<\/th>\n<td class=\"a-size-base prodDetAttrValue\">\u200e125 x 52 x 106 cm; 28,46 kilogrammes<\/td>\n<\/tr>\n<\/tbody>\n<\/table>\n<\/div>\n<\/div>\n<\/div>\n<\/div>\n<\/div>\n<\/div>\n<\/div>\n<\/div>\n<\/div>\n","protected":false},"excerpt":{"rendered":"<table class=\"a-normal a-spacing-micro\" role=\"list\">\n<tbody>\n<tr class=\"a-spacing-small po-bike_type\" role=\"listitem\">\n<td class=\"a-span3\" role=\"presentation\"><span class=\"a-size-base a-text-bold\">ype de v\u00e9lo<\/span><\/td>\n<td class=\"a-span9\" role=\"presentation\"><span class=\"a-size-base po-break-word\">V\u00e9lo \u00e9lectrique<\/span><\/td>\n<\/tr>\n<tr class=\"a-spacing-small po-age_range_description\" role=\"listitem\">\n<td class=\"a-span3\" role=\"presentation\"><span class=\"a-size-base a-text-bold\">Tranche d&rsquo;\u00e2ge (description)<\/span><\/td>\n<td class=\"a-span9\" role=\"presentation\"><span class=\"a-size-base po-break-word\">Adulte<\/span><\/td>\n<\/tr>\n<tr class=\"a-spacing-small po-brand\" role=\"listitem\">\n<td class=\"a-span3\" role=\"presentation\"><span class=\"a-size-base a-text-bold\">Marque<\/span><\/td>\n<td class=\"a-span9\" role=\"presentation\"><span class=\"a-size-base po-break-word\">ENGWE<\/span><\/td>\n<\/tr>\n<tr class=\"a-spacing-small po-number_of_speeds\" role=\"listitem\">\n<td class=\"a-span3\" role=\"presentation\"><span class=\"a-size-base a-text-bold\">Nombre de vitesses<\/span><\/td>\n<td class=\"a-span9\" role=\"presentation\"><span class=\"a-size-base po-break-word\">14<\/span><\/td>\n<\/tr>\n<tr class=\"a-spacing-small po-color\" role=\"listitem\">\n<td class=\"a-span3\" role=\"presentation\"><span class=\"a-size-base a-text-bold\">Couleur<\/span><\/td>\n<td class=\"a-span9\" role=\"presentation\"><span class=\"a-size-base po-break-word\">Orange<\/span><\/td>\n<\/tr>\n<tr class=\"a-spacing-small po-wheel.size\" role=\"listitem\">\n<td class=\"a-span3\" role=\"presentation\"><span class=\"a-size-base a-text-bold\">Taille de roue<\/span><\/td>\n<td class=\"a-span9\" role=\"presentation\"><span class=\"a-size-base po-break-word\">14 Pouces<\/span><\/td>\n<\/tr>\n<tr class=\"a-spacing-small po-frame.material\" role=\"listitem\">\n<td class=\"a-span3\" role=\"presentation\"><span class=\"a-size-base a-text-bold\">Mat\u00e9riau du cadre<\/span><\/td>\n<td class=\"a-span9\" role=\"presentation\"><span class=\"a-size-base po-break-word\">Acier au carbone<\/span><\/td>\n<\/tr>\n<tr class=\"a-spacing-small po-suspension_type\" role=\"listitem\">\n<td class=\"a-span3\" role=\"presentation\"><span class=\"a-size-base a-text-bold\">Type de suspension<\/span><\/td>\n<td class=\"a-span9\" role=\"presentation\"><span class=\"a-size-base po-break-word\">Suspension fourche<\/span><\/td>\n<\/tr>\n<tr class=\"a-spacing-small po-special_feature\" role=\"listitem\">\n<td class=\"a-span3\" role=\"presentation\"><span class=\"a-size-base a-text-bold\">Caract\u00e9ristique sp\u00e9ciale<\/span><\/td>\n<td class=\"a-span9\" role=\"presentation\"><span class=\"a-size-base po-break-word\">L\u00e9g\u00e8re<\/span><\/td>\n<\/tr>\n<tr class=\"a-spacing-small po-included_components\" role=\"listitem\">\n<td class=\"a-span3\" role=\"presentation\"><span class=\"a-size-base a-text-bold\">Composants inclus<\/span><\/td>\n<td class=\"a-span9\" role=\"presentation\"><span class=\"a-size-base\"><span class=\"a-truncate po-truncate-attribute\" data-a-word-break=\"normal\" data-a-truncate-name=\"po-attribute-truncate-9\" data-a-max-rows=\"3\" data-a-overflow-marker=\"&amp;hellip;\" data-a-recalculate=\"false\" data-a-updated=\"true\"><span class=\"a-truncate-full a-offscreen\">1 chargeur, 1 mode d&#8217;emploi (fran\u00e7ais non garanti), 1 outil d&rsquo;installation, Batterie 48 V 10 AH*1, V\u00e9lo \u00e9lectrique T14 x 1<\/span><span class=\"a-truncate-cut\" aria-hidden=\"true\">1 chargeur, 1 mode d&#8217;emploi (fran\u00e7ais non garanti), 1 outil d&rsquo;installation, Batterie 48 V 10 AH*1, V\u00e9lo \u00e9lectrique T14 x 1<\/span><\/span><\/span><\/td>\n<\/tr>\n<\/tbody>\n<\/table>\n","protected":false},"featured_media":18161,"comment_status":"open","ping_status":"closed","template":"","meta":[],"product_brand":[],"product_cat":[78],"product_tag":[],"class_list":{"0":"post-18154","1":"product","2":"type-product","3":"status-publish","4":"has-post-thumbnail","6":"product_cat-velos-electriques","8":"first","9":"instock","10":"sale","11":"taxable","12":"shipping-taxable","13":"purchasable","14":"product-type-simple"},"yoast_head":"<!-- This site is optimized with the Yoast SEO plugin v24.8.1 - https:\/\/yoast.com\/wordpress\/plugins\/seo\/ -->\n<title>ENGWE V\u00e9lo \u00c9lectrique avec Batterie Amovible 48V 10Ah, V\u00e9los \u00c9lectriques 14 Pouces, Velo Electrique Pliable 25km\/h, Jusqu&#039;\u00e0 50km T14 - Hexagodis<\/title>\n<meta name=\"robots\" content=\"index, follow, max-snippet:-1, max-image-preview:large, max-video-preview:-1\" \/>\n<link rel=\"canonical\" href=\"https:\/\/hexagodis.com\/index.php\/produit\/engwe-velo-electrique-avec-batterie-amovible-48v-10ah-velos-electriques-14-pouces-velo-electrique-pliable-25km-h-jusqua-50km-t14\/\" \/>\n<meta property=\"og:locale\" content=\"fr_FR\" \/>\n<meta property=\"og:type\" content=\"article\" \/>\n<meta property=\"og:title\" content=\"ENGWE V\u00e9lo \u00c9lectrique avec Batterie Amovible 48V 10Ah, V\u00e9los \u00c9lectriques 14 Pouces, Velo Electrique Pliable 25km\/h, Jusqu&#039;\u00e0 50km T14 - Hexagodis\" \/>\n<meta property=\"og:description\" content=\"ype de v\u00e9lo V\u00e9lo \u00e9lectrique   Tranche d&#039;\u00e2ge (description) Adulte   Marque ENGWE   Nombre de vitesses 14   Couleur Orange   Taille de roue 14 Pouces   Mat\u00e9riau du cadre Acier au carbone   Type de suspension Suspension fourche   Caract\u00e9ristique sp\u00e9ciale L\u00e9g\u00e8re   Composants inclus 1 chargeur, 1 mode d&#039;emploi (fran\u00e7ais non garanti), 1 outil d&#039;installation, Batterie 48 V 10 AH*1, V\u00e9lo \u00e9lectrique T14 x 11 chargeur, 1 mode d&#039;emploi (fran\u00e7ais non garanti), 1 outil d&#039;installation, Batterie 48 V 10 AH*1, V\u00e9lo \u00e9lectrique T14 x 1\" \/>\n<meta property=\"og:url\" content=\"https:\/\/hexagodis.com\/index.php\/produit\/engwe-velo-electrique-avec-batterie-amovible-48v-10ah-velos-electriques-14-pouces-velo-electrique-pliable-25km-h-jusqua-50km-t14\/\" \/>\n<meta property=\"og:site_name\" content=\"Hexagodis\" \/>\n<meta property=\"og:image\" content=\"https:\/\/hexagodis.com\/wp-content\/uploads\/2025\/08\/71cO-ocz49L._AC_SL1500_.jpg\" \/>\n\t<meta property=\"og:image:width\" content=\"1236\" \/>\n\t<meta property=\"og:image:height\" content=\"1452\" \/>\n\t<meta property=\"og:image:type\" content=\"image\/jpeg\" \/>\n<meta name=\"twitter:card\" content=\"summary_large_image\" \/>\n<meta name=\"twitter:label1\" content=\"Dur\u00e9e de lecture estim\u00e9e\" \/>\n\t<meta name=\"twitter:data1\" content=\"3 minutes\" \/>\n<script type=\"application\/ld+json\" class=\"yoast-schema-graph\">{\"@context\":\"https:\/\/schema.org\",\"@graph\":[{\"@type\":\"WebPage\",\"@id\":\"https:\/\/hexagodis.com\/index.php\/produit\/engwe-velo-electrique-avec-batterie-amovible-48v-10ah-velos-electriques-14-pouces-velo-electrique-pliable-25km-h-jusqua-50km-t14\/\",\"url\":\"https:\/\/hexagodis.com\/index.php\/produit\/engwe-velo-electrique-avec-batterie-amovible-48v-10ah-velos-electriques-14-pouces-velo-electrique-pliable-25km-h-jusqua-50km-t14\/\",\"name\":\"ENGWE V\u00e9lo \u00c9lectrique avec Batterie Amovible 48V 10Ah, V\u00e9los \u00c9lectriques 14 Pouces, Velo Electrique Pliable 25km\/h, Jusqu'\u00e0 50km T14 - Hexagodis\",\"isPartOf\":{\"@id\":\"https:\/\/hexagodis.com\/#website\"},\"primaryImageOfPage\":{\"@id\":\"https:\/\/hexagodis.com\/index.php\/produit\/engwe-velo-electrique-avec-batterie-amovible-48v-10ah-velos-electriques-14-pouces-velo-electrique-pliable-25km-h-jusqua-50km-t14\/#primaryimage\"},\"image\":{\"@id\":\"https:\/\/hexagodis.com\/index.php\/produit\/engwe-velo-electrique-avec-batterie-amovible-48v-10ah-velos-electriques-14-pouces-velo-electrique-pliable-25km-h-jusqua-50km-t14\/#primaryimage\"},\"thumbnailUrl\":\"https:\/\/hexagodis.com\/wp-content\/uploads\/2025\/08\/71cO-ocz49L._AC_SL1500_.jpg\",\"datePublished\":\"2025-08-25T12:47:34+00:00\",\"breadcrumb\":{\"@id\":\"https:\/\/hexagodis.com\/index.php\/produit\/engwe-velo-electrique-avec-batterie-amovible-48v-10ah-velos-electriques-14-pouces-velo-electrique-pliable-25km-h-jusqua-50km-t14\/#breadcrumb\"},\"inLanguage\":\"fr-FR\",\"potentialAction\":[{\"@type\":\"ReadAction\",\"target\":[\"https:\/\/hexagodis.com\/index.php\/produit\/engwe-velo-electrique-avec-batterie-amovible-48v-10ah-velos-electriques-14-pouces-velo-electrique-pliable-25km-h-jusqua-50km-t14\/\"]}]},{\"@type\":\"ImageObject\",\"inLanguage\":\"fr-FR\",\"@id\":\"https:\/\/hexagodis.com\/index.php\/produit\/engwe-velo-electrique-avec-batterie-amovible-48v-10ah-velos-electriques-14-pouces-velo-electrique-pliable-25km-h-jusqua-50km-t14\/#primaryimage\",\"url\":\"https:\/\/hexagodis.com\/wp-content\/uploads\/2025\/08\/71cO-ocz49L._AC_SL1500_.jpg\",\"contentUrl\":\"https:\/\/hexagodis.com\/wp-content\/uploads\/2025\/08\/71cO-ocz49L._AC_SL1500_.jpg\",\"width\":1236,\"height\":1452},{\"@type\":\"BreadcrumbList\",\"@id\":\"https:\/\/hexagodis.com\/index.php\/produit\/engwe-velo-electrique-avec-batterie-amovible-48v-10ah-velos-electriques-14-pouces-velo-electrique-pliable-25km-h-jusqua-50km-t14\/#breadcrumb\",\"itemListElement\":[{\"@type\":\"ListItem\",\"position\":1,\"name\":\"Accueil\",\"item\":\"https:\/\/hexagodis.com\/\"},{\"@type\":\"ListItem\",\"position\":2,\"name\":\"Boutique\",\"item\":\"https:\/\/hexagodis.com\/index.php\/boutique\/\"},{\"@type\":\"ListItem\",\"position\":3,\"name\":\"ENGWE V\u00e9lo \u00c9lectrique avec Batterie Amovible 48V 10Ah, V\u00e9los \u00c9lectriques 14 Pouces, Velo Electrique Pliable 25km\/h, Jusqu&rsquo;\u00e0 50km T14\"}]},{\"@type\":\"WebSite\",\"@id\":\"https:\/\/hexagodis.com\/#website\",\"url\":\"https:\/\/hexagodis.com\/\",\"name\":\"Hexagodis\",\"description\":\"Mat\u00e9riel de sport &amp; \u00e9quipement sportif\",\"potentialAction\":[{\"@type\":\"SearchAction\",\"target\":{\"@type\":\"EntryPoint\",\"urlTemplate\":\"https:\/\/hexagodis.com\/?s={search_term_string}\"},\"query-input\":{\"@type\":\"PropertyValueSpecification\",\"valueRequired\":true,\"valueName\":\"search_term_string\"}}],\"inLanguage\":\"fr-FR\"}]}<\/script>\n<!-- \/ Yoast SEO plugin. -->","yoast_head_json":{"title":"ENGWE V\u00e9lo \u00c9lectrique avec Batterie Amovible 48V 10Ah, V\u00e9los \u00c9lectriques 14 Pouces, Velo Electrique Pliable 25km\/h, Jusqu'\u00e0 50km T14 - Hexagodis","robots":{"index":"index","follow":"follow","max-snippet":"max-snippet:-1","max-image-preview":"max-image-preview:large","max-video-preview":"max-video-preview:-1"},"canonical":"https:\/\/hexagodis.com\/index.php\/produit\/engwe-velo-electrique-avec-batterie-amovible-48v-10ah-velos-electriques-14-pouces-velo-electrique-pliable-25km-h-jusqua-50km-t14\/","og_locale":"fr_FR","og_type":"article","og_title":"ENGWE V\u00e9lo \u00c9lectrique avec Batterie Amovible 48V 10Ah, V\u00e9los \u00c9lectriques 14 Pouces, Velo Electrique Pliable 25km\/h, Jusqu'\u00e0 50km T14 - Hexagodis","og_description":"ype de v\u00e9lo V\u00e9lo \u00e9lectrique   Tranche d'\u00e2ge (description) Adulte   Marque ENGWE   Nombre de vitesses 14   Couleur Orange   Taille de roue 14 Pouces   Mat\u00e9riau du cadre Acier au carbone   Type de suspension Suspension fourche   Caract\u00e9ristique sp\u00e9ciale L\u00e9g\u00e8re   Composants inclus 1 chargeur, 1 mode d'emploi (fran\u00e7ais non garanti), 1 outil d'installation, Batterie 48 V 10 AH*1, V\u00e9lo \u00e9lectrique T14 x 11 chargeur, 1 mode d'emploi (fran\u00e7ais non garanti), 1 outil d'installation, Batterie 48 V 10 AH*1, V\u00e9lo \u00e9lectrique T14 x 1","og_url":"https:\/\/hexagodis.com\/index.php\/produit\/engwe-velo-electrique-avec-batterie-amovible-48v-10ah-velos-electriques-14-pouces-velo-electrique-pliable-25km-h-jusqua-50km-t14\/","og_site_name":"Hexagodis","og_image":[{"width":1236,"height":1452,"url":"https:\/\/hexagodis.com\/wp-content\/uploads\/2025\/08\/71cO-ocz49L._AC_SL1500_.jpg","type":"image\/jpeg"}],"twitter_card":"summary_large_image","twitter_misc":{"Dur\u00e9e de lecture estim\u00e9e":"3 minutes"},"schema":{"@context":"https:\/\/schema.org","@graph":[{"@type":"WebPage","@id":"https:\/\/hexagodis.com\/index.php\/produit\/engwe-velo-electrique-avec-batterie-amovible-48v-10ah-velos-electriques-14-pouces-velo-electrique-pliable-25km-h-jusqua-50km-t14\/","url":"https:\/\/hexagodis.com\/index.php\/produit\/engwe-velo-electrique-avec-batterie-amovible-48v-10ah-velos-electriques-14-pouces-velo-electrique-pliable-25km-h-jusqua-50km-t14\/","name":"ENGWE V\u00e9lo \u00c9lectrique avec Batterie Amovible 48V 10Ah, V\u00e9los \u00c9lectriques 14 Pouces, Velo Electrique Pliable 25km\/h, Jusqu'\u00e0 50km T14 - Hexagodis","isPartOf":{"@id":"https:\/\/hexagodis.com\/#website"},"primaryImageOfPage":{"@id":"https:\/\/hexagodis.com\/index.php\/produit\/engwe-velo-electrique-avec-batterie-amovible-48v-10ah-velos-electriques-14-pouces-velo-electrique-pliable-25km-h-jusqua-50km-t14\/#primaryimage"},"image":{"@id":"https:\/\/hexagodis.com\/index.php\/produit\/engwe-velo-electrique-avec-batterie-amovible-48v-10ah-velos-electriques-14-pouces-velo-electrique-pliable-25km-h-jusqua-50km-t14\/#primaryimage"},"thumbnailUrl":"https:\/\/hexagodis.com\/wp-content\/uploads\/2025\/08\/71cO-ocz49L._AC_SL1500_.jpg","datePublished":"2025-08-25T12:47:34+00:00","breadcrumb":{"@id":"https:\/\/hexagodis.com\/index.php\/produit\/engwe-velo-electrique-avec-batterie-amovible-48v-10ah-velos-electriques-14-pouces-velo-electrique-pliable-25km-h-jusqua-50km-t14\/#breadcrumb"},"inLanguage":"fr-FR","potentialAction":[{"@type":"ReadAction","target":["https:\/\/hexagodis.com\/index.php\/produit\/engwe-velo-electrique-avec-batterie-amovible-48v-10ah-velos-electriques-14-pouces-velo-electrique-pliable-25km-h-jusqua-50km-t14\/"]}]},{"@type":"ImageObject","inLanguage":"fr-FR","@id":"https:\/\/hexagodis.com\/index.php\/produit\/engwe-velo-electrique-avec-batterie-amovible-48v-10ah-velos-electriques-14-pouces-velo-electrique-pliable-25km-h-jusqua-50km-t14\/#primaryimage","url":"https:\/\/hexagodis.com\/wp-content\/uploads\/2025\/08\/71cO-ocz49L._AC_SL1500_.jpg","contentUrl":"https:\/\/hexagodis.com\/wp-content\/uploads\/2025\/08\/71cO-ocz49L._AC_SL1500_.jpg","width":1236,"height":1452},{"@type":"BreadcrumbList","@id":"https:\/\/hexagodis.com\/index.php\/produit\/engwe-velo-electrique-avec-batterie-amovible-48v-10ah-velos-electriques-14-pouces-velo-electrique-pliable-25km-h-jusqua-50km-t14\/#breadcrumb","itemListElement":[{"@type":"ListItem","position":1,"name":"Accueil","item":"https:\/\/hexagodis.com\/"},{"@type":"ListItem","position":2,"name":"Boutique","item":"https:\/\/hexagodis.com\/index.php\/boutique\/"},{"@type":"ListItem","position":3,"name":"ENGWE V\u00e9lo \u00c9lectrique avec Batterie Amovible 48V 10Ah, V\u00e9los \u00c9lectriques 14 Pouces, Velo Electrique Pliable 25km\/h, Jusqu&rsquo;\u00e0 50km T14"}]},{"@type":"WebSite","@id":"https:\/\/hexagodis.com\/#website","url":"https:\/\/hexagodis.com\/","name":"Hexagodis","description":"Mat\u00e9riel de sport &amp; \u00e9quipement sportif","potentialAction":[{"@type":"SearchAction","target":{"@type":"EntryPoint","urlTemplate":"https:\/\/hexagodis.com\/?s={search_term_string}"},"query-input":{"@type":"PropertyValueSpecification","valueRequired":true,"valueName":"search_term_string"}}],"inLanguage":"fr-FR"}]}},"_links":{"self":[{"href":"https:\/\/hexagodis.com\/index.php\/wp-json\/wp\/v2\/product\/18154","targetHints":{"allow":["GET"]}}],"collection":[{"href":"https:\/\/hexagodis.com\/index.php\/wp-json\/wp\/v2\/product"}],"about":[{"href":"https:\/\/hexagodis.com\/index.php\/wp-json\/wp\/v2\/types\/product"}],"replies":[{"embeddable":true,"href":"https:\/\/hexagodis.com\/index.php\/wp-json\/wp\/v2\/comments?post=18154"}],"version-history":[{"count":2,"href":"https:\/\/hexagodis.com\/index.php\/wp-json\/wp\/v2\/product\/18154\/revisions"}],"predecessor-version":[{"id":18163,"href":"https:\/\/hexagodis.com\/index.php\/wp-json\/wp\/v2\/product\/18154\/revisions\/18163"}],"wp:featuredmedia":[{"embeddable":true,"href":"https:\/\/hexagodis.com\/index.php\/wp-json\/wp\/v2\/media\/18161"}],"wp:attachment":[{"href":"https:\/\/hexagodis.com\/index.php\/wp-json\/wp\/v2\/media?parent=18154"}],"wp:term":[{"taxonomy":"product_brand","embeddable":true,"href":"https:\/\/hexagodis.com\/index.php\/wp-json\/wp\/v2\/product_brand?post=18154"},{"taxonomy":"product_cat","embeddable":true,"href":"https:\/\/hexagodis.com\/index.php\/wp-json\/wp\/v2\/product_cat?post=18154"},{"taxonomy":"product_tag","embeddable":true,"href":"https:\/\/hexagodis.com\/index.php\/wp-json\/wp\/v2\/product_tag?post=18154"}],"curies":[{"name":"wp","href":"https:\/\/api.w.org\/{rel}","templated":true}]}}