{"id":18126,"date":"2025-08-25T14:28:53","date_gmt":"2025-08-25T12:28:53","guid":{"rendered":"https:\/\/hexagodis.com\/?post_type=product&#038;p=18126"},"modified":"2025-08-25T14:28:53","modified_gmt":"2025-08-25T12:28:53","slug":"elekgo-velo-electrique-26-pouces-e-bike-hommes-femmes-36v-batterie-amovible-au-lithium-moteur-250w-mtb-vtt-avec-7-vitesses-velo-electrique-portee-de-plus-de-65km-sieges-absorbant-les-chocs-2","status":"publish","type":"product","link":"https:\/\/hexagodis.com\/index.php\/produit\/elekgo-velo-electrique-26-pouces-e-bike-hommes-femmes-36v-batterie-amovible-au-lithium-moteur-250w-mtb-vtt-avec-7-vitesses-velo-electrique-portee-de-plus-de-65km-sieges-absorbant-les-chocs-2\/","title":{"rendered":"ELEKGO V\u00e9lo \u00e9lectrique, 26 Pouces E Bike Hommes Femmes, 36V Batterie Amovible au Lithium, Moteur 250W MTB, VTT avec 7 Vitesses V\u00e9lo \u00e9lectrique port\u00e9e de Plus de 65KM, si\u00e8ges Absorbant Les Chocs"},"content":{"rendered":"<ul class=\"a-unordered-list a-vertical a-spacing-mini\">\n<li class=\"a-spacing-mini\"><span class=\"a-list-item\">Haute Performance: VTT \u00e9lectrique ELEKGO EG15, avec une vitesse maximale de 25 km\/h. Le puissant moteur de 250 W vous permet de profiter d&rsquo;un plaisir de conduite illimit\u00e9 ! L&rsquo;assistance au p\u00e9dalage vous garantit une conduite sans tracas en ville et lors de vos d\u00e9placements hors route<\/span><\/li>\n<li class=\"a-spacing-mini\"><span class=\"a-list-item\">Structure de haute qualit\u00e9: ELEKGO EG15 utilise des fourches avant amortissantes de haute qualit\u00e9 pour garantir une conduite en douceur et est \u00e9quip\u00e9 de freins \u00e0 disque \u00e0 l&rsquo;avant et \u00e0 l&rsquo;arri\u00e8re pour assurer la s\u00e9curit\u00e9 de vos d\u00e9placements. Il est \u00e9galement \u00e9quip\u00e9 d&rsquo;un syst\u00e8me de transmission \u00e0 7 vitesses, qui permet d&rsquo;ajuster la vitesse en fonction de vos diff\u00e9rents besoins<\/span><\/li>\n<li class=\"a-spacing-mini\"><span class=\"a-list-item\">Batterie amovible: Batterie amovible int\u00e9gr\u00e9e de 12 Ah, la batterie est \u00e9quip\u00e9e d&rsquo;un dispositif antivol m\u00e9canique ind\u00e9pendant. Le temps de charge est de 5,5 \u00e0 6 heures et l\u2019autonomie de croisi\u00e8re enti\u00e8rement charg\u00e9e est de 35 \u00e0 90 kilom\u00e8tres. Soyez toujours pr\u00eat pour votre voyage<\/span><\/li>\n<li class=\"a-spacing-mini\"><span class=\"a-list-item\">\u00c9cran LCD et si\u00e8ge amortisseur r\u00e9glable: L&rsquo;\u00e9cran LCD vous permet d&rsquo;obtenir l&rsquo;affichage de la vitesse, de la puissance, du kilom\u00e9trage et d&rsquo;autres informations en temps r\u00e9el pendant la conduite. Les utilisateurs peuvent r\u00e9gler librement la hauteur du si\u00e8ge en fonction de leur propre taille pour garantir une conduite confortable. Les si\u00e8ges dot\u00e9s d&rsquo;amortisseurs peuvent r\u00e9duire les chocs pendant la conduite<\/span><\/li>\n<li class=\"a-spacing-mini\"><span class=\"a-list-item\">Style \u00e0 la mode: Le style \u00e9l\u00e9gant, le design sportif et l&rsquo;\u00e9clairage LED lumineux du v\u00e9lo \u00e9lectrique ELEKGO EG15 vous permettent de profiter pleinement de la conduite en ville. Une pr\u00e9installation \u00e0 90 % en usine vous permet de terminer l&rsquo;assemblage plus rapidement apr\u00e8s r\u00e9ception de la marchandise<\/span><\/li>\n<\/ul>\n<p>&nbsp;<\/p>\n<h2>Informations sur le produit<\/h2>\n<div class=\"a-row\">\n<div class=\"a-column a-span12 a-span-last\">\n<div class=\"a-row a-spacing-top-base\">\n<div class=\"a-column a-span6\">\n<div class=\"a-row a-spacing-base\">\n<div class=\"a-row a-expander-container a-expander-extend-container\">\n<div class=\"a-expander-content a-expander-extend-content\" data-expanded=\"true\">\n<div class=\"a-row a-expander-container a-expander-inline-container\">\n<div class=\"a-expander-content a-expander-section-content a-section-expander-inner\" data-expanded=\"true\">\n<table id=\"productDetails_techSpec_section_1\" class=\"a-keyvalue prodDetTable\">\n<tbody>\n<tr>\n<th class=\"a-color-secondary a-size-base prodDetSectionEntry\">Tranche d&rsquo;\u00e2ge<\/th>\n<td class=\"a-size-base prodDetAttrValue\">\u200eAdulte<\/td>\n<\/tr>\n<tr>\n<th class=\"a-color-secondary a-size-base prodDetSectionEntry\">Type de v\u00e9lo<\/th>\n<td class=\"a-size-base prodDetAttrValue\">\u200eV\u00e9lo de montagne<\/td>\n<\/tr>\n<tr>\n<th class=\"a-color-secondary a-size-base prodDetSectionEntry\">Type de frein<\/th>\n<td class=\"a-size-base prodDetAttrValue\">\u200eDisque<\/td>\n<\/tr>\n<tr>\n<th class=\"a-color-secondary a-size-base prodDetSectionEntry\">Couleur<\/th>\n<td class=\"a-size-base prodDetAttrValue\">\u200eBleu<\/td>\n<\/tr>\n<tr>\n<th class=\"a-color-secondary a-size-base prodDetSectionEntry\">Taille<\/th>\n<td class=\"a-size-base prodDetAttrValue\">\u200e26 inch<\/td>\n<\/tr>\n<tr>\n<th class=\"a-color-secondary a-size-base prodDetSectionEntry\">Style<\/th>\n<td class=\"a-size-base prodDetAttrValue\">\u200eSporty<\/td>\n<\/tr>\n<tr>\n<th class=\"a-color-secondary a-size-base prodDetSectionEntry\">Mat\u00e9riau du cadre<\/th>\n<td class=\"a-size-base prodDetAttrValue\">\u200eAcier au carbone<\/td>\n<\/tr>\n<tr>\n<th class=\"a-color-secondary a-size-base prodDetSectionEntry\">Taille du cadre<\/th>\n<td class=\"a-size-base prodDetAttrValue\">\u200e26 Pouces<\/td>\n<\/tr>\n<tr>\n<th class=\"a-color-secondary a-size-base prodDetSectionEntry\">Type de mat\u00e9riau<\/th>\n<td class=\"a-size-base prodDetAttrValue\">\u200eAcier au carbone<\/td>\n<\/tr>\n<tr>\n<th class=\"a-color-secondary a-size-base prodDetSectionEntry\">Nombre de vitesses<\/th>\n<td class=\"a-size-base prodDetAttrValue\">\u200e7<\/td>\n<\/tr>\n<tr>\n<th class=\"a-color-secondary a-size-base prodDetSectionEntry\">Source d&rsquo;\u00e9nergie<\/th>\n<td class=\"a-size-base prodDetAttrValue\">\u200epile<\/td>\n<\/tr>\n<tr>\n<th class=\"a-color-secondary a-size-base prodDetSectionEntry\">Niveau de comp\u00e9tence<\/th>\n<td class=\"a-size-base prodDetAttrValue\">\u200eMoyen<\/td>\n<\/tr>\n<tr>\n<th class=\"a-color-secondary a-size-base prodDetSectionEntry\">Fonctionnalit\u00e9s<\/th>\n<td class=\"a-size-base prodDetAttrValue\">\u200eRechargeable<\/td>\n<\/tr>\n<tr>\n<th class=\"a-color-secondary a-size-base prodDetSectionEntry\">Usage<\/th>\n<td class=\"a-size-base prodDetAttrValue\">\u200ev\u00e9lo de ville, VTT, v\u00e9lo de loisirs<\/td>\n<\/tr>\n<tr>\n<th class=\"a-color-secondary a-size-base prodDetSectionEntry\">Suspension<\/th>\n<td class=\"a-size-base prodDetAttrValue\">\u200eSuspension fourche<\/td>\n<\/tr>\n<tr>\n<th class=\"a-color-secondary a-size-base prodDetSectionEntry\">Taille de la roue<\/th>\n<td class=\"a-size-base prodDetAttrValue\">\u200e26 Pouces<\/td>\n<\/tr>\n<tr>\n<th class=\"a-color-secondary a-size-base prodDetSectionEntry\">Watt<\/th>\n<td class=\"a-size-base prodDetAttrValue\">\u200e2.5E+2<\/td>\n<\/tr>\n<tr>\n<th class=\"a-color-secondary a-size-base prodDetSectionEntry\">Composants inclus<\/th>\n<td class=\"a-size-base prodDetAttrValue\">\u200eSi\u00e8ge absorbant les chocs, S\u00e9curit\u00e9 antivol, \u00c9cran LCD<\/td>\n<\/tr>\n<tr>\n<th class=\"a-color-secondary a-size-base prodDetSectionEntry\">Marque<\/th>\n<td class=\"a-size-base prodDetAttrValue\">\u200eELEKGO<\/td>\n<\/tr>\n<tr>\n<th class=\"a-color-secondary a-size-base prodDetSectionEntry\">Service<\/th>\n<td class=\"a-size-base prodDetAttrValue\">\u200eMixte<\/td>\n<\/tr>\n<tr>\n<th class=\"a-color-secondary a-size-base prodDetSectionEntry\">Fabricant<\/th>\n<td class=\"a-size-base prodDetAttrValue\">\u200eDongguan onesport Technology Co.,Ltd<\/td>\n<\/tr>\n<tr>\n<th class=\"a-color-secondary a-size-base prodDetSectionEntry\">Num\u00e9ro du mod\u00e8le de l&rsquo;article<\/th>\n<td class=\"a-size-base prodDetAttrValue\">\u200eEG15<\/td>\n<\/tr>\n<tr>\n<th class=\"a-color-secondary a-size-base prodDetSectionEntry\">Dimensions du produit (L x l x h)<\/th>\n<td class=\"a-size-base prodDetAttrValue\">\u200e183 x 63 x 107 cm; 30 kilogrammes<\/td>\n<\/tr>\n<\/tbody>\n<\/table>\n<\/div>\n<\/div>\n<\/div>\n<\/div>\n<\/div>\n<\/div>\n<\/div>\n<\/div>\n<\/div>\n","protected":false},"excerpt":{"rendered":"<table class=\"a-normal a-spacing-micro\" role=\"list\">\n<tbody>\n<tr class=\"a-spacing-small po-bike_type\" role=\"listitem\">\n<td class=\"a-span3\" role=\"presentation\"><span class=\"a-size-base a-text-bold\">Type de v\u00e9lo<\/span><\/td>\n<td class=\"a-span9\" role=\"presentation\"><span class=\"a-size-base po-break-word\">V\u00e9lo de montagne<\/span><\/td>\n<\/tr>\n<tr class=\"a-spacing-small po-age_range_description\" role=\"listitem\">\n<td class=\"a-span3\" role=\"presentation\"><span class=\"a-size-base a-text-bold\">Tranche d&rsquo;\u00e2ge (description)<\/span><\/td>\n<td class=\"a-span9\" role=\"presentation\"><span class=\"a-size-base po-break-word\">Adulte<\/span><\/td>\n<\/tr>\n<tr class=\"a-spacing-small po-brand\" role=\"listitem\">\n<td class=\"a-span3\" role=\"presentation\"><span class=\"a-size-base a-text-bold\">Marque<\/span><\/td>\n<td class=\"a-span9\" role=\"presentation\"><span class=\"a-size-base po-break-word\">ELEKGO<\/span><\/td>\n<\/tr>\n<tr class=\"a-spacing-small po-number_of_speeds\" role=\"listitem\">\n<td class=\"a-span3\" role=\"presentation\"><span class=\"a-size-base a-text-bold\">Nombre de vitesses<\/span><\/td>\n<td class=\"a-span9\" role=\"presentation\"><span class=\"a-size-base po-break-word\">7<\/span><\/td>\n<\/tr>\n<tr class=\"a-spacing-small po-color\" role=\"listitem\">\n<td class=\"a-span3\" role=\"presentation\"><span class=\"a-size-base a-text-bold\">Couleur<\/span><\/td>\n<td class=\"a-span9\" role=\"presentation\"><span class=\"a-size-base po-break-word\">Bleu<\/span><\/td>\n<\/tr>\n<tr class=\"a-spacing-small po-wheel.size\" role=\"listitem\">\n<td class=\"a-span3\" role=\"presentation\"><span class=\"a-size-base a-text-bold\">Taille de roue<\/span><\/td>\n<td class=\"a-span9\" role=\"presentation\"><span class=\"a-size-base po-break-word\">26 Pouces<\/span><\/td>\n<\/tr>\n<tr class=\"a-spacing-small po-frame.material\" role=\"listitem\">\n<td class=\"a-span3\" role=\"presentation\"><span class=\"a-size-base a-text-bold\">Mat\u00e9riau du cadre<\/span><\/td>\n<td class=\"a-span9\" role=\"presentation\"><span class=\"a-size-base po-break-word\">Acier au carbone<\/span><\/td>\n<\/tr>\n<tr class=\"a-spacing-small po-suspension_type\" role=\"listitem\">\n<td class=\"a-span3\" role=\"presentation\"><span class=\"a-size-base a-text-bold\">Type de suspension<\/span><\/td>\n<td class=\"a-span9\" role=\"presentation\"><span class=\"a-size-base po-break-word\">Suspension fourche<\/span><\/td>\n<\/tr>\n<tr class=\"a-spacing-small po-special_feature\" role=\"listitem\">\n<td class=\"a-span3\" role=\"presentation\"><span class=\"a-size-base a-text-bold\">Caract\u00e9ristique sp\u00e9ciale<\/span><\/td>\n<td class=\"a-span9\" role=\"presentation\"><span class=\"a-size-base po-break-word\">Rechargeable<\/span><\/td>\n<\/tr>\n<tr class=\"a-spacing-small po-included_components\" role=\"listitem\">\n<td class=\"a-span3\" role=\"presentation\"><span class=\"a-size-base a-text-bold\">Composants inclus<\/span><\/td>\n<td class=\"a-span9\" role=\"presentation\"><span class=\"a-size-base po-break-word\">Si\u00e8ge absorbant les chocs, S\u00e9curit\u00e9 antivol, \u00c9cran LCD<\/span><\/td>\n<\/tr>\n<\/tbody>\n<\/table>\n","protected":false},"featured_media":18127,"comment_status":"open","ping_status":"closed","template":"","meta":[],"product_brand":[],"product_cat":[78],"product_tag":[],"class_list":{"0":"post-18126","1":"product","2":"type-product","3":"status-publish","4":"has-post-thumbnail","6":"product_cat-velos-electriques","8":"first","9":"instock","10":"sale","11":"taxable","12":"shipping-taxable","13":"purchasable","14":"product-type-simple"},"yoast_head":"<!-- This site is optimized with the Yoast SEO plugin v24.8.1 - https:\/\/yoast.com\/wordpress\/plugins\/seo\/ -->\n<title>ELEKGO V\u00e9lo \u00e9lectrique, 26 Pouces E Bike Hommes Femmes, 36V Batterie Amovible au Lithium, Moteur 250W MTB, VTT avec 7 Vitesses V\u00e9lo \u00e9lectrique port\u00e9e de Plus de 65KM, si\u00e8ges Absorbant Les Chocs - Hexagodis<\/title>\n<meta name=\"robots\" content=\"index, follow, max-snippet:-1, max-image-preview:large, max-video-preview:-1\" \/>\n<link rel=\"canonical\" href=\"https:\/\/hexagodis.com\/index.php\/produit\/elekgo-velo-electrique-26-pouces-e-bike-hommes-femmes-36v-batterie-amovible-au-lithium-moteur-250w-mtb-vtt-avec-7-vitesses-velo-electrique-portee-de-plus-de-65km-sieges-absorbant-les-chocs-2\/\" \/>\n<meta property=\"og:locale\" content=\"fr_FR\" \/>\n<meta property=\"og:type\" content=\"article\" \/>\n<meta property=\"og:title\" content=\"ELEKGO V\u00e9lo \u00e9lectrique, 26 Pouces E Bike Hommes Femmes, 36V Batterie Amovible au Lithium, Moteur 250W MTB, VTT avec 7 Vitesses V\u00e9lo \u00e9lectrique port\u00e9e de Plus de 65KM, si\u00e8ges Absorbant Les Chocs - Hexagodis\" \/>\n<meta property=\"og:description\" content=\"Type de v\u00e9lo V\u00e9lo de montagne   Tranche d&#039;\u00e2ge (description) Adulte   Marque ELEKGO   Nombre de vitesses 7   Couleur Bleu   Taille de roue 26 Pouces   Mat\u00e9riau du cadre Acier au carbone   Type de suspension Suspension fourche   Caract\u00e9ristique sp\u00e9ciale Rechargeable   Composants inclus Si\u00e8ge absorbant les chocs, S\u00e9curit\u00e9 antivol, \u00c9cran LCD\" \/>\n<meta property=\"og:url\" content=\"https:\/\/hexagodis.com\/index.php\/produit\/elekgo-velo-electrique-26-pouces-e-bike-hommes-femmes-36v-batterie-amovible-au-lithium-moteur-250w-mtb-vtt-avec-7-vitesses-velo-electrique-portee-de-plus-de-65km-sieges-absorbant-les-chocs-2\/\" \/>\n<meta property=\"og:site_name\" content=\"Hexagodis\" \/>\n<meta property=\"og:image\" content=\"https:\/\/hexagodis.com\/wp-content\/uploads\/2025\/08\/719jQrhqERL._AC_SL1500_.jpg\" \/>\n\t<meta property=\"og:image:width\" content=\"1448\" \/>\n\t<meta property=\"og:image:height\" content=\"1500\" \/>\n\t<meta property=\"og:image:type\" content=\"image\/jpeg\" \/>\n<meta name=\"twitter:card\" content=\"summary_large_image\" \/>\n<meta name=\"twitter:label1\" content=\"Dur\u00e9e de lecture estim\u00e9e\" \/>\n\t<meta name=\"twitter:data1\" content=\"3 minutes\" \/>\n<script type=\"application\/ld+json\" class=\"yoast-schema-graph\">{\"@context\":\"https:\/\/schema.org\",\"@graph\":[{\"@type\":\"WebPage\",\"@id\":\"https:\/\/hexagodis.com\/index.php\/produit\/elekgo-velo-electrique-26-pouces-e-bike-hommes-femmes-36v-batterie-amovible-au-lithium-moteur-250w-mtb-vtt-avec-7-vitesses-velo-electrique-portee-de-plus-de-65km-sieges-absorbant-les-chocs-2\/\",\"url\":\"https:\/\/hexagodis.com\/index.php\/produit\/elekgo-velo-electrique-26-pouces-e-bike-hommes-femmes-36v-batterie-amovible-au-lithium-moteur-250w-mtb-vtt-avec-7-vitesses-velo-electrique-portee-de-plus-de-65km-sieges-absorbant-les-chocs-2\/\",\"name\":\"ELEKGO V\u00e9lo \u00e9lectrique, 26 Pouces E Bike Hommes Femmes, 36V Batterie Amovible au Lithium, Moteur 250W MTB, VTT avec 7 Vitesses V\u00e9lo \u00e9lectrique port\u00e9e de Plus de 65KM, si\u00e8ges Absorbant Les Chocs - Hexagodis\",\"isPartOf\":{\"@id\":\"https:\/\/hexagodis.com\/#website\"},\"primaryImageOfPage\":{\"@id\":\"https:\/\/hexagodis.com\/index.php\/produit\/elekgo-velo-electrique-26-pouces-e-bike-hommes-femmes-36v-batterie-amovible-au-lithium-moteur-250w-mtb-vtt-avec-7-vitesses-velo-electrique-portee-de-plus-de-65km-sieges-absorbant-les-chocs-2\/#primaryimage\"},\"image\":{\"@id\":\"https:\/\/hexagodis.com\/index.php\/produit\/elekgo-velo-electrique-26-pouces-e-bike-hommes-femmes-36v-batterie-amovible-au-lithium-moteur-250w-mtb-vtt-avec-7-vitesses-velo-electrique-portee-de-plus-de-65km-sieges-absorbant-les-chocs-2\/#primaryimage\"},\"thumbnailUrl\":\"https:\/\/hexagodis.com\/wp-content\/uploads\/2025\/08\/719jQrhqERL._AC_SL1500_.jpg\",\"datePublished\":\"2025-08-25T12:28:53+00:00\",\"breadcrumb\":{\"@id\":\"https:\/\/hexagodis.com\/index.php\/produit\/elekgo-velo-electrique-26-pouces-e-bike-hommes-femmes-36v-batterie-amovible-au-lithium-moteur-250w-mtb-vtt-avec-7-vitesses-velo-electrique-portee-de-plus-de-65km-sieges-absorbant-les-chocs-2\/#breadcrumb\"},\"inLanguage\":\"fr-FR\",\"potentialAction\":[{\"@type\":\"ReadAction\",\"target\":[\"https:\/\/hexagodis.com\/index.php\/produit\/elekgo-velo-electrique-26-pouces-e-bike-hommes-femmes-36v-batterie-amovible-au-lithium-moteur-250w-mtb-vtt-avec-7-vitesses-velo-electrique-portee-de-plus-de-65km-sieges-absorbant-les-chocs-2\/\"]}]},{\"@type\":\"ImageObject\",\"inLanguage\":\"fr-FR\",\"@id\":\"https:\/\/hexagodis.com\/index.php\/produit\/elekgo-velo-electrique-26-pouces-e-bike-hommes-femmes-36v-batterie-amovible-au-lithium-moteur-250w-mtb-vtt-avec-7-vitesses-velo-electrique-portee-de-plus-de-65km-sieges-absorbant-les-chocs-2\/#primaryimage\",\"url\":\"https:\/\/hexagodis.com\/wp-content\/uploads\/2025\/08\/719jQrhqERL._AC_SL1500_.jpg\",\"contentUrl\":\"https:\/\/hexagodis.com\/wp-content\/uploads\/2025\/08\/719jQrhqERL._AC_SL1500_.jpg\",\"width\":1448,\"height\":1500},{\"@type\":\"BreadcrumbList\",\"@id\":\"https:\/\/hexagodis.com\/index.php\/produit\/elekgo-velo-electrique-26-pouces-e-bike-hommes-femmes-36v-batterie-amovible-au-lithium-moteur-250w-mtb-vtt-avec-7-vitesses-velo-electrique-portee-de-plus-de-65km-sieges-absorbant-les-chocs-2\/#breadcrumb\",\"itemListElement\":[{\"@type\":\"ListItem\",\"position\":1,\"name\":\"Accueil\",\"item\":\"https:\/\/hexagodis.com\/\"},{\"@type\":\"ListItem\",\"position\":2,\"name\":\"Boutique\",\"item\":\"https:\/\/hexagodis.com\/index.php\/boutique\/\"},{\"@type\":\"ListItem\",\"position\":3,\"name\":\"ELEKGO V\u00e9lo \u00e9lectrique, 26 Pouces E Bike Hommes Femmes, 36V Batterie Amovible au Lithium, Moteur 250W MTB, VTT avec 7 Vitesses V\u00e9lo \u00e9lectrique port\u00e9e de Plus de 65KM, si\u00e8ges Absorbant Les Chocs\"}]},{\"@type\":\"WebSite\",\"@id\":\"https:\/\/hexagodis.com\/#website\",\"url\":\"https:\/\/hexagodis.com\/\",\"name\":\"Hexagodis\",\"description\":\"Mat\u00e9riel de sport &amp; \u00e9quipement sportif\",\"potentialAction\":[{\"@type\":\"SearchAction\",\"target\":{\"@type\":\"EntryPoint\",\"urlTemplate\":\"https:\/\/hexagodis.com\/?s={search_term_string}\"},\"query-input\":{\"@type\":\"PropertyValueSpecification\",\"valueRequired\":true,\"valueName\":\"search_term_string\"}}],\"inLanguage\":\"fr-FR\"}]}<\/script>\n<!-- \/ Yoast SEO plugin. -->","yoast_head_json":{"title":"ELEKGO V\u00e9lo \u00e9lectrique, 26 Pouces E Bike Hommes Femmes, 36V Batterie Amovible au Lithium, Moteur 250W MTB, VTT avec 7 Vitesses V\u00e9lo \u00e9lectrique port\u00e9e de Plus de 65KM, si\u00e8ges Absorbant Les Chocs - Hexagodis","robots":{"index":"index","follow":"follow","max-snippet":"max-snippet:-1","max-image-preview":"max-image-preview:large","max-video-preview":"max-video-preview:-1"},"canonical":"https:\/\/hexagodis.com\/index.php\/produit\/elekgo-velo-electrique-26-pouces-e-bike-hommes-femmes-36v-batterie-amovible-au-lithium-moteur-250w-mtb-vtt-avec-7-vitesses-velo-electrique-portee-de-plus-de-65km-sieges-absorbant-les-chocs-2\/","og_locale":"fr_FR","og_type":"article","og_title":"ELEKGO V\u00e9lo \u00e9lectrique, 26 Pouces E Bike Hommes Femmes, 36V Batterie Amovible au Lithium, Moteur 250W MTB, VTT avec 7 Vitesses V\u00e9lo \u00e9lectrique port\u00e9e de Plus de 65KM, si\u00e8ges Absorbant Les Chocs - Hexagodis","og_description":"Type de v\u00e9lo V\u00e9lo de montagne   Tranche d'\u00e2ge (description) Adulte   Marque ELEKGO   Nombre de vitesses 7   Couleur Bleu   Taille de roue 26 Pouces   Mat\u00e9riau du cadre Acier au carbone   Type de suspension Suspension fourche   Caract\u00e9ristique sp\u00e9ciale Rechargeable   Composants inclus Si\u00e8ge absorbant les chocs, S\u00e9curit\u00e9 antivol, \u00c9cran LCD","og_url":"https:\/\/hexagodis.com\/index.php\/produit\/elekgo-velo-electrique-26-pouces-e-bike-hommes-femmes-36v-batterie-amovible-au-lithium-moteur-250w-mtb-vtt-avec-7-vitesses-velo-electrique-portee-de-plus-de-65km-sieges-absorbant-les-chocs-2\/","og_site_name":"Hexagodis","og_image":[{"width":1448,"height":1500,"url":"https:\/\/hexagodis.com\/wp-content\/uploads\/2025\/08\/719jQrhqERL._AC_SL1500_.jpg","type":"image\/jpeg"}],"twitter_card":"summary_large_image","twitter_misc":{"Dur\u00e9e de lecture estim\u00e9e":"3 minutes"},"schema":{"@context":"https:\/\/schema.org","@graph":[{"@type":"WebPage","@id":"https:\/\/hexagodis.com\/index.php\/produit\/elekgo-velo-electrique-26-pouces-e-bike-hommes-femmes-36v-batterie-amovible-au-lithium-moteur-250w-mtb-vtt-avec-7-vitesses-velo-electrique-portee-de-plus-de-65km-sieges-absorbant-les-chocs-2\/","url":"https:\/\/hexagodis.com\/index.php\/produit\/elekgo-velo-electrique-26-pouces-e-bike-hommes-femmes-36v-batterie-amovible-au-lithium-moteur-250w-mtb-vtt-avec-7-vitesses-velo-electrique-portee-de-plus-de-65km-sieges-absorbant-les-chocs-2\/","name":"ELEKGO V\u00e9lo \u00e9lectrique, 26 Pouces E Bike Hommes Femmes, 36V Batterie Amovible au Lithium, Moteur 250W MTB, VTT avec 7 Vitesses V\u00e9lo \u00e9lectrique port\u00e9e de Plus de 65KM, si\u00e8ges Absorbant Les Chocs - Hexagodis","isPartOf":{"@id":"https:\/\/hexagodis.com\/#website"},"primaryImageOfPage":{"@id":"https:\/\/hexagodis.com\/index.php\/produit\/elekgo-velo-electrique-26-pouces-e-bike-hommes-femmes-36v-batterie-amovible-au-lithium-moteur-250w-mtb-vtt-avec-7-vitesses-velo-electrique-portee-de-plus-de-65km-sieges-absorbant-les-chocs-2\/#primaryimage"},"image":{"@id":"https:\/\/hexagodis.com\/index.php\/produit\/elekgo-velo-electrique-26-pouces-e-bike-hommes-femmes-36v-batterie-amovible-au-lithium-moteur-250w-mtb-vtt-avec-7-vitesses-velo-electrique-portee-de-plus-de-65km-sieges-absorbant-les-chocs-2\/#primaryimage"},"thumbnailUrl":"https:\/\/hexagodis.com\/wp-content\/uploads\/2025\/08\/719jQrhqERL._AC_SL1500_.jpg","datePublished":"2025-08-25T12:28:53+00:00","breadcrumb":{"@id":"https:\/\/hexagodis.com\/index.php\/produit\/elekgo-velo-electrique-26-pouces-e-bike-hommes-femmes-36v-batterie-amovible-au-lithium-moteur-250w-mtb-vtt-avec-7-vitesses-velo-electrique-portee-de-plus-de-65km-sieges-absorbant-les-chocs-2\/#breadcrumb"},"inLanguage":"fr-FR","potentialAction":[{"@type":"ReadAction","target":["https:\/\/hexagodis.com\/index.php\/produit\/elekgo-velo-electrique-26-pouces-e-bike-hommes-femmes-36v-batterie-amovible-au-lithium-moteur-250w-mtb-vtt-avec-7-vitesses-velo-electrique-portee-de-plus-de-65km-sieges-absorbant-les-chocs-2\/"]}]},{"@type":"ImageObject","inLanguage":"fr-FR","@id":"https:\/\/hexagodis.com\/index.php\/produit\/elekgo-velo-electrique-26-pouces-e-bike-hommes-femmes-36v-batterie-amovible-au-lithium-moteur-250w-mtb-vtt-avec-7-vitesses-velo-electrique-portee-de-plus-de-65km-sieges-absorbant-les-chocs-2\/#primaryimage","url":"https:\/\/hexagodis.com\/wp-content\/uploads\/2025\/08\/719jQrhqERL._AC_SL1500_.jpg","contentUrl":"https:\/\/hexagodis.com\/wp-content\/uploads\/2025\/08\/719jQrhqERL._AC_SL1500_.jpg","width":1448,"height":1500},{"@type":"BreadcrumbList","@id":"https:\/\/hexagodis.com\/index.php\/produit\/elekgo-velo-electrique-26-pouces-e-bike-hommes-femmes-36v-batterie-amovible-au-lithium-moteur-250w-mtb-vtt-avec-7-vitesses-velo-electrique-portee-de-plus-de-65km-sieges-absorbant-les-chocs-2\/#breadcrumb","itemListElement":[{"@type":"ListItem","position":1,"name":"Accueil","item":"https:\/\/hexagodis.com\/"},{"@type":"ListItem","position":2,"name":"Boutique","item":"https:\/\/hexagodis.com\/index.php\/boutique\/"},{"@type":"ListItem","position":3,"name":"ELEKGO V\u00e9lo \u00e9lectrique, 26 Pouces E Bike Hommes Femmes, 36V Batterie Amovible au Lithium, Moteur 250W MTB, VTT avec 7 Vitesses V\u00e9lo \u00e9lectrique port\u00e9e de Plus de 65KM, si\u00e8ges Absorbant Les Chocs"}]},{"@type":"WebSite","@id":"https:\/\/hexagodis.com\/#website","url":"https:\/\/hexagodis.com\/","name":"Hexagodis","description":"Mat\u00e9riel de sport &amp; \u00e9quipement sportif","potentialAction":[{"@type":"SearchAction","target":{"@type":"EntryPoint","urlTemplate":"https:\/\/hexagodis.com\/?s={search_term_string}"},"query-input":{"@type":"PropertyValueSpecification","valueRequired":true,"valueName":"search_term_string"}}],"inLanguage":"fr-FR"}]}},"_links":{"self":[{"href":"https:\/\/hexagodis.com\/index.php\/wp-json\/wp\/v2\/product\/18126","targetHints":{"allow":["GET"]}}],"collection":[{"href":"https:\/\/hexagodis.com\/index.php\/wp-json\/wp\/v2\/product"}],"about":[{"href":"https:\/\/hexagodis.com\/index.php\/wp-json\/wp\/v2\/types\/product"}],"replies":[{"embeddable":true,"href":"https:\/\/hexagodis.com\/index.php\/wp-json\/wp\/v2\/comments?post=18126"}],"version-history":[{"count":1,"href":"https:\/\/hexagodis.com\/index.php\/wp-json\/wp\/v2\/product\/18126\/revisions"}],"predecessor-version":[{"id":18134,"href":"https:\/\/hexagodis.com\/index.php\/wp-json\/wp\/v2\/product\/18126\/revisions\/18134"}],"wp:featuredmedia":[{"embeddable":true,"href":"https:\/\/hexagodis.com\/index.php\/wp-json\/wp\/v2\/media\/18127"}],"wp:attachment":[{"href":"https:\/\/hexagodis.com\/index.php\/wp-json\/wp\/v2\/media?parent=18126"}],"wp:term":[{"taxonomy":"product_brand","embeddable":true,"href":"https:\/\/hexagodis.com\/index.php\/wp-json\/wp\/v2\/product_brand?post=18126"},{"taxonomy":"product_cat","embeddable":true,"href":"https:\/\/hexagodis.com\/index.php\/wp-json\/wp\/v2\/product_cat?post=18126"},{"taxonomy":"product_tag","embeddable":true,"href":"https:\/\/hexagodis.com\/index.php\/wp-json\/wp\/v2\/product_tag?post=18126"}],"curies":[{"name":"wp","href":"https:\/\/api.w.org\/{rel}","templated":true}]}}