{"id":18106,"date":"2025-08-25T14:17:38","date_gmt":"2025-08-25T12:17:38","guid":{"rendered":"https:\/\/hexagodis.com\/?post_type=product&#038;p=18106"},"modified":"2025-08-25T14:17:38","modified_gmt":"2025-08-25T12:17:38","slug":"beiou-2016-700c-velo-de-route-shimano-105-velos-avec-un-cadre-11s-5800-velo-de-course-t800-m40-fibre-de-carbone-aero-183-lb-ultra-leger-cb013a-2-noir-et-rouge-500-mm","status":"publish","type":"product","link":"https:\/\/hexagodis.com\/index.php\/produit\/beiou-2016-700c-velo-de-route-shimano-105-velos-avec-un-cadre-11s-5800-velo-de-course-t800-m40-fibre-de-carbone-aero-183-lb-ultra-leger-cb013a-2-noir-et-rouge-500-mm\/","title":{"rendered":"BEIOU 2016 700C V\u00e9lo de Route Shimano 105 v\u00e9los avec Un Cadre 11S 5800 V\u00e9lo de Course T800-M40 Fibre de Carbone Aero 18,3 LB Ultra l\u00e9ger Cb013A-2 (Noir et Rouge, 500 mm)"},"content":{"rendered":"<h2>Informations sur le produit<\/h2>\n<div class=\"a-row\">\n<div class=\"a-column a-span12 a-span-last\">\n<div class=\"a-row a-spacing-top-base\">\n<div class=\"a-column a-span6\">\n<div class=\"a-row a-spacing-base\">\n<div class=\"a-row a-expander-container a-expander-extend-container\">\n<div class=\"a-expander-content a-expander-extend-content\" data-expanded=\"true\">\n<div class=\"a-row a-expander-container a-expander-inline-container\">\n<div class=\"a-expander-content a-expander-section-content a-section-expander-inner\" data-expanded=\"true\">\n<table id=\"productDetails_techSpec_section_1\" class=\"a-keyvalue prodDetTable\">\n<tbody>\n<tr>\n<th class=\"a-color-secondary a-size-base prodDetSectionEntry\">Tranche d&rsquo;\u00e2ge<\/th>\n<td class=\"a-size-base prodDetAttrValue\">\u200eAdulte<\/td>\n<\/tr>\n<tr>\n<th class=\"a-color-secondary a-size-base prodDetSectionEntry\">Type de v\u00e9lo<\/th>\n<td class=\"a-size-base prodDetAttrValue\">\u200eV\u00e9lo de route<\/td>\n<\/tr>\n<tr>\n<th class=\"a-color-secondary a-size-base prodDetSectionEntry\">Type de frein<\/th>\n<td class=\"a-size-base prodDetAttrValue\">\u200eTirage lin\u00e9aire<\/td>\n<\/tr>\n<tr>\n<th class=\"a-color-secondary a-size-base prodDetSectionEntry\">Mat\u00e9riau du cadre<\/th>\n<td class=\"a-size-base prodDetAttrValue\">\u200eAluminium, Fibre de carbone<\/td>\n<\/tr>\n<tr>\n<th class=\"a-color-secondary a-size-base prodDetSectionEntry\">Hauteur<\/th>\n<td class=\"a-size-base prodDetAttrValue\">\u200e40 pouces<\/td>\n<\/tr>\n<tr>\n<th class=\"a-color-secondary a-size-base prodDetSectionEntry\">Longueur<\/th>\n<td class=\"a-size-base prodDetAttrValue\">\u200e67 pouces<\/td>\n<\/tr>\n<tr>\n<th class=\"a-color-secondary a-size-base prodDetSectionEntry\">Poids<\/th>\n<td class=\"a-size-base prodDetAttrValue\">\u200e18,3 Livres<\/td>\n<\/tr>\n<tr>\n<th class=\"a-color-secondary a-size-base prodDetSectionEntry\">Largeur<\/th>\n<td class=\"a-size-base prodDetAttrValue\">\u200e25 pouces<\/td>\n<\/tr>\n<tr>\n<th class=\"a-color-secondary a-size-base prodDetSectionEntry\">Nombre de vitesses<\/th>\n<td class=\"a-size-base prodDetAttrValue\">\u200e11<\/td>\n<\/tr>\n<tr>\n<th class=\"a-color-secondary a-size-base prodDetSectionEntry\">Fonctionnalit\u00e9s<\/th>\n<td class=\"a-size-base prodDetAttrValue\">\u200eL\u00e9g\u00e8re<\/td>\n<\/tr>\n<tr>\n<th class=\"a-color-secondary a-size-base prodDetSectionEntry\">Usage<\/th>\n<td class=\"a-size-base prodDetAttrValue\">\u200eRoute<\/td>\n<\/tr>\n<tr>\n<th class=\"a-color-secondary a-size-base prodDetSectionEntry\">Suspension<\/th>\n<td class=\"a-size-base prodDetAttrValue\">\u200eSuspension fourche<\/td>\n<\/tr>\n<tr>\n<th class=\"a-color-secondary a-size-base prodDetSectionEntry\">Taille de la roue<\/th>\n<td class=\"a-size-base prodDetAttrValue\">\u200e29 Pouces<\/td>\n<\/tr>\n<tr>\n<th class=\"a-color-secondary a-size-base prodDetSectionEntry\">Composants inclus<\/th>\n<td class=\"a-size-base prodDetAttrValue\">\u200eP\u00e9dales, Cloche, R\u00e9flecteurs<\/td>\n<\/tr>\n<tr>\n<th class=\"a-color-secondary a-size-base prodDetSectionEntry\">Piles incluses ?<\/th>\n<td class=\"a-size-base prodDetAttrValue\">\u200eNon<\/td>\n<\/tr>\n<tr>\n<th class=\"a-color-secondary a-size-base prodDetSectionEntry\">Marque<\/th>\n<td class=\"a-size-base prodDetAttrValue\">\u200eBEIOU<\/td>\n<\/tr>\n<tr>\n<th class=\"a-color-secondary a-size-base prodDetSectionEntry\">Service<\/th>\n<td class=\"a-size-base prodDetAttrValue\">\u200eHomme<\/td>\n<\/tr>\n<tr>\n<th class=\"a-color-secondary a-size-base prodDetSectionEntry\">Num\u00e9ro du mod\u00e8le de l&rsquo;article<\/th>\n<td class=\"a-size-base prodDetAttrValue\">\u200eCB013A-2<\/td>\n<\/tr>\n<tr>\n<th class=\"a-color-secondary a-size-base prodDetSectionEntry\">Dimensions du produit (L x l x h)<\/th>\n<td class=\"a-size-base prodDetAttrValue\">\u200e170,18 x 63,5 x 101,6 cm; 8,3 kilogrammes<\/td>\n<\/tr>\n<\/tbody>\n<\/table>\n<\/div>\n<\/div>\n<\/div>\n<\/div>\n<\/div>\n<\/div>\n<\/div>\n<\/div>\n<\/div>\n<p>&nbsp;<\/p>\n<h2>Contenu du carton<\/h2>\n<ul>\n<li class=\"postpurchase-included-components-list-item\"><span class=\"a-list-item\">P\u00e9dales, Cloche, R\u00e9flecteurs<\/span><\/li>\n<\/ul>\n","protected":false},"excerpt":{"rendered":"<table class=\"a-normal a-spacing-micro\" role=\"list\">\n<tbody>\n<tr class=\"a-spacing-small po-bike_type\" role=\"listitem\">\n<td class=\"a-span3\" role=\"presentation\"><span class=\"a-size-base a-text-bold\">Type de v\u00e9lo<\/span><\/td>\n<td class=\"a-span9\" role=\"presentation\"><span class=\"a-size-base po-break-word\">V\u00e9lo de route<\/span><\/td>\n<\/tr>\n<tr class=\"a-spacing-small po-age_range_description\" role=\"listitem\">\n<td class=\"a-span3\" role=\"presentation\"><span class=\"a-size-base a-text-bold\">Tranche d&rsquo;\u00e2ge (description)<\/span><\/td>\n<td class=\"a-span9\" role=\"presentation\"><span class=\"a-size-base po-break-word\">Adulte<\/span><\/td>\n<\/tr>\n<tr class=\"a-spacing-small po-brand\" role=\"listitem\">\n<td class=\"a-span3\" role=\"presentation\"><span class=\"a-size-base a-text-bold\">Marque<\/span><\/td>\n<td class=\"a-span9\" role=\"presentation\"><span class=\"a-size-base po-break-word\">BEIOU<\/span><\/td>\n<\/tr>\n<tr class=\"a-spacing-small po-number_of_speeds\" role=\"listitem\">\n<td class=\"a-span3\" role=\"presentation\"><span class=\"a-size-base a-text-bold\">Nombre de vitesses<\/span><\/td>\n<td class=\"a-span9\" role=\"presentation\"><span class=\"a-size-base po-break-word\">11<\/span><\/td>\n<\/tr>\n<tr class=\"a-spacing-small po-wheel.size\" role=\"listitem\">\n<td class=\"a-span3\" role=\"presentation\"><span class=\"a-size-base a-text-bold\">Taille de roue<\/span><\/td>\n<td class=\"a-span9\" role=\"presentation\"><span class=\"a-size-base po-break-word\">29 Pouces<\/span><\/td>\n<\/tr>\n<tr class=\"a-spacing-small po-frame.material\" role=\"listitem\">\n<td class=\"a-span3\" role=\"presentation\"><span class=\"a-size-base a-text-bold\">Mat\u00e9riau du cadre<\/span><\/td>\n<td class=\"a-span9\" role=\"presentation\"><span class=\"a-size-base po-break-word\">Aluminium, Fibre de carbone<\/span><\/td>\n<\/tr>\n<tr class=\"a-spacing-small po-suspension_type\" role=\"listitem\">\n<td class=\"a-span3\" role=\"presentation\"><span class=\"a-size-base a-text-bold\">Type de suspension<\/span><\/td>\n<td class=\"a-span9\" role=\"presentation\"><span class=\"a-size-base po-break-word\">Suspension fourche<\/span><\/td>\n<\/tr>\n<tr class=\"a-spacing-small po-special_feature\" role=\"listitem\">\n<td class=\"a-span3\" role=\"presentation\"><span class=\"a-size-base a-text-bold\">Caract\u00e9ristique sp\u00e9ciale<\/span><\/td>\n<td class=\"a-span9\" role=\"presentation\"><span class=\"a-size-base po-break-word\">L\u00e9g\u00e8re<\/span><\/td>\n<\/tr>\n<tr class=\"a-spacing-small po-included_components\" role=\"listitem\">\n<td class=\"a-span3\" role=\"presentation\"><span class=\"a-size-base a-text-bold\">Composants inclus<\/span><\/td>\n<td class=\"a-span9\" role=\"presentation\"><span class=\"a-size-base po-break-word\">P\u00e9dales, Cloche, R\u00e9flecteurs<\/span><\/td>\n<\/tr>\n<tr class=\"a-spacing-small po-brake_style\" role=\"listitem\">\n<td class=\"a-span3\" role=\"presentation\"><span class=\"a-size-base a-text-bold\">Style de frein<\/span><\/td>\n<td class=\"a-span9\" role=\"presentation\"><span class=\"a-size-base po-break-word\">Tirage lin\u00e9aire<\/span><\/td>\n<\/tr>\n<\/tbody>\n<\/table>\n","protected":false},"featured_media":18114,"comment_status":"open","ping_status":"closed","template":"","meta":[],"product_brand":[],"product_cat":[255],"product_tag":[],"class_list":{"0":"post-18106","1":"product","2":"type-product","3":"status-publish","4":"has-post-thumbnail","6":"product_cat-velos-de-route","8":"first","9":"instock","10":"sale","11":"taxable","12":"shipping-taxable","13":"purchasable","14":"product-type-simple"},"yoast_head":"<!-- This site is optimized with the Yoast SEO plugin v24.8.1 - https:\/\/yoast.com\/wordpress\/plugins\/seo\/ -->\n<title>BEIOU 2016 700C V\u00e9lo de Route Shimano 105 v\u00e9los avec Un Cadre 11S 5800 V\u00e9lo de Course T800-M40 Fibre de Carbone Aero 18,3 LB Ultra l\u00e9ger Cb013A-2 (Noir et Rouge, 500 mm) - Hexagodis<\/title>\n<meta name=\"robots\" content=\"index, follow, max-snippet:-1, max-image-preview:large, max-video-preview:-1\" \/>\n<link rel=\"canonical\" href=\"https:\/\/hexagodis.com\/index.php\/produit\/beiou-2016-700c-velo-de-route-shimano-105-velos-avec-un-cadre-11s-5800-velo-de-course-t800-m40-fibre-de-carbone-aero-183-lb-ultra-leger-cb013a-2-noir-et-rouge-500-mm\/\" \/>\n<meta property=\"og:locale\" content=\"fr_FR\" \/>\n<meta property=\"og:type\" content=\"article\" \/>\n<meta property=\"og:title\" content=\"BEIOU 2016 700C V\u00e9lo de Route Shimano 105 v\u00e9los avec Un Cadre 11S 5800 V\u00e9lo de Course T800-M40 Fibre de Carbone Aero 18,3 LB Ultra l\u00e9ger Cb013A-2 (Noir et Rouge, 500 mm) - Hexagodis\" \/>\n<meta property=\"og:description\" content=\"Type de v\u00e9lo V\u00e9lo de route   Tranche d&#039;\u00e2ge (description) Adulte   Marque BEIOU   Nombre de vitesses 11   Taille de roue 29 Pouces   Mat\u00e9riau du cadre Aluminium, Fibre de carbone   Type de suspension Suspension fourche   Caract\u00e9ristique sp\u00e9ciale L\u00e9g\u00e8re   Composants inclus P\u00e9dales, Cloche, R\u00e9flecteurs   Style de frein Tirage lin\u00e9aire\" \/>\n<meta property=\"og:url\" content=\"https:\/\/hexagodis.com\/index.php\/produit\/beiou-2016-700c-velo-de-route-shimano-105-velos-avec-un-cadre-11s-5800-velo-de-course-t800-m40-fibre-de-carbone-aero-183-lb-ultra-leger-cb013a-2-noir-et-rouge-500-mm\/\" \/>\n<meta property=\"og:site_name\" content=\"Hexagodis\" \/>\n<meta property=\"og:image\" content=\"https:\/\/hexagodis.com\/wp-content\/uploads\/2025\/08\/81vzkggrNL._AC_SL1500_.jpg\" \/>\n\t<meta property=\"og:image:width\" content=\"1728\" \/>\n\t<meta property=\"og:image:height\" content=\"1120\" \/>\n\t<meta property=\"og:image:type\" content=\"image\/jpeg\" \/>\n<meta name=\"twitter:card\" content=\"summary_large_image\" \/>\n<meta name=\"twitter:label1\" content=\"Dur\u00e9e de lecture estim\u00e9e\" \/>\n\t<meta name=\"twitter:data1\" content=\"1 minute\" \/>\n<script type=\"application\/ld+json\" class=\"yoast-schema-graph\">{\"@context\":\"https:\/\/schema.org\",\"@graph\":[{\"@type\":\"WebPage\",\"@id\":\"https:\/\/hexagodis.com\/index.php\/produit\/beiou-2016-700c-velo-de-route-shimano-105-velos-avec-un-cadre-11s-5800-velo-de-course-t800-m40-fibre-de-carbone-aero-183-lb-ultra-leger-cb013a-2-noir-et-rouge-500-mm\/\",\"url\":\"https:\/\/hexagodis.com\/index.php\/produit\/beiou-2016-700c-velo-de-route-shimano-105-velos-avec-un-cadre-11s-5800-velo-de-course-t800-m40-fibre-de-carbone-aero-183-lb-ultra-leger-cb013a-2-noir-et-rouge-500-mm\/\",\"name\":\"BEIOU 2016 700C V\u00e9lo de Route Shimano 105 v\u00e9los avec Un Cadre 11S 5800 V\u00e9lo de Course T800-M40 Fibre de Carbone Aero 18,3 LB Ultra l\u00e9ger Cb013A-2 (Noir et Rouge, 500 mm) - Hexagodis\",\"isPartOf\":{\"@id\":\"https:\/\/hexagodis.com\/#website\"},\"primaryImageOfPage\":{\"@id\":\"https:\/\/hexagodis.com\/index.php\/produit\/beiou-2016-700c-velo-de-route-shimano-105-velos-avec-un-cadre-11s-5800-velo-de-course-t800-m40-fibre-de-carbone-aero-183-lb-ultra-leger-cb013a-2-noir-et-rouge-500-mm\/#primaryimage\"},\"image\":{\"@id\":\"https:\/\/hexagodis.com\/index.php\/produit\/beiou-2016-700c-velo-de-route-shimano-105-velos-avec-un-cadre-11s-5800-velo-de-course-t800-m40-fibre-de-carbone-aero-183-lb-ultra-leger-cb013a-2-noir-et-rouge-500-mm\/#primaryimage\"},\"thumbnailUrl\":\"https:\/\/hexagodis.com\/wp-content\/uploads\/2025\/08\/81vzkggrNL._AC_SL1500_.jpg\",\"datePublished\":\"2025-08-25T12:17:38+00:00\",\"breadcrumb\":{\"@id\":\"https:\/\/hexagodis.com\/index.php\/produit\/beiou-2016-700c-velo-de-route-shimano-105-velos-avec-un-cadre-11s-5800-velo-de-course-t800-m40-fibre-de-carbone-aero-183-lb-ultra-leger-cb013a-2-noir-et-rouge-500-mm\/#breadcrumb\"},\"inLanguage\":\"fr-FR\",\"potentialAction\":[{\"@type\":\"ReadAction\",\"target\":[\"https:\/\/hexagodis.com\/index.php\/produit\/beiou-2016-700c-velo-de-route-shimano-105-velos-avec-un-cadre-11s-5800-velo-de-course-t800-m40-fibre-de-carbone-aero-183-lb-ultra-leger-cb013a-2-noir-et-rouge-500-mm\/\"]}]},{\"@type\":\"ImageObject\",\"inLanguage\":\"fr-FR\",\"@id\":\"https:\/\/hexagodis.com\/index.php\/produit\/beiou-2016-700c-velo-de-route-shimano-105-velos-avec-un-cadre-11s-5800-velo-de-course-t800-m40-fibre-de-carbone-aero-183-lb-ultra-leger-cb013a-2-noir-et-rouge-500-mm\/#primaryimage\",\"url\":\"https:\/\/hexagodis.com\/wp-content\/uploads\/2025\/08\/81vzkggrNL._AC_SL1500_.jpg\",\"contentUrl\":\"https:\/\/hexagodis.com\/wp-content\/uploads\/2025\/08\/81vzkggrNL._AC_SL1500_.jpg\",\"width\":1728,\"height\":1120},{\"@type\":\"BreadcrumbList\",\"@id\":\"https:\/\/hexagodis.com\/index.php\/produit\/beiou-2016-700c-velo-de-route-shimano-105-velos-avec-un-cadre-11s-5800-velo-de-course-t800-m40-fibre-de-carbone-aero-183-lb-ultra-leger-cb013a-2-noir-et-rouge-500-mm\/#breadcrumb\",\"itemListElement\":[{\"@type\":\"ListItem\",\"position\":1,\"name\":\"Accueil\",\"item\":\"https:\/\/hexagodis.com\/\"},{\"@type\":\"ListItem\",\"position\":2,\"name\":\"Boutique\",\"item\":\"https:\/\/hexagodis.com\/index.php\/boutique\/\"},{\"@type\":\"ListItem\",\"position\":3,\"name\":\"BEIOU 2016 700C V\u00e9lo de Route Shimano 105 v\u00e9los avec Un Cadre 11S 5800 V\u00e9lo de Course T800-M40 Fibre de Carbone Aero 18,3 LB Ultra l\u00e9ger Cb013A-2 (Noir et Rouge, 500 mm)\"}]},{\"@type\":\"WebSite\",\"@id\":\"https:\/\/hexagodis.com\/#website\",\"url\":\"https:\/\/hexagodis.com\/\",\"name\":\"Hexagodis\",\"description\":\"Mat\u00e9riel de sport &amp; \u00e9quipement sportif\",\"potentialAction\":[{\"@type\":\"SearchAction\",\"target\":{\"@type\":\"EntryPoint\",\"urlTemplate\":\"https:\/\/hexagodis.com\/?s={search_term_string}\"},\"query-input\":{\"@type\":\"PropertyValueSpecification\",\"valueRequired\":true,\"valueName\":\"search_term_string\"}}],\"inLanguage\":\"fr-FR\"}]}<\/script>\n<!-- \/ Yoast SEO plugin. -->","yoast_head_json":{"title":"BEIOU 2016 700C V\u00e9lo de Route Shimano 105 v\u00e9los avec Un Cadre 11S 5800 V\u00e9lo de Course T800-M40 Fibre de Carbone Aero 18,3 LB Ultra l\u00e9ger Cb013A-2 (Noir et Rouge, 500 mm) - Hexagodis","robots":{"index":"index","follow":"follow","max-snippet":"max-snippet:-1","max-image-preview":"max-image-preview:large","max-video-preview":"max-video-preview:-1"},"canonical":"https:\/\/hexagodis.com\/index.php\/produit\/beiou-2016-700c-velo-de-route-shimano-105-velos-avec-un-cadre-11s-5800-velo-de-course-t800-m40-fibre-de-carbone-aero-183-lb-ultra-leger-cb013a-2-noir-et-rouge-500-mm\/","og_locale":"fr_FR","og_type":"article","og_title":"BEIOU 2016 700C V\u00e9lo de Route Shimano 105 v\u00e9los avec Un Cadre 11S 5800 V\u00e9lo de Course T800-M40 Fibre de Carbone Aero 18,3 LB Ultra l\u00e9ger Cb013A-2 (Noir et Rouge, 500 mm) - Hexagodis","og_description":"Type de v\u00e9lo V\u00e9lo de route   Tranche d'\u00e2ge (description) Adulte   Marque BEIOU   Nombre de vitesses 11   Taille de roue 29 Pouces   Mat\u00e9riau du cadre Aluminium, Fibre de carbone   Type de suspension Suspension fourche   Caract\u00e9ristique sp\u00e9ciale L\u00e9g\u00e8re   Composants inclus P\u00e9dales, Cloche, R\u00e9flecteurs   Style de frein Tirage lin\u00e9aire","og_url":"https:\/\/hexagodis.com\/index.php\/produit\/beiou-2016-700c-velo-de-route-shimano-105-velos-avec-un-cadre-11s-5800-velo-de-course-t800-m40-fibre-de-carbone-aero-183-lb-ultra-leger-cb013a-2-noir-et-rouge-500-mm\/","og_site_name":"Hexagodis","og_image":[{"width":1728,"height":1120,"url":"https:\/\/hexagodis.com\/wp-content\/uploads\/2025\/08\/81vzkggrNL._AC_SL1500_.jpg","type":"image\/jpeg"}],"twitter_card":"summary_large_image","twitter_misc":{"Dur\u00e9e de lecture estim\u00e9e":"1 minute"},"schema":{"@context":"https:\/\/schema.org","@graph":[{"@type":"WebPage","@id":"https:\/\/hexagodis.com\/index.php\/produit\/beiou-2016-700c-velo-de-route-shimano-105-velos-avec-un-cadre-11s-5800-velo-de-course-t800-m40-fibre-de-carbone-aero-183-lb-ultra-leger-cb013a-2-noir-et-rouge-500-mm\/","url":"https:\/\/hexagodis.com\/index.php\/produit\/beiou-2016-700c-velo-de-route-shimano-105-velos-avec-un-cadre-11s-5800-velo-de-course-t800-m40-fibre-de-carbone-aero-183-lb-ultra-leger-cb013a-2-noir-et-rouge-500-mm\/","name":"BEIOU 2016 700C V\u00e9lo de Route Shimano 105 v\u00e9los avec Un Cadre 11S 5800 V\u00e9lo de Course T800-M40 Fibre de Carbone Aero 18,3 LB Ultra l\u00e9ger Cb013A-2 (Noir et Rouge, 500 mm) - Hexagodis","isPartOf":{"@id":"https:\/\/hexagodis.com\/#website"},"primaryImageOfPage":{"@id":"https:\/\/hexagodis.com\/index.php\/produit\/beiou-2016-700c-velo-de-route-shimano-105-velos-avec-un-cadre-11s-5800-velo-de-course-t800-m40-fibre-de-carbone-aero-183-lb-ultra-leger-cb013a-2-noir-et-rouge-500-mm\/#primaryimage"},"image":{"@id":"https:\/\/hexagodis.com\/index.php\/produit\/beiou-2016-700c-velo-de-route-shimano-105-velos-avec-un-cadre-11s-5800-velo-de-course-t800-m40-fibre-de-carbone-aero-183-lb-ultra-leger-cb013a-2-noir-et-rouge-500-mm\/#primaryimage"},"thumbnailUrl":"https:\/\/hexagodis.com\/wp-content\/uploads\/2025\/08\/81vzkggrNL._AC_SL1500_.jpg","datePublished":"2025-08-25T12:17:38+00:00","breadcrumb":{"@id":"https:\/\/hexagodis.com\/index.php\/produit\/beiou-2016-700c-velo-de-route-shimano-105-velos-avec-un-cadre-11s-5800-velo-de-course-t800-m40-fibre-de-carbone-aero-183-lb-ultra-leger-cb013a-2-noir-et-rouge-500-mm\/#breadcrumb"},"inLanguage":"fr-FR","potentialAction":[{"@type":"ReadAction","target":["https:\/\/hexagodis.com\/index.php\/produit\/beiou-2016-700c-velo-de-route-shimano-105-velos-avec-un-cadre-11s-5800-velo-de-course-t800-m40-fibre-de-carbone-aero-183-lb-ultra-leger-cb013a-2-noir-et-rouge-500-mm\/"]}]},{"@type":"ImageObject","inLanguage":"fr-FR","@id":"https:\/\/hexagodis.com\/index.php\/produit\/beiou-2016-700c-velo-de-route-shimano-105-velos-avec-un-cadre-11s-5800-velo-de-course-t800-m40-fibre-de-carbone-aero-183-lb-ultra-leger-cb013a-2-noir-et-rouge-500-mm\/#primaryimage","url":"https:\/\/hexagodis.com\/wp-content\/uploads\/2025\/08\/81vzkggrNL._AC_SL1500_.jpg","contentUrl":"https:\/\/hexagodis.com\/wp-content\/uploads\/2025\/08\/81vzkggrNL._AC_SL1500_.jpg","width":1728,"height":1120},{"@type":"BreadcrumbList","@id":"https:\/\/hexagodis.com\/index.php\/produit\/beiou-2016-700c-velo-de-route-shimano-105-velos-avec-un-cadre-11s-5800-velo-de-course-t800-m40-fibre-de-carbone-aero-183-lb-ultra-leger-cb013a-2-noir-et-rouge-500-mm\/#breadcrumb","itemListElement":[{"@type":"ListItem","position":1,"name":"Accueil","item":"https:\/\/hexagodis.com\/"},{"@type":"ListItem","position":2,"name":"Boutique","item":"https:\/\/hexagodis.com\/index.php\/boutique\/"},{"@type":"ListItem","position":3,"name":"BEIOU 2016 700C V\u00e9lo de Route Shimano 105 v\u00e9los avec Un Cadre 11S 5800 V\u00e9lo de Course T800-M40 Fibre de Carbone Aero 18,3 LB Ultra l\u00e9ger Cb013A-2 (Noir et Rouge, 500 mm)"}]},{"@type":"WebSite","@id":"https:\/\/hexagodis.com\/#website","url":"https:\/\/hexagodis.com\/","name":"Hexagodis","description":"Mat\u00e9riel de sport &amp; \u00e9quipement sportif","potentialAction":[{"@type":"SearchAction","target":{"@type":"EntryPoint","urlTemplate":"https:\/\/hexagodis.com\/?s={search_term_string}"},"query-input":{"@type":"PropertyValueSpecification","valueRequired":true,"valueName":"search_term_string"}}],"inLanguage":"fr-FR"}]}},"_links":{"self":[{"href":"https:\/\/hexagodis.com\/index.php\/wp-json\/wp\/v2\/product\/18106","targetHints":{"allow":["GET"]}}],"collection":[{"href":"https:\/\/hexagodis.com\/index.php\/wp-json\/wp\/v2\/product"}],"about":[{"href":"https:\/\/hexagodis.com\/index.php\/wp-json\/wp\/v2\/types\/product"}],"replies":[{"embeddable":true,"href":"https:\/\/hexagodis.com\/index.php\/wp-json\/wp\/v2\/comments?post=18106"}],"version-history":[{"count":1,"href":"https:\/\/hexagodis.com\/index.php\/wp-json\/wp\/v2\/product\/18106\/revisions"}],"predecessor-version":[{"id":18115,"href":"https:\/\/hexagodis.com\/index.php\/wp-json\/wp\/v2\/product\/18106\/revisions\/18115"}],"wp:featuredmedia":[{"embeddable":true,"href":"https:\/\/hexagodis.com\/index.php\/wp-json\/wp\/v2\/media\/18114"}],"wp:attachment":[{"href":"https:\/\/hexagodis.com\/index.php\/wp-json\/wp\/v2\/media?parent=18106"}],"wp:term":[{"taxonomy":"product_brand","embeddable":true,"href":"https:\/\/hexagodis.com\/index.php\/wp-json\/wp\/v2\/product_brand?post=18106"},{"taxonomy":"product_cat","embeddable":true,"href":"https:\/\/hexagodis.com\/index.php\/wp-json\/wp\/v2\/product_cat?post=18106"},{"taxonomy":"product_tag","embeddable":true,"href":"https:\/\/hexagodis.com\/index.php\/wp-json\/wp\/v2\/product_tag?post=18106"}],"curies":[{"name":"wp","href":"https:\/\/api.w.org\/{rel}","templated":true}]}}