{"id":18093,"date":"2025-08-25T14:02:54","date_gmt":"2025-08-25T12:02:54","guid":{"rendered":"https:\/\/hexagodis.com\/?post_type=product&#038;p=18093"},"modified":"2025-08-25T14:02:54","modified_gmt":"2025-08-25T12:02:54","slug":"mu-26-pouces-velo-de-route-24-vitesses-velos-double-disque-de-frein-cadre-en-acier-au-carbone-a-haute-couleur-gris","status":"publish","type":"product","link":"https:\/\/hexagodis.com\/index.php\/produit\/mu-26-pouces-velo-de-route-24-vitesses-velos-double-disque-de-frein-cadre-en-acier-au-carbone-a-haute-couleur-gris\/","title":{"rendered":"MU 26 Pouces V\u00e9lo de Route, 24 Vitesses V\u00e9los, Double Disque de Frein, Cadre En Acier Au Carbone \u00c0 Haute, Couleur Gris"},"content":{"rendered":"<h2>Informations sur le produit<\/h2>\n<div class=\"a-row\">\n<div class=\"a-column a-span12 a-span-last\">\n<div class=\"a-row a-spacing-top-base\">\n<div class=\"a-column a-span6\">\n<div class=\"a-row a-spacing-base\">\n<div class=\"a-row a-expander-container a-expander-extend-container\">\n<div class=\"a-expander-content a-expander-extend-content\" data-expanded=\"true\">\n<div class=\"a-row a-expander-container a-expander-inline-container\">\n<div class=\"a-expander-content a-expander-section-content a-section-expander-inner\" data-expanded=\"true\">\n<table id=\"productDetails_techSpec_section_1\" class=\"a-keyvalue prodDetTable\">\n<tbody>\n<tr>\n<th class=\"a-color-secondary a-size-base prodDetSectionEntry\">Tranche d&rsquo;\u00e2ge<\/th>\n<td class=\"a-size-base prodDetAttrValue\">\u200eAdulte<\/td>\n<\/tr>\n<tr>\n<th class=\"a-color-secondary a-size-base prodDetSectionEntry\">Type de v\u00e9lo<\/th>\n<td class=\"a-size-base prodDetAttrValue\">\u200eV\u00e9lo de montagne<\/td>\n<\/tr>\n<tr>\n<th class=\"a-color-secondary a-size-base prodDetSectionEntry\">Type de frein<\/th>\n<td class=\"a-size-base prodDetAttrValue\">\u200eDisque<\/td>\n<\/tr>\n<tr>\n<th class=\"a-color-secondary a-size-base prodDetSectionEntry\">Mat\u00e9riau du cadre<\/th>\n<td class=\"a-size-base prodDetAttrValue\">\u200eAcier alli\u00e9<\/td>\n<\/tr>\n<tr>\n<th class=\"a-color-secondary a-size-base prodDetSectionEntry\">Nombre de vitesses<\/th>\n<td class=\"a-size-base prodDetAttrValue\">\u200e24<\/td>\n<\/tr>\n<tr>\n<th class=\"a-color-secondary a-size-base prodDetSectionEntry\">Suspension<\/th>\n<td class=\"a-size-base prodDetAttrValue\">\u200eSuspension fourche<\/td>\n<\/tr>\n<tr>\n<th class=\"a-color-secondary a-size-base prodDetSectionEntry\">Taille de la roue<\/th>\n<td class=\"a-size-base prodDetAttrValue\">\u200e26 Pouces<\/td>\n<\/tr>\n<tr>\n<th class=\"a-color-secondary a-size-base prodDetSectionEntry\">Marque<\/th>\n<td class=\"a-size-base prodDetAttrValue\">\u200eMU<\/td>\n<\/tr>\n<tr>\n<th class=\"a-color-secondary a-size-base prodDetSectionEntry\">R\u00e9f\u00e9rence constructeur<\/th>\n<td class=\"a-size-base prodDetAttrValue\">\u200e5716432323<\/td>\n<\/tr>\n<\/tbody>\n<\/table>\n<\/div>\n<\/div>\n<\/div>\n<\/div>\n<\/div>\n<\/div>\n<\/div>\n<\/div>\n<\/div>\n","protected":false},"excerpt":{"rendered":"<table class=\"a-normal a-spacing-micro\" role=\"list\">\n<tbody>\n<tr class=\"a-spacing-small po-bike_type\" role=\"listitem\">\n<td class=\"a-span3\" role=\"presentation\"><span class=\"a-size-base a-text-bold\">Type de v\u00e9lo<\/span><\/td>\n<td class=\"a-span9\" role=\"presentation\"><span class=\"a-size-base po-break-word\">V\u00e9lo de montagne<\/span><\/td>\n<\/tr>\n<tr class=\"a-spacing-small po-age_range_description\" role=\"listitem\">\n<td class=\"a-span3\" role=\"presentation\"><span class=\"a-size-base a-text-bold\">Tranche d&rsquo;\u00e2ge (description)<\/span><\/td>\n<td class=\"a-span9\" role=\"presentation\"><span class=\"a-size-base po-break-word\">Adulte<\/span><\/td>\n<\/tr>\n<tr class=\"a-spacing-small po-brand\" role=\"listitem\">\n<td class=\"a-span3\" role=\"presentation\"><span class=\"a-size-base a-text-bold\">Marque<\/span><\/td>\n<td class=\"a-span9\" role=\"presentation\"><span class=\"a-size-base po-break-word\">MU<\/span><\/td>\n<\/tr>\n<tr class=\"a-spacing-small po-number_of_speeds\" role=\"listitem\">\n<td class=\"a-span3\" role=\"presentation\"><span class=\"a-size-base a-text-bold\">Nombre de vitesses<\/span><\/td>\n<td class=\"a-span9\" role=\"presentation\"><span class=\"a-size-base po-break-word\">24<\/span><\/td>\n<\/tr>\n<tr class=\"a-spacing-small po-wheel.size\" role=\"listitem\">\n<td class=\"a-span3\" role=\"presentation\"><span class=\"a-size-base a-text-bold\">Taille de roue<\/span><\/td>\n<td class=\"a-span9\" role=\"presentation\"><span class=\"a-size-base po-break-word\">26 Pouces<\/span><\/td>\n<\/tr>\n<tr class=\"a-spacing-small po-frame.material\" role=\"listitem\">\n<td class=\"a-span3\" role=\"presentation\"><span class=\"a-size-base a-text-bold\">Mat\u00e9riau du cadre<\/span><\/td>\n<td class=\"a-span9\" role=\"presentation\"><span class=\"a-size-base po-break-word\">Acier alli\u00e9<\/span><\/td>\n<\/tr>\n<tr class=\"a-spacing-small po-suspension_type\" role=\"listitem\">\n<td class=\"a-span3\" role=\"presentation\"><span class=\"a-size-base a-text-bold\">Type de suspension<\/span><\/td>\n<td class=\"a-span9\" role=\"presentation\"><span class=\"a-size-base po-break-word\">Suspension fourche<\/span><\/td>\n<\/tr>\n<tr class=\"a-spacing-small po-brake_style\" role=\"listitem\">\n<td class=\"a-span3\" role=\"presentation\"><span class=\"a-size-base a-text-bold\">Style de frein<\/span><\/td>\n<td class=\"a-span9\" role=\"presentation\"><span class=\"a-size-base po-break-word\">Disque<\/span><\/td>\n<\/tr>\n<tr class=\"a-spacing-small po-maximum_weight_recommendation\" role=\"listitem\">\n<td class=\"a-span3\" role=\"presentation\"><span class=\"a-size-base a-text-bold\">Recommandation de poids maximum<\/span><\/td>\n<td class=\"a-span9\" role=\"presentation\"><span class=\"a-size-base po-break-word\">1.1E+2 Kilogrammes<\/span><\/td>\n<\/tr>\n<tr class=\"a-spacing-small po-is_assembly_required\" role=\"listitem\">\n<td class=\"a-span3\" role=\"presentation\"><span class=\"a-size-base a-text-bold\">Assemblage requis<\/span><\/td>\n<td class=\"a-span9\" role=\"presentation\"><span class=\"a-size-base po-break-word\">Oui<\/span><\/td>\n<\/tr>\n<\/tbody>\n<\/table>\n","protected":false},"featured_media":18094,"comment_status":"open","ping_status":"closed","template":"","meta":[],"product_brand":[],"product_cat":[255],"product_tag":[],"class_list":{"0":"post-18093","1":"product","2":"type-product","3":"status-publish","4":"has-post-thumbnail","6":"product_cat-velos-de-route","8":"first","9":"instock","10":"sale","11":"taxable","12":"shipping-taxable","13":"purchasable","14":"product-type-simple"},"yoast_head":"<!-- This site is optimized with the Yoast SEO plugin v24.8.1 - https:\/\/yoast.com\/wordpress\/plugins\/seo\/ -->\n<title>MU 26 Pouces V\u00e9lo de Route, 24 Vitesses V\u00e9los, Double Disque de Frein, Cadre En Acier Au Carbone \u00c0 Haute, Couleur Gris - Hexagodis<\/title>\n<meta name=\"robots\" content=\"index, follow, max-snippet:-1, max-image-preview:large, max-video-preview:-1\" \/>\n<link rel=\"canonical\" href=\"https:\/\/hexagodis.com\/index.php\/produit\/mu-26-pouces-velo-de-route-24-vitesses-velos-double-disque-de-frein-cadre-en-acier-au-carbone-a-haute-couleur-gris\/\" \/>\n<meta property=\"og:locale\" content=\"fr_FR\" \/>\n<meta property=\"og:type\" content=\"article\" \/>\n<meta property=\"og:title\" content=\"MU 26 Pouces V\u00e9lo de Route, 24 Vitesses V\u00e9los, Double Disque de Frein, Cadre En Acier Au Carbone \u00c0 Haute, Couleur Gris - Hexagodis\" \/>\n<meta property=\"og:description\" content=\"Type de v\u00e9lo V\u00e9lo de montagne   Tranche d&#039;\u00e2ge (description) Adulte   Marque MU   Nombre de vitesses 24   Taille de roue 26 Pouces   Mat\u00e9riau du cadre Acier alli\u00e9   Type de suspension Suspension fourche   Style de frein Disque   Recommandation de poids maximum 1.1E+2 Kilogrammes   Assemblage requis Oui\" \/>\n<meta property=\"og:url\" content=\"https:\/\/hexagodis.com\/index.php\/produit\/mu-26-pouces-velo-de-route-24-vitesses-velos-double-disque-de-frein-cadre-en-acier-au-carbone-a-haute-couleur-gris\/\" \/>\n<meta property=\"og:site_name\" content=\"Hexagodis\" \/>\n<meta property=\"og:image\" content=\"https:\/\/hexagodis.com\/wp-content\/uploads\/2025\/08\/612Vqy3fF2L._AC_SL1000_-removebg-preview.png\" \/>\n\t<meta property=\"og:image:width\" content=\"546\" \/>\n\t<meta property=\"og:image:height\" content=\"457\" \/>\n\t<meta property=\"og:image:type\" content=\"image\/png\" \/>\n<meta name=\"twitter:card\" content=\"summary_large_image\" \/>\n<meta name=\"twitter:label1\" content=\"Dur\u00e9e de lecture estim\u00e9e\" \/>\n\t<meta name=\"twitter:data1\" content=\"1 minute\" \/>\n<script type=\"application\/ld+json\" class=\"yoast-schema-graph\">{\"@context\":\"https:\/\/schema.org\",\"@graph\":[{\"@type\":\"WebPage\",\"@id\":\"https:\/\/hexagodis.com\/index.php\/produit\/mu-26-pouces-velo-de-route-24-vitesses-velos-double-disque-de-frein-cadre-en-acier-au-carbone-a-haute-couleur-gris\/\",\"url\":\"https:\/\/hexagodis.com\/index.php\/produit\/mu-26-pouces-velo-de-route-24-vitesses-velos-double-disque-de-frein-cadre-en-acier-au-carbone-a-haute-couleur-gris\/\",\"name\":\"MU 26 Pouces V\u00e9lo de Route, 24 Vitesses V\u00e9los, Double Disque de Frein, Cadre En Acier Au Carbone \u00c0 Haute, Couleur Gris - Hexagodis\",\"isPartOf\":{\"@id\":\"https:\/\/hexagodis.com\/#website\"},\"primaryImageOfPage\":{\"@id\":\"https:\/\/hexagodis.com\/index.php\/produit\/mu-26-pouces-velo-de-route-24-vitesses-velos-double-disque-de-frein-cadre-en-acier-au-carbone-a-haute-couleur-gris\/#primaryimage\"},\"image\":{\"@id\":\"https:\/\/hexagodis.com\/index.php\/produit\/mu-26-pouces-velo-de-route-24-vitesses-velos-double-disque-de-frein-cadre-en-acier-au-carbone-a-haute-couleur-gris\/#primaryimage\"},\"thumbnailUrl\":\"https:\/\/hexagodis.com\/wp-content\/uploads\/2025\/08\/612Vqy3fF2L._AC_SL1000_-removebg-preview.png\",\"datePublished\":\"2025-08-25T12:02:54+00:00\",\"breadcrumb\":{\"@id\":\"https:\/\/hexagodis.com\/index.php\/produit\/mu-26-pouces-velo-de-route-24-vitesses-velos-double-disque-de-frein-cadre-en-acier-au-carbone-a-haute-couleur-gris\/#breadcrumb\"},\"inLanguage\":\"fr-FR\",\"potentialAction\":[{\"@type\":\"ReadAction\",\"target\":[\"https:\/\/hexagodis.com\/index.php\/produit\/mu-26-pouces-velo-de-route-24-vitesses-velos-double-disque-de-frein-cadre-en-acier-au-carbone-a-haute-couleur-gris\/\"]}]},{\"@type\":\"ImageObject\",\"inLanguage\":\"fr-FR\",\"@id\":\"https:\/\/hexagodis.com\/index.php\/produit\/mu-26-pouces-velo-de-route-24-vitesses-velos-double-disque-de-frein-cadre-en-acier-au-carbone-a-haute-couleur-gris\/#primaryimage\",\"url\":\"https:\/\/hexagodis.com\/wp-content\/uploads\/2025\/08\/612Vqy3fF2L._AC_SL1000_-removebg-preview.png\",\"contentUrl\":\"https:\/\/hexagodis.com\/wp-content\/uploads\/2025\/08\/612Vqy3fF2L._AC_SL1000_-removebg-preview.png\",\"width\":546,\"height\":457},{\"@type\":\"BreadcrumbList\",\"@id\":\"https:\/\/hexagodis.com\/index.php\/produit\/mu-26-pouces-velo-de-route-24-vitesses-velos-double-disque-de-frein-cadre-en-acier-au-carbone-a-haute-couleur-gris\/#breadcrumb\",\"itemListElement\":[{\"@type\":\"ListItem\",\"position\":1,\"name\":\"Accueil\",\"item\":\"https:\/\/hexagodis.com\/\"},{\"@type\":\"ListItem\",\"position\":2,\"name\":\"Boutique\",\"item\":\"https:\/\/hexagodis.com\/index.php\/boutique\/\"},{\"@type\":\"ListItem\",\"position\":3,\"name\":\"MU 26 Pouces V\u00e9lo de Route, 24 Vitesses V\u00e9los, Double Disque de Frein, Cadre En Acier Au Carbone \u00c0 Haute, Couleur Gris\"}]},{\"@type\":\"WebSite\",\"@id\":\"https:\/\/hexagodis.com\/#website\",\"url\":\"https:\/\/hexagodis.com\/\",\"name\":\"Hexagodis\",\"description\":\"Mat\u00e9riel de sport &amp; \u00e9quipement sportif\",\"potentialAction\":[{\"@type\":\"SearchAction\",\"target\":{\"@type\":\"EntryPoint\",\"urlTemplate\":\"https:\/\/hexagodis.com\/?s={search_term_string}\"},\"query-input\":{\"@type\":\"PropertyValueSpecification\",\"valueRequired\":true,\"valueName\":\"search_term_string\"}}],\"inLanguage\":\"fr-FR\"}]}<\/script>\n<!-- \/ Yoast SEO plugin. -->","yoast_head_json":{"title":"MU 26 Pouces V\u00e9lo de Route, 24 Vitesses V\u00e9los, Double Disque de Frein, Cadre En Acier Au Carbone \u00c0 Haute, Couleur Gris - Hexagodis","robots":{"index":"index","follow":"follow","max-snippet":"max-snippet:-1","max-image-preview":"max-image-preview:large","max-video-preview":"max-video-preview:-1"},"canonical":"https:\/\/hexagodis.com\/index.php\/produit\/mu-26-pouces-velo-de-route-24-vitesses-velos-double-disque-de-frein-cadre-en-acier-au-carbone-a-haute-couleur-gris\/","og_locale":"fr_FR","og_type":"article","og_title":"MU 26 Pouces V\u00e9lo de Route, 24 Vitesses V\u00e9los, Double Disque de Frein, Cadre En Acier Au Carbone \u00c0 Haute, Couleur Gris - Hexagodis","og_description":"Type de v\u00e9lo V\u00e9lo de montagne   Tranche d'\u00e2ge (description) Adulte   Marque MU   Nombre de vitesses 24   Taille de roue 26 Pouces   Mat\u00e9riau du cadre Acier alli\u00e9   Type de suspension Suspension fourche   Style de frein Disque   Recommandation de poids maximum 1.1E+2 Kilogrammes   Assemblage requis Oui","og_url":"https:\/\/hexagodis.com\/index.php\/produit\/mu-26-pouces-velo-de-route-24-vitesses-velos-double-disque-de-frein-cadre-en-acier-au-carbone-a-haute-couleur-gris\/","og_site_name":"Hexagodis","og_image":[{"width":546,"height":457,"url":"https:\/\/hexagodis.com\/wp-content\/uploads\/2025\/08\/612Vqy3fF2L._AC_SL1000_-removebg-preview.png","type":"image\/png"}],"twitter_card":"summary_large_image","twitter_misc":{"Dur\u00e9e de lecture estim\u00e9e":"1 minute"},"schema":{"@context":"https:\/\/schema.org","@graph":[{"@type":"WebPage","@id":"https:\/\/hexagodis.com\/index.php\/produit\/mu-26-pouces-velo-de-route-24-vitesses-velos-double-disque-de-frein-cadre-en-acier-au-carbone-a-haute-couleur-gris\/","url":"https:\/\/hexagodis.com\/index.php\/produit\/mu-26-pouces-velo-de-route-24-vitesses-velos-double-disque-de-frein-cadre-en-acier-au-carbone-a-haute-couleur-gris\/","name":"MU 26 Pouces V\u00e9lo de Route, 24 Vitesses V\u00e9los, Double Disque de Frein, Cadre En Acier Au Carbone \u00c0 Haute, Couleur Gris - Hexagodis","isPartOf":{"@id":"https:\/\/hexagodis.com\/#website"},"primaryImageOfPage":{"@id":"https:\/\/hexagodis.com\/index.php\/produit\/mu-26-pouces-velo-de-route-24-vitesses-velos-double-disque-de-frein-cadre-en-acier-au-carbone-a-haute-couleur-gris\/#primaryimage"},"image":{"@id":"https:\/\/hexagodis.com\/index.php\/produit\/mu-26-pouces-velo-de-route-24-vitesses-velos-double-disque-de-frein-cadre-en-acier-au-carbone-a-haute-couleur-gris\/#primaryimage"},"thumbnailUrl":"https:\/\/hexagodis.com\/wp-content\/uploads\/2025\/08\/612Vqy3fF2L._AC_SL1000_-removebg-preview.png","datePublished":"2025-08-25T12:02:54+00:00","breadcrumb":{"@id":"https:\/\/hexagodis.com\/index.php\/produit\/mu-26-pouces-velo-de-route-24-vitesses-velos-double-disque-de-frein-cadre-en-acier-au-carbone-a-haute-couleur-gris\/#breadcrumb"},"inLanguage":"fr-FR","potentialAction":[{"@type":"ReadAction","target":["https:\/\/hexagodis.com\/index.php\/produit\/mu-26-pouces-velo-de-route-24-vitesses-velos-double-disque-de-frein-cadre-en-acier-au-carbone-a-haute-couleur-gris\/"]}]},{"@type":"ImageObject","inLanguage":"fr-FR","@id":"https:\/\/hexagodis.com\/index.php\/produit\/mu-26-pouces-velo-de-route-24-vitesses-velos-double-disque-de-frein-cadre-en-acier-au-carbone-a-haute-couleur-gris\/#primaryimage","url":"https:\/\/hexagodis.com\/wp-content\/uploads\/2025\/08\/612Vqy3fF2L._AC_SL1000_-removebg-preview.png","contentUrl":"https:\/\/hexagodis.com\/wp-content\/uploads\/2025\/08\/612Vqy3fF2L._AC_SL1000_-removebg-preview.png","width":546,"height":457},{"@type":"BreadcrumbList","@id":"https:\/\/hexagodis.com\/index.php\/produit\/mu-26-pouces-velo-de-route-24-vitesses-velos-double-disque-de-frein-cadre-en-acier-au-carbone-a-haute-couleur-gris\/#breadcrumb","itemListElement":[{"@type":"ListItem","position":1,"name":"Accueil","item":"https:\/\/hexagodis.com\/"},{"@type":"ListItem","position":2,"name":"Boutique","item":"https:\/\/hexagodis.com\/index.php\/boutique\/"},{"@type":"ListItem","position":3,"name":"MU 26 Pouces V\u00e9lo de Route, 24 Vitesses V\u00e9los, Double Disque de Frein, Cadre En Acier Au Carbone \u00c0 Haute, Couleur Gris"}]},{"@type":"WebSite","@id":"https:\/\/hexagodis.com\/#website","url":"https:\/\/hexagodis.com\/","name":"Hexagodis","description":"Mat\u00e9riel de sport &amp; \u00e9quipement sportif","potentialAction":[{"@type":"SearchAction","target":{"@type":"EntryPoint","urlTemplate":"https:\/\/hexagodis.com\/?s={search_term_string}"},"query-input":{"@type":"PropertyValueSpecification","valueRequired":true,"valueName":"search_term_string"}}],"inLanguage":"fr-FR"}]}},"_links":{"self":[{"href":"https:\/\/hexagodis.com\/index.php\/wp-json\/wp\/v2\/product\/18093","targetHints":{"allow":["GET"]}}],"collection":[{"href":"https:\/\/hexagodis.com\/index.php\/wp-json\/wp\/v2\/product"}],"about":[{"href":"https:\/\/hexagodis.com\/index.php\/wp-json\/wp\/v2\/types\/product"}],"replies":[{"embeddable":true,"href":"https:\/\/hexagodis.com\/index.php\/wp-json\/wp\/v2\/comments?post=18093"}],"version-history":[{"count":1,"href":"https:\/\/hexagodis.com\/index.php\/wp-json\/wp\/v2\/product\/18093\/revisions"}],"predecessor-version":[{"id":18100,"href":"https:\/\/hexagodis.com\/index.php\/wp-json\/wp\/v2\/product\/18093\/revisions\/18100"}],"wp:featuredmedia":[{"embeddable":true,"href":"https:\/\/hexagodis.com\/index.php\/wp-json\/wp\/v2\/media\/18094"}],"wp:attachment":[{"href":"https:\/\/hexagodis.com\/index.php\/wp-json\/wp\/v2\/media?parent=18093"}],"wp:term":[{"taxonomy":"product_brand","embeddable":true,"href":"https:\/\/hexagodis.com\/index.php\/wp-json\/wp\/v2\/product_brand?post=18093"},{"taxonomy":"product_cat","embeddable":true,"href":"https:\/\/hexagodis.com\/index.php\/wp-json\/wp\/v2\/product_cat?post=18093"},{"taxonomy":"product_tag","embeddable":true,"href":"https:\/\/hexagodis.com\/index.php\/wp-json\/wp\/v2\/product_tag?post=18093"}],"curies":[{"name":"wp","href":"https:\/\/api.w.org\/{rel}","templated":true}]}}