{"id":18071,"date":"2025-08-25T13:40:20","date_gmt":"2025-08-25T11:40:20","guid":{"rendered":"https:\/\/hexagodis.com\/?post_type=product&#038;p=18071"},"modified":"2025-08-25T13:40:20","modified_gmt":"2025-08-25T11:40:20","slug":"mu-26-pouces-velo-de-route-24-vitesses-velo-double-disque-de-frein-acier-au-carbone-cadre","status":"publish","type":"product","link":"https:\/\/hexagodis.com\/index.php\/produit\/mu-26-pouces-velo-de-route-24-vitesses-velo-double-disque-de-frein-acier-au-carbone-cadre\/","title":{"rendered":"MU 26 Pouces V\u00e9lo de Route, 24 Vitesses V\u00e9lo, Double Disque De Frein, Acier Au Carbone Cadre"},"content":{"rendered":"<ul class=\"a-unordered-list a-vertical a-spacing-mini\">\n<li class=\"a-spacing-mini\"><span class=\"a-list-item\">Durable : la plupart du temps, les choses sont faites \u00e0 bon march\u00e9 et sont cass\u00e9es avant qu&rsquo;elles ne se manifestent.<\/span><\/li>\n<li class=\"a-spacing-mini\"><span class=\"a-list-item\">Selle \u00e9lastique : selle en \u00e9ponge de m\u00e9moire, en cuir, texture belle, antid\u00e9rapante, r\u00e9sistante \u00e0 l&rsquo;usure, respirante, confortable, \u00e0 long terme, le cyclisme ne fatigue pas.<\/span><\/li>\n<li class=\"a-spacing-mini\"><span class=\"a-list-item\">Changement de vitesse sp\u00e9cial : avec un design bras cass\u00e9, le processus de changement de vitesse est plus rapide, plus pr\u00e9cis et a une plus grande autod\u00e9termination. Huit roues tour positionnement sont fabriqu\u00e9es en mat\u00e9riau acier fin et sont finies par usinage CNC. L&rsquo;angle d&rsquo;inclinaison d&rsquo;auto-d\u00e9termin\u00e9 peut faire la cha\u00eene facilement entrer l&rsquo;herbe et faire le changement de vitesse plus rapide et plus facile.<\/span><\/li>\n<li class=\"a-spacing-mini\"><span class=\"a-list-item\">Frein \u00e0 disque double m\u00e9canique : freinage rapide. L&rsquo;installation de freinage adopte un frein \u00e0 disque m\u00e9canique sp\u00e9cial pour les VTT. Le frein \u00e0 disque m\u00e9canique peut ignorer le mauvais temps et peut encore facilement frein, vous fournit la protection la plus puissante.<\/span><\/li>\n<li class=\"a-spacing-mini\"><span class=\"a-list-item\">24 vitesses de d\u00e9placement de la route syst\u00e8me de v\u00e9los peuvent garantir des freins pour la s\u00e9curit\u00e9 \u00e0 n&rsquo;importe quelle vitesse pendant le cyclisme.<\/span><\/li>\n<\/ul>\n<p>&nbsp;<\/p>\n<p>&nbsp;<\/p>\n<div class=\"a-row\">\n<div class=\"a-column a-span6\">\n<h1 class=\"a-size-medium a-spacing-small\">Descriptif technique<\/h1>\n<\/div>\n<\/div>\n<div class=\"a-expander-content a-expander-extend-content\" data-expanded=\"true\">\n<div class=\"a-row a-expander-container a-expander-inline-container\">\n<div class=\"a-expander-content a-expander-section-content a-section-expander-inner\" data-expanded=\"true\">\n<table id=\"productDetails_techSpec_section_1\" class=\"a-keyvalue prodDetTable\">\n<tbody>\n<tr>\n<th class=\"a-color-secondary a-size-base prodDetSectionEntry\">Tranche d&rsquo;\u00e2ge<\/th>\n<td class=\"a-size-base prodDetAttrValue\">\u200eAdulte<\/td>\n<\/tr>\n<tr>\n<th class=\"a-color-secondary a-size-base prodDetSectionEntry\">Type de v\u00e9lo<\/th>\n<td class=\"a-size-base prodDetAttrValue\">\u200eV\u00e9lo de montagne<\/td>\n<\/tr>\n<tr>\n<th class=\"a-color-secondary a-size-base prodDetSectionEntry\">Type de frein<\/th>\n<td class=\"a-size-base prodDetAttrValue\">\u200eDisque<\/td>\n<\/tr>\n<tr>\n<th class=\"a-color-secondary a-size-base prodDetSectionEntry\">Couleur<\/th>\n<td class=\"a-size-base prodDetAttrValue\">\u200eNoir<\/td>\n<\/tr>\n<tr>\n<th class=\"a-color-secondary a-size-base prodDetSectionEntry\">Mat\u00e9riau du cadre<\/th>\n<td class=\"a-size-base prodDetAttrValue\">\u200eAcier alli\u00e9<\/td>\n<\/tr>\n<tr>\n<th class=\"a-color-secondary a-size-base prodDetSectionEntry\">Nombre de vitesses<\/th>\n<td class=\"a-size-base prodDetAttrValue\">\u200e24<\/td>\n<\/tr>\n<tr>\n<th class=\"a-color-secondary a-size-base prodDetSectionEntry\">Source d&rsquo;\u00e9nergie<\/th>\n<td class=\"a-size-base prodDetAttrValue\">\u200ePedal Power<\/td>\n<\/tr>\n<tr>\n<th class=\"a-color-secondary a-size-base prodDetSectionEntry\">Fonctionnalit\u00e9s<\/th>\n<td class=\"a-size-base prodDetAttrValue\">\u200ePliable<\/td>\n<\/tr>\n<tr>\n<th class=\"a-color-secondary a-size-base prodDetSectionEntry\">Suspension<\/th>\n<td class=\"a-size-base prodDetAttrValue\">\u200eSuspension fourche<\/td>\n<\/tr>\n<tr>\n<th class=\"a-color-secondary a-size-base prodDetSectionEntry\">Taille de la roue<\/th>\n<td class=\"a-size-base prodDetAttrValue\">\u200e26 Pouces<\/td>\n<\/tr>\n<tr>\n<th class=\"a-color-secondary a-size-base prodDetSectionEntry\">Composants inclus<\/th>\n<td class=\"a-size-base prodDetAttrValue\">\u200eRoue avant, p\u00e9dales, guidon, selle, pneus non gonfl\u00e9s<\/td>\n<\/tr>\n<tr>\n<th class=\"a-color-secondary a-size-base prodDetSectionEntry\">Marque<\/th>\n<td class=\"a-size-base prodDetAttrValue\">\u200eMU<\/td>\n<\/tr>\n<tr>\n<th class=\"a-color-secondary a-size-base prodDetSectionEntry\">Fabricant<\/th>\n<td class=\"a-size-base prodDetAttrValue\">\u200eMU<\/td>\n<\/tr>\n<tr>\n<th class=\"a-color-secondary a-size-base prodDetSectionEntry\">R\u00e9f\u00e9rence constructeur<\/th>\n<td class=\"a-size-base prodDetAttrValue\">\u200e5716432323<\/td>\n<\/tr>\n<tr>\n<th class=\"a-color-secondary a-size-base prodDetSectionEntry\">Poids de l&rsquo;article<\/th>\n<td class=\"a-size-base prodDetAttrValue\">\u200e5 kilogrammes<\/td>\n<\/tr>\n<\/tbody>\n<\/table>\n<\/div>\n<\/div>\n<\/div>\n","protected":false},"excerpt":{"rendered":"<div id=\"twister_feature_div\" class=\"celwidget\" data-feature-name=\"twister\" data-csa-c-type=\"widget\" data-csa-c-content-id=\"twister\" data-csa-c-slot-id=\"twister_feature_div\" data-csa-c-asin=\"B08HN1KZ6W\" data-csa-c-is-in-initial-active-row=\"false\" data-csa-c-id=\"aohfsv-tgaace-hrjndm-z7njv9\">\n<div id=\"twister-plus-desktop-twister-container\" class=\"a-cardui-deck inline-twister-container-margins\" data-csa-c-content-id=\"twister-plus-inline-twister-container\" data-csa-c-slot-id=\"twister-plus-inline-twister-container\" data-csa-c-type=\"slot\" data-csa-c-id=\"ergg9g-uzumc0-oqv761-otq8m7\">\n<div id=\"twister-plus-inline-twister-card\" class=\"a-cardui inline-twister-card-padding\" data-a-card-type=\"basic\">\n<div class=\"a-cardui-body\">\n<div id=\"twister-plus-inline-twister\" class=\"a-section\">\n<div id=\"inline-twister-singleton-header-color_name\" class=\"a-section a-spacing-none inline-twister-singleton-header\"><span class=\"a-size-base a-color-secondary inline-twister-dim-title\">Couleur:\u00a0<\/span><span id=\"inline-twister-expanded-dimension-text-color_name\" class=\"a-size-base inline-twister-dim-title-value-truncate a-text-bold\">Noir<\/span><\/div>\n<\/div>\n<\/div>\n<\/div>\n<\/div>\n<\/div>\n<div id=\"bundles_feature_div\" class=\"celwidget\" data-feature-name=\"bundles\" data-csa-c-type=\"widget\" data-csa-c-content-id=\"bundles\" data-csa-c-slot-id=\"bundles_feature_div\" data-csa-c-asin=\"B08HN1KZ6W\" data-csa-c-is-in-initial-active-row=\"false\" data-csa-c-id=\"olw75g-i0wchg-61yd5n-j0cf6k\"><\/div>\n<div id=\"valueAdds_feature_div\" class=\"celwidget\" data-feature-name=\"valueAdds\" data-csa-c-type=\"widget\" data-csa-c-content-id=\"valueAdds\" data-csa-c-slot-id=\"valueAdds_feature_div\" data-csa-c-asin=\"B08HN1KZ6W\" data-csa-c-is-in-initial-active-row=\"false\" data-csa-c-id=\"5c7q84-v0j33m-78u4ok-k8bloa\"><\/div>\n<div id=\"veryHighValueMessage_feature_div\" class=\"celwidget\" data-feature-name=\"veryHighValueMessage\" data-csa-c-type=\"widget\" data-csa-c-content-id=\"veryHighValueMessage\" data-csa-c-slot-id=\"veryHighValueMessage_feature_div\" data-csa-c-asin=\"B08HN1KZ6W\" data-csa-c-is-in-initial-active-row=\"false\" data-csa-c-id=\"1inoeq-ntbd1t-4vj7-s50uoz\"><\/div>\n<div id=\"clickToContact_feature_div\" class=\"celwidget\" data-feature-name=\"clickToContact\" data-csa-c-type=\"widget\" data-csa-c-content-id=\"clickToContact\" data-csa-c-slot-id=\"clickToContact_feature_div\" data-csa-c-asin=\"B08HN1KZ6W\" data-csa-c-is-in-initial-active-row=\"false\" data-csa-c-id=\"f6f44n-re909q-3sbioc-eowfnt\"><\/div>\n<div id=\"smartHomeWidget_feature_div\" class=\"celwidget\" data-feature-name=\"smartHomeWidget\" data-csa-c-type=\"widget\" data-csa-c-content-id=\"smartHomeWidget\" data-csa-c-slot-id=\"smartHomeWidget_feature_div\" data-csa-c-asin=\"B08HN1KZ6W\" data-csa-c-is-in-initial-active-row=\"false\" data-csa-c-id=\"y7sp6j-4vfio3-jnhcgn-sn555s\"><\/div>\n<div id=\"renewedProgramDescriptionAtf_feature_div\" class=\"celwidget\" data-feature-name=\"renewedProgramDescriptionAtf\" data-csa-c-type=\"widget\" data-csa-c-content-id=\"renewedProgramDescriptionAtf\" data-csa-c-slot-id=\"renewedProgramDescriptionAtf_feature_div\" data-csa-c-asin=\"B08HN1KZ6W\" data-csa-c-is-in-initial-active-row=\"false\" data-csa-c-id=\"1opm4v-e080x4-hm6m7f-66ji2g\"><\/div>\n<div id=\"twisterPlusWWDesktop\" class=\"celwidget\" data-feature-name=\"twisterPlusWWDesktop\" data-csa-c-type=\"widget\" data-csa-c-content-id=\"twisterPlusWWDesktop\" data-csa-c-slot-id=\"twisterPlusWWDesktop\" data-csa-c-asin=\"B08HN1KZ6W\" data-csa-c-is-in-initial-active-row=\"false\" data-csa-c-id=\"24cnkt-k5jscv-6767nz-orvcwh\"><\/div>\n<div id=\"sizeChartV2Data_feature_div\" class=\"celwidget\" data-feature-name=\"sizeChartV2Data\" data-csa-c-type=\"widget\" data-csa-c-content-id=\"sizeChartV2Data\" data-csa-c-slot-id=\"sizeChartV2Data_feature_div\" data-csa-c-asin=\"B08HN1KZ6W\" data-csa-c-is-in-initial-active-row=\"false\" data-csa-c-id=\"4n3v0h-akg3q7-4zuieu-8g95xy\"><\/div>\n<div id=\"gestaltCustomizationSummary_feature_div\" class=\"celwidget\" data-feature-name=\"gestaltCustomizationSummary\" data-csa-c-type=\"widget\" data-csa-c-content-id=\"gestaltCustomizationSummary\" data-csa-c-slot-id=\"gestaltCustomizationSummary_feature_div\" data-csa-c-asin=\"B08HN1KZ6W\" data-csa-c-is-in-initial-active-row=\"false\" data-csa-c-id=\"l8rdz3-tlo9rm-2c7lgc-617si9\"><\/div>\n<div id=\"gestaltPredefinedCustomizations_feature_div\" class=\"celwidget\" data-feature-name=\"gestaltPredefinedCustomizations\" data-csa-c-type=\"widget\" data-csa-c-content-id=\"gestaltPredefinedCustomizations\" data-csa-c-slot-id=\"gestaltPredefinedCustomizations_feature_div\" data-csa-c-asin=\"B08HN1KZ6W\" data-csa-c-is-in-initial-active-row=\"false\" data-csa-c-id=\"vmxy3l-duu0r9-gfjrht-v82hhp\"><\/div>\n<div id=\"productOverview_feature_div\" class=\"celwidget\" data-feature-name=\"productOverview\" data-csa-c-type=\"widget\" data-csa-c-content-id=\"productOverview\" data-csa-c-slot-id=\"productOverview_feature_div\" data-csa-c-asin=\"B08HN1KZ6W\" data-csa-c-is-in-initial-active-row=\"false\" data-csa-c-id=\"ixivaa-sjhsbo-bn41kb-rotu3r\">\n<div id=\"poExpander\" class=\"a-expander-collapsed-height a-row a-expander-container a-spacing-none a-expander-partial-collapse-container\" data-a-expander-name=\"product_overview\" data-a-expander-collapsed-height=\"210\">\n<div class=\"a-expander-content a-expander-partial-collapse-content a-expander-content-expanded\" data-expanded=\"true\">\n<div class=\"a-section a-spacing-small a-spacing-top-small\">\n<table class=\"a-normal a-spacing-micro\" role=\"list\">\n<tbody>\n<tr class=\"a-spacing-small po-bike_type\" role=\"listitem\">\n<td class=\"a-span3\" role=\"presentation\"><span class=\"a-size-base a-text-bold\">Type de v\u00e9lo<\/span><\/td>\n<td class=\"a-span9\" role=\"presentation\"><span class=\"a-size-base po-break-word\">V\u00e9lo de montagne<\/span><\/td>\n<\/tr>\n<tr class=\"a-spacing-small po-age_range_description\" role=\"listitem\">\n<td class=\"a-span3\" role=\"presentation\"><span class=\"a-size-base a-text-bold\">Tranche d&rsquo;\u00e2ge (description)<\/span><\/td>\n<td class=\"a-span9\" role=\"presentation\"><span class=\"a-size-base po-break-word\">Adulte<\/span><\/td>\n<\/tr>\n<tr class=\"a-spacing-small po-brand\" role=\"listitem\">\n<td class=\"a-span3\" role=\"presentation\"><span class=\"a-size-base a-text-bold\">Marque<\/span><\/td>\n<td class=\"a-span9\" role=\"presentation\"><span class=\"a-size-base po-break-word\">MU<\/span><\/td>\n<\/tr>\n<tr class=\"a-spacing-small po-number_of_speeds\" role=\"listitem\">\n<td class=\"a-span3\" role=\"presentation\"><span class=\"a-size-base a-text-bold\">Nombre de vitesses<\/span><\/td>\n<td class=\"a-span9\" role=\"presentation\"><span class=\"a-size-base po-break-word\">24<\/span><\/td>\n<\/tr>\n<tr class=\"a-spacing-small po-color\" role=\"listitem\">\n<td class=\"a-span3\" role=\"presentation\"><span class=\"a-size-base a-text-bold\">Couleur<\/span><\/td>\n<td class=\"a-span9\" role=\"presentation\"><span class=\"a-size-base po-break-word\">Noir<\/span><\/td>\n<\/tr>\n<tr class=\"a-spacing-small po-wheel.size\" role=\"listitem\">\n<td class=\"a-span3\" role=\"presentation\"><span class=\"a-size-base a-text-bold\">Taille de roue<\/span><\/td>\n<td class=\"a-span9\" role=\"presentation\"><span class=\"a-size-base po-break-word\">26 Pouces<\/span><\/td>\n<\/tr>\n<tr class=\"a-spacing-small po-frame.material\" role=\"listitem\">\n<td class=\"a-span3\" role=\"presentation\"><span class=\"a-size-base a-text-bold\">Mat\u00e9riau du cadre<\/span><\/td>\n<td class=\"a-span9\" role=\"presentation\"><span class=\"a-size-base po-break-word\">Acier alli\u00e9<\/span><\/td>\n<\/tr>\n<tr class=\"a-spacing-small po-suspension_type\" role=\"listitem\">\n<td class=\"a-span3\" role=\"presentation\"><span class=\"a-size-base a-text-bold\">Type de suspension<\/span><\/td>\n<td class=\"a-span9\" role=\"presentation\"><span class=\"a-size-base po-break-word\">Suspension fourche<\/span><\/td>\n<\/tr>\n<tr class=\"a-spacing-small po-special_feature\" role=\"listitem\">\n<td class=\"a-span3\" role=\"presentation\"><span class=\"a-size-base a-text-bold\">Caract\u00e9ristique sp\u00e9ciale<\/span><\/td>\n<td class=\"a-span9\" role=\"presentation\"><span class=\"a-size-base po-break-word\">Pliable<\/span><\/td>\n<\/tr>\n<tr class=\"a-spacing-small po-included_components\" role=\"listitem\">\n<td class=\"a-span3\" role=\"presentation\"><span class=\"a-size-base a-text-bold\">Composants inclus<\/span><\/td>\n<td class=\"a-span9\" role=\"presentation\"><span class=\"a-size-base po-break-word\">Roue avant, p\u00e9dales, guidon, selle, pneus non gonfl\u00e9s<\/span><\/td>\n<\/tr>\n<\/tbody>\n<\/table>\n<\/div>\n<\/div>\n<\/div>\n<\/div>\n","protected":false},"featured_media":18072,"comment_status":"open","ping_status":"closed","template":"","meta":[],"product_brand":[],"product_cat":[255],"product_tag":[],"class_list":{"0":"post-18071","1":"product","2":"type-product","3":"status-publish","4":"has-post-thumbnail","6":"product_cat-velos-de-route","8":"first","9":"instock","10":"sale","11":"taxable","12":"shipping-taxable","13":"purchasable","14":"product-type-simple"},"yoast_head":"<!-- This site is optimized with the Yoast SEO plugin v24.8.1 - https:\/\/yoast.com\/wordpress\/plugins\/seo\/ -->\n<title>MU 26 Pouces V\u00e9lo de Route, 24 Vitesses V\u00e9lo, Double Disque De Frein, Acier Au Carbone Cadre - Hexagodis<\/title>\n<meta name=\"robots\" content=\"index, follow, max-snippet:-1, max-image-preview:large, max-video-preview:-1\" \/>\n<link rel=\"canonical\" href=\"https:\/\/hexagodis.com\/index.php\/produit\/mu-26-pouces-velo-de-route-24-vitesses-velo-double-disque-de-frein-acier-au-carbone-cadre\/\" \/>\n<meta property=\"og:locale\" content=\"fr_FR\" \/>\n<meta property=\"og:type\" content=\"article\" \/>\n<meta property=\"og:title\" content=\"MU 26 Pouces V\u00e9lo de Route, 24 Vitesses V\u00e9lo, Double Disque De Frein, Acier Au Carbone Cadre - Hexagodis\" \/>\n<meta property=\"og:description\" content=\"Couleur:\u00a0Noir                       Type de v\u00e9lo V\u00e9lo de montagne   Tranche d&#039;\u00e2ge (description) Adulte   Marque MU   Nombre de vitesses 24   Couleur Noir   Taille de roue 26 Pouces   Mat\u00e9riau du cadre Acier alli\u00e9   Type de suspension Suspension fourche   Caract\u00e9ristique sp\u00e9ciale Pliable   Composants inclus Roue avant, p\u00e9dales, guidon, selle, pneus non gonfl\u00e9s\" \/>\n<meta property=\"og:url\" content=\"https:\/\/hexagodis.com\/index.php\/produit\/mu-26-pouces-velo-de-route-24-vitesses-velo-double-disque-de-frein-acier-au-carbone-cadre\/\" \/>\n<meta property=\"og:site_name\" content=\"Hexagodis\" \/>\n<meta property=\"og:image\" content=\"https:\/\/hexagodis.com\/wp-content\/uploads\/2025\/08\/61VpgdmbNeL._AC_SL1000_-removebg-preview.png\" \/>\n\t<meta property=\"og:image:width\" content=\"546\" \/>\n\t<meta property=\"og:image:height\" content=\"457\" \/>\n\t<meta property=\"og:image:type\" content=\"image\/png\" \/>\n<meta name=\"twitter:card\" content=\"summary_large_image\" \/>\n<meta name=\"twitter:label1\" content=\"Dur\u00e9e de lecture estim\u00e9e\" \/>\n\t<meta name=\"twitter:data1\" content=\"2 minutes\" \/>\n<script type=\"application\/ld+json\" class=\"yoast-schema-graph\">{\"@context\":\"https:\/\/schema.org\",\"@graph\":[{\"@type\":\"WebPage\",\"@id\":\"https:\/\/hexagodis.com\/index.php\/produit\/mu-26-pouces-velo-de-route-24-vitesses-velo-double-disque-de-frein-acier-au-carbone-cadre\/\",\"url\":\"https:\/\/hexagodis.com\/index.php\/produit\/mu-26-pouces-velo-de-route-24-vitesses-velo-double-disque-de-frein-acier-au-carbone-cadre\/\",\"name\":\"MU 26 Pouces V\u00e9lo de Route, 24 Vitesses V\u00e9lo, Double Disque De Frein, Acier Au Carbone Cadre - Hexagodis\",\"isPartOf\":{\"@id\":\"https:\/\/hexagodis.com\/#website\"},\"primaryImageOfPage\":{\"@id\":\"https:\/\/hexagodis.com\/index.php\/produit\/mu-26-pouces-velo-de-route-24-vitesses-velo-double-disque-de-frein-acier-au-carbone-cadre\/#primaryimage\"},\"image\":{\"@id\":\"https:\/\/hexagodis.com\/index.php\/produit\/mu-26-pouces-velo-de-route-24-vitesses-velo-double-disque-de-frein-acier-au-carbone-cadre\/#primaryimage\"},\"thumbnailUrl\":\"https:\/\/hexagodis.com\/wp-content\/uploads\/2025\/08\/61VpgdmbNeL._AC_SL1000_-removebg-preview.png\",\"datePublished\":\"2025-08-25T11:40:20+00:00\",\"breadcrumb\":{\"@id\":\"https:\/\/hexagodis.com\/index.php\/produit\/mu-26-pouces-velo-de-route-24-vitesses-velo-double-disque-de-frein-acier-au-carbone-cadre\/#breadcrumb\"},\"inLanguage\":\"fr-FR\",\"potentialAction\":[{\"@type\":\"ReadAction\",\"target\":[\"https:\/\/hexagodis.com\/index.php\/produit\/mu-26-pouces-velo-de-route-24-vitesses-velo-double-disque-de-frein-acier-au-carbone-cadre\/\"]}]},{\"@type\":\"ImageObject\",\"inLanguage\":\"fr-FR\",\"@id\":\"https:\/\/hexagodis.com\/index.php\/produit\/mu-26-pouces-velo-de-route-24-vitesses-velo-double-disque-de-frein-acier-au-carbone-cadre\/#primaryimage\",\"url\":\"https:\/\/hexagodis.com\/wp-content\/uploads\/2025\/08\/61VpgdmbNeL._AC_SL1000_-removebg-preview.png\",\"contentUrl\":\"https:\/\/hexagodis.com\/wp-content\/uploads\/2025\/08\/61VpgdmbNeL._AC_SL1000_-removebg-preview.png\",\"width\":546,\"height\":457},{\"@type\":\"BreadcrumbList\",\"@id\":\"https:\/\/hexagodis.com\/index.php\/produit\/mu-26-pouces-velo-de-route-24-vitesses-velo-double-disque-de-frein-acier-au-carbone-cadre\/#breadcrumb\",\"itemListElement\":[{\"@type\":\"ListItem\",\"position\":1,\"name\":\"Accueil\",\"item\":\"https:\/\/hexagodis.com\/\"},{\"@type\":\"ListItem\",\"position\":2,\"name\":\"Boutique\",\"item\":\"https:\/\/hexagodis.com\/index.php\/boutique\/\"},{\"@type\":\"ListItem\",\"position\":3,\"name\":\"MU 26 Pouces V\u00e9lo de Route, 24 Vitesses V\u00e9lo, Double Disque De Frein, Acier Au Carbone Cadre\"}]},{\"@type\":\"WebSite\",\"@id\":\"https:\/\/hexagodis.com\/#website\",\"url\":\"https:\/\/hexagodis.com\/\",\"name\":\"Hexagodis\",\"description\":\"Mat\u00e9riel de sport &amp; \u00e9quipement sportif\",\"potentialAction\":[{\"@type\":\"SearchAction\",\"target\":{\"@type\":\"EntryPoint\",\"urlTemplate\":\"https:\/\/hexagodis.com\/?s={search_term_string}\"},\"query-input\":{\"@type\":\"PropertyValueSpecification\",\"valueRequired\":true,\"valueName\":\"search_term_string\"}}],\"inLanguage\":\"fr-FR\"}]}<\/script>\n<!-- \/ Yoast SEO plugin. -->","yoast_head_json":{"title":"MU 26 Pouces V\u00e9lo de Route, 24 Vitesses V\u00e9lo, Double Disque De Frein, Acier Au Carbone Cadre - Hexagodis","robots":{"index":"index","follow":"follow","max-snippet":"max-snippet:-1","max-image-preview":"max-image-preview:large","max-video-preview":"max-video-preview:-1"},"canonical":"https:\/\/hexagodis.com\/index.php\/produit\/mu-26-pouces-velo-de-route-24-vitesses-velo-double-disque-de-frein-acier-au-carbone-cadre\/","og_locale":"fr_FR","og_type":"article","og_title":"MU 26 Pouces V\u00e9lo de Route, 24 Vitesses V\u00e9lo, Double Disque De Frein, Acier Au Carbone Cadre - Hexagodis","og_description":"Couleur:\u00a0Noir                       Type de v\u00e9lo V\u00e9lo de montagne   Tranche d'\u00e2ge (description) Adulte   Marque MU   Nombre de vitesses 24   Couleur Noir   Taille de roue 26 Pouces   Mat\u00e9riau du cadre Acier alli\u00e9   Type de suspension Suspension fourche   Caract\u00e9ristique sp\u00e9ciale Pliable   Composants inclus Roue avant, p\u00e9dales, guidon, selle, pneus non gonfl\u00e9s","og_url":"https:\/\/hexagodis.com\/index.php\/produit\/mu-26-pouces-velo-de-route-24-vitesses-velo-double-disque-de-frein-acier-au-carbone-cadre\/","og_site_name":"Hexagodis","og_image":[{"width":546,"height":457,"url":"https:\/\/hexagodis.com\/wp-content\/uploads\/2025\/08\/61VpgdmbNeL._AC_SL1000_-removebg-preview.png","type":"image\/png"}],"twitter_card":"summary_large_image","twitter_misc":{"Dur\u00e9e de lecture estim\u00e9e":"2 minutes"},"schema":{"@context":"https:\/\/schema.org","@graph":[{"@type":"WebPage","@id":"https:\/\/hexagodis.com\/index.php\/produit\/mu-26-pouces-velo-de-route-24-vitesses-velo-double-disque-de-frein-acier-au-carbone-cadre\/","url":"https:\/\/hexagodis.com\/index.php\/produit\/mu-26-pouces-velo-de-route-24-vitesses-velo-double-disque-de-frein-acier-au-carbone-cadre\/","name":"MU 26 Pouces V\u00e9lo de Route, 24 Vitesses V\u00e9lo, Double Disque De Frein, Acier Au Carbone Cadre - Hexagodis","isPartOf":{"@id":"https:\/\/hexagodis.com\/#website"},"primaryImageOfPage":{"@id":"https:\/\/hexagodis.com\/index.php\/produit\/mu-26-pouces-velo-de-route-24-vitesses-velo-double-disque-de-frein-acier-au-carbone-cadre\/#primaryimage"},"image":{"@id":"https:\/\/hexagodis.com\/index.php\/produit\/mu-26-pouces-velo-de-route-24-vitesses-velo-double-disque-de-frein-acier-au-carbone-cadre\/#primaryimage"},"thumbnailUrl":"https:\/\/hexagodis.com\/wp-content\/uploads\/2025\/08\/61VpgdmbNeL._AC_SL1000_-removebg-preview.png","datePublished":"2025-08-25T11:40:20+00:00","breadcrumb":{"@id":"https:\/\/hexagodis.com\/index.php\/produit\/mu-26-pouces-velo-de-route-24-vitesses-velo-double-disque-de-frein-acier-au-carbone-cadre\/#breadcrumb"},"inLanguage":"fr-FR","potentialAction":[{"@type":"ReadAction","target":["https:\/\/hexagodis.com\/index.php\/produit\/mu-26-pouces-velo-de-route-24-vitesses-velo-double-disque-de-frein-acier-au-carbone-cadre\/"]}]},{"@type":"ImageObject","inLanguage":"fr-FR","@id":"https:\/\/hexagodis.com\/index.php\/produit\/mu-26-pouces-velo-de-route-24-vitesses-velo-double-disque-de-frein-acier-au-carbone-cadre\/#primaryimage","url":"https:\/\/hexagodis.com\/wp-content\/uploads\/2025\/08\/61VpgdmbNeL._AC_SL1000_-removebg-preview.png","contentUrl":"https:\/\/hexagodis.com\/wp-content\/uploads\/2025\/08\/61VpgdmbNeL._AC_SL1000_-removebg-preview.png","width":546,"height":457},{"@type":"BreadcrumbList","@id":"https:\/\/hexagodis.com\/index.php\/produit\/mu-26-pouces-velo-de-route-24-vitesses-velo-double-disque-de-frein-acier-au-carbone-cadre\/#breadcrumb","itemListElement":[{"@type":"ListItem","position":1,"name":"Accueil","item":"https:\/\/hexagodis.com\/"},{"@type":"ListItem","position":2,"name":"Boutique","item":"https:\/\/hexagodis.com\/index.php\/boutique\/"},{"@type":"ListItem","position":3,"name":"MU 26 Pouces V\u00e9lo de Route, 24 Vitesses V\u00e9lo, Double Disque De Frein, Acier Au Carbone Cadre"}]},{"@type":"WebSite","@id":"https:\/\/hexagodis.com\/#website","url":"https:\/\/hexagodis.com\/","name":"Hexagodis","description":"Mat\u00e9riel de sport &amp; \u00e9quipement sportif","potentialAction":[{"@type":"SearchAction","target":{"@type":"EntryPoint","urlTemplate":"https:\/\/hexagodis.com\/?s={search_term_string}"},"query-input":{"@type":"PropertyValueSpecification","valueRequired":true,"valueName":"search_term_string"}}],"inLanguage":"fr-FR"}]}},"_links":{"self":[{"href":"https:\/\/hexagodis.com\/index.php\/wp-json\/wp\/v2\/product\/18071","targetHints":{"allow":["GET"]}}],"collection":[{"href":"https:\/\/hexagodis.com\/index.php\/wp-json\/wp\/v2\/product"}],"about":[{"href":"https:\/\/hexagodis.com\/index.php\/wp-json\/wp\/v2\/types\/product"}],"replies":[{"embeddable":true,"href":"https:\/\/hexagodis.com\/index.php\/wp-json\/wp\/v2\/comments?post=18071"}],"version-history":[{"count":1,"href":"https:\/\/hexagodis.com\/index.php\/wp-json\/wp\/v2\/product\/18071\/revisions"}],"predecessor-version":[{"id":18079,"href":"https:\/\/hexagodis.com\/index.php\/wp-json\/wp\/v2\/product\/18071\/revisions\/18079"}],"wp:featuredmedia":[{"embeddable":true,"href":"https:\/\/hexagodis.com\/index.php\/wp-json\/wp\/v2\/media\/18072"}],"wp:attachment":[{"href":"https:\/\/hexagodis.com\/index.php\/wp-json\/wp\/v2\/media?parent=18071"}],"wp:term":[{"taxonomy":"product_brand","embeddable":true,"href":"https:\/\/hexagodis.com\/index.php\/wp-json\/wp\/v2\/product_brand?post=18071"},{"taxonomy":"product_cat","embeddable":true,"href":"https:\/\/hexagodis.com\/index.php\/wp-json\/wp\/v2\/product_cat?post=18071"},{"taxonomy":"product_tag","embeddable":true,"href":"https:\/\/hexagodis.com\/index.php\/wp-json\/wp\/v2\/product_tag?post=18071"}],"curies":[{"name":"wp","href":"https:\/\/api.w.org\/{rel}","templated":true}]}}