{"id":17964,"date":"2025-07-14T19:05:10","date_gmt":"2025-07-14T17:05:10","guid":{"rendered":"https:\/\/hexagodis.com\/?post_type=product&#038;p=17964"},"modified":"2025-07-14T19:05:11","modified_gmt":"2025-07-14T17:05:11","slug":"yamo-rameur-a-eau-avec-ecran-lcd-reservoir-deau-de-14-litres-machine-a-ramer-avec-capacite-de-poids-de-150kg","status":"publish","type":"product","link":"https:\/\/hexagodis.com\/index.php\/produit\/yamo-rameur-a-eau-avec-ecran-lcd-reservoir-deau-de-14-litres-machine-a-ramer-avec-capacite-de-poids-de-150kg\/","title":{"rendered":"YAMO Rameur \u00e0 Eau avec \u00c9cran LCD, R\u00e9servoir d&rsquo;eau de 14 litres, Machine \u00e0 Ramer avec Capacit\u00e9 de Poids de 150kg"},"content":{"rendered":"<ul class=\"a-unordered-list a-vertical a-spacing-mini\">\n<li class=\"a-spacing-mini\"><span class=\"a-list-item\">\u3010Durabilit\u00e9 et stabilit\u00e9\u3011Dans la machine \u00e0 ramer \u00e0 eau YAMO, la durabilit\u00e9 et la stabilit\u00e9 sont primordiales. Son cadre en acier robuste de 60mm x 30mm a \u00e9t\u00e9 con\u00e7u pour r\u00e9sister \u00e0 des poids allant jusqu&rsquo;\u00e0 130KG, vous permettant de repousser vos limites en toute confiance. Que vous pratiquiez des entra\u00eenements intenses ou des s\u00e9ances plus douces, cette machine est construite pour durer et vous maintenir ferme \u00e0 chaque coup de rame.<\/span><\/li>\n<li class=\"a-spacing-mini\"><span class=\"a-list-item\">\u3010Silencieuse et sans effort\u3011Lorsque vous glissez sur le rameur YAMO, vous vivrez des entra\u00eenements doux et silencieux. Gr\u00e2ce \u00e0 la combinaison de rails en aluminium de haute qualit\u00e9 et d&rsquo;une conception sp\u00e9cialis\u00e9e de poulie triple, chaque coup de rame sera accompagn\u00e9 d&rsquo;un murmure plut\u00f4t que d&rsquo;un cri. Profitez de s\u00e9ances d&rsquo;exercice sans distractions, en vous concentrant sur l&rsquo;atteinte de vos objectifs de mani\u00e8re confortable et efficace.<\/span><\/li>\n<li class=\"a-spacing-mini\"><span class=\"a-list-item\">\u3010Conception pour un usage domestique\u3011Imaginez avoir \u00e0 la maison une machine \u00e0 ramer performante qui s&rsquo;adapte parfaitement \u00e0 votre espace. Avec des dimensions compactes de seulement 45 x 55 cm et un poids l\u00e9ger de 25 kg, cette machine \u00e0 ramer YAMO est id\u00e9ale pour n&rsquo;importe quel foyer. Son design ergonomique et fonctionnel facilite le stockage et la mobilit\u00e9, vous offrant la libert\u00e9 de vous entra\u00eener confortablement chez vous.<\/span><\/li>\n<li class=\"a-spacing-mini\"><span class=\"a-list-item\">\u3010R\u00e9sistance unique\u3011Le design \u00e0 triple lame dans le r\u00e9servoir d&rsquo;eau de la machine \u00e0 ramer YAMO maximise la r\u00e9sistance, transformant chaque mouvement en un effort total du corps. Cette caract\u00e9ristique en fait un choix id\u00e9al pour ceux qui cherchent \u00e0 am\u00e9liorer leur condition physique et intensifier leurs entra\u00eenements. Avec YAMO, chaque coup de rame vous rapproche de vos objectifs.<\/span><\/li>\n<li class=\"a-spacing-mini\"><span class=\"a-list-item\">\u3010\u00c9cran \u00e9lectronique r\u00e9glable\u3011La machine \u00e0 ramer YAMO est \u00e9quip\u00e9e d&rsquo;un \u00e9cran \u00e9lectronique polyvalent qui vous offre un contr\u00f4le total sur votre routine d&rsquo;entra\u00eenement. Avec la capacit\u00e9 de tourner \u00e0 360 degr\u00e9s, vous pourrez acc\u00e9der \u00e0 une large gamme de donn\u00e9es telles que SCAN, TIME, DIST et CAL, personnalisant ainsi votre s\u00e9ance de rame en fonction de vos besoins et de vos objectifs.<\/span><\/li>\n<li class=\"a-spacing-mini\"><span class=\"a-list-item\">\u3010Garantie et support\u3011En achetant un rameur aquatique YAMO, vous b\u00e9n\u00e9ficiez d&rsquo;une garantie d&rsquo;un an pour votre tranquillit\u00e9 d&rsquo;esprit. Notre \u00e9quipe de support est disponible 24 heures sur 24, 7 jours sur 7, pr\u00eate \u00e0 r\u00e9soudre toute question ou probl\u00e8me que vous pourriez rencontrer. Achetez en toute confiance et profitez du support client professionnel que vous m\u00e9ritez.<\/span><\/li>\n<\/ul>\n<p>&nbsp;<\/p>\n<table id=\"productDetails_techSpec_section_1\" class=\"a-keyvalue prodDetTable\">\n<tbody>\n<tr>\n<th class=\"a-color-secondary a-size-base prodDetSectionEntry\">Couleur<\/th>\n<td class=\"a-size-base prodDetAttrValue\">\u200eNoir<\/td>\n<\/tr>\n<tr>\n<th class=\"a-color-secondary a-size-base prodDetSectionEntry\">Taille<\/th>\n<td class=\"a-size-base prodDetAttrValue\">\u200etaille libre<\/td>\n<\/tr>\n<tr>\n<th class=\"a-color-secondary a-size-base prodDetSectionEntry\">Style<\/th>\n<td class=\"a-size-base prodDetAttrValue\">\u200eInclined Water tank<\/td>\n<\/tr>\n<tr>\n<th class=\"a-color-secondary a-size-base prodDetSectionEntry\">Type d&rsquo;\u00e9cran<\/th>\n<td class=\"a-size-base prodDetAttrValue\">\u200eLCD<\/td>\n<\/tr>\n<tr>\n<th class=\"a-color-secondary a-size-base prodDetSectionEntry\">Mat\u00e9riau du cadre<\/th>\n<td class=\"a-size-base prodDetAttrValue\">\u200eAluminium<\/td>\n<\/tr>\n<tr>\n<th class=\"a-color-secondary a-size-base prodDetSectionEntry\">Type de mat\u00e9riau<\/th>\n<td class=\"a-size-base prodDetAttrValue\">\u200eAluminium<\/td>\n<\/tr>\n<tr>\n<th class=\"a-color-secondary a-size-base prodDetSectionEntry\">M\u00e8tre<\/th>\n<td class=\"a-size-base prodDetAttrValue\">\u200eFr\u00e9quence cardiaque, Calorie br\u00fbl\u00e9e, Nombre de coup, Distance<\/td>\n<\/tr>\n<tr>\n<th class=\"a-color-secondary a-size-base prodDetSectionEntry\">Nombre d&rsquo;\u00e9l\u00e9ments<\/th>\n<td class=\"a-size-base prodDetAttrValue\">\u200e1<\/td>\n<\/tr>\n<tr>\n<th class=\"a-color-secondary a-size-base prodDetSectionEntry\">Source d&rsquo;\u00e9nergie<\/th>\n<td class=\"a-size-base prodDetAttrValue\">\u200eAliment\u00e9 par c\u00e2ble \u00e9lectrique<\/td>\n<\/tr>\n<tr>\n<th class=\"a-color-secondary a-size-base prodDetSectionEntry\">Fonctionnalit\u00e9s<\/th>\n<td class=\"a-size-base prodDetAttrValue\">\u200eAssemblage facile<\/td>\n<\/tr>\n<tr>\n<th class=\"a-color-secondary a-size-base prodDetSectionEntry\">Composants inclus<\/th>\n<td class=\"a-size-base prodDetAttrValue\">\u200eR\u00e9ssistance \u00e0 eau<\/td>\n<\/tr>\n<tr>\n<th class=\"a-color-secondary a-size-base prodDetSectionEntry\">Piles incluses ?<\/th>\n<td class=\"a-size-base prodDetAttrValue\">\u200eNon<\/td>\n<\/tr>\n<tr>\n<th class=\"a-color-secondary a-size-base prodDetSectionEntry\">Marque<\/th>\n<td class=\"a-size-base prodDetAttrValue\">\u200eYAMO<\/td>\n<\/tr>\n<tr>\n<th class=\"a-color-secondary a-size-base prodDetSectionEntry\">Capacit\u00e9 maximale de poids<\/th>\n<td class=\"a-size-base prodDetAttrValue\">\u200e150 Kilogrammes<\/td>\n<\/tr>\n<tr>\n<th class=\"a-color-secondary a-size-base prodDetSectionEntry\">Fabricant<\/th>\n<td class=\"a-size-base prodDetAttrValue\">\u200eYAMO<\/td>\n<\/tr>\n<tr>\n<th class=\"a-color-secondary a-size-base prodDetSectionEntry\">Num\u00e9ro du mod\u00e8le de l&rsquo;article<\/th>\n<td class=\"a-size-base prodDetAttrValue\">\u200eMR26&amp;PW30<\/td>\n<\/tr>\n<tr>\n<th class=\"a-color-secondary a-size-base prodDetSectionEntry\">Dimensions du produit (L x l x h)<\/th>\n<td class=\"a-size-base prodDetAttrValue\">\u200e176,53 x 55,88 x 74,93 cm; 25 kilogrammes<\/td>\n<\/tr>\n<tr>\n<th class=\"a-color-secondary a-size-base prodDetSectionEntry\">ASIN<\/th>\n<td class=\"a-size-base prodDetAttrValue\">\u200eB0CXXDGVMS<\/td>\n<\/tr>\n<\/tbody>\n<\/table>\n","protected":false},"excerpt":{"rendered":"<table class=\"a-normal a-spacing-micro\">\n<tbody>\n<tr class=\"a-spacing-small po-brand\">\n<td class=\"a-span3\"><span class=\"a-size-base a-text-bold\">Marque<\/span><\/td>\n<td class=\"a-span9\"><span class=\"a-size-base po-break-word\">YAMO<\/span><\/td>\n<\/tr>\n<tr class=\"a-spacing-small po-special_feature\">\n<td class=\"a-span3\"><span class=\"a-size-base a-text-bold\">Caract\u00e9ristique sp\u00e9ciale<\/span><\/td>\n<td class=\"a-span9\"><span class=\"a-size-base po-break-word\">Assemblage facile<\/span><\/td>\n<\/tr>\n<tr class=\"a-spacing-small po-color\">\n<td class=\"a-span3\"><span class=\"a-size-base a-text-bold\">Couleur<\/span><\/td>\n<td class=\"a-span9\"><span class=\"a-size-base po-break-word\">Noir<\/span><\/td>\n<\/tr>\n<tr class=\"a-spacing-small po-resistance_mechanism\">\n<td class=\"a-span3\"><span class=\"a-size-base a-text-bold\">M\u00e9canisme de r\u00e9sistance<\/span><\/td>\n<td class=\"a-span9\"><span class=\"a-size-base po-break-word\">Eau<\/span><\/td>\n<\/tr>\n<tr class=\"a-spacing-small po-item_depth_width_height\">\n<td class=\"a-span3\"><span class=\"a-size-base a-text-bold\">Dimensions du produit<\/span><\/td>\n<td class=\"a-span9\"><span class=\"a-size-base po-break-word\">180P x 43l x 75H centim\u00e8tres<\/span><\/td>\n<\/tr>\n<tr class=\"a-spacing-small po-maximum_weight_recommendation\">\n<td class=\"a-span3\"><span class=\"a-size-base a-text-bold\">Recommandation de poids maximum<\/span><\/td>\n<td class=\"a-span9\"><span class=\"a-size-base po-break-word\">330 Livres<\/span><\/td>\n<\/tr>\n<tr class=\"a-spacing-small po-meter_type\">\n<td class=\"a-span3\"><span class=\"a-size-base a-text-bold\">Type de compteur<\/span><\/td>\n<td class=\"a-span9\"><span class=\"a-size-base po-break-word\">Fr\u00e9quence cardiaque, Calorie br\u00fbl\u00e9e, Nombre de coup, Distance<\/span><\/td>\n<\/tr>\n<tr class=\"a-spacing-small po-model_name\">\n<td class=\"a-span3\"><span class=\"a-size-base a-text-bold\">Nom de mod\u00e8le<\/span><\/td>\n<td class=\"a-span9\"><span class=\"a-size-base po-break-word\">Mr26&amp;pw30<\/span><\/td>\n<\/tr>\n<tr class=\"a-spacing-small po-frame.material\">\n<td class=\"a-span3\"><span class=\"a-size-base a-text-bold\">Mat\u00e9riau du cadre<\/span><\/td>\n<td class=\"a-span9\"><span class=\"a-size-base po-break-word\">Aluminium<\/span><\/td>\n<\/tr>\n<tr class=\"a-spacing-small po-item_weight\">\n<td class=\"a-span3\"><span class=\"a-size-base a-text-bold\">Poids de l&rsquo;article<\/span><\/td>\n<td class=\"a-span9\"><span class=\"a-size-base po-break-word\">25 Kilogrammes<\/span><\/td>\n<\/tr>\n<\/tbody>\n<\/table>\n","protected":false},"featured_media":17972,"comment_status":"open","ping_status":"closed","template":"","meta":[],"product_brand":[],"product_cat":[79],"product_tag":[],"class_list":{"0":"post-17964","1":"product","2":"type-product","3":"status-publish","4":"has-post-thumbnail","6":"product_cat-rameur","8":"first","9":"instock","10":"sale","11":"taxable","12":"shipping-taxable","13":"purchasable","14":"product-type-simple"},"yoast_head":"<!-- This site is optimized with the Yoast SEO plugin v24.8.1 - https:\/\/yoast.com\/wordpress\/plugins\/seo\/ -->\n<title>YAMO Rameur \u00e0 Eau avec \u00c9cran LCD, R\u00e9servoir d&#039;eau de 14 litres, Machine \u00e0 Ramer avec Capacit\u00e9 de Poids de 150kg - Hexagodis<\/title>\n<meta name=\"robots\" content=\"index, follow, max-snippet:-1, max-image-preview:large, max-video-preview:-1\" \/>\n<link rel=\"canonical\" href=\"https:\/\/hexagodis.com\/index.php\/produit\/yamo-rameur-a-eau-avec-ecran-lcd-reservoir-deau-de-14-litres-machine-a-ramer-avec-capacite-de-poids-de-150kg\/\" \/>\n<meta property=\"og:locale\" content=\"fr_FR\" \/>\n<meta property=\"og:type\" content=\"article\" \/>\n<meta property=\"og:title\" content=\"YAMO Rameur \u00e0 Eau avec \u00c9cran LCD, R\u00e9servoir d&#039;eau de 14 litres, Machine \u00e0 Ramer avec Capacit\u00e9 de Poids de 150kg - Hexagodis\" \/>\n<meta property=\"og:description\" content=\"Marque YAMO   Caract\u00e9ristique sp\u00e9ciale Assemblage facile   Couleur Noir   M\u00e9canisme de r\u00e9sistance Eau   Dimensions du produit 180P x 43l x 75H centim\u00e8tres   Recommandation de poids maximum 330 Livres   Type de compteur Fr\u00e9quence cardiaque, Calorie br\u00fbl\u00e9e, Nombre de coup, Distance   Nom de mod\u00e8le Mr26&amp;pw30   Mat\u00e9riau du cadre Aluminium   Poids de l&#039;article 25 Kilogrammes\" \/>\n<meta property=\"og:url\" content=\"https:\/\/hexagodis.com\/index.php\/produit\/yamo-rameur-a-eau-avec-ecran-lcd-reservoir-deau-de-14-litres-machine-a-ramer-avec-capacite-de-poids-de-150kg\/\" \/>\n<meta property=\"og:site_name\" content=\"Hexagodis\" \/>\n<meta property=\"article:modified_time\" content=\"2025-07-14T17:05:11+00:00\" \/>\n<meta property=\"og:image\" content=\"https:\/\/hexagodis.com\/wp-content\/uploads\/2025\/07\/61U8uyeiM5L._AC_SL1500_.jpg\" \/>\n\t<meta property=\"og:image:width\" content=\"1500\" \/>\n\t<meta property=\"og:image:height\" content=\"1401\" \/>\n\t<meta property=\"og:image:type\" content=\"image\/jpeg\" \/>\n<meta name=\"twitter:card\" content=\"summary_large_image\" \/>\n<meta name=\"twitter:label1\" content=\"Dur\u00e9e de lecture estim\u00e9e\" \/>\n\t<meta name=\"twitter:data1\" content=\"3 minutes\" \/>\n<script type=\"application\/ld+json\" class=\"yoast-schema-graph\">{\"@context\":\"https:\/\/schema.org\",\"@graph\":[{\"@type\":\"WebPage\",\"@id\":\"https:\/\/hexagodis.com\/index.php\/produit\/yamo-rameur-a-eau-avec-ecran-lcd-reservoir-deau-de-14-litres-machine-a-ramer-avec-capacite-de-poids-de-150kg\/\",\"url\":\"https:\/\/hexagodis.com\/index.php\/produit\/yamo-rameur-a-eau-avec-ecran-lcd-reservoir-deau-de-14-litres-machine-a-ramer-avec-capacite-de-poids-de-150kg\/\",\"name\":\"YAMO Rameur \u00e0 Eau avec \u00c9cran LCD, R\u00e9servoir d'eau de 14 litres, Machine \u00e0 Ramer avec Capacit\u00e9 de Poids de 150kg - Hexagodis\",\"isPartOf\":{\"@id\":\"https:\/\/hexagodis.com\/#website\"},\"primaryImageOfPage\":{\"@id\":\"https:\/\/hexagodis.com\/index.php\/produit\/yamo-rameur-a-eau-avec-ecran-lcd-reservoir-deau-de-14-litres-machine-a-ramer-avec-capacite-de-poids-de-150kg\/#primaryimage\"},\"image\":{\"@id\":\"https:\/\/hexagodis.com\/index.php\/produit\/yamo-rameur-a-eau-avec-ecran-lcd-reservoir-deau-de-14-litres-machine-a-ramer-avec-capacite-de-poids-de-150kg\/#primaryimage\"},\"thumbnailUrl\":\"https:\/\/hexagodis.com\/wp-content\/uploads\/2025\/07\/61U8uyeiM5L._AC_SL1500_.jpg\",\"datePublished\":\"2025-07-14T17:05:10+00:00\",\"dateModified\":\"2025-07-14T17:05:11+00:00\",\"breadcrumb\":{\"@id\":\"https:\/\/hexagodis.com\/index.php\/produit\/yamo-rameur-a-eau-avec-ecran-lcd-reservoir-deau-de-14-litres-machine-a-ramer-avec-capacite-de-poids-de-150kg\/#breadcrumb\"},\"inLanguage\":\"fr-FR\",\"potentialAction\":[{\"@type\":\"ReadAction\",\"target\":[\"https:\/\/hexagodis.com\/index.php\/produit\/yamo-rameur-a-eau-avec-ecran-lcd-reservoir-deau-de-14-litres-machine-a-ramer-avec-capacite-de-poids-de-150kg\/\"]}]},{\"@type\":\"ImageObject\",\"inLanguage\":\"fr-FR\",\"@id\":\"https:\/\/hexagodis.com\/index.php\/produit\/yamo-rameur-a-eau-avec-ecran-lcd-reservoir-deau-de-14-litres-machine-a-ramer-avec-capacite-de-poids-de-150kg\/#primaryimage\",\"url\":\"https:\/\/hexagodis.com\/wp-content\/uploads\/2025\/07\/61U8uyeiM5L._AC_SL1500_.jpg\",\"contentUrl\":\"https:\/\/hexagodis.com\/wp-content\/uploads\/2025\/07\/61U8uyeiM5L._AC_SL1500_.jpg\",\"width\":1500,\"height\":1401},{\"@type\":\"BreadcrumbList\",\"@id\":\"https:\/\/hexagodis.com\/index.php\/produit\/yamo-rameur-a-eau-avec-ecran-lcd-reservoir-deau-de-14-litres-machine-a-ramer-avec-capacite-de-poids-de-150kg\/#breadcrumb\",\"itemListElement\":[{\"@type\":\"ListItem\",\"position\":1,\"name\":\"Accueil\",\"item\":\"https:\/\/hexagodis.com\/\"},{\"@type\":\"ListItem\",\"position\":2,\"name\":\"Boutique\",\"item\":\"https:\/\/hexagodis.com\/index.php\/boutique\/\"},{\"@type\":\"ListItem\",\"position\":3,\"name\":\"YAMO Rameur \u00e0 Eau avec \u00c9cran LCD, R\u00e9servoir d&rsquo;eau de 14 litres, Machine \u00e0 Ramer avec Capacit\u00e9 de Poids de 150kg\"}]},{\"@type\":\"WebSite\",\"@id\":\"https:\/\/hexagodis.com\/#website\",\"url\":\"https:\/\/hexagodis.com\/\",\"name\":\"Hexagodis\",\"description\":\"Mat\u00e9riel de sport &amp; \u00e9quipement sportif\",\"potentialAction\":[{\"@type\":\"SearchAction\",\"target\":{\"@type\":\"EntryPoint\",\"urlTemplate\":\"https:\/\/hexagodis.com\/?s={search_term_string}\"},\"query-input\":{\"@type\":\"PropertyValueSpecification\",\"valueRequired\":true,\"valueName\":\"search_term_string\"}}],\"inLanguage\":\"fr-FR\"}]}<\/script>\n<!-- \/ Yoast SEO plugin. -->","yoast_head_json":{"title":"YAMO Rameur \u00e0 Eau avec \u00c9cran LCD, R\u00e9servoir d'eau de 14 litres, Machine \u00e0 Ramer avec Capacit\u00e9 de Poids de 150kg - Hexagodis","robots":{"index":"index","follow":"follow","max-snippet":"max-snippet:-1","max-image-preview":"max-image-preview:large","max-video-preview":"max-video-preview:-1"},"canonical":"https:\/\/hexagodis.com\/index.php\/produit\/yamo-rameur-a-eau-avec-ecran-lcd-reservoir-deau-de-14-litres-machine-a-ramer-avec-capacite-de-poids-de-150kg\/","og_locale":"fr_FR","og_type":"article","og_title":"YAMO Rameur \u00e0 Eau avec \u00c9cran LCD, R\u00e9servoir d'eau de 14 litres, Machine \u00e0 Ramer avec Capacit\u00e9 de Poids de 150kg - Hexagodis","og_description":"Marque YAMO   Caract\u00e9ristique sp\u00e9ciale Assemblage facile   Couleur Noir   M\u00e9canisme de r\u00e9sistance Eau   Dimensions du produit 180P x 43l x 75H centim\u00e8tres   Recommandation de poids maximum 330 Livres   Type de compteur Fr\u00e9quence cardiaque, Calorie br\u00fbl\u00e9e, Nombre de coup, Distance   Nom de mod\u00e8le Mr26&amp;pw30   Mat\u00e9riau du cadre Aluminium   Poids de l'article 25 Kilogrammes","og_url":"https:\/\/hexagodis.com\/index.php\/produit\/yamo-rameur-a-eau-avec-ecran-lcd-reservoir-deau-de-14-litres-machine-a-ramer-avec-capacite-de-poids-de-150kg\/","og_site_name":"Hexagodis","article_modified_time":"2025-07-14T17:05:11+00:00","og_image":[{"width":1500,"height":1401,"url":"https:\/\/hexagodis.com\/wp-content\/uploads\/2025\/07\/61U8uyeiM5L._AC_SL1500_.jpg","type":"image\/jpeg"}],"twitter_card":"summary_large_image","twitter_misc":{"Dur\u00e9e de lecture estim\u00e9e":"3 minutes"},"schema":{"@context":"https:\/\/schema.org","@graph":[{"@type":"WebPage","@id":"https:\/\/hexagodis.com\/index.php\/produit\/yamo-rameur-a-eau-avec-ecran-lcd-reservoir-deau-de-14-litres-machine-a-ramer-avec-capacite-de-poids-de-150kg\/","url":"https:\/\/hexagodis.com\/index.php\/produit\/yamo-rameur-a-eau-avec-ecran-lcd-reservoir-deau-de-14-litres-machine-a-ramer-avec-capacite-de-poids-de-150kg\/","name":"YAMO Rameur \u00e0 Eau avec \u00c9cran LCD, R\u00e9servoir d'eau de 14 litres, Machine \u00e0 Ramer avec Capacit\u00e9 de Poids de 150kg - Hexagodis","isPartOf":{"@id":"https:\/\/hexagodis.com\/#website"},"primaryImageOfPage":{"@id":"https:\/\/hexagodis.com\/index.php\/produit\/yamo-rameur-a-eau-avec-ecran-lcd-reservoir-deau-de-14-litres-machine-a-ramer-avec-capacite-de-poids-de-150kg\/#primaryimage"},"image":{"@id":"https:\/\/hexagodis.com\/index.php\/produit\/yamo-rameur-a-eau-avec-ecran-lcd-reservoir-deau-de-14-litres-machine-a-ramer-avec-capacite-de-poids-de-150kg\/#primaryimage"},"thumbnailUrl":"https:\/\/hexagodis.com\/wp-content\/uploads\/2025\/07\/61U8uyeiM5L._AC_SL1500_.jpg","datePublished":"2025-07-14T17:05:10+00:00","dateModified":"2025-07-14T17:05:11+00:00","breadcrumb":{"@id":"https:\/\/hexagodis.com\/index.php\/produit\/yamo-rameur-a-eau-avec-ecran-lcd-reservoir-deau-de-14-litres-machine-a-ramer-avec-capacite-de-poids-de-150kg\/#breadcrumb"},"inLanguage":"fr-FR","potentialAction":[{"@type":"ReadAction","target":["https:\/\/hexagodis.com\/index.php\/produit\/yamo-rameur-a-eau-avec-ecran-lcd-reservoir-deau-de-14-litres-machine-a-ramer-avec-capacite-de-poids-de-150kg\/"]}]},{"@type":"ImageObject","inLanguage":"fr-FR","@id":"https:\/\/hexagodis.com\/index.php\/produit\/yamo-rameur-a-eau-avec-ecran-lcd-reservoir-deau-de-14-litres-machine-a-ramer-avec-capacite-de-poids-de-150kg\/#primaryimage","url":"https:\/\/hexagodis.com\/wp-content\/uploads\/2025\/07\/61U8uyeiM5L._AC_SL1500_.jpg","contentUrl":"https:\/\/hexagodis.com\/wp-content\/uploads\/2025\/07\/61U8uyeiM5L._AC_SL1500_.jpg","width":1500,"height":1401},{"@type":"BreadcrumbList","@id":"https:\/\/hexagodis.com\/index.php\/produit\/yamo-rameur-a-eau-avec-ecran-lcd-reservoir-deau-de-14-litres-machine-a-ramer-avec-capacite-de-poids-de-150kg\/#breadcrumb","itemListElement":[{"@type":"ListItem","position":1,"name":"Accueil","item":"https:\/\/hexagodis.com\/"},{"@type":"ListItem","position":2,"name":"Boutique","item":"https:\/\/hexagodis.com\/index.php\/boutique\/"},{"@type":"ListItem","position":3,"name":"YAMO Rameur \u00e0 Eau avec \u00c9cran LCD, R\u00e9servoir d&rsquo;eau de 14 litres, Machine \u00e0 Ramer avec Capacit\u00e9 de Poids de 150kg"}]},{"@type":"WebSite","@id":"https:\/\/hexagodis.com\/#website","url":"https:\/\/hexagodis.com\/","name":"Hexagodis","description":"Mat\u00e9riel de sport &amp; \u00e9quipement sportif","potentialAction":[{"@type":"SearchAction","target":{"@type":"EntryPoint","urlTemplate":"https:\/\/hexagodis.com\/?s={search_term_string}"},"query-input":{"@type":"PropertyValueSpecification","valueRequired":true,"valueName":"search_term_string"}}],"inLanguage":"fr-FR"}]}},"_links":{"self":[{"href":"https:\/\/hexagodis.com\/index.php\/wp-json\/wp\/v2\/product\/17964","targetHints":{"allow":["GET"]}}],"collection":[{"href":"https:\/\/hexagodis.com\/index.php\/wp-json\/wp\/v2\/product"}],"about":[{"href":"https:\/\/hexagodis.com\/index.php\/wp-json\/wp\/v2\/types\/product"}],"replies":[{"embeddable":true,"href":"https:\/\/hexagodis.com\/index.php\/wp-json\/wp\/v2\/comments?post=17964"}],"version-history":[{"count":1,"href":"https:\/\/hexagodis.com\/index.php\/wp-json\/wp\/v2\/product\/17964\/revisions"}],"predecessor-version":[{"id":17973,"href":"https:\/\/hexagodis.com\/index.php\/wp-json\/wp\/v2\/product\/17964\/revisions\/17973"}],"wp:featuredmedia":[{"embeddable":true,"href":"https:\/\/hexagodis.com\/index.php\/wp-json\/wp\/v2\/media\/17972"}],"wp:attachment":[{"href":"https:\/\/hexagodis.com\/index.php\/wp-json\/wp\/v2\/media?parent=17964"}],"wp:term":[{"taxonomy":"product_brand","embeddable":true,"href":"https:\/\/hexagodis.com\/index.php\/wp-json\/wp\/v2\/product_brand?post=17964"},{"taxonomy":"product_cat","embeddable":true,"href":"https:\/\/hexagodis.com\/index.php\/wp-json\/wp\/v2\/product_cat?post=17964"},{"taxonomy":"product_tag","embeddable":true,"href":"https:\/\/hexagodis.com\/index.php\/wp-json\/wp\/v2\/product_tag?post=17964"}],"curies":[{"name":"wp","href":"https:\/\/api.w.org\/{rel}","templated":true}]}}