{"id":17946,"date":"2025-07-09T19:47:12","date_gmt":"2025-07-09T17:47:12","guid":{"rendered":"https:\/\/hexagodis.com\/?post_type=product&#038;p=17946"},"modified":"2025-07-09T19:47:12","modified_gmt":"2025-07-09T17:47:12","slug":"kospet-tank-t3-ultra-2-gps-montre-connectee-homme-acier-inoxydable-batterie-de-grande-capacite-50m-etanche-smartwatch-boussole-altimetre-appel1-43-amoled-toujour-active-frequence-cardiaque","status":"publish","type":"product","link":"https:\/\/hexagodis.com\/index.php\/produit\/kospet-tank-t3-ultra-2-gps-montre-connectee-homme-acier-inoxydable-batterie-de-grande-capacite-50m-etanche-smartwatch-boussole-altimetre-appel1-43-amoled-toujour-active-frequence-cardiaque\/","title":{"rendered":"KOSPET Tank T3 Ultra 2 GPS Montre Connect\u00e9e Homme- Acier Inoxydable Batterie de Grande Capacit\u00e9 50M \u00c9tanche, Smartwatch Boussole Altim\u00e8tre Appel,1.43&Prime; AMOLED Toujour Activ\u00e9 Fr\u00e9quence Cardiaque"},"content":{"rendered":"<h1 class=\"a-size-base-plus a-text-bold\">\u00c0 propos de cet article<\/h1>\n<ul class=\"a-unordered-list a-vertical a-spacing-mini\">\n<li class=\"a-spacing-mini\"><span class=\"a-list-item\">Bo\u00eetier en Acier Inoxydable- KOSPET T3 Ultra 2 avec \u00e9cran Corning Gorilla de 3\u00e8me g\u00e9n\u00e9ration de 1,43\u00a0\u00bb, un corps enti\u00e8rement en acier inoxydable et le 1er \u00e9cran en verre double couche 9H, extr\u00eamement r\u00e9sistant aux rayures, aux chutes et aux \u00e9clats. La montre a pass\u00e9 avec succ\u00e8s les tests de temp\u00e9rature, de haute et basse tension et est prot\u00e9g\u00e9e contre la poussi\u00e8re, les brouillards salins et la pollution liquide. Convient \u00e0 tous les sports de plein air et aux environnements de travail difficiles.<\/span><\/li>\n<li class=\"a-spacing-mini\"><span class=\"a-list-item\">GPS Int\u00e9gr\u00e9 &amp; Boussole\/Altim\u00e8tre\/Barom\u00e8tre- La montre sport homme peut capter les signaux des satellites L1 et L5, en combinaison avec le support de couverture fiable de 6 syst\u00e8mes de positionnement par satellite pour un suivi GPS bi-bande pr\u00e9cis. Que vous soyez en ville ou dans la nature, tracez votre itin\u00e9raire avec pr\u00e9cision et mesurez les distances. En outre, cette montre intelligente est \u00e9quip\u00e9e d&rsquo;une boussole, d&rsquo;un barom\u00e8tre et d&rsquo;un altim\u00e8tre int\u00e9gr\u00e9s, qui lui permettent \u00e9galement de rester \u00e9veill\u00e9 dans la nature.<\/span><\/li>\n<li class=\"a-spacing-mini\"><span class=\"a-list-item\">Batterie de Grande Capacit\u00e9- Ce fitness tracker poss\u00e8de une batterie 100 % cobalt pur jusqu&rsquo;\u00e0 470 mAh (qualit\u00e9 militaire), soit deux fois plus de performances et de dur\u00e9e de vie que les montres connect\u00e9es traditionnelles. Avec le dernier algorithme d&rsquo;IA Ultra Power Saving Ultra Power Consumption, cette montre robuste a une excellente autonomie de la batterie : jusqu&rsquo;\u00e0 35H en mode GPS, jusqu&rsquo;\u00e0 15 jours en mode d&rsquo;utilisation ordinaire et jusqu&rsquo;\u00e0 40 jours en mode veille.<\/span><\/li>\n<li class=\"a-spacing-mini\"><span class=\"a-list-item\">5ATM \u00c9tanche &amp; Mode Natation Professionnel- Cette montre connect\u00e9e \u00e9tanche adopte un corps en m\u00e9tal enti\u00e8rement ferm\u00e9, qui peut \u00eatre facilement immerg\u00e9 dans une eau de 50m de profondeur, et peut facilement atteindre une \u00e9tanch\u00e9it\u00e9 dynamique de 5ATM et une \u00e9tanch\u00e9it\u00e9 statique IP69K, peu importe la natation et la plong\u00e9e, le surf peut le porter en toute tranquillit\u00e9. Mode de natation professionnel SWOLF unique int\u00e9gr\u00e9, enregistrement de donn\u00e9es informatives et capacit\u00e9 d&rsquo;analyse de donn\u00e9es professionnelle, c&rsquo;est un bon partenaire pour les sportifs!<\/span><\/li>\n<li class=\"a-spacing-mini\"><span class=\"a-list-item\">Puces Intelligentes Doubles de Pointe- \u2460CPU puissant : L&rsquo;inclusion de deux puces intelligentes dans la montre am\u00e9liore consid\u00e9rablement la vitesse de traitement de 200 % et r\u00e9duit la consommation d&rsquo;\u00e9nergie de 50 %, ce qui se traduit par une exp\u00e9rience utilisateur plus fluide et une dur\u00e9e de vie de la batterie prolong\u00e9e. \u2461Assistant vocal AI et appels : avec l&rsquo;assistant vocal avanc\u00e9 de le smartwatch, vous pouvez \u00e9mettre des commandes sans effort via la commande vocale. Cette fonctionnalit\u00e9 s&rsquo;av\u00e8re particuli\u00e8rement utile pendant la conduite, le jogging ou la participation \u00e0 d&rsquo;autres activit\u00e9s.<\/span><\/li>\n<li class=\"a-spacing-mini\"><span class=\"a-list-item\">Suivi de La Sant\u00e9 &amp; Multifonction- La montre intelligente est \u00e9quip\u00e9e d&rsquo;un capteur optique avanc\u00e9 de suivi biologique VP60 qui vous permet de profiter d&rsquo;une surveillance de haute pr\u00e9cision de la fr\u00e9quence cardiaque, de l&rsquo;oxyg\u00e8ne sanguin, des calories et du sommeil. Le bracelet connect\u00e9 peut \u00eatre configur\u00e9 pour envoyer un rappel si elle d\u00e9tecte une fr\u00e9quence cardiaque anormalement \u00e9lev\u00e9e ou basse, un faible niveau de SpO2 ou un niveau de stress \u00e9lev\u00e9. Vous aider \u00e0 compl\u00e9ter votre voyage sportif.<\/span><\/li>\n<\/ul>\n<p>&nbsp;<\/p>\n<div class=\"a-row\">\n<div class=\"a-column a-span6\">\n<h1 class=\"a-size-medium a-spacing-small\">Descriptif technique<\/h1>\n<\/div>\n<\/div>\n<div class=\"a-expander-content a-expander-extend-content\" data-expanded=\"true\">\n<div class=\"a-row a-expander-container a-expander-inline-container\">\n<div class=\"a-expander-content a-expander-section-content a-section-expander-inner\" data-expanded=\"true\">\n<table id=\"productDetails_techSpec_section_1\" class=\"a-keyvalue prodDetTable\">\n<tbody>\n<tr>\n<th class=\"a-color-secondary a-size-base prodDetSectionEntry\">Marque<\/th>\n<td class=\"a-size-base prodDetAttrValue\">\u200eKOSPET<\/td>\n<\/tr>\n<tr>\n<th class=\"a-color-secondary a-size-base prodDetSectionEntry\">Couleur<\/th>\n<td class=\"a-size-base prodDetAttrValue\">\u200eNoir<\/td>\n<\/tr>\n<tr>\n<th class=\"a-color-secondary a-size-base prodDetSectionEntry\">Syst\u00e8me d&rsquo;exploitation<\/th>\n<td class=\"a-size-base prodDetAttrValue\">\u200eCompatible for Android and iOS<\/td>\n<\/tr>\n<tr>\n<th class=\"a-color-secondary a-size-base prodDetSectionEntry\">Ecran<\/th>\n<td class=\"a-size-base prodDetAttrValue\">\u200e1,43 Pouces<\/td>\n<\/tr>\n<tr>\n<th class=\"a-color-secondary a-size-base prodDetSectionEntry\">Connexions<\/th>\n<td class=\"a-size-base prodDetAttrValue\">\u200eBluetooth<\/td>\n<\/tr>\n<tr>\n<th class=\"a-color-secondary a-size-base prodDetSectionEntry\">Caract\u00e9ristiques sp\u00e9ciales<\/th>\n<td class=\"a-size-base prodDetAttrValue\">\u200eToujours \u00e0 l&rsquo;\u00e9cran, Appel vocal, GPS, Notification, R\u00e9veil<\/td>\n<\/tr>\n<tr>\n<th class=\"a-color-secondary a-size-base prodDetSectionEntry\">Appareils compatibles<\/th>\n<td class=\"a-size-base prodDetAttrValue\">\u200ePC, Ordinateur portable, Tablette, polycarbonate, Smartphone, Autres appareils portables<\/td>\n<\/tr>\n<tr>\n<th class=\"a-color-secondary a-size-base prodDetSectionEntry\">Type de batterie<\/th>\n<td class=\"a-size-base prodDetAttrValue\">\u200eLithium-ion<\/td>\n<\/tr>\n<tr>\n<th class=\"a-color-secondary a-size-base prodDetSectionEntry\">Batterie rechargeable<\/th>\n<td class=\"a-size-base prodDetAttrValue\">\u200eOui<\/td>\n<\/tr>\n<tr>\n<th class=\"a-color-secondary a-size-base prodDetSectionEntry\">Garantie constructeur<\/th>\n<td class=\"a-size-base prodDetAttrValue\">\u200e2 ans<\/td>\n<\/tr>\n<\/tbody>\n<\/table>\n<\/div>\n<\/div>\n<\/div>\n","protected":false},"excerpt":{"rendered":"<p><span class=\"a-size-base a-color-secondary\">Couleur:\u00a0<\/span><span id=\"inline-twister-expanded-dimension-text-color_name\" class=\"a-size-base a-color-base inline-twister-dim-title-value a-text-bold\">Noir<\/span><\/p>\n<table class=\"a-normal a-spacing-micro\">\n<tbody>\n<tr class=\"a-spacing-small po-operating_system\">\n<td class=\"a-span3\"><span class=\"a-size-base a-text-bold\">Syst\u00e8me d&rsquo;exploitation<\/span><\/td>\n<td class=\"a-span9\"><span class=\"a-size-base po-break-word\">Compatible for Android and iOS<\/span><\/td>\n<\/tr>\n<tr class=\"a-spacing-small po-special_feature\">\n<td class=\"a-span3\"><span class=\"a-size-base a-text-bold\">Caract\u00e9ristique sp\u00e9ciale<\/span><\/td>\n<td class=\"a-span9\"><span class=\"a-size-base po-break-word\">Toujours \u00e0 l&rsquo;\u00e9cran, Appel vocal, GPS, Notification, R\u00e9veil<\/span><\/td>\n<\/tr>\n<tr class=\"a-spacing-small po-battery.capacity\">\n<td class=\"a-span3\"><span class=\"a-size-base a-text-bold\">Capacit\u00e9 de la batterie<\/span><\/td>\n<td class=\"a-span9\"><span class=\"a-size-base po-break-word\">470 Milliamp\u00e8res-heure (mAh)<\/span><\/td>\n<\/tr>\n<tr class=\"a-spacing-small po-connectivity_technology\">\n<td class=\"a-span3\"><span class=\"a-size-base a-text-bold\">Technologie de connectivit\u00e9<\/span><\/td>\n<td class=\"a-span9\"><span class=\"a-size-base po-break-word\">Bluetooth<\/span><\/td>\n<\/tr>\n<tr class=\"a-spacing-small po-wireless_comm_standard\">\n<td class=\"a-span3\"><span class=\"a-size-base a-text-bold\">Norme de communication sans fil<\/span><\/td>\n<td class=\"a-span9\"><span class=\"a-size-base po-break-word\">Bluetooth<\/span><\/td>\n<\/tr>\n<tr class=\"a-spacing-small po-battery.cell_composition\">\n<td class=\"a-span3\"><span class=\"a-size-base a-text-bold\">Composition de la pile<\/span><\/td>\n<td class=\"a-span9\"><span class=\"a-size-base po-break-word\">Lithium-ion<\/span><\/td>\n<\/tr>\n<tr class=\"a-spacing-small po-gps_navigation\">\n<td class=\"a-span3\"><span class=\"a-size-base a-text-bold\">GPS<\/span><\/td>\n<td class=\"a-span9\"><span class=\"a-size-base po-break-word\">GPS int\u00e9gr\u00e9<\/span><\/td>\n<\/tr>\n<tr class=\"a-spacing-small po-item_shape\">\n<td class=\"a-span3\"><span class=\"a-size-base a-text-bold\">Forme<\/span><\/td>\n<td class=\"a-span9\"><span class=\"a-size-base po-break-word\">Ronde<\/span><\/td>\n<\/tr>\n<tr class=\"a-spacing-small po-display.size\">\n<td class=\"a-span3\"><span class=\"a-size-base a-text-bold\">Taille de l&rsquo;\u00e9cran<\/span><\/td>\n<td class=\"a-span9\"><span class=\"a-size-base po-break-word\">1,43 Pouces<\/span><\/td>\n<\/tr>\n<tr class=\"a-spacing-small po-brand\">\n<td class=\"a-span3\"><span class=\"a-size-base a-text-bold\">Marque<\/span><\/td>\n<td class=\"a-span9\"><span class=\"a-size-base po-break-word\">KOSPE<\/span><\/td>\n<\/tr>\n<\/tbody>\n<\/table>\n<p>&nbsp;<\/p>\n","protected":false},"featured_media":17955,"comment_status":"open","ping_status":"closed","template":"","meta":[],"product_brand":[],"product_cat":[76],"product_tag":[],"class_list":{"0":"post-17946","1":"product","2":"type-product","3":"status-publish","4":"has-post-thumbnail","6":"product_cat-montre-connectee","8":"first","9":"instock","10":"sale","11":"taxable","12":"shipping-taxable","13":"purchasable","14":"product-type-simple"},"yoast_head":"<!-- This site is optimized with the Yoast SEO plugin v24.8.1 - https:\/\/yoast.com\/wordpress\/plugins\/seo\/ -->\n<title>KOSPET Tank T3 Ultra 2 GPS Montre Connect\u00e9e Homme- Acier Inoxydable Batterie de Grande Capacit\u00e9 50M \u00c9tanche, Smartwatch Boussole Altim\u00e8tre Appel,1.43&quot; AMOLED Toujour Activ\u00e9 Fr\u00e9quence Cardiaque - Hexagodis<\/title>\n<meta name=\"robots\" content=\"index, follow, max-snippet:-1, max-image-preview:large, max-video-preview:-1\" \/>\n<link rel=\"canonical\" href=\"https:\/\/hexagodis.com\/index.php\/produit\/kospet-tank-t3-ultra-2-gps-montre-connectee-homme-acier-inoxydable-batterie-de-grande-capacite-50m-etanche-smartwatch-boussole-altimetre-appel1-43-amoled-toujour-active-frequence-cardiaque\/\" \/>\n<meta property=\"og:locale\" content=\"fr_FR\" \/>\n<meta property=\"og:type\" content=\"article\" \/>\n<meta property=\"og:title\" content=\"KOSPET Tank T3 Ultra 2 GPS Montre Connect\u00e9e Homme- Acier Inoxydable Batterie de Grande Capacit\u00e9 50M \u00c9tanche, Smartwatch Boussole Altim\u00e8tre Appel,1.43&quot; AMOLED Toujour Activ\u00e9 Fr\u00e9quence Cardiaque - Hexagodis\" \/>\n<meta property=\"og:description\" content=\"Couleur:\u00a0Noir    Syst\u00e8me d&#039;exploitation Compatible for Android and iOS   Caract\u00e9ristique sp\u00e9ciale Toujours \u00e0 l&#039;\u00e9cran, Appel vocal, GPS, Notification, R\u00e9veil   Capacit\u00e9 de la batterie 470 Milliamp\u00e8res-heure (mAh)   Technologie de connectivit\u00e9 Bluetooth   Norme de communication sans fil Bluetooth   Composition de la pile Lithium-ion   GPS GPS int\u00e9gr\u00e9   Forme Ronde   Taille de l&#039;\u00e9cran 1,43 Pouces   Marque KOSPE    &nbsp;\" \/>\n<meta property=\"og:url\" content=\"https:\/\/hexagodis.com\/index.php\/produit\/kospet-tank-t3-ultra-2-gps-montre-connectee-homme-acier-inoxydable-batterie-de-grande-capacite-50m-etanche-smartwatch-boussole-altimetre-appel1-43-amoled-toujour-active-frequence-cardiaque\/\" \/>\n<meta property=\"og:site_name\" content=\"Hexagodis\" \/>\n<meta property=\"og:image\" content=\"https:\/\/hexagodis.com\/wp-content\/uploads\/2025\/07\/81mNmf1MmUL._AC_SL1500_.jpg\" \/>\n\t<meta property=\"og:image:width\" content=\"2484\" \/>\n\t<meta property=\"og:image:height\" content=\"2448\" \/>\n\t<meta property=\"og:image:type\" content=\"image\/jpeg\" \/>\n<meta name=\"twitter:card\" content=\"summary_large_image\" \/>\n<meta name=\"twitter:label1\" content=\"Dur\u00e9e de lecture estim\u00e9e\" \/>\n\t<meta name=\"twitter:data1\" content=\"3 minutes\" \/>\n<script type=\"application\/ld+json\" class=\"yoast-schema-graph\">{\"@context\":\"https:\/\/schema.org\",\"@graph\":[{\"@type\":\"WebPage\",\"@id\":\"https:\/\/hexagodis.com\/index.php\/produit\/kospet-tank-t3-ultra-2-gps-montre-connectee-homme-acier-inoxydable-batterie-de-grande-capacite-50m-etanche-smartwatch-boussole-altimetre-appel1-43-amoled-toujour-active-frequence-cardiaque\/\",\"url\":\"https:\/\/hexagodis.com\/index.php\/produit\/kospet-tank-t3-ultra-2-gps-montre-connectee-homme-acier-inoxydable-batterie-de-grande-capacite-50m-etanche-smartwatch-boussole-altimetre-appel1-43-amoled-toujour-active-frequence-cardiaque\/\",\"name\":\"KOSPET Tank T3 Ultra 2 GPS Montre Connect\u00e9e Homme- Acier Inoxydable Batterie de Grande Capacit\u00e9 50M \u00c9tanche, Smartwatch Boussole Altim\u00e8tre Appel,1.43\\\" AMOLED Toujour Activ\u00e9 Fr\u00e9quence Cardiaque - Hexagodis\",\"isPartOf\":{\"@id\":\"https:\/\/hexagodis.com\/#website\"},\"primaryImageOfPage\":{\"@id\":\"https:\/\/hexagodis.com\/index.php\/produit\/kospet-tank-t3-ultra-2-gps-montre-connectee-homme-acier-inoxydable-batterie-de-grande-capacite-50m-etanche-smartwatch-boussole-altimetre-appel1-43-amoled-toujour-active-frequence-cardiaque\/#primaryimage\"},\"image\":{\"@id\":\"https:\/\/hexagodis.com\/index.php\/produit\/kospet-tank-t3-ultra-2-gps-montre-connectee-homme-acier-inoxydable-batterie-de-grande-capacite-50m-etanche-smartwatch-boussole-altimetre-appel1-43-amoled-toujour-active-frequence-cardiaque\/#primaryimage\"},\"thumbnailUrl\":\"https:\/\/hexagodis.com\/wp-content\/uploads\/2025\/07\/81mNmf1MmUL._AC_SL1500_.jpg\",\"datePublished\":\"2025-07-09T17:47:12+00:00\",\"breadcrumb\":{\"@id\":\"https:\/\/hexagodis.com\/index.php\/produit\/kospet-tank-t3-ultra-2-gps-montre-connectee-homme-acier-inoxydable-batterie-de-grande-capacite-50m-etanche-smartwatch-boussole-altimetre-appel1-43-amoled-toujour-active-frequence-cardiaque\/#breadcrumb\"},\"inLanguage\":\"fr-FR\",\"potentialAction\":[{\"@type\":\"ReadAction\",\"target\":[\"https:\/\/hexagodis.com\/index.php\/produit\/kospet-tank-t3-ultra-2-gps-montre-connectee-homme-acier-inoxydable-batterie-de-grande-capacite-50m-etanche-smartwatch-boussole-altimetre-appel1-43-amoled-toujour-active-frequence-cardiaque\/\"]}]},{\"@type\":\"ImageObject\",\"inLanguage\":\"fr-FR\",\"@id\":\"https:\/\/hexagodis.com\/index.php\/produit\/kospet-tank-t3-ultra-2-gps-montre-connectee-homme-acier-inoxydable-batterie-de-grande-capacite-50m-etanche-smartwatch-boussole-altimetre-appel1-43-amoled-toujour-active-frequence-cardiaque\/#primaryimage\",\"url\":\"https:\/\/hexagodis.com\/wp-content\/uploads\/2025\/07\/81mNmf1MmUL._AC_SL1500_.jpg\",\"contentUrl\":\"https:\/\/hexagodis.com\/wp-content\/uploads\/2025\/07\/81mNmf1MmUL._AC_SL1500_.jpg\",\"width\":2484,\"height\":2448},{\"@type\":\"BreadcrumbList\",\"@id\":\"https:\/\/hexagodis.com\/index.php\/produit\/kospet-tank-t3-ultra-2-gps-montre-connectee-homme-acier-inoxydable-batterie-de-grande-capacite-50m-etanche-smartwatch-boussole-altimetre-appel1-43-amoled-toujour-active-frequence-cardiaque\/#breadcrumb\",\"itemListElement\":[{\"@type\":\"ListItem\",\"position\":1,\"name\":\"Accueil\",\"item\":\"https:\/\/hexagodis.com\/\"},{\"@type\":\"ListItem\",\"position\":2,\"name\":\"Boutique\",\"item\":\"https:\/\/hexagodis.com\/index.php\/boutique\/\"},{\"@type\":\"ListItem\",\"position\":3,\"name\":\"KOSPET Tank T3 Ultra 2 GPS Montre Connect\u00e9e Homme- Acier Inoxydable Batterie de Grande Capacit\u00e9 50M \u00c9tanche, Smartwatch Boussole Altim\u00e8tre Appel,1.43&Prime; AMOLED Toujour Activ\u00e9 Fr\u00e9quence Cardiaque\"}]},{\"@type\":\"WebSite\",\"@id\":\"https:\/\/hexagodis.com\/#website\",\"url\":\"https:\/\/hexagodis.com\/\",\"name\":\"Hexagodis\",\"description\":\"Mat\u00e9riel de sport &amp; \u00e9quipement sportif\",\"potentialAction\":[{\"@type\":\"SearchAction\",\"target\":{\"@type\":\"EntryPoint\",\"urlTemplate\":\"https:\/\/hexagodis.com\/?s={search_term_string}\"},\"query-input\":{\"@type\":\"PropertyValueSpecification\",\"valueRequired\":true,\"valueName\":\"search_term_string\"}}],\"inLanguage\":\"fr-FR\"}]}<\/script>\n<!-- \/ Yoast SEO plugin. -->","yoast_head_json":{"title":"KOSPET Tank T3 Ultra 2 GPS Montre Connect\u00e9e Homme- Acier Inoxydable Batterie de Grande Capacit\u00e9 50M \u00c9tanche, Smartwatch Boussole Altim\u00e8tre Appel,1.43\" AMOLED Toujour Activ\u00e9 Fr\u00e9quence Cardiaque - Hexagodis","robots":{"index":"index","follow":"follow","max-snippet":"max-snippet:-1","max-image-preview":"max-image-preview:large","max-video-preview":"max-video-preview:-1"},"canonical":"https:\/\/hexagodis.com\/index.php\/produit\/kospet-tank-t3-ultra-2-gps-montre-connectee-homme-acier-inoxydable-batterie-de-grande-capacite-50m-etanche-smartwatch-boussole-altimetre-appel1-43-amoled-toujour-active-frequence-cardiaque\/","og_locale":"fr_FR","og_type":"article","og_title":"KOSPET Tank T3 Ultra 2 GPS Montre Connect\u00e9e Homme- Acier Inoxydable Batterie de Grande Capacit\u00e9 50M \u00c9tanche, Smartwatch Boussole Altim\u00e8tre Appel,1.43\" AMOLED Toujour Activ\u00e9 Fr\u00e9quence Cardiaque - Hexagodis","og_description":"Couleur:\u00a0Noir    Syst\u00e8me d'exploitation Compatible for Android and iOS   Caract\u00e9ristique sp\u00e9ciale Toujours \u00e0 l'\u00e9cran, Appel vocal, GPS, Notification, R\u00e9veil   Capacit\u00e9 de la batterie 470 Milliamp\u00e8res-heure (mAh)   Technologie de connectivit\u00e9 Bluetooth   Norme de communication sans fil Bluetooth   Composition de la pile Lithium-ion   GPS GPS int\u00e9gr\u00e9   Forme Ronde   Taille de l'\u00e9cran 1,43 Pouces   Marque KOSPE    &nbsp;","og_url":"https:\/\/hexagodis.com\/index.php\/produit\/kospet-tank-t3-ultra-2-gps-montre-connectee-homme-acier-inoxydable-batterie-de-grande-capacite-50m-etanche-smartwatch-boussole-altimetre-appel1-43-amoled-toujour-active-frequence-cardiaque\/","og_site_name":"Hexagodis","og_image":[{"width":2484,"height":2448,"url":"https:\/\/hexagodis.com\/wp-content\/uploads\/2025\/07\/81mNmf1MmUL._AC_SL1500_.jpg","type":"image\/jpeg"}],"twitter_card":"summary_large_image","twitter_misc":{"Dur\u00e9e de lecture estim\u00e9e":"3 minutes"},"schema":{"@context":"https:\/\/schema.org","@graph":[{"@type":"WebPage","@id":"https:\/\/hexagodis.com\/index.php\/produit\/kospet-tank-t3-ultra-2-gps-montre-connectee-homme-acier-inoxydable-batterie-de-grande-capacite-50m-etanche-smartwatch-boussole-altimetre-appel1-43-amoled-toujour-active-frequence-cardiaque\/","url":"https:\/\/hexagodis.com\/index.php\/produit\/kospet-tank-t3-ultra-2-gps-montre-connectee-homme-acier-inoxydable-batterie-de-grande-capacite-50m-etanche-smartwatch-boussole-altimetre-appel1-43-amoled-toujour-active-frequence-cardiaque\/","name":"KOSPET Tank T3 Ultra 2 GPS Montre Connect\u00e9e Homme- Acier Inoxydable Batterie de Grande Capacit\u00e9 50M \u00c9tanche, Smartwatch Boussole Altim\u00e8tre Appel,1.43\" AMOLED Toujour Activ\u00e9 Fr\u00e9quence Cardiaque - Hexagodis","isPartOf":{"@id":"https:\/\/hexagodis.com\/#website"},"primaryImageOfPage":{"@id":"https:\/\/hexagodis.com\/index.php\/produit\/kospet-tank-t3-ultra-2-gps-montre-connectee-homme-acier-inoxydable-batterie-de-grande-capacite-50m-etanche-smartwatch-boussole-altimetre-appel1-43-amoled-toujour-active-frequence-cardiaque\/#primaryimage"},"image":{"@id":"https:\/\/hexagodis.com\/index.php\/produit\/kospet-tank-t3-ultra-2-gps-montre-connectee-homme-acier-inoxydable-batterie-de-grande-capacite-50m-etanche-smartwatch-boussole-altimetre-appel1-43-amoled-toujour-active-frequence-cardiaque\/#primaryimage"},"thumbnailUrl":"https:\/\/hexagodis.com\/wp-content\/uploads\/2025\/07\/81mNmf1MmUL._AC_SL1500_.jpg","datePublished":"2025-07-09T17:47:12+00:00","breadcrumb":{"@id":"https:\/\/hexagodis.com\/index.php\/produit\/kospet-tank-t3-ultra-2-gps-montre-connectee-homme-acier-inoxydable-batterie-de-grande-capacite-50m-etanche-smartwatch-boussole-altimetre-appel1-43-amoled-toujour-active-frequence-cardiaque\/#breadcrumb"},"inLanguage":"fr-FR","potentialAction":[{"@type":"ReadAction","target":["https:\/\/hexagodis.com\/index.php\/produit\/kospet-tank-t3-ultra-2-gps-montre-connectee-homme-acier-inoxydable-batterie-de-grande-capacite-50m-etanche-smartwatch-boussole-altimetre-appel1-43-amoled-toujour-active-frequence-cardiaque\/"]}]},{"@type":"ImageObject","inLanguage":"fr-FR","@id":"https:\/\/hexagodis.com\/index.php\/produit\/kospet-tank-t3-ultra-2-gps-montre-connectee-homme-acier-inoxydable-batterie-de-grande-capacite-50m-etanche-smartwatch-boussole-altimetre-appel1-43-amoled-toujour-active-frequence-cardiaque\/#primaryimage","url":"https:\/\/hexagodis.com\/wp-content\/uploads\/2025\/07\/81mNmf1MmUL._AC_SL1500_.jpg","contentUrl":"https:\/\/hexagodis.com\/wp-content\/uploads\/2025\/07\/81mNmf1MmUL._AC_SL1500_.jpg","width":2484,"height":2448},{"@type":"BreadcrumbList","@id":"https:\/\/hexagodis.com\/index.php\/produit\/kospet-tank-t3-ultra-2-gps-montre-connectee-homme-acier-inoxydable-batterie-de-grande-capacite-50m-etanche-smartwatch-boussole-altimetre-appel1-43-amoled-toujour-active-frequence-cardiaque\/#breadcrumb","itemListElement":[{"@type":"ListItem","position":1,"name":"Accueil","item":"https:\/\/hexagodis.com\/"},{"@type":"ListItem","position":2,"name":"Boutique","item":"https:\/\/hexagodis.com\/index.php\/boutique\/"},{"@type":"ListItem","position":3,"name":"KOSPET Tank T3 Ultra 2 GPS Montre Connect\u00e9e Homme- Acier Inoxydable Batterie de Grande Capacit\u00e9 50M \u00c9tanche, Smartwatch Boussole Altim\u00e8tre Appel,1.43&Prime; AMOLED Toujour Activ\u00e9 Fr\u00e9quence Cardiaque"}]},{"@type":"WebSite","@id":"https:\/\/hexagodis.com\/#website","url":"https:\/\/hexagodis.com\/","name":"Hexagodis","description":"Mat\u00e9riel de sport &amp; \u00e9quipement sportif","potentialAction":[{"@type":"SearchAction","target":{"@type":"EntryPoint","urlTemplate":"https:\/\/hexagodis.com\/?s={search_term_string}"},"query-input":{"@type":"PropertyValueSpecification","valueRequired":true,"valueName":"search_term_string"}}],"inLanguage":"fr-FR"}]}},"_links":{"self":[{"href":"https:\/\/hexagodis.com\/index.php\/wp-json\/wp\/v2\/product\/17946","targetHints":{"allow":["GET"]}}],"collection":[{"href":"https:\/\/hexagodis.com\/index.php\/wp-json\/wp\/v2\/product"}],"about":[{"href":"https:\/\/hexagodis.com\/index.php\/wp-json\/wp\/v2\/types\/product"}],"replies":[{"embeddable":true,"href":"https:\/\/hexagodis.com\/index.php\/wp-json\/wp\/v2\/comments?post=17946"}],"version-history":[{"count":2,"href":"https:\/\/hexagodis.com\/index.php\/wp-json\/wp\/v2\/product\/17946\/revisions"}],"predecessor-version":[{"id":17963,"href":"https:\/\/hexagodis.com\/index.php\/wp-json\/wp\/v2\/product\/17946\/revisions\/17963"}],"wp:featuredmedia":[{"embeddable":true,"href":"https:\/\/hexagodis.com\/index.php\/wp-json\/wp\/v2\/media\/17955"}],"wp:attachment":[{"href":"https:\/\/hexagodis.com\/index.php\/wp-json\/wp\/v2\/media?parent=17946"}],"wp:term":[{"taxonomy":"product_brand","embeddable":true,"href":"https:\/\/hexagodis.com\/index.php\/wp-json\/wp\/v2\/product_brand?post=17946"},{"taxonomy":"product_cat","embeddable":true,"href":"https:\/\/hexagodis.com\/index.php\/wp-json\/wp\/v2\/product_cat?post=17946"},{"taxonomy":"product_tag","embeddable":true,"href":"https:\/\/hexagodis.com\/index.php\/wp-json\/wp\/v2\/product_tag?post=17946"}],"curies":[{"name":"wp","href":"https:\/\/api.w.org\/{rel}","templated":true}]}}