{"id":17788,"date":"2025-05-25T20:09:53","date_gmt":"2025-05-25T18:09:53","guid":{"rendered":"https:\/\/hexagodis.com\/?post_type=product&#038;p=17788"},"modified":"2025-05-25T20:09:57","modified_gmt":"2025-05-25T18:09:57","slug":"specialized-velo-route-carbone-aethos-comp-2025-gloss-dune-white-metallic-spruce","status":"publish","type":"product","link":"https:\/\/hexagodis.com\/index.php\/produit\/specialized-velo-route-carbone-aethos-comp-2025-gloss-dune-white-metallic-spruce\/","title":{"rendered":"Specialized V\u00e9lo Route Carbone &#8211; AETHOS COMP &#8211; 2025 &#8211; gloss dune white \/ metallic spruce"},"content":{"rendered":"<h4 class=\"product-detail-description__title\">Specialized V\u00e9lo Route Carbone &#8211; AETHOS COMP &#8211; 2025 &#8211; gloss dune white \/ metallic spruce<\/h4>\n<div class=\"product-detail-description__content\">\n<div class=\"cms-content\">\n<h5>Brisez les r\u00e8gles &#8211; avec le Specialized AETHOS !<\/h5>\n<p>Le cadre Aethos est la combinaison parfaite d&rsquo;une sensation de conduite ultime, d&rsquo;un poids l\u00e9ger et d&rsquo;un style in\u00e9gal\u00e9 &#8211; de l&rsquo;acc\u00e9l\u00e9ration dans les mont\u00e9es raides et les descentes techniques au confort tout au long de la journ\u00e9e, m\u00eame sur les plus longues randonn\u00e9es, l&rsquo;Aethos fait toujours mouche. Specialized a utilis\u00e9 la simulation par superordinateur pour modifier subtilement la forme des tubes ronds. Cela a rendu leurs formes plus effil\u00e9es dans les zones cl\u00e9s afin d&rsquo;obtenir d&rsquo;\u00e9normes gains en termes de rigidit\u00e9 et d&rsquo;\u00e9quilibre avec un minimum de mat\u00e9riau. Pas de mat\u00e9riaux inutiles, juste plus de stabilit\u00e9 et d&rsquo;int\u00e9grit\u00e9.<\/p>\n<\/div>\n<\/div>\n","protected":false},"excerpt":{"rendered":"<h4>Caract\u00e9ristiques du Specialized AETHOS COMP<\/h4>\n<ul>\n<li>Cadre carbone Aethos FACT<\/li>\n<li>Fourche en carbone FACT<\/li>\n<li>Tige de selle Roval Alpinist en carbone<\/li>\n<li>Transmission Shimano 105 Di2 2&#215;12 vitesses<\/li>\n<li>Roues DT R470<\/li>\n<\/ul>\n","protected":false},"featured_media":17817,"comment_status":"open","ping_status":"closed","template":"","meta":[],"product_brand":[],"product_cat":[255],"product_tag":[],"class_list":{"0":"post-17788","1":"product","2":"type-product","3":"status-publish","4":"has-post-thumbnail","6":"product_cat-velos-de-route","8":"first","9":"instock","10":"sale","11":"taxable","12":"shipping-taxable","13":"purchasable","14":"product-type-simple"},"yoast_head":"<!-- This site is optimized with the Yoast SEO plugin v24.8.1 - https:\/\/yoast.com\/wordpress\/plugins\/seo\/ -->\n<title>Specialized V\u00e9lo Route Carbone - AETHOS COMP - 2025 - gloss dune white \/ metallic spruce - Hexagodis<\/title>\n<meta name=\"robots\" content=\"index, follow, max-snippet:-1, max-image-preview:large, max-video-preview:-1\" \/>\n<link rel=\"canonical\" href=\"https:\/\/hexagodis.com\/index.php\/produit\/specialized-velo-route-carbone-aethos-comp-2025-gloss-dune-white-metallic-spruce\/\" \/>\n<meta property=\"og:locale\" content=\"fr_FR\" \/>\n<meta property=\"og:type\" content=\"article\" \/>\n<meta property=\"og:title\" content=\"Specialized V\u00e9lo Route Carbone - AETHOS COMP - 2025 - gloss dune white \/ metallic spruce - Hexagodis\" \/>\n<meta property=\"og:description\" content=\"Caract\u00e9ristiques du Specialized AETHOS COMP   Cadre carbone Aethos FACT  Fourche en carbone FACT  Tige de selle Roval Alpinist en carbone  Transmission Shimano 105 Di2 2x12 vitesses  Roues DT R470\" \/>\n<meta property=\"og:url\" content=\"https:\/\/hexagodis.com\/index.php\/produit\/specialized-velo-route-carbone-aethos-comp-2025-gloss-dune-white-metallic-spruce\/\" \/>\n<meta property=\"og:site_name\" content=\"Hexagodis\" \/>\n<meta property=\"article:modified_time\" content=\"2025-05-25T18:09:57+00:00\" \/>\n<meta name=\"twitter:card\" content=\"summary_large_image\" \/>\n<meta name=\"twitter:label1\" content=\"Dur\u00e9e de lecture estim\u00e9e\" \/>\n\t<meta name=\"twitter:data1\" content=\"1 minute\" \/>\n<script type=\"application\/ld+json\" class=\"yoast-schema-graph\">{\"@context\":\"https:\/\/schema.org\",\"@graph\":[{\"@type\":\"WebPage\",\"@id\":\"https:\/\/hexagodis.com\/index.php\/produit\/specialized-velo-route-carbone-aethos-comp-2025-gloss-dune-white-metallic-spruce\/\",\"url\":\"https:\/\/hexagodis.com\/index.php\/produit\/specialized-velo-route-carbone-aethos-comp-2025-gloss-dune-white-metallic-spruce\/\",\"name\":\"Specialized V\u00e9lo Route Carbone - AETHOS COMP - 2025 - gloss dune white \/ metallic spruce - Hexagodis\",\"isPartOf\":{\"@id\":\"https:\/\/hexagodis.com\/#website\"},\"primaryImageOfPage\":{\"@id\":\"https:\/\/hexagodis.com\/index.php\/produit\/specialized-velo-route-carbone-aethos-comp-2025-gloss-dune-white-metallic-spruce\/#primaryimage\"},\"image\":{\"@id\":\"https:\/\/hexagodis.com\/index.php\/produit\/specialized-velo-route-carbone-aethos-comp-2025-gloss-dune-white-metallic-spruce\/#primaryimage\"},\"thumbnailUrl\":\"https:\/\/hexagodis.com\/wp-content\/uploads\/2025\/05\/97224-51-aethos-comp-dunewht-metspr-01.jpeg\",\"datePublished\":\"2025-05-25T18:09:53+00:00\",\"dateModified\":\"2025-05-25T18:09:57+00:00\",\"breadcrumb\":{\"@id\":\"https:\/\/hexagodis.com\/index.php\/produit\/specialized-velo-route-carbone-aethos-comp-2025-gloss-dune-white-metallic-spruce\/#breadcrumb\"},\"inLanguage\":\"fr-FR\",\"potentialAction\":[{\"@type\":\"ReadAction\",\"target\":[\"https:\/\/hexagodis.com\/index.php\/produit\/specialized-velo-route-carbone-aethos-comp-2025-gloss-dune-white-metallic-spruce\/\"]}]},{\"@type\":\"ImageObject\",\"inLanguage\":\"fr-FR\",\"@id\":\"https:\/\/hexagodis.com\/index.php\/produit\/specialized-velo-route-carbone-aethos-comp-2025-gloss-dune-white-metallic-spruce\/#primaryimage\",\"url\":\"https:\/\/hexagodis.com\/wp-content\/uploads\/2025\/05\/97224-51-aethos-comp-dunewht-metspr-01.jpeg\",\"contentUrl\":\"https:\/\/hexagodis.com\/wp-content\/uploads\/2025\/05\/97224-51-aethos-comp-dunewht-metspr-01.jpeg\",\"width\":1500,\"height\":1500},{\"@type\":\"BreadcrumbList\",\"@id\":\"https:\/\/hexagodis.com\/index.php\/produit\/specialized-velo-route-carbone-aethos-comp-2025-gloss-dune-white-metallic-spruce\/#breadcrumb\",\"itemListElement\":[{\"@type\":\"ListItem\",\"position\":1,\"name\":\"Accueil\",\"item\":\"https:\/\/hexagodis.com\/\"},{\"@type\":\"ListItem\",\"position\":2,\"name\":\"Boutique\",\"item\":\"https:\/\/hexagodis.com\/index.php\/boutique\/\"},{\"@type\":\"ListItem\",\"position\":3,\"name\":\"Specialized V\u00e9lo Route Carbone &#8211; AETHOS COMP &#8211; 2025 &#8211; gloss dune white \/ metallic spruce\"}]},{\"@type\":\"WebSite\",\"@id\":\"https:\/\/hexagodis.com\/#website\",\"url\":\"https:\/\/hexagodis.com\/\",\"name\":\"Hexagodis\",\"description\":\"Mat\u00e9riel de sport &amp; \u00e9quipement sportif\",\"potentialAction\":[{\"@type\":\"SearchAction\",\"target\":{\"@type\":\"EntryPoint\",\"urlTemplate\":\"https:\/\/hexagodis.com\/?s={search_term_string}\"},\"query-input\":{\"@type\":\"PropertyValueSpecification\",\"valueRequired\":true,\"valueName\":\"search_term_string\"}}],\"inLanguage\":\"fr-FR\"}]}<\/script>\n<!-- \/ Yoast SEO plugin. -->","yoast_head_json":{"title":"Specialized V\u00e9lo Route Carbone - AETHOS COMP - 2025 - gloss dune white \/ metallic spruce - Hexagodis","robots":{"index":"index","follow":"follow","max-snippet":"max-snippet:-1","max-image-preview":"max-image-preview:large","max-video-preview":"max-video-preview:-1"},"canonical":"https:\/\/hexagodis.com\/index.php\/produit\/specialized-velo-route-carbone-aethos-comp-2025-gloss-dune-white-metallic-spruce\/","og_locale":"fr_FR","og_type":"article","og_title":"Specialized V\u00e9lo Route Carbone - AETHOS COMP - 2025 - gloss dune white \/ metallic spruce - Hexagodis","og_description":"Caract\u00e9ristiques du Specialized AETHOS COMP   Cadre carbone Aethos FACT  Fourche en carbone FACT  Tige de selle Roval Alpinist en carbone  Transmission Shimano 105 Di2 2x12 vitesses  Roues DT R470","og_url":"https:\/\/hexagodis.com\/index.php\/produit\/specialized-velo-route-carbone-aethos-comp-2025-gloss-dune-white-metallic-spruce\/","og_site_name":"Hexagodis","article_modified_time":"2025-05-25T18:09:57+00:00","twitter_card":"summary_large_image","twitter_misc":{"Dur\u00e9e de lecture estim\u00e9e":"1 minute"},"schema":{"@context":"https:\/\/schema.org","@graph":[{"@type":"WebPage","@id":"https:\/\/hexagodis.com\/index.php\/produit\/specialized-velo-route-carbone-aethos-comp-2025-gloss-dune-white-metallic-spruce\/","url":"https:\/\/hexagodis.com\/index.php\/produit\/specialized-velo-route-carbone-aethos-comp-2025-gloss-dune-white-metallic-spruce\/","name":"Specialized V\u00e9lo Route Carbone - AETHOS COMP - 2025 - gloss dune white \/ metallic spruce - Hexagodis","isPartOf":{"@id":"https:\/\/hexagodis.com\/#website"},"primaryImageOfPage":{"@id":"https:\/\/hexagodis.com\/index.php\/produit\/specialized-velo-route-carbone-aethos-comp-2025-gloss-dune-white-metallic-spruce\/#primaryimage"},"image":{"@id":"https:\/\/hexagodis.com\/index.php\/produit\/specialized-velo-route-carbone-aethos-comp-2025-gloss-dune-white-metallic-spruce\/#primaryimage"},"thumbnailUrl":"https:\/\/hexagodis.com\/wp-content\/uploads\/2025\/05\/97224-51-aethos-comp-dunewht-metspr-01.jpeg","datePublished":"2025-05-25T18:09:53+00:00","dateModified":"2025-05-25T18:09:57+00:00","breadcrumb":{"@id":"https:\/\/hexagodis.com\/index.php\/produit\/specialized-velo-route-carbone-aethos-comp-2025-gloss-dune-white-metallic-spruce\/#breadcrumb"},"inLanguage":"fr-FR","potentialAction":[{"@type":"ReadAction","target":["https:\/\/hexagodis.com\/index.php\/produit\/specialized-velo-route-carbone-aethos-comp-2025-gloss-dune-white-metallic-spruce\/"]}]},{"@type":"ImageObject","inLanguage":"fr-FR","@id":"https:\/\/hexagodis.com\/index.php\/produit\/specialized-velo-route-carbone-aethos-comp-2025-gloss-dune-white-metallic-spruce\/#primaryimage","url":"https:\/\/hexagodis.com\/wp-content\/uploads\/2025\/05\/97224-51-aethos-comp-dunewht-metspr-01.jpeg","contentUrl":"https:\/\/hexagodis.com\/wp-content\/uploads\/2025\/05\/97224-51-aethos-comp-dunewht-metspr-01.jpeg","width":1500,"height":1500},{"@type":"BreadcrumbList","@id":"https:\/\/hexagodis.com\/index.php\/produit\/specialized-velo-route-carbone-aethos-comp-2025-gloss-dune-white-metallic-spruce\/#breadcrumb","itemListElement":[{"@type":"ListItem","position":1,"name":"Accueil","item":"https:\/\/hexagodis.com\/"},{"@type":"ListItem","position":2,"name":"Boutique","item":"https:\/\/hexagodis.com\/index.php\/boutique\/"},{"@type":"ListItem","position":3,"name":"Specialized V\u00e9lo Route Carbone &#8211; AETHOS COMP &#8211; 2025 &#8211; gloss dune white \/ metallic spruce"}]},{"@type":"WebSite","@id":"https:\/\/hexagodis.com\/#website","url":"https:\/\/hexagodis.com\/","name":"Hexagodis","description":"Mat\u00e9riel de sport &amp; \u00e9quipement sportif","potentialAction":[{"@type":"SearchAction","target":{"@type":"EntryPoint","urlTemplate":"https:\/\/hexagodis.com\/?s={search_term_string}"},"query-input":{"@type":"PropertyValueSpecification","valueRequired":true,"valueName":"search_term_string"}}],"inLanguage":"fr-FR"}]}},"_links":{"self":[{"href":"https:\/\/hexagodis.com\/index.php\/wp-json\/wp\/v2\/product\/17788","targetHints":{"allow":["GET"]}}],"collection":[{"href":"https:\/\/hexagodis.com\/index.php\/wp-json\/wp\/v2\/product"}],"about":[{"href":"https:\/\/hexagodis.com\/index.php\/wp-json\/wp\/v2\/types\/product"}],"replies":[{"embeddable":true,"href":"https:\/\/hexagodis.com\/index.php\/wp-json\/wp\/v2\/comments?post=17788"}],"version-history":[{"count":1,"href":"https:\/\/hexagodis.com\/index.php\/wp-json\/wp\/v2\/product\/17788\/revisions"}],"predecessor-version":[{"id":17818,"href":"https:\/\/hexagodis.com\/index.php\/wp-json\/wp\/v2\/product\/17788\/revisions\/17818"}],"wp:featuredmedia":[{"embeddable":true,"href":"https:\/\/hexagodis.com\/index.php\/wp-json\/wp\/v2\/media\/17817"}],"wp:attachment":[{"href":"https:\/\/hexagodis.com\/index.php\/wp-json\/wp\/v2\/media?parent=17788"}],"wp:term":[{"taxonomy":"product_brand","embeddable":true,"href":"https:\/\/hexagodis.com\/index.php\/wp-json\/wp\/v2\/product_brand?post=17788"},{"taxonomy":"product_cat","embeddable":true,"href":"https:\/\/hexagodis.com\/index.php\/wp-json\/wp\/v2\/product_cat?post=17788"},{"taxonomy":"product_tag","embeddable":true,"href":"https:\/\/hexagodis.com\/index.php\/wp-json\/wp\/v2\/product_tag?post=17788"}],"curies":[{"name":"wp","href":"https:\/\/api.w.org\/{rel}","templated":true}]}}