{"id":17787,"date":"2025-05-25T20:09:53","date_gmt":"2025-05-25T18:09:53","guid":{"rendered":"https:\/\/hexagodis.com\/?post_type=product&#038;p=17787"},"modified":"2025-05-25T20:09:55","modified_gmt":"2025-05-25T18:09:55","slug":"trek-verve-4-2025","status":"publish","type":"product","link":"https:\/\/hexagodis.com\/index.php\/produit\/trek-verve-4-2025\/","title":{"rendered":"Trek Verve+ 4 2025"},"content":{"rendered":"<p>Le <strong>Trek Verve+ 4 2025<\/strong> est le v\u00e9lo \u00e9lectrique de ville id\u00e9al pour votre prochaine escapade urbaine, car le Bosch PowerPack 800Wh avec Smart System est int\u00e9gr\u00e9 dans le tube diagonal. Celui-ci vous permet de parcourir des distances impressionnantes. Vous pouvez ainsi faire de longs trajets d&rsquo;une journ\u00e9e en toute d\u00e9contraction, sans que le Verve+ 4 ne manque de puissance. En fin de journ\u00e9e, vous rechargez le PowerPack en quelques heures avec le chargeur Bosch A4. Le <strong>moteur Bosch Performance Line Smart System<\/strong> constitue le c\u0153ur du v\u00e9lo \u00e9lectrique Trek City. Il vous assiste avec puissance jusqu&rsquo;\u00e0 une vitesse de 25 km\/h. Sur le guidon se trouve le Bosch Purion 200, qui r\u00e9unit <strong>l&rsquo;\u00e9cran et la t\u00e9l\u00e9commande en une seule unit\u00e9<\/strong>. Pendant le trajet, vous pouvez y lire toutes les donn\u00e9es importantes comme la vitesse, l&rsquo;\u00e9tat de la batterie et le mode de conduite en un coup d&rsquo;\u0153il. Le Trek Verve+ 4 est con\u00e7u pour les terrains plats. Mais si vous roulez sur un terrain accident\u00e9, la <strong>fourche SR Suntour XCR32 <\/strong>amortit les chocs de mani\u00e8re fiable. L&rsquo;\u00e9clairage int\u00e9gr\u00e9 assure votre s\u00e9curit\u00e9 sur la route. Avec le <strong>feu arri\u00e8re du v\u00e9lo \u00e9lectrique Solo<\/strong>, vous \u00eates toujours bien visible \u00e0 l&rsquo;arri\u00e8re pour les autres usagers de la route. En m\u00eame temps, l&rsquo;<strong>\u00e9clairage v\u00e9lo avant Herrmans Nordic MR5-E<\/strong> vous permet d&rsquo;\u00e9clairer votre chemin vers l&rsquo;avant.<\/p>\n<p><strong>Sacama V\u00e9lo recommande<\/strong>: Le Verve+ 4 est le compagnon id\u00e9al pour les personnes qui utilisent le v\u00e9lo \u00e9lectrique au quotidien et pour les randonn\u00e9es. Il est con\u00e7u pour les terrains plats.<\/p>\n","protected":false},"excerpt":{"rendered":"<div class=\"product--description\">\n<h2>CARACT\u00c9RISTIQUES DU TREK VERVE+ 4 2025<\/h2>\n<ul>\n<li>V\u00e9lo \u00e9lectrique de ville avec Smart System<\/li>\n<li>Bosch Performance Line<\/li>\n<li>Bosch PowerPack 800Wh<\/li>\n<li>Bosch Purion 200 (\u00e9cran et t\u00e9l\u00e9commande)<\/li>\n<li>Fourche SR Suntour XCR32<\/li>\n<li>Tige de selle en aluminium, \u00e0 suspension<\/li>\n<\/ul>\n<\/div>\n","protected":false},"featured_media":17815,"comment_status":"open","ping_status":"closed","template":"","meta":[],"product_brand":[],"product_cat":[78],"product_tag":[],"class_list":{"0":"post-17787","1":"product","2":"type-product","3":"status-publish","4":"has-post-thumbnail","6":"product_cat-velos-electriques","8":"first","9":"instock","10":"sale","11":"taxable","12":"shipping-taxable","13":"purchasable","14":"product-type-simple"},"yoast_head":"<!-- This site is optimized with the Yoast SEO plugin v24.8.1 - https:\/\/yoast.com\/wordpress\/plugins\/seo\/ -->\n<title>Trek Verve+ 4 2025 - Hexagodis<\/title>\n<meta name=\"robots\" content=\"index, follow, max-snippet:-1, max-image-preview:large, max-video-preview:-1\" \/>\n<link rel=\"canonical\" href=\"https:\/\/hexagodis.com\/index.php\/produit\/trek-verve-4-2025\/\" \/>\n<meta property=\"og:locale\" content=\"fr_FR\" \/>\n<meta property=\"og:type\" content=\"article\" \/>\n<meta property=\"og:title\" content=\"Trek Verve+ 4 2025 - Hexagodis\" \/>\n<meta property=\"og:description\" content=\"CARACT\u00c9RISTIQUES DU TREK VERVE+ 4 2025   V\u00e9lo \u00e9lectrique de ville avec Smart System  Bosch Performance Line  Bosch PowerPack 800Wh  Bosch Purion 200 (\u00e9cran et t\u00e9l\u00e9commande)  Fourche SR Suntour XCR32  Tige de selle en aluminium, \u00e0 suspension\" \/>\n<meta property=\"og:url\" content=\"https:\/\/hexagodis.com\/index.php\/produit\/trek-verve-4-2025\/\" \/>\n<meta property=\"og:site_name\" content=\"Hexagodis\" \/>\n<meta property=\"article:modified_time\" content=\"2025-05-25T18:09:55+00:00\" \/>\n<meta name=\"twitter:card\" content=\"summary_large_image\" \/>\n<meta name=\"twitter:label1\" content=\"Dur\u00e9e de lecture estim\u00e9e\" \/>\n\t<meta name=\"twitter:data1\" content=\"1 minute\" \/>\n<script type=\"application\/ld+json\" class=\"yoast-schema-graph\">{\"@context\":\"https:\/\/schema.org\",\"@graph\":[{\"@type\":\"WebPage\",\"@id\":\"https:\/\/hexagodis.com\/index.php\/produit\/trek-verve-4-2025\/\",\"url\":\"https:\/\/hexagodis.com\/index.php\/produit\/trek-verve-4-2025\/\",\"name\":\"Trek Verve+ 4 2025 - Hexagodis\",\"isPartOf\":{\"@id\":\"https:\/\/hexagodis.com\/#website\"},\"primaryImageOfPage\":{\"@id\":\"https:\/\/hexagodis.com\/index.php\/produit\/trek-verve-4-2025\/#primaryimage\"},\"image\":{\"@id\":\"https:\/\/hexagodis.com\/index.php\/produit\/trek-verve-4-2025\/#primaryimage\"},\"thumbnailUrl\":\"https:\/\/hexagodis.com\/wp-content\/uploads\/2025\/05\/trek-verve-plus-4-2025-hommes-sacama.webp\",\"datePublished\":\"2025-05-25T18:09:53+00:00\",\"dateModified\":\"2025-05-25T18:09:55+00:00\",\"breadcrumb\":{\"@id\":\"https:\/\/hexagodis.com\/index.php\/produit\/trek-verve-4-2025\/#breadcrumb\"},\"inLanguage\":\"fr-FR\",\"potentialAction\":[{\"@type\":\"ReadAction\",\"target\":[\"https:\/\/hexagodis.com\/index.php\/produit\/trek-verve-4-2025\/\"]}]},{\"@type\":\"ImageObject\",\"inLanguage\":\"fr-FR\",\"@id\":\"https:\/\/hexagodis.com\/index.php\/produit\/trek-verve-4-2025\/#primaryimage\",\"url\":\"https:\/\/hexagodis.com\/wp-content\/uploads\/2025\/05\/trek-verve-plus-4-2025-hommes-sacama.webp\",\"contentUrl\":\"https:\/\/hexagodis.com\/wp-content\/uploads\/2025\/05\/trek-verve-plus-4-2025-hommes-sacama.webp\",\"width\":1875,\"height\":1127},{\"@type\":\"BreadcrumbList\",\"@id\":\"https:\/\/hexagodis.com\/index.php\/produit\/trek-verve-4-2025\/#breadcrumb\",\"itemListElement\":[{\"@type\":\"ListItem\",\"position\":1,\"name\":\"Accueil\",\"item\":\"https:\/\/hexagodis.com\/\"},{\"@type\":\"ListItem\",\"position\":2,\"name\":\"Boutique\",\"item\":\"https:\/\/hexagodis.com\/index.php\/boutique\/\"},{\"@type\":\"ListItem\",\"position\":3,\"name\":\"Trek Verve+ 4 2025\"}]},{\"@type\":\"WebSite\",\"@id\":\"https:\/\/hexagodis.com\/#website\",\"url\":\"https:\/\/hexagodis.com\/\",\"name\":\"Hexagodis\",\"description\":\"Mat\u00e9riel de sport &amp; \u00e9quipement sportif\",\"potentialAction\":[{\"@type\":\"SearchAction\",\"target\":{\"@type\":\"EntryPoint\",\"urlTemplate\":\"https:\/\/hexagodis.com\/?s={search_term_string}\"},\"query-input\":{\"@type\":\"PropertyValueSpecification\",\"valueRequired\":true,\"valueName\":\"search_term_string\"}}],\"inLanguage\":\"fr-FR\"}]}<\/script>\n<!-- \/ Yoast SEO plugin. -->","yoast_head_json":{"title":"Trek Verve+ 4 2025 - Hexagodis","robots":{"index":"index","follow":"follow","max-snippet":"max-snippet:-1","max-image-preview":"max-image-preview:large","max-video-preview":"max-video-preview:-1"},"canonical":"https:\/\/hexagodis.com\/index.php\/produit\/trek-verve-4-2025\/","og_locale":"fr_FR","og_type":"article","og_title":"Trek Verve+ 4 2025 - Hexagodis","og_description":"CARACT\u00c9RISTIQUES DU TREK VERVE+ 4 2025   V\u00e9lo \u00e9lectrique de ville avec Smart System  Bosch Performance Line  Bosch PowerPack 800Wh  Bosch Purion 200 (\u00e9cran et t\u00e9l\u00e9commande)  Fourche SR Suntour XCR32  Tige de selle en aluminium, \u00e0 suspension","og_url":"https:\/\/hexagodis.com\/index.php\/produit\/trek-verve-4-2025\/","og_site_name":"Hexagodis","article_modified_time":"2025-05-25T18:09:55+00:00","twitter_card":"summary_large_image","twitter_misc":{"Dur\u00e9e de lecture estim\u00e9e":"1 minute"},"schema":{"@context":"https:\/\/schema.org","@graph":[{"@type":"WebPage","@id":"https:\/\/hexagodis.com\/index.php\/produit\/trek-verve-4-2025\/","url":"https:\/\/hexagodis.com\/index.php\/produit\/trek-verve-4-2025\/","name":"Trek Verve+ 4 2025 - Hexagodis","isPartOf":{"@id":"https:\/\/hexagodis.com\/#website"},"primaryImageOfPage":{"@id":"https:\/\/hexagodis.com\/index.php\/produit\/trek-verve-4-2025\/#primaryimage"},"image":{"@id":"https:\/\/hexagodis.com\/index.php\/produit\/trek-verve-4-2025\/#primaryimage"},"thumbnailUrl":"https:\/\/hexagodis.com\/wp-content\/uploads\/2025\/05\/trek-verve-plus-4-2025-hommes-sacama.webp","datePublished":"2025-05-25T18:09:53+00:00","dateModified":"2025-05-25T18:09:55+00:00","breadcrumb":{"@id":"https:\/\/hexagodis.com\/index.php\/produit\/trek-verve-4-2025\/#breadcrumb"},"inLanguage":"fr-FR","potentialAction":[{"@type":"ReadAction","target":["https:\/\/hexagodis.com\/index.php\/produit\/trek-verve-4-2025\/"]}]},{"@type":"ImageObject","inLanguage":"fr-FR","@id":"https:\/\/hexagodis.com\/index.php\/produit\/trek-verve-4-2025\/#primaryimage","url":"https:\/\/hexagodis.com\/wp-content\/uploads\/2025\/05\/trek-verve-plus-4-2025-hommes-sacama.webp","contentUrl":"https:\/\/hexagodis.com\/wp-content\/uploads\/2025\/05\/trek-verve-plus-4-2025-hommes-sacama.webp","width":1875,"height":1127},{"@type":"BreadcrumbList","@id":"https:\/\/hexagodis.com\/index.php\/produit\/trek-verve-4-2025\/#breadcrumb","itemListElement":[{"@type":"ListItem","position":1,"name":"Accueil","item":"https:\/\/hexagodis.com\/"},{"@type":"ListItem","position":2,"name":"Boutique","item":"https:\/\/hexagodis.com\/index.php\/boutique\/"},{"@type":"ListItem","position":3,"name":"Trek Verve+ 4 2025"}]},{"@type":"WebSite","@id":"https:\/\/hexagodis.com\/#website","url":"https:\/\/hexagodis.com\/","name":"Hexagodis","description":"Mat\u00e9riel de sport &amp; \u00e9quipement sportif","potentialAction":[{"@type":"SearchAction","target":{"@type":"EntryPoint","urlTemplate":"https:\/\/hexagodis.com\/?s={search_term_string}"},"query-input":{"@type":"PropertyValueSpecification","valueRequired":true,"valueName":"search_term_string"}}],"inLanguage":"fr-FR"}]}},"_links":{"self":[{"href":"https:\/\/hexagodis.com\/index.php\/wp-json\/wp\/v2\/product\/17787","targetHints":{"allow":["GET"]}}],"collection":[{"href":"https:\/\/hexagodis.com\/index.php\/wp-json\/wp\/v2\/product"}],"about":[{"href":"https:\/\/hexagodis.com\/index.php\/wp-json\/wp\/v2\/types\/product"}],"replies":[{"embeddable":true,"href":"https:\/\/hexagodis.com\/index.php\/wp-json\/wp\/v2\/comments?post=17787"}],"version-history":[{"count":1,"href":"https:\/\/hexagodis.com\/index.php\/wp-json\/wp\/v2\/product\/17787\/revisions"}],"predecessor-version":[{"id":17816,"href":"https:\/\/hexagodis.com\/index.php\/wp-json\/wp\/v2\/product\/17787\/revisions\/17816"}],"wp:featuredmedia":[{"embeddable":true,"href":"https:\/\/hexagodis.com\/index.php\/wp-json\/wp\/v2\/media\/17815"}],"wp:attachment":[{"href":"https:\/\/hexagodis.com\/index.php\/wp-json\/wp\/v2\/media?parent=17787"}],"wp:term":[{"taxonomy":"product_brand","embeddable":true,"href":"https:\/\/hexagodis.com\/index.php\/wp-json\/wp\/v2\/product_brand?post=17787"},{"taxonomy":"product_cat","embeddable":true,"href":"https:\/\/hexagodis.com\/index.php\/wp-json\/wp\/v2\/product_cat?post=17787"},{"taxonomy":"product_tag","embeddable":true,"href":"https:\/\/hexagodis.com\/index.php\/wp-json\/wp\/v2\/product_tag?post=17787"}],"curies":[{"name":"wp","href":"https:\/\/api.w.org\/{rel}","templated":true}]}}