{"id":14386,"date":"2023-11-16T13:08:01","date_gmt":"2023-11-16T12:08:01","guid":{"rendered":"https:\/?page_id=14386"},"modified":"2025-08-25T12:12:23","modified_gmt":"2025-08-25T10:12:23","slug":"politique-de-retour","status":"publish","type":"page","link":"https:\/\/hexagodis.com\/index.php\/politique-de-retour\/","title":{"rendered":"Politique de retour et remboursement"},"content":{"rendered":"<h2 class=\"wp-block-heading\">Politique de retour et remboursement<\/h2><p class=\"has-black-color has-text-color has-link-color wp-elements-a3e4ebc42f43c2203e62dc161f13d860\">Le client, dispose d\u2019un d\u00e9lai de 30 jours ouvrables \u00e0 compter de la date de livraison de sa commande (date du bon de livraison faisant foi), pour exercer le droit de r\u00e9tractation de sa commande et retourner tout article ne lui convenant pas, dans son emballage d\u2019origine et en parfait \u00e9tat, propre \u00e0 sa commercialisation.<\/p><p class=\"has-black-color has-text-color has-link-color wp-elements-b0cdea4eb952b24a7e475b6e598d3294\">Notre adresse : 35 Rue de Belfort 25400 Audincourt, France<\/p><p class=\"has-black-color has-text-color has-link-color wp-elements-6136a6cabeab82317f086066d2dd50cc\">Le client pourra demander l\u2019\u00e9change ou le remboursement de la commande qui interviendra dans un d\u00e9lai maximum de 14 jours ouvrables \u00e0 compter de la date \u00e0 laquelle le droit de r\u00e9tractation a \u00e9t\u00e9 exerc\u00e9, par ch\u00e8que libell\u00e9 \u00e0 l\u2019ordre du client. Si les marchandises sont retourn\u00e9es selon la volont\u00e9 du client, les frais de retour sont \u00e0 sa charge.<\/p><p><\/p>","protected":false},"excerpt":{"rendered":"<p>Politique de retour et remboursement Le client, dispose d\u2019un d\u00e9lai de 30 jours ouvrables \u00e0 compter de la date de<\/p>\n","protected":false},"author":1,"featured_media":0,"parent":0,"menu_order":0,"comment_status":"closed","ping_status":"closed","template":"","meta":{"footnotes":""},"class_list":["post-14386","page","type-page","status-publish","hentry"],"yoast_head":"<!-- This site is optimized with the Yoast SEO plugin v24.8.1 - https:\/\/yoast.com\/wordpress\/plugins\/seo\/ -->\n<title>Politique de retour et remboursement - Hexagodis<\/title>\n<meta name=\"robots\" content=\"index, follow, max-snippet:-1, max-image-preview:large, max-video-preview:-1\" \/>\n<link rel=\"canonical\" href=\"https:\/\/hexagodis.com\/index.php\/politique-de-retour\/\" \/>\n<meta property=\"og:locale\" content=\"fr_FR\" \/>\n<meta property=\"og:type\" content=\"article\" \/>\n<meta property=\"og:title\" content=\"Politique de retour et remboursement - Hexagodis\" \/>\n<meta property=\"og:description\" content=\"Politique de retour et remboursement Le client, dispose d\u2019un d\u00e9lai de 30 jours ouvrables \u00e0 compter de la date de\" \/>\n<meta property=\"og:url\" content=\"https:\/\/hexagodis.com\/index.php\/politique-de-retour\/\" \/>\n<meta property=\"og:site_name\" content=\"Hexagodis\" \/>\n<meta property=\"article:modified_time\" content=\"2025-08-25T10:12:23+00:00\" \/>\n<meta name=\"twitter:card\" content=\"summary_large_image\" \/>\n<meta name=\"twitter:label1\" content=\"Dur\u00e9e de lecture estim\u00e9e\" \/>\n\t<meta name=\"twitter:data1\" content=\"1 minute\" \/>\n<script type=\"application\/ld+json\" class=\"yoast-schema-graph\">{\"@context\":\"https:\/\/schema.org\",\"@graph\":[{\"@type\":\"WebPage\",\"@id\":\"https:\/\/hexagodis.com\/index.php\/politique-de-retour\/\",\"url\":\"https:\/\/hexagodis.com\/index.php\/politique-de-retour\/\",\"name\":\"Politique de retour et remboursement - Hexagodis\",\"isPartOf\":{\"@id\":\"https:\/\/hexagodis.com\/#website\"},\"datePublished\":\"2023-11-16T12:08:01+00:00\",\"dateModified\":\"2025-08-25T10:12:23+00:00\",\"breadcrumb\":{\"@id\":\"https:\/\/hexagodis.com\/index.php\/politique-de-retour\/#breadcrumb\"},\"inLanguage\":\"fr-FR\",\"potentialAction\":[{\"@type\":\"ReadAction\",\"target\":[\"https:\/\/hexagodis.com\/index.php\/politique-de-retour\/\"]}]},{\"@type\":\"BreadcrumbList\",\"@id\":\"https:\/\/hexagodis.com\/index.php\/politique-de-retour\/#breadcrumb\",\"itemListElement\":[{\"@type\":\"ListItem\",\"position\":1,\"name\":\"Accueil\",\"item\":\"https:\/\/hexagodis.com\/\"},{\"@type\":\"ListItem\",\"position\":2,\"name\":\"Politique de retour et remboursement\"}]},{\"@type\":\"WebSite\",\"@id\":\"https:\/\/hexagodis.com\/#website\",\"url\":\"https:\/\/hexagodis.com\/\",\"name\":\"Hexagodis\",\"description\":\"Mat\u00e9riel de sport &amp; \u00e9quipement sportif\",\"potentialAction\":[{\"@type\":\"SearchAction\",\"target\":{\"@type\":\"EntryPoint\",\"urlTemplate\":\"https:\/\/hexagodis.com\/?s={search_term_string}\"},\"query-input\":{\"@type\":\"PropertyValueSpecification\",\"valueRequired\":true,\"valueName\":\"search_term_string\"}}],\"inLanguage\":\"fr-FR\"}]}<\/script>\n<!-- \/ Yoast SEO plugin. -->","yoast_head_json":{"title":"Politique de retour et remboursement - Hexagodis","robots":{"index":"index","follow":"follow","max-snippet":"max-snippet:-1","max-image-preview":"max-image-preview:large","max-video-preview":"max-video-preview:-1"},"canonical":"https:\/\/hexagodis.com\/index.php\/politique-de-retour\/","og_locale":"fr_FR","og_type":"article","og_title":"Politique de retour et remboursement - Hexagodis","og_description":"Politique de retour et remboursement Le client, dispose d\u2019un d\u00e9lai de 30 jours ouvrables \u00e0 compter de la date de","og_url":"https:\/\/hexagodis.com\/index.php\/politique-de-retour\/","og_site_name":"Hexagodis","article_modified_time":"2025-08-25T10:12:23+00:00","twitter_card":"summary_large_image","twitter_misc":{"Dur\u00e9e de lecture estim\u00e9e":"1 minute"},"schema":{"@context":"https:\/\/schema.org","@graph":[{"@type":"WebPage","@id":"https:\/\/hexagodis.com\/index.php\/politique-de-retour\/","url":"https:\/\/hexagodis.com\/index.php\/politique-de-retour\/","name":"Politique de retour et remboursement - Hexagodis","isPartOf":{"@id":"https:\/\/hexagodis.com\/#website"},"datePublished":"2023-11-16T12:08:01+00:00","dateModified":"2025-08-25T10:12:23+00:00","breadcrumb":{"@id":"https:\/\/hexagodis.com\/index.php\/politique-de-retour\/#breadcrumb"},"inLanguage":"fr-FR","potentialAction":[{"@type":"ReadAction","target":["https:\/\/hexagodis.com\/index.php\/politique-de-retour\/"]}]},{"@type":"BreadcrumbList","@id":"https:\/\/hexagodis.com\/index.php\/politique-de-retour\/#breadcrumb","itemListElement":[{"@type":"ListItem","position":1,"name":"Accueil","item":"https:\/\/hexagodis.com\/"},{"@type":"ListItem","position":2,"name":"Politique de retour et remboursement"}]},{"@type":"WebSite","@id":"https:\/\/hexagodis.com\/#website","url":"https:\/\/hexagodis.com\/","name":"Hexagodis","description":"Mat\u00e9riel de sport &amp; \u00e9quipement sportif","potentialAction":[{"@type":"SearchAction","target":{"@type":"EntryPoint","urlTemplate":"https:\/\/hexagodis.com\/?s={search_term_string}"},"query-input":{"@type":"PropertyValueSpecification","valueRequired":true,"valueName":"search_term_string"}}],"inLanguage":"fr-FR"}]}},"_links":{"self":[{"href":"https:\/\/hexagodis.com\/index.php\/wp-json\/wp\/v2\/pages\/14386","targetHints":{"allow":["GET"]}}],"collection":[{"href":"https:\/\/hexagodis.com\/index.php\/wp-json\/wp\/v2\/pages"}],"about":[{"href":"https:\/\/hexagodis.com\/index.php\/wp-json\/wp\/v2\/types\/page"}],"author":[{"embeddable":true,"href":"https:\/\/hexagodis.com\/index.php\/wp-json\/wp\/v2\/users\/1"}],"replies":[{"embeddable":true,"href":"https:\/\/hexagodis.com\/index.php\/wp-json\/wp\/v2\/comments?post=14386"}],"version-history":[{"count":14,"href":"https:\/\/hexagodis.com\/index.php\/wp-json\/wp\/v2\/pages\/14386\/revisions"}],"predecessor-version":[{"id":18048,"href":"https:\/\/hexagodis.com\/index.php\/wp-json\/wp\/v2\/pages\/14386\/revisions\/18048"}],"wp:attachment":[{"href":"https:\/\/hexagodis.com\/index.php\/wp-json\/wp\/v2\/media?parent=14386"}],"curies":[{"name":"wp","href":"https:\/\/api.w.org\/{rel}","templated":true}]}}